{"id":26466,"date":"2026-04-07T03:18:40","date_gmt":"2026-04-07T00:18:40","guid":{"rendered":"https:\/\/nordlinepaadid.ee\/pood\/inflatable-boat-gladiator-c330al\/"},"modified":"2026-04-08T08:01:43","modified_gmt":"2026-04-08T05:01:43","slug":"pvc-paat-gladiator-c330al","status":"publish","type":"product","link":"https:\/\/nordlinepaadid.ee\/et\/pood\/kummipaadid-ja-tarvikud\/kummipaadid\/pvc-paat-gladiator-c330al\/","title":{"rendered":"PVC PAAT- GLADIATOR C330AL"},"content":{"rendered":"<p style=\"text-align:justify\">Gladiator Active seeria on loodud spetsiaalselt kalap\u00fc\u00fcgiks ja jahipidamiseks, sest saab hakkama ka k\u00f5ige karmimates tingimustes! Sobib muidugi ka l\u00f5bus\u00f5itudeks. Tuubide ja p\u00f5hja materjal 1100g\/m2. Komplekti kuulub: paat, aerud, 2 eemaldatavat istet, 2 kotiga istmepehmendust, v\u00f6\u00f6ri kate, pump, ankru hoidja, paranduskomplekt, kandekott. Garantii: PVC materjal \u2013 5 aastat, \u00f5mblused \u2013 3 aastat, varustus \u2013 1 aasta.<\/p>\n<p>&#13;<\/p>\n<p><strong>Tehnilised andmed:<\/strong><\/p>\n<p>&#13;<br \/>\n&#13;<\/p>\n<p>&nbsp;<\/p>\n<p>&#13;<br \/>\n&#13;<\/p>\n<p>Pikkus: 3,3 m<\/p>\n<p>&#13;<br \/>\n&#13;<\/p>\n<p>Laius: 1,54<\/p>\n<p>&#13;<br \/>\n&#13;<\/p>\n<p>\u00d5hukambrite arv: 3+1<\/p>\n<p>&#13;<br \/>\n&#13;<\/p>\n<p>Tuubi diameeter: 42 cm<\/p>\n<p>&#13;<br \/>\n&#13;<\/p>\n<p>Kaal: 68 kg<\/p>\n<p>&#13;<br \/>\n&#13;<\/p>\n<p>Max lubatud mootori v\u00f5imsus: 19 hj<\/p>\n<p>&#13;<br \/>\n&#13;<\/p>\n<p>Kandev\u00f5ime: 560 kg<\/p>\n<p>&#13;<br \/>\n&#13;<\/p>\n<p>Lubatud inimeste arv: 4+1<\/p>\n<p>&#13;<br \/>\n&#13;<\/p>\n<p>CE kategooria: C<\/p>\n<p>&#13;<br \/>\n&#13;<\/p>\n<p>M\u00f5\u00f5tmed pakitult: 110 x 70 x 40<\/p>\n<p>&#13;<br \/>\n&#13;<\/p>\n<p>P\u00f5rand: alumiinium p\u00f5rand<\/p>\n<p>&#13;<br \/>\n&#13;<\/p>\n<p>&nbsp;<\/p>\n<p>&#13;<br \/>\n&#13;<\/p>\n<p>&nbsp;<\/p>\n<p>&#13;<\/p>\n","protected":false},"excerpt":{"rendered":"<p>Gladiator Active seeria on loodud spetsiaalselt kalap\u00fc\u00fcgiks ja jahipidamiseks, sest saab hakkama ka k\u00f5ige karmimates tingimustes! Sobib muidugi ka l\u00f5bus\u00f5itudeks. Tuubide ja p\u00f5hja materjal 1100g\/m2. Komplekti kuulub: paat, aerud, 2 eemaldatavat istet, 2 kotiga istmepehmendust, v\u00f6\u00f6ri kate, pump, ankru hoidja, paranduskomplekt, kandekott. Garantii: PVC materjal \u2013 5 aastat, \u00f5mblused \u2013 3 aastat, varustus \u2013 1&#8230;<\/p>\n","protected":false},"featured_media":26467,"template":"","meta":{"_kad_blocks_custom_css":"","_kad_blocks_head_custom_js":"","_kad_blocks_body_custom_js":"","_kad_blocks_footer_custom_js":"","_kad_post_transparent":"","_kad_post_title":"","_kad_post_layout":"","_kad_post_sidebar_id":"","_kad_post_content_style":"","_kad_post_vertical_padding":"","_kad_post_feature":"","_kad_post_feature_position":"","_kad_post_header":false,"_kad_post_footer":false,"_kad_post_classname":""},"product_brand":[],"product_cat":[294,250],"product_tag":[],"class_list":{"0":"post-26466","1":"product","2":"type-product","3":"status-publish","4":"has-post-thumbnail","6":"product_cat-kummipaadid","7":"product_cat-kummipaadid-ja-tarvikud","8":"product_shipping_class-pakiautomaati-mahtuv-kaup","9":"pa_color-hall","10":"pa_unit-pcs","11":"tm-no-options","13":"first","14":"onbackorder","15":"taxable","16":"shipping-taxable","17":"purchasable","18":"product-type-simple","19":"entry","20":"content-bg","21":"loop-entry"},"yoast_head":"<!-- This site is optimized with the Yoast SEO plugin v27.3 - https:\/\/yoast.com\/product\/yoast-seo-wordpress\/ -->\n<title>PVC PAAT- GLADIATOR C330AL - NORDLINE s\u00f5udepaadid ja mootorpaadid. Klaasfiiber materjalist.<\/title>\n<meta name=\"robots\" content=\"index, follow, max-snippet:-1, max-image-preview:large, max-video-preview:-1\" \/>\n<link rel=\"canonical\" href=\"https:\/\/nordlinepaadid.ee\/et\/pood\/kummipaadid-ja-tarvikud\/kummipaadid\/pvc-paat-gladiator-c330al\/\" \/>\n<meta property=\"og:locale\" content=\"et_EE\" \/>\n<meta property=\"og:type\" content=\"article\" \/>\n<meta property=\"og:title\" content=\"PVC PAAT- GLADIATOR C330AL - NORDLINE s\u00f5udepaadid ja mootorpaadid. Klaasfiiber materjalist.\" \/>\n<meta property=\"og:description\" content=\"Gladiator Active seeria on loodud spetsiaalselt kalap\u00fc\u00fcgiks ja jahipidamiseks, sest saab hakkama ka k\u00f5ige karmimates tingimustes! Sobib muidugi ka l\u00f5bus\u00f5itudeks. Tuubide ja p\u00f5hja materjal 1100g\/m2. Komplekti kuulub: paat, aerud, 2 eemaldatavat istet, 2 kotiga istmepehmendust, v\u00f6\u00f6ri kate, pump, ankru hoidja, paranduskomplekt, kandekott. Garantii: PVC materjal \u2013 5 aastat, \u00f5mblused \u2013 3 aastat, varustus \u2013 1...\" \/>\n<meta property=\"og:url\" content=\"https:\/\/nordlinepaadid.ee\/et\/pood\/kummipaadid-ja-tarvikud\/kummipaadid\/pvc-paat-gladiator-c330al\/\" \/>\n<meta property=\"og:site_name\" content=\"NORDLINE s\u00f5udepaadid ja mootorpaadid. Klaasfiiber materjalist.\" \/>\n<meta property=\"article:publisher\" content=\"https:\/\/www.facebook.com\/nordlineboats\" \/>\n<meta property=\"article:modified_time\" content=\"2026-04-08T05:01:43+00:00\" \/>\n<meta property=\"og:image\" content=\"https:\/\/nordlinepaadid.ee\/wp-content\/uploads\/2023\/03\/7499_main_e6763364.jpg\" \/>\n\t<meta property=\"og:image:width\" content=\"1009\" \/>\n\t<meta property=\"og:image:height\" content=\"594\" \/>\n\t<meta property=\"og:image:type\" content=\"image\/jpeg\" \/>\n<meta name=\"twitter:card\" content=\"summary_large_image\" \/>\n<script type=\"application\/ld+json\" class=\"yoast-schema-graph\">{\"@context\":\"https:\\\/\\\/schema.org\",\"@graph\":[{\"@type\":\"WebPage\",\"@id\":\"https:\\\/\\\/nordlinepaadid.ee\\\/et\\\/pood\\\/kummipaadid-ja-tarvikud\\\/kummipaadid\\\/pvc-paat-gladiator-c330al\\\/\",\"url\":\"https:\\\/\\\/nordlinepaadid.ee\\\/et\\\/pood\\\/kummipaadid-ja-tarvikud\\\/kummipaadid\\\/pvc-paat-gladiator-c330al\\\/\",\"name\":\"PVC PAAT- GLADIATOR C330AL - NORDLINE s\u00f5udepaadid ja mootorpaadid. Klaasfiiber materjalist.\",\"isPartOf\":{\"@id\":\"https:\\\/\\\/nordlinepaadid.ee\\\/et\\\/#website\"},\"primaryImageOfPage\":{\"@id\":\"https:\\\/\\\/nordlinepaadid.ee\\\/et\\\/pood\\\/kummipaadid-ja-tarvikud\\\/kummipaadid\\\/pvc-paat-gladiator-c330al\\\/#primaryimage\"},\"image\":{\"@id\":\"https:\\\/\\\/nordlinepaadid.ee\\\/et\\\/pood\\\/kummipaadid-ja-tarvikud\\\/kummipaadid\\\/pvc-paat-gladiator-c330al\\\/#primaryimage\"},\"thumbnailUrl\":\"https:\\\/\\\/nordlinepaadid.ee\\\/wp-content\\\/uploads\\\/2023\\\/03\\\/7499_main_e6763364.jpg\",\"datePublished\":\"2026-04-07T00:18:40+00:00\",\"dateModified\":\"2026-04-08T05:01:43+00:00\",\"breadcrumb\":{\"@id\":\"https:\\\/\\\/nordlinepaadid.ee\\\/et\\\/pood\\\/kummipaadid-ja-tarvikud\\\/kummipaadid\\\/pvc-paat-gladiator-c330al\\\/#breadcrumb\"},\"inLanguage\":\"et\",\"potentialAction\":[{\"@type\":\"ReadAction\",\"target\":[\"https:\\\/\\\/nordlinepaadid.ee\\\/et\\\/pood\\\/kummipaadid-ja-tarvikud\\\/kummipaadid\\\/pvc-paat-gladiator-c330al\\\/\"]}]},{\"@type\":\"ImageObject\",\"inLanguage\":\"et\",\"@id\":\"https:\\\/\\\/nordlinepaadid.ee\\\/et\\\/pood\\\/kummipaadid-ja-tarvikud\\\/kummipaadid\\\/pvc-paat-gladiator-c330al\\\/#primaryimage\",\"url\":\"https:\\\/\\\/nordlinepaadid.ee\\\/wp-content\\\/uploads\\\/2023\\\/03\\\/7499_main_e6763364.jpg\",\"contentUrl\":\"https:\\\/\\\/nordlinepaadid.ee\\\/wp-content\\\/uploads\\\/2023\\\/03\\\/7499_main_e6763364.jpg\",\"width\":1009,\"height\":594},{\"@type\":\"BreadcrumbList\",\"@id\":\"https:\\\/\\\/nordlinepaadid.ee\\\/et\\\/pood\\\/kummipaadid-ja-tarvikud\\\/kummipaadid\\\/pvc-paat-gladiator-c330al\\\/#breadcrumb\",\"itemListElement\":[{\"@type\":\"ListItem\",\"position\":1,\"name\":\"Home\",\"item\":\"https:\\\/\\\/nordlinepaadid.ee\\\/et\\\/\"},{\"@type\":\"ListItem\",\"position\":2,\"name\":\"Pood\",\"item\":\"https:\\\/\\\/nordlinepaadid.ee\\\/et\\\/pood\\\/\"},{\"@type\":\"ListItem\",\"position\":3,\"name\":\"PVC PAAT- GLADIATOR C330AL\"}]},{\"@type\":\"WebSite\",\"@id\":\"https:\\\/\\\/nordlinepaadid.ee\\\/et\\\/#website\",\"url\":\"https:\\\/\\\/nordlinepaadid.ee\\\/et\\\/\",\"name\":\"NORDLINE s\u00f5udepaadid ja mootorpaadid. Klaasfiiber materjalist.\",\"description\":\"\",\"publisher\":{\"@id\":\"https:\\\/\\\/nordlinepaadid.ee\\\/et\\\/#organization\"},\"potentialAction\":[{\"@type\":\"SearchAction\",\"target\":{\"@type\":\"EntryPoint\",\"urlTemplate\":\"https:\\\/\\\/nordlinepaadid.ee\\\/et\\\/?s={search_term_string}\"},\"query-input\":{\"@type\":\"PropertyValueSpecification\",\"valueRequired\":true,\"valueName\":\"search_term_string\"}}],\"inLanguage\":\"et\"},{\"@type\":\"Organization\",\"@id\":\"https:\\\/\\\/nordlinepaadid.ee\\\/et\\\/#organization\",\"name\":\"Nordlineboats\",\"url\":\"https:\\\/\\\/nordlinepaadid.ee\\\/et\\\/\",\"logo\":{\"@type\":\"ImageObject\",\"inLanguage\":\"et\",\"@id\":\"https:\\\/\\\/nordlinepaadid.ee\\\/et\\\/#\\\/schema\\\/logo\\\/image\\\/\",\"url\":\"https:\\\/\\\/nordlinepaadid.ee\\\/wp-content\\\/uploads\\\/2023\\\/01\\\/fulllogo_transparent_nobuffer-e1672750475494.png\",\"contentUrl\":\"https:\\\/\\\/nordlinepaadid.ee\\\/wp-content\\\/uploads\\\/2023\\\/01\\\/fulllogo_transparent_nobuffer-e1672750475494.png\",\"width\":150,\"height\":119,\"caption\":\"Nordlineboats\"},\"image\":{\"@id\":\"https:\\\/\\\/nordlinepaadid.ee\\\/et\\\/#\\\/schema\\\/logo\\\/image\\\/\"},\"sameAs\":[\"https:\\\/\\\/www.facebook.com\\\/nordlineboats\",\"https:\\\/\\\/www.youtube.com\\\/channel\\\/UCbgF0fy02y3QkFnujaLTaCA\"]}]}<\/script>\n<!-- \/ Yoast SEO plugin. -->","yoast_head_json":{"title":"PVC PAAT- GLADIATOR C330AL - NORDLINE s\u00f5udepaadid ja mootorpaadid. Klaasfiiber materjalist.","robots":{"index":"index","follow":"follow","max-snippet":"max-snippet:-1","max-image-preview":"max-image-preview:large","max-video-preview":"max-video-preview:-1"},"canonical":"https:\/\/nordlinepaadid.ee\/et\/pood\/kummipaadid-ja-tarvikud\/kummipaadid\/pvc-paat-gladiator-c330al\/","og_locale":"et_EE","og_type":"article","og_title":"PVC PAAT- GLADIATOR C330AL - NORDLINE s\u00f5udepaadid ja mootorpaadid. Klaasfiiber materjalist.","og_description":"Gladiator Active seeria on loodud spetsiaalselt kalap\u00fc\u00fcgiks ja jahipidamiseks, sest saab hakkama ka k\u00f5ige karmimates tingimustes! Sobib muidugi ka l\u00f5bus\u00f5itudeks. Tuubide ja p\u00f5hja materjal 1100g\/m2. Komplekti kuulub: paat, aerud, 2 eemaldatavat istet, 2 kotiga istmepehmendust, v\u00f6\u00f6ri kate, pump, ankru hoidja, paranduskomplekt, kandekott. Garantii: PVC materjal \u2013 5 aastat, \u00f5mblused \u2013 3 aastat, varustus \u2013 1...","og_url":"https:\/\/nordlinepaadid.ee\/et\/pood\/kummipaadid-ja-tarvikud\/kummipaadid\/pvc-paat-gladiator-c330al\/","og_site_name":"NORDLINE s\u00f5udepaadid ja mootorpaadid. Klaasfiiber materjalist.","article_publisher":"https:\/\/www.facebook.com\/nordlineboats","article_modified_time":"2026-04-08T05:01:43+00:00","og_image":[{"width":1009,"height":594,"url":"https:\/\/nordlinepaadid.ee\/wp-content\/uploads\/2023\/03\/7499_main_e6763364.jpg","type":"image\/jpeg"}],"twitter_card":"summary_large_image","schema":{"@context":"https:\/\/schema.org","@graph":[{"@type":"WebPage","@id":"https:\/\/nordlinepaadid.ee\/et\/pood\/kummipaadid-ja-tarvikud\/kummipaadid\/pvc-paat-gladiator-c330al\/","url":"https:\/\/nordlinepaadid.ee\/et\/pood\/kummipaadid-ja-tarvikud\/kummipaadid\/pvc-paat-gladiator-c330al\/","name":"PVC PAAT- GLADIATOR C330AL - NORDLINE s\u00f5udepaadid ja mootorpaadid. Klaasfiiber materjalist.","isPartOf":{"@id":"https:\/\/nordlinepaadid.ee\/et\/#website"},"primaryImageOfPage":{"@id":"https:\/\/nordlinepaadid.ee\/et\/pood\/kummipaadid-ja-tarvikud\/kummipaadid\/pvc-paat-gladiator-c330al\/#primaryimage"},"image":{"@id":"https:\/\/nordlinepaadid.ee\/et\/pood\/kummipaadid-ja-tarvikud\/kummipaadid\/pvc-paat-gladiator-c330al\/#primaryimage"},"thumbnailUrl":"https:\/\/nordlinepaadid.ee\/wp-content\/uploads\/2023\/03\/7499_main_e6763364.jpg","datePublished":"2026-04-07T00:18:40+00:00","dateModified":"2026-04-08T05:01:43+00:00","breadcrumb":{"@id":"https:\/\/nordlinepaadid.ee\/et\/pood\/kummipaadid-ja-tarvikud\/kummipaadid\/pvc-paat-gladiator-c330al\/#breadcrumb"},"inLanguage":"et","potentialAction":[{"@type":"ReadAction","target":["https:\/\/nordlinepaadid.ee\/et\/pood\/kummipaadid-ja-tarvikud\/kummipaadid\/pvc-paat-gladiator-c330al\/"]}]},{"@type":"ImageObject","inLanguage":"et","@id":"https:\/\/nordlinepaadid.ee\/et\/pood\/kummipaadid-ja-tarvikud\/kummipaadid\/pvc-paat-gladiator-c330al\/#primaryimage","url":"https:\/\/nordlinepaadid.ee\/wp-content\/uploads\/2023\/03\/7499_main_e6763364.jpg","contentUrl":"https:\/\/nordlinepaadid.ee\/wp-content\/uploads\/2023\/03\/7499_main_e6763364.jpg","width":1009,"height":594},{"@type":"BreadcrumbList","@id":"https:\/\/nordlinepaadid.ee\/et\/pood\/kummipaadid-ja-tarvikud\/kummipaadid\/pvc-paat-gladiator-c330al\/#breadcrumb","itemListElement":[{"@type":"ListItem","position":1,"name":"Home","item":"https:\/\/nordlinepaadid.ee\/et\/"},{"@type":"ListItem","position":2,"name":"Pood","item":"https:\/\/nordlinepaadid.ee\/et\/pood\/"},{"@type":"ListItem","position":3,"name":"PVC PAAT- GLADIATOR C330AL"}]},{"@type":"WebSite","@id":"https:\/\/nordlinepaadid.ee\/et\/#website","url":"https:\/\/nordlinepaadid.ee\/et\/","name":"NORDLINE s\u00f5udepaadid ja mootorpaadid. Klaasfiiber materjalist.","description":"","publisher":{"@id":"https:\/\/nordlinepaadid.ee\/et\/#organization"},"potentialAction":[{"@type":"SearchAction","target":{"@type":"EntryPoint","urlTemplate":"https:\/\/nordlinepaadid.ee\/et\/?s={search_term_string}"},"query-input":{"@type":"PropertyValueSpecification","valueRequired":true,"valueName":"search_term_string"}}],"inLanguage":"et"},{"@type":"Organization","@id":"https:\/\/nordlinepaadid.ee\/et\/#organization","name":"Nordlineboats","url":"https:\/\/nordlinepaadid.ee\/et\/","logo":{"@type":"ImageObject","inLanguage":"et","@id":"https:\/\/nordlinepaadid.ee\/et\/#\/schema\/logo\/image\/","url":"https:\/\/nordlinepaadid.ee\/wp-content\/uploads\/2023\/01\/fulllogo_transparent_nobuffer-e1672750475494.png","contentUrl":"https:\/\/nordlinepaadid.ee\/wp-content\/uploads\/2023\/01\/fulllogo_transparent_nobuffer-e1672750475494.png","width":150,"height":119,"caption":"Nordlineboats"},"image":{"@id":"https:\/\/nordlinepaadid.ee\/et\/#\/schema\/logo\/image\/"},"sameAs":["https:\/\/www.facebook.com\/nordlineboats","https:\/\/www.youtube.com\/channel\/UCbgF0fy02y3QkFnujaLTaCA"]}]}},"taxonomy_info":{"product_cat":[{"value":294,"label":"Kummipaadid"},{"value":250,"label":"KUMMIPAADID JA TARVIKUD"}],"pa_color":[{"value":675,"label":"Hall"}],"pa_unit":[{"value":416,"label":"pcs"}]},"featured_image_src_large":["https:\/\/nordlinepaadid.ee\/wp-content\/uploads\/2023\/03\/7499_main_e6763364.jpg",1009,594,false],"author_info":[],"comment_info":"","_links":{"self":[{"href":"https:\/\/nordlinepaadid.ee\/et\/wp-json\/wp\/v2\/product\/26466","targetHints":{"allow":["GET"]}}],"collection":[{"href":"https:\/\/nordlinepaadid.ee\/et\/wp-json\/wp\/v2\/product"}],"about":[{"href":"https:\/\/nordlinepaadid.ee\/et\/wp-json\/wp\/v2\/types\/product"}],"wp:featuredmedia":[{"embeddable":true,"href":"https:\/\/nordlinepaadid.ee\/et\/wp-json\/wp\/v2\/media\/26467"}],"wp:attachment":[{"href":"https:\/\/nordlinepaadid.ee\/et\/wp-json\/wp\/v2\/media?parent=26466"}],"wp:term":[{"taxonomy":"product_brand","embeddable":true,"href":"https:\/\/nordlinepaadid.ee\/et\/wp-json\/wp\/v2\/product_brand?post=26466"},{"taxonomy":"product_cat","embeddable":true,"href":"https:\/\/nordlinepaadid.ee\/et\/wp-json\/wp\/v2\/product_cat?post=26466"},{"taxonomy":"product_tag","embeddable":true,"href":"https:\/\/nordlinepaadid.ee\/et\/wp-json\/wp\/v2\/product_tag?post=26466"}],"curies":[{"name":"wp","href":"https:\/\/api.w.org\/{rel}","templated":true}]}}