{"id":26746,"date":"2026-04-07T03:18:52","date_gmt":"2026-04-07T00:18:52","guid":{"rendered":"https:\/\/nordlinepaadid.ee\/pood\/chart-alter4-estonia-2\/"},"modified":"2026-04-08T22:01:14","modified_gmt":"2026-04-08T19:01:14","slug":"elektrooniline-merekaart-alter4-eesti-2","status":"publish","type":"product","link":"https:\/\/nordlinepaadid.ee\/et\/pood\/raamatud-merekaardid-kataloogid-kinkekaardid\/elektroonilised-merekaardid\/elektrooniline-merekaart-alter4-eesti-2\/","title":{"rendered":"ELEKTROONILINE MEREKAART, ALTER4, EESTI"},"content":{"rendered":"<p><span style=\"background-color:rgb(255, 255, 255); color:rgb(51, 51, 51)\">T\u00e4iustatud Alter4 detailkaart toimib Lowrance, Simrad ja B&amp;G multiseadmete ja kaardiplotteritega. Detailkaart katab 20nm Eesti rannikuala, Peipsi j\u00e4rve, Emaj\u00f5ge ja V\u00f5rtsj\u00e4rve. Uued 2020. aasta m\u00f5\u00f5distused.<\/span><br \/>&#13;<br \/>\n<span style=\"background-color:rgb(255, 255, 255); color:rgb(51, 51, 51)\">Detailkaart t\u00f6\u00f6tab ainult j\u00e4rgmiste seadmetega:<\/span><br \/>&#13;<br \/>\n<span style=\"background-color:rgb(255, 255, 255); color:rgb(51, 51, 51)\">Lowrance: Mark-4 CHIRP, Mark-4 HDI, Elite-4 CHIRP, Elite-4 HDI, Elite-5 CHIRP, Elite-5 HDI, Elite-7, Elite-7 CHIRP, Elite-9 CHIRP, HDS Gen2, HDS Gen2 Touch, HDS Gen3, Elite Ti, ja CARBON, HOOK-4,5,7,9, HOOK2-5,7,9,12<\/span><br \/>&#13;<br \/>\n<span style=\"background-color:rgb(255, 255, 255); color:rgb(51, 51, 51)\">Simrad Yachting: NSE, NSS Sport, NSS evo2, NSO evo2, NS GO, NSS evo3<\/span><br \/>&#13;<br \/>\n<span style=\"background-color:rgb(255, 255, 255); color:rgb(51, 51, 51)\">B&amp;G: Zeus Touch, Zeus2, Zeus2 Glass Helm, Zeus3<\/span><br \/>&#13;<br \/>\n<span style=\"background-color:rgb(255, 255, 255); color:rgb(51, 51, 51)\">Vanemate seadmetega kahjuks Alter-3 detailkaart ei toimi. Kui teie seade on leitav antud nimistust ja detailkaart ei toimi, siis tuleb seadme tarkvara uuendada.<\/span><\/p>\n<p>&#13;<\/p>\n<h2><span style=\"font-size:18px\"><span style=\"color:#FF0000\"><strong>ALTER4 MEREKAARTI ON V\u00d5IMALIK OSTA SOODUSHINNAGA 49.00 EUR AINULT KOOS LOWRANCE KOMBOSEADME OSTUGA !<\/strong><\/span><\/span><\/h2>\n<p>&#13;<br \/>\n&#13;<\/p>\n<h2>&nbsp;<\/h2>\n<p>&#13;<br \/>\n&#13;<\/p>\n<h2><span style=\"font-size:18px\"><strong>Toote tavahind: 99.00 EUR<\/strong><\/span><\/h2>\n<p>&#13;<\/p>\n","protected":false},"excerpt":{"rendered":"<p>T\u00e4iustatud Alter4 detailkaart toimib Lowrance, Simrad ja B&amp;G multiseadmete ja kaardiplotteritega. Detailkaart katab 20nm Eesti rannikuala, Peipsi j\u00e4rve, Emaj\u00f5ge ja V\u00f5rtsj\u00e4rve. Uued 2020. aasta m\u00f5\u00f5distused.&#13; Detailkaart t\u00f6\u00f6tab ainult j\u00e4rgmiste seadmetega:&#13; Lowrance: Mark-4 CHIRP, Mark-4 HDI, Elite-4 CHIRP, Elite-4 HDI, Elite-5 CHIRP, Elite-5 HDI, Elite-7, Elite-7 CHIRP, Elite-9 CHIRP, HDS Gen2, HDS Gen2 Touch, HDS Gen3,&#8230;<\/p>\n","protected":false},"featured_media":19928,"template":"","meta":{"_kad_blocks_custom_css":"","_kad_blocks_head_custom_js":"","_kad_blocks_body_custom_js":"","_kad_blocks_footer_custom_js":"","_kad_post_transparent":"","_kad_post_title":"","_kad_post_layout":"","_kad_post_sidebar_id":"","_kad_post_content_style":"","_kad_post_vertical_padding":"","_kad_post_feature":"","_kad_post_feature_position":"","_kad_post_header":false,"_kad_post_footer":false,"_kad_post_classname":""},"product_brand":[],"product_cat":[350,228],"product_tag":[],"class_list":{"0":"post-26746","1":"product","2":"type-product","3":"status-publish","4":"has-post-thumbnail","6":"product_cat-elektroonilised-merekaardid","7":"product_cat-raamatud-merekaardid-kataloogid-kinkekaardid","8":"pa_unit-pcs","9":"tm-no-options","11":"first","12":"onbackorder","13":"taxable","14":"shipping-taxable","15":"purchasable","16":"product-type-simple","17":"entry","18":"content-bg","19":"loop-entry"},"yoast_head":"<!-- This site is optimized with the Yoast SEO plugin v27.3 - https:\/\/yoast.com\/product\/yoast-seo-wordpress\/ -->\n<title>ELEKTROONILINE MEREKAART, ALTER4, EESTI - NORDLINE s\u00f5udepaadid ja mootorpaadid. Klaasfiiber materjalist.<\/title>\n<meta name=\"robots\" content=\"index, follow, max-snippet:-1, max-image-preview:large, max-video-preview:-1\" \/>\n<link rel=\"canonical\" href=\"https:\/\/nordlinepaadid.ee\/et\/pood\/raamatud-merekaardid-kataloogid-kinkekaardid\/elektroonilised-merekaardid\/elektrooniline-merekaart-alter4-eesti-2\/\" \/>\n<meta property=\"og:locale\" content=\"et_EE\" \/>\n<meta property=\"og:type\" content=\"article\" \/>\n<meta property=\"og:title\" content=\"ELEKTROONILINE MEREKAART, ALTER4, EESTI - NORDLINE s\u00f5udepaadid ja mootorpaadid. Klaasfiiber materjalist.\" \/>\n<meta property=\"og:description\" content=\"T\u00e4iustatud Alter4 detailkaart toimib Lowrance, Simrad ja B&amp;G multiseadmete ja kaardiplotteritega. Detailkaart katab 20nm Eesti rannikuala, Peipsi j\u00e4rve, Emaj\u00f5ge ja V\u00f5rtsj\u00e4rve. Uued 2020. aasta m\u00f5\u00f5distused.&#013; Detailkaart t\u00f6\u00f6tab ainult j\u00e4rgmiste seadmetega:&#013; Lowrance: Mark-4 CHIRP, Mark-4 HDI, Elite-4 CHIRP, Elite-4 HDI, Elite-5 CHIRP, Elite-5 HDI, Elite-7, Elite-7 CHIRP, Elite-9 CHIRP, HDS Gen2, HDS Gen2 Touch, HDS Gen3,...\" \/>\n<meta property=\"og:url\" content=\"https:\/\/nordlinepaadid.ee\/et\/pood\/raamatud-merekaardid-kataloogid-kinkekaardid\/elektroonilised-merekaardid\/elektrooniline-merekaart-alter4-eesti-2\/\" \/>\n<meta property=\"og:site_name\" content=\"NORDLINE s\u00f5udepaadid ja mootorpaadid. Klaasfiiber materjalist.\" \/>\n<meta property=\"article:publisher\" content=\"https:\/\/www.facebook.com\/nordlineboats\" \/>\n<meta property=\"article:modified_time\" content=\"2026-04-08T19:01:14+00:00\" \/>\n<meta property=\"og:image\" content=\"https:\/\/nordlinepaadid.ee\/wp-content\/uploads\/2023\/03\/3301_ALTER1.jpg\" \/>\n\t<meta property=\"og:image:width\" content=\"800\" \/>\n\t<meta property=\"og:image:height\" content=\"800\" \/>\n\t<meta property=\"og:image:type\" content=\"image\/jpeg\" \/>\n<meta name=\"twitter:card\" content=\"summary_large_image\" \/>\n<meta name=\"twitter:label1\" content=\"Est. reading time\" \/>\n\t<meta name=\"twitter:data1\" content=\"1 minut\" \/>\n<script type=\"application\/ld+json\" class=\"yoast-schema-graph\">{\"@context\":\"https:\\\/\\\/schema.org\",\"@graph\":[{\"@type\":\"WebPage\",\"@id\":\"https:\\\/\\\/nordlinepaadid.ee\\\/et\\\/pood\\\/raamatud-merekaardid-kataloogid-kinkekaardid\\\/elektroonilised-merekaardid\\\/elektrooniline-merekaart-alter4-eesti-2\\\/\",\"url\":\"https:\\\/\\\/nordlinepaadid.ee\\\/et\\\/pood\\\/raamatud-merekaardid-kataloogid-kinkekaardid\\\/elektroonilised-merekaardid\\\/elektrooniline-merekaart-alter4-eesti-2\\\/\",\"name\":\"ELEKTROONILINE MEREKAART, ALTER4, EESTI - NORDLINE s\u00f5udepaadid ja mootorpaadid. Klaasfiiber materjalist.\",\"isPartOf\":{\"@id\":\"https:\\\/\\\/nordlinepaadid.ee\\\/et\\\/#website\"},\"primaryImageOfPage\":{\"@id\":\"https:\\\/\\\/nordlinepaadid.ee\\\/et\\\/pood\\\/raamatud-merekaardid-kataloogid-kinkekaardid\\\/elektroonilised-merekaardid\\\/elektrooniline-merekaart-alter4-eesti-2\\\/#primaryimage\"},\"image\":{\"@id\":\"https:\\\/\\\/nordlinepaadid.ee\\\/et\\\/pood\\\/raamatud-merekaardid-kataloogid-kinkekaardid\\\/elektroonilised-merekaardid\\\/elektrooniline-merekaart-alter4-eesti-2\\\/#primaryimage\"},\"thumbnailUrl\":\"https:\\\/\\\/nordlinepaadid.ee\\\/wp-content\\\/uploads\\\/2023\\\/03\\\/3301_ALTER1.jpg\",\"datePublished\":\"2026-04-07T00:18:52+00:00\",\"dateModified\":\"2026-04-08T19:01:14+00:00\",\"breadcrumb\":{\"@id\":\"https:\\\/\\\/nordlinepaadid.ee\\\/et\\\/pood\\\/raamatud-merekaardid-kataloogid-kinkekaardid\\\/elektroonilised-merekaardid\\\/elektrooniline-merekaart-alter4-eesti-2\\\/#breadcrumb\"},\"inLanguage\":\"et\",\"potentialAction\":[{\"@type\":\"ReadAction\",\"target\":[\"https:\\\/\\\/nordlinepaadid.ee\\\/et\\\/pood\\\/raamatud-merekaardid-kataloogid-kinkekaardid\\\/elektroonilised-merekaardid\\\/elektrooniline-merekaart-alter4-eesti-2\\\/\"]}]},{\"@type\":\"ImageObject\",\"inLanguage\":\"et\",\"@id\":\"https:\\\/\\\/nordlinepaadid.ee\\\/et\\\/pood\\\/raamatud-merekaardid-kataloogid-kinkekaardid\\\/elektroonilised-merekaardid\\\/elektrooniline-merekaart-alter4-eesti-2\\\/#primaryimage\",\"url\":\"https:\\\/\\\/nordlinepaadid.ee\\\/wp-content\\\/uploads\\\/2023\\\/03\\\/3301_ALTER1.jpg\",\"contentUrl\":\"https:\\\/\\\/nordlinepaadid.ee\\\/wp-content\\\/uploads\\\/2023\\\/03\\\/3301_ALTER1.jpg\",\"width\":800,\"height\":800},{\"@type\":\"BreadcrumbList\",\"@id\":\"https:\\\/\\\/nordlinepaadid.ee\\\/et\\\/pood\\\/raamatud-merekaardid-kataloogid-kinkekaardid\\\/elektroonilised-merekaardid\\\/elektrooniline-merekaart-alter4-eesti-2\\\/#breadcrumb\",\"itemListElement\":[{\"@type\":\"ListItem\",\"position\":1,\"name\":\"Home\",\"item\":\"https:\\\/\\\/nordlinepaadid.ee\\\/et\\\/\"},{\"@type\":\"ListItem\",\"position\":2,\"name\":\"Pood\",\"item\":\"https:\\\/\\\/nordlinepaadid.ee\\\/et\\\/pood\\\/\"},{\"@type\":\"ListItem\",\"position\":3,\"name\":\"ELEKTROONILINE MEREKAART, ALTER4, EESTI\"}]},{\"@type\":\"WebSite\",\"@id\":\"https:\\\/\\\/nordlinepaadid.ee\\\/et\\\/#website\",\"url\":\"https:\\\/\\\/nordlinepaadid.ee\\\/et\\\/\",\"name\":\"NORDLINE s\u00f5udepaadid ja mootorpaadid. Klaasfiiber materjalist.\",\"description\":\"\",\"publisher\":{\"@id\":\"https:\\\/\\\/nordlinepaadid.ee\\\/et\\\/#organization\"},\"potentialAction\":[{\"@type\":\"SearchAction\",\"target\":{\"@type\":\"EntryPoint\",\"urlTemplate\":\"https:\\\/\\\/nordlinepaadid.ee\\\/et\\\/?s={search_term_string}\"},\"query-input\":{\"@type\":\"PropertyValueSpecification\",\"valueRequired\":true,\"valueName\":\"search_term_string\"}}],\"inLanguage\":\"et\"},{\"@type\":\"Organization\",\"@id\":\"https:\\\/\\\/nordlinepaadid.ee\\\/et\\\/#organization\",\"name\":\"Nordlineboats\",\"url\":\"https:\\\/\\\/nordlinepaadid.ee\\\/et\\\/\",\"logo\":{\"@type\":\"ImageObject\",\"inLanguage\":\"et\",\"@id\":\"https:\\\/\\\/nordlinepaadid.ee\\\/et\\\/#\\\/schema\\\/logo\\\/image\\\/\",\"url\":\"https:\\\/\\\/nordlinepaadid.ee\\\/wp-content\\\/uploads\\\/2023\\\/01\\\/fulllogo_transparent_nobuffer-e1672750475494.png\",\"contentUrl\":\"https:\\\/\\\/nordlinepaadid.ee\\\/wp-content\\\/uploads\\\/2023\\\/01\\\/fulllogo_transparent_nobuffer-e1672750475494.png\",\"width\":150,\"height\":119,\"caption\":\"Nordlineboats\"},\"image\":{\"@id\":\"https:\\\/\\\/nordlinepaadid.ee\\\/et\\\/#\\\/schema\\\/logo\\\/image\\\/\"},\"sameAs\":[\"https:\\\/\\\/www.facebook.com\\\/nordlineboats\",\"https:\\\/\\\/www.youtube.com\\\/channel\\\/UCbgF0fy02y3QkFnujaLTaCA\"]}]}<\/script>\n<!-- \/ Yoast SEO plugin. -->","yoast_head_json":{"title":"ELEKTROONILINE MEREKAART, ALTER4, EESTI - NORDLINE s\u00f5udepaadid ja mootorpaadid. Klaasfiiber materjalist.","robots":{"index":"index","follow":"follow","max-snippet":"max-snippet:-1","max-image-preview":"max-image-preview:large","max-video-preview":"max-video-preview:-1"},"canonical":"https:\/\/nordlinepaadid.ee\/et\/pood\/raamatud-merekaardid-kataloogid-kinkekaardid\/elektroonilised-merekaardid\/elektrooniline-merekaart-alter4-eesti-2\/","og_locale":"et_EE","og_type":"article","og_title":"ELEKTROONILINE MEREKAART, ALTER4, EESTI - NORDLINE s\u00f5udepaadid ja mootorpaadid. Klaasfiiber materjalist.","og_description":"T\u00e4iustatud Alter4 detailkaart toimib Lowrance, Simrad ja B&amp;G multiseadmete ja kaardiplotteritega. Detailkaart katab 20nm Eesti rannikuala, Peipsi j\u00e4rve, Emaj\u00f5ge ja V\u00f5rtsj\u00e4rve. Uued 2020. aasta m\u00f5\u00f5distused.&#13; Detailkaart t\u00f6\u00f6tab ainult j\u00e4rgmiste seadmetega:&#13; Lowrance: Mark-4 CHIRP, Mark-4 HDI, Elite-4 CHIRP, Elite-4 HDI, Elite-5 CHIRP, Elite-5 HDI, Elite-7, Elite-7 CHIRP, Elite-9 CHIRP, HDS Gen2, HDS Gen2 Touch, HDS Gen3,...","og_url":"https:\/\/nordlinepaadid.ee\/et\/pood\/raamatud-merekaardid-kataloogid-kinkekaardid\/elektroonilised-merekaardid\/elektrooniline-merekaart-alter4-eesti-2\/","og_site_name":"NORDLINE s\u00f5udepaadid ja mootorpaadid. Klaasfiiber materjalist.","article_publisher":"https:\/\/www.facebook.com\/nordlineboats","article_modified_time":"2026-04-08T19:01:14+00:00","og_image":[{"width":800,"height":800,"url":"https:\/\/nordlinepaadid.ee\/wp-content\/uploads\/2023\/03\/3301_ALTER1.jpg","type":"image\/jpeg"}],"twitter_card":"summary_large_image","twitter_misc":{"Est. reading time":"1 minut"},"schema":{"@context":"https:\/\/schema.org","@graph":[{"@type":"WebPage","@id":"https:\/\/nordlinepaadid.ee\/et\/pood\/raamatud-merekaardid-kataloogid-kinkekaardid\/elektroonilised-merekaardid\/elektrooniline-merekaart-alter4-eesti-2\/","url":"https:\/\/nordlinepaadid.ee\/et\/pood\/raamatud-merekaardid-kataloogid-kinkekaardid\/elektroonilised-merekaardid\/elektrooniline-merekaart-alter4-eesti-2\/","name":"ELEKTROONILINE MEREKAART, ALTER4, EESTI - NORDLINE s\u00f5udepaadid ja mootorpaadid. Klaasfiiber materjalist.","isPartOf":{"@id":"https:\/\/nordlinepaadid.ee\/et\/#website"},"primaryImageOfPage":{"@id":"https:\/\/nordlinepaadid.ee\/et\/pood\/raamatud-merekaardid-kataloogid-kinkekaardid\/elektroonilised-merekaardid\/elektrooniline-merekaart-alter4-eesti-2\/#primaryimage"},"image":{"@id":"https:\/\/nordlinepaadid.ee\/et\/pood\/raamatud-merekaardid-kataloogid-kinkekaardid\/elektroonilised-merekaardid\/elektrooniline-merekaart-alter4-eesti-2\/#primaryimage"},"thumbnailUrl":"https:\/\/nordlinepaadid.ee\/wp-content\/uploads\/2023\/03\/3301_ALTER1.jpg","datePublished":"2026-04-07T00:18:52+00:00","dateModified":"2026-04-08T19:01:14+00:00","breadcrumb":{"@id":"https:\/\/nordlinepaadid.ee\/et\/pood\/raamatud-merekaardid-kataloogid-kinkekaardid\/elektroonilised-merekaardid\/elektrooniline-merekaart-alter4-eesti-2\/#breadcrumb"},"inLanguage":"et","potentialAction":[{"@type":"ReadAction","target":["https:\/\/nordlinepaadid.ee\/et\/pood\/raamatud-merekaardid-kataloogid-kinkekaardid\/elektroonilised-merekaardid\/elektrooniline-merekaart-alter4-eesti-2\/"]}]},{"@type":"ImageObject","inLanguage":"et","@id":"https:\/\/nordlinepaadid.ee\/et\/pood\/raamatud-merekaardid-kataloogid-kinkekaardid\/elektroonilised-merekaardid\/elektrooniline-merekaart-alter4-eesti-2\/#primaryimage","url":"https:\/\/nordlinepaadid.ee\/wp-content\/uploads\/2023\/03\/3301_ALTER1.jpg","contentUrl":"https:\/\/nordlinepaadid.ee\/wp-content\/uploads\/2023\/03\/3301_ALTER1.jpg","width":800,"height":800},{"@type":"BreadcrumbList","@id":"https:\/\/nordlinepaadid.ee\/et\/pood\/raamatud-merekaardid-kataloogid-kinkekaardid\/elektroonilised-merekaardid\/elektrooniline-merekaart-alter4-eesti-2\/#breadcrumb","itemListElement":[{"@type":"ListItem","position":1,"name":"Home","item":"https:\/\/nordlinepaadid.ee\/et\/"},{"@type":"ListItem","position":2,"name":"Pood","item":"https:\/\/nordlinepaadid.ee\/et\/pood\/"},{"@type":"ListItem","position":3,"name":"ELEKTROONILINE MEREKAART, ALTER4, EESTI"}]},{"@type":"WebSite","@id":"https:\/\/nordlinepaadid.ee\/et\/#website","url":"https:\/\/nordlinepaadid.ee\/et\/","name":"NORDLINE s\u00f5udepaadid ja mootorpaadid. Klaasfiiber materjalist.","description":"","publisher":{"@id":"https:\/\/nordlinepaadid.ee\/et\/#organization"},"potentialAction":[{"@type":"SearchAction","target":{"@type":"EntryPoint","urlTemplate":"https:\/\/nordlinepaadid.ee\/et\/?s={search_term_string}"},"query-input":{"@type":"PropertyValueSpecification","valueRequired":true,"valueName":"search_term_string"}}],"inLanguage":"et"},{"@type":"Organization","@id":"https:\/\/nordlinepaadid.ee\/et\/#organization","name":"Nordlineboats","url":"https:\/\/nordlinepaadid.ee\/et\/","logo":{"@type":"ImageObject","inLanguage":"et","@id":"https:\/\/nordlinepaadid.ee\/et\/#\/schema\/logo\/image\/","url":"https:\/\/nordlinepaadid.ee\/wp-content\/uploads\/2023\/01\/fulllogo_transparent_nobuffer-e1672750475494.png","contentUrl":"https:\/\/nordlinepaadid.ee\/wp-content\/uploads\/2023\/01\/fulllogo_transparent_nobuffer-e1672750475494.png","width":150,"height":119,"caption":"Nordlineboats"},"image":{"@id":"https:\/\/nordlinepaadid.ee\/et\/#\/schema\/logo\/image\/"},"sameAs":["https:\/\/www.facebook.com\/nordlineboats","https:\/\/www.youtube.com\/channel\/UCbgF0fy02y3QkFnujaLTaCA"]}]}},"taxonomy_info":{"product_cat":[{"value":350,"label":"Elektroonilised merekaardid"},{"value":228,"label":"RAAMATUD, MEREKAARDID, KATALOOGID, KINKEKAARDID"}],"pa_unit":[{"value":416,"label":"pcs"}]},"featured_image_src_large":["https:\/\/nordlinepaadid.ee\/wp-content\/uploads\/2023\/03\/3301_ALTER1.jpg",800,800,false],"author_info":[],"comment_info":"","_links":{"self":[{"href":"https:\/\/nordlinepaadid.ee\/et\/wp-json\/wp\/v2\/product\/26746","targetHints":{"allow":["GET"]}}],"collection":[{"href":"https:\/\/nordlinepaadid.ee\/et\/wp-json\/wp\/v2\/product"}],"about":[{"href":"https:\/\/nordlinepaadid.ee\/et\/wp-json\/wp\/v2\/types\/product"}],"wp:featuredmedia":[{"embeddable":true,"href":"https:\/\/nordlinepaadid.ee\/et\/wp-json\/wp\/v2\/media\/19928"}],"wp:attachment":[{"href":"https:\/\/nordlinepaadid.ee\/et\/wp-json\/wp\/v2\/media?parent=26746"}],"wp:term":[{"taxonomy":"product_brand","embeddable":true,"href":"https:\/\/nordlinepaadid.ee\/et\/wp-json\/wp\/v2\/product_brand?post=26746"},{"taxonomy":"product_cat","embeddable":true,"href":"https:\/\/nordlinepaadid.ee\/et\/wp-json\/wp\/v2\/product_cat?post=26746"},{"taxonomy":"product_tag","embeddable":true,"href":"https:\/\/nordlinepaadid.ee\/et\/wp-json\/wp\/v2\/product_tag?post=26746"}],"curies":[{"name":"wp","href":"https:\/\/api.w.org\/{rel}","templated":true}]}}