{"id":26888,"date":"2026-04-07T03:18:57","date_gmt":"2026-04-07T00:18:57","guid":{"rendered":"https:\/\/nordlinepaadid.ee\/pood\/padlock-bema-rf-360-s-s\/"},"modified":"2026-04-09T10:02:01","modified_gmt":"2026-04-09T07:02:01","slug":"tabalukk-bema-rf-360-r-v","status":"publish","type":"product","link":"https:\/\/nordlinepaadid.ee\/et\/pood\/varuosad-mootorpaatidele\/outboards-locks-padlocks-secure-locks-eng\/tabalukk-bema-rf-360-r-v\/","title":{"rendered":"TABALUKK BEMA RF-360, R\/V"},"content":{"rendered":"<p>RST tabalukk, mis on loodud kasutamiseks rasketes tingimusteks. Ideaalne vees\u00f5idukitele ja v\u00e4listingimustes kasutamiseks. K\u00f5ik osad on valmistatud kvaliteetsest roostevabast terasest. Karastatud roostevabast terasest kinnitus. \u00c4ravooluavad takistavad niiskuse kogunemist luku sisemusse. Komplektis 3 v\u00f5tit. Kronsteini k\u00f5rgus: 26,5 mm, kronsteini laius: 20 mm. &#8220;Klass 3&#8221;. Kaal: 0,56 kg.<\/p>\n<p>&#13;<\/p>\n","protected":false},"excerpt":{"rendered":"<p>RST tabalukk, mis on loodud kasutamiseks rasketes tingimusteks. Ideaalne vees\u00f5idukitele ja v\u00e4listingimustes kasutamiseks. K\u00f5ik osad on valmistatud kvaliteetsest roostevabast terasest. Karastatud roostevabast terasest kinnitus. \u00c4ravooluavad takistavad niiskuse kogunemist luku sisemusse. Komplektis 3 v\u00f5tit. Kronsteini k\u00f5rgus: 26,5 mm, kronsteini laius: 20 mm. &#8220;Klass 3&#8221;. Kaal: 0,56 kg. &#13;<\/p>\n","protected":false},"featured_media":26889,"template":"","meta":{"_kad_blocks_custom_css":"","_kad_blocks_head_custom_js":"","_kad_blocks_body_custom_js":"","_kad_blocks_footer_custom_js":"","_kad_post_transparent":"","_kad_post_title":"","_kad_post_layout":"","_kad_post_sidebar_id":"","_kad_post_content_style":"","_kad_post_vertical_padding":"","_kad_post_feature":"","_kad_post_feature_position":"","_kad_post_header":false,"_kad_post_footer":false,"_kad_post_classname":""},"product_brand":[],"product_cat":[390,249],"product_tag":[],"class_list":{"0":"post-26888","1":"product","2":"type-product","3":"status-publish","4":"has-post-thumbnail","6":"product_cat-outboards-locks-padlocks-secure-locks-eng","7":"product_cat-varuosad-mootorpaatidele","8":"product_shipping_class-pakiautomaati-mahtuv-kaup","9":"pa_producer-bema","10":"tm-no-options","12":"first","13":"onbackorder","14":"taxable","15":"shipping-taxable","16":"purchasable","17":"product-type-simple","18":"entry","19":"content-bg","20":"loop-entry"},"yoast_head":"<!-- This site is optimized with the Yoast SEO plugin v27.3 - https:\/\/yoast.com\/product\/yoast-seo-wordpress\/ -->\n<title>TABALUKK BEMA RF-360, R\/V - NORDLINE s\u00f5udepaadid ja mootorpaadid. Klaasfiiber materjalist.<\/title>\n<meta name=\"robots\" content=\"index, follow, max-snippet:-1, max-image-preview:large, max-video-preview:-1\" \/>\n<link rel=\"canonical\" href=\"https:\/\/nordlinepaadid.ee\/et\/pood\/varuosad-mootorpaatidele\/outboards-locks-padlocks-secure-locks-eng\/tabalukk-bema-rf-360-r-v\/\" \/>\n<meta property=\"og:locale\" content=\"et_EE\" \/>\n<meta property=\"og:type\" content=\"article\" \/>\n<meta property=\"og:title\" content=\"TABALUKK BEMA RF-360, R\/V - NORDLINE s\u00f5udepaadid ja mootorpaadid. Klaasfiiber materjalist.\" \/>\n<meta property=\"og:description\" content=\"RST tabalukk, mis on loodud kasutamiseks rasketes tingimusteks. Ideaalne vees\u00f5idukitele ja v\u00e4listingimustes kasutamiseks. K\u00f5ik osad on valmistatud kvaliteetsest roostevabast terasest. Karastatud roostevabast terasest kinnitus. \u00c4ravooluavad takistavad niiskuse kogunemist luku sisemusse. Komplektis 3 v\u00f5tit. Kronsteini k\u00f5rgus: 26,5 mm, kronsteini laius: 20 mm. &#8220;Klass 3&#8221;. Kaal: 0,56 kg. &#013;\" \/>\n<meta property=\"og:url\" content=\"https:\/\/nordlinepaadid.ee\/et\/pood\/varuosad-mootorpaatidele\/outboards-locks-padlocks-secure-locks-eng\/tabalukk-bema-rf-360-r-v\/\" \/>\n<meta property=\"og:site_name\" content=\"NORDLINE s\u00f5udepaadid ja mootorpaadid. Klaasfiiber materjalist.\" \/>\n<meta property=\"article:publisher\" content=\"https:\/\/www.facebook.com\/nordlineboats\" \/>\n<meta property=\"article:modified_time\" content=\"2026-04-09T07:02:01+00:00\" \/>\n<meta property=\"og:image\" content=\"https:\/\/nordlinepaadid.ee\/wp-content\/uploads\/2023\/03\/7743_9516032060_lukko_webfeel.jpg\" \/>\n\t<meta property=\"og:image:width\" content=\"600\" \/>\n\t<meta property=\"og:image:height\" content=\"567\" \/>\n\t<meta property=\"og:image:type\" content=\"image\/jpeg\" \/>\n<meta name=\"twitter:card\" content=\"summary_large_image\" \/>\n<script type=\"application\/ld+json\" class=\"yoast-schema-graph\">{\"@context\":\"https:\\\/\\\/schema.org\",\"@graph\":[{\"@type\":\"WebPage\",\"@id\":\"https:\\\/\\\/nordlinepaadid.ee\\\/et\\\/pood\\\/varuosad-mootorpaatidele\\\/outboards-locks-padlocks-secure-locks-eng\\\/tabalukk-bema-rf-360-r-v\\\/\",\"url\":\"https:\\\/\\\/nordlinepaadid.ee\\\/et\\\/pood\\\/varuosad-mootorpaatidele\\\/outboards-locks-padlocks-secure-locks-eng\\\/tabalukk-bema-rf-360-r-v\\\/\",\"name\":\"TABALUKK BEMA RF-360, R\\\/V - NORDLINE s\u00f5udepaadid ja mootorpaadid. Klaasfiiber materjalist.\",\"isPartOf\":{\"@id\":\"https:\\\/\\\/nordlinepaadid.ee\\\/et\\\/#website\"},\"primaryImageOfPage\":{\"@id\":\"https:\\\/\\\/nordlinepaadid.ee\\\/et\\\/pood\\\/varuosad-mootorpaatidele\\\/outboards-locks-padlocks-secure-locks-eng\\\/tabalukk-bema-rf-360-r-v\\\/#primaryimage\"},\"image\":{\"@id\":\"https:\\\/\\\/nordlinepaadid.ee\\\/et\\\/pood\\\/varuosad-mootorpaatidele\\\/outboards-locks-padlocks-secure-locks-eng\\\/tabalukk-bema-rf-360-r-v\\\/#primaryimage\"},\"thumbnailUrl\":\"https:\\\/\\\/nordlinepaadid.ee\\\/wp-content\\\/uploads\\\/2023\\\/03\\\/7743_9516032060_lukko_webfeel.jpg\",\"datePublished\":\"2026-04-07T00:18:57+00:00\",\"dateModified\":\"2026-04-09T07:02:01+00:00\",\"breadcrumb\":{\"@id\":\"https:\\\/\\\/nordlinepaadid.ee\\\/et\\\/pood\\\/varuosad-mootorpaatidele\\\/outboards-locks-padlocks-secure-locks-eng\\\/tabalukk-bema-rf-360-r-v\\\/#breadcrumb\"},\"inLanguage\":\"et\",\"potentialAction\":[{\"@type\":\"ReadAction\",\"target\":[\"https:\\\/\\\/nordlinepaadid.ee\\\/et\\\/pood\\\/varuosad-mootorpaatidele\\\/outboards-locks-padlocks-secure-locks-eng\\\/tabalukk-bema-rf-360-r-v\\\/\"]}]},{\"@type\":\"ImageObject\",\"inLanguage\":\"et\",\"@id\":\"https:\\\/\\\/nordlinepaadid.ee\\\/et\\\/pood\\\/varuosad-mootorpaatidele\\\/outboards-locks-padlocks-secure-locks-eng\\\/tabalukk-bema-rf-360-r-v\\\/#primaryimage\",\"url\":\"https:\\\/\\\/nordlinepaadid.ee\\\/wp-content\\\/uploads\\\/2023\\\/03\\\/7743_9516032060_lukko_webfeel.jpg\",\"contentUrl\":\"https:\\\/\\\/nordlinepaadid.ee\\\/wp-content\\\/uploads\\\/2023\\\/03\\\/7743_9516032060_lukko_webfeel.jpg\",\"width\":600,\"height\":567},{\"@type\":\"BreadcrumbList\",\"@id\":\"https:\\\/\\\/nordlinepaadid.ee\\\/et\\\/pood\\\/varuosad-mootorpaatidele\\\/outboards-locks-padlocks-secure-locks-eng\\\/tabalukk-bema-rf-360-r-v\\\/#breadcrumb\",\"itemListElement\":[{\"@type\":\"ListItem\",\"position\":1,\"name\":\"Home\",\"item\":\"https:\\\/\\\/nordlinepaadid.ee\\\/et\\\/\"},{\"@type\":\"ListItem\",\"position\":2,\"name\":\"Pood\",\"item\":\"https:\\\/\\\/nordlinepaadid.ee\\\/et\\\/pood\\\/\"},{\"@type\":\"ListItem\",\"position\":3,\"name\":\"TABALUKK BEMA RF-360, R\\\/V\"}]},{\"@type\":\"WebSite\",\"@id\":\"https:\\\/\\\/nordlinepaadid.ee\\\/et\\\/#website\",\"url\":\"https:\\\/\\\/nordlinepaadid.ee\\\/et\\\/\",\"name\":\"NORDLINE s\u00f5udepaadid ja mootorpaadid. Klaasfiiber materjalist.\",\"description\":\"\",\"publisher\":{\"@id\":\"https:\\\/\\\/nordlinepaadid.ee\\\/et\\\/#organization\"},\"potentialAction\":[{\"@type\":\"SearchAction\",\"target\":{\"@type\":\"EntryPoint\",\"urlTemplate\":\"https:\\\/\\\/nordlinepaadid.ee\\\/et\\\/?s={search_term_string}\"},\"query-input\":{\"@type\":\"PropertyValueSpecification\",\"valueRequired\":true,\"valueName\":\"search_term_string\"}}],\"inLanguage\":\"et\"},{\"@type\":\"Organization\",\"@id\":\"https:\\\/\\\/nordlinepaadid.ee\\\/et\\\/#organization\",\"name\":\"Nordlineboats\",\"url\":\"https:\\\/\\\/nordlinepaadid.ee\\\/et\\\/\",\"logo\":{\"@type\":\"ImageObject\",\"inLanguage\":\"et\",\"@id\":\"https:\\\/\\\/nordlinepaadid.ee\\\/et\\\/#\\\/schema\\\/logo\\\/image\\\/\",\"url\":\"https:\\\/\\\/nordlinepaadid.ee\\\/wp-content\\\/uploads\\\/2023\\\/01\\\/fulllogo_transparent_nobuffer-e1672750475494.png\",\"contentUrl\":\"https:\\\/\\\/nordlinepaadid.ee\\\/wp-content\\\/uploads\\\/2023\\\/01\\\/fulllogo_transparent_nobuffer-e1672750475494.png\",\"width\":150,\"height\":119,\"caption\":\"Nordlineboats\"},\"image\":{\"@id\":\"https:\\\/\\\/nordlinepaadid.ee\\\/et\\\/#\\\/schema\\\/logo\\\/image\\\/\"},\"sameAs\":[\"https:\\\/\\\/www.facebook.com\\\/nordlineboats\",\"https:\\\/\\\/www.youtube.com\\\/channel\\\/UCbgF0fy02y3QkFnujaLTaCA\"]}]}<\/script>\n<!-- \/ Yoast SEO plugin. -->","yoast_head_json":{"title":"TABALUKK BEMA RF-360, R\/V - NORDLINE s\u00f5udepaadid ja mootorpaadid. Klaasfiiber materjalist.","robots":{"index":"index","follow":"follow","max-snippet":"max-snippet:-1","max-image-preview":"max-image-preview:large","max-video-preview":"max-video-preview:-1"},"canonical":"https:\/\/nordlinepaadid.ee\/et\/pood\/varuosad-mootorpaatidele\/outboards-locks-padlocks-secure-locks-eng\/tabalukk-bema-rf-360-r-v\/","og_locale":"et_EE","og_type":"article","og_title":"TABALUKK BEMA RF-360, R\/V - NORDLINE s\u00f5udepaadid ja mootorpaadid. Klaasfiiber materjalist.","og_description":"RST tabalukk, mis on loodud kasutamiseks rasketes tingimusteks. Ideaalne vees\u00f5idukitele ja v\u00e4listingimustes kasutamiseks. K\u00f5ik osad on valmistatud kvaliteetsest roostevabast terasest. Karastatud roostevabast terasest kinnitus. \u00c4ravooluavad takistavad niiskuse kogunemist luku sisemusse. Komplektis 3 v\u00f5tit. Kronsteini k\u00f5rgus: 26,5 mm, kronsteini laius: 20 mm. &#8220;Klass 3&#8221;. Kaal: 0,56 kg. &#13;","og_url":"https:\/\/nordlinepaadid.ee\/et\/pood\/varuosad-mootorpaatidele\/outboards-locks-padlocks-secure-locks-eng\/tabalukk-bema-rf-360-r-v\/","og_site_name":"NORDLINE s\u00f5udepaadid ja mootorpaadid. Klaasfiiber materjalist.","article_publisher":"https:\/\/www.facebook.com\/nordlineboats","article_modified_time":"2026-04-09T07:02:01+00:00","og_image":[{"width":600,"height":567,"url":"https:\/\/nordlinepaadid.ee\/wp-content\/uploads\/2023\/03\/7743_9516032060_lukko_webfeel.jpg","type":"image\/jpeg"}],"twitter_card":"summary_large_image","schema":{"@context":"https:\/\/schema.org","@graph":[{"@type":"WebPage","@id":"https:\/\/nordlinepaadid.ee\/et\/pood\/varuosad-mootorpaatidele\/outboards-locks-padlocks-secure-locks-eng\/tabalukk-bema-rf-360-r-v\/","url":"https:\/\/nordlinepaadid.ee\/et\/pood\/varuosad-mootorpaatidele\/outboards-locks-padlocks-secure-locks-eng\/tabalukk-bema-rf-360-r-v\/","name":"TABALUKK BEMA RF-360, R\/V - NORDLINE s\u00f5udepaadid ja mootorpaadid. Klaasfiiber materjalist.","isPartOf":{"@id":"https:\/\/nordlinepaadid.ee\/et\/#website"},"primaryImageOfPage":{"@id":"https:\/\/nordlinepaadid.ee\/et\/pood\/varuosad-mootorpaatidele\/outboards-locks-padlocks-secure-locks-eng\/tabalukk-bema-rf-360-r-v\/#primaryimage"},"image":{"@id":"https:\/\/nordlinepaadid.ee\/et\/pood\/varuosad-mootorpaatidele\/outboards-locks-padlocks-secure-locks-eng\/tabalukk-bema-rf-360-r-v\/#primaryimage"},"thumbnailUrl":"https:\/\/nordlinepaadid.ee\/wp-content\/uploads\/2023\/03\/7743_9516032060_lukko_webfeel.jpg","datePublished":"2026-04-07T00:18:57+00:00","dateModified":"2026-04-09T07:02:01+00:00","breadcrumb":{"@id":"https:\/\/nordlinepaadid.ee\/et\/pood\/varuosad-mootorpaatidele\/outboards-locks-padlocks-secure-locks-eng\/tabalukk-bema-rf-360-r-v\/#breadcrumb"},"inLanguage":"et","potentialAction":[{"@type":"ReadAction","target":["https:\/\/nordlinepaadid.ee\/et\/pood\/varuosad-mootorpaatidele\/outboards-locks-padlocks-secure-locks-eng\/tabalukk-bema-rf-360-r-v\/"]}]},{"@type":"ImageObject","inLanguage":"et","@id":"https:\/\/nordlinepaadid.ee\/et\/pood\/varuosad-mootorpaatidele\/outboards-locks-padlocks-secure-locks-eng\/tabalukk-bema-rf-360-r-v\/#primaryimage","url":"https:\/\/nordlinepaadid.ee\/wp-content\/uploads\/2023\/03\/7743_9516032060_lukko_webfeel.jpg","contentUrl":"https:\/\/nordlinepaadid.ee\/wp-content\/uploads\/2023\/03\/7743_9516032060_lukko_webfeel.jpg","width":600,"height":567},{"@type":"BreadcrumbList","@id":"https:\/\/nordlinepaadid.ee\/et\/pood\/varuosad-mootorpaatidele\/outboards-locks-padlocks-secure-locks-eng\/tabalukk-bema-rf-360-r-v\/#breadcrumb","itemListElement":[{"@type":"ListItem","position":1,"name":"Home","item":"https:\/\/nordlinepaadid.ee\/et\/"},{"@type":"ListItem","position":2,"name":"Pood","item":"https:\/\/nordlinepaadid.ee\/et\/pood\/"},{"@type":"ListItem","position":3,"name":"TABALUKK BEMA RF-360, R\/V"}]},{"@type":"WebSite","@id":"https:\/\/nordlinepaadid.ee\/et\/#website","url":"https:\/\/nordlinepaadid.ee\/et\/","name":"NORDLINE s\u00f5udepaadid ja mootorpaadid. Klaasfiiber materjalist.","description":"","publisher":{"@id":"https:\/\/nordlinepaadid.ee\/et\/#organization"},"potentialAction":[{"@type":"SearchAction","target":{"@type":"EntryPoint","urlTemplate":"https:\/\/nordlinepaadid.ee\/et\/?s={search_term_string}"},"query-input":{"@type":"PropertyValueSpecification","valueRequired":true,"valueName":"search_term_string"}}],"inLanguage":"et"},{"@type":"Organization","@id":"https:\/\/nordlinepaadid.ee\/et\/#organization","name":"Nordlineboats","url":"https:\/\/nordlinepaadid.ee\/et\/","logo":{"@type":"ImageObject","inLanguage":"et","@id":"https:\/\/nordlinepaadid.ee\/et\/#\/schema\/logo\/image\/","url":"https:\/\/nordlinepaadid.ee\/wp-content\/uploads\/2023\/01\/fulllogo_transparent_nobuffer-e1672750475494.png","contentUrl":"https:\/\/nordlinepaadid.ee\/wp-content\/uploads\/2023\/01\/fulllogo_transparent_nobuffer-e1672750475494.png","width":150,"height":119,"caption":"Nordlineboats"},"image":{"@id":"https:\/\/nordlinepaadid.ee\/et\/#\/schema\/logo\/image\/"},"sameAs":["https:\/\/www.facebook.com\/nordlineboats","https:\/\/www.youtube.com\/channel\/UCbgF0fy02y3QkFnujaLTaCA"]}]}},"taxonomy_info":{"product_cat":[{"value":390,"label":"P\u00e4ramootori lukud, Tabad, Turvatrossid"},{"value":249,"label":"VARUOSAD MOOTORPAATIDELE"}],"pa_producer":[{"value":629,"label":"Bema"}]},"featured_image_src_large":["https:\/\/nordlinepaadid.ee\/wp-content\/uploads\/2023\/03\/7743_9516032060_lukko_webfeel.jpg",600,567,false],"author_info":[],"comment_info":"","_links":{"self":[{"href":"https:\/\/nordlinepaadid.ee\/et\/wp-json\/wp\/v2\/product\/26888","targetHints":{"allow":["GET"]}}],"collection":[{"href":"https:\/\/nordlinepaadid.ee\/et\/wp-json\/wp\/v2\/product"}],"about":[{"href":"https:\/\/nordlinepaadid.ee\/et\/wp-json\/wp\/v2\/types\/product"}],"wp:featuredmedia":[{"embeddable":true,"href":"https:\/\/nordlinepaadid.ee\/et\/wp-json\/wp\/v2\/media\/26889"}],"wp:attachment":[{"href":"https:\/\/nordlinepaadid.ee\/et\/wp-json\/wp\/v2\/media?parent=26888"}],"wp:term":[{"taxonomy":"product_brand","embeddable":true,"href":"https:\/\/nordlinepaadid.ee\/et\/wp-json\/wp\/v2\/product_brand?post=26888"},{"taxonomy":"product_cat","embeddable":true,"href":"https:\/\/nordlinepaadid.ee\/et\/wp-json\/wp\/v2\/product_cat?post=26888"},{"taxonomy":"product_tag","embeddable":true,"href":"https:\/\/nordlinepaadid.ee\/et\/wp-json\/wp\/v2\/product_tag?post=26888"}],"curies":[{"name":"wp","href":"https:\/\/api.w.org\/{rel}","templated":true}]}}