{"id":26956,"date":"2026-04-07T03:19:01","date_gmt":"2026-04-07T00:19:01","guid":{"rendered":"https:\/\/nordlinepaadid.ee\/pood\/battery-optima-blue-top-66-ah-dc-5-0\/"},"modified":"2026-04-08T10:00:24","modified_gmt":"2026-04-08T07:00:24","slug":"aku-optima-blue-top-66-ah-dc-5-0","status":"publish","type":"product","link":"https:\/\/nordlinepaadid.ee\/et\/pood\/electrical-equipments\/batteries-chargers-inverters\/aku-optima-blue-top-66-ah-dc-5-0\/","title":{"rendered":"AKU- OPTIMA BLUE TOP 66 AH DC 5.0"},"content":{"rendered":"<p>K\u00e4ivitus -ja p\u00fcsitoiteaku, mis on m\u00f5eldud spetsiaalselt vees\u00f5idukitele. Optima aku t\u00f6\u00f6tasid v\u00e4lja Denver Gates Rubber Company insenerid 70-ndate aastate alguses NASA tellimusel kosmoseprogrammi raames. N\u00f5udeks oli v\u00e4ikesegabariidiline, suure k\u00e4ivitusvooluga, lekkimis-ja vibratsioonikindel vooluallikas. Optima aku p\u00f5hineb spiraaltehnoloogial. Optima aku koosneb 6-st l\u00f6\u00f6gikindlast plastikust valmistatud purgist, millesse on paigutatud spiraalsed elemendid. Iga element koosneb tihedalt kokkusurutud + ja \u2013 plaadist, mille vahel on elektrol\u00fc\u00fctidiga immutatud klaaskiudseparaator. Elemendid on \u00fchendatud vahesildadega, millest \u00fcks toimib l\u00fchise korral sulavkaitsmena. Aku on laserkeevituse abil suletud kaanega, milles paiknevad s\u00e4demekindlad \u00fcler\u00f5huklapid. Optima akude laadimine: Optima akul on v\u00e4ga v\u00e4ike iset\u00fchjenemine. Kui pinge siiski langeb alla 12,3 V, tuleb akut laadida pingega 14,2-14,5 V. Suure voolutugevusega (20 A ja enam) laadimisel tuleb arvestada laadimisaja olulise l\u00fchenemisega. Optima aku on laetud, kui klemmi pinge on k\u00e4ivitusakudel 12,83 V ja p\u00fcsitoiteakudel 13,8 V. Toitepinge 12 V. Mahutavus 66 Ah. K\u00e4ivitusvool 845 A. Klemmid: -\/+. Pikkus: 308 mm. Laius: 175 mm. K\u00f5rgus: 220 mm. Kaal: 24,4 kg.<\/p>\n<p>&#13;<\/p>\n","protected":false},"excerpt":{"rendered":"<p>K\u00e4ivitus -ja p\u00fcsitoiteaku, mis on m\u00f5eldud spetsiaalselt vees\u00f5idukitele. Optima aku t\u00f6\u00f6tasid v\u00e4lja Denver Gates Rubber Company insenerid 70-ndate aastate alguses NASA tellimusel kosmoseprogrammi raames. N\u00f5udeks oli v\u00e4ikesegabariidiline, suure k\u00e4ivitusvooluga, lekkimis-ja vibratsioonikindel vooluallikas. Optima aku p\u00f5hineb spiraaltehnoloogial. Optima aku koosneb 6-st l\u00f6\u00f6gikindlast plastikust valmistatud purgist, millesse on paigutatud spiraalsed elemendid. Iga element koosneb tihedalt kokkusurutud +&#8230;<\/p>\n","protected":false},"featured_media":26957,"template":"","meta":{"_kad_blocks_custom_css":"","_kad_blocks_head_custom_js":"","_kad_blocks_body_custom_js":"","_kad_blocks_footer_custom_js":"","_kad_post_transparent":"","_kad_post_title":"","_kad_post_layout":"","_kad_post_sidebar_id":"","_kad_post_content_style":"","_kad_post_vertical_padding":"","_kad_post_feature":"","_kad_post_feature_position":"","_kad_post_header":false,"_kad_post_footer":false,"_kad_post_classname":""},"product_brand":[],"product_cat":[251,239],"product_tag":[],"class_list":{"0":"post-26956","1":"product","2":"type-product","3":"status-publish","4":"has-post-thumbnail","6":"product_cat-batteries-chargers-inverters","7":"product_cat-electrical-equipments","8":"product_shipping_class-euroalusele-mahtuv-kaup","9":"pa_producer-optima-batteries","10":"pa_unit-pcs","11":"tm-no-options","13":"first","14":"onbackorder","15":"taxable","16":"shipping-taxable","17":"purchasable","18":"product-type-simple","19":"entry","20":"content-bg","21":"loop-entry"},"yoast_head":"<!-- This site is optimized with the Yoast SEO plugin v27.3 - https:\/\/yoast.com\/product\/yoast-seo-wordpress\/ -->\n<title>AKU- OPTIMA BLUE TOP 66 AH DC 5.0 - NORDLINE s\u00f5udepaadid ja mootorpaadid. Klaasfiiber materjalist.<\/title>\n<meta name=\"robots\" content=\"index, follow, max-snippet:-1, max-image-preview:large, max-video-preview:-1\" \/>\n<link rel=\"canonical\" href=\"https:\/\/nordlinepaadid.ee\/et\/pood\/electrical-equipments\/batteries-chargers-inverters\/aku-optima-blue-top-66-ah-dc-5-0\/\" \/>\n<meta property=\"og:locale\" content=\"et_EE\" \/>\n<meta property=\"og:type\" content=\"article\" \/>\n<meta property=\"og:title\" content=\"AKU- OPTIMA BLUE TOP 66 AH DC 5.0 - NORDLINE s\u00f5udepaadid ja mootorpaadid. Klaasfiiber materjalist.\" \/>\n<meta property=\"og:description\" content=\"K\u00e4ivitus -ja p\u00fcsitoiteaku, mis on m\u00f5eldud spetsiaalselt vees\u00f5idukitele. Optima aku t\u00f6\u00f6tasid v\u00e4lja Denver Gates Rubber Company insenerid 70-ndate aastate alguses NASA tellimusel kosmoseprogrammi raames. N\u00f5udeks oli v\u00e4ikesegabariidiline, suure k\u00e4ivitusvooluga, lekkimis-ja vibratsioonikindel vooluallikas. Optima aku p\u00f5hineb spiraaltehnoloogial. Optima aku koosneb 6-st l\u00f6\u00f6gikindlast plastikust valmistatud purgist, millesse on paigutatud spiraalsed elemendid. Iga element koosneb tihedalt kokkusurutud +...\" \/>\n<meta property=\"og:url\" content=\"https:\/\/nordlinepaadid.ee\/et\/pood\/electrical-equipments\/batteries-chargers-inverters\/aku-optima-blue-top-66-ah-dc-5-0\/\" \/>\n<meta property=\"og:site_name\" content=\"NORDLINE s\u00f5udepaadid ja mootorpaadid. Klaasfiiber materjalist.\" \/>\n<meta property=\"article:publisher\" content=\"https:\/\/www.facebook.com\/nordlineboats\" \/>\n<meta property=\"article:modified_time\" content=\"2026-04-08T07:00:24+00:00\" \/>\n<meta property=\"og:image\" content=\"https:\/\/nordlinepaadid.ee\/wp-content\/uploads\/2023\/03\/7770_paadiaku-Optima-BTDC-66Ah.jpg\" \/>\n\t<meta property=\"og:image:width\" content=\"404\" \/>\n\t<meta property=\"og:image:height\" content=\"352\" \/>\n\t<meta property=\"og:image:type\" content=\"image\/jpeg\" \/>\n<meta name=\"twitter:card\" content=\"summary_large_image\" \/>\n<meta name=\"twitter:label1\" content=\"Est. reading time\" \/>\n\t<meta name=\"twitter:data1\" content=\"1 minut\" \/>\n<script type=\"application\/ld+json\" class=\"yoast-schema-graph\">{\"@context\":\"https:\\\/\\\/schema.org\",\"@graph\":[{\"@type\":\"WebPage\",\"@id\":\"https:\\\/\\\/nordlinepaadid.ee\\\/et\\\/pood\\\/electrical-equipments\\\/batteries-chargers-inverters\\\/aku-optima-blue-top-66-ah-dc-5-0\\\/\",\"url\":\"https:\\\/\\\/nordlinepaadid.ee\\\/et\\\/pood\\\/electrical-equipments\\\/batteries-chargers-inverters\\\/aku-optima-blue-top-66-ah-dc-5-0\\\/\",\"name\":\"AKU- OPTIMA BLUE TOP 66 AH DC 5.0 - NORDLINE s\u00f5udepaadid ja mootorpaadid. Klaasfiiber materjalist.\",\"isPartOf\":{\"@id\":\"https:\\\/\\\/nordlinepaadid.ee\\\/et\\\/#website\"},\"primaryImageOfPage\":{\"@id\":\"https:\\\/\\\/nordlinepaadid.ee\\\/et\\\/pood\\\/electrical-equipments\\\/batteries-chargers-inverters\\\/aku-optima-blue-top-66-ah-dc-5-0\\\/#primaryimage\"},\"image\":{\"@id\":\"https:\\\/\\\/nordlinepaadid.ee\\\/et\\\/pood\\\/electrical-equipments\\\/batteries-chargers-inverters\\\/aku-optima-blue-top-66-ah-dc-5-0\\\/#primaryimage\"},\"thumbnailUrl\":\"https:\\\/\\\/nordlinepaadid.ee\\\/wp-content\\\/uploads\\\/2023\\\/03\\\/7770_paadiaku-Optima-BTDC-66Ah.jpg\",\"datePublished\":\"2026-04-07T00:19:01+00:00\",\"dateModified\":\"2026-04-08T07:00:24+00:00\",\"breadcrumb\":{\"@id\":\"https:\\\/\\\/nordlinepaadid.ee\\\/et\\\/pood\\\/electrical-equipments\\\/batteries-chargers-inverters\\\/aku-optima-blue-top-66-ah-dc-5-0\\\/#breadcrumb\"},\"inLanguage\":\"et\",\"potentialAction\":[{\"@type\":\"ReadAction\",\"target\":[\"https:\\\/\\\/nordlinepaadid.ee\\\/et\\\/pood\\\/electrical-equipments\\\/batteries-chargers-inverters\\\/aku-optima-blue-top-66-ah-dc-5-0\\\/\"]}]},{\"@type\":\"ImageObject\",\"inLanguage\":\"et\",\"@id\":\"https:\\\/\\\/nordlinepaadid.ee\\\/et\\\/pood\\\/electrical-equipments\\\/batteries-chargers-inverters\\\/aku-optima-blue-top-66-ah-dc-5-0\\\/#primaryimage\",\"url\":\"https:\\\/\\\/nordlinepaadid.ee\\\/wp-content\\\/uploads\\\/2023\\\/03\\\/7770_paadiaku-Optima-BTDC-66Ah.jpg\",\"contentUrl\":\"https:\\\/\\\/nordlinepaadid.ee\\\/wp-content\\\/uploads\\\/2023\\\/03\\\/7770_paadiaku-Optima-BTDC-66Ah.jpg\",\"width\":404,\"height\":352},{\"@type\":\"BreadcrumbList\",\"@id\":\"https:\\\/\\\/nordlinepaadid.ee\\\/et\\\/pood\\\/electrical-equipments\\\/batteries-chargers-inverters\\\/aku-optima-blue-top-66-ah-dc-5-0\\\/#breadcrumb\",\"itemListElement\":[{\"@type\":\"ListItem\",\"position\":1,\"name\":\"Home\",\"item\":\"https:\\\/\\\/nordlinepaadid.ee\\\/et\\\/\"},{\"@type\":\"ListItem\",\"position\":2,\"name\":\"Pood\",\"item\":\"https:\\\/\\\/nordlinepaadid.ee\\\/et\\\/pood\\\/\"},{\"@type\":\"ListItem\",\"position\":3,\"name\":\"AKU- OPTIMA BLUE TOP 66 AH DC 5.0\"}]},{\"@type\":\"WebSite\",\"@id\":\"https:\\\/\\\/nordlinepaadid.ee\\\/et\\\/#website\",\"url\":\"https:\\\/\\\/nordlinepaadid.ee\\\/et\\\/\",\"name\":\"NORDLINE s\u00f5udepaadid ja mootorpaadid. Klaasfiiber materjalist.\",\"description\":\"\",\"publisher\":{\"@id\":\"https:\\\/\\\/nordlinepaadid.ee\\\/et\\\/#organization\"},\"potentialAction\":[{\"@type\":\"SearchAction\",\"target\":{\"@type\":\"EntryPoint\",\"urlTemplate\":\"https:\\\/\\\/nordlinepaadid.ee\\\/et\\\/?s={search_term_string}\"},\"query-input\":{\"@type\":\"PropertyValueSpecification\",\"valueRequired\":true,\"valueName\":\"search_term_string\"}}],\"inLanguage\":\"et\"},{\"@type\":\"Organization\",\"@id\":\"https:\\\/\\\/nordlinepaadid.ee\\\/et\\\/#organization\",\"name\":\"Nordlineboats\",\"url\":\"https:\\\/\\\/nordlinepaadid.ee\\\/et\\\/\",\"logo\":{\"@type\":\"ImageObject\",\"inLanguage\":\"et\",\"@id\":\"https:\\\/\\\/nordlinepaadid.ee\\\/et\\\/#\\\/schema\\\/logo\\\/image\\\/\",\"url\":\"https:\\\/\\\/nordlinepaadid.ee\\\/wp-content\\\/uploads\\\/2023\\\/01\\\/fulllogo_transparent_nobuffer-e1672750475494.png\",\"contentUrl\":\"https:\\\/\\\/nordlinepaadid.ee\\\/wp-content\\\/uploads\\\/2023\\\/01\\\/fulllogo_transparent_nobuffer-e1672750475494.png\",\"width\":150,\"height\":119,\"caption\":\"Nordlineboats\"},\"image\":{\"@id\":\"https:\\\/\\\/nordlinepaadid.ee\\\/et\\\/#\\\/schema\\\/logo\\\/image\\\/\"},\"sameAs\":[\"https:\\\/\\\/www.facebook.com\\\/nordlineboats\",\"https:\\\/\\\/www.youtube.com\\\/channel\\\/UCbgF0fy02y3QkFnujaLTaCA\"]}]}<\/script>\n<!-- \/ Yoast SEO plugin. -->","yoast_head_json":{"title":"AKU- OPTIMA BLUE TOP 66 AH DC 5.0 - NORDLINE s\u00f5udepaadid ja mootorpaadid. Klaasfiiber materjalist.","robots":{"index":"index","follow":"follow","max-snippet":"max-snippet:-1","max-image-preview":"max-image-preview:large","max-video-preview":"max-video-preview:-1"},"canonical":"https:\/\/nordlinepaadid.ee\/et\/pood\/electrical-equipments\/batteries-chargers-inverters\/aku-optima-blue-top-66-ah-dc-5-0\/","og_locale":"et_EE","og_type":"article","og_title":"AKU- OPTIMA BLUE TOP 66 AH DC 5.0 - NORDLINE s\u00f5udepaadid ja mootorpaadid. Klaasfiiber materjalist.","og_description":"K\u00e4ivitus -ja p\u00fcsitoiteaku, mis on m\u00f5eldud spetsiaalselt vees\u00f5idukitele. Optima aku t\u00f6\u00f6tasid v\u00e4lja Denver Gates Rubber Company insenerid 70-ndate aastate alguses NASA tellimusel kosmoseprogrammi raames. N\u00f5udeks oli v\u00e4ikesegabariidiline, suure k\u00e4ivitusvooluga, lekkimis-ja vibratsioonikindel vooluallikas. Optima aku p\u00f5hineb spiraaltehnoloogial. Optima aku koosneb 6-st l\u00f6\u00f6gikindlast plastikust valmistatud purgist, millesse on paigutatud spiraalsed elemendid. Iga element koosneb tihedalt kokkusurutud +...","og_url":"https:\/\/nordlinepaadid.ee\/et\/pood\/electrical-equipments\/batteries-chargers-inverters\/aku-optima-blue-top-66-ah-dc-5-0\/","og_site_name":"NORDLINE s\u00f5udepaadid ja mootorpaadid. Klaasfiiber materjalist.","article_publisher":"https:\/\/www.facebook.com\/nordlineboats","article_modified_time":"2026-04-08T07:00:24+00:00","og_image":[{"width":404,"height":352,"url":"https:\/\/nordlinepaadid.ee\/wp-content\/uploads\/2023\/03\/7770_paadiaku-Optima-BTDC-66Ah.jpg","type":"image\/jpeg"}],"twitter_card":"summary_large_image","twitter_misc":{"Est. reading time":"1 minut"},"schema":{"@context":"https:\/\/schema.org","@graph":[{"@type":"WebPage","@id":"https:\/\/nordlinepaadid.ee\/et\/pood\/electrical-equipments\/batteries-chargers-inverters\/aku-optima-blue-top-66-ah-dc-5-0\/","url":"https:\/\/nordlinepaadid.ee\/et\/pood\/electrical-equipments\/batteries-chargers-inverters\/aku-optima-blue-top-66-ah-dc-5-0\/","name":"AKU- OPTIMA BLUE TOP 66 AH DC 5.0 - NORDLINE s\u00f5udepaadid ja mootorpaadid. Klaasfiiber materjalist.","isPartOf":{"@id":"https:\/\/nordlinepaadid.ee\/et\/#website"},"primaryImageOfPage":{"@id":"https:\/\/nordlinepaadid.ee\/et\/pood\/electrical-equipments\/batteries-chargers-inverters\/aku-optima-blue-top-66-ah-dc-5-0\/#primaryimage"},"image":{"@id":"https:\/\/nordlinepaadid.ee\/et\/pood\/electrical-equipments\/batteries-chargers-inverters\/aku-optima-blue-top-66-ah-dc-5-0\/#primaryimage"},"thumbnailUrl":"https:\/\/nordlinepaadid.ee\/wp-content\/uploads\/2023\/03\/7770_paadiaku-Optima-BTDC-66Ah.jpg","datePublished":"2026-04-07T00:19:01+00:00","dateModified":"2026-04-08T07:00:24+00:00","breadcrumb":{"@id":"https:\/\/nordlinepaadid.ee\/et\/pood\/electrical-equipments\/batteries-chargers-inverters\/aku-optima-blue-top-66-ah-dc-5-0\/#breadcrumb"},"inLanguage":"et","potentialAction":[{"@type":"ReadAction","target":["https:\/\/nordlinepaadid.ee\/et\/pood\/electrical-equipments\/batteries-chargers-inverters\/aku-optima-blue-top-66-ah-dc-5-0\/"]}]},{"@type":"ImageObject","inLanguage":"et","@id":"https:\/\/nordlinepaadid.ee\/et\/pood\/electrical-equipments\/batteries-chargers-inverters\/aku-optima-blue-top-66-ah-dc-5-0\/#primaryimage","url":"https:\/\/nordlinepaadid.ee\/wp-content\/uploads\/2023\/03\/7770_paadiaku-Optima-BTDC-66Ah.jpg","contentUrl":"https:\/\/nordlinepaadid.ee\/wp-content\/uploads\/2023\/03\/7770_paadiaku-Optima-BTDC-66Ah.jpg","width":404,"height":352},{"@type":"BreadcrumbList","@id":"https:\/\/nordlinepaadid.ee\/et\/pood\/electrical-equipments\/batteries-chargers-inverters\/aku-optima-blue-top-66-ah-dc-5-0\/#breadcrumb","itemListElement":[{"@type":"ListItem","position":1,"name":"Home","item":"https:\/\/nordlinepaadid.ee\/et\/"},{"@type":"ListItem","position":2,"name":"Pood","item":"https:\/\/nordlinepaadid.ee\/et\/pood\/"},{"@type":"ListItem","position":3,"name":"AKU- OPTIMA BLUE TOP 66 AH DC 5.0"}]},{"@type":"WebSite","@id":"https:\/\/nordlinepaadid.ee\/et\/#website","url":"https:\/\/nordlinepaadid.ee\/et\/","name":"NORDLINE s\u00f5udepaadid ja mootorpaadid. Klaasfiiber materjalist.","description":"","publisher":{"@id":"https:\/\/nordlinepaadid.ee\/et\/#organization"},"potentialAction":[{"@type":"SearchAction","target":{"@type":"EntryPoint","urlTemplate":"https:\/\/nordlinepaadid.ee\/et\/?s={search_term_string}"},"query-input":{"@type":"PropertyValueSpecification","valueRequired":true,"valueName":"search_term_string"}}],"inLanguage":"et"},{"@type":"Organization","@id":"https:\/\/nordlinepaadid.ee\/et\/#organization","name":"Nordlineboats","url":"https:\/\/nordlinepaadid.ee\/et\/","logo":{"@type":"ImageObject","inLanguage":"et","@id":"https:\/\/nordlinepaadid.ee\/et\/#\/schema\/logo\/image\/","url":"https:\/\/nordlinepaadid.ee\/wp-content\/uploads\/2023\/01\/fulllogo_transparent_nobuffer-e1672750475494.png","contentUrl":"https:\/\/nordlinepaadid.ee\/wp-content\/uploads\/2023\/01\/fulllogo_transparent_nobuffer-e1672750475494.png","width":150,"height":119,"caption":"Nordlineboats"},"image":{"@id":"https:\/\/nordlinepaadid.ee\/et\/#\/schema\/logo\/image\/"},"sameAs":["https:\/\/www.facebook.com\/nordlineboats","https:\/\/www.youtube.com\/channel\/UCbgF0fy02y3QkFnujaLTaCA"]}]}},"taxonomy_info":{"product_cat":[{"value":251,"label":"Akud, Akulaadijad, Inverterid"},{"value":239,"label":"ELEKTRITARVIKUD"}],"pa_producer":[{"value":632,"label":"Optima Batteries"}],"pa_unit":[{"value":416,"label":"pcs"}]},"featured_image_src_large":["https:\/\/nordlinepaadid.ee\/wp-content\/uploads\/2023\/03\/7770_paadiaku-Optima-BTDC-66Ah.jpg",404,352,false],"author_info":[],"comment_info":"","_links":{"self":[{"href":"https:\/\/nordlinepaadid.ee\/et\/wp-json\/wp\/v2\/product\/26956","targetHints":{"allow":["GET"]}}],"collection":[{"href":"https:\/\/nordlinepaadid.ee\/et\/wp-json\/wp\/v2\/product"}],"about":[{"href":"https:\/\/nordlinepaadid.ee\/et\/wp-json\/wp\/v2\/types\/product"}],"wp:featuredmedia":[{"embeddable":true,"href":"https:\/\/nordlinepaadid.ee\/et\/wp-json\/wp\/v2\/media\/26957"}],"wp:attachment":[{"href":"https:\/\/nordlinepaadid.ee\/et\/wp-json\/wp\/v2\/media?parent=26956"}],"wp:term":[{"taxonomy":"product_brand","embeddable":true,"href":"https:\/\/nordlinepaadid.ee\/et\/wp-json\/wp\/v2\/product_brand?post=26956"},{"taxonomy":"product_cat","embeddable":true,"href":"https:\/\/nordlinepaadid.ee\/et\/wp-json\/wp\/v2\/product_cat?post=26956"},{"taxonomy":"product_tag","embeddable":true,"href":"https:\/\/nordlinepaadid.ee\/et\/wp-json\/wp\/v2\/product_tag?post=26956"}],"curies":[{"name":"wp","href":"https:\/\/api.w.org\/{rel}","templated":true}]}}