{"id":26988,"date":"2026-04-07T03:20:02","date_gmt":"2026-04-07T00:20:02","guid":{"rendered":"https:\/\/nordlinepaadid.ee\/pood\/anchor-windlass-lewmar-cpx-s-s-500-w\/"},"modified":"2026-04-09T00:06:11","modified_gmt":"2026-04-08T21:06:11","slug":"ankruvints-lewmar-cpx-r-v-500-w","status":"publish","type":"product","link":"https:\/\/nordlinepaadid.ee\/et\/pood\/ru-anchors-chains-wires\/anchor-winches-ru\/ankruvints-lewmar-cpx-r-v-500-w\/","title":{"rendered":"ANKRUVINTS, LEWMAR CPX, R\/V, 500 W"},"content":{"rendered":"<p>Lewmari uus ankruvintside seeria, mis \u00fchendab endas selge, kompaktse ja lihtsa disaini ning k\u00f5rgekvaliteedilised materjalid. CPX seerial on v\u00f5imas ja usaldusv\u00e4\u00e4rne mootor ning \u00fclekanne. Erineva v\u00f5imsusega mootorid teevad selle seeria sobivaks paatidele 6-13 meetrit.<\/p>\n<p><strong>Tehnilised andmed<\/strong><\/p>\n<p>&#13;<br \/>\n&#13;<\/p>\n<p>Toide \u2013 12 V<\/p>\n<p>&#13;<br \/>\n&#13;<\/p>\n<p>V\u00f5imsus \u2013 500 W<\/p>\n<p>&#13;<br \/>\n&#13;<\/p>\n<p>Keti l\u00e4bim\u00f5\u00f5t \u2013 6\/7 mm<\/p>\n<p>&#13;<br \/>\n&#13;<\/p>\n<p>Otsa l\u00e4bim\u00f5\u00f5t \u2013 12 mm<\/p>\n<p>&#13;<br \/>\n&#13;<\/p>\n<p>Max koormus \u2013 410 kg<\/p>\n<p>&#13;<br \/>\n&#13;<\/p>\n<p>T\u00f6\u00f6koormus \u2013 103 kg<\/p>\n<p>&#13;<br \/>\n&#13;<\/p>\n<p>Max t\u00f5mbekiirus \u2013 14 m\/min<\/p>\n<p>&#13;<br \/>\n&#13;<\/p>\n<p>Pinge \u2013 75 A<\/p>\n<p>&#13;<br \/>\n&#13;<\/p>\n<p>Kaal \u2013 9,2 kg<\/p>\n<p>&#13;<\/p>\n","protected":false},"excerpt":{"rendered":"<p>Lewmari uus ankruvintside seeria, mis \u00fchendab endas selge, kompaktse ja lihtsa disaini ning k\u00f5rgekvaliteedilised materjalid. CPX seerial on v\u00f5imas ja usaldusv\u00e4\u00e4rne mootor ning \u00fclekanne. Erineva v\u00f5imsusega mootorid teevad selle seeria sobivaks paatidele 6-13 meetrit. Tehnilised andmed &#13; &#13; Toide \u2013 12 V &#13; &#13; V\u00f5imsus \u2013 500 W &#13; &#13; Keti l\u00e4bim\u00f5\u00f5t \u2013 6\/7 mm&#8230;<\/p>\n","protected":false},"featured_media":26989,"template":"","meta":{"_kad_blocks_custom_css":"","_kad_blocks_head_custom_js":"","_kad_blocks_body_custom_js":"","_kad_blocks_footer_custom_js":"","_kad_post_transparent":"","_kad_post_title":"","_kad_post_layout":"","_kad_post_sidebar_id":"","_kad_post_content_style":"","_kad_post_vertical_padding":"","_kad_post_feature":"","_kad_post_feature_position":"","_kad_post_header":false,"_kad_post_footer":false,"_kad_post_classname":""},"product_brand":[],"product_cat":[246,389,938],"product_tag":[],"class_list":{"0":"post-26988","1":"product","2":"type-product","3":"status-publish","4":"has-post-thumbnail","6":"product_cat-ankrud-ketid-trossid","7":"product_cat-ankruvintsid","8":"product_cat-anchor-winches-ru","9":"pa_producer-lewmar","10":"pa_unit-kit","11":"tm-no-options","13":"first","14":"onbackorder","15":"taxable","16":"shipping-taxable","17":"purchasable","18":"product-type-simple","19":"entry","20":"content-bg","21":"loop-entry"},"yoast_head":"<!-- This site is optimized with the Yoast SEO plugin v27.3 - https:\/\/yoast.com\/product\/yoast-seo-wordpress\/ -->\n<title>ANKRUVINTS, LEWMAR CPX, R\/V, 500 W - NORDLINE s\u00f5udepaadid ja mootorpaadid. Klaasfiiber materjalist.<\/title>\n<meta name=\"robots\" content=\"index, follow, max-snippet:-1, max-image-preview:large, max-video-preview:-1\" \/>\n<link rel=\"canonical\" href=\"https:\/\/nordlinepaadid.ee\/et\/pood\/ru-anchors-chains-wires\/anchor-winches-ru\/ankruvints-lewmar-cpx-r-v-500-w\/\" \/>\n<meta property=\"og:locale\" content=\"et_EE\" \/>\n<meta property=\"og:type\" content=\"article\" \/>\n<meta property=\"og:title\" content=\"ANKRUVINTS, LEWMAR CPX, R\/V, 500 W - NORDLINE s\u00f5udepaadid ja mootorpaadid. Klaasfiiber materjalist.\" \/>\n<meta property=\"og:description\" content=\"Lewmari uus ankruvintside seeria, mis \u00fchendab endas selge, kompaktse ja lihtsa disaini ning k\u00f5rgekvaliteedilised materjalid. CPX seerial on v\u00f5imas ja usaldusv\u00e4\u00e4rne mootor ning \u00fclekanne. Erineva v\u00f5imsusega mootorid teevad selle seeria sobivaks paatidele 6-13 meetrit. Tehnilised andmed &#013; &#013; Toide \u2013 12 V &#013; &#013; V\u00f5imsus \u2013 500 W &#013; &#013; Keti l\u00e4bim\u00f5\u00f5t \u2013 6\/7 mm...\" \/>\n<meta property=\"og:url\" content=\"https:\/\/nordlinepaadid.ee\/et\/pood\/ru-anchors-chains-wires\/anchor-winches-ru\/ankruvints-lewmar-cpx-r-v-500-w\/\" \/>\n<meta property=\"og:site_name\" content=\"NORDLINE s\u00f5udepaadid ja mootorpaadid. Klaasfiiber materjalist.\" \/>\n<meta property=\"article:publisher\" content=\"https:\/\/www.facebook.com\/nordlineboats\" \/>\n<meta property=\"article:modified_time\" content=\"2026-04-08T21:06:11+00:00\" \/>\n<meta property=\"og:image\" content=\"https:\/\/nordlinepaadid.ee\/wp-content\/uploads\/2023\/03\/7780_EN_02.532.xx_.jpg\" \/>\n\t<meta property=\"og:image:width\" content=\"800\" \/>\n\t<meta property=\"og:image:height\" content=\"653\" \/>\n\t<meta property=\"og:image:type\" content=\"image\/jpeg\" \/>\n<meta name=\"twitter:card\" content=\"summary_large_image\" \/>\n<script type=\"application\/ld+json\" class=\"yoast-schema-graph\">{\"@context\":\"https:\\\/\\\/schema.org\",\"@graph\":[{\"@type\":\"WebPage\",\"@id\":\"https:\\\/\\\/nordlinepaadid.ee\\\/et\\\/pood\\\/ru-anchors-chains-wires\\\/anchor-winches-ru\\\/ankruvints-lewmar-cpx-r-v-500-w\\\/\",\"url\":\"https:\\\/\\\/nordlinepaadid.ee\\\/et\\\/pood\\\/ru-anchors-chains-wires\\\/anchor-winches-ru\\\/ankruvints-lewmar-cpx-r-v-500-w\\\/\",\"name\":\"ANKRUVINTS, LEWMAR CPX, R\\\/V, 500 W - NORDLINE s\u00f5udepaadid ja mootorpaadid. Klaasfiiber materjalist.\",\"isPartOf\":{\"@id\":\"https:\\\/\\\/nordlinepaadid.ee\\\/et\\\/#website\"},\"primaryImageOfPage\":{\"@id\":\"https:\\\/\\\/nordlinepaadid.ee\\\/et\\\/pood\\\/ru-anchors-chains-wires\\\/anchor-winches-ru\\\/ankruvints-lewmar-cpx-r-v-500-w\\\/#primaryimage\"},\"image\":{\"@id\":\"https:\\\/\\\/nordlinepaadid.ee\\\/et\\\/pood\\\/ru-anchors-chains-wires\\\/anchor-winches-ru\\\/ankruvints-lewmar-cpx-r-v-500-w\\\/#primaryimage\"},\"thumbnailUrl\":\"https:\\\/\\\/nordlinepaadid.ee\\\/wp-content\\\/uploads\\\/2023\\\/03\\\/7780_EN_02.532.xx_.jpg\",\"datePublished\":\"2026-04-07T00:20:02+00:00\",\"dateModified\":\"2026-04-08T21:06:11+00:00\",\"breadcrumb\":{\"@id\":\"https:\\\/\\\/nordlinepaadid.ee\\\/et\\\/pood\\\/ru-anchors-chains-wires\\\/anchor-winches-ru\\\/ankruvints-lewmar-cpx-r-v-500-w\\\/#breadcrumb\"},\"inLanguage\":\"et\",\"potentialAction\":[{\"@type\":\"ReadAction\",\"target\":[\"https:\\\/\\\/nordlinepaadid.ee\\\/et\\\/pood\\\/ru-anchors-chains-wires\\\/anchor-winches-ru\\\/ankruvints-lewmar-cpx-r-v-500-w\\\/\"]}]},{\"@type\":\"ImageObject\",\"inLanguage\":\"et\",\"@id\":\"https:\\\/\\\/nordlinepaadid.ee\\\/et\\\/pood\\\/ru-anchors-chains-wires\\\/anchor-winches-ru\\\/ankruvints-lewmar-cpx-r-v-500-w\\\/#primaryimage\",\"url\":\"https:\\\/\\\/nordlinepaadid.ee\\\/wp-content\\\/uploads\\\/2023\\\/03\\\/7780_EN_02.532.xx_.jpg\",\"contentUrl\":\"https:\\\/\\\/nordlinepaadid.ee\\\/wp-content\\\/uploads\\\/2023\\\/03\\\/7780_EN_02.532.xx_.jpg\",\"width\":800,\"height\":653},{\"@type\":\"BreadcrumbList\",\"@id\":\"https:\\\/\\\/nordlinepaadid.ee\\\/et\\\/pood\\\/ru-anchors-chains-wires\\\/anchor-winches-ru\\\/ankruvints-lewmar-cpx-r-v-500-w\\\/#breadcrumb\",\"itemListElement\":[{\"@type\":\"ListItem\",\"position\":1,\"name\":\"Home\",\"item\":\"https:\\\/\\\/nordlinepaadid.ee\\\/et\\\/\"},{\"@type\":\"ListItem\",\"position\":2,\"name\":\"Pood\",\"item\":\"https:\\\/\\\/nordlinepaadid.ee\\\/et\\\/pood\\\/\"},{\"@type\":\"ListItem\",\"position\":3,\"name\":\"ANKRUVINTS, LEWMAR CPX, R\\\/V, 500 W\"}]},{\"@type\":\"WebSite\",\"@id\":\"https:\\\/\\\/nordlinepaadid.ee\\\/et\\\/#website\",\"url\":\"https:\\\/\\\/nordlinepaadid.ee\\\/et\\\/\",\"name\":\"NORDLINE s\u00f5udepaadid ja mootorpaadid. Klaasfiiber materjalist.\",\"description\":\"\",\"publisher\":{\"@id\":\"https:\\\/\\\/nordlinepaadid.ee\\\/et\\\/#organization\"},\"potentialAction\":[{\"@type\":\"SearchAction\",\"target\":{\"@type\":\"EntryPoint\",\"urlTemplate\":\"https:\\\/\\\/nordlinepaadid.ee\\\/et\\\/?s={search_term_string}\"},\"query-input\":{\"@type\":\"PropertyValueSpecification\",\"valueRequired\":true,\"valueName\":\"search_term_string\"}}],\"inLanguage\":\"et\"},{\"@type\":\"Organization\",\"@id\":\"https:\\\/\\\/nordlinepaadid.ee\\\/et\\\/#organization\",\"name\":\"Nordlineboats\",\"url\":\"https:\\\/\\\/nordlinepaadid.ee\\\/et\\\/\",\"logo\":{\"@type\":\"ImageObject\",\"inLanguage\":\"et\",\"@id\":\"https:\\\/\\\/nordlinepaadid.ee\\\/et\\\/#\\\/schema\\\/logo\\\/image\\\/\",\"url\":\"https:\\\/\\\/nordlinepaadid.ee\\\/wp-content\\\/uploads\\\/2023\\\/01\\\/fulllogo_transparent_nobuffer-e1672750475494.png\",\"contentUrl\":\"https:\\\/\\\/nordlinepaadid.ee\\\/wp-content\\\/uploads\\\/2023\\\/01\\\/fulllogo_transparent_nobuffer-e1672750475494.png\",\"width\":150,\"height\":119,\"caption\":\"Nordlineboats\"},\"image\":{\"@id\":\"https:\\\/\\\/nordlinepaadid.ee\\\/et\\\/#\\\/schema\\\/logo\\\/image\\\/\"},\"sameAs\":[\"https:\\\/\\\/www.facebook.com\\\/nordlineboats\",\"https:\\\/\\\/www.youtube.com\\\/channel\\\/UCbgF0fy02y3QkFnujaLTaCA\"]}]}<\/script>\n<!-- \/ Yoast SEO plugin. -->","yoast_head_json":{"title":"ANKRUVINTS, LEWMAR CPX, R\/V, 500 W - NORDLINE s\u00f5udepaadid ja mootorpaadid. Klaasfiiber materjalist.","robots":{"index":"index","follow":"follow","max-snippet":"max-snippet:-1","max-image-preview":"max-image-preview:large","max-video-preview":"max-video-preview:-1"},"canonical":"https:\/\/nordlinepaadid.ee\/et\/pood\/ru-anchors-chains-wires\/anchor-winches-ru\/ankruvints-lewmar-cpx-r-v-500-w\/","og_locale":"et_EE","og_type":"article","og_title":"ANKRUVINTS, LEWMAR CPX, R\/V, 500 W - NORDLINE s\u00f5udepaadid ja mootorpaadid. Klaasfiiber materjalist.","og_description":"Lewmari uus ankruvintside seeria, mis \u00fchendab endas selge, kompaktse ja lihtsa disaini ning k\u00f5rgekvaliteedilised materjalid. CPX seerial on v\u00f5imas ja usaldusv\u00e4\u00e4rne mootor ning \u00fclekanne. Erineva v\u00f5imsusega mootorid teevad selle seeria sobivaks paatidele 6-13 meetrit. Tehnilised andmed &#13; &#13; Toide \u2013 12 V &#13; &#13; V\u00f5imsus \u2013 500 W &#13; &#13; Keti l\u00e4bim\u00f5\u00f5t \u2013 6\/7 mm...","og_url":"https:\/\/nordlinepaadid.ee\/et\/pood\/ru-anchors-chains-wires\/anchor-winches-ru\/ankruvints-lewmar-cpx-r-v-500-w\/","og_site_name":"NORDLINE s\u00f5udepaadid ja mootorpaadid. Klaasfiiber materjalist.","article_publisher":"https:\/\/www.facebook.com\/nordlineboats","article_modified_time":"2026-04-08T21:06:11+00:00","og_image":[{"width":800,"height":653,"url":"https:\/\/nordlinepaadid.ee\/wp-content\/uploads\/2023\/03\/7780_EN_02.532.xx_.jpg","type":"image\/jpeg"}],"twitter_card":"summary_large_image","schema":{"@context":"https:\/\/schema.org","@graph":[{"@type":"WebPage","@id":"https:\/\/nordlinepaadid.ee\/et\/pood\/ru-anchors-chains-wires\/anchor-winches-ru\/ankruvints-lewmar-cpx-r-v-500-w\/","url":"https:\/\/nordlinepaadid.ee\/et\/pood\/ru-anchors-chains-wires\/anchor-winches-ru\/ankruvints-lewmar-cpx-r-v-500-w\/","name":"ANKRUVINTS, LEWMAR CPX, R\/V, 500 W - NORDLINE s\u00f5udepaadid ja mootorpaadid. Klaasfiiber materjalist.","isPartOf":{"@id":"https:\/\/nordlinepaadid.ee\/et\/#website"},"primaryImageOfPage":{"@id":"https:\/\/nordlinepaadid.ee\/et\/pood\/ru-anchors-chains-wires\/anchor-winches-ru\/ankruvints-lewmar-cpx-r-v-500-w\/#primaryimage"},"image":{"@id":"https:\/\/nordlinepaadid.ee\/et\/pood\/ru-anchors-chains-wires\/anchor-winches-ru\/ankruvints-lewmar-cpx-r-v-500-w\/#primaryimage"},"thumbnailUrl":"https:\/\/nordlinepaadid.ee\/wp-content\/uploads\/2023\/03\/7780_EN_02.532.xx_.jpg","datePublished":"2026-04-07T00:20:02+00:00","dateModified":"2026-04-08T21:06:11+00:00","breadcrumb":{"@id":"https:\/\/nordlinepaadid.ee\/et\/pood\/ru-anchors-chains-wires\/anchor-winches-ru\/ankruvints-lewmar-cpx-r-v-500-w\/#breadcrumb"},"inLanguage":"et","potentialAction":[{"@type":"ReadAction","target":["https:\/\/nordlinepaadid.ee\/et\/pood\/ru-anchors-chains-wires\/anchor-winches-ru\/ankruvints-lewmar-cpx-r-v-500-w\/"]}]},{"@type":"ImageObject","inLanguage":"et","@id":"https:\/\/nordlinepaadid.ee\/et\/pood\/ru-anchors-chains-wires\/anchor-winches-ru\/ankruvints-lewmar-cpx-r-v-500-w\/#primaryimage","url":"https:\/\/nordlinepaadid.ee\/wp-content\/uploads\/2023\/03\/7780_EN_02.532.xx_.jpg","contentUrl":"https:\/\/nordlinepaadid.ee\/wp-content\/uploads\/2023\/03\/7780_EN_02.532.xx_.jpg","width":800,"height":653},{"@type":"BreadcrumbList","@id":"https:\/\/nordlinepaadid.ee\/et\/pood\/ru-anchors-chains-wires\/anchor-winches-ru\/ankruvints-lewmar-cpx-r-v-500-w\/#breadcrumb","itemListElement":[{"@type":"ListItem","position":1,"name":"Home","item":"https:\/\/nordlinepaadid.ee\/et\/"},{"@type":"ListItem","position":2,"name":"Pood","item":"https:\/\/nordlinepaadid.ee\/et\/pood\/"},{"@type":"ListItem","position":3,"name":"ANKRUVINTS, LEWMAR CPX, R\/V, 500 W"}]},{"@type":"WebSite","@id":"https:\/\/nordlinepaadid.ee\/et\/#website","url":"https:\/\/nordlinepaadid.ee\/et\/","name":"NORDLINE s\u00f5udepaadid ja mootorpaadid. Klaasfiiber materjalist.","description":"","publisher":{"@id":"https:\/\/nordlinepaadid.ee\/et\/#organization"},"potentialAction":[{"@type":"SearchAction","target":{"@type":"EntryPoint","urlTemplate":"https:\/\/nordlinepaadid.ee\/et\/?s={search_term_string}"},"query-input":{"@type":"PropertyValueSpecification","valueRequired":true,"valueName":"search_term_string"}}],"inLanguage":"et"},{"@type":"Organization","@id":"https:\/\/nordlinepaadid.ee\/et\/#organization","name":"Nordlineboats","url":"https:\/\/nordlinepaadid.ee\/et\/","logo":{"@type":"ImageObject","inLanguage":"et","@id":"https:\/\/nordlinepaadid.ee\/et\/#\/schema\/logo\/image\/","url":"https:\/\/nordlinepaadid.ee\/wp-content\/uploads\/2023\/01\/fulllogo_transparent_nobuffer-e1672750475494.png","contentUrl":"https:\/\/nordlinepaadid.ee\/wp-content\/uploads\/2023\/01\/fulllogo_transparent_nobuffer-e1672750475494.png","width":150,"height":119,"caption":"Nordlineboats"},"image":{"@id":"https:\/\/nordlinepaadid.ee\/et\/#\/schema\/logo\/image\/"},"sameAs":["https:\/\/www.facebook.com\/nordlineboats","https:\/\/www.youtube.com\/channel\/UCbgF0fy02y3QkFnujaLTaCA"]}]}},"taxonomy_info":{"product_cat":[{"value":246,"label":"ANKRUD, KETID, TROSSID"},{"value":389,"label":"Ankruvintsid"},{"value":938,"label":"\u042f\u043a\u043e\u0440\u043d\u044b\u0435 \u043b\u0435\u0431\u0435\u0434\u043a\u0438"}],"pa_producer":[{"value":456,"label":"Lewmar"}],"pa_unit":[{"value":441,"label":"kit"}]},"featured_image_src_large":["https:\/\/nordlinepaadid.ee\/wp-content\/uploads\/2023\/03\/7780_EN_02.532.xx_.jpg",800,653,false],"author_info":[],"comment_info":"","_links":{"self":[{"href":"https:\/\/nordlinepaadid.ee\/et\/wp-json\/wp\/v2\/product\/26988","targetHints":{"allow":["GET"]}}],"collection":[{"href":"https:\/\/nordlinepaadid.ee\/et\/wp-json\/wp\/v2\/product"}],"about":[{"href":"https:\/\/nordlinepaadid.ee\/et\/wp-json\/wp\/v2\/types\/product"}],"wp:featuredmedia":[{"embeddable":true,"href":"https:\/\/nordlinepaadid.ee\/et\/wp-json\/wp\/v2\/media\/26989"}],"wp:attachment":[{"href":"https:\/\/nordlinepaadid.ee\/et\/wp-json\/wp\/v2\/media?parent=26988"}],"wp:term":[{"taxonomy":"product_brand","embeddable":true,"href":"https:\/\/nordlinepaadid.ee\/et\/wp-json\/wp\/v2\/product_brand?post=26988"},{"taxonomy":"product_cat","embeddable":true,"href":"https:\/\/nordlinepaadid.ee\/et\/wp-json\/wp\/v2\/product_cat?post=26988"},{"taxonomy":"product_tag","embeddable":true,"href":"https:\/\/nordlinepaadid.ee\/et\/wp-json\/wp\/v2\/product_tag?post=26988"}],"curies":[{"name":"wp","href":"https:\/\/api.w.org\/{rel}","templated":true}]}}