{"id":27006,"date":"2026-04-07T03:20:03","date_gmt":"2026-04-07T00:20:03","guid":{"rendered":"https:\/\/nordlinepaadid.ee\/pood\/anchor-windlass-hand-held-remote-control-quick-2-channels\/"},"modified":"2026-04-08T16:01:32","modified_gmt":"2026-04-08T13:01:32","slug":"ankruvintsi-pult-quick-2-kanalit","status":"publish","type":"product","link":"https:\/\/nordlinepaadid.ee\/et\/pood\/ru-anchors-chains-wires\/anchor-winches-ru\/ankruvintsi-pult-quick-2-kanalit\/","title":{"rendered":"ANKRUVINTSI PULT- QUICK, 2 KANALIT"},"content":{"rendered":"<p>Mitmeotstarbeline juhtimispult erinevatele tekiseadmetele nagu ankruvintsid, v\u00e4iksed kraanad, taavetid jne. Seade on tehtud vastupidavatest materjalidest, veekindla korpuse ja pistikuga. Kaabli pikkus on 4,2 m. Puldi otsas on LED lamp, mis h\u00f5lbustab pimedas t\u00f6\u00f6tamist. Puldil on kaks kanalit.<\/p>\n","protected":false},"excerpt":{"rendered":"<p>Mitmeotstarbeline juhtimispult erinevatele tekiseadmetele nagu ankruvintsid, v\u00e4iksed kraanad, taavetid jne. Seade on tehtud vastupidavatest materjalidest, veekindla korpuse ja pistikuga. Kaabli pikkus on 4,2 m. Puldi otsas on LED lamp, mis h\u00f5lbustab pimedas t\u00f6\u00f6tamist. Puldil on kaks kanalit.<\/p>\n","protected":false},"featured_media":27007,"template":"","meta":{"_kad_blocks_custom_css":"","_kad_blocks_head_custom_js":"","_kad_blocks_body_custom_js":"","_kad_blocks_footer_custom_js":"","_kad_post_transparent":"","_kad_post_title":"","_kad_post_layout":"","_kad_post_sidebar_id":"","_kad_post_content_style":"","_kad_post_vertical_padding":"","_kad_post_feature":"","_kad_post_feature_position":"","_kad_post_header":false,"_kad_post_footer":false,"_kad_post_classname":""},"product_brand":[],"product_cat":[246,389,938],"product_tag":[],"class_list":{"0":"post-27006","1":"product","2":"type-product","3":"status-publish","4":"has-post-thumbnail","6":"product_cat-ankrud-ketid-trossid","7":"product_cat-ankruvintsid","8":"product_cat-anchor-winches-ru","9":"pa_producer-quick","10":"pa_unit-kit","11":"tm-no-options","13":"first","14":"onbackorder","15":"taxable","16":"shipping-taxable","17":"purchasable","18":"product-type-simple","19":"entry","20":"content-bg","21":"loop-entry"},"yoast_head":"<!-- This site is optimized with the Yoast SEO plugin v27.3 - https:\/\/yoast.com\/product\/yoast-seo-wordpress\/ -->\n<title>ANKRUVINTSI PULT- QUICK, 2 KANALIT - NORDLINE s\u00f5udepaadid ja mootorpaadid. Klaasfiiber materjalist.<\/title>\n<meta name=\"robots\" content=\"index, follow, max-snippet:-1, max-image-preview:large, max-video-preview:-1\" \/>\n<link rel=\"canonical\" href=\"https:\/\/nordlinepaadid.ee\/et\/pood\/ru-anchors-chains-wires\/anchor-winches-ru\/ankruvintsi-pult-quick-2-kanalit\/\" \/>\n<meta property=\"og:locale\" content=\"et_EE\" \/>\n<meta property=\"og:type\" content=\"article\" \/>\n<meta property=\"og:title\" content=\"ANKRUVINTSI PULT- QUICK, 2 KANALIT - NORDLINE s\u00f5udepaadid ja mootorpaadid. Klaasfiiber materjalist.\" \/>\n<meta property=\"og:description\" content=\"Mitmeotstarbeline juhtimispult erinevatele tekiseadmetele nagu ankruvintsid, v\u00e4iksed kraanad, taavetid jne. Seade on tehtud vastupidavatest materjalidest, veekindla korpuse ja pistikuga. Kaabli pikkus on 4,2 m. Puldi otsas on LED lamp, mis h\u00f5lbustab pimedas t\u00f6\u00f6tamist. Puldil on kaks kanalit.\" \/>\n<meta property=\"og:url\" content=\"https:\/\/nordlinepaadid.ee\/et\/pood\/ru-anchors-chains-wires\/anchor-winches-ru\/ankruvintsi-pult-quick-2-kanalit\/\" \/>\n<meta property=\"og:site_name\" content=\"NORDLINE s\u00f5udepaadid ja mootorpaadid. Klaasfiiber materjalist.\" \/>\n<meta property=\"article:publisher\" content=\"https:\/\/www.facebook.com\/nordlineboats\" \/>\n<meta property=\"article:modified_time\" content=\"2026-04-08T13:01:32+00:00\" \/>\n<meta property=\"og:image\" content=\"https:\/\/nordlinepaadid.ee\/wp-content\/uploads\/2023\/03\/7805_qi201002-d1.jpg\" \/>\n\t<meta property=\"og:image:width\" content=\"321\" \/>\n\t<meta property=\"og:image:height\" content=\"350\" \/>\n\t<meta property=\"og:image:type\" content=\"image\/jpeg\" \/>\n<meta name=\"twitter:card\" content=\"summary_large_image\" \/>\n<script type=\"application\/ld+json\" class=\"yoast-schema-graph\">{\"@context\":\"https:\\\/\\\/schema.org\",\"@graph\":[{\"@type\":\"WebPage\",\"@id\":\"https:\\\/\\\/nordlinepaadid.ee\\\/et\\\/pood\\\/ru-anchors-chains-wires\\\/anchor-winches-ru\\\/ankruvintsi-pult-quick-2-kanalit\\\/\",\"url\":\"https:\\\/\\\/nordlinepaadid.ee\\\/et\\\/pood\\\/ru-anchors-chains-wires\\\/anchor-winches-ru\\\/ankruvintsi-pult-quick-2-kanalit\\\/\",\"name\":\"ANKRUVINTSI PULT- QUICK, 2 KANALIT - NORDLINE s\u00f5udepaadid ja mootorpaadid. Klaasfiiber materjalist.\",\"isPartOf\":{\"@id\":\"https:\\\/\\\/nordlinepaadid.ee\\\/et\\\/#website\"},\"primaryImageOfPage\":{\"@id\":\"https:\\\/\\\/nordlinepaadid.ee\\\/et\\\/pood\\\/ru-anchors-chains-wires\\\/anchor-winches-ru\\\/ankruvintsi-pult-quick-2-kanalit\\\/#primaryimage\"},\"image\":{\"@id\":\"https:\\\/\\\/nordlinepaadid.ee\\\/et\\\/pood\\\/ru-anchors-chains-wires\\\/anchor-winches-ru\\\/ankruvintsi-pult-quick-2-kanalit\\\/#primaryimage\"},\"thumbnailUrl\":\"https:\\\/\\\/nordlinepaadid.ee\\\/wp-content\\\/uploads\\\/2023\\\/03\\\/7805_qi201002-d1.jpg\",\"datePublished\":\"2026-04-07T00:20:03+00:00\",\"dateModified\":\"2026-04-08T13:01:32+00:00\",\"breadcrumb\":{\"@id\":\"https:\\\/\\\/nordlinepaadid.ee\\\/et\\\/pood\\\/ru-anchors-chains-wires\\\/anchor-winches-ru\\\/ankruvintsi-pult-quick-2-kanalit\\\/#breadcrumb\"},\"inLanguage\":\"et\",\"potentialAction\":[{\"@type\":\"ReadAction\",\"target\":[\"https:\\\/\\\/nordlinepaadid.ee\\\/et\\\/pood\\\/ru-anchors-chains-wires\\\/anchor-winches-ru\\\/ankruvintsi-pult-quick-2-kanalit\\\/\"]}]},{\"@type\":\"ImageObject\",\"inLanguage\":\"et\",\"@id\":\"https:\\\/\\\/nordlinepaadid.ee\\\/et\\\/pood\\\/ru-anchors-chains-wires\\\/anchor-winches-ru\\\/ankruvintsi-pult-quick-2-kanalit\\\/#primaryimage\",\"url\":\"https:\\\/\\\/nordlinepaadid.ee\\\/wp-content\\\/uploads\\\/2023\\\/03\\\/7805_qi201002-d1.jpg\",\"contentUrl\":\"https:\\\/\\\/nordlinepaadid.ee\\\/wp-content\\\/uploads\\\/2023\\\/03\\\/7805_qi201002-d1.jpg\",\"width\":321,\"height\":350},{\"@type\":\"BreadcrumbList\",\"@id\":\"https:\\\/\\\/nordlinepaadid.ee\\\/et\\\/pood\\\/ru-anchors-chains-wires\\\/anchor-winches-ru\\\/ankruvintsi-pult-quick-2-kanalit\\\/#breadcrumb\",\"itemListElement\":[{\"@type\":\"ListItem\",\"position\":1,\"name\":\"Home\",\"item\":\"https:\\\/\\\/nordlinepaadid.ee\\\/et\\\/\"},{\"@type\":\"ListItem\",\"position\":2,\"name\":\"Pood\",\"item\":\"https:\\\/\\\/nordlinepaadid.ee\\\/et\\\/pood\\\/\"},{\"@type\":\"ListItem\",\"position\":3,\"name\":\"ANKRUVINTSI PULT- QUICK, 2 KANALIT\"}]},{\"@type\":\"WebSite\",\"@id\":\"https:\\\/\\\/nordlinepaadid.ee\\\/et\\\/#website\",\"url\":\"https:\\\/\\\/nordlinepaadid.ee\\\/et\\\/\",\"name\":\"NORDLINE s\u00f5udepaadid ja mootorpaadid. Klaasfiiber materjalist.\",\"description\":\"\",\"publisher\":{\"@id\":\"https:\\\/\\\/nordlinepaadid.ee\\\/et\\\/#organization\"},\"potentialAction\":[{\"@type\":\"SearchAction\",\"target\":{\"@type\":\"EntryPoint\",\"urlTemplate\":\"https:\\\/\\\/nordlinepaadid.ee\\\/et\\\/?s={search_term_string}\"},\"query-input\":{\"@type\":\"PropertyValueSpecification\",\"valueRequired\":true,\"valueName\":\"search_term_string\"}}],\"inLanguage\":\"et\"},{\"@type\":\"Organization\",\"@id\":\"https:\\\/\\\/nordlinepaadid.ee\\\/et\\\/#organization\",\"name\":\"Nordlineboats\",\"url\":\"https:\\\/\\\/nordlinepaadid.ee\\\/et\\\/\",\"logo\":{\"@type\":\"ImageObject\",\"inLanguage\":\"et\",\"@id\":\"https:\\\/\\\/nordlinepaadid.ee\\\/et\\\/#\\\/schema\\\/logo\\\/image\\\/\",\"url\":\"https:\\\/\\\/nordlinepaadid.ee\\\/wp-content\\\/uploads\\\/2023\\\/01\\\/fulllogo_transparent_nobuffer-e1672750475494.png\",\"contentUrl\":\"https:\\\/\\\/nordlinepaadid.ee\\\/wp-content\\\/uploads\\\/2023\\\/01\\\/fulllogo_transparent_nobuffer-e1672750475494.png\",\"width\":150,\"height\":119,\"caption\":\"Nordlineboats\"},\"image\":{\"@id\":\"https:\\\/\\\/nordlinepaadid.ee\\\/et\\\/#\\\/schema\\\/logo\\\/image\\\/\"},\"sameAs\":[\"https:\\\/\\\/www.facebook.com\\\/nordlineboats\",\"https:\\\/\\\/www.youtube.com\\\/channel\\\/UCbgF0fy02y3QkFnujaLTaCA\"]}]}<\/script>\n<!-- \/ Yoast SEO plugin. -->","yoast_head_json":{"title":"ANKRUVINTSI PULT- QUICK, 2 KANALIT - NORDLINE s\u00f5udepaadid ja mootorpaadid. Klaasfiiber materjalist.","robots":{"index":"index","follow":"follow","max-snippet":"max-snippet:-1","max-image-preview":"max-image-preview:large","max-video-preview":"max-video-preview:-1"},"canonical":"https:\/\/nordlinepaadid.ee\/et\/pood\/ru-anchors-chains-wires\/anchor-winches-ru\/ankruvintsi-pult-quick-2-kanalit\/","og_locale":"et_EE","og_type":"article","og_title":"ANKRUVINTSI PULT- QUICK, 2 KANALIT - NORDLINE s\u00f5udepaadid ja mootorpaadid. Klaasfiiber materjalist.","og_description":"Mitmeotstarbeline juhtimispult erinevatele tekiseadmetele nagu ankruvintsid, v\u00e4iksed kraanad, taavetid jne. Seade on tehtud vastupidavatest materjalidest, veekindla korpuse ja pistikuga. Kaabli pikkus on 4,2 m. Puldi otsas on LED lamp, mis h\u00f5lbustab pimedas t\u00f6\u00f6tamist. Puldil on kaks kanalit.","og_url":"https:\/\/nordlinepaadid.ee\/et\/pood\/ru-anchors-chains-wires\/anchor-winches-ru\/ankruvintsi-pult-quick-2-kanalit\/","og_site_name":"NORDLINE s\u00f5udepaadid ja mootorpaadid. Klaasfiiber materjalist.","article_publisher":"https:\/\/www.facebook.com\/nordlineboats","article_modified_time":"2026-04-08T13:01:32+00:00","og_image":[{"width":321,"height":350,"url":"https:\/\/nordlinepaadid.ee\/wp-content\/uploads\/2023\/03\/7805_qi201002-d1.jpg","type":"image\/jpeg"}],"twitter_card":"summary_large_image","schema":{"@context":"https:\/\/schema.org","@graph":[{"@type":"WebPage","@id":"https:\/\/nordlinepaadid.ee\/et\/pood\/ru-anchors-chains-wires\/anchor-winches-ru\/ankruvintsi-pult-quick-2-kanalit\/","url":"https:\/\/nordlinepaadid.ee\/et\/pood\/ru-anchors-chains-wires\/anchor-winches-ru\/ankruvintsi-pult-quick-2-kanalit\/","name":"ANKRUVINTSI PULT- QUICK, 2 KANALIT - NORDLINE s\u00f5udepaadid ja mootorpaadid. Klaasfiiber materjalist.","isPartOf":{"@id":"https:\/\/nordlinepaadid.ee\/et\/#website"},"primaryImageOfPage":{"@id":"https:\/\/nordlinepaadid.ee\/et\/pood\/ru-anchors-chains-wires\/anchor-winches-ru\/ankruvintsi-pult-quick-2-kanalit\/#primaryimage"},"image":{"@id":"https:\/\/nordlinepaadid.ee\/et\/pood\/ru-anchors-chains-wires\/anchor-winches-ru\/ankruvintsi-pult-quick-2-kanalit\/#primaryimage"},"thumbnailUrl":"https:\/\/nordlinepaadid.ee\/wp-content\/uploads\/2023\/03\/7805_qi201002-d1.jpg","datePublished":"2026-04-07T00:20:03+00:00","dateModified":"2026-04-08T13:01:32+00:00","breadcrumb":{"@id":"https:\/\/nordlinepaadid.ee\/et\/pood\/ru-anchors-chains-wires\/anchor-winches-ru\/ankruvintsi-pult-quick-2-kanalit\/#breadcrumb"},"inLanguage":"et","potentialAction":[{"@type":"ReadAction","target":["https:\/\/nordlinepaadid.ee\/et\/pood\/ru-anchors-chains-wires\/anchor-winches-ru\/ankruvintsi-pult-quick-2-kanalit\/"]}]},{"@type":"ImageObject","inLanguage":"et","@id":"https:\/\/nordlinepaadid.ee\/et\/pood\/ru-anchors-chains-wires\/anchor-winches-ru\/ankruvintsi-pult-quick-2-kanalit\/#primaryimage","url":"https:\/\/nordlinepaadid.ee\/wp-content\/uploads\/2023\/03\/7805_qi201002-d1.jpg","contentUrl":"https:\/\/nordlinepaadid.ee\/wp-content\/uploads\/2023\/03\/7805_qi201002-d1.jpg","width":321,"height":350},{"@type":"BreadcrumbList","@id":"https:\/\/nordlinepaadid.ee\/et\/pood\/ru-anchors-chains-wires\/anchor-winches-ru\/ankruvintsi-pult-quick-2-kanalit\/#breadcrumb","itemListElement":[{"@type":"ListItem","position":1,"name":"Home","item":"https:\/\/nordlinepaadid.ee\/et\/"},{"@type":"ListItem","position":2,"name":"Pood","item":"https:\/\/nordlinepaadid.ee\/et\/pood\/"},{"@type":"ListItem","position":3,"name":"ANKRUVINTSI PULT- QUICK, 2 KANALIT"}]},{"@type":"WebSite","@id":"https:\/\/nordlinepaadid.ee\/et\/#website","url":"https:\/\/nordlinepaadid.ee\/et\/","name":"NORDLINE s\u00f5udepaadid ja mootorpaadid. Klaasfiiber materjalist.","description":"","publisher":{"@id":"https:\/\/nordlinepaadid.ee\/et\/#organization"},"potentialAction":[{"@type":"SearchAction","target":{"@type":"EntryPoint","urlTemplate":"https:\/\/nordlinepaadid.ee\/et\/?s={search_term_string}"},"query-input":{"@type":"PropertyValueSpecification","valueRequired":true,"valueName":"search_term_string"}}],"inLanguage":"et"},{"@type":"Organization","@id":"https:\/\/nordlinepaadid.ee\/et\/#organization","name":"Nordlineboats","url":"https:\/\/nordlinepaadid.ee\/et\/","logo":{"@type":"ImageObject","inLanguage":"et","@id":"https:\/\/nordlinepaadid.ee\/et\/#\/schema\/logo\/image\/","url":"https:\/\/nordlinepaadid.ee\/wp-content\/uploads\/2023\/01\/fulllogo_transparent_nobuffer-e1672750475494.png","contentUrl":"https:\/\/nordlinepaadid.ee\/wp-content\/uploads\/2023\/01\/fulllogo_transparent_nobuffer-e1672750475494.png","width":150,"height":119,"caption":"Nordlineboats"},"image":{"@id":"https:\/\/nordlinepaadid.ee\/et\/#\/schema\/logo\/image\/"},"sameAs":["https:\/\/www.facebook.com\/nordlineboats","https:\/\/www.youtube.com\/channel\/UCbgF0fy02y3QkFnujaLTaCA"]}]}},"taxonomy_info":{"product_cat":[{"value":246,"label":"ANKRUD, KETID, TROSSID"},{"value":389,"label":"Ankruvintsid"},{"value":938,"label":"\u042f\u043a\u043e\u0440\u043d\u044b\u0435 \u043b\u0435\u0431\u0435\u0434\u043a\u0438"}],"pa_producer":[{"value":610,"label":"Quick"}],"pa_unit":[{"value":441,"label":"kit"}]},"featured_image_src_large":["https:\/\/nordlinepaadid.ee\/wp-content\/uploads\/2023\/03\/7805_qi201002-d1.jpg",321,350,false],"author_info":[],"comment_info":"","_links":{"self":[{"href":"https:\/\/nordlinepaadid.ee\/et\/wp-json\/wp\/v2\/product\/27006","targetHints":{"allow":["GET"]}}],"collection":[{"href":"https:\/\/nordlinepaadid.ee\/et\/wp-json\/wp\/v2\/product"}],"about":[{"href":"https:\/\/nordlinepaadid.ee\/et\/wp-json\/wp\/v2\/types\/product"}],"wp:featuredmedia":[{"embeddable":true,"href":"https:\/\/nordlinepaadid.ee\/et\/wp-json\/wp\/v2\/media\/27007"}],"wp:attachment":[{"href":"https:\/\/nordlinepaadid.ee\/et\/wp-json\/wp\/v2\/media?parent=27006"}],"wp:term":[{"taxonomy":"product_brand","embeddable":true,"href":"https:\/\/nordlinepaadid.ee\/et\/wp-json\/wp\/v2\/product_brand?post=27006"},{"taxonomy":"product_cat","embeddable":true,"href":"https:\/\/nordlinepaadid.ee\/et\/wp-json\/wp\/v2\/product_cat?post=27006"},{"taxonomy":"product_tag","embeddable":true,"href":"https:\/\/nordlinepaadid.ee\/et\/wp-json\/wp\/v2\/product_tag?post=27006"}],"curies":[{"name":"wp","href":"https:\/\/api.w.org\/{rel}","templated":true}]}}