{"id":27375,"date":"2026-04-07T03:20:23","date_gmt":"2026-04-07T00:20:23","guid":{"rendered":"https:\/\/nordlinepaadid.ee\/pood\/single-block-10-12-mm-lewmar-synchro\/"},"modified":"2026-04-08T02:01:55","modified_gmt":"2026-04-07T23:01:55","slug":"plokk-10-12-mm-lewmar-synchro","status":"publish","type":"product","link":"https:\/\/nordlinepaadid.ee\/et\/pood\/purjepaadi-tarvikud\/plokid-lewmar\/plokk-10-12-mm-lewmar-synchro\/","title":{"rendered":"PLOKK, 10-12 mm, LEWMAR SYNCHRO"},"content":{"rendered":"<p>Plokk min 10 mm ja maks 12 mm otsale, rulliku l\u00e4bim\u00f5\u00f5t 70 mm, maks t\u00f6\u00f6koormus 1100 mm. Lewmar Synchro plokid on lihtsa ja usaldusv\u00e4\u00e4rse disainiga, v\u00e4ga kerged ja vastupidavad. Neid liuglaagriga plokke kasutatakse enamasti suurtel ja p\u00fcsivatel koormustel: vallidel, grootpurje s\u00fcsteemides, mastikanna plokkidena, mastitopi plokkidena ja kontra plokkidena. Komposiidist rullikud jooksevad s\u00fcnteetilisel Free-Spin laagril ja roostevabast terasest tugevdatud p\u00f5sed hoiavad otsa kinnikiilumise eest.  Plokkidel saab v\u00e4ga lihtsalt vahetada p\u00f6\u00f6rleva seekli fikseeritud seekli vastu. K\u00f5ik Syncro-seeria plokid sobituvad Lewmari aluste ja silmuspoltidega.<\/p>\n","protected":false},"excerpt":{"rendered":"<p>Plokk min 10 mm ja maks 12 mm otsale, rulliku l\u00e4bim\u00f5\u00f5t 70 mm, maks t\u00f6\u00f6koormus 1100 mm. Lewmar Synchro plokid on lihtsa ja usaldusv\u00e4\u00e4rse disainiga, v\u00e4ga kerged ja vastupidavad. Neid liuglaagriga plokke kasutatakse enamasti suurtel ja p\u00fcsivatel koormustel: vallidel, grootpurje s\u00fcsteemides, mastikanna plokkidena, mastitopi plokkidena ja kontra plokkidena. Komposiidist rullikud jooksevad s\u00fcnteetilisel Free-Spin laagril ja&#8230;<\/p>\n","protected":false},"featured_media":27376,"template":"","meta":{"_kad_blocks_custom_css":"","_kad_blocks_head_custom_js":"","_kad_blocks_body_custom_js":"","_kad_blocks_footer_custom_js":"","_kad_post_transparent":"","_kad_post_title":"","_kad_post_layout":"","_kad_post_sidebar_id":"","_kad_post_content_style":"","_kad_post_vertical_padding":"","_kad_post_feature":"","_kad_post_feature_position":"","_kad_post_header":false,"_kad_post_footer":false,"_kad_post_classname":""},"product_brand":[],"product_cat":[394,299],"product_tag":[],"class_list":{"0":"post-27375","1":"product","2":"type-product","3":"status-publish","4":"has-post-thumbnail","6":"product_cat-plokid-lewmar","7":"product_cat-purjepaadi-tarvikud","8":"product_shipping_class-pakiautomaati-mahtuv-kaup","9":"pa_producer-lewmar","10":"pa_unit-pcs","11":"tm-no-options","13":"first","14":"onbackorder","15":"taxable","16":"shipping-taxable","17":"purchasable","18":"product-type-simple","19":"entry","20":"content-bg","21":"loop-entry"},"yoast_head":"<!-- This site is optimized with the Yoast SEO plugin v27.3 - https:\/\/yoast.com\/product\/yoast-seo-wordpress\/ -->\n<title>PLOKK, 10-12 mm, LEWMAR SYNCHRO - NORDLINE s\u00f5udepaadid ja mootorpaadid. Klaasfiiber materjalist.<\/title>\n<meta name=\"robots\" content=\"index, follow, max-snippet:-1, max-image-preview:large, max-video-preview:-1\" \/>\n<link rel=\"canonical\" href=\"https:\/\/nordlinepaadid.ee\/et\/pood\/purjepaadi-tarvikud\/plokid-lewmar\/plokk-10-12-mm-lewmar-synchro\/\" \/>\n<meta property=\"og:locale\" content=\"et_EE\" \/>\n<meta property=\"og:type\" content=\"article\" \/>\n<meta property=\"og:title\" content=\"PLOKK, 10-12 mm, LEWMAR SYNCHRO - NORDLINE s\u00f5udepaadid ja mootorpaadid. Klaasfiiber materjalist.\" \/>\n<meta property=\"og:description\" content=\"Plokk min 10 mm ja maks 12 mm otsale, rulliku l\u00e4bim\u00f5\u00f5t 70 mm, maks t\u00f6\u00f6koormus 1100 mm. Lewmar Synchro plokid on lihtsa ja usaldusv\u00e4\u00e4rse disainiga, v\u00e4ga kerged ja vastupidavad. Neid liuglaagriga plokke kasutatakse enamasti suurtel ja p\u00fcsivatel koormustel: vallidel, grootpurje s\u00fcsteemides, mastikanna plokkidena, mastitopi plokkidena ja kontra plokkidena. Komposiidist rullikud jooksevad s\u00fcnteetilisel Free-Spin laagril ja...\" \/>\n<meta property=\"og:url\" content=\"https:\/\/nordlinepaadid.ee\/et\/pood\/purjepaadi-tarvikud\/plokid-lewmar\/plokk-10-12-mm-lewmar-synchro\/\" \/>\n<meta property=\"og:site_name\" content=\"NORDLINE s\u00f5udepaadid ja mootorpaadid. Klaasfiiber materjalist.\" \/>\n<meta property=\"article:publisher\" content=\"https:\/\/www.facebook.com\/nordlineboats\" \/>\n<meta property=\"article:modified_time\" content=\"2026-04-07T23:01:55+00:00\" \/>\n<meta property=\"og:image\" content=\"https:\/\/nordlinepaadid.ee\/wp-content\/uploads\/2023\/03\/7957_EN_68.301.xx_.jpg\" \/>\n\t<meta property=\"og:image:width\" content=\"491\" \/>\n\t<meta property=\"og:image:height\" content=\"800\" \/>\n\t<meta property=\"og:image:type\" content=\"image\/jpeg\" \/>\n<meta name=\"twitter:card\" content=\"summary_large_image\" \/>\n<script type=\"application\/ld+json\" class=\"yoast-schema-graph\">{\"@context\":\"https:\\\/\\\/schema.org\",\"@graph\":[{\"@type\":\"WebPage\",\"@id\":\"https:\\\/\\\/nordlinepaadid.ee\\\/et\\\/pood\\\/purjepaadi-tarvikud\\\/plokid-lewmar\\\/plokk-10-12-mm-lewmar-synchro\\\/\",\"url\":\"https:\\\/\\\/nordlinepaadid.ee\\\/et\\\/pood\\\/purjepaadi-tarvikud\\\/plokid-lewmar\\\/plokk-10-12-mm-lewmar-synchro\\\/\",\"name\":\"PLOKK, 10-12 mm, LEWMAR SYNCHRO - NORDLINE s\u00f5udepaadid ja mootorpaadid. Klaasfiiber materjalist.\",\"isPartOf\":{\"@id\":\"https:\\\/\\\/nordlinepaadid.ee\\\/et\\\/#website\"},\"primaryImageOfPage\":{\"@id\":\"https:\\\/\\\/nordlinepaadid.ee\\\/et\\\/pood\\\/purjepaadi-tarvikud\\\/plokid-lewmar\\\/plokk-10-12-mm-lewmar-synchro\\\/#primaryimage\"},\"image\":{\"@id\":\"https:\\\/\\\/nordlinepaadid.ee\\\/et\\\/pood\\\/purjepaadi-tarvikud\\\/plokid-lewmar\\\/plokk-10-12-mm-lewmar-synchro\\\/#primaryimage\"},\"thumbnailUrl\":\"https:\\\/\\\/nordlinepaadid.ee\\\/wp-content\\\/uploads\\\/2023\\\/03\\\/7957_EN_68.301.xx_.jpg\",\"datePublished\":\"2026-04-07T00:20:23+00:00\",\"dateModified\":\"2026-04-07T23:01:55+00:00\",\"breadcrumb\":{\"@id\":\"https:\\\/\\\/nordlinepaadid.ee\\\/et\\\/pood\\\/purjepaadi-tarvikud\\\/plokid-lewmar\\\/plokk-10-12-mm-lewmar-synchro\\\/#breadcrumb\"},\"inLanguage\":\"et\",\"potentialAction\":[{\"@type\":\"ReadAction\",\"target\":[\"https:\\\/\\\/nordlinepaadid.ee\\\/et\\\/pood\\\/purjepaadi-tarvikud\\\/plokid-lewmar\\\/plokk-10-12-mm-lewmar-synchro\\\/\"]}]},{\"@type\":\"ImageObject\",\"inLanguage\":\"et\",\"@id\":\"https:\\\/\\\/nordlinepaadid.ee\\\/et\\\/pood\\\/purjepaadi-tarvikud\\\/plokid-lewmar\\\/plokk-10-12-mm-lewmar-synchro\\\/#primaryimage\",\"url\":\"https:\\\/\\\/nordlinepaadid.ee\\\/wp-content\\\/uploads\\\/2023\\\/03\\\/7957_EN_68.301.xx_.jpg\",\"contentUrl\":\"https:\\\/\\\/nordlinepaadid.ee\\\/wp-content\\\/uploads\\\/2023\\\/03\\\/7957_EN_68.301.xx_.jpg\",\"width\":491,\"height\":800},{\"@type\":\"BreadcrumbList\",\"@id\":\"https:\\\/\\\/nordlinepaadid.ee\\\/et\\\/pood\\\/purjepaadi-tarvikud\\\/plokid-lewmar\\\/plokk-10-12-mm-lewmar-synchro\\\/#breadcrumb\",\"itemListElement\":[{\"@type\":\"ListItem\",\"position\":1,\"name\":\"Home\",\"item\":\"https:\\\/\\\/nordlinepaadid.ee\\\/et\\\/\"},{\"@type\":\"ListItem\",\"position\":2,\"name\":\"Pood\",\"item\":\"https:\\\/\\\/nordlinepaadid.ee\\\/et\\\/pood\\\/\"},{\"@type\":\"ListItem\",\"position\":3,\"name\":\"PLOKK, 10-12 mm, LEWMAR SYNCHRO\"}]},{\"@type\":\"WebSite\",\"@id\":\"https:\\\/\\\/nordlinepaadid.ee\\\/et\\\/#website\",\"url\":\"https:\\\/\\\/nordlinepaadid.ee\\\/et\\\/\",\"name\":\"NORDLINE s\u00f5udepaadid ja mootorpaadid. Klaasfiiber materjalist.\",\"description\":\"\",\"publisher\":{\"@id\":\"https:\\\/\\\/nordlinepaadid.ee\\\/et\\\/#organization\"},\"potentialAction\":[{\"@type\":\"SearchAction\",\"target\":{\"@type\":\"EntryPoint\",\"urlTemplate\":\"https:\\\/\\\/nordlinepaadid.ee\\\/et\\\/?s={search_term_string}\"},\"query-input\":{\"@type\":\"PropertyValueSpecification\",\"valueRequired\":true,\"valueName\":\"search_term_string\"}}],\"inLanguage\":\"et\"},{\"@type\":\"Organization\",\"@id\":\"https:\\\/\\\/nordlinepaadid.ee\\\/et\\\/#organization\",\"name\":\"Nordlineboats\",\"url\":\"https:\\\/\\\/nordlinepaadid.ee\\\/et\\\/\",\"logo\":{\"@type\":\"ImageObject\",\"inLanguage\":\"et\",\"@id\":\"https:\\\/\\\/nordlinepaadid.ee\\\/et\\\/#\\\/schema\\\/logo\\\/image\\\/\",\"url\":\"https:\\\/\\\/nordlinepaadid.ee\\\/wp-content\\\/uploads\\\/2023\\\/01\\\/fulllogo_transparent_nobuffer-e1672750475494.png\",\"contentUrl\":\"https:\\\/\\\/nordlinepaadid.ee\\\/wp-content\\\/uploads\\\/2023\\\/01\\\/fulllogo_transparent_nobuffer-e1672750475494.png\",\"width\":150,\"height\":119,\"caption\":\"Nordlineboats\"},\"image\":{\"@id\":\"https:\\\/\\\/nordlinepaadid.ee\\\/et\\\/#\\\/schema\\\/logo\\\/image\\\/\"},\"sameAs\":[\"https:\\\/\\\/www.facebook.com\\\/nordlineboats\",\"https:\\\/\\\/www.youtube.com\\\/channel\\\/UCbgF0fy02y3QkFnujaLTaCA\"]}]}<\/script>\n<!-- \/ Yoast SEO plugin. -->","yoast_head_json":{"title":"PLOKK, 10-12 mm, LEWMAR SYNCHRO - NORDLINE s\u00f5udepaadid ja mootorpaadid. Klaasfiiber materjalist.","robots":{"index":"index","follow":"follow","max-snippet":"max-snippet:-1","max-image-preview":"max-image-preview:large","max-video-preview":"max-video-preview:-1"},"canonical":"https:\/\/nordlinepaadid.ee\/et\/pood\/purjepaadi-tarvikud\/plokid-lewmar\/plokk-10-12-mm-lewmar-synchro\/","og_locale":"et_EE","og_type":"article","og_title":"PLOKK, 10-12 mm, LEWMAR SYNCHRO - NORDLINE s\u00f5udepaadid ja mootorpaadid. Klaasfiiber materjalist.","og_description":"Plokk min 10 mm ja maks 12 mm otsale, rulliku l\u00e4bim\u00f5\u00f5t 70 mm, maks t\u00f6\u00f6koormus 1100 mm. Lewmar Synchro plokid on lihtsa ja usaldusv\u00e4\u00e4rse disainiga, v\u00e4ga kerged ja vastupidavad. Neid liuglaagriga plokke kasutatakse enamasti suurtel ja p\u00fcsivatel koormustel: vallidel, grootpurje s\u00fcsteemides, mastikanna plokkidena, mastitopi plokkidena ja kontra plokkidena. Komposiidist rullikud jooksevad s\u00fcnteetilisel Free-Spin laagril ja...","og_url":"https:\/\/nordlinepaadid.ee\/et\/pood\/purjepaadi-tarvikud\/plokid-lewmar\/plokk-10-12-mm-lewmar-synchro\/","og_site_name":"NORDLINE s\u00f5udepaadid ja mootorpaadid. Klaasfiiber materjalist.","article_publisher":"https:\/\/www.facebook.com\/nordlineboats","article_modified_time":"2026-04-07T23:01:55+00:00","og_image":[{"width":491,"height":800,"url":"https:\/\/nordlinepaadid.ee\/wp-content\/uploads\/2023\/03\/7957_EN_68.301.xx_.jpg","type":"image\/jpeg"}],"twitter_card":"summary_large_image","schema":{"@context":"https:\/\/schema.org","@graph":[{"@type":"WebPage","@id":"https:\/\/nordlinepaadid.ee\/et\/pood\/purjepaadi-tarvikud\/plokid-lewmar\/plokk-10-12-mm-lewmar-synchro\/","url":"https:\/\/nordlinepaadid.ee\/et\/pood\/purjepaadi-tarvikud\/plokid-lewmar\/plokk-10-12-mm-lewmar-synchro\/","name":"PLOKK, 10-12 mm, LEWMAR SYNCHRO - NORDLINE s\u00f5udepaadid ja mootorpaadid. Klaasfiiber materjalist.","isPartOf":{"@id":"https:\/\/nordlinepaadid.ee\/et\/#website"},"primaryImageOfPage":{"@id":"https:\/\/nordlinepaadid.ee\/et\/pood\/purjepaadi-tarvikud\/plokid-lewmar\/plokk-10-12-mm-lewmar-synchro\/#primaryimage"},"image":{"@id":"https:\/\/nordlinepaadid.ee\/et\/pood\/purjepaadi-tarvikud\/plokid-lewmar\/plokk-10-12-mm-lewmar-synchro\/#primaryimage"},"thumbnailUrl":"https:\/\/nordlinepaadid.ee\/wp-content\/uploads\/2023\/03\/7957_EN_68.301.xx_.jpg","datePublished":"2026-04-07T00:20:23+00:00","dateModified":"2026-04-07T23:01:55+00:00","breadcrumb":{"@id":"https:\/\/nordlinepaadid.ee\/et\/pood\/purjepaadi-tarvikud\/plokid-lewmar\/plokk-10-12-mm-lewmar-synchro\/#breadcrumb"},"inLanguage":"et","potentialAction":[{"@type":"ReadAction","target":["https:\/\/nordlinepaadid.ee\/et\/pood\/purjepaadi-tarvikud\/plokid-lewmar\/plokk-10-12-mm-lewmar-synchro\/"]}]},{"@type":"ImageObject","inLanguage":"et","@id":"https:\/\/nordlinepaadid.ee\/et\/pood\/purjepaadi-tarvikud\/plokid-lewmar\/plokk-10-12-mm-lewmar-synchro\/#primaryimage","url":"https:\/\/nordlinepaadid.ee\/wp-content\/uploads\/2023\/03\/7957_EN_68.301.xx_.jpg","contentUrl":"https:\/\/nordlinepaadid.ee\/wp-content\/uploads\/2023\/03\/7957_EN_68.301.xx_.jpg","width":491,"height":800},{"@type":"BreadcrumbList","@id":"https:\/\/nordlinepaadid.ee\/et\/pood\/purjepaadi-tarvikud\/plokid-lewmar\/plokk-10-12-mm-lewmar-synchro\/#breadcrumb","itemListElement":[{"@type":"ListItem","position":1,"name":"Home","item":"https:\/\/nordlinepaadid.ee\/et\/"},{"@type":"ListItem","position":2,"name":"Pood","item":"https:\/\/nordlinepaadid.ee\/et\/pood\/"},{"@type":"ListItem","position":3,"name":"PLOKK, 10-12 mm, LEWMAR SYNCHRO"}]},{"@type":"WebSite","@id":"https:\/\/nordlinepaadid.ee\/et\/#website","url":"https:\/\/nordlinepaadid.ee\/et\/","name":"NORDLINE s\u00f5udepaadid ja mootorpaadid. Klaasfiiber materjalist.","description":"","publisher":{"@id":"https:\/\/nordlinepaadid.ee\/et\/#organization"},"potentialAction":[{"@type":"SearchAction","target":{"@type":"EntryPoint","urlTemplate":"https:\/\/nordlinepaadid.ee\/et\/?s={search_term_string}"},"query-input":{"@type":"PropertyValueSpecification","valueRequired":true,"valueName":"search_term_string"}}],"inLanguage":"et"},{"@type":"Organization","@id":"https:\/\/nordlinepaadid.ee\/et\/#organization","name":"Nordlineboats","url":"https:\/\/nordlinepaadid.ee\/et\/","logo":{"@type":"ImageObject","inLanguage":"et","@id":"https:\/\/nordlinepaadid.ee\/et\/#\/schema\/logo\/image\/","url":"https:\/\/nordlinepaadid.ee\/wp-content\/uploads\/2023\/01\/fulllogo_transparent_nobuffer-e1672750475494.png","contentUrl":"https:\/\/nordlinepaadid.ee\/wp-content\/uploads\/2023\/01\/fulllogo_transparent_nobuffer-e1672750475494.png","width":150,"height":119,"caption":"Nordlineboats"},"image":{"@id":"https:\/\/nordlinepaadid.ee\/et\/#\/schema\/logo\/image\/"},"sameAs":["https:\/\/www.facebook.com\/nordlineboats","https:\/\/www.youtube.com\/channel\/UCbgF0fy02y3QkFnujaLTaCA"]}]}},"taxonomy_info":{"product_cat":[{"value":394,"label":"Plokid - Lewmar"},{"value":299,"label":"PURJEPAADI TARVIKUD"}],"pa_producer":[{"value":456,"label":"Lewmar"}],"pa_unit":[{"value":416,"label":"pcs"}]},"featured_image_src_large":["https:\/\/nordlinepaadid.ee\/wp-content\/uploads\/2023\/03\/7957_EN_68.301.xx_.jpg",491,800,false],"author_info":[],"comment_info":"","_links":{"self":[{"href":"https:\/\/nordlinepaadid.ee\/et\/wp-json\/wp\/v2\/product\/27375","targetHints":{"allow":["GET"]}}],"collection":[{"href":"https:\/\/nordlinepaadid.ee\/et\/wp-json\/wp\/v2\/product"}],"about":[{"href":"https:\/\/nordlinepaadid.ee\/et\/wp-json\/wp\/v2\/types\/product"}],"wp:featuredmedia":[{"embeddable":true,"href":"https:\/\/nordlinepaadid.ee\/et\/wp-json\/wp\/v2\/media\/27376"}],"wp:attachment":[{"href":"https:\/\/nordlinepaadid.ee\/et\/wp-json\/wp\/v2\/media?parent=27375"}],"wp:term":[{"taxonomy":"product_brand","embeddable":true,"href":"https:\/\/nordlinepaadid.ee\/et\/wp-json\/wp\/v2\/product_brand?post=27375"},{"taxonomy":"product_cat","embeddable":true,"href":"https:\/\/nordlinepaadid.ee\/et\/wp-json\/wp\/v2\/product_cat?post=27375"},{"taxonomy":"product_tag","embeddable":true,"href":"https:\/\/nordlinepaadid.ee\/et\/wp-json\/wp\/v2\/product_tag?post=27375"}],"curies":[{"name":"wp","href":"https:\/\/api.w.org\/{rel}","templated":true}]}}