{"id":27436,"date":"2026-04-07T03:20:27","date_gmt":"2026-04-07T00:20:27","guid":{"rendered":"https:\/\/nordlinepaadid.ee\/pood\/single-footblock-8-10-mm-lewmar-synchro-2\/"},"modified":"2026-04-08T00:00:12","modified_gmt":"2026-04-07T21:00:12","slug":"tekipealne-plokk-10-12-mm-lewmar-synchro","status":"publish","type":"product","link":"https:\/\/nordlinepaadid.ee\/et\/pood\/purjepaadi-tarvikud\/plokid-lewmar\/tekipealne-plokk-10-12-mm-lewmar-synchro\/","title":{"rendered":"TEKIPEALNE PLOKK, 10-12 mm, LEWMAR SYNCHRO"},"content":{"rendered":"<p>Tekipealne plokk  10-12 mm otsale, rulliku l\u00e4bim\u00f5\u00f5t 72 mm, maks t\u00f6\u00f6koormus 1200 kg, katkemiskoormus 2400 kg. Kinnitus 2&#215;8 mm tihvtiga.<\/p>\n","protected":false},"excerpt":{"rendered":"<p>Tekipealne plokk 10-12 mm otsale, rulliku l\u00e4bim\u00f5\u00f5t 72 mm, maks t\u00f6\u00f6koormus 1200 kg, katkemiskoormus 2400 kg. Kinnitus 2&#215;8 mm tihvtiga.<\/p>\n","protected":false},"featured_media":27437,"template":"","meta":{"_kad_blocks_custom_css":"","_kad_blocks_head_custom_js":"","_kad_blocks_body_custom_js":"","_kad_blocks_footer_custom_js":"","_kad_post_transparent":"","_kad_post_title":"","_kad_post_layout":"","_kad_post_sidebar_id":"","_kad_post_content_style":"","_kad_post_vertical_padding":"","_kad_post_feature":"","_kad_post_feature_position":"","_kad_post_header":false,"_kad_post_footer":false,"_kad_post_classname":""},"product_brand":[],"product_cat":[394,299],"product_tag":[],"class_list":{"0":"post-27436","1":"product","2":"type-product","3":"status-publish","4":"has-post-thumbnail","6":"product_cat-plokid-lewmar","7":"product_cat-purjepaadi-tarvikud","8":"product_shipping_class-pakiautomaati-mahtuv-kaup","9":"pa_producer-lewmar","10":"pa_unit-pcs","11":"tm-no-options","13":"first","14":"onbackorder","15":"taxable","16":"shipping-taxable","17":"purchasable","18":"product-type-simple","19":"entry","20":"content-bg","21":"loop-entry"},"yoast_head":"<!-- This site is optimized with the Yoast SEO plugin v27.3 - https:\/\/yoast.com\/product\/yoast-seo-wordpress\/ -->\n<title>TEKIPEALNE PLOKK, 10-12 mm, LEWMAR SYNCHRO - NORDLINE s\u00f5udepaadid ja mootorpaadid. Klaasfiiber materjalist.<\/title>\n<meta name=\"robots\" content=\"index, follow, max-snippet:-1, max-image-preview:large, max-video-preview:-1\" \/>\n<link rel=\"canonical\" href=\"https:\/\/nordlinepaadid.ee\/et\/pood\/purjepaadi-tarvikud\/plokid-lewmar\/tekipealne-plokk-10-12-mm-lewmar-synchro\/\" \/>\n<meta property=\"og:locale\" content=\"et_EE\" \/>\n<meta property=\"og:type\" content=\"article\" \/>\n<meta property=\"og:title\" content=\"TEKIPEALNE PLOKK, 10-12 mm, LEWMAR SYNCHRO - NORDLINE s\u00f5udepaadid ja mootorpaadid. Klaasfiiber materjalist.\" \/>\n<meta property=\"og:description\" content=\"Tekipealne plokk 10-12 mm otsale, rulliku l\u00e4bim\u00f5\u00f5t 72 mm, maks t\u00f6\u00f6koormus 1200 kg, katkemiskoormus 2400 kg. Kinnitus 2&#215;8 mm tihvtiga.\" \/>\n<meta property=\"og:url\" content=\"https:\/\/nordlinepaadid.ee\/et\/pood\/purjepaadi-tarvikud\/plokid-lewmar\/tekipealne-plokk-10-12-mm-lewmar-synchro\/\" \/>\n<meta property=\"og:site_name\" content=\"NORDLINE s\u00f5udepaadid ja mootorpaadid. Klaasfiiber materjalist.\" \/>\n<meta property=\"article:publisher\" content=\"https:\/\/www.facebook.com\/nordlineboats\" \/>\n<meta property=\"article:modified_time\" content=\"2026-04-07T21:00:12+00:00\" \/>\n<meta property=\"og:image\" content=\"https:\/\/nordlinepaadid.ee\/wp-content\/uploads\/2023\/03\/7981_EN_68.361.61.jpg\" \/>\n\t<meta property=\"og:image:width\" content=\"360\" \/>\n\t<meta property=\"og:image:height\" content=\"251\" \/>\n\t<meta property=\"og:image:type\" content=\"image\/jpeg\" \/>\n<meta name=\"twitter:card\" content=\"summary_large_image\" \/>\n<script type=\"application\/ld+json\" class=\"yoast-schema-graph\">{\"@context\":\"https:\\\/\\\/schema.org\",\"@graph\":[{\"@type\":\"WebPage\",\"@id\":\"https:\\\/\\\/nordlinepaadid.ee\\\/et\\\/pood\\\/purjepaadi-tarvikud\\\/plokid-lewmar\\\/tekipealne-plokk-10-12-mm-lewmar-synchro\\\/\",\"url\":\"https:\\\/\\\/nordlinepaadid.ee\\\/et\\\/pood\\\/purjepaadi-tarvikud\\\/plokid-lewmar\\\/tekipealne-plokk-10-12-mm-lewmar-synchro\\\/\",\"name\":\"TEKIPEALNE PLOKK, 10-12 mm, LEWMAR SYNCHRO - NORDLINE s\u00f5udepaadid ja mootorpaadid. Klaasfiiber materjalist.\",\"isPartOf\":{\"@id\":\"https:\\\/\\\/nordlinepaadid.ee\\\/et\\\/#website\"},\"primaryImageOfPage\":{\"@id\":\"https:\\\/\\\/nordlinepaadid.ee\\\/et\\\/pood\\\/purjepaadi-tarvikud\\\/plokid-lewmar\\\/tekipealne-plokk-10-12-mm-lewmar-synchro\\\/#primaryimage\"},\"image\":{\"@id\":\"https:\\\/\\\/nordlinepaadid.ee\\\/et\\\/pood\\\/purjepaadi-tarvikud\\\/plokid-lewmar\\\/tekipealne-plokk-10-12-mm-lewmar-synchro\\\/#primaryimage\"},\"thumbnailUrl\":\"https:\\\/\\\/nordlinepaadid.ee\\\/wp-content\\\/uploads\\\/2023\\\/03\\\/7981_EN_68.361.61.jpg\",\"datePublished\":\"2026-04-07T00:20:27+00:00\",\"dateModified\":\"2026-04-07T21:00:12+00:00\",\"breadcrumb\":{\"@id\":\"https:\\\/\\\/nordlinepaadid.ee\\\/et\\\/pood\\\/purjepaadi-tarvikud\\\/plokid-lewmar\\\/tekipealne-plokk-10-12-mm-lewmar-synchro\\\/#breadcrumb\"},\"inLanguage\":\"et\",\"potentialAction\":[{\"@type\":\"ReadAction\",\"target\":[\"https:\\\/\\\/nordlinepaadid.ee\\\/et\\\/pood\\\/purjepaadi-tarvikud\\\/plokid-lewmar\\\/tekipealne-plokk-10-12-mm-lewmar-synchro\\\/\"]}]},{\"@type\":\"ImageObject\",\"inLanguage\":\"et\",\"@id\":\"https:\\\/\\\/nordlinepaadid.ee\\\/et\\\/pood\\\/purjepaadi-tarvikud\\\/plokid-lewmar\\\/tekipealne-plokk-10-12-mm-lewmar-synchro\\\/#primaryimage\",\"url\":\"https:\\\/\\\/nordlinepaadid.ee\\\/wp-content\\\/uploads\\\/2023\\\/03\\\/7981_EN_68.361.61.jpg\",\"contentUrl\":\"https:\\\/\\\/nordlinepaadid.ee\\\/wp-content\\\/uploads\\\/2023\\\/03\\\/7981_EN_68.361.61.jpg\",\"width\":360,\"height\":251},{\"@type\":\"BreadcrumbList\",\"@id\":\"https:\\\/\\\/nordlinepaadid.ee\\\/et\\\/pood\\\/purjepaadi-tarvikud\\\/plokid-lewmar\\\/tekipealne-plokk-10-12-mm-lewmar-synchro\\\/#breadcrumb\",\"itemListElement\":[{\"@type\":\"ListItem\",\"position\":1,\"name\":\"Home\",\"item\":\"https:\\\/\\\/nordlinepaadid.ee\\\/et\\\/\"},{\"@type\":\"ListItem\",\"position\":2,\"name\":\"Pood\",\"item\":\"https:\\\/\\\/nordlinepaadid.ee\\\/et\\\/pood\\\/\"},{\"@type\":\"ListItem\",\"position\":3,\"name\":\"TEKIPEALNE PLOKK, 10-12 mm, LEWMAR SYNCHRO\"}]},{\"@type\":\"WebSite\",\"@id\":\"https:\\\/\\\/nordlinepaadid.ee\\\/et\\\/#website\",\"url\":\"https:\\\/\\\/nordlinepaadid.ee\\\/et\\\/\",\"name\":\"NORDLINE s\u00f5udepaadid ja mootorpaadid. Klaasfiiber materjalist.\",\"description\":\"\",\"publisher\":{\"@id\":\"https:\\\/\\\/nordlinepaadid.ee\\\/et\\\/#organization\"},\"potentialAction\":[{\"@type\":\"SearchAction\",\"target\":{\"@type\":\"EntryPoint\",\"urlTemplate\":\"https:\\\/\\\/nordlinepaadid.ee\\\/et\\\/?s={search_term_string}\"},\"query-input\":{\"@type\":\"PropertyValueSpecification\",\"valueRequired\":true,\"valueName\":\"search_term_string\"}}],\"inLanguage\":\"et\"},{\"@type\":\"Organization\",\"@id\":\"https:\\\/\\\/nordlinepaadid.ee\\\/et\\\/#organization\",\"name\":\"Nordlineboats\",\"url\":\"https:\\\/\\\/nordlinepaadid.ee\\\/et\\\/\",\"logo\":{\"@type\":\"ImageObject\",\"inLanguage\":\"et\",\"@id\":\"https:\\\/\\\/nordlinepaadid.ee\\\/et\\\/#\\\/schema\\\/logo\\\/image\\\/\",\"url\":\"https:\\\/\\\/nordlinepaadid.ee\\\/wp-content\\\/uploads\\\/2023\\\/01\\\/fulllogo_transparent_nobuffer-e1672750475494.png\",\"contentUrl\":\"https:\\\/\\\/nordlinepaadid.ee\\\/wp-content\\\/uploads\\\/2023\\\/01\\\/fulllogo_transparent_nobuffer-e1672750475494.png\",\"width\":150,\"height\":119,\"caption\":\"Nordlineboats\"},\"image\":{\"@id\":\"https:\\\/\\\/nordlinepaadid.ee\\\/et\\\/#\\\/schema\\\/logo\\\/image\\\/\"},\"sameAs\":[\"https:\\\/\\\/www.facebook.com\\\/nordlineboats\",\"https:\\\/\\\/www.youtube.com\\\/channel\\\/UCbgF0fy02y3QkFnujaLTaCA\"]}]}<\/script>\n<!-- \/ Yoast SEO plugin. -->","yoast_head_json":{"title":"TEKIPEALNE PLOKK, 10-12 mm, LEWMAR SYNCHRO - NORDLINE s\u00f5udepaadid ja mootorpaadid. Klaasfiiber materjalist.","robots":{"index":"index","follow":"follow","max-snippet":"max-snippet:-1","max-image-preview":"max-image-preview:large","max-video-preview":"max-video-preview:-1"},"canonical":"https:\/\/nordlinepaadid.ee\/et\/pood\/purjepaadi-tarvikud\/plokid-lewmar\/tekipealne-plokk-10-12-mm-lewmar-synchro\/","og_locale":"et_EE","og_type":"article","og_title":"TEKIPEALNE PLOKK, 10-12 mm, LEWMAR SYNCHRO - NORDLINE s\u00f5udepaadid ja mootorpaadid. Klaasfiiber materjalist.","og_description":"Tekipealne plokk 10-12 mm otsale, rulliku l\u00e4bim\u00f5\u00f5t 72 mm, maks t\u00f6\u00f6koormus 1200 kg, katkemiskoormus 2400 kg. Kinnitus 2&#215;8 mm tihvtiga.","og_url":"https:\/\/nordlinepaadid.ee\/et\/pood\/purjepaadi-tarvikud\/plokid-lewmar\/tekipealne-plokk-10-12-mm-lewmar-synchro\/","og_site_name":"NORDLINE s\u00f5udepaadid ja mootorpaadid. Klaasfiiber materjalist.","article_publisher":"https:\/\/www.facebook.com\/nordlineboats","article_modified_time":"2026-04-07T21:00:12+00:00","og_image":[{"width":360,"height":251,"url":"https:\/\/nordlinepaadid.ee\/wp-content\/uploads\/2023\/03\/7981_EN_68.361.61.jpg","type":"image\/jpeg"}],"twitter_card":"summary_large_image","schema":{"@context":"https:\/\/schema.org","@graph":[{"@type":"WebPage","@id":"https:\/\/nordlinepaadid.ee\/et\/pood\/purjepaadi-tarvikud\/plokid-lewmar\/tekipealne-plokk-10-12-mm-lewmar-synchro\/","url":"https:\/\/nordlinepaadid.ee\/et\/pood\/purjepaadi-tarvikud\/plokid-lewmar\/tekipealne-plokk-10-12-mm-lewmar-synchro\/","name":"TEKIPEALNE PLOKK, 10-12 mm, LEWMAR SYNCHRO - NORDLINE s\u00f5udepaadid ja mootorpaadid. Klaasfiiber materjalist.","isPartOf":{"@id":"https:\/\/nordlinepaadid.ee\/et\/#website"},"primaryImageOfPage":{"@id":"https:\/\/nordlinepaadid.ee\/et\/pood\/purjepaadi-tarvikud\/plokid-lewmar\/tekipealne-plokk-10-12-mm-lewmar-synchro\/#primaryimage"},"image":{"@id":"https:\/\/nordlinepaadid.ee\/et\/pood\/purjepaadi-tarvikud\/plokid-lewmar\/tekipealne-plokk-10-12-mm-lewmar-synchro\/#primaryimage"},"thumbnailUrl":"https:\/\/nordlinepaadid.ee\/wp-content\/uploads\/2023\/03\/7981_EN_68.361.61.jpg","datePublished":"2026-04-07T00:20:27+00:00","dateModified":"2026-04-07T21:00:12+00:00","breadcrumb":{"@id":"https:\/\/nordlinepaadid.ee\/et\/pood\/purjepaadi-tarvikud\/plokid-lewmar\/tekipealne-plokk-10-12-mm-lewmar-synchro\/#breadcrumb"},"inLanguage":"et","potentialAction":[{"@type":"ReadAction","target":["https:\/\/nordlinepaadid.ee\/et\/pood\/purjepaadi-tarvikud\/plokid-lewmar\/tekipealne-plokk-10-12-mm-lewmar-synchro\/"]}]},{"@type":"ImageObject","inLanguage":"et","@id":"https:\/\/nordlinepaadid.ee\/et\/pood\/purjepaadi-tarvikud\/plokid-lewmar\/tekipealne-plokk-10-12-mm-lewmar-synchro\/#primaryimage","url":"https:\/\/nordlinepaadid.ee\/wp-content\/uploads\/2023\/03\/7981_EN_68.361.61.jpg","contentUrl":"https:\/\/nordlinepaadid.ee\/wp-content\/uploads\/2023\/03\/7981_EN_68.361.61.jpg","width":360,"height":251},{"@type":"BreadcrumbList","@id":"https:\/\/nordlinepaadid.ee\/et\/pood\/purjepaadi-tarvikud\/plokid-lewmar\/tekipealne-plokk-10-12-mm-lewmar-synchro\/#breadcrumb","itemListElement":[{"@type":"ListItem","position":1,"name":"Home","item":"https:\/\/nordlinepaadid.ee\/et\/"},{"@type":"ListItem","position":2,"name":"Pood","item":"https:\/\/nordlinepaadid.ee\/et\/pood\/"},{"@type":"ListItem","position":3,"name":"TEKIPEALNE PLOKK, 10-12 mm, LEWMAR SYNCHRO"}]},{"@type":"WebSite","@id":"https:\/\/nordlinepaadid.ee\/et\/#website","url":"https:\/\/nordlinepaadid.ee\/et\/","name":"NORDLINE s\u00f5udepaadid ja mootorpaadid. Klaasfiiber materjalist.","description":"","publisher":{"@id":"https:\/\/nordlinepaadid.ee\/et\/#organization"},"potentialAction":[{"@type":"SearchAction","target":{"@type":"EntryPoint","urlTemplate":"https:\/\/nordlinepaadid.ee\/et\/?s={search_term_string}"},"query-input":{"@type":"PropertyValueSpecification","valueRequired":true,"valueName":"search_term_string"}}],"inLanguage":"et"},{"@type":"Organization","@id":"https:\/\/nordlinepaadid.ee\/et\/#organization","name":"Nordlineboats","url":"https:\/\/nordlinepaadid.ee\/et\/","logo":{"@type":"ImageObject","inLanguage":"et","@id":"https:\/\/nordlinepaadid.ee\/et\/#\/schema\/logo\/image\/","url":"https:\/\/nordlinepaadid.ee\/wp-content\/uploads\/2023\/01\/fulllogo_transparent_nobuffer-e1672750475494.png","contentUrl":"https:\/\/nordlinepaadid.ee\/wp-content\/uploads\/2023\/01\/fulllogo_transparent_nobuffer-e1672750475494.png","width":150,"height":119,"caption":"Nordlineboats"},"image":{"@id":"https:\/\/nordlinepaadid.ee\/et\/#\/schema\/logo\/image\/"},"sameAs":["https:\/\/www.facebook.com\/nordlineboats","https:\/\/www.youtube.com\/channel\/UCbgF0fy02y3QkFnujaLTaCA"]}]}},"taxonomy_info":{"product_cat":[{"value":394,"label":"Plokid - Lewmar"},{"value":299,"label":"PURJEPAADI TARVIKUD"}],"pa_producer":[{"value":456,"label":"Lewmar"}],"pa_unit":[{"value":416,"label":"pcs"}]},"featured_image_src_large":["https:\/\/nordlinepaadid.ee\/wp-content\/uploads\/2023\/03\/7981_EN_68.361.61.jpg",360,251,false],"author_info":[],"comment_info":"","_links":{"self":[{"href":"https:\/\/nordlinepaadid.ee\/et\/wp-json\/wp\/v2\/product\/27436","targetHints":{"allow":["GET"]}}],"collection":[{"href":"https:\/\/nordlinepaadid.ee\/et\/wp-json\/wp\/v2\/product"}],"about":[{"href":"https:\/\/nordlinepaadid.ee\/et\/wp-json\/wp\/v2\/types\/product"}],"wp:featuredmedia":[{"embeddable":true,"href":"https:\/\/nordlinepaadid.ee\/et\/wp-json\/wp\/v2\/media\/27437"}],"wp:attachment":[{"href":"https:\/\/nordlinepaadid.ee\/et\/wp-json\/wp\/v2\/media?parent=27436"}],"wp:term":[{"taxonomy":"product_brand","embeddable":true,"href":"https:\/\/nordlinepaadid.ee\/et\/wp-json\/wp\/v2\/product_brand?post=27436"},{"taxonomy":"product_cat","embeddable":true,"href":"https:\/\/nordlinepaadid.ee\/et\/wp-json\/wp\/v2\/product_cat?post=27436"},{"taxonomy":"product_tag","embeddable":true,"href":"https:\/\/nordlinepaadid.ee\/et\/wp-json\/wp\/v2\/product_tag?post=27436"}],"curies":[{"name":"wp","href":"https:\/\/api.w.org\/{rel}","templated":true}]}}