{"id":27701,"date":"2026-04-07T03:20:45","date_gmt":"2026-04-07T00:20:45","guid":{"rendered":"https:\/\/nordlinepaadid.ee\/pood\/anchor-line-reel-32-m-25-mm-s-s-2\/"},"modified":"2026-04-08T18:06:01","modified_gmt":"2026-04-08T15:06:01","slug":"ankruliin-32-m-25-mm-r-v","status":"publish","type":"product","link":"https:\/\/nordlinepaadid.ee\/et\/pood\/ankrud-ketid-trossid\/anchor-accessories-anchor-llines-chains-bow-rollers\/ankruliin-32-m-25-mm-r-v\/","title":{"rendered":"ANKRULIIN, 32 m, 25 mm, R\/V"},"content":{"rendered":"<p style=\"text-align: justify;\">Ankruliin on lihtsalt paigaldatav ja kasutatav, samas efektiivne ja lahendab probleemi pika ja m\u00e4rja ankruotsaga &#8220;maadlemisega&#8221;. Ankruliin on keritud poolile ja lintv\u00f6\u00f6 veeimavus on ka oluliselt v\u00e4iksem, v\u00f5rreldes tavalise ankruotsaga. Ankruliini komplekt koosneb poolist ja lintv\u00f6\u00f6st ning erinevatest reelingukinnitustest. Lintv\u00f6\u00f6 katketugevus on 2200 kg. Ankruliini saab h\u00e4sti kasutada ka paadi v\u00f5i aluse pukseerimiseks. Ankruliini pikkus on 32 m ja laius 25 mm.<\/p>\n<p>&#13;<\/p>\n","protected":false},"excerpt":{"rendered":"<p>Ankruliin on lihtsalt paigaldatav ja kasutatav, samas efektiivne ja lahendab probleemi pika ja m\u00e4rja ankruotsaga &#8220;maadlemisega&#8221;. Ankruliin on keritud poolile ja lintv\u00f6\u00f6 veeimavus on ka oluliselt v\u00e4iksem, v\u00f5rreldes tavalise ankruotsaga. Ankruliini komplekt koosneb poolist ja lintv\u00f6\u00f6st ning erinevatest reelingukinnitustest. Lintv\u00f6\u00f6 katketugevus on 2200 kg. Ankruliini saab h\u00e4sti kasutada ka paadi v\u00f5i aluse pukseerimiseks. Ankruliini pikkus&#8230;<\/p>\n","protected":false},"featured_media":22211,"template":"","meta":{"_kad_blocks_custom_css":"","_kad_blocks_head_custom_js":"","_kad_blocks_body_custom_js":"","_kad_blocks_footer_custom_js":"","_kad_post_transparent":"","_kad_post_title":"","_kad_post_layout":"","_kad_post_sidebar_id":"","_kad_post_content_style":"","_kad_post_vertical_padding":"","_kad_post_feature":"","_kad_post_feature_position":"","_kad_post_header":false,"_kad_post_footer":false,"_kad_post_classname":""},"product_brand":[],"product_cat":[246,310],"product_tag":[],"class_list":{"0":"post-27701","1":"product","2":"type-product","3":"status-publish","4":"has-post-thumbnail","6":"product_cat-ankrud-ketid-trossid","7":"product_cat-anchor-accessories-anchor-llines-chains-bow-rollers","8":"product_shipping_class-pakiautomaati-mahtuv-kaup","9":"pa_producer-nawa","10":"pa_unit-pcs","11":"tm-no-options","13":"first","14":"onbackorder","15":"taxable","16":"shipping-taxable","17":"purchasable","18":"product-type-simple","19":"entry","20":"content-bg","21":"loop-entry"},"yoast_head":"<!-- This site is optimized with the Yoast SEO plugin v27.3 - https:\/\/yoast.com\/product\/yoast-seo-wordpress\/ -->\n<title>ANKRULIIN, 32 m, 25 mm, R\/V - NORDLINE s\u00f5udepaadid ja mootorpaadid. Klaasfiiber materjalist.<\/title>\n<meta name=\"robots\" content=\"index, follow, max-snippet:-1, max-image-preview:large, max-video-preview:-1\" \/>\n<link rel=\"canonical\" href=\"https:\/\/nordlinepaadid.ee\/et\/pood\/ankrud-ketid-trossid\/anchor-accessories-anchor-llines-chains-bow-rollers\/ankruliin-32-m-25-mm-r-v\/\" \/>\n<meta property=\"og:locale\" content=\"et_EE\" \/>\n<meta property=\"og:type\" content=\"article\" \/>\n<meta property=\"og:title\" content=\"ANKRULIIN, 32 m, 25 mm, R\/V - NORDLINE s\u00f5udepaadid ja mootorpaadid. Klaasfiiber materjalist.\" \/>\n<meta property=\"og:description\" content=\"Ankruliin on lihtsalt paigaldatav ja kasutatav, samas efektiivne ja lahendab probleemi pika ja m\u00e4rja ankruotsaga &#8220;maadlemisega&#8221;. Ankruliin on keritud poolile ja lintv\u00f6\u00f6 veeimavus on ka oluliselt v\u00e4iksem, v\u00f5rreldes tavalise ankruotsaga. Ankruliini komplekt koosneb poolist ja lintv\u00f6\u00f6st ning erinevatest reelingukinnitustest. Lintv\u00f6\u00f6 katketugevus on 2200 kg. Ankruliini saab h\u00e4sti kasutada ka paadi v\u00f5i aluse pukseerimiseks. Ankruliini pikkus...\" \/>\n<meta property=\"og:url\" content=\"https:\/\/nordlinepaadid.ee\/et\/pood\/ankrud-ketid-trossid\/anchor-accessories-anchor-llines-chains-bow-rollers\/ankruliin-32-m-25-mm-r-v\/\" \/>\n<meta property=\"og:site_name\" content=\"NORDLINE s\u00f5udepaadid ja mootorpaadid. Klaasfiiber materjalist.\" \/>\n<meta property=\"article:publisher\" content=\"https:\/\/www.facebook.com\/nordlineboats\" \/>\n<meta property=\"article:modified_time\" content=\"2026-04-08T15:06:01+00:00\" \/>\n<meta property=\"og:image\" content=\"https:\/\/nordlinepaadid.ee\/wp-content\/uploads\/2023\/03\/4753_9513055030_webfeel.jpg\" \/>\n\t<meta property=\"og:image:width\" content=\"313\" \/>\n\t<meta property=\"og:image:height\" content=\"378\" \/>\n\t<meta property=\"og:image:type\" content=\"image\/jpeg\" \/>\n<meta name=\"twitter:card\" content=\"summary_large_image\" \/>\n<script type=\"application\/ld+json\" class=\"yoast-schema-graph\">{\"@context\":\"https:\\\/\\\/schema.org\",\"@graph\":[{\"@type\":\"WebPage\",\"@id\":\"https:\\\/\\\/nordlinepaadid.ee\\\/et\\\/pood\\\/ankrud-ketid-trossid\\\/anchor-accessories-anchor-llines-chains-bow-rollers\\\/ankruliin-32-m-25-mm-r-v\\\/\",\"url\":\"https:\\\/\\\/nordlinepaadid.ee\\\/et\\\/pood\\\/ankrud-ketid-trossid\\\/anchor-accessories-anchor-llines-chains-bow-rollers\\\/ankruliin-32-m-25-mm-r-v\\\/\",\"name\":\"ANKRULIIN, 32 m, 25 mm, R\\\/V - NORDLINE s\u00f5udepaadid ja mootorpaadid. Klaasfiiber materjalist.\",\"isPartOf\":{\"@id\":\"https:\\\/\\\/nordlinepaadid.ee\\\/et\\\/#website\"},\"primaryImageOfPage\":{\"@id\":\"https:\\\/\\\/nordlinepaadid.ee\\\/et\\\/pood\\\/ankrud-ketid-trossid\\\/anchor-accessories-anchor-llines-chains-bow-rollers\\\/ankruliin-32-m-25-mm-r-v\\\/#primaryimage\"},\"image\":{\"@id\":\"https:\\\/\\\/nordlinepaadid.ee\\\/et\\\/pood\\\/ankrud-ketid-trossid\\\/anchor-accessories-anchor-llines-chains-bow-rollers\\\/ankruliin-32-m-25-mm-r-v\\\/#primaryimage\"},\"thumbnailUrl\":\"https:\\\/\\\/nordlinepaadid.ee\\\/wp-content\\\/uploads\\\/2023\\\/03\\\/4753_9513055030_webfeel.jpg\",\"datePublished\":\"2026-04-07T00:20:45+00:00\",\"dateModified\":\"2026-04-08T15:06:01+00:00\",\"breadcrumb\":{\"@id\":\"https:\\\/\\\/nordlinepaadid.ee\\\/et\\\/pood\\\/ankrud-ketid-trossid\\\/anchor-accessories-anchor-llines-chains-bow-rollers\\\/ankruliin-32-m-25-mm-r-v\\\/#breadcrumb\"},\"inLanguage\":\"et\",\"potentialAction\":[{\"@type\":\"ReadAction\",\"target\":[\"https:\\\/\\\/nordlinepaadid.ee\\\/et\\\/pood\\\/ankrud-ketid-trossid\\\/anchor-accessories-anchor-llines-chains-bow-rollers\\\/ankruliin-32-m-25-mm-r-v\\\/\"]}]},{\"@type\":\"ImageObject\",\"inLanguage\":\"et\",\"@id\":\"https:\\\/\\\/nordlinepaadid.ee\\\/et\\\/pood\\\/ankrud-ketid-trossid\\\/anchor-accessories-anchor-llines-chains-bow-rollers\\\/ankruliin-32-m-25-mm-r-v\\\/#primaryimage\",\"url\":\"https:\\\/\\\/nordlinepaadid.ee\\\/wp-content\\\/uploads\\\/2023\\\/03\\\/4753_9513055030_webfeel.jpg\",\"contentUrl\":\"https:\\\/\\\/nordlinepaadid.ee\\\/wp-content\\\/uploads\\\/2023\\\/03\\\/4753_9513055030_webfeel.jpg\",\"width\":313,\"height\":378},{\"@type\":\"BreadcrumbList\",\"@id\":\"https:\\\/\\\/nordlinepaadid.ee\\\/et\\\/pood\\\/ankrud-ketid-trossid\\\/anchor-accessories-anchor-llines-chains-bow-rollers\\\/ankruliin-32-m-25-mm-r-v\\\/#breadcrumb\",\"itemListElement\":[{\"@type\":\"ListItem\",\"position\":1,\"name\":\"Home\",\"item\":\"https:\\\/\\\/nordlinepaadid.ee\\\/et\\\/\"},{\"@type\":\"ListItem\",\"position\":2,\"name\":\"Pood\",\"item\":\"https:\\\/\\\/nordlinepaadid.ee\\\/et\\\/pood\\\/\"},{\"@type\":\"ListItem\",\"position\":3,\"name\":\"ANKRULIIN, 32 m, 25 mm, R\\\/V\"}]},{\"@type\":\"WebSite\",\"@id\":\"https:\\\/\\\/nordlinepaadid.ee\\\/et\\\/#website\",\"url\":\"https:\\\/\\\/nordlinepaadid.ee\\\/et\\\/\",\"name\":\"NORDLINE s\u00f5udepaadid ja mootorpaadid. Klaasfiiber materjalist.\",\"description\":\"\",\"publisher\":{\"@id\":\"https:\\\/\\\/nordlinepaadid.ee\\\/et\\\/#organization\"},\"potentialAction\":[{\"@type\":\"SearchAction\",\"target\":{\"@type\":\"EntryPoint\",\"urlTemplate\":\"https:\\\/\\\/nordlinepaadid.ee\\\/et\\\/?s={search_term_string}\"},\"query-input\":{\"@type\":\"PropertyValueSpecification\",\"valueRequired\":true,\"valueName\":\"search_term_string\"}}],\"inLanguage\":\"et\"},{\"@type\":\"Organization\",\"@id\":\"https:\\\/\\\/nordlinepaadid.ee\\\/et\\\/#organization\",\"name\":\"Nordlineboats\",\"url\":\"https:\\\/\\\/nordlinepaadid.ee\\\/et\\\/\",\"logo\":{\"@type\":\"ImageObject\",\"inLanguage\":\"et\",\"@id\":\"https:\\\/\\\/nordlinepaadid.ee\\\/et\\\/#\\\/schema\\\/logo\\\/image\\\/\",\"url\":\"https:\\\/\\\/nordlinepaadid.ee\\\/wp-content\\\/uploads\\\/2023\\\/01\\\/fulllogo_transparent_nobuffer-e1672750475494.png\",\"contentUrl\":\"https:\\\/\\\/nordlinepaadid.ee\\\/wp-content\\\/uploads\\\/2023\\\/01\\\/fulllogo_transparent_nobuffer-e1672750475494.png\",\"width\":150,\"height\":119,\"caption\":\"Nordlineboats\"},\"image\":{\"@id\":\"https:\\\/\\\/nordlinepaadid.ee\\\/et\\\/#\\\/schema\\\/logo\\\/image\\\/\"},\"sameAs\":[\"https:\\\/\\\/www.facebook.com\\\/nordlineboats\",\"https:\\\/\\\/www.youtube.com\\\/channel\\\/UCbgF0fy02y3QkFnujaLTaCA\"]}]}<\/script>\n<!-- \/ Yoast SEO plugin. -->","yoast_head_json":{"title":"ANKRULIIN, 32 m, 25 mm, R\/V - NORDLINE s\u00f5udepaadid ja mootorpaadid. Klaasfiiber materjalist.","robots":{"index":"index","follow":"follow","max-snippet":"max-snippet:-1","max-image-preview":"max-image-preview:large","max-video-preview":"max-video-preview:-1"},"canonical":"https:\/\/nordlinepaadid.ee\/et\/pood\/ankrud-ketid-trossid\/anchor-accessories-anchor-llines-chains-bow-rollers\/ankruliin-32-m-25-mm-r-v\/","og_locale":"et_EE","og_type":"article","og_title":"ANKRULIIN, 32 m, 25 mm, R\/V - NORDLINE s\u00f5udepaadid ja mootorpaadid. Klaasfiiber materjalist.","og_description":"Ankruliin on lihtsalt paigaldatav ja kasutatav, samas efektiivne ja lahendab probleemi pika ja m\u00e4rja ankruotsaga &#8220;maadlemisega&#8221;. Ankruliin on keritud poolile ja lintv\u00f6\u00f6 veeimavus on ka oluliselt v\u00e4iksem, v\u00f5rreldes tavalise ankruotsaga. Ankruliini komplekt koosneb poolist ja lintv\u00f6\u00f6st ning erinevatest reelingukinnitustest. Lintv\u00f6\u00f6 katketugevus on 2200 kg. Ankruliini saab h\u00e4sti kasutada ka paadi v\u00f5i aluse pukseerimiseks. Ankruliini pikkus...","og_url":"https:\/\/nordlinepaadid.ee\/et\/pood\/ankrud-ketid-trossid\/anchor-accessories-anchor-llines-chains-bow-rollers\/ankruliin-32-m-25-mm-r-v\/","og_site_name":"NORDLINE s\u00f5udepaadid ja mootorpaadid. Klaasfiiber materjalist.","article_publisher":"https:\/\/www.facebook.com\/nordlineboats","article_modified_time":"2026-04-08T15:06:01+00:00","og_image":[{"width":313,"height":378,"url":"https:\/\/nordlinepaadid.ee\/wp-content\/uploads\/2023\/03\/4753_9513055030_webfeel.jpg","type":"image\/jpeg"}],"twitter_card":"summary_large_image","schema":{"@context":"https:\/\/schema.org","@graph":[{"@type":"WebPage","@id":"https:\/\/nordlinepaadid.ee\/et\/pood\/ankrud-ketid-trossid\/anchor-accessories-anchor-llines-chains-bow-rollers\/ankruliin-32-m-25-mm-r-v\/","url":"https:\/\/nordlinepaadid.ee\/et\/pood\/ankrud-ketid-trossid\/anchor-accessories-anchor-llines-chains-bow-rollers\/ankruliin-32-m-25-mm-r-v\/","name":"ANKRULIIN, 32 m, 25 mm, R\/V - NORDLINE s\u00f5udepaadid ja mootorpaadid. Klaasfiiber materjalist.","isPartOf":{"@id":"https:\/\/nordlinepaadid.ee\/et\/#website"},"primaryImageOfPage":{"@id":"https:\/\/nordlinepaadid.ee\/et\/pood\/ankrud-ketid-trossid\/anchor-accessories-anchor-llines-chains-bow-rollers\/ankruliin-32-m-25-mm-r-v\/#primaryimage"},"image":{"@id":"https:\/\/nordlinepaadid.ee\/et\/pood\/ankrud-ketid-trossid\/anchor-accessories-anchor-llines-chains-bow-rollers\/ankruliin-32-m-25-mm-r-v\/#primaryimage"},"thumbnailUrl":"https:\/\/nordlinepaadid.ee\/wp-content\/uploads\/2023\/03\/4753_9513055030_webfeel.jpg","datePublished":"2026-04-07T00:20:45+00:00","dateModified":"2026-04-08T15:06:01+00:00","breadcrumb":{"@id":"https:\/\/nordlinepaadid.ee\/et\/pood\/ankrud-ketid-trossid\/anchor-accessories-anchor-llines-chains-bow-rollers\/ankruliin-32-m-25-mm-r-v\/#breadcrumb"},"inLanguage":"et","potentialAction":[{"@type":"ReadAction","target":["https:\/\/nordlinepaadid.ee\/et\/pood\/ankrud-ketid-trossid\/anchor-accessories-anchor-llines-chains-bow-rollers\/ankruliin-32-m-25-mm-r-v\/"]}]},{"@type":"ImageObject","inLanguage":"et","@id":"https:\/\/nordlinepaadid.ee\/et\/pood\/ankrud-ketid-trossid\/anchor-accessories-anchor-llines-chains-bow-rollers\/ankruliin-32-m-25-mm-r-v\/#primaryimage","url":"https:\/\/nordlinepaadid.ee\/wp-content\/uploads\/2023\/03\/4753_9513055030_webfeel.jpg","contentUrl":"https:\/\/nordlinepaadid.ee\/wp-content\/uploads\/2023\/03\/4753_9513055030_webfeel.jpg","width":313,"height":378},{"@type":"BreadcrumbList","@id":"https:\/\/nordlinepaadid.ee\/et\/pood\/ankrud-ketid-trossid\/anchor-accessories-anchor-llines-chains-bow-rollers\/ankruliin-32-m-25-mm-r-v\/#breadcrumb","itemListElement":[{"@type":"ListItem","position":1,"name":"Home","item":"https:\/\/nordlinepaadid.ee\/et\/"},{"@type":"ListItem","position":2,"name":"Pood","item":"https:\/\/nordlinepaadid.ee\/et\/pood\/"},{"@type":"ListItem","position":3,"name":"ANKRULIIN, 32 m, 25 mm, R\/V"}]},{"@type":"WebSite","@id":"https:\/\/nordlinepaadid.ee\/et\/#website","url":"https:\/\/nordlinepaadid.ee\/et\/","name":"NORDLINE s\u00f5udepaadid ja mootorpaadid. Klaasfiiber materjalist.","description":"","publisher":{"@id":"https:\/\/nordlinepaadid.ee\/et\/#organization"},"potentialAction":[{"@type":"SearchAction","target":{"@type":"EntryPoint","urlTemplate":"https:\/\/nordlinepaadid.ee\/et\/?s={search_term_string}"},"query-input":{"@type":"PropertyValueSpecification","valueRequired":true,"valueName":"search_term_string"}}],"inLanguage":"et"},{"@type":"Organization","@id":"https:\/\/nordlinepaadid.ee\/et\/#organization","name":"Nordlineboats","url":"https:\/\/nordlinepaadid.ee\/et\/","logo":{"@type":"ImageObject","inLanguage":"et","@id":"https:\/\/nordlinepaadid.ee\/et\/#\/schema\/logo\/image\/","url":"https:\/\/nordlinepaadid.ee\/wp-content\/uploads\/2023\/01\/fulllogo_transparent_nobuffer-e1672750475494.png","contentUrl":"https:\/\/nordlinepaadid.ee\/wp-content\/uploads\/2023\/01\/fulllogo_transparent_nobuffer-e1672750475494.png","width":150,"height":119,"caption":"Nordlineboats"},"image":{"@id":"https:\/\/nordlinepaadid.ee\/et\/#\/schema\/logo\/image\/"},"sameAs":["https:\/\/www.facebook.com\/nordlineboats","https:\/\/www.youtube.com\/channel\/UCbgF0fy02y3QkFnujaLTaCA"]}]}},"taxonomy_info":{"product_cat":[{"value":246,"label":"ANKRUD, KETID, TROSSID"},{"value":310,"label":"Ankrutarvikud, Ankruotsad, Ketid, Ketijuhikud"}],"pa_producer":[{"value":546,"label":"Nawa"}],"pa_unit":[{"value":416,"label":"pcs"}]},"featured_image_src_large":["https:\/\/nordlinepaadid.ee\/wp-content\/uploads\/2023\/03\/4753_9513055030_webfeel.jpg",313,378,false],"author_info":[],"comment_info":"","_links":{"self":[{"href":"https:\/\/nordlinepaadid.ee\/et\/wp-json\/wp\/v2\/product\/27701","targetHints":{"allow":["GET"]}}],"collection":[{"href":"https:\/\/nordlinepaadid.ee\/et\/wp-json\/wp\/v2\/product"}],"about":[{"href":"https:\/\/nordlinepaadid.ee\/et\/wp-json\/wp\/v2\/types\/product"}],"wp:featuredmedia":[{"embeddable":true,"href":"https:\/\/nordlinepaadid.ee\/et\/wp-json\/wp\/v2\/media\/22211"}],"wp:attachment":[{"href":"https:\/\/nordlinepaadid.ee\/et\/wp-json\/wp\/v2\/media?parent=27701"}],"wp:term":[{"taxonomy":"product_brand","embeddable":true,"href":"https:\/\/nordlinepaadid.ee\/et\/wp-json\/wp\/v2\/product_brand?post=27701"},{"taxonomy":"product_cat","embeddable":true,"href":"https:\/\/nordlinepaadid.ee\/et\/wp-json\/wp\/v2\/product_cat?post=27701"},{"taxonomy":"product_tag","embeddable":true,"href":"https:\/\/nordlinepaadid.ee\/et\/wp-json\/wp\/v2\/product_tag?post=27701"}],"curies":[{"name":"wp","href":"https:\/\/api.w.org\/{rel}","templated":true}]}}