{"id":27833,"date":"2026-04-07T03:20:57","date_gmt":"2026-04-07T00:20:57","guid":{"rendered":"https:\/\/nordlinepaadid.ee\/pood\/cover-for-life-ring-grey\/"},"modified":"2026-04-08T12:00:33","modified_gmt":"2026-04-08T09:00:33","slug":"kott-paasterongale-hall","status":"publish","type":"product","link":"https:\/\/nordlinepaadid.ee\/et\/pood\/ru-safety\/ru-liferafts-liferings\/kott-paasterongale-hall\/","title":{"rendered":"KOTT P\u00c4\u00c4STER\u00d5NGALE, HALL"},"content":{"rendered":"<p>Kott p\u00e4\u00e4ster\u00f5nga hoiustamiseks. Kahekordsest kangast valmistatud ja pol\u00fcretaaniga kaetud v\u00e4lispind. Kotil on kaks reguleeritavat rihma, selle reelingu k\u00fclge kinnitamiseks. T\u00f5mblukuga suletav. P\u00e4\u00e4stetule ja viskeliini (22.408.06) saab kinnitada koti sees olevate rihmade k\u00fclge.<\/p>\n","protected":false},"excerpt":{"rendered":"<p>Kott p\u00e4\u00e4ster\u00f5nga hoiustamiseks. Kahekordsest kangast valmistatud ja pol\u00fcretaaniga kaetud v\u00e4lispind. Kotil on kaks reguleeritavat rihma, selle reelingu k\u00fclge kinnitamiseks. T\u00f5mblukuga suletav. P\u00e4\u00e4stetule ja viskeliini (22.408.06) saab kinnitada koti sees olevate rihmade k\u00fclge.<\/p>\n","protected":false},"featured_media":27834,"template":"","meta":{"_kad_blocks_custom_css":"","_kad_blocks_head_custom_js":"","_kad_blocks_body_custom_js":"","_kad_blocks_footer_custom_js":"","_kad_post_transparent":"","_kad_post_title":"","_kad_post_layout":"","_kad_post_sidebar_id":"","_kad_post_content_style":"","_kad_post_vertical_padding":"","_kad_post_feature":"","_kad_post_feature_position":"","_kad_post_header":false,"_kad_post_footer":false,"_kad_post_classname":""},"product_brand":[],"product_cat":[235,230,784],"product_tag":[],"class_list":{"0":"post-27833","1":"product","2":"type-product","3":"status-publish","4":"has-post-thumbnail","6":"product_cat-paasteparved-paasterongad","7":"product_cat-paastevahendid","8":"product_cat-ru-liferafts-liferings","9":"product_shipping_class-euroalusele-mahtuv-kaup","10":"pa_color-hall","11":"pa_producer-osculati","12":"pa_unit-pcs","13":"tm-no-options","15":"first","16":"onbackorder","17":"taxable","18":"shipping-taxable","19":"purchasable","20":"product-type-simple","21":"entry","22":"content-bg","23":"loop-entry"},"yoast_head":"<!-- This site is optimized with the Yoast SEO plugin v27.3 - https:\/\/yoast.com\/product\/yoast-seo-wordpress\/ -->\n<title>KOTT P\u00c4\u00c4STER\u00d5NGALE, HALL - NORDLINE s\u00f5udepaadid ja mootorpaadid. Klaasfiiber materjalist.<\/title>\n<meta name=\"robots\" content=\"index, follow, max-snippet:-1, max-image-preview:large, max-video-preview:-1\" \/>\n<link rel=\"canonical\" href=\"https:\/\/nordlinepaadid.ee\/et\/pood\/ru-safety\/ru-liferafts-liferings\/kott-paasterongale-hall\/\" \/>\n<meta property=\"og:locale\" content=\"et_EE\" \/>\n<meta property=\"og:type\" content=\"article\" \/>\n<meta property=\"og:title\" content=\"KOTT P\u00c4\u00c4STER\u00d5NGALE, HALL - NORDLINE s\u00f5udepaadid ja mootorpaadid. Klaasfiiber materjalist.\" \/>\n<meta property=\"og:description\" content=\"Kott p\u00e4\u00e4ster\u00f5nga hoiustamiseks. Kahekordsest kangast valmistatud ja pol\u00fcretaaniga kaetud v\u00e4lispind. Kotil on kaks reguleeritavat rihma, selle reelingu k\u00fclge kinnitamiseks. T\u00f5mblukuga suletav. P\u00e4\u00e4stetule ja viskeliini (22.408.06) saab kinnitada koti sees olevate rihmade k\u00fclge.\" \/>\n<meta property=\"og:url\" content=\"https:\/\/nordlinepaadid.ee\/et\/pood\/ru-safety\/ru-liferafts-liferings\/kott-paasterongale-hall\/\" \/>\n<meta property=\"og:site_name\" content=\"NORDLINE s\u00f5udepaadid ja mootorpaadid. Klaasfiiber materjalist.\" \/>\n<meta property=\"article:publisher\" content=\"https:\/\/www.facebook.com\/nordlineboats\" \/>\n<meta property=\"article:modified_time\" content=\"2026-04-08T09:00:33+00:00\" \/>\n<meta property=\"og:image\" content=\"https:\/\/nordlinepaadid.ee\/wp-content\/uploads\/2023\/03\/8163_EN_22.406.97_New2018.jpg\" \/>\n\t<meta property=\"og:image:width\" content=\"769\" \/>\n\t<meta property=\"og:image:height\" content=\"800\" \/>\n\t<meta property=\"og:image:type\" content=\"image\/jpeg\" \/>\n<meta name=\"twitter:card\" content=\"summary_large_image\" \/>\n<script type=\"application\/ld+json\" class=\"yoast-schema-graph\">{\"@context\":\"https:\\\/\\\/schema.org\",\"@graph\":[{\"@type\":\"WebPage\",\"@id\":\"https:\\\/\\\/nordlinepaadid.ee\\\/et\\\/pood\\\/ru-safety\\\/ru-liferafts-liferings\\\/kott-paasterongale-hall\\\/\",\"url\":\"https:\\\/\\\/nordlinepaadid.ee\\\/et\\\/pood\\\/ru-safety\\\/ru-liferafts-liferings\\\/kott-paasterongale-hall\\\/\",\"name\":\"KOTT P\u00c4\u00c4STER\u00d5NGALE, HALL - NORDLINE s\u00f5udepaadid ja mootorpaadid. Klaasfiiber materjalist.\",\"isPartOf\":{\"@id\":\"https:\\\/\\\/nordlinepaadid.ee\\\/et\\\/#website\"},\"primaryImageOfPage\":{\"@id\":\"https:\\\/\\\/nordlinepaadid.ee\\\/et\\\/pood\\\/ru-safety\\\/ru-liferafts-liferings\\\/kott-paasterongale-hall\\\/#primaryimage\"},\"image\":{\"@id\":\"https:\\\/\\\/nordlinepaadid.ee\\\/et\\\/pood\\\/ru-safety\\\/ru-liferafts-liferings\\\/kott-paasterongale-hall\\\/#primaryimage\"},\"thumbnailUrl\":\"https:\\\/\\\/nordlinepaadid.ee\\\/wp-content\\\/uploads\\\/2023\\\/03\\\/8163_EN_22.406.97_New2018.jpg\",\"datePublished\":\"2026-04-07T00:20:57+00:00\",\"dateModified\":\"2026-04-08T09:00:33+00:00\",\"breadcrumb\":{\"@id\":\"https:\\\/\\\/nordlinepaadid.ee\\\/et\\\/pood\\\/ru-safety\\\/ru-liferafts-liferings\\\/kott-paasterongale-hall\\\/#breadcrumb\"},\"inLanguage\":\"et\",\"potentialAction\":[{\"@type\":\"ReadAction\",\"target\":[\"https:\\\/\\\/nordlinepaadid.ee\\\/et\\\/pood\\\/ru-safety\\\/ru-liferafts-liferings\\\/kott-paasterongale-hall\\\/\"]}]},{\"@type\":\"ImageObject\",\"inLanguage\":\"et\",\"@id\":\"https:\\\/\\\/nordlinepaadid.ee\\\/et\\\/pood\\\/ru-safety\\\/ru-liferafts-liferings\\\/kott-paasterongale-hall\\\/#primaryimage\",\"url\":\"https:\\\/\\\/nordlinepaadid.ee\\\/wp-content\\\/uploads\\\/2023\\\/03\\\/8163_EN_22.406.97_New2018.jpg\",\"contentUrl\":\"https:\\\/\\\/nordlinepaadid.ee\\\/wp-content\\\/uploads\\\/2023\\\/03\\\/8163_EN_22.406.97_New2018.jpg\",\"width\":769,\"height\":800},{\"@type\":\"BreadcrumbList\",\"@id\":\"https:\\\/\\\/nordlinepaadid.ee\\\/et\\\/pood\\\/ru-safety\\\/ru-liferafts-liferings\\\/kott-paasterongale-hall\\\/#breadcrumb\",\"itemListElement\":[{\"@type\":\"ListItem\",\"position\":1,\"name\":\"Home\",\"item\":\"https:\\\/\\\/nordlinepaadid.ee\\\/et\\\/\"},{\"@type\":\"ListItem\",\"position\":2,\"name\":\"Pood\",\"item\":\"https:\\\/\\\/nordlinepaadid.ee\\\/et\\\/pood\\\/\"},{\"@type\":\"ListItem\",\"position\":3,\"name\":\"KOTT P\u00c4\u00c4STER\u00d5NGALE, HALL\"}]},{\"@type\":\"WebSite\",\"@id\":\"https:\\\/\\\/nordlinepaadid.ee\\\/et\\\/#website\",\"url\":\"https:\\\/\\\/nordlinepaadid.ee\\\/et\\\/\",\"name\":\"NORDLINE s\u00f5udepaadid ja mootorpaadid. Klaasfiiber materjalist.\",\"description\":\"\",\"publisher\":{\"@id\":\"https:\\\/\\\/nordlinepaadid.ee\\\/et\\\/#organization\"},\"potentialAction\":[{\"@type\":\"SearchAction\",\"target\":{\"@type\":\"EntryPoint\",\"urlTemplate\":\"https:\\\/\\\/nordlinepaadid.ee\\\/et\\\/?s={search_term_string}\"},\"query-input\":{\"@type\":\"PropertyValueSpecification\",\"valueRequired\":true,\"valueName\":\"search_term_string\"}}],\"inLanguage\":\"et\"},{\"@type\":\"Organization\",\"@id\":\"https:\\\/\\\/nordlinepaadid.ee\\\/et\\\/#organization\",\"name\":\"Nordlineboats\",\"url\":\"https:\\\/\\\/nordlinepaadid.ee\\\/et\\\/\",\"logo\":{\"@type\":\"ImageObject\",\"inLanguage\":\"et\",\"@id\":\"https:\\\/\\\/nordlinepaadid.ee\\\/et\\\/#\\\/schema\\\/logo\\\/image\\\/\",\"url\":\"https:\\\/\\\/nordlinepaadid.ee\\\/wp-content\\\/uploads\\\/2023\\\/01\\\/fulllogo_transparent_nobuffer-e1672750475494.png\",\"contentUrl\":\"https:\\\/\\\/nordlinepaadid.ee\\\/wp-content\\\/uploads\\\/2023\\\/01\\\/fulllogo_transparent_nobuffer-e1672750475494.png\",\"width\":150,\"height\":119,\"caption\":\"Nordlineboats\"},\"image\":{\"@id\":\"https:\\\/\\\/nordlinepaadid.ee\\\/et\\\/#\\\/schema\\\/logo\\\/image\\\/\"},\"sameAs\":[\"https:\\\/\\\/www.facebook.com\\\/nordlineboats\",\"https:\\\/\\\/www.youtube.com\\\/channel\\\/UCbgF0fy02y3QkFnujaLTaCA\"]}]}<\/script>\n<!-- \/ Yoast SEO plugin. -->","yoast_head_json":{"title":"KOTT P\u00c4\u00c4STER\u00d5NGALE, HALL - NORDLINE s\u00f5udepaadid ja mootorpaadid. Klaasfiiber materjalist.","robots":{"index":"index","follow":"follow","max-snippet":"max-snippet:-1","max-image-preview":"max-image-preview:large","max-video-preview":"max-video-preview:-1"},"canonical":"https:\/\/nordlinepaadid.ee\/et\/pood\/ru-safety\/ru-liferafts-liferings\/kott-paasterongale-hall\/","og_locale":"et_EE","og_type":"article","og_title":"KOTT P\u00c4\u00c4STER\u00d5NGALE, HALL - NORDLINE s\u00f5udepaadid ja mootorpaadid. Klaasfiiber materjalist.","og_description":"Kott p\u00e4\u00e4ster\u00f5nga hoiustamiseks. Kahekordsest kangast valmistatud ja pol\u00fcretaaniga kaetud v\u00e4lispind. Kotil on kaks reguleeritavat rihma, selle reelingu k\u00fclge kinnitamiseks. T\u00f5mblukuga suletav. P\u00e4\u00e4stetule ja viskeliini (22.408.06) saab kinnitada koti sees olevate rihmade k\u00fclge.","og_url":"https:\/\/nordlinepaadid.ee\/et\/pood\/ru-safety\/ru-liferafts-liferings\/kott-paasterongale-hall\/","og_site_name":"NORDLINE s\u00f5udepaadid ja mootorpaadid. Klaasfiiber materjalist.","article_publisher":"https:\/\/www.facebook.com\/nordlineboats","article_modified_time":"2026-04-08T09:00:33+00:00","og_image":[{"width":769,"height":800,"url":"https:\/\/nordlinepaadid.ee\/wp-content\/uploads\/2023\/03\/8163_EN_22.406.97_New2018.jpg","type":"image\/jpeg"}],"twitter_card":"summary_large_image","schema":{"@context":"https:\/\/schema.org","@graph":[{"@type":"WebPage","@id":"https:\/\/nordlinepaadid.ee\/et\/pood\/ru-safety\/ru-liferafts-liferings\/kott-paasterongale-hall\/","url":"https:\/\/nordlinepaadid.ee\/et\/pood\/ru-safety\/ru-liferafts-liferings\/kott-paasterongale-hall\/","name":"KOTT P\u00c4\u00c4STER\u00d5NGALE, HALL - NORDLINE s\u00f5udepaadid ja mootorpaadid. Klaasfiiber materjalist.","isPartOf":{"@id":"https:\/\/nordlinepaadid.ee\/et\/#website"},"primaryImageOfPage":{"@id":"https:\/\/nordlinepaadid.ee\/et\/pood\/ru-safety\/ru-liferafts-liferings\/kott-paasterongale-hall\/#primaryimage"},"image":{"@id":"https:\/\/nordlinepaadid.ee\/et\/pood\/ru-safety\/ru-liferafts-liferings\/kott-paasterongale-hall\/#primaryimage"},"thumbnailUrl":"https:\/\/nordlinepaadid.ee\/wp-content\/uploads\/2023\/03\/8163_EN_22.406.97_New2018.jpg","datePublished":"2026-04-07T00:20:57+00:00","dateModified":"2026-04-08T09:00:33+00:00","breadcrumb":{"@id":"https:\/\/nordlinepaadid.ee\/et\/pood\/ru-safety\/ru-liferafts-liferings\/kott-paasterongale-hall\/#breadcrumb"},"inLanguage":"et","potentialAction":[{"@type":"ReadAction","target":["https:\/\/nordlinepaadid.ee\/et\/pood\/ru-safety\/ru-liferafts-liferings\/kott-paasterongale-hall\/"]}]},{"@type":"ImageObject","inLanguage":"et","@id":"https:\/\/nordlinepaadid.ee\/et\/pood\/ru-safety\/ru-liferafts-liferings\/kott-paasterongale-hall\/#primaryimage","url":"https:\/\/nordlinepaadid.ee\/wp-content\/uploads\/2023\/03\/8163_EN_22.406.97_New2018.jpg","contentUrl":"https:\/\/nordlinepaadid.ee\/wp-content\/uploads\/2023\/03\/8163_EN_22.406.97_New2018.jpg","width":769,"height":800},{"@type":"BreadcrumbList","@id":"https:\/\/nordlinepaadid.ee\/et\/pood\/ru-safety\/ru-liferafts-liferings\/kott-paasterongale-hall\/#breadcrumb","itemListElement":[{"@type":"ListItem","position":1,"name":"Home","item":"https:\/\/nordlinepaadid.ee\/et\/"},{"@type":"ListItem","position":2,"name":"Pood","item":"https:\/\/nordlinepaadid.ee\/et\/pood\/"},{"@type":"ListItem","position":3,"name":"KOTT P\u00c4\u00c4STER\u00d5NGALE, HALL"}]},{"@type":"WebSite","@id":"https:\/\/nordlinepaadid.ee\/et\/#website","url":"https:\/\/nordlinepaadid.ee\/et\/","name":"NORDLINE s\u00f5udepaadid ja mootorpaadid. Klaasfiiber materjalist.","description":"","publisher":{"@id":"https:\/\/nordlinepaadid.ee\/et\/#organization"},"potentialAction":[{"@type":"SearchAction","target":{"@type":"EntryPoint","urlTemplate":"https:\/\/nordlinepaadid.ee\/et\/?s={search_term_string}"},"query-input":{"@type":"PropertyValueSpecification","valueRequired":true,"valueName":"search_term_string"}}],"inLanguage":"et"},{"@type":"Organization","@id":"https:\/\/nordlinepaadid.ee\/et\/#organization","name":"Nordlineboats","url":"https:\/\/nordlinepaadid.ee\/et\/","logo":{"@type":"ImageObject","inLanguage":"et","@id":"https:\/\/nordlinepaadid.ee\/et\/#\/schema\/logo\/image\/","url":"https:\/\/nordlinepaadid.ee\/wp-content\/uploads\/2023\/01\/fulllogo_transparent_nobuffer-e1672750475494.png","contentUrl":"https:\/\/nordlinepaadid.ee\/wp-content\/uploads\/2023\/01\/fulllogo_transparent_nobuffer-e1672750475494.png","width":150,"height":119,"caption":"Nordlineboats"},"image":{"@id":"https:\/\/nordlinepaadid.ee\/et\/#\/schema\/logo\/image\/"},"sameAs":["https:\/\/www.facebook.com\/nordlineboats","https:\/\/www.youtube.com\/channel\/UCbgF0fy02y3QkFnujaLTaCA"]}]}},"taxonomy_info":{"product_cat":[{"value":235,"label":"P\u00e4\u00e4steparved, P\u00e4\u00e4ster\u00f5ngad"},{"value":230,"label":"P\u00c4\u00c4STEVAHENDID"},{"value":784,"label":"\u0421\u043f\u0430\u0441\u0430\u0442\u0435\u043b\u044c\u043d\u044b\u0435 \u041f\u043b\u043e\u0442\u044b, \u041a\u0440\u0443\u0433\u0438"}],"pa_color":[{"value":675,"label":"Hall"}],"pa_producer":[{"value":417,"label":"Osculati"}],"pa_unit":[{"value":416,"label":"pcs"}]},"featured_image_src_large":["https:\/\/nordlinepaadid.ee\/wp-content\/uploads\/2023\/03\/8163_EN_22.406.97_New2018.jpg",769,800,false],"author_info":[],"comment_info":"","_links":{"self":[{"href":"https:\/\/nordlinepaadid.ee\/et\/wp-json\/wp\/v2\/product\/27833","targetHints":{"allow":["GET"]}}],"collection":[{"href":"https:\/\/nordlinepaadid.ee\/et\/wp-json\/wp\/v2\/product"}],"about":[{"href":"https:\/\/nordlinepaadid.ee\/et\/wp-json\/wp\/v2\/types\/product"}],"wp:featuredmedia":[{"embeddable":true,"href":"https:\/\/nordlinepaadid.ee\/et\/wp-json\/wp\/v2\/media\/27834"}],"wp:attachment":[{"href":"https:\/\/nordlinepaadid.ee\/et\/wp-json\/wp\/v2\/media?parent=27833"}],"wp:term":[{"taxonomy":"product_brand","embeddable":true,"href":"https:\/\/nordlinepaadid.ee\/et\/wp-json\/wp\/v2\/product_brand?post=27833"},{"taxonomy":"product_cat","embeddable":true,"href":"https:\/\/nordlinepaadid.ee\/et\/wp-json\/wp\/v2\/product_cat?post=27833"},{"taxonomy":"product_tag","embeddable":true,"href":"https:\/\/nordlinepaadid.ee\/et\/wp-json\/wp\/v2\/product_tag?post=27833"}],"curies":[{"name":"wp","href":"https:\/\/api.w.org\/{rel}","templated":true}]}}