{"id":28064,"date":"2026-04-07T03:21:14","date_gmt":"2026-04-07T00:21:14","guid":{"rendered":"https:\/\/nordlinepaadid.ee\/pood\/lowrance-elite-fs-9-active-imaging-with-3-in-1-transducer\/"},"modified":"2026-04-08T16:04:44","modified_gmt":"2026-04-08T13:04:44","slug":"lowrance-elite-fs-9-active-imaging-3-in-1-anduriga","status":"publish","type":"product","link":"https:\/\/nordlinepaadid.ee\/et\/pood\/mereelektroonika\/chartplotters-fishfinders\/lowrance-elite-fs-9-active-imaging-3-in-1-anduriga\/","title":{"rendered":"LOWRANCE ELITE FS 9 ACTIVE IMAGING 3-IN-1 ANDURIGA"},"content":{"rendered":"<p>Uus Lowrance Elite FS on Lowrance Elite Ti2 j\u00e4reltulija. V\u00f5imsa Lowrance Elite FS kajaloodiga leiate rohkem kalu ning saate detailse \u00fclevaate p\u00f5hjastruktuuridest ja kala peidukohtadest. Suurep\u00e4rase ulatuse tagab Active Imaging \u2122 3-in-1 sensor, mis sisaldab CHIRP, SideScan ja FishReveal \u2122 funktsiooniga DownScan tehnoloogiat. V\u00f5imaldab n\u00e4ha paadi alla ning k\u00fclgedele. Uus ActiveTarget \u2122 Live andur (lisavarustus) v\u00f5imaldab n\u00e4ha vee all toimuvast liikuvat pilti. Kalap\u00fc\u00fck on lihtsam, kui teate t\u00e4pselt, mida kalad reaalajas teevad, kasutades ActiveTarget \u2122 Live&#8217;i. Nautige t\u00e4pseid vaateid, mis paljastavad kalade liikumise, j\u00e4lgige, kuidas kalad oma peidukohtades ujuvad. Vaadake reaalajas, kuidas nad teie peibutisse reageerivad, et teaksite, kas teie praegune p\u00fc\u00fcgiviis t\u00f6\u00f6tab v\u00f5i on aeg p\u00fc\u00fcgiviisi muuta. Elite FSil on puutetundlik ekraan. Lisandunud on Etherneti \u00fchendus, mis v\u00f5imaldab infovahetust teiste ekraanidega. Wifi ja Bluetooth \u00fchenduse abil on v\u00f5imalik kuvada teavitusi telefonist Elite FSi ekraanil ning uuendada seadme tarkvara ja kaarte. Seadmega on v\u00f5imalik \u00fchendada Motorguide v\u00f6\u00f6rimootoreid.&nbsp;<\/p>\n<p>&#13;<\/p>\n<p><strong>P\u00f5hiomadused:<\/strong><span style=\"background-color:rgb(255, 255, 255)\">&nbsp;<\/span><\/p>\n<p>&#13;<br \/>\n&#13;<\/p>\n<ul>&#13;<\/p>\n<li>ActiveTarget \u2122 Live sonari valmidus<\/li>\n<p>&#13;<\/p>\n<li>Active Imaging 3-in-1 valmis<\/li>\n<p>&#13;<\/p>\n<li>FishReveal \u2122<\/li>\n<p>&#13;<\/p>\n<li>Sisaldab globaalset baaskaarti ja laia kaardivalikut, nagu C-MAP ja Navionics\u00ae<\/li>\n<p>&#13;<\/p>\n<li>C-MAP\u00ae lihtne marsruutimine, Navionics\u00ae automaatse marsruutimise funktsioonid<\/li>\n<p>&#13;<\/p>\n<li>Real-time C-MAP Genesis Live kaardistamine<\/li>\n<p>&#13;<\/p>\n<li>K\u00f5rge eraldusv\u00f5imega multi-puutetundlik ekraan<\/li>\n<p>&#13;<\/p>\n<li>Integreeritud juhtmevaba \u00fchendus, NMEA 2000\u00ae ja Ethernet<\/li>\n<p>&#13;<\/p>\n<li>Power-Pole\u00ae ankru ja Ghost\u00ae v\u00f6\u00f6rimootori juhtimine puuteekraanilt<\/li>\n<p>&#13;\n<\/ul>\n<p>&#13;<br \/>\n&#13;<\/p>\n<p>&nbsp;<\/p>\n<p>&#13;<br \/>\n&#13;<\/p>\n<p><strong>Tehnilised andmed:<\/strong><\/p>\n<p>&#13;<br \/>\n&#13;<\/p>\n<ul>&#13;<\/p>\n<li>Ekraan: 9&#8221; 16:9<\/li>\n<p>&#13;<\/p>\n<li>Ekraani t\u00fc\u00fcp: Puutetundlik<\/li>\n<p>&#13;<\/p>\n<li>GPS: Sisemine 10Hz GPS+EGNOS+MSAS<\/li>\n<p>&#13;<\/p>\n<li>Meedia: mSD<\/li>\n<p>&#13;<\/p>\n<li>Resolutsioon: 800x480px<\/li>\n<p>&#13;<\/p>\n<li>Sonar: CHIRP&amp;455\/800kHz<\/li>\n<p>&#13;<\/p>\n<li>Toide: 12V<\/li>\n<p>&#13;<\/p>\n<li>T\u00fc\u00fcp: Kombo<\/li>\n<p>&#13;<\/p>\n<li>V\u00f5rgud: WIFI, Bluetooth, NMEA0183;NMEA2000, Ethernet<\/li>\n<p>&#13;\n<\/ul>\n<p>&#13;<br \/>\n&#13;<\/p>\n<p>&nbsp;<\/p>\n<p>&#13;<br \/>\n&#13;<\/p>\n<p><iframe loading=\"lazy\" allowfullscreen=\"\" frameborder=\"0\" height=\"360\" src=\"\/\/www.youtube.com\/embed\/wQK_MuRvkRw\" width=\"640\"><\/iframe><\/p>\n<p>&#13;<\/p>\n","protected":false},"excerpt":{"rendered":"<p>Uus Lowrance Elite FS on Lowrance Elite Ti2 j\u00e4reltulija. V\u00f5imsa Lowrance Elite FS kajaloodiga leiate rohkem kalu ning saate detailse \u00fclevaate p\u00f5hjastruktuuridest ja kala peidukohtadest. Suurep\u00e4rase ulatuse tagab Active Imaging \u2122 3-in-1 sensor, mis sisaldab CHIRP, SideScan ja FishReveal \u2122 funktsiooniga DownScan tehnoloogiat. V\u00f5imaldab n\u00e4ha paadi alla ning k\u00fclgedele. Uus ActiveTarget \u2122 Live andur (lisavarustus)&#8230;<\/p>\n","protected":false},"featured_media":28065,"template":"","meta":{"_kad_blocks_custom_css":"","_kad_blocks_head_custom_js":"","_kad_blocks_body_custom_js":"","_kad_blocks_footer_custom_js":"","_kad_post_transparent":"","_kad_post_title":"","_kad_post_layout":"","_kad_post_sidebar_id":"","_kad_post_content_style":"","_kad_post_vertical_padding":"","_kad_post_feature":"","_kad_post_feature_position":"","_kad_post_header":false,"_kad_post_footer":false,"_kad_post_classname":""},"product_brand":[],"product_cat":[338,352],"product_tag":[],"class_list":{"0":"post-28064","1":"product","2":"type-product","3":"status-publish","4":"has-post-thumbnail","6":"product_cat-chartplotters-fishfinders","7":"product_cat-mereelektroonika","8":"product_shipping_class-pakiautomaati-mahtuv-kaup","9":"pa_producer-lowrance","10":"pa_unit-pcs","11":"tm-no-options","13":"first","14":"onbackorder","15":"sale","16":"taxable","17":"shipping-taxable","18":"purchasable","19":"product-type-simple","20":"entry","21":"content-bg","22":"loop-entry"},"yoast_head":"<!-- This site is optimized with the Yoast SEO plugin v27.3 - https:\/\/yoast.com\/product\/yoast-seo-wordpress\/ -->\n<title>LOWRANCE ELITE FS 9 ACTIVE IMAGING 3-IN-1 ANDURIGA - NORDLINE s\u00f5udepaadid ja mootorpaadid. Klaasfiiber materjalist.<\/title>\n<meta name=\"robots\" content=\"index, follow, max-snippet:-1, max-image-preview:large, max-video-preview:-1\" \/>\n<link rel=\"canonical\" href=\"https:\/\/nordlinepaadid.ee\/et\/pood\/mereelektroonika\/chartplotters-fishfinders\/lowrance-elite-fs-9-active-imaging-3-in-1-anduriga\/\" \/>\n<meta property=\"og:locale\" content=\"et_EE\" \/>\n<meta property=\"og:type\" content=\"article\" \/>\n<meta property=\"og:title\" content=\"LOWRANCE ELITE FS 9 ACTIVE IMAGING 3-IN-1 ANDURIGA - NORDLINE s\u00f5udepaadid ja mootorpaadid. Klaasfiiber materjalist.\" \/>\n<meta property=\"og:description\" content=\"Uus Lowrance Elite FS on Lowrance Elite Ti2 j\u00e4reltulija. V\u00f5imsa Lowrance Elite FS kajaloodiga leiate rohkem kalu ning saate detailse \u00fclevaate p\u00f5hjastruktuuridest ja kala peidukohtadest. Suurep\u00e4rase ulatuse tagab Active Imaging \u2122 3-in-1 sensor, mis sisaldab CHIRP, SideScan ja FishReveal \u2122 funktsiooniga DownScan tehnoloogiat. V\u00f5imaldab n\u00e4ha paadi alla ning k\u00fclgedele. Uus ActiveTarget \u2122 Live andur (lisavarustus)...\" \/>\n<meta property=\"og:url\" content=\"https:\/\/nordlinepaadid.ee\/et\/pood\/mereelektroonika\/chartplotters-fishfinders\/lowrance-elite-fs-9-active-imaging-3-in-1-anduriga\/\" \/>\n<meta property=\"og:site_name\" content=\"NORDLINE s\u00f5udepaadid ja mootorpaadid. Klaasfiiber materjalist.\" \/>\n<meta property=\"article:publisher\" content=\"https:\/\/www.facebook.com\/nordlineboats\" \/>\n<meta property=\"article:modified_time\" content=\"2026-04-08T13:04:44+00:00\" \/>\n<meta property=\"og:image\" content=\"https:\/\/nordlinepaadid.ee\/wp-content\/uploads\/2023\/03\/8255_img_2020-11-12_10-27-29_8a96f2ee6f629b7e7e154dd20d799b00-scaled.jpg\" \/>\n\t<meta property=\"og:image:width\" content=\"2560\" \/>\n\t<meta property=\"og:image:height\" content=\"1829\" \/>\n\t<meta property=\"og:image:type\" content=\"image\/jpeg\" \/>\n<meta name=\"twitter:card\" content=\"summary_large_image\" \/>\n<meta name=\"twitter:label1\" content=\"Est. reading time\" \/>\n\t<meta name=\"twitter:data1\" content=\"1 minut\" \/>\n<script type=\"application\/ld+json\" class=\"yoast-schema-graph\">{\"@context\":\"https:\\\/\\\/schema.org\",\"@graph\":[{\"@type\":\"WebPage\",\"@id\":\"https:\\\/\\\/nordlinepaadid.ee\\\/et\\\/pood\\\/mereelektroonika\\\/chartplotters-fishfinders\\\/lowrance-elite-fs-9-active-imaging-3-in-1-anduriga\\\/\",\"url\":\"https:\\\/\\\/nordlinepaadid.ee\\\/et\\\/pood\\\/mereelektroonika\\\/chartplotters-fishfinders\\\/lowrance-elite-fs-9-active-imaging-3-in-1-anduriga\\\/\",\"name\":\"LOWRANCE ELITE FS 9 ACTIVE IMAGING 3-IN-1 ANDURIGA - NORDLINE s\u00f5udepaadid ja mootorpaadid. Klaasfiiber materjalist.\",\"isPartOf\":{\"@id\":\"https:\\\/\\\/nordlinepaadid.ee\\\/et\\\/#website\"},\"primaryImageOfPage\":{\"@id\":\"https:\\\/\\\/nordlinepaadid.ee\\\/et\\\/pood\\\/mereelektroonika\\\/chartplotters-fishfinders\\\/lowrance-elite-fs-9-active-imaging-3-in-1-anduriga\\\/#primaryimage\"},\"image\":{\"@id\":\"https:\\\/\\\/nordlinepaadid.ee\\\/et\\\/pood\\\/mereelektroonika\\\/chartplotters-fishfinders\\\/lowrance-elite-fs-9-active-imaging-3-in-1-anduriga\\\/#primaryimage\"},\"thumbnailUrl\":\"https:\\\/\\\/nordlinepaadid.ee\\\/wp-content\\\/uploads\\\/2023\\\/03\\\/8255_img_2020-11-12_10-27-29_8a96f2ee6f629b7e7e154dd20d799b00-scaled.jpg\",\"datePublished\":\"2026-04-07T00:21:14+00:00\",\"dateModified\":\"2026-04-08T13:04:44+00:00\",\"breadcrumb\":{\"@id\":\"https:\\\/\\\/nordlinepaadid.ee\\\/et\\\/pood\\\/mereelektroonika\\\/chartplotters-fishfinders\\\/lowrance-elite-fs-9-active-imaging-3-in-1-anduriga\\\/#breadcrumb\"},\"inLanguage\":\"et\",\"potentialAction\":[{\"@type\":\"ReadAction\",\"target\":[\"https:\\\/\\\/nordlinepaadid.ee\\\/et\\\/pood\\\/mereelektroonika\\\/chartplotters-fishfinders\\\/lowrance-elite-fs-9-active-imaging-3-in-1-anduriga\\\/\"]}]},{\"@type\":\"ImageObject\",\"inLanguage\":\"et\",\"@id\":\"https:\\\/\\\/nordlinepaadid.ee\\\/et\\\/pood\\\/mereelektroonika\\\/chartplotters-fishfinders\\\/lowrance-elite-fs-9-active-imaging-3-in-1-anduriga\\\/#primaryimage\",\"url\":\"https:\\\/\\\/nordlinepaadid.ee\\\/wp-content\\\/uploads\\\/2023\\\/03\\\/8255_img_2020-11-12_10-27-29_8a96f2ee6f629b7e7e154dd20d799b00-scaled.jpg\",\"contentUrl\":\"https:\\\/\\\/nordlinepaadid.ee\\\/wp-content\\\/uploads\\\/2023\\\/03\\\/8255_img_2020-11-12_10-27-29_8a96f2ee6f629b7e7e154dd20d799b00-scaled.jpg\",\"width\":2560,\"height\":1829},{\"@type\":\"BreadcrumbList\",\"@id\":\"https:\\\/\\\/nordlinepaadid.ee\\\/et\\\/pood\\\/mereelektroonika\\\/chartplotters-fishfinders\\\/lowrance-elite-fs-9-active-imaging-3-in-1-anduriga\\\/#breadcrumb\",\"itemListElement\":[{\"@type\":\"ListItem\",\"position\":1,\"name\":\"Home\",\"item\":\"https:\\\/\\\/nordlinepaadid.ee\\\/et\\\/\"},{\"@type\":\"ListItem\",\"position\":2,\"name\":\"Pood\",\"item\":\"https:\\\/\\\/nordlinepaadid.ee\\\/et\\\/pood\\\/\"},{\"@type\":\"ListItem\",\"position\":3,\"name\":\"LOWRANCE ELITE FS 9 ACTIVE IMAGING 3-IN-1 ANDURIGA\"}]},{\"@type\":\"WebSite\",\"@id\":\"https:\\\/\\\/nordlinepaadid.ee\\\/et\\\/#website\",\"url\":\"https:\\\/\\\/nordlinepaadid.ee\\\/et\\\/\",\"name\":\"NORDLINE s\u00f5udepaadid ja mootorpaadid. Klaasfiiber materjalist.\",\"description\":\"\",\"publisher\":{\"@id\":\"https:\\\/\\\/nordlinepaadid.ee\\\/et\\\/#organization\"},\"potentialAction\":[{\"@type\":\"SearchAction\",\"target\":{\"@type\":\"EntryPoint\",\"urlTemplate\":\"https:\\\/\\\/nordlinepaadid.ee\\\/et\\\/?s={search_term_string}\"},\"query-input\":{\"@type\":\"PropertyValueSpecification\",\"valueRequired\":true,\"valueName\":\"search_term_string\"}}],\"inLanguage\":\"et\"},{\"@type\":\"Organization\",\"@id\":\"https:\\\/\\\/nordlinepaadid.ee\\\/et\\\/#organization\",\"name\":\"Nordlineboats\",\"url\":\"https:\\\/\\\/nordlinepaadid.ee\\\/et\\\/\",\"logo\":{\"@type\":\"ImageObject\",\"inLanguage\":\"et\",\"@id\":\"https:\\\/\\\/nordlinepaadid.ee\\\/et\\\/#\\\/schema\\\/logo\\\/image\\\/\",\"url\":\"https:\\\/\\\/nordlinepaadid.ee\\\/wp-content\\\/uploads\\\/2023\\\/01\\\/fulllogo_transparent_nobuffer-e1672750475494.png\",\"contentUrl\":\"https:\\\/\\\/nordlinepaadid.ee\\\/wp-content\\\/uploads\\\/2023\\\/01\\\/fulllogo_transparent_nobuffer-e1672750475494.png\",\"width\":150,\"height\":119,\"caption\":\"Nordlineboats\"},\"image\":{\"@id\":\"https:\\\/\\\/nordlinepaadid.ee\\\/et\\\/#\\\/schema\\\/logo\\\/image\\\/\"},\"sameAs\":[\"https:\\\/\\\/www.facebook.com\\\/nordlineboats\",\"https:\\\/\\\/www.youtube.com\\\/channel\\\/UCbgF0fy02y3QkFnujaLTaCA\"]}]}<\/script>\n<!-- \/ Yoast SEO plugin. -->","yoast_head_json":{"title":"LOWRANCE ELITE FS 9 ACTIVE IMAGING 3-IN-1 ANDURIGA - NORDLINE s\u00f5udepaadid ja mootorpaadid. Klaasfiiber materjalist.","robots":{"index":"index","follow":"follow","max-snippet":"max-snippet:-1","max-image-preview":"max-image-preview:large","max-video-preview":"max-video-preview:-1"},"canonical":"https:\/\/nordlinepaadid.ee\/et\/pood\/mereelektroonika\/chartplotters-fishfinders\/lowrance-elite-fs-9-active-imaging-3-in-1-anduriga\/","og_locale":"et_EE","og_type":"article","og_title":"LOWRANCE ELITE FS 9 ACTIVE IMAGING 3-IN-1 ANDURIGA - NORDLINE s\u00f5udepaadid ja mootorpaadid. Klaasfiiber materjalist.","og_description":"Uus Lowrance Elite FS on Lowrance Elite Ti2 j\u00e4reltulija. V\u00f5imsa Lowrance Elite FS kajaloodiga leiate rohkem kalu ning saate detailse \u00fclevaate p\u00f5hjastruktuuridest ja kala peidukohtadest. Suurep\u00e4rase ulatuse tagab Active Imaging \u2122 3-in-1 sensor, mis sisaldab CHIRP, SideScan ja FishReveal \u2122 funktsiooniga DownScan tehnoloogiat. V\u00f5imaldab n\u00e4ha paadi alla ning k\u00fclgedele. Uus ActiveTarget \u2122 Live andur (lisavarustus)...","og_url":"https:\/\/nordlinepaadid.ee\/et\/pood\/mereelektroonika\/chartplotters-fishfinders\/lowrance-elite-fs-9-active-imaging-3-in-1-anduriga\/","og_site_name":"NORDLINE s\u00f5udepaadid ja mootorpaadid. Klaasfiiber materjalist.","article_publisher":"https:\/\/www.facebook.com\/nordlineboats","article_modified_time":"2026-04-08T13:04:44+00:00","og_image":[{"width":2560,"height":1829,"url":"https:\/\/nordlinepaadid.ee\/wp-content\/uploads\/2023\/03\/8255_img_2020-11-12_10-27-29_8a96f2ee6f629b7e7e154dd20d799b00-scaled.jpg","type":"image\/jpeg"}],"twitter_card":"summary_large_image","twitter_misc":{"Est. reading time":"1 minut"},"schema":{"@context":"https:\/\/schema.org","@graph":[{"@type":"WebPage","@id":"https:\/\/nordlinepaadid.ee\/et\/pood\/mereelektroonika\/chartplotters-fishfinders\/lowrance-elite-fs-9-active-imaging-3-in-1-anduriga\/","url":"https:\/\/nordlinepaadid.ee\/et\/pood\/mereelektroonika\/chartplotters-fishfinders\/lowrance-elite-fs-9-active-imaging-3-in-1-anduriga\/","name":"LOWRANCE ELITE FS 9 ACTIVE IMAGING 3-IN-1 ANDURIGA - NORDLINE s\u00f5udepaadid ja mootorpaadid. Klaasfiiber materjalist.","isPartOf":{"@id":"https:\/\/nordlinepaadid.ee\/et\/#website"},"primaryImageOfPage":{"@id":"https:\/\/nordlinepaadid.ee\/et\/pood\/mereelektroonika\/chartplotters-fishfinders\/lowrance-elite-fs-9-active-imaging-3-in-1-anduriga\/#primaryimage"},"image":{"@id":"https:\/\/nordlinepaadid.ee\/et\/pood\/mereelektroonika\/chartplotters-fishfinders\/lowrance-elite-fs-9-active-imaging-3-in-1-anduriga\/#primaryimage"},"thumbnailUrl":"https:\/\/nordlinepaadid.ee\/wp-content\/uploads\/2023\/03\/8255_img_2020-11-12_10-27-29_8a96f2ee6f629b7e7e154dd20d799b00-scaled.jpg","datePublished":"2026-04-07T00:21:14+00:00","dateModified":"2026-04-08T13:04:44+00:00","breadcrumb":{"@id":"https:\/\/nordlinepaadid.ee\/et\/pood\/mereelektroonika\/chartplotters-fishfinders\/lowrance-elite-fs-9-active-imaging-3-in-1-anduriga\/#breadcrumb"},"inLanguage":"et","potentialAction":[{"@type":"ReadAction","target":["https:\/\/nordlinepaadid.ee\/et\/pood\/mereelektroonika\/chartplotters-fishfinders\/lowrance-elite-fs-9-active-imaging-3-in-1-anduriga\/"]}]},{"@type":"ImageObject","inLanguage":"et","@id":"https:\/\/nordlinepaadid.ee\/et\/pood\/mereelektroonika\/chartplotters-fishfinders\/lowrance-elite-fs-9-active-imaging-3-in-1-anduriga\/#primaryimage","url":"https:\/\/nordlinepaadid.ee\/wp-content\/uploads\/2023\/03\/8255_img_2020-11-12_10-27-29_8a96f2ee6f629b7e7e154dd20d799b00-scaled.jpg","contentUrl":"https:\/\/nordlinepaadid.ee\/wp-content\/uploads\/2023\/03\/8255_img_2020-11-12_10-27-29_8a96f2ee6f629b7e7e154dd20d799b00-scaled.jpg","width":2560,"height":1829},{"@type":"BreadcrumbList","@id":"https:\/\/nordlinepaadid.ee\/et\/pood\/mereelektroonika\/chartplotters-fishfinders\/lowrance-elite-fs-9-active-imaging-3-in-1-anduriga\/#breadcrumb","itemListElement":[{"@type":"ListItem","position":1,"name":"Home","item":"https:\/\/nordlinepaadid.ee\/et\/"},{"@type":"ListItem","position":2,"name":"Pood","item":"https:\/\/nordlinepaadid.ee\/et\/pood\/"},{"@type":"ListItem","position":3,"name":"LOWRANCE ELITE FS 9 ACTIVE IMAGING 3-IN-1 ANDURIGA"}]},{"@type":"WebSite","@id":"https:\/\/nordlinepaadid.ee\/et\/#website","url":"https:\/\/nordlinepaadid.ee\/et\/","name":"NORDLINE s\u00f5udepaadid ja mootorpaadid. Klaasfiiber materjalist.","description":"","publisher":{"@id":"https:\/\/nordlinepaadid.ee\/et\/#organization"},"potentialAction":[{"@type":"SearchAction","target":{"@type":"EntryPoint","urlTemplate":"https:\/\/nordlinepaadid.ee\/et\/?s={search_term_string}"},"query-input":{"@type":"PropertyValueSpecification","valueRequired":true,"valueName":"search_term_string"}}],"inLanguage":"et"},{"@type":"Organization","@id":"https:\/\/nordlinepaadid.ee\/et\/#organization","name":"Nordlineboats","url":"https:\/\/nordlinepaadid.ee\/et\/","logo":{"@type":"ImageObject","inLanguage":"et","@id":"https:\/\/nordlinepaadid.ee\/et\/#\/schema\/logo\/image\/","url":"https:\/\/nordlinepaadid.ee\/wp-content\/uploads\/2023\/01\/fulllogo_transparent_nobuffer-e1672750475494.png","contentUrl":"https:\/\/nordlinepaadid.ee\/wp-content\/uploads\/2023\/01\/fulllogo_transparent_nobuffer-e1672750475494.png","width":150,"height":119,"caption":"Nordlineboats"},"image":{"@id":"https:\/\/nordlinepaadid.ee\/et\/#\/schema\/logo\/image\/"},"sameAs":["https:\/\/www.facebook.com\/nordlineboats","https:\/\/www.youtube.com\/channel\/UCbgF0fy02y3QkFnujaLTaCA"]}]}},"taxonomy_info":{"product_cat":[{"value":338,"label":"Kaardiplotterid, Sonarid"},{"value":352,"label":"MEREELEKTROONIKA"}],"pa_producer":[{"value":565,"label":"Lowrance"}],"pa_unit":[{"value":416,"label":"pcs"}]},"featured_image_src_large":["https:\/\/nordlinepaadid.ee\/wp-content\/uploads\/2023\/03\/8255_img_2020-11-12_10-27-29_8a96f2ee6f629b7e7e154dd20d799b00-1024x731.jpg",1024,731,true],"author_info":[],"comment_info":"","_links":{"self":[{"href":"https:\/\/nordlinepaadid.ee\/et\/wp-json\/wp\/v2\/product\/28064","targetHints":{"allow":["GET"]}}],"collection":[{"href":"https:\/\/nordlinepaadid.ee\/et\/wp-json\/wp\/v2\/product"}],"about":[{"href":"https:\/\/nordlinepaadid.ee\/et\/wp-json\/wp\/v2\/types\/product"}],"wp:featuredmedia":[{"embeddable":true,"href":"https:\/\/nordlinepaadid.ee\/et\/wp-json\/wp\/v2\/media\/28065"}],"wp:attachment":[{"href":"https:\/\/nordlinepaadid.ee\/et\/wp-json\/wp\/v2\/media?parent=28064"}],"wp:term":[{"taxonomy":"product_brand","embeddable":true,"href":"https:\/\/nordlinepaadid.ee\/et\/wp-json\/wp\/v2\/product_brand?post=28064"},{"taxonomy":"product_cat","embeddable":true,"href":"https:\/\/nordlinepaadid.ee\/et\/wp-json\/wp\/v2\/product_cat?post=28064"},{"taxonomy":"product_tag","embeddable":true,"href":"https:\/\/nordlinepaadid.ee\/et\/wp-json\/wp\/v2\/product_tag?post=28064"}],"curies":[{"name":"wp","href":"https:\/\/api.w.org\/{rel}","templated":true}]}}