{"id":28201,"date":"2026-04-07T03:21:19","date_gmt":"2026-04-07T00:21:19","guid":{"rendered":"https:\/\/nordlinepaadid.ee\/pood\/chemical-toilet-thetford-portta-potti-qube-365-21-l\/"},"modified":"2026-04-08T00:00:52","modified_gmt":"2026-04-07T21:00:52","slug":"keemiline-wc-pott-thetford-portta-potti-qube-365-21-l","status":"publish","type":"product","link":"https:\/\/nordlinepaadid.ee\/et\/pood\/pumbad-ja-sanitaartarvikud\/sinks-toilets-sanitary-fittings\/keemiline-wc-pott-thetford-portta-potti-qube-365-21-l\/","title":{"rendered":"KEEMILINE WC POTT- THETFORD PORTTA POTTI QUBE 365, 21 l"},"content":{"rendered":"<p>Kui otsite mugavat, praktilist ja vastupidavat kaasaskantavat tualetti, mis ei vaja \u00fchendamist kanalisatsiooni v\u00f5i vees\u00fcsteemiga on Thetfordil teie jaoks ideaalne lahendus. Kerge, kvaliteetne, vastupidav plastik. Lihtne ja mugav t\u00fchjendamine. M\u00f5\u00f5tmed: 41,4 x 38,3 x 42,7 cm. Istumisk\u00f5rgus: 40,8 cm. Loputuss\u00fcsteem: l\u00f5\u00f5tspump. \u00dclemise paagi maht: 15 l. Alumise paagi maht: 21 l. Kaal: 4 kg.<\/p>\n<p>&#13;<\/p>\n<p><iframe loading=\"lazy\" allowfullscreen=\"\" frameborder=\"0\" height=\"360\" src=\"\/\/www.youtube.com\/embed\/ppJGYlb2hdo\" width=\"640\"><\/iframe><\/p>\n<p>&#13;<\/p>\n","protected":false},"excerpt":{"rendered":"<p>Kui otsite mugavat, praktilist ja vastupidavat kaasaskantavat tualetti, mis ei vaja \u00fchendamist kanalisatsiooni v\u00f5i vees\u00fcsteemiga on Thetfordil teie jaoks ideaalne lahendus. Kerge, kvaliteetne, vastupidav plastik. Lihtne ja mugav t\u00fchjendamine. M\u00f5\u00f5tmed: 41,4 x 38,3 x 42,7 cm. Istumisk\u00f5rgus: 40,8 cm. Loputuss\u00fcsteem: l\u00f5\u00f5tspump. \u00dclemise paagi maht: 15 l. Alumise paagi maht: 21 l. Kaal: 4 kg. &#13;&#8230;<\/p>\n","protected":false},"featured_media":28202,"template":"","meta":{"_kad_blocks_custom_css":"","_kad_blocks_head_custom_js":"","_kad_blocks_body_custom_js":"","_kad_blocks_footer_custom_js":"","_kad_post_transparent":"","_kad_post_title":"","_kad_post_layout":"","_kad_post_sidebar_id":"","_kad_post_content_style":"","_kad_post_vertical_padding":"","_kad_post_feature":"","_kad_post_feature_position":"","_kad_post_header":false,"_kad_post_footer":false,"_kad_post_classname":""},"product_brand":[],"product_cat":[273,269],"product_tag":[],"class_list":{"0":"post-28201","1":"product","2":"type-product","3":"status-publish","4":"has-post-thumbnail","6":"product_cat-sinks-toilets-sanitary-fittings","7":"product_cat-pumbad-ja-sanitaartarvikud","8":"product_shipping_class-euroalusele-mahtuv-kaup","9":"pa_producer-thetford","10":"pa_unit-pcs","11":"tm-no-options","13":"first","14":"onbackorder","15":"taxable","16":"shipping-taxable","17":"purchasable","18":"product-type-simple","19":"entry","20":"content-bg","21":"loop-entry"},"yoast_head":"<!-- This site is optimized with the Yoast SEO plugin v27.3 - https:\/\/yoast.com\/product\/yoast-seo-wordpress\/ -->\n<title>KEEMILINE WC POTT- THETFORD PORTTA POTTI QUBE 365, 21 l - NORDLINE s\u00f5udepaadid ja mootorpaadid. Klaasfiiber materjalist.<\/title>\n<meta name=\"robots\" content=\"index, follow, max-snippet:-1, max-image-preview:large, max-video-preview:-1\" \/>\n<link rel=\"canonical\" href=\"https:\/\/nordlinepaadid.ee\/et\/pood\/pumbad-ja-sanitaartarvikud\/sinks-toilets-sanitary-fittings\/keemiline-wc-pott-thetford-portta-potti-qube-365-21-l\/\" \/>\n<meta property=\"og:locale\" content=\"et_EE\" \/>\n<meta property=\"og:type\" content=\"article\" \/>\n<meta property=\"og:title\" content=\"KEEMILINE WC POTT- THETFORD PORTTA POTTI QUBE 365, 21 l - NORDLINE s\u00f5udepaadid ja mootorpaadid. Klaasfiiber materjalist.\" \/>\n<meta property=\"og:description\" content=\"Kui otsite mugavat, praktilist ja vastupidavat kaasaskantavat tualetti, mis ei vaja \u00fchendamist kanalisatsiooni v\u00f5i vees\u00fcsteemiga on Thetfordil teie jaoks ideaalne lahendus. Kerge, kvaliteetne, vastupidav plastik. Lihtne ja mugav t\u00fchjendamine. M\u00f5\u00f5tmed: 41,4 x 38,3 x 42,7 cm. Istumisk\u00f5rgus: 40,8 cm. Loputuss\u00fcsteem: l\u00f5\u00f5tspump. \u00dclemise paagi maht: 15 l. Alumise paagi maht: 21 l. Kaal: 4 kg. &#013;...\" \/>\n<meta property=\"og:url\" content=\"https:\/\/nordlinepaadid.ee\/et\/pood\/pumbad-ja-sanitaartarvikud\/sinks-toilets-sanitary-fittings\/keemiline-wc-pott-thetford-portta-potti-qube-365-21-l\/\" \/>\n<meta property=\"og:site_name\" content=\"NORDLINE s\u00f5udepaadid ja mootorpaadid. Klaasfiiber materjalist.\" \/>\n<meta property=\"article:publisher\" content=\"https:\/\/www.facebook.com\/nordlineboats\" \/>\n<meta property=\"article:modified_time\" content=\"2026-04-07T21:00:52+00:00\" \/>\n<meta property=\"og:image\" content=\"https:\/\/nordlinepaadid.ee\/wp-content\/uploads\/2023\/03\/8348_PP_365_White_open_schaduw_coverlock_rgb_copy.jpg\" \/>\n\t<meta property=\"og:image:width\" content=\"525\" \/>\n\t<meta property=\"og:image:height\" content=\"525\" \/>\n\t<meta property=\"og:image:type\" content=\"image\/jpeg\" \/>\n<meta name=\"twitter:card\" content=\"summary_large_image\" \/>\n<script type=\"application\/ld+json\" class=\"yoast-schema-graph\">{\"@context\":\"https:\\\/\\\/schema.org\",\"@graph\":[{\"@type\":\"WebPage\",\"@id\":\"https:\\\/\\\/nordlinepaadid.ee\\\/et\\\/pood\\\/pumbad-ja-sanitaartarvikud\\\/sinks-toilets-sanitary-fittings\\\/keemiline-wc-pott-thetford-portta-potti-qube-365-21-l\\\/\",\"url\":\"https:\\\/\\\/nordlinepaadid.ee\\\/et\\\/pood\\\/pumbad-ja-sanitaartarvikud\\\/sinks-toilets-sanitary-fittings\\\/keemiline-wc-pott-thetford-portta-potti-qube-365-21-l\\\/\",\"name\":\"KEEMILINE WC POTT- THETFORD PORTTA POTTI QUBE 365, 21 l - NORDLINE s\u00f5udepaadid ja mootorpaadid. Klaasfiiber materjalist.\",\"isPartOf\":{\"@id\":\"https:\\\/\\\/nordlinepaadid.ee\\\/et\\\/#website\"},\"primaryImageOfPage\":{\"@id\":\"https:\\\/\\\/nordlinepaadid.ee\\\/et\\\/pood\\\/pumbad-ja-sanitaartarvikud\\\/sinks-toilets-sanitary-fittings\\\/keemiline-wc-pott-thetford-portta-potti-qube-365-21-l\\\/#primaryimage\"},\"image\":{\"@id\":\"https:\\\/\\\/nordlinepaadid.ee\\\/et\\\/pood\\\/pumbad-ja-sanitaartarvikud\\\/sinks-toilets-sanitary-fittings\\\/keemiline-wc-pott-thetford-portta-potti-qube-365-21-l\\\/#primaryimage\"},\"thumbnailUrl\":\"https:\\\/\\\/nordlinepaadid.ee\\\/wp-content\\\/uploads\\\/2023\\\/03\\\/8348_PP_365_White_open_schaduw_coverlock_rgb_copy.jpg\",\"datePublished\":\"2026-04-07T00:21:19+00:00\",\"dateModified\":\"2026-04-07T21:00:52+00:00\",\"breadcrumb\":{\"@id\":\"https:\\\/\\\/nordlinepaadid.ee\\\/et\\\/pood\\\/pumbad-ja-sanitaartarvikud\\\/sinks-toilets-sanitary-fittings\\\/keemiline-wc-pott-thetford-portta-potti-qube-365-21-l\\\/#breadcrumb\"},\"inLanguage\":\"et\",\"potentialAction\":[{\"@type\":\"ReadAction\",\"target\":[\"https:\\\/\\\/nordlinepaadid.ee\\\/et\\\/pood\\\/pumbad-ja-sanitaartarvikud\\\/sinks-toilets-sanitary-fittings\\\/keemiline-wc-pott-thetford-portta-potti-qube-365-21-l\\\/\"]}]},{\"@type\":\"ImageObject\",\"inLanguage\":\"et\",\"@id\":\"https:\\\/\\\/nordlinepaadid.ee\\\/et\\\/pood\\\/pumbad-ja-sanitaartarvikud\\\/sinks-toilets-sanitary-fittings\\\/keemiline-wc-pott-thetford-portta-potti-qube-365-21-l\\\/#primaryimage\",\"url\":\"https:\\\/\\\/nordlinepaadid.ee\\\/wp-content\\\/uploads\\\/2023\\\/03\\\/8348_PP_365_White_open_schaduw_coverlock_rgb_copy.jpg\",\"contentUrl\":\"https:\\\/\\\/nordlinepaadid.ee\\\/wp-content\\\/uploads\\\/2023\\\/03\\\/8348_PP_365_White_open_schaduw_coverlock_rgb_copy.jpg\",\"width\":525,\"height\":525},{\"@type\":\"BreadcrumbList\",\"@id\":\"https:\\\/\\\/nordlinepaadid.ee\\\/et\\\/pood\\\/pumbad-ja-sanitaartarvikud\\\/sinks-toilets-sanitary-fittings\\\/keemiline-wc-pott-thetford-portta-potti-qube-365-21-l\\\/#breadcrumb\",\"itemListElement\":[{\"@type\":\"ListItem\",\"position\":1,\"name\":\"Home\",\"item\":\"https:\\\/\\\/nordlinepaadid.ee\\\/et\\\/\"},{\"@type\":\"ListItem\",\"position\":2,\"name\":\"Pood\",\"item\":\"https:\\\/\\\/nordlinepaadid.ee\\\/et\\\/pood\\\/\"},{\"@type\":\"ListItem\",\"position\":3,\"name\":\"KEEMILINE WC POTT- THETFORD PORTTA POTTI QUBE 365, 21 l\"}]},{\"@type\":\"WebSite\",\"@id\":\"https:\\\/\\\/nordlinepaadid.ee\\\/et\\\/#website\",\"url\":\"https:\\\/\\\/nordlinepaadid.ee\\\/et\\\/\",\"name\":\"NORDLINE s\u00f5udepaadid ja mootorpaadid. Klaasfiiber materjalist.\",\"description\":\"\",\"publisher\":{\"@id\":\"https:\\\/\\\/nordlinepaadid.ee\\\/et\\\/#organization\"},\"potentialAction\":[{\"@type\":\"SearchAction\",\"target\":{\"@type\":\"EntryPoint\",\"urlTemplate\":\"https:\\\/\\\/nordlinepaadid.ee\\\/et\\\/?s={search_term_string}\"},\"query-input\":{\"@type\":\"PropertyValueSpecification\",\"valueRequired\":true,\"valueName\":\"search_term_string\"}}],\"inLanguage\":\"et\"},{\"@type\":\"Organization\",\"@id\":\"https:\\\/\\\/nordlinepaadid.ee\\\/et\\\/#organization\",\"name\":\"Nordlineboats\",\"url\":\"https:\\\/\\\/nordlinepaadid.ee\\\/et\\\/\",\"logo\":{\"@type\":\"ImageObject\",\"inLanguage\":\"et\",\"@id\":\"https:\\\/\\\/nordlinepaadid.ee\\\/et\\\/#\\\/schema\\\/logo\\\/image\\\/\",\"url\":\"https:\\\/\\\/nordlinepaadid.ee\\\/wp-content\\\/uploads\\\/2023\\\/01\\\/fulllogo_transparent_nobuffer-e1672750475494.png\",\"contentUrl\":\"https:\\\/\\\/nordlinepaadid.ee\\\/wp-content\\\/uploads\\\/2023\\\/01\\\/fulllogo_transparent_nobuffer-e1672750475494.png\",\"width\":150,\"height\":119,\"caption\":\"Nordlineboats\"},\"image\":{\"@id\":\"https:\\\/\\\/nordlinepaadid.ee\\\/et\\\/#\\\/schema\\\/logo\\\/image\\\/\"},\"sameAs\":[\"https:\\\/\\\/www.facebook.com\\\/nordlineboats\",\"https:\\\/\\\/www.youtube.com\\\/channel\\\/UCbgF0fy02y3QkFnujaLTaCA\"]}]}<\/script>\n<!-- \/ Yoast SEO plugin. -->","yoast_head_json":{"title":"KEEMILINE WC POTT- THETFORD PORTTA POTTI QUBE 365, 21 l - NORDLINE s\u00f5udepaadid ja mootorpaadid. Klaasfiiber materjalist.","robots":{"index":"index","follow":"follow","max-snippet":"max-snippet:-1","max-image-preview":"max-image-preview:large","max-video-preview":"max-video-preview:-1"},"canonical":"https:\/\/nordlinepaadid.ee\/et\/pood\/pumbad-ja-sanitaartarvikud\/sinks-toilets-sanitary-fittings\/keemiline-wc-pott-thetford-portta-potti-qube-365-21-l\/","og_locale":"et_EE","og_type":"article","og_title":"KEEMILINE WC POTT- THETFORD PORTTA POTTI QUBE 365, 21 l - NORDLINE s\u00f5udepaadid ja mootorpaadid. Klaasfiiber materjalist.","og_description":"Kui otsite mugavat, praktilist ja vastupidavat kaasaskantavat tualetti, mis ei vaja \u00fchendamist kanalisatsiooni v\u00f5i vees\u00fcsteemiga on Thetfordil teie jaoks ideaalne lahendus. Kerge, kvaliteetne, vastupidav plastik. Lihtne ja mugav t\u00fchjendamine. M\u00f5\u00f5tmed: 41,4 x 38,3 x 42,7 cm. Istumisk\u00f5rgus: 40,8 cm. Loputuss\u00fcsteem: l\u00f5\u00f5tspump. \u00dclemise paagi maht: 15 l. Alumise paagi maht: 21 l. Kaal: 4 kg. &#13;...","og_url":"https:\/\/nordlinepaadid.ee\/et\/pood\/pumbad-ja-sanitaartarvikud\/sinks-toilets-sanitary-fittings\/keemiline-wc-pott-thetford-portta-potti-qube-365-21-l\/","og_site_name":"NORDLINE s\u00f5udepaadid ja mootorpaadid. Klaasfiiber materjalist.","article_publisher":"https:\/\/www.facebook.com\/nordlineboats","article_modified_time":"2026-04-07T21:00:52+00:00","og_image":[{"width":525,"height":525,"url":"https:\/\/nordlinepaadid.ee\/wp-content\/uploads\/2023\/03\/8348_PP_365_White_open_schaduw_coverlock_rgb_copy.jpg","type":"image\/jpeg"}],"twitter_card":"summary_large_image","schema":{"@context":"https:\/\/schema.org","@graph":[{"@type":"WebPage","@id":"https:\/\/nordlinepaadid.ee\/et\/pood\/pumbad-ja-sanitaartarvikud\/sinks-toilets-sanitary-fittings\/keemiline-wc-pott-thetford-portta-potti-qube-365-21-l\/","url":"https:\/\/nordlinepaadid.ee\/et\/pood\/pumbad-ja-sanitaartarvikud\/sinks-toilets-sanitary-fittings\/keemiline-wc-pott-thetford-portta-potti-qube-365-21-l\/","name":"KEEMILINE WC POTT- THETFORD PORTTA POTTI QUBE 365, 21 l - NORDLINE s\u00f5udepaadid ja mootorpaadid. Klaasfiiber materjalist.","isPartOf":{"@id":"https:\/\/nordlinepaadid.ee\/et\/#website"},"primaryImageOfPage":{"@id":"https:\/\/nordlinepaadid.ee\/et\/pood\/pumbad-ja-sanitaartarvikud\/sinks-toilets-sanitary-fittings\/keemiline-wc-pott-thetford-portta-potti-qube-365-21-l\/#primaryimage"},"image":{"@id":"https:\/\/nordlinepaadid.ee\/et\/pood\/pumbad-ja-sanitaartarvikud\/sinks-toilets-sanitary-fittings\/keemiline-wc-pott-thetford-portta-potti-qube-365-21-l\/#primaryimage"},"thumbnailUrl":"https:\/\/nordlinepaadid.ee\/wp-content\/uploads\/2023\/03\/8348_PP_365_White_open_schaduw_coverlock_rgb_copy.jpg","datePublished":"2026-04-07T00:21:19+00:00","dateModified":"2026-04-07T21:00:52+00:00","breadcrumb":{"@id":"https:\/\/nordlinepaadid.ee\/et\/pood\/pumbad-ja-sanitaartarvikud\/sinks-toilets-sanitary-fittings\/keemiline-wc-pott-thetford-portta-potti-qube-365-21-l\/#breadcrumb"},"inLanguage":"et","potentialAction":[{"@type":"ReadAction","target":["https:\/\/nordlinepaadid.ee\/et\/pood\/pumbad-ja-sanitaartarvikud\/sinks-toilets-sanitary-fittings\/keemiline-wc-pott-thetford-portta-potti-qube-365-21-l\/"]}]},{"@type":"ImageObject","inLanguage":"et","@id":"https:\/\/nordlinepaadid.ee\/et\/pood\/pumbad-ja-sanitaartarvikud\/sinks-toilets-sanitary-fittings\/keemiline-wc-pott-thetford-portta-potti-qube-365-21-l\/#primaryimage","url":"https:\/\/nordlinepaadid.ee\/wp-content\/uploads\/2023\/03\/8348_PP_365_White_open_schaduw_coverlock_rgb_copy.jpg","contentUrl":"https:\/\/nordlinepaadid.ee\/wp-content\/uploads\/2023\/03\/8348_PP_365_White_open_schaduw_coverlock_rgb_copy.jpg","width":525,"height":525},{"@type":"BreadcrumbList","@id":"https:\/\/nordlinepaadid.ee\/et\/pood\/pumbad-ja-sanitaartarvikud\/sinks-toilets-sanitary-fittings\/keemiline-wc-pott-thetford-portta-potti-qube-365-21-l\/#breadcrumb","itemListElement":[{"@type":"ListItem","position":1,"name":"Home","item":"https:\/\/nordlinepaadid.ee\/et\/"},{"@type":"ListItem","position":2,"name":"Pood","item":"https:\/\/nordlinepaadid.ee\/et\/pood\/"},{"@type":"ListItem","position":3,"name":"KEEMILINE WC POTT- THETFORD PORTTA POTTI QUBE 365, 21 l"}]},{"@type":"WebSite","@id":"https:\/\/nordlinepaadid.ee\/et\/#website","url":"https:\/\/nordlinepaadid.ee\/et\/","name":"NORDLINE s\u00f5udepaadid ja mootorpaadid. Klaasfiiber materjalist.","description":"","publisher":{"@id":"https:\/\/nordlinepaadid.ee\/et\/#organization"},"potentialAction":[{"@type":"SearchAction","target":{"@type":"EntryPoint","urlTemplate":"https:\/\/nordlinepaadid.ee\/et\/?s={search_term_string}"},"query-input":{"@type":"PropertyValueSpecification","valueRequired":true,"valueName":"search_term_string"}}],"inLanguage":"et"},{"@type":"Organization","@id":"https:\/\/nordlinepaadid.ee\/et\/#organization","name":"Nordlineboats","url":"https:\/\/nordlinepaadid.ee\/et\/","logo":{"@type":"ImageObject","inLanguage":"et","@id":"https:\/\/nordlinepaadid.ee\/et\/#\/schema\/logo\/image\/","url":"https:\/\/nordlinepaadid.ee\/wp-content\/uploads\/2023\/01\/fulllogo_transparent_nobuffer-e1672750475494.png","contentUrl":"https:\/\/nordlinepaadid.ee\/wp-content\/uploads\/2023\/01\/fulllogo_transparent_nobuffer-e1672750475494.png","width":150,"height":119,"caption":"Nordlineboats"},"image":{"@id":"https:\/\/nordlinepaadid.ee\/et\/#\/schema\/logo\/image\/"},"sameAs":["https:\/\/www.facebook.com\/nordlineboats","https:\/\/www.youtube.com\/channel\/UCbgF0fy02y3QkFnujaLTaCA"]}]}},"taxonomy_info":{"product_cat":[{"value":273,"label":"Kraanikausid, WC potid, Sanitaartarvikud"},{"value":269,"label":"PUMBAD JA SANITAARTARVIKUD"}],"pa_producer":[{"value":594,"label":"Thetford"}],"pa_unit":[{"value":416,"label":"pcs"}]},"featured_image_src_large":["https:\/\/nordlinepaadid.ee\/wp-content\/uploads\/2023\/03\/8348_PP_365_White_open_schaduw_coverlock_rgb_copy.jpg",525,525,false],"author_info":[],"comment_info":"","_links":{"self":[{"href":"https:\/\/nordlinepaadid.ee\/et\/wp-json\/wp\/v2\/product\/28201","targetHints":{"allow":["GET"]}}],"collection":[{"href":"https:\/\/nordlinepaadid.ee\/et\/wp-json\/wp\/v2\/product"}],"about":[{"href":"https:\/\/nordlinepaadid.ee\/et\/wp-json\/wp\/v2\/types\/product"}],"wp:featuredmedia":[{"embeddable":true,"href":"https:\/\/nordlinepaadid.ee\/et\/wp-json\/wp\/v2\/media\/28202"}],"wp:attachment":[{"href":"https:\/\/nordlinepaadid.ee\/et\/wp-json\/wp\/v2\/media?parent=28201"}],"wp:term":[{"taxonomy":"product_brand","embeddable":true,"href":"https:\/\/nordlinepaadid.ee\/et\/wp-json\/wp\/v2\/product_brand?post=28201"},{"taxonomy":"product_cat","embeddable":true,"href":"https:\/\/nordlinepaadid.ee\/et\/wp-json\/wp\/v2\/product_cat?post=28201"},{"taxonomy":"product_tag","embeddable":true,"href":"https:\/\/nordlinepaadid.ee\/et\/wp-json\/wp\/v2\/product_tag?post=28201"}],"curies":[{"name":"wp","href":"https:\/\/api.w.org\/{rel}","templated":true}]}}