{"id":28253,"date":"2026-04-07T03:21:21","date_gmt":"2026-04-07T00:21:21","guid":{"rendered":"https:\/\/nordlinepaadid.ee\/pood\/sanitation-liquid-concentrate-for-chemical-toilets-ensan-rinse-1-l\/"},"modified":"2026-04-08T00:04:52","modified_gmt":"2026-04-07T21:04:52","slug":"vedelik-keemilise-wc-ulemise-paagi-jaoks-enders-ensan-rinse-1-l","status":"publish","type":"product","link":"https:\/\/nordlinepaadid.ee\/et\/pood\/pumbad-ja-sanitaartarvikud\/sinks-toilets-sanitary-fittings\/vedelik-keemilise-wc-ulemise-paagi-jaoks-enders-ensan-rinse-1-l\/","title":{"rendered":"VEDELIK KEEMILISE WC  \u00dcLEMISE PAAGI JAOKS ENDERS ENSAN RINSE 1 l"},"content":{"rendered":"<p>Deodorantvedelik keemilise WC \u00fclemise paagi jaoks on kontsentraat. Kasutamine: 50 ml toodet 10 liitri puhta vee jaoks \u00fclemisel paagil. Hoiab tualeti puhtana ja h\u00fcgieenilisena. Ensan Rinse katab anuma \u00f5hukese kaitsekilega, mis hoiab \u00e4ra setete kogunemise ja tagab klapi sujuva t\u00f6\u00f6. Ensan Rinse puhastab t\u00f5husalt nii paaki kui ka sulgklappi, v\u00e4ltides katlakivi kogunemist. Tsitruseliste l\u00f5hnaga. Ei sisalda formaldetsiidi.. Vastab EM\u00dc nr. 83\/467 ja 84\/449 n\u00f5uetele ja on keskkonnale ohutu.<\/p>\n<p>&#13;<\/p>\n","protected":false},"excerpt":{"rendered":"<p>Deodorantvedelik keemilise WC \u00fclemise paagi jaoks on kontsentraat. Kasutamine: 50 ml toodet 10 liitri puhta vee jaoks \u00fclemisel paagil. Hoiab tualeti puhtana ja h\u00fcgieenilisena. Ensan Rinse katab anuma \u00f5hukese kaitsekilega, mis hoiab \u00e4ra setete kogunemise ja tagab klapi sujuva t\u00f6\u00f6. Ensan Rinse puhastab t\u00f5husalt nii paaki kui ka sulgklappi, v\u00e4ltides katlakivi kogunemist. Tsitruseliste l\u00f5hnaga. Ei&#8230;<\/p>\n","protected":false},"featured_media":28254,"template":"","meta":{"_kad_blocks_custom_css":"","_kad_blocks_head_custom_js":"","_kad_blocks_body_custom_js":"","_kad_blocks_footer_custom_js":"","_kad_post_transparent":"","_kad_post_title":"","_kad_post_layout":"","_kad_post_sidebar_id":"","_kad_post_content_style":"","_kad_post_vertical_padding":"","_kad_post_feature":"","_kad_post_feature_position":"","_kad_post_header":false,"_kad_post_footer":false,"_kad_post_classname":""},"product_brand":[],"product_cat":[273,269],"product_tag":[],"class_list":{"0":"post-28253","1":"product","2":"type-product","3":"status-publish","4":"has-post-thumbnail","6":"product_cat-sinks-toilets-sanitary-fittings","7":"product_cat-pumbad-ja-sanitaartarvikud","8":"product_shipping_class-euroalusele-mahtuv-kaup","9":"pa_producer-enders","10":"pa_unit-l","11":"tm-no-options","13":"first","14":"onbackorder","15":"taxable","16":"shipping-taxable","17":"purchasable","18":"product-type-simple","19":"entry","20":"content-bg","21":"loop-entry"},"yoast_head":"<!-- This site is optimized with the Yoast SEO plugin v27.3 - https:\/\/yoast.com\/product\/yoast-seo-wordpress\/ -->\n<title>VEDELIK KEEMILISE WC \u00dcLEMISE PAAGI JAOKS ENDERS ENSAN RINSE 1 l - NORDLINE s\u00f5udepaadid ja mootorpaadid. Klaasfiiber materjalist.<\/title>\n<meta name=\"robots\" content=\"index, follow, max-snippet:-1, max-image-preview:large, max-video-preview:-1\" \/>\n<link rel=\"canonical\" href=\"https:\/\/nordlinepaadid.ee\/et\/pood\/pumbad-ja-sanitaartarvikud\/sinks-toilets-sanitary-fittings\/vedelik-keemilise-wc-ulemise-paagi-jaoks-enders-ensan-rinse-1-l\/\" \/>\n<meta property=\"og:locale\" content=\"et_EE\" \/>\n<meta property=\"og:type\" content=\"article\" \/>\n<meta property=\"og:title\" content=\"VEDELIK KEEMILISE WC \u00dcLEMISE PAAGI JAOKS ENDERS ENSAN RINSE 1 l - NORDLINE s\u00f5udepaadid ja mootorpaadid. Klaasfiiber materjalist.\" \/>\n<meta property=\"og:description\" content=\"Deodorantvedelik keemilise WC \u00fclemise paagi jaoks on kontsentraat. Kasutamine: 50 ml toodet 10 liitri puhta vee jaoks \u00fclemisel paagil. Hoiab tualeti puhtana ja h\u00fcgieenilisena. Ensan Rinse katab anuma \u00f5hukese kaitsekilega, mis hoiab \u00e4ra setete kogunemise ja tagab klapi sujuva t\u00f6\u00f6. Ensan Rinse puhastab t\u00f5husalt nii paaki kui ka sulgklappi, v\u00e4ltides katlakivi kogunemist. Tsitruseliste l\u00f5hnaga. Ei...\" \/>\n<meta property=\"og:url\" content=\"https:\/\/nordlinepaadid.ee\/et\/pood\/pumbad-ja-sanitaartarvikud\/sinks-toilets-sanitary-fittings\/vedelik-keemilise-wc-ulemise-paagi-jaoks-enders-ensan-rinse-1-l\/\" \/>\n<meta property=\"og:site_name\" content=\"NORDLINE s\u00f5udepaadid ja mootorpaadid. Klaasfiiber materjalist.\" \/>\n<meta property=\"article:publisher\" content=\"https:\/\/www.facebook.com\/nordlineboats\" \/>\n<meta property=\"article:modified_time\" content=\"2026-04-07T21:04:52+00:00\" \/>\n<meta property=\"og:image\" content=\"https:\/\/nordlinepaadid.ee\/wp-content\/uploads\/2023\/03\/8352_Enders-Campingartikel-Sanitaer-4984-Ensan-Rinse-600x600-1.jpg\" \/>\n\t<meta property=\"og:image:width\" content=\"600\" \/>\n\t<meta property=\"og:image:height\" content=\"600\" \/>\n\t<meta property=\"og:image:type\" content=\"image\/jpeg\" \/>\n<meta name=\"twitter:card\" content=\"summary_large_image\" \/>\n<script type=\"application\/ld+json\" class=\"yoast-schema-graph\">{\"@context\":\"https:\\\/\\\/schema.org\",\"@graph\":[{\"@type\":\"WebPage\",\"@id\":\"https:\\\/\\\/nordlinepaadid.ee\\\/et\\\/pood\\\/pumbad-ja-sanitaartarvikud\\\/sinks-toilets-sanitary-fittings\\\/vedelik-keemilise-wc-ulemise-paagi-jaoks-enders-ensan-rinse-1-l\\\/\",\"url\":\"https:\\\/\\\/nordlinepaadid.ee\\\/et\\\/pood\\\/pumbad-ja-sanitaartarvikud\\\/sinks-toilets-sanitary-fittings\\\/vedelik-keemilise-wc-ulemise-paagi-jaoks-enders-ensan-rinse-1-l\\\/\",\"name\":\"VEDELIK KEEMILISE WC \u00dcLEMISE PAAGI JAOKS ENDERS ENSAN RINSE 1 l - NORDLINE s\u00f5udepaadid ja mootorpaadid. Klaasfiiber materjalist.\",\"isPartOf\":{\"@id\":\"https:\\\/\\\/nordlinepaadid.ee\\\/et\\\/#website\"},\"primaryImageOfPage\":{\"@id\":\"https:\\\/\\\/nordlinepaadid.ee\\\/et\\\/pood\\\/pumbad-ja-sanitaartarvikud\\\/sinks-toilets-sanitary-fittings\\\/vedelik-keemilise-wc-ulemise-paagi-jaoks-enders-ensan-rinse-1-l\\\/#primaryimage\"},\"image\":{\"@id\":\"https:\\\/\\\/nordlinepaadid.ee\\\/et\\\/pood\\\/pumbad-ja-sanitaartarvikud\\\/sinks-toilets-sanitary-fittings\\\/vedelik-keemilise-wc-ulemise-paagi-jaoks-enders-ensan-rinse-1-l\\\/#primaryimage\"},\"thumbnailUrl\":\"https:\\\/\\\/nordlinepaadid.ee\\\/wp-content\\\/uploads\\\/2023\\\/03\\\/8352_Enders-Campingartikel-Sanitaer-4984-Ensan-Rinse-600x600-1.jpg\",\"datePublished\":\"2026-04-07T00:21:21+00:00\",\"dateModified\":\"2026-04-07T21:04:52+00:00\",\"breadcrumb\":{\"@id\":\"https:\\\/\\\/nordlinepaadid.ee\\\/et\\\/pood\\\/pumbad-ja-sanitaartarvikud\\\/sinks-toilets-sanitary-fittings\\\/vedelik-keemilise-wc-ulemise-paagi-jaoks-enders-ensan-rinse-1-l\\\/#breadcrumb\"},\"inLanguage\":\"et\",\"potentialAction\":[{\"@type\":\"ReadAction\",\"target\":[\"https:\\\/\\\/nordlinepaadid.ee\\\/et\\\/pood\\\/pumbad-ja-sanitaartarvikud\\\/sinks-toilets-sanitary-fittings\\\/vedelik-keemilise-wc-ulemise-paagi-jaoks-enders-ensan-rinse-1-l\\\/\"]}]},{\"@type\":\"ImageObject\",\"inLanguage\":\"et\",\"@id\":\"https:\\\/\\\/nordlinepaadid.ee\\\/et\\\/pood\\\/pumbad-ja-sanitaartarvikud\\\/sinks-toilets-sanitary-fittings\\\/vedelik-keemilise-wc-ulemise-paagi-jaoks-enders-ensan-rinse-1-l\\\/#primaryimage\",\"url\":\"https:\\\/\\\/nordlinepaadid.ee\\\/wp-content\\\/uploads\\\/2023\\\/03\\\/8352_Enders-Campingartikel-Sanitaer-4984-Ensan-Rinse-600x600-1.jpg\",\"contentUrl\":\"https:\\\/\\\/nordlinepaadid.ee\\\/wp-content\\\/uploads\\\/2023\\\/03\\\/8352_Enders-Campingartikel-Sanitaer-4984-Ensan-Rinse-600x600-1.jpg\",\"width\":600,\"height\":600},{\"@type\":\"BreadcrumbList\",\"@id\":\"https:\\\/\\\/nordlinepaadid.ee\\\/et\\\/pood\\\/pumbad-ja-sanitaartarvikud\\\/sinks-toilets-sanitary-fittings\\\/vedelik-keemilise-wc-ulemise-paagi-jaoks-enders-ensan-rinse-1-l\\\/#breadcrumb\",\"itemListElement\":[{\"@type\":\"ListItem\",\"position\":1,\"name\":\"Home\",\"item\":\"https:\\\/\\\/nordlinepaadid.ee\\\/et\\\/\"},{\"@type\":\"ListItem\",\"position\":2,\"name\":\"Pood\",\"item\":\"https:\\\/\\\/nordlinepaadid.ee\\\/et\\\/pood\\\/\"},{\"@type\":\"ListItem\",\"position\":3,\"name\":\"VEDELIK KEEMILISE WC \u00dcLEMISE PAAGI JAOKS ENDERS ENSAN RINSE 1 l\"}]},{\"@type\":\"WebSite\",\"@id\":\"https:\\\/\\\/nordlinepaadid.ee\\\/et\\\/#website\",\"url\":\"https:\\\/\\\/nordlinepaadid.ee\\\/et\\\/\",\"name\":\"NORDLINE s\u00f5udepaadid ja mootorpaadid. Klaasfiiber materjalist.\",\"description\":\"\",\"publisher\":{\"@id\":\"https:\\\/\\\/nordlinepaadid.ee\\\/et\\\/#organization\"},\"potentialAction\":[{\"@type\":\"SearchAction\",\"target\":{\"@type\":\"EntryPoint\",\"urlTemplate\":\"https:\\\/\\\/nordlinepaadid.ee\\\/et\\\/?s={search_term_string}\"},\"query-input\":{\"@type\":\"PropertyValueSpecification\",\"valueRequired\":true,\"valueName\":\"search_term_string\"}}],\"inLanguage\":\"et\"},{\"@type\":\"Organization\",\"@id\":\"https:\\\/\\\/nordlinepaadid.ee\\\/et\\\/#organization\",\"name\":\"Nordlineboats\",\"url\":\"https:\\\/\\\/nordlinepaadid.ee\\\/et\\\/\",\"logo\":{\"@type\":\"ImageObject\",\"inLanguage\":\"et\",\"@id\":\"https:\\\/\\\/nordlinepaadid.ee\\\/et\\\/#\\\/schema\\\/logo\\\/image\\\/\",\"url\":\"https:\\\/\\\/nordlinepaadid.ee\\\/wp-content\\\/uploads\\\/2023\\\/01\\\/fulllogo_transparent_nobuffer-e1672750475494.png\",\"contentUrl\":\"https:\\\/\\\/nordlinepaadid.ee\\\/wp-content\\\/uploads\\\/2023\\\/01\\\/fulllogo_transparent_nobuffer-e1672750475494.png\",\"width\":150,\"height\":119,\"caption\":\"Nordlineboats\"},\"image\":{\"@id\":\"https:\\\/\\\/nordlinepaadid.ee\\\/et\\\/#\\\/schema\\\/logo\\\/image\\\/\"},\"sameAs\":[\"https:\\\/\\\/www.facebook.com\\\/nordlineboats\",\"https:\\\/\\\/www.youtube.com\\\/channel\\\/UCbgF0fy02y3QkFnujaLTaCA\"]}]}<\/script>\n<!-- \/ Yoast SEO plugin. -->","yoast_head_json":{"title":"VEDELIK KEEMILISE WC \u00dcLEMISE PAAGI JAOKS ENDERS ENSAN RINSE 1 l - NORDLINE s\u00f5udepaadid ja mootorpaadid. Klaasfiiber materjalist.","robots":{"index":"index","follow":"follow","max-snippet":"max-snippet:-1","max-image-preview":"max-image-preview:large","max-video-preview":"max-video-preview:-1"},"canonical":"https:\/\/nordlinepaadid.ee\/et\/pood\/pumbad-ja-sanitaartarvikud\/sinks-toilets-sanitary-fittings\/vedelik-keemilise-wc-ulemise-paagi-jaoks-enders-ensan-rinse-1-l\/","og_locale":"et_EE","og_type":"article","og_title":"VEDELIK KEEMILISE WC \u00dcLEMISE PAAGI JAOKS ENDERS ENSAN RINSE 1 l - NORDLINE s\u00f5udepaadid ja mootorpaadid. Klaasfiiber materjalist.","og_description":"Deodorantvedelik keemilise WC \u00fclemise paagi jaoks on kontsentraat. Kasutamine: 50 ml toodet 10 liitri puhta vee jaoks \u00fclemisel paagil. Hoiab tualeti puhtana ja h\u00fcgieenilisena. Ensan Rinse katab anuma \u00f5hukese kaitsekilega, mis hoiab \u00e4ra setete kogunemise ja tagab klapi sujuva t\u00f6\u00f6. Ensan Rinse puhastab t\u00f5husalt nii paaki kui ka sulgklappi, v\u00e4ltides katlakivi kogunemist. Tsitruseliste l\u00f5hnaga. Ei...","og_url":"https:\/\/nordlinepaadid.ee\/et\/pood\/pumbad-ja-sanitaartarvikud\/sinks-toilets-sanitary-fittings\/vedelik-keemilise-wc-ulemise-paagi-jaoks-enders-ensan-rinse-1-l\/","og_site_name":"NORDLINE s\u00f5udepaadid ja mootorpaadid. Klaasfiiber materjalist.","article_publisher":"https:\/\/www.facebook.com\/nordlineboats","article_modified_time":"2026-04-07T21:04:52+00:00","og_image":[{"width":600,"height":600,"url":"https:\/\/nordlinepaadid.ee\/wp-content\/uploads\/2023\/03\/8352_Enders-Campingartikel-Sanitaer-4984-Ensan-Rinse-600x600-1.jpg","type":"image\/jpeg"}],"twitter_card":"summary_large_image","schema":{"@context":"https:\/\/schema.org","@graph":[{"@type":"WebPage","@id":"https:\/\/nordlinepaadid.ee\/et\/pood\/pumbad-ja-sanitaartarvikud\/sinks-toilets-sanitary-fittings\/vedelik-keemilise-wc-ulemise-paagi-jaoks-enders-ensan-rinse-1-l\/","url":"https:\/\/nordlinepaadid.ee\/et\/pood\/pumbad-ja-sanitaartarvikud\/sinks-toilets-sanitary-fittings\/vedelik-keemilise-wc-ulemise-paagi-jaoks-enders-ensan-rinse-1-l\/","name":"VEDELIK KEEMILISE WC \u00dcLEMISE PAAGI JAOKS ENDERS ENSAN RINSE 1 l - NORDLINE s\u00f5udepaadid ja mootorpaadid. Klaasfiiber materjalist.","isPartOf":{"@id":"https:\/\/nordlinepaadid.ee\/et\/#website"},"primaryImageOfPage":{"@id":"https:\/\/nordlinepaadid.ee\/et\/pood\/pumbad-ja-sanitaartarvikud\/sinks-toilets-sanitary-fittings\/vedelik-keemilise-wc-ulemise-paagi-jaoks-enders-ensan-rinse-1-l\/#primaryimage"},"image":{"@id":"https:\/\/nordlinepaadid.ee\/et\/pood\/pumbad-ja-sanitaartarvikud\/sinks-toilets-sanitary-fittings\/vedelik-keemilise-wc-ulemise-paagi-jaoks-enders-ensan-rinse-1-l\/#primaryimage"},"thumbnailUrl":"https:\/\/nordlinepaadid.ee\/wp-content\/uploads\/2023\/03\/8352_Enders-Campingartikel-Sanitaer-4984-Ensan-Rinse-600x600-1.jpg","datePublished":"2026-04-07T00:21:21+00:00","dateModified":"2026-04-07T21:04:52+00:00","breadcrumb":{"@id":"https:\/\/nordlinepaadid.ee\/et\/pood\/pumbad-ja-sanitaartarvikud\/sinks-toilets-sanitary-fittings\/vedelik-keemilise-wc-ulemise-paagi-jaoks-enders-ensan-rinse-1-l\/#breadcrumb"},"inLanguage":"et","potentialAction":[{"@type":"ReadAction","target":["https:\/\/nordlinepaadid.ee\/et\/pood\/pumbad-ja-sanitaartarvikud\/sinks-toilets-sanitary-fittings\/vedelik-keemilise-wc-ulemise-paagi-jaoks-enders-ensan-rinse-1-l\/"]}]},{"@type":"ImageObject","inLanguage":"et","@id":"https:\/\/nordlinepaadid.ee\/et\/pood\/pumbad-ja-sanitaartarvikud\/sinks-toilets-sanitary-fittings\/vedelik-keemilise-wc-ulemise-paagi-jaoks-enders-ensan-rinse-1-l\/#primaryimage","url":"https:\/\/nordlinepaadid.ee\/wp-content\/uploads\/2023\/03\/8352_Enders-Campingartikel-Sanitaer-4984-Ensan-Rinse-600x600-1.jpg","contentUrl":"https:\/\/nordlinepaadid.ee\/wp-content\/uploads\/2023\/03\/8352_Enders-Campingartikel-Sanitaer-4984-Ensan-Rinse-600x600-1.jpg","width":600,"height":600},{"@type":"BreadcrumbList","@id":"https:\/\/nordlinepaadid.ee\/et\/pood\/pumbad-ja-sanitaartarvikud\/sinks-toilets-sanitary-fittings\/vedelik-keemilise-wc-ulemise-paagi-jaoks-enders-ensan-rinse-1-l\/#breadcrumb","itemListElement":[{"@type":"ListItem","position":1,"name":"Home","item":"https:\/\/nordlinepaadid.ee\/et\/"},{"@type":"ListItem","position":2,"name":"Pood","item":"https:\/\/nordlinepaadid.ee\/et\/pood\/"},{"@type":"ListItem","position":3,"name":"VEDELIK KEEMILISE WC \u00dcLEMISE PAAGI JAOKS ENDERS ENSAN RINSE 1 l"}]},{"@type":"WebSite","@id":"https:\/\/nordlinepaadid.ee\/et\/#website","url":"https:\/\/nordlinepaadid.ee\/et\/","name":"NORDLINE s\u00f5udepaadid ja mootorpaadid. Klaasfiiber materjalist.","description":"","publisher":{"@id":"https:\/\/nordlinepaadid.ee\/et\/#organization"},"potentialAction":[{"@type":"SearchAction","target":{"@type":"EntryPoint","urlTemplate":"https:\/\/nordlinepaadid.ee\/et\/?s={search_term_string}"},"query-input":{"@type":"PropertyValueSpecification","valueRequired":true,"valueName":"search_term_string"}}],"inLanguage":"et"},{"@type":"Organization","@id":"https:\/\/nordlinepaadid.ee\/et\/#organization","name":"Nordlineboats","url":"https:\/\/nordlinepaadid.ee\/et\/","logo":{"@type":"ImageObject","inLanguage":"et","@id":"https:\/\/nordlinepaadid.ee\/et\/#\/schema\/logo\/image\/","url":"https:\/\/nordlinepaadid.ee\/wp-content\/uploads\/2023\/01\/fulllogo_transparent_nobuffer-e1672750475494.png","contentUrl":"https:\/\/nordlinepaadid.ee\/wp-content\/uploads\/2023\/01\/fulllogo_transparent_nobuffer-e1672750475494.png","width":150,"height":119,"caption":"Nordlineboats"},"image":{"@id":"https:\/\/nordlinepaadid.ee\/et\/#\/schema\/logo\/image\/"},"sameAs":["https:\/\/www.facebook.com\/nordlineboats","https:\/\/www.youtube.com\/channel\/UCbgF0fy02y3QkFnujaLTaCA"]}]}},"taxonomy_info":{"product_cat":[{"value":273,"label":"Kraanikausid, WC potid, Sanitaartarvikud"},{"value":269,"label":"PUMBAD JA SANITAARTARVIKUD"}],"pa_producer":[{"value":510,"label":"Enders"}],"pa_unit":[{"value":468,"label":"l"}]},"featured_image_src_large":["https:\/\/nordlinepaadid.ee\/wp-content\/uploads\/2023\/03\/8352_Enders-Campingartikel-Sanitaer-4984-Ensan-Rinse-600x600-1.jpg",600,600,false],"author_info":[],"comment_info":"","_links":{"self":[{"href":"https:\/\/nordlinepaadid.ee\/et\/wp-json\/wp\/v2\/product\/28253","targetHints":{"allow":["GET"]}}],"collection":[{"href":"https:\/\/nordlinepaadid.ee\/et\/wp-json\/wp\/v2\/product"}],"about":[{"href":"https:\/\/nordlinepaadid.ee\/et\/wp-json\/wp\/v2\/types\/product"}],"wp:featuredmedia":[{"embeddable":true,"href":"https:\/\/nordlinepaadid.ee\/et\/wp-json\/wp\/v2\/media\/28254"}],"wp:attachment":[{"href":"https:\/\/nordlinepaadid.ee\/et\/wp-json\/wp\/v2\/media?parent=28253"}],"wp:term":[{"taxonomy":"product_brand","embeddable":true,"href":"https:\/\/nordlinepaadid.ee\/et\/wp-json\/wp\/v2\/product_brand?post=28253"},{"taxonomy":"product_cat","embeddable":true,"href":"https:\/\/nordlinepaadid.ee\/et\/wp-json\/wp\/v2\/product_cat?post=28253"},{"taxonomy":"product_tag","embeddable":true,"href":"https:\/\/nordlinepaadid.ee\/et\/wp-json\/wp\/v2\/product_tag?post=28253"}],"curies":[{"name":"wp","href":"https:\/\/api.w.org\/{rel}","templated":true}]}}