{"id":28259,"date":"2026-04-07T03:21:22","date_gmt":"2026-04-07T00:21:22","guid":{"rendered":"https:\/\/nordlinepaadid.ee\/pood\/anti-slip-paint-teamac-suregrip-light-grey-1-l\/"},"modified":"2026-04-08T00:03:00","modified_gmt":"2026-04-07T21:03:00","slug":"libisemisvastane-tekivarv-teamac-suregrip-helehall-1-l","status":"publish","type":"product","link":"https:\/\/nordlinepaadid.ee\/et\/pood\/paadi-ja-jahivarvid\/muud-varvid\/libisemisvastane-tekivarv-teamac-suregrip-helehall-1-l\/","title":{"rendered":"LIBISEMISVASTANE TEKIV\u00c4RV- TEAMAC SUREGRIP, HELEHALL, 1 L"},"content":{"rendered":"<p>Teamac Suregrip on teraline, eelnevalt valmis segatud, libisemisvastane tekiv\u00e4rv, mis tagab suurep\u00e4rase libisemiskindluse. Teamac Suregrip on sobilik kasutamiseks nii sise- kui ka v\u00e4listingimustes, ehk k\u00f5ikjal, kus on vaja tagada kindel jalgealune ja libisemisvastane pind. Sobilik kasutusala: puit-, metall- ja plastikpinnad. V\u00e4rvikulu: 6-10 m2\/l.<\/p>\n<p>&#13;<\/p>\n<p><iframe loading=\"lazy\" allowfullscreen=\"\" frameborder=\"0\" height=\"360\" src=\"\/\/www.youtube.com\/embed\/r9AVaettsT8?rel=0\" width=\"640\"><\/iframe><\/p>\n<p>&#13;<\/p>\n","protected":false},"excerpt":{"rendered":"<p>Teamac Suregrip on teraline, eelnevalt valmis segatud, libisemisvastane tekiv\u00e4rv, mis tagab suurep\u00e4rase libisemiskindluse. Teamac Suregrip on sobilik kasutamiseks nii sise- kui ka v\u00e4listingimustes, ehk k\u00f5ikjal, kus on vaja tagada kindel jalgealune ja libisemisvastane pind. Sobilik kasutusala: puit-, metall- ja plastikpinnad. V\u00e4rvikulu: 6-10 m2\/l. &#13; &#13;<\/p>\n","protected":false},"featured_media":28260,"template":"","meta":{"_kad_blocks_custom_css":"","_kad_blocks_head_custom_js":"","_kad_blocks_body_custom_js":"","_kad_blocks_footer_custom_js":"","_kad_post_transparent":"","_kad_post_title":"","_kad_post_layout":"","_kad_post_sidebar_id":"","_kad_post_content_style":"","_kad_post_vertical_padding":"","_kad_post_feature":"","_kad_post_feature_position":"","_kad_post_header":false,"_kad_post_footer":false,"_kad_post_classname":""},"product_brand":[],"product_cat":[289,229],"product_tag":[],"class_list":{"0":"post-28259","1":"product","2":"type-product","3":"status-publish","4":"has-post-thumbnail","6":"product_cat-muud-varvid","7":"product_cat-paadi-ja-jahivarvid","8":"product_shipping_class-pakiautomaati-mahtuv-kaup","9":"pa_color-helehall-2","10":"pa_producer-teal-mackrill-ltd","11":"pa_unit-l","12":"tm-no-options","14":"first","15":"onbackorder","16":"sale","17":"taxable","18":"shipping-taxable","19":"purchasable","20":"product-type-simple","21":"entry","22":"content-bg","23":"loop-entry"},"yoast_head":"<!-- This site is optimized with the Yoast SEO plugin v27.3 - https:\/\/yoast.com\/product\/yoast-seo-wordpress\/ -->\n<title>LIBISEMISVASTANE TEKIV\u00c4RV- TEAMAC SUREGRIP, HELEHALL, 1 L - NORDLINE s\u00f5udepaadid ja mootorpaadid. Klaasfiiber materjalist.<\/title>\n<meta name=\"robots\" content=\"index, follow, max-snippet:-1, max-image-preview:large, max-video-preview:-1\" \/>\n<link rel=\"canonical\" href=\"https:\/\/nordlinepaadid.ee\/et\/pood\/paadi-ja-jahivarvid\/muud-varvid\/libisemisvastane-tekivarv-teamac-suregrip-helehall-1-l\/\" \/>\n<meta property=\"og:locale\" content=\"et_EE\" \/>\n<meta property=\"og:type\" content=\"article\" \/>\n<meta property=\"og:title\" content=\"LIBISEMISVASTANE TEKIV\u00c4RV- TEAMAC SUREGRIP, HELEHALL, 1 L - NORDLINE s\u00f5udepaadid ja mootorpaadid. Klaasfiiber materjalist.\" \/>\n<meta property=\"og:description\" content=\"Teamac Suregrip on teraline, eelnevalt valmis segatud, libisemisvastane tekiv\u00e4rv, mis tagab suurep\u00e4rase libisemiskindluse. Teamac Suregrip on sobilik kasutamiseks nii sise- kui ka v\u00e4listingimustes, ehk k\u00f5ikjal, kus on vaja tagada kindel jalgealune ja libisemisvastane pind. Sobilik kasutusala: puit-, metall- ja plastikpinnad. V\u00e4rvikulu: 6-10 m2\/l. &#013; &#013;\" \/>\n<meta property=\"og:url\" content=\"https:\/\/nordlinepaadid.ee\/et\/pood\/paadi-ja-jahivarvid\/muud-varvid\/libisemisvastane-tekivarv-teamac-suregrip-helehall-1-l\/\" \/>\n<meta property=\"og:site_name\" content=\"NORDLINE s\u00f5udepaadid ja mootorpaadid. Klaasfiiber materjalist.\" \/>\n<meta property=\"article:publisher\" content=\"https:\/\/www.facebook.com\/nordlineboats\" \/>\n<meta property=\"article:modified_time\" content=\"2026-04-07T21:03:00+00:00\" \/>\n<meta property=\"og:image\" content=\"https:\/\/nordlinepaadid.ee\/wp-content\/uploads\/2023\/03\/8358_Suregrip_DECK_PAINT_1L-807x1024.jpg\" \/>\n\t<meta property=\"og:image:width\" content=\"807\" \/>\n\t<meta property=\"og:image:height\" content=\"1024\" \/>\n\t<meta property=\"og:image:type\" content=\"image\/jpeg\" \/>\n<meta name=\"twitter:card\" content=\"summary_large_image\" \/>\n<script type=\"application\/ld+json\" class=\"yoast-schema-graph\">{\"@context\":\"https:\\\/\\\/schema.org\",\"@graph\":[{\"@type\":\"WebPage\",\"@id\":\"https:\\\/\\\/nordlinepaadid.ee\\\/et\\\/pood\\\/paadi-ja-jahivarvid\\\/muud-varvid\\\/libisemisvastane-tekivarv-teamac-suregrip-helehall-1-l\\\/\",\"url\":\"https:\\\/\\\/nordlinepaadid.ee\\\/et\\\/pood\\\/paadi-ja-jahivarvid\\\/muud-varvid\\\/libisemisvastane-tekivarv-teamac-suregrip-helehall-1-l\\\/\",\"name\":\"LIBISEMISVASTANE TEKIV\u00c4RV- TEAMAC SUREGRIP, HELEHALL, 1 L - NORDLINE s\u00f5udepaadid ja mootorpaadid. Klaasfiiber materjalist.\",\"isPartOf\":{\"@id\":\"https:\\\/\\\/nordlinepaadid.ee\\\/et\\\/#website\"},\"primaryImageOfPage\":{\"@id\":\"https:\\\/\\\/nordlinepaadid.ee\\\/et\\\/pood\\\/paadi-ja-jahivarvid\\\/muud-varvid\\\/libisemisvastane-tekivarv-teamac-suregrip-helehall-1-l\\\/#primaryimage\"},\"image\":{\"@id\":\"https:\\\/\\\/nordlinepaadid.ee\\\/et\\\/pood\\\/paadi-ja-jahivarvid\\\/muud-varvid\\\/libisemisvastane-tekivarv-teamac-suregrip-helehall-1-l\\\/#primaryimage\"},\"thumbnailUrl\":\"https:\\\/\\\/nordlinepaadid.ee\\\/wp-content\\\/uploads\\\/2023\\\/03\\\/8358_Suregrip_DECK_PAINT_1L.jpg\",\"datePublished\":\"2026-04-07T00:21:22+00:00\",\"dateModified\":\"2026-04-07T21:03:00+00:00\",\"breadcrumb\":{\"@id\":\"https:\\\/\\\/nordlinepaadid.ee\\\/et\\\/pood\\\/paadi-ja-jahivarvid\\\/muud-varvid\\\/libisemisvastane-tekivarv-teamac-suregrip-helehall-1-l\\\/#breadcrumb\"},\"inLanguage\":\"et\",\"potentialAction\":[{\"@type\":\"ReadAction\",\"target\":[\"https:\\\/\\\/nordlinepaadid.ee\\\/et\\\/pood\\\/paadi-ja-jahivarvid\\\/muud-varvid\\\/libisemisvastane-tekivarv-teamac-suregrip-helehall-1-l\\\/\"]}]},{\"@type\":\"ImageObject\",\"inLanguage\":\"et\",\"@id\":\"https:\\\/\\\/nordlinepaadid.ee\\\/et\\\/pood\\\/paadi-ja-jahivarvid\\\/muud-varvid\\\/libisemisvastane-tekivarv-teamac-suregrip-helehall-1-l\\\/#primaryimage\",\"url\":\"https:\\\/\\\/nordlinepaadid.ee\\\/wp-content\\\/uploads\\\/2023\\\/03\\\/8358_Suregrip_DECK_PAINT_1L.jpg\",\"contentUrl\":\"https:\\\/\\\/nordlinepaadid.ee\\\/wp-content\\\/uploads\\\/2023\\\/03\\\/8358_Suregrip_DECK_PAINT_1L.jpg\",\"width\":1869,\"height\":2372},{\"@type\":\"BreadcrumbList\",\"@id\":\"https:\\\/\\\/nordlinepaadid.ee\\\/et\\\/pood\\\/paadi-ja-jahivarvid\\\/muud-varvid\\\/libisemisvastane-tekivarv-teamac-suregrip-helehall-1-l\\\/#breadcrumb\",\"itemListElement\":[{\"@type\":\"ListItem\",\"position\":1,\"name\":\"Home\",\"item\":\"https:\\\/\\\/nordlinepaadid.ee\\\/et\\\/\"},{\"@type\":\"ListItem\",\"position\":2,\"name\":\"Pood\",\"item\":\"https:\\\/\\\/nordlinepaadid.ee\\\/et\\\/pood\\\/\"},{\"@type\":\"ListItem\",\"position\":3,\"name\":\"LIBISEMISVASTANE TEKIV\u00c4RV- TEAMAC SUREGRIP, HELEHALL, 1 L\"}]},{\"@type\":\"WebSite\",\"@id\":\"https:\\\/\\\/nordlinepaadid.ee\\\/et\\\/#website\",\"url\":\"https:\\\/\\\/nordlinepaadid.ee\\\/et\\\/\",\"name\":\"NORDLINE s\u00f5udepaadid ja mootorpaadid. Klaasfiiber materjalist.\",\"description\":\"\",\"publisher\":{\"@id\":\"https:\\\/\\\/nordlinepaadid.ee\\\/et\\\/#organization\"},\"potentialAction\":[{\"@type\":\"SearchAction\",\"target\":{\"@type\":\"EntryPoint\",\"urlTemplate\":\"https:\\\/\\\/nordlinepaadid.ee\\\/et\\\/?s={search_term_string}\"},\"query-input\":{\"@type\":\"PropertyValueSpecification\",\"valueRequired\":true,\"valueName\":\"search_term_string\"}}],\"inLanguage\":\"et\"},{\"@type\":\"Organization\",\"@id\":\"https:\\\/\\\/nordlinepaadid.ee\\\/et\\\/#organization\",\"name\":\"Nordlineboats\",\"url\":\"https:\\\/\\\/nordlinepaadid.ee\\\/et\\\/\",\"logo\":{\"@type\":\"ImageObject\",\"inLanguage\":\"et\",\"@id\":\"https:\\\/\\\/nordlinepaadid.ee\\\/et\\\/#\\\/schema\\\/logo\\\/image\\\/\",\"url\":\"https:\\\/\\\/nordlinepaadid.ee\\\/wp-content\\\/uploads\\\/2023\\\/01\\\/fulllogo_transparent_nobuffer-e1672750475494.png\",\"contentUrl\":\"https:\\\/\\\/nordlinepaadid.ee\\\/wp-content\\\/uploads\\\/2023\\\/01\\\/fulllogo_transparent_nobuffer-e1672750475494.png\",\"width\":150,\"height\":119,\"caption\":\"Nordlineboats\"},\"image\":{\"@id\":\"https:\\\/\\\/nordlinepaadid.ee\\\/et\\\/#\\\/schema\\\/logo\\\/image\\\/\"},\"sameAs\":[\"https:\\\/\\\/www.facebook.com\\\/nordlineboats\",\"https:\\\/\\\/www.youtube.com\\\/channel\\\/UCbgF0fy02y3QkFnujaLTaCA\"]}]}<\/script>\n<!-- \/ Yoast SEO plugin. -->","yoast_head_json":{"title":"LIBISEMISVASTANE TEKIV\u00c4RV- TEAMAC SUREGRIP, HELEHALL, 1 L - NORDLINE s\u00f5udepaadid ja mootorpaadid. Klaasfiiber materjalist.","robots":{"index":"index","follow":"follow","max-snippet":"max-snippet:-1","max-image-preview":"max-image-preview:large","max-video-preview":"max-video-preview:-1"},"canonical":"https:\/\/nordlinepaadid.ee\/et\/pood\/paadi-ja-jahivarvid\/muud-varvid\/libisemisvastane-tekivarv-teamac-suregrip-helehall-1-l\/","og_locale":"et_EE","og_type":"article","og_title":"LIBISEMISVASTANE TEKIV\u00c4RV- TEAMAC SUREGRIP, HELEHALL, 1 L - NORDLINE s\u00f5udepaadid ja mootorpaadid. Klaasfiiber materjalist.","og_description":"Teamac Suregrip on teraline, eelnevalt valmis segatud, libisemisvastane tekiv\u00e4rv, mis tagab suurep\u00e4rase libisemiskindluse. Teamac Suregrip on sobilik kasutamiseks nii sise- kui ka v\u00e4listingimustes, ehk k\u00f5ikjal, kus on vaja tagada kindel jalgealune ja libisemisvastane pind. Sobilik kasutusala: puit-, metall- ja plastikpinnad. V\u00e4rvikulu: 6-10 m2\/l. &#13; &#13;","og_url":"https:\/\/nordlinepaadid.ee\/et\/pood\/paadi-ja-jahivarvid\/muud-varvid\/libisemisvastane-tekivarv-teamac-suregrip-helehall-1-l\/","og_site_name":"NORDLINE s\u00f5udepaadid ja mootorpaadid. Klaasfiiber materjalist.","article_publisher":"https:\/\/www.facebook.com\/nordlineboats","article_modified_time":"2026-04-07T21:03:00+00:00","og_image":[{"width":807,"height":1024,"url":"https:\/\/nordlinepaadid.ee\/wp-content\/uploads\/2023\/03\/8358_Suregrip_DECK_PAINT_1L-807x1024.jpg","type":"image\/jpeg"}],"twitter_card":"summary_large_image","schema":{"@context":"https:\/\/schema.org","@graph":[{"@type":"WebPage","@id":"https:\/\/nordlinepaadid.ee\/et\/pood\/paadi-ja-jahivarvid\/muud-varvid\/libisemisvastane-tekivarv-teamac-suregrip-helehall-1-l\/","url":"https:\/\/nordlinepaadid.ee\/et\/pood\/paadi-ja-jahivarvid\/muud-varvid\/libisemisvastane-tekivarv-teamac-suregrip-helehall-1-l\/","name":"LIBISEMISVASTANE TEKIV\u00c4RV- TEAMAC SUREGRIP, HELEHALL, 1 L - NORDLINE s\u00f5udepaadid ja mootorpaadid. Klaasfiiber materjalist.","isPartOf":{"@id":"https:\/\/nordlinepaadid.ee\/et\/#website"},"primaryImageOfPage":{"@id":"https:\/\/nordlinepaadid.ee\/et\/pood\/paadi-ja-jahivarvid\/muud-varvid\/libisemisvastane-tekivarv-teamac-suregrip-helehall-1-l\/#primaryimage"},"image":{"@id":"https:\/\/nordlinepaadid.ee\/et\/pood\/paadi-ja-jahivarvid\/muud-varvid\/libisemisvastane-tekivarv-teamac-suregrip-helehall-1-l\/#primaryimage"},"thumbnailUrl":"https:\/\/nordlinepaadid.ee\/wp-content\/uploads\/2023\/03\/8358_Suregrip_DECK_PAINT_1L.jpg","datePublished":"2026-04-07T00:21:22+00:00","dateModified":"2026-04-07T21:03:00+00:00","breadcrumb":{"@id":"https:\/\/nordlinepaadid.ee\/et\/pood\/paadi-ja-jahivarvid\/muud-varvid\/libisemisvastane-tekivarv-teamac-suregrip-helehall-1-l\/#breadcrumb"},"inLanguage":"et","potentialAction":[{"@type":"ReadAction","target":["https:\/\/nordlinepaadid.ee\/et\/pood\/paadi-ja-jahivarvid\/muud-varvid\/libisemisvastane-tekivarv-teamac-suregrip-helehall-1-l\/"]}]},{"@type":"ImageObject","inLanguage":"et","@id":"https:\/\/nordlinepaadid.ee\/et\/pood\/paadi-ja-jahivarvid\/muud-varvid\/libisemisvastane-tekivarv-teamac-suregrip-helehall-1-l\/#primaryimage","url":"https:\/\/nordlinepaadid.ee\/wp-content\/uploads\/2023\/03\/8358_Suregrip_DECK_PAINT_1L.jpg","contentUrl":"https:\/\/nordlinepaadid.ee\/wp-content\/uploads\/2023\/03\/8358_Suregrip_DECK_PAINT_1L.jpg","width":1869,"height":2372},{"@type":"BreadcrumbList","@id":"https:\/\/nordlinepaadid.ee\/et\/pood\/paadi-ja-jahivarvid\/muud-varvid\/libisemisvastane-tekivarv-teamac-suregrip-helehall-1-l\/#breadcrumb","itemListElement":[{"@type":"ListItem","position":1,"name":"Home","item":"https:\/\/nordlinepaadid.ee\/et\/"},{"@type":"ListItem","position":2,"name":"Pood","item":"https:\/\/nordlinepaadid.ee\/et\/pood\/"},{"@type":"ListItem","position":3,"name":"LIBISEMISVASTANE TEKIV\u00c4RV- TEAMAC SUREGRIP, HELEHALL, 1 L"}]},{"@type":"WebSite","@id":"https:\/\/nordlinepaadid.ee\/et\/#website","url":"https:\/\/nordlinepaadid.ee\/et\/","name":"NORDLINE s\u00f5udepaadid ja mootorpaadid. Klaasfiiber materjalist.","description":"","publisher":{"@id":"https:\/\/nordlinepaadid.ee\/et\/#organization"},"potentialAction":[{"@type":"SearchAction","target":{"@type":"EntryPoint","urlTemplate":"https:\/\/nordlinepaadid.ee\/et\/?s={search_term_string}"},"query-input":{"@type":"PropertyValueSpecification","valueRequired":true,"valueName":"search_term_string"}}],"inLanguage":"et"},{"@type":"Organization","@id":"https:\/\/nordlinepaadid.ee\/et\/#organization","name":"Nordlineboats","url":"https:\/\/nordlinepaadid.ee\/et\/","logo":{"@type":"ImageObject","inLanguage":"et","@id":"https:\/\/nordlinepaadid.ee\/et\/#\/schema\/logo\/image\/","url":"https:\/\/nordlinepaadid.ee\/wp-content\/uploads\/2023\/01\/fulllogo_transparent_nobuffer-e1672750475494.png","contentUrl":"https:\/\/nordlinepaadid.ee\/wp-content\/uploads\/2023\/01\/fulllogo_transparent_nobuffer-e1672750475494.png","width":150,"height":119,"caption":"Nordlineboats"},"image":{"@id":"https:\/\/nordlinepaadid.ee\/et\/#\/schema\/logo\/image\/"},"sameAs":["https:\/\/www.facebook.com\/nordlineboats","https:\/\/www.youtube.com\/channel\/UCbgF0fy02y3QkFnujaLTaCA"]}]}},"taxonomy_info":{"product_cat":[{"value":289,"label":"Muud v\u00e4rvid, Spetsiaaltooted"},{"value":229,"label":"PAADI- JA JAHIV\u00c4RVID"}],"pa_color":[{"value":1168,"label":"Helehall"}],"pa_producer":[{"value":478,"label":"Teal &amp; Mackrill Ltd."}],"pa_unit":[{"value":468,"label":"l"}]},"featured_image_src_large":["https:\/\/nordlinepaadid.ee\/wp-content\/uploads\/2023\/03\/8358_Suregrip_DECK_PAINT_1L-807x1024.jpg",807,1024,true],"author_info":[],"comment_info":"","_links":{"self":[{"href":"https:\/\/nordlinepaadid.ee\/et\/wp-json\/wp\/v2\/product\/28259","targetHints":{"allow":["GET"]}}],"collection":[{"href":"https:\/\/nordlinepaadid.ee\/et\/wp-json\/wp\/v2\/product"}],"about":[{"href":"https:\/\/nordlinepaadid.ee\/et\/wp-json\/wp\/v2\/types\/product"}],"wp:featuredmedia":[{"embeddable":true,"href":"https:\/\/nordlinepaadid.ee\/et\/wp-json\/wp\/v2\/media\/28260"}],"wp:attachment":[{"href":"https:\/\/nordlinepaadid.ee\/et\/wp-json\/wp\/v2\/media?parent=28259"}],"wp:term":[{"taxonomy":"product_brand","embeddable":true,"href":"https:\/\/nordlinepaadid.ee\/et\/wp-json\/wp\/v2\/product_brand?post=28259"},{"taxonomy":"product_cat","embeddable":true,"href":"https:\/\/nordlinepaadid.ee\/et\/wp-json\/wp\/v2\/product_cat?post=28259"},{"taxonomy":"product_tag","embeddable":true,"href":"https:\/\/nordlinepaadid.ee\/et\/wp-json\/wp\/v2\/product_tag?post=28259"}],"curies":[{"name":"wp","href":"https:\/\/api.w.org\/{rel}","templated":true}]}}