{"id":28264,"date":"2026-04-07T03:21:22","date_gmt":"2026-04-07T00:21:22","guid":{"rendered":"https:\/\/nordlinepaadid.ee\/pood\/additive-teamac-marine-matting-agent-05-l\/"},"modified":"2026-04-08T00:03:19","modified_gmt":"2026-04-07T21:03:19","slug":"varvi-matistaja-teamac-marine-matting-agent-05-l","status":"publish","type":"product","link":"https:\/\/nordlinepaadid.ee\/et\/pood\/paadi-ja-jahivarvid\/muud-varvid\/varvi-matistaja-teamac-marine-matting-agent-05-l\/","title":{"rendered":"V\u00c4RVI MATISTAJA &#8211; TEAMAC MARINE MATTING AGENT, 0,5 l"},"content":{"rendered":"<p>Teamac Marine Matting Agent on v\u00e4rvi matistav lisaaine, mida kasutatakse Teamac Marine Gloss v\u00e4rvi sisse segatuna. V\u00f5imalik tekitada erinevaid viimistlusi &#8211; matt, satiin v\u00f5i pooll\u00e4ikiv. 25 %-line lisaaine lisamine soovitud v\u00e4rvikoguse kohta, saavutab v\u00e4rvis 35 % v\u00e4hem l\u00e4iget. 50 % lisaainet muudab v\u00e4rvi l\u00e4iget 80-85 % matimaks. 75 % lisaainet muudab v\u00e4rvi l\u00e4iget 90-95 % matimaks.<\/p>\n<p>&#13;<\/p>\n<p><iframe loading=\"lazy\" allowfullscreen=\"\" frameborder=\"0\" height=\"360\" src=\"\/\/www.youtube.com\/embed\/r9AVaettsT8?rel=0\" width=\"640\"><\/iframe><\/p>\n<p>&#13;<\/p>\n","protected":false},"excerpt":{"rendered":"<p>Teamac Marine Matting Agent on v\u00e4rvi matistav lisaaine, mida kasutatakse Teamac Marine Gloss v\u00e4rvi sisse segatuna. V\u00f5imalik tekitada erinevaid viimistlusi &#8211; matt, satiin v\u00f5i pooll\u00e4ikiv. 25 %-line lisaaine lisamine soovitud v\u00e4rvikoguse kohta, saavutab v\u00e4rvis 35 % v\u00e4hem l\u00e4iget. 50 % lisaainet muudab v\u00e4rvi l\u00e4iget 80-85 % matimaks. 75 % lisaainet muudab v\u00e4rvi l\u00e4iget 90-95 %&#8230;<\/p>\n","protected":false},"featured_media":28265,"template":"","meta":{"_kad_blocks_custom_css":"","_kad_blocks_head_custom_js":"","_kad_blocks_body_custom_js":"","_kad_blocks_footer_custom_js":"","_kad_post_transparent":"","_kad_post_title":"","_kad_post_layout":"","_kad_post_sidebar_id":"","_kad_post_content_style":"","_kad_post_vertical_padding":"","_kad_post_feature":"","_kad_post_feature_position":"","_kad_post_header":false,"_kad_post_footer":false,"_kad_post_classname":""},"product_brand":[],"product_cat":[289,229],"product_tag":[],"class_list":{"0":"post-28264","1":"product","2":"type-product","3":"status-publish","4":"has-post-thumbnail","6":"product_cat-muud-varvid","7":"product_cat-paadi-ja-jahivarvid","8":"product_shipping_class-pakiautomaati-mahtuv-kaup","9":"pa_producer-teal-mackrill-ltd","10":"pa_unit-l","11":"tm-no-options","13":"first","14":"onbackorder","15":"taxable","16":"shipping-taxable","17":"purchasable","18":"product-type-simple","19":"entry","20":"content-bg","21":"loop-entry"},"yoast_head":"<!-- This site is optimized with the Yoast SEO plugin v27.3 - https:\/\/yoast.com\/product\/yoast-seo-wordpress\/ -->\n<title>V\u00c4RVI MATISTAJA - TEAMAC MARINE MATTING AGENT, 0,5 l - NORDLINE s\u00f5udepaadid ja mootorpaadid. Klaasfiiber materjalist.<\/title>\n<meta name=\"robots\" content=\"index, follow, max-snippet:-1, max-image-preview:large, max-video-preview:-1\" \/>\n<link rel=\"canonical\" href=\"https:\/\/nordlinepaadid.ee\/et\/pood\/paadi-ja-jahivarvid\/muud-varvid\/varvi-matistaja-teamac-marine-matting-agent-05-l\/\" \/>\n<meta property=\"og:locale\" content=\"et_EE\" \/>\n<meta property=\"og:type\" content=\"article\" \/>\n<meta property=\"og:title\" content=\"V\u00c4RVI MATISTAJA - TEAMAC MARINE MATTING AGENT, 0,5 l - NORDLINE s\u00f5udepaadid ja mootorpaadid. Klaasfiiber materjalist.\" \/>\n<meta property=\"og:description\" content=\"Teamac Marine Matting Agent on v\u00e4rvi matistav lisaaine, mida kasutatakse Teamac Marine Gloss v\u00e4rvi sisse segatuna. V\u00f5imalik tekitada erinevaid viimistlusi &#8211; matt, satiin v\u00f5i pooll\u00e4ikiv. 25 %-line lisaaine lisamine soovitud v\u00e4rvikoguse kohta, saavutab v\u00e4rvis 35 % v\u00e4hem l\u00e4iget. 50 % lisaainet muudab v\u00e4rvi l\u00e4iget 80-85 % matimaks. 75 % lisaainet muudab v\u00e4rvi l\u00e4iget 90-95 %...\" \/>\n<meta property=\"og:url\" content=\"https:\/\/nordlinepaadid.ee\/et\/pood\/paadi-ja-jahivarvid\/muud-varvid\/varvi-matistaja-teamac-marine-matting-agent-05-l\/\" \/>\n<meta property=\"og:site_name\" content=\"NORDLINE s\u00f5udepaadid ja mootorpaadid. Klaasfiiber materjalist.\" \/>\n<meta property=\"article:publisher\" content=\"https:\/\/www.facebook.com\/nordlineboats\" \/>\n<meta property=\"article:modified_time\" content=\"2026-04-07T21:03:19+00:00\" \/>\n<meta property=\"og:image\" content=\"https:\/\/nordlinepaadid.ee\/wp-content\/uploads\/2023\/03\/8357_MARINE_MATTING_AGENT_IN_RED_500ML.jpg\" \/>\n\t<meta property=\"og:image:width\" content=\"1439\" \/>\n\t<meta property=\"og:image:height\" content=\"1910\" \/>\n\t<meta property=\"og:image:type\" content=\"image\/jpeg\" \/>\n<meta name=\"twitter:card\" content=\"summary_large_image\" \/>\n<script type=\"application\/ld+json\" class=\"yoast-schema-graph\">{\"@context\":\"https:\\\/\\\/schema.org\",\"@graph\":[{\"@type\":\"WebPage\",\"@id\":\"https:\\\/\\\/nordlinepaadid.ee\\\/et\\\/pood\\\/paadi-ja-jahivarvid\\\/muud-varvid\\\/varvi-matistaja-teamac-marine-matting-agent-05-l\\\/\",\"url\":\"https:\\\/\\\/nordlinepaadid.ee\\\/et\\\/pood\\\/paadi-ja-jahivarvid\\\/muud-varvid\\\/varvi-matistaja-teamac-marine-matting-agent-05-l\\\/\",\"name\":\"V\u00c4RVI MATISTAJA - TEAMAC MARINE MATTING AGENT, 0,5 l - NORDLINE s\u00f5udepaadid ja mootorpaadid. Klaasfiiber materjalist.\",\"isPartOf\":{\"@id\":\"https:\\\/\\\/nordlinepaadid.ee\\\/et\\\/#website\"},\"primaryImageOfPage\":{\"@id\":\"https:\\\/\\\/nordlinepaadid.ee\\\/et\\\/pood\\\/paadi-ja-jahivarvid\\\/muud-varvid\\\/varvi-matistaja-teamac-marine-matting-agent-05-l\\\/#primaryimage\"},\"image\":{\"@id\":\"https:\\\/\\\/nordlinepaadid.ee\\\/et\\\/pood\\\/paadi-ja-jahivarvid\\\/muud-varvid\\\/varvi-matistaja-teamac-marine-matting-agent-05-l\\\/#primaryimage\"},\"thumbnailUrl\":\"https:\\\/\\\/nordlinepaadid.ee\\\/wp-content\\\/uploads\\\/2023\\\/03\\\/8357_MARINE_MATTING_AGENT_IN_RED_500ML.jpg\",\"datePublished\":\"2026-04-07T00:21:22+00:00\",\"dateModified\":\"2026-04-07T21:03:19+00:00\",\"breadcrumb\":{\"@id\":\"https:\\\/\\\/nordlinepaadid.ee\\\/et\\\/pood\\\/paadi-ja-jahivarvid\\\/muud-varvid\\\/varvi-matistaja-teamac-marine-matting-agent-05-l\\\/#breadcrumb\"},\"inLanguage\":\"et\",\"potentialAction\":[{\"@type\":\"ReadAction\",\"target\":[\"https:\\\/\\\/nordlinepaadid.ee\\\/et\\\/pood\\\/paadi-ja-jahivarvid\\\/muud-varvid\\\/varvi-matistaja-teamac-marine-matting-agent-05-l\\\/\"]}]},{\"@type\":\"ImageObject\",\"inLanguage\":\"et\",\"@id\":\"https:\\\/\\\/nordlinepaadid.ee\\\/et\\\/pood\\\/paadi-ja-jahivarvid\\\/muud-varvid\\\/varvi-matistaja-teamac-marine-matting-agent-05-l\\\/#primaryimage\",\"url\":\"https:\\\/\\\/nordlinepaadid.ee\\\/wp-content\\\/uploads\\\/2023\\\/03\\\/8357_MARINE_MATTING_AGENT_IN_RED_500ML.jpg\",\"contentUrl\":\"https:\\\/\\\/nordlinepaadid.ee\\\/wp-content\\\/uploads\\\/2023\\\/03\\\/8357_MARINE_MATTING_AGENT_IN_RED_500ML.jpg\",\"width\":1439,\"height\":1910},{\"@type\":\"BreadcrumbList\",\"@id\":\"https:\\\/\\\/nordlinepaadid.ee\\\/et\\\/pood\\\/paadi-ja-jahivarvid\\\/muud-varvid\\\/varvi-matistaja-teamac-marine-matting-agent-05-l\\\/#breadcrumb\",\"itemListElement\":[{\"@type\":\"ListItem\",\"position\":1,\"name\":\"Home\",\"item\":\"https:\\\/\\\/nordlinepaadid.ee\\\/et\\\/\"},{\"@type\":\"ListItem\",\"position\":2,\"name\":\"Pood\",\"item\":\"https:\\\/\\\/nordlinepaadid.ee\\\/et\\\/pood\\\/\"},{\"@type\":\"ListItem\",\"position\":3,\"name\":\"V\u00c4RVI MATISTAJA &#8211; TEAMAC MARINE MATTING AGENT, 0,5 l\"}]},{\"@type\":\"WebSite\",\"@id\":\"https:\\\/\\\/nordlinepaadid.ee\\\/et\\\/#website\",\"url\":\"https:\\\/\\\/nordlinepaadid.ee\\\/et\\\/\",\"name\":\"NORDLINE s\u00f5udepaadid ja mootorpaadid. Klaasfiiber materjalist.\",\"description\":\"\",\"publisher\":{\"@id\":\"https:\\\/\\\/nordlinepaadid.ee\\\/et\\\/#organization\"},\"potentialAction\":[{\"@type\":\"SearchAction\",\"target\":{\"@type\":\"EntryPoint\",\"urlTemplate\":\"https:\\\/\\\/nordlinepaadid.ee\\\/et\\\/?s={search_term_string}\"},\"query-input\":{\"@type\":\"PropertyValueSpecification\",\"valueRequired\":true,\"valueName\":\"search_term_string\"}}],\"inLanguage\":\"et\"},{\"@type\":\"Organization\",\"@id\":\"https:\\\/\\\/nordlinepaadid.ee\\\/et\\\/#organization\",\"name\":\"Nordlineboats\",\"url\":\"https:\\\/\\\/nordlinepaadid.ee\\\/et\\\/\",\"logo\":{\"@type\":\"ImageObject\",\"inLanguage\":\"et\",\"@id\":\"https:\\\/\\\/nordlinepaadid.ee\\\/et\\\/#\\\/schema\\\/logo\\\/image\\\/\",\"url\":\"https:\\\/\\\/nordlinepaadid.ee\\\/wp-content\\\/uploads\\\/2023\\\/01\\\/fulllogo_transparent_nobuffer-e1672750475494.png\",\"contentUrl\":\"https:\\\/\\\/nordlinepaadid.ee\\\/wp-content\\\/uploads\\\/2023\\\/01\\\/fulllogo_transparent_nobuffer-e1672750475494.png\",\"width\":150,\"height\":119,\"caption\":\"Nordlineboats\"},\"image\":{\"@id\":\"https:\\\/\\\/nordlinepaadid.ee\\\/et\\\/#\\\/schema\\\/logo\\\/image\\\/\"},\"sameAs\":[\"https:\\\/\\\/www.facebook.com\\\/nordlineboats\",\"https:\\\/\\\/www.youtube.com\\\/channel\\\/UCbgF0fy02y3QkFnujaLTaCA\"]}]}<\/script>\n<!-- \/ Yoast SEO plugin. -->","yoast_head_json":{"title":"V\u00c4RVI MATISTAJA - TEAMAC MARINE MATTING AGENT, 0,5 l - NORDLINE s\u00f5udepaadid ja mootorpaadid. Klaasfiiber materjalist.","robots":{"index":"index","follow":"follow","max-snippet":"max-snippet:-1","max-image-preview":"max-image-preview:large","max-video-preview":"max-video-preview:-1"},"canonical":"https:\/\/nordlinepaadid.ee\/et\/pood\/paadi-ja-jahivarvid\/muud-varvid\/varvi-matistaja-teamac-marine-matting-agent-05-l\/","og_locale":"et_EE","og_type":"article","og_title":"V\u00c4RVI MATISTAJA - TEAMAC MARINE MATTING AGENT, 0,5 l - NORDLINE s\u00f5udepaadid ja mootorpaadid. Klaasfiiber materjalist.","og_description":"Teamac Marine Matting Agent on v\u00e4rvi matistav lisaaine, mida kasutatakse Teamac Marine Gloss v\u00e4rvi sisse segatuna. V\u00f5imalik tekitada erinevaid viimistlusi &#8211; matt, satiin v\u00f5i pooll\u00e4ikiv. 25 %-line lisaaine lisamine soovitud v\u00e4rvikoguse kohta, saavutab v\u00e4rvis 35 % v\u00e4hem l\u00e4iget. 50 % lisaainet muudab v\u00e4rvi l\u00e4iget 80-85 % matimaks. 75 % lisaainet muudab v\u00e4rvi l\u00e4iget 90-95 %...","og_url":"https:\/\/nordlinepaadid.ee\/et\/pood\/paadi-ja-jahivarvid\/muud-varvid\/varvi-matistaja-teamac-marine-matting-agent-05-l\/","og_site_name":"NORDLINE s\u00f5udepaadid ja mootorpaadid. Klaasfiiber materjalist.","article_publisher":"https:\/\/www.facebook.com\/nordlineboats","article_modified_time":"2026-04-07T21:03:19+00:00","og_image":[{"width":1439,"height":1910,"url":"https:\/\/nordlinepaadid.ee\/wp-content\/uploads\/2023\/03\/8357_MARINE_MATTING_AGENT_IN_RED_500ML.jpg","type":"image\/jpeg"}],"twitter_card":"summary_large_image","schema":{"@context":"https:\/\/schema.org","@graph":[{"@type":"WebPage","@id":"https:\/\/nordlinepaadid.ee\/et\/pood\/paadi-ja-jahivarvid\/muud-varvid\/varvi-matistaja-teamac-marine-matting-agent-05-l\/","url":"https:\/\/nordlinepaadid.ee\/et\/pood\/paadi-ja-jahivarvid\/muud-varvid\/varvi-matistaja-teamac-marine-matting-agent-05-l\/","name":"V\u00c4RVI MATISTAJA - TEAMAC MARINE MATTING AGENT, 0,5 l - NORDLINE s\u00f5udepaadid ja mootorpaadid. Klaasfiiber materjalist.","isPartOf":{"@id":"https:\/\/nordlinepaadid.ee\/et\/#website"},"primaryImageOfPage":{"@id":"https:\/\/nordlinepaadid.ee\/et\/pood\/paadi-ja-jahivarvid\/muud-varvid\/varvi-matistaja-teamac-marine-matting-agent-05-l\/#primaryimage"},"image":{"@id":"https:\/\/nordlinepaadid.ee\/et\/pood\/paadi-ja-jahivarvid\/muud-varvid\/varvi-matistaja-teamac-marine-matting-agent-05-l\/#primaryimage"},"thumbnailUrl":"https:\/\/nordlinepaadid.ee\/wp-content\/uploads\/2023\/03\/8357_MARINE_MATTING_AGENT_IN_RED_500ML.jpg","datePublished":"2026-04-07T00:21:22+00:00","dateModified":"2026-04-07T21:03:19+00:00","breadcrumb":{"@id":"https:\/\/nordlinepaadid.ee\/et\/pood\/paadi-ja-jahivarvid\/muud-varvid\/varvi-matistaja-teamac-marine-matting-agent-05-l\/#breadcrumb"},"inLanguage":"et","potentialAction":[{"@type":"ReadAction","target":["https:\/\/nordlinepaadid.ee\/et\/pood\/paadi-ja-jahivarvid\/muud-varvid\/varvi-matistaja-teamac-marine-matting-agent-05-l\/"]}]},{"@type":"ImageObject","inLanguage":"et","@id":"https:\/\/nordlinepaadid.ee\/et\/pood\/paadi-ja-jahivarvid\/muud-varvid\/varvi-matistaja-teamac-marine-matting-agent-05-l\/#primaryimage","url":"https:\/\/nordlinepaadid.ee\/wp-content\/uploads\/2023\/03\/8357_MARINE_MATTING_AGENT_IN_RED_500ML.jpg","contentUrl":"https:\/\/nordlinepaadid.ee\/wp-content\/uploads\/2023\/03\/8357_MARINE_MATTING_AGENT_IN_RED_500ML.jpg","width":1439,"height":1910},{"@type":"BreadcrumbList","@id":"https:\/\/nordlinepaadid.ee\/et\/pood\/paadi-ja-jahivarvid\/muud-varvid\/varvi-matistaja-teamac-marine-matting-agent-05-l\/#breadcrumb","itemListElement":[{"@type":"ListItem","position":1,"name":"Home","item":"https:\/\/nordlinepaadid.ee\/et\/"},{"@type":"ListItem","position":2,"name":"Pood","item":"https:\/\/nordlinepaadid.ee\/et\/pood\/"},{"@type":"ListItem","position":3,"name":"V\u00c4RVI MATISTAJA &#8211; TEAMAC MARINE MATTING AGENT, 0,5 l"}]},{"@type":"WebSite","@id":"https:\/\/nordlinepaadid.ee\/et\/#website","url":"https:\/\/nordlinepaadid.ee\/et\/","name":"NORDLINE s\u00f5udepaadid ja mootorpaadid. Klaasfiiber materjalist.","description":"","publisher":{"@id":"https:\/\/nordlinepaadid.ee\/et\/#organization"},"potentialAction":[{"@type":"SearchAction","target":{"@type":"EntryPoint","urlTemplate":"https:\/\/nordlinepaadid.ee\/et\/?s={search_term_string}"},"query-input":{"@type":"PropertyValueSpecification","valueRequired":true,"valueName":"search_term_string"}}],"inLanguage":"et"},{"@type":"Organization","@id":"https:\/\/nordlinepaadid.ee\/et\/#organization","name":"Nordlineboats","url":"https:\/\/nordlinepaadid.ee\/et\/","logo":{"@type":"ImageObject","inLanguage":"et","@id":"https:\/\/nordlinepaadid.ee\/et\/#\/schema\/logo\/image\/","url":"https:\/\/nordlinepaadid.ee\/wp-content\/uploads\/2023\/01\/fulllogo_transparent_nobuffer-e1672750475494.png","contentUrl":"https:\/\/nordlinepaadid.ee\/wp-content\/uploads\/2023\/01\/fulllogo_transparent_nobuffer-e1672750475494.png","width":150,"height":119,"caption":"Nordlineboats"},"image":{"@id":"https:\/\/nordlinepaadid.ee\/et\/#\/schema\/logo\/image\/"},"sameAs":["https:\/\/www.facebook.com\/nordlineboats","https:\/\/www.youtube.com\/channel\/UCbgF0fy02y3QkFnujaLTaCA"]}]}},"taxonomy_info":{"product_cat":[{"value":289,"label":"Muud v\u00e4rvid, Spetsiaaltooted"},{"value":229,"label":"PAADI- JA JAHIV\u00c4RVID"}],"pa_producer":[{"value":478,"label":"Teal &amp; Mackrill Ltd."}],"pa_unit":[{"value":468,"label":"l"}]},"featured_image_src_large":["https:\/\/nordlinepaadid.ee\/wp-content\/uploads\/2023\/03\/8357_MARINE_MATTING_AGENT_IN_RED_500ML-771x1024.jpg",771,1024,true],"author_info":[],"comment_info":"","_links":{"self":[{"href":"https:\/\/nordlinepaadid.ee\/et\/wp-json\/wp\/v2\/product\/28264","targetHints":{"allow":["GET"]}}],"collection":[{"href":"https:\/\/nordlinepaadid.ee\/et\/wp-json\/wp\/v2\/product"}],"about":[{"href":"https:\/\/nordlinepaadid.ee\/et\/wp-json\/wp\/v2\/types\/product"}],"wp:featuredmedia":[{"embeddable":true,"href":"https:\/\/nordlinepaadid.ee\/et\/wp-json\/wp\/v2\/media\/28265"}],"wp:attachment":[{"href":"https:\/\/nordlinepaadid.ee\/et\/wp-json\/wp\/v2\/media?parent=28264"}],"wp:term":[{"taxonomy":"product_brand","embeddable":true,"href":"https:\/\/nordlinepaadid.ee\/et\/wp-json\/wp\/v2\/product_brand?post=28264"},{"taxonomy":"product_cat","embeddable":true,"href":"https:\/\/nordlinepaadid.ee\/et\/wp-json\/wp\/v2\/product_cat?post=28264"},{"taxonomy":"product_tag","embeddable":true,"href":"https:\/\/nordlinepaadid.ee\/et\/wp-json\/wp\/v2\/product_tag?post=28264"}],"curies":[{"name":"wp","href":"https:\/\/api.w.org\/{rel}","templated":true}]}}