{"id":28276,"date":"2026-04-07T03:21:23","date_gmt":"2026-04-07T00:21:23","guid":{"rendered":"https:\/\/nordlinepaadid.ee\/pood\/self-inflatable-lifejacket-baltic-legend-165-n-automatic-5\/"},"modified":"2026-04-08T12:02:44","modified_gmt":"2026-04-08T09:02:44","slug":"isetaituv-paastevest-baltic-legend-165-n-automaatne-5","status":"publish","type":"product","link":"https:\/\/nordlinepaadid.ee\/et\/pood\/paastevahendid\/paastevestid-ohutusvestid\/isetaituv-paastevest-baltic-legend-165-n-automaatne-5\/","title":{"rendered":"ISET\u00c4ITUV P\u00c4\u00c4STEVEST- BALTIC LEGEND 165 N, AUTOMAATNE"},"content":{"rendered":"<p>Baltic Legend 165 N on uudse disainiga iset\u00e4ituv p\u00e4\u00e4stevest, millel fliisist pehmendusega krae, reguleeritav kinnitusrihm ja jalgevaherihm. Tavap\u00e4rasest suurem kontroll-aken t\u00e4itemehanismi kontrollimiseks. Vestil on 33 grammine t\u00e4iteballoon, helkur-ribad, manuaalne t\u00e4ite- ja t\u00fchjendustoru ning vile. Vest on sobilik nii naistele, kui meestele alates kehakaalust 40 kg. Tootjapoolne 5-aastane garantii.<\/p>\n<p><img decoding=\"async\" alt=\"\" src=\"\/bw_client_files\/promarine\/public\/img\/Image\/Symbols-Tips-icon.png\" style=\"cursor:default; font-family:arial,tahoma; font-size:12px; height:30px; width:30px\" \/><strong>Tutvu l\u00e4hemalt ka iset\u00e4ituvate p\u00e4\u00e4stevestide KONTROLLI ja TAATLEMISE tingimustega<\/strong><span style=\"font-size:12px\">&nbsp;<\/span><strong><a href=\"https:\/\/www.promarinetrade.com\/isetaituvate-paastevestide-kontroll-ja-taatlemine\"><span style=\"color:rgb(255, 0, 0)\">SIIT<\/span><\/a><\/strong><\/p>\n<p>&#13;<br \/>\n&#13;<\/p>\n<p>&nbsp;<\/p>\n<p>&#13;<br \/>\n&#13;<\/p>\n<p><iframe loading=\"lazy\" allowfullscreen=\"\" frameborder=\"0\" height=\"360\" src=\"\/\/www.youtube.com\/embed\/dRv3KOBHwBs?rel=0\" width=\"640\"><\/iframe><\/p>\n<p>&#13;<\/p>\n","protected":false},"excerpt":{"rendered":"<p>Baltic Legend 165 N on uudse disainiga iset\u00e4ituv p\u00e4\u00e4stevest, millel fliisist pehmendusega krae, reguleeritav kinnitusrihm ja jalgevaherihm. Tavap\u00e4rasest suurem kontroll-aken t\u00e4itemehanismi kontrollimiseks. Vestil on 33 grammine t\u00e4iteballoon, helkur-ribad, manuaalne t\u00e4ite- ja t\u00fchjendustoru ning vile. Vest on sobilik nii naistele, kui meestele alates kehakaalust 40 kg. Tootjapoolne 5-aastane garantii. Tutvu l\u00e4hemalt ka iset\u00e4ituvate p\u00e4\u00e4stevestide KONTROLLI ja&#8230;<\/p>\n","protected":false},"featured_media":28277,"template":"","meta":{"_kad_blocks_custom_css":"","_kad_blocks_head_custom_js":"","_kad_blocks_body_custom_js":"","_kad_blocks_footer_custom_js":"","_kad_post_transparent":"","_kad_post_title":"","_kad_post_layout":"","_kad_post_sidebar_id":"","_kad_post_content_style":"","_kad_post_vertical_padding":"","_kad_post_feature":"","_kad_post_feature_position":"","_kad_post_header":false,"_kad_post_footer":false,"_kad_post_classname":""},"product_brand":[],"product_cat":[230,236],"product_tag":[],"class_list":{"0":"post-28276","1":"product","2":"type-product","3":"status-publish","4":"has-post-thumbnail","6":"product_cat-paastevahendid","7":"product_cat-paastevestid-ohutusvestid","8":"product_shipping_class-pakiautomaati-mahtuv-kaup","9":"pa_color-hall","10":"pa_producer-baltic","11":"pa_unit-pcs","12":"tm-no-options","14":"first","15":"onbackorder","16":"taxable","17":"shipping-taxable","18":"purchasable","19":"product-type-simple","20":"entry","21":"content-bg","22":"loop-entry"},"yoast_head":"<!-- This site is optimized with the Yoast SEO plugin v27.3 - https:\/\/yoast.com\/product\/yoast-seo-wordpress\/ -->\n<title>ISET\u00c4ITUV P\u00c4\u00c4STEVEST- BALTIC LEGEND 165 N, AUTOMAATNE - NORDLINE s\u00f5udepaadid ja mootorpaadid. Klaasfiiber materjalist.<\/title>\n<meta name=\"robots\" content=\"index, follow, max-snippet:-1, max-image-preview:large, max-video-preview:-1\" \/>\n<link rel=\"canonical\" href=\"https:\/\/nordlinepaadid.ee\/et\/pood\/paastevahendid\/paastevestid-ohutusvestid\/isetaituv-paastevest-baltic-legend-165-n-automaatne-5\/\" \/>\n<meta property=\"og:locale\" content=\"et_EE\" \/>\n<meta property=\"og:type\" content=\"article\" \/>\n<meta property=\"og:title\" content=\"ISET\u00c4ITUV P\u00c4\u00c4STEVEST- BALTIC LEGEND 165 N, AUTOMAATNE - NORDLINE s\u00f5udepaadid ja mootorpaadid. Klaasfiiber materjalist.\" \/>\n<meta property=\"og:description\" content=\"Baltic Legend 165 N on uudse disainiga iset\u00e4ituv p\u00e4\u00e4stevest, millel fliisist pehmendusega krae, reguleeritav kinnitusrihm ja jalgevaherihm. Tavap\u00e4rasest suurem kontroll-aken t\u00e4itemehanismi kontrollimiseks. Vestil on 33 grammine t\u00e4iteballoon, helkur-ribad, manuaalne t\u00e4ite- ja t\u00fchjendustoru ning vile. Vest on sobilik nii naistele, kui meestele alates kehakaalust 40 kg. Tootjapoolne 5-aastane garantii. Tutvu l\u00e4hemalt ka iset\u00e4ituvate p\u00e4\u00e4stevestide KONTROLLI ja...\" \/>\n<meta property=\"og:url\" content=\"https:\/\/nordlinepaadid.ee\/et\/pood\/paastevahendid\/paastevestid-ohutusvestid\/isetaituv-paastevest-baltic-legend-165-n-automaatne-5\/\" \/>\n<meta property=\"og:site_name\" content=\"NORDLINE s\u00f5udepaadid ja mootorpaadid. Klaasfiiber materjalist.\" \/>\n<meta property=\"article:publisher\" content=\"https:\/\/www.facebook.com\/nordlineboats\" \/>\n<meta property=\"article:modified_time\" content=\"2026-04-08T09:02:44+00:00\" \/>\n<meta property=\"og:image\" content=\"https:\/\/nordlinepaadid.ee\/wp-content\/uploads\/2023\/03\/8365_LEGEND.jpg\" \/>\n\t<meta property=\"og:image:width\" content=\"523\" \/>\n\t<meta property=\"og:image:height\" content=\"742\" \/>\n\t<meta property=\"og:image:type\" content=\"image\/jpeg\" \/>\n<meta name=\"twitter:card\" content=\"summary_large_image\" \/>\n<script type=\"application\/ld+json\" class=\"yoast-schema-graph\">{\"@context\":\"https:\\\/\\\/schema.org\",\"@graph\":[{\"@type\":\"WebPage\",\"@id\":\"https:\\\/\\\/nordlinepaadid.ee\\\/et\\\/pood\\\/paastevahendid\\\/paastevestid-ohutusvestid\\\/isetaituv-paastevest-baltic-legend-165-n-automaatne-5\\\/\",\"url\":\"https:\\\/\\\/nordlinepaadid.ee\\\/et\\\/pood\\\/paastevahendid\\\/paastevestid-ohutusvestid\\\/isetaituv-paastevest-baltic-legend-165-n-automaatne-5\\\/\",\"name\":\"ISET\u00c4ITUV P\u00c4\u00c4STEVEST- BALTIC LEGEND 165 N, AUTOMAATNE - NORDLINE s\u00f5udepaadid ja mootorpaadid. Klaasfiiber materjalist.\",\"isPartOf\":{\"@id\":\"https:\\\/\\\/nordlinepaadid.ee\\\/et\\\/#website\"},\"primaryImageOfPage\":{\"@id\":\"https:\\\/\\\/nordlinepaadid.ee\\\/et\\\/pood\\\/paastevahendid\\\/paastevestid-ohutusvestid\\\/isetaituv-paastevest-baltic-legend-165-n-automaatne-5\\\/#primaryimage\"},\"image\":{\"@id\":\"https:\\\/\\\/nordlinepaadid.ee\\\/et\\\/pood\\\/paastevahendid\\\/paastevestid-ohutusvestid\\\/isetaituv-paastevest-baltic-legend-165-n-automaatne-5\\\/#primaryimage\"},\"thumbnailUrl\":\"https:\\\/\\\/nordlinepaadid.ee\\\/wp-content\\\/uploads\\\/2023\\\/03\\\/8365_LEGEND.jpg\",\"datePublished\":\"2026-04-07T00:21:23+00:00\",\"dateModified\":\"2026-04-08T09:02:44+00:00\",\"breadcrumb\":{\"@id\":\"https:\\\/\\\/nordlinepaadid.ee\\\/et\\\/pood\\\/paastevahendid\\\/paastevestid-ohutusvestid\\\/isetaituv-paastevest-baltic-legend-165-n-automaatne-5\\\/#breadcrumb\"},\"inLanguage\":\"et\",\"potentialAction\":[{\"@type\":\"ReadAction\",\"target\":[\"https:\\\/\\\/nordlinepaadid.ee\\\/et\\\/pood\\\/paastevahendid\\\/paastevestid-ohutusvestid\\\/isetaituv-paastevest-baltic-legend-165-n-automaatne-5\\\/\"]}]},{\"@type\":\"ImageObject\",\"inLanguage\":\"et\",\"@id\":\"https:\\\/\\\/nordlinepaadid.ee\\\/et\\\/pood\\\/paastevahendid\\\/paastevestid-ohutusvestid\\\/isetaituv-paastevest-baltic-legend-165-n-automaatne-5\\\/#primaryimage\",\"url\":\"https:\\\/\\\/nordlinepaadid.ee\\\/wp-content\\\/uploads\\\/2023\\\/03\\\/8365_LEGEND.jpg\",\"contentUrl\":\"https:\\\/\\\/nordlinepaadid.ee\\\/wp-content\\\/uploads\\\/2023\\\/03\\\/8365_LEGEND.jpg\",\"width\":523,\"height\":742},{\"@type\":\"BreadcrumbList\",\"@id\":\"https:\\\/\\\/nordlinepaadid.ee\\\/et\\\/pood\\\/paastevahendid\\\/paastevestid-ohutusvestid\\\/isetaituv-paastevest-baltic-legend-165-n-automaatne-5\\\/#breadcrumb\",\"itemListElement\":[{\"@type\":\"ListItem\",\"position\":1,\"name\":\"Home\",\"item\":\"https:\\\/\\\/nordlinepaadid.ee\\\/et\\\/\"},{\"@type\":\"ListItem\",\"position\":2,\"name\":\"Pood\",\"item\":\"https:\\\/\\\/nordlinepaadid.ee\\\/et\\\/pood\\\/\"},{\"@type\":\"ListItem\",\"position\":3,\"name\":\"ISET\u00c4ITUV P\u00c4\u00c4STEVEST- BALTIC LEGEND 165 N, AUTOMAATNE\"}]},{\"@type\":\"WebSite\",\"@id\":\"https:\\\/\\\/nordlinepaadid.ee\\\/et\\\/#website\",\"url\":\"https:\\\/\\\/nordlinepaadid.ee\\\/et\\\/\",\"name\":\"NORDLINE s\u00f5udepaadid ja mootorpaadid. Klaasfiiber materjalist.\",\"description\":\"\",\"publisher\":{\"@id\":\"https:\\\/\\\/nordlinepaadid.ee\\\/et\\\/#organization\"},\"potentialAction\":[{\"@type\":\"SearchAction\",\"target\":{\"@type\":\"EntryPoint\",\"urlTemplate\":\"https:\\\/\\\/nordlinepaadid.ee\\\/et\\\/?s={search_term_string}\"},\"query-input\":{\"@type\":\"PropertyValueSpecification\",\"valueRequired\":true,\"valueName\":\"search_term_string\"}}],\"inLanguage\":\"et\"},{\"@type\":\"Organization\",\"@id\":\"https:\\\/\\\/nordlinepaadid.ee\\\/et\\\/#organization\",\"name\":\"Nordlineboats\",\"url\":\"https:\\\/\\\/nordlinepaadid.ee\\\/et\\\/\",\"logo\":{\"@type\":\"ImageObject\",\"inLanguage\":\"et\",\"@id\":\"https:\\\/\\\/nordlinepaadid.ee\\\/et\\\/#\\\/schema\\\/logo\\\/image\\\/\",\"url\":\"https:\\\/\\\/nordlinepaadid.ee\\\/wp-content\\\/uploads\\\/2023\\\/01\\\/fulllogo_transparent_nobuffer-e1672750475494.png\",\"contentUrl\":\"https:\\\/\\\/nordlinepaadid.ee\\\/wp-content\\\/uploads\\\/2023\\\/01\\\/fulllogo_transparent_nobuffer-e1672750475494.png\",\"width\":150,\"height\":119,\"caption\":\"Nordlineboats\"},\"image\":{\"@id\":\"https:\\\/\\\/nordlinepaadid.ee\\\/et\\\/#\\\/schema\\\/logo\\\/image\\\/\"},\"sameAs\":[\"https:\\\/\\\/www.facebook.com\\\/nordlineboats\",\"https:\\\/\\\/www.youtube.com\\\/channel\\\/UCbgF0fy02y3QkFnujaLTaCA\"]}]}<\/script>\n<!-- \/ Yoast SEO plugin. -->","yoast_head_json":{"title":"ISET\u00c4ITUV P\u00c4\u00c4STEVEST- BALTIC LEGEND 165 N, AUTOMAATNE - NORDLINE s\u00f5udepaadid ja mootorpaadid. Klaasfiiber materjalist.","robots":{"index":"index","follow":"follow","max-snippet":"max-snippet:-1","max-image-preview":"max-image-preview:large","max-video-preview":"max-video-preview:-1"},"canonical":"https:\/\/nordlinepaadid.ee\/et\/pood\/paastevahendid\/paastevestid-ohutusvestid\/isetaituv-paastevest-baltic-legend-165-n-automaatne-5\/","og_locale":"et_EE","og_type":"article","og_title":"ISET\u00c4ITUV P\u00c4\u00c4STEVEST- BALTIC LEGEND 165 N, AUTOMAATNE - NORDLINE s\u00f5udepaadid ja mootorpaadid. Klaasfiiber materjalist.","og_description":"Baltic Legend 165 N on uudse disainiga iset\u00e4ituv p\u00e4\u00e4stevest, millel fliisist pehmendusega krae, reguleeritav kinnitusrihm ja jalgevaherihm. Tavap\u00e4rasest suurem kontroll-aken t\u00e4itemehanismi kontrollimiseks. Vestil on 33 grammine t\u00e4iteballoon, helkur-ribad, manuaalne t\u00e4ite- ja t\u00fchjendustoru ning vile. Vest on sobilik nii naistele, kui meestele alates kehakaalust 40 kg. Tootjapoolne 5-aastane garantii. Tutvu l\u00e4hemalt ka iset\u00e4ituvate p\u00e4\u00e4stevestide KONTROLLI ja...","og_url":"https:\/\/nordlinepaadid.ee\/et\/pood\/paastevahendid\/paastevestid-ohutusvestid\/isetaituv-paastevest-baltic-legend-165-n-automaatne-5\/","og_site_name":"NORDLINE s\u00f5udepaadid ja mootorpaadid. Klaasfiiber materjalist.","article_publisher":"https:\/\/www.facebook.com\/nordlineboats","article_modified_time":"2026-04-08T09:02:44+00:00","og_image":[{"width":523,"height":742,"url":"https:\/\/nordlinepaadid.ee\/wp-content\/uploads\/2023\/03\/8365_LEGEND.jpg","type":"image\/jpeg"}],"twitter_card":"summary_large_image","schema":{"@context":"https:\/\/schema.org","@graph":[{"@type":"WebPage","@id":"https:\/\/nordlinepaadid.ee\/et\/pood\/paastevahendid\/paastevestid-ohutusvestid\/isetaituv-paastevest-baltic-legend-165-n-automaatne-5\/","url":"https:\/\/nordlinepaadid.ee\/et\/pood\/paastevahendid\/paastevestid-ohutusvestid\/isetaituv-paastevest-baltic-legend-165-n-automaatne-5\/","name":"ISET\u00c4ITUV P\u00c4\u00c4STEVEST- BALTIC LEGEND 165 N, AUTOMAATNE - NORDLINE s\u00f5udepaadid ja mootorpaadid. Klaasfiiber materjalist.","isPartOf":{"@id":"https:\/\/nordlinepaadid.ee\/et\/#website"},"primaryImageOfPage":{"@id":"https:\/\/nordlinepaadid.ee\/et\/pood\/paastevahendid\/paastevestid-ohutusvestid\/isetaituv-paastevest-baltic-legend-165-n-automaatne-5\/#primaryimage"},"image":{"@id":"https:\/\/nordlinepaadid.ee\/et\/pood\/paastevahendid\/paastevestid-ohutusvestid\/isetaituv-paastevest-baltic-legend-165-n-automaatne-5\/#primaryimage"},"thumbnailUrl":"https:\/\/nordlinepaadid.ee\/wp-content\/uploads\/2023\/03\/8365_LEGEND.jpg","datePublished":"2026-04-07T00:21:23+00:00","dateModified":"2026-04-08T09:02:44+00:00","breadcrumb":{"@id":"https:\/\/nordlinepaadid.ee\/et\/pood\/paastevahendid\/paastevestid-ohutusvestid\/isetaituv-paastevest-baltic-legend-165-n-automaatne-5\/#breadcrumb"},"inLanguage":"et","potentialAction":[{"@type":"ReadAction","target":["https:\/\/nordlinepaadid.ee\/et\/pood\/paastevahendid\/paastevestid-ohutusvestid\/isetaituv-paastevest-baltic-legend-165-n-automaatne-5\/"]}]},{"@type":"ImageObject","inLanguage":"et","@id":"https:\/\/nordlinepaadid.ee\/et\/pood\/paastevahendid\/paastevestid-ohutusvestid\/isetaituv-paastevest-baltic-legend-165-n-automaatne-5\/#primaryimage","url":"https:\/\/nordlinepaadid.ee\/wp-content\/uploads\/2023\/03\/8365_LEGEND.jpg","contentUrl":"https:\/\/nordlinepaadid.ee\/wp-content\/uploads\/2023\/03\/8365_LEGEND.jpg","width":523,"height":742},{"@type":"BreadcrumbList","@id":"https:\/\/nordlinepaadid.ee\/et\/pood\/paastevahendid\/paastevestid-ohutusvestid\/isetaituv-paastevest-baltic-legend-165-n-automaatne-5\/#breadcrumb","itemListElement":[{"@type":"ListItem","position":1,"name":"Home","item":"https:\/\/nordlinepaadid.ee\/et\/"},{"@type":"ListItem","position":2,"name":"Pood","item":"https:\/\/nordlinepaadid.ee\/et\/pood\/"},{"@type":"ListItem","position":3,"name":"ISET\u00c4ITUV P\u00c4\u00c4STEVEST- BALTIC LEGEND 165 N, AUTOMAATNE"}]},{"@type":"WebSite","@id":"https:\/\/nordlinepaadid.ee\/et\/#website","url":"https:\/\/nordlinepaadid.ee\/et\/","name":"NORDLINE s\u00f5udepaadid ja mootorpaadid. Klaasfiiber materjalist.","description":"","publisher":{"@id":"https:\/\/nordlinepaadid.ee\/et\/#organization"},"potentialAction":[{"@type":"SearchAction","target":{"@type":"EntryPoint","urlTemplate":"https:\/\/nordlinepaadid.ee\/et\/?s={search_term_string}"},"query-input":{"@type":"PropertyValueSpecification","valueRequired":true,"valueName":"search_term_string"}}],"inLanguage":"et"},{"@type":"Organization","@id":"https:\/\/nordlinepaadid.ee\/et\/#organization","name":"Nordlineboats","url":"https:\/\/nordlinepaadid.ee\/et\/","logo":{"@type":"ImageObject","inLanguage":"et","@id":"https:\/\/nordlinepaadid.ee\/et\/#\/schema\/logo\/image\/","url":"https:\/\/nordlinepaadid.ee\/wp-content\/uploads\/2023\/01\/fulllogo_transparent_nobuffer-e1672750475494.png","contentUrl":"https:\/\/nordlinepaadid.ee\/wp-content\/uploads\/2023\/01\/fulllogo_transparent_nobuffer-e1672750475494.png","width":150,"height":119,"caption":"Nordlineboats"},"image":{"@id":"https:\/\/nordlinepaadid.ee\/et\/#\/schema\/logo\/image\/"},"sameAs":["https:\/\/www.facebook.com\/nordlineboats","https:\/\/www.youtube.com\/channel\/UCbgF0fy02y3QkFnujaLTaCA"]}]}},"taxonomy_info":{"product_cat":[{"value":230,"label":"P\u00c4\u00c4STEVAHENDID"},{"value":236,"label":"P\u00e4\u00e4stevestid, Ohutusvestid"}],"pa_color":[{"value":675,"label":"Hall"}],"pa_producer":[{"value":508,"label":"Baltic"}],"pa_unit":[{"value":416,"label":"pcs"}]},"featured_image_src_large":["https:\/\/nordlinepaadid.ee\/wp-content\/uploads\/2023\/03\/8365_LEGEND.jpg",523,742,false],"author_info":[],"comment_info":"","_links":{"self":[{"href":"https:\/\/nordlinepaadid.ee\/et\/wp-json\/wp\/v2\/product\/28276","targetHints":{"allow":["GET"]}}],"collection":[{"href":"https:\/\/nordlinepaadid.ee\/et\/wp-json\/wp\/v2\/product"}],"about":[{"href":"https:\/\/nordlinepaadid.ee\/et\/wp-json\/wp\/v2\/types\/product"}],"wp:featuredmedia":[{"embeddable":true,"href":"https:\/\/nordlinepaadid.ee\/et\/wp-json\/wp\/v2\/media\/28277"}],"wp:attachment":[{"href":"https:\/\/nordlinepaadid.ee\/et\/wp-json\/wp\/v2\/media?parent=28276"}],"wp:term":[{"taxonomy":"product_brand","embeddable":true,"href":"https:\/\/nordlinepaadid.ee\/et\/wp-json\/wp\/v2\/product_brand?post=28276"},{"taxonomy":"product_cat","embeddable":true,"href":"https:\/\/nordlinepaadid.ee\/et\/wp-json\/wp\/v2\/product_cat?post=28276"},{"taxonomy":"product_tag","embeddable":true,"href":"https:\/\/nordlinepaadid.ee\/et\/wp-json\/wp\/v2\/product_tag?post=28276"}],"curies":[{"name":"wp","href":"https:\/\/api.w.org\/{rel}","templated":true}]}}