{"id":28317,"date":"2026-04-07T03:21:26","date_gmt":"2026-04-07T00:21:26","guid":{"rendered":"https:\/\/nordlinepaadid.ee\/pood\/boatcare-vuplex-plastic-cleaner-235-ml\/"},"modified":"2026-04-08T14:01:00","modified_gmt":"2026-04-08T11:01:00","slug":"puhastusvahend-pleksiklaasile-vuplex-235-ml","status":"publish","type":"product","link":"https:\/\/nordlinepaadid.ee\/et\/pood\/paadihooldusvahendid\/boat-care-and-cleaning\/puhastusvahend-pleksiklaasile-vuplex-235-ml\/","title":{"rendered":"PUHASTUSVAHEND PLEKSIKLAASILE- VUPLEX, 235 ml"},"content":{"rendered":"<p>VuPlex puhastab, kaitseb ja poleerib pleksiklaasi ja muud v\u00e4rvilist plastikut. Toode oli algselt loodud kasutamiseks lennunduses, kuid t\u00e4nu headele omadustele on sellest saanud ka hea abivahend ka muudes valdkondades ja kasutuskohtades nagu paadid (aknad, paneelid), autod (esituled, armatuur), haagissuvilad, kodune majapidamine jne. Sobib ideaalselt ka motokiivrite visiiri ja prillide puhastamiseks ja poleerimiseks. VuPlex ei sisalda abrasiivseid aineid, kuid eemaldab effektiivselt plastiku- ja pleksiklaasi pinnalt mustuse ning samas katab pinna \u00f5hukese kaitsekihiga, mis annab pinnale ilusa l\u00e4ike ja l\u00e4bipaistavuse. Uutele pindadele kantud VuPlex takistab vananemist. Olemasolevatel pindadel j\u00e4tab VuPlex p\u00e4rast pealekandmist taastatud ja t\u00e4iuslikult taastatud ja puhta pinna. Isegi mikrokriimustused muutuvad n\u00e4htamatuks &#8211; eriti levinud probleem on see haagissuvilate ja paatide pleksiklaasist- ja akr\u00fc\u00fclakende puhul. Kasutamine: Pihustage vahendit lihtsalt puhastatud ja kuivale pinnale, mida soovite hooldada, p\u00fchkige ja puhastage tekstiilriidega, kuni see on peaaegu kuiv. Seej\u00e4rel kasutage poleerimiseks teist ja kuiva tekstiilriiet. Toodetud Austraalias. Kogus: 235 ml.<\/p>\n<p>&#13;<\/p>\n<p><iframe loading=\"lazy\" allowfullscreen=\"\" frameborder=\"0\" height=\"360\" src=\"\/\/www.youtube.com\/embed\/Kkl5g9SNK4Y\" width=\"640\"><\/iframe><\/p>\n<p>&#13;<\/p>\n","protected":false},"excerpt":{"rendered":"<p>VuPlex puhastab, kaitseb ja poleerib pleksiklaasi ja muud v\u00e4rvilist plastikut. Toode oli algselt loodud kasutamiseks lennunduses, kuid t\u00e4nu headele omadustele on sellest saanud ka hea abivahend ka muudes valdkondades ja kasutuskohtades nagu paadid (aknad, paneelid), autod (esituled, armatuur), haagissuvilad, kodune majapidamine jne. Sobib ideaalselt ka motokiivrite visiiri ja prillide puhastamiseks ja poleerimiseks. VuPlex ei sisalda&#8230;<\/p>\n","protected":false},"featured_media":28318,"template":"","meta":{"_kad_blocks_custom_css":"","_kad_blocks_head_custom_js":"","_kad_blocks_body_custom_js":"","_kad_blocks_footer_custom_js":"","_kad_post_transparent":"","_kad_post_title":"","_kad_post_layout":"","_kad_post_sidebar_id":"","_kad_post_content_style":"","_kad_post_vertical_padding":"","_kad_post_feature":"","_kad_post_feature_position":"","_kad_post_header":false,"_kad_post_footer":false,"_kad_post_classname":""},"product_brand":[],"product_cat":[284,285],"product_tag":[],"class_list":{"0":"post-28317","1":"product","2":"type-product","3":"status-publish","4":"has-post-thumbnail","6":"product_cat-paadihooldusvahendid","7":"product_cat-boat-care-and-cleaning","8":"product_shipping_class-pakiautomaati-mahtuv-kaup","9":"pa_unit-ml","10":"tm-no-options","12":"first","13":"onbackorder","14":"sale","15":"taxable","16":"shipping-taxable","17":"purchasable","18":"product-type-simple","19":"entry","20":"content-bg","21":"loop-entry"},"yoast_head":"<!-- This site is optimized with the Yoast SEO plugin v27.3 - https:\/\/yoast.com\/product\/yoast-seo-wordpress\/ -->\n<title>PUHASTUSVAHEND PLEKSIKLAASILE- VUPLEX, 235 ml - NORDLINE s\u00f5udepaadid ja mootorpaadid. Klaasfiiber materjalist.<\/title>\n<meta name=\"robots\" content=\"index, follow, max-snippet:-1, max-image-preview:large, max-video-preview:-1\" \/>\n<link rel=\"canonical\" href=\"https:\/\/nordlinepaadid.ee\/et\/pood\/paadihooldusvahendid\/boat-care-and-cleaning\/puhastusvahend-pleksiklaasile-vuplex-235-ml\/\" \/>\n<meta property=\"og:locale\" content=\"et_EE\" \/>\n<meta property=\"og:type\" content=\"article\" \/>\n<meta property=\"og:title\" content=\"PUHASTUSVAHEND PLEKSIKLAASILE- VUPLEX, 235 ml - NORDLINE s\u00f5udepaadid ja mootorpaadid. Klaasfiiber materjalist.\" \/>\n<meta property=\"og:description\" content=\"VuPlex puhastab, kaitseb ja poleerib pleksiklaasi ja muud v\u00e4rvilist plastikut. Toode oli algselt loodud kasutamiseks lennunduses, kuid t\u00e4nu headele omadustele on sellest saanud ka hea abivahend ka muudes valdkondades ja kasutuskohtades nagu paadid (aknad, paneelid), autod (esituled, armatuur), haagissuvilad, kodune majapidamine jne. Sobib ideaalselt ka motokiivrite visiiri ja prillide puhastamiseks ja poleerimiseks. VuPlex ei sisalda...\" \/>\n<meta property=\"og:url\" content=\"https:\/\/nordlinepaadid.ee\/et\/pood\/paadihooldusvahendid\/boat-care-and-cleaning\/puhastusvahend-pleksiklaasile-vuplex-235-ml\/\" \/>\n<meta property=\"og:site_name\" content=\"NORDLINE s\u00f5udepaadid ja mootorpaadid. Klaasfiiber materjalist.\" \/>\n<meta property=\"article:publisher\" content=\"https:\/\/www.facebook.com\/nordlineboats\" \/>\n<meta property=\"article:modified_time\" content=\"2026-04-08T11:01:00+00:00\" \/>\n<meta property=\"og:image\" content=\"https:\/\/nordlinepaadid.ee\/wp-content\/uploads\/2023\/03\/8390_VUPLEX_1.jpg\" \/>\n\t<meta property=\"og:image:width\" content=\"1026\" \/>\n\t<meta property=\"og:image:height\" content=\"1500\" \/>\n\t<meta property=\"og:image:type\" content=\"image\/jpeg\" \/>\n<meta name=\"twitter:card\" content=\"summary_large_image\" \/>\n<meta name=\"twitter:label1\" content=\"Est. reading time\" \/>\n\t<meta name=\"twitter:data1\" content=\"1 minut\" \/>\n<script type=\"application\/ld+json\" class=\"yoast-schema-graph\">{\"@context\":\"https:\\\/\\\/schema.org\",\"@graph\":[{\"@type\":\"WebPage\",\"@id\":\"https:\\\/\\\/nordlinepaadid.ee\\\/et\\\/pood\\\/paadihooldusvahendid\\\/boat-care-and-cleaning\\\/puhastusvahend-pleksiklaasile-vuplex-235-ml\\\/\",\"url\":\"https:\\\/\\\/nordlinepaadid.ee\\\/et\\\/pood\\\/paadihooldusvahendid\\\/boat-care-and-cleaning\\\/puhastusvahend-pleksiklaasile-vuplex-235-ml\\\/\",\"name\":\"PUHASTUSVAHEND PLEKSIKLAASILE- VUPLEX, 235 ml - NORDLINE s\u00f5udepaadid ja mootorpaadid. Klaasfiiber materjalist.\",\"isPartOf\":{\"@id\":\"https:\\\/\\\/nordlinepaadid.ee\\\/et\\\/#website\"},\"primaryImageOfPage\":{\"@id\":\"https:\\\/\\\/nordlinepaadid.ee\\\/et\\\/pood\\\/paadihooldusvahendid\\\/boat-care-and-cleaning\\\/puhastusvahend-pleksiklaasile-vuplex-235-ml\\\/#primaryimage\"},\"image\":{\"@id\":\"https:\\\/\\\/nordlinepaadid.ee\\\/et\\\/pood\\\/paadihooldusvahendid\\\/boat-care-and-cleaning\\\/puhastusvahend-pleksiklaasile-vuplex-235-ml\\\/#primaryimage\"},\"thumbnailUrl\":\"https:\\\/\\\/nordlinepaadid.ee\\\/wp-content\\\/uploads\\\/2023\\\/03\\\/8390_VUPLEX_1.jpg\",\"datePublished\":\"2026-04-07T00:21:26+00:00\",\"dateModified\":\"2026-04-08T11:01:00+00:00\",\"breadcrumb\":{\"@id\":\"https:\\\/\\\/nordlinepaadid.ee\\\/et\\\/pood\\\/paadihooldusvahendid\\\/boat-care-and-cleaning\\\/puhastusvahend-pleksiklaasile-vuplex-235-ml\\\/#breadcrumb\"},\"inLanguage\":\"et\",\"potentialAction\":[{\"@type\":\"ReadAction\",\"target\":[\"https:\\\/\\\/nordlinepaadid.ee\\\/et\\\/pood\\\/paadihooldusvahendid\\\/boat-care-and-cleaning\\\/puhastusvahend-pleksiklaasile-vuplex-235-ml\\\/\"]}]},{\"@type\":\"ImageObject\",\"inLanguage\":\"et\",\"@id\":\"https:\\\/\\\/nordlinepaadid.ee\\\/et\\\/pood\\\/paadihooldusvahendid\\\/boat-care-and-cleaning\\\/puhastusvahend-pleksiklaasile-vuplex-235-ml\\\/#primaryimage\",\"url\":\"https:\\\/\\\/nordlinepaadid.ee\\\/wp-content\\\/uploads\\\/2023\\\/03\\\/8390_VUPLEX_1.jpg\",\"contentUrl\":\"https:\\\/\\\/nordlinepaadid.ee\\\/wp-content\\\/uploads\\\/2023\\\/03\\\/8390_VUPLEX_1.jpg\",\"width\":1026,\"height\":1500},{\"@type\":\"BreadcrumbList\",\"@id\":\"https:\\\/\\\/nordlinepaadid.ee\\\/et\\\/pood\\\/paadihooldusvahendid\\\/boat-care-and-cleaning\\\/puhastusvahend-pleksiklaasile-vuplex-235-ml\\\/#breadcrumb\",\"itemListElement\":[{\"@type\":\"ListItem\",\"position\":1,\"name\":\"Home\",\"item\":\"https:\\\/\\\/nordlinepaadid.ee\\\/et\\\/\"},{\"@type\":\"ListItem\",\"position\":2,\"name\":\"Pood\",\"item\":\"https:\\\/\\\/nordlinepaadid.ee\\\/et\\\/pood\\\/\"},{\"@type\":\"ListItem\",\"position\":3,\"name\":\"PUHASTUSVAHEND PLEKSIKLAASILE- VUPLEX, 235 ml\"}]},{\"@type\":\"WebSite\",\"@id\":\"https:\\\/\\\/nordlinepaadid.ee\\\/et\\\/#website\",\"url\":\"https:\\\/\\\/nordlinepaadid.ee\\\/et\\\/\",\"name\":\"NORDLINE s\u00f5udepaadid ja mootorpaadid. Klaasfiiber materjalist.\",\"description\":\"\",\"publisher\":{\"@id\":\"https:\\\/\\\/nordlinepaadid.ee\\\/et\\\/#organization\"},\"potentialAction\":[{\"@type\":\"SearchAction\",\"target\":{\"@type\":\"EntryPoint\",\"urlTemplate\":\"https:\\\/\\\/nordlinepaadid.ee\\\/et\\\/?s={search_term_string}\"},\"query-input\":{\"@type\":\"PropertyValueSpecification\",\"valueRequired\":true,\"valueName\":\"search_term_string\"}}],\"inLanguage\":\"et\"},{\"@type\":\"Organization\",\"@id\":\"https:\\\/\\\/nordlinepaadid.ee\\\/et\\\/#organization\",\"name\":\"Nordlineboats\",\"url\":\"https:\\\/\\\/nordlinepaadid.ee\\\/et\\\/\",\"logo\":{\"@type\":\"ImageObject\",\"inLanguage\":\"et\",\"@id\":\"https:\\\/\\\/nordlinepaadid.ee\\\/et\\\/#\\\/schema\\\/logo\\\/image\\\/\",\"url\":\"https:\\\/\\\/nordlinepaadid.ee\\\/wp-content\\\/uploads\\\/2023\\\/01\\\/fulllogo_transparent_nobuffer-e1672750475494.png\",\"contentUrl\":\"https:\\\/\\\/nordlinepaadid.ee\\\/wp-content\\\/uploads\\\/2023\\\/01\\\/fulllogo_transparent_nobuffer-e1672750475494.png\",\"width\":150,\"height\":119,\"caption\":\"Nordlineboats\"},\"image\":{\"@id\":\"https:\\\/\\\/nordlinepaadid.ee\\\/et\\\/#\\\/schema\\\/logo\\\/image\\\/\"},\"sameAs\":[\"https:\\\/\\\/www.facebook.com\\\/nordlineboats\",\"https:\\\/\\\/www.youtube.com\\\/channel\\\/UCbgF0fy02y3QkFnujaLTaCA\"]}]}<\/script>\n<!-- \/ Yoast SEO plugin. -->","yoast_head_json":{"title":"PUHASTUSVAHEND PLEKSIKLAASILE- VUPLEX, 235 ml - NORDLINE s\u00f5udepaadid ja mootorpaadid. Klaasfiiber materjalist.","robots":{"index":"index","follow":"follow","max-snippet":"max-snippet:-1","max-image-preview":"max-image-preview:large","max-video-preview":"max-video-preview:-1"},"canonical":"https:\/\/nordlinepaadid.ee\/et\/pood\/paadihooldusvahendid\/boat-care-and-cleaning\/puhastusvahend-pleksiklaasile-vuplex-235-ml\/","og_locale":"et_EE","og_type":"article","og_title":"PUHASTUSVAHEND PLEKSIKLAASILE- VUPLEX, 235 ml - NORDLINE s\u00f5udepaadid ja mootorpaadid. Klaasfiiber materjalist.","og_description":"VuPlex puhastab, kaitseb ja poleerib pleksiklaasi ja muud v\u00e4rvilist plastikut. Toode oli algselt loodud kasutamiseks lennunduses, kuid t\u00e4nu headele omadustele on sellest saanud ka hea abivahend ka muudes valdkondades ja kasutuskohtades nagu paadid (aknad, paneelid), autod (esituled, armatuur), haagissuvilad, kodune majapidamine jne. Sobib ideaalselt ka motokiivrite visiiri ja prillide puhastamiseks ja poleerimiseks. VuPlex ei sisalda...","og_url":"https:\/\/nordlinepaadid.ee\/et\/pood\/paadihooldusvahendid\/boat-care-and-cleaning\/puhastusvahend-pleksiklaasile-vuplex-235-ml\/","og_site_name":"NORDLINE s\u00f5udepaadid ja mootorpaadid. Klaasfiiber materjalist.","article_publisher":"https:\/\/www.facebook.com\/nordlineboats","article_modified_time":"2026-04-08T11:01:00+00:00","og_image":[{"width":1026,"height":1500,"url":"https:\/\/nordlinepaadid.ee\/wp-content\/uploads\/2023\/03\/8390_VUPLEX_1.jpg","type":"image\/jpeg"}],"twitter_card":"summary_large_image","twitter_misc":{"Est. reading time":"1 minut"},"schema":{"@context":"https:\/\/schema.org","@graph":[{"@type":"WebPage","@id":"https:\/\/nordlinepaadid.ee\/et\/pood\/paadihooldusvahendid\/boat-care-and-cleaning\/puhastusvahend-pleksiklaasile-vuplex-235-ml\/","url":"https:\/\/nordlinepaadid.ee\/et\/pood\/paadihooldusvahendid\/boat-care-and-cleaning\/puhastusvahend-pleksiklaasile-vuplex-235-ml\/","name":"PUHASTUSVAHEND PLEKSIKLAASILE- VUPLEX, 235 ml - NORDLINE s\u00f5udepaadid ja mootorpaadid. Klaasfiiber materjalist.","isPartOf":{"@id":"https:\/\/nordlinepaadid.ee\/et\/#website"},"primaryImageOfPage":{"@id":"https:\/\/nordlinepaadid.ee\/et\/pood\/paadihooldusvahendid\/boat-care-and-cleaning\/puhastusvahend-pleksiklaasile-vuplex-235-ml\/#primaryimage"},"image":{"@id":"https:\/\/nordlinepaadid.ee\/et\/pood\/paadihooldusvahendid\/boat-care-and-cleaning\/puhastusvahend-pleksiklaasile-vuplex-235-ml\/#primaryimage"},"thumbnailUrl":"https:\/\/nordlinepaadid.ee\/wp-content\/uploads\/2023\/03\/8390_VUPLEX_1.jpg","datePublished":"2026-04-07T00:21:26+00:00","dateModified":"2026-04-08T11:01:00+00:00","breadcrumb":{"@id":"https:\/\/nordlinepaadid.ee\/et\/pood\/paadihooldusvahendid\/boat-care-and-cleaning\/puhastusvahend-pleksiklaasile-vuplex-235-ml\/#breadcrumb"},"inLanguage":"et","potentialAction":[{"@type":"ReadAction","target":["https:\/\/nordlinepaadid.ee\/et\/pood\/paadihooldusvahendid\/boat-care-and-cleaning\/puhastusvahend-pleksiklaasile-vuplex-235-ml\/"]}]},{"@type":"ImageObject","inLanguage":"et","@id":"https:\/\/nordlinepaadid.ee\/et\/pood\/paadihooldusvahendid\/boat-care-and-cleaning\/puhastusvahend-pleksiklaasile-vuplex-235-ml\/#primaryimage","url":"https:\/\/nordlinepaadid.ee\/wp-content\/uploads\/2023\/03\/8390_VUPLEX_1.jpg","contentUrl":"https:\/\/nordlinepaadid.ee\/wp-content\/uploads\/2023\/03\/8390_VUPLEX_1.jpg","width":1026,"height":1500},{"@type":"BreadcrumbList","@id":"https:\/\/nordlinepaadid.ee\/et\/pood\/paadihooldusvahendid\/boat-care-and-cleaning\/puhastusvahend-pleksiklaasile-vuplex-235-ml\/#breadcrumb","itemListElement":[{"@type":"ListItem","position":1,"name":"Home","item":"https:\/\/nordlinepaadid.ee\/et\/"},{"@type":"ListItem","position":2,"name":"Pood","item":"https:\/\/nordlinepaadid.ee\/et\/pood\/"},{"@type":"ListItem","position":3,"name":"PUHASTUSVAHEND PLEKSIKLAASILE- VUPLEX, 235 ml"}]},{"@type":"WebSite","@id":"https:\/\/nordlinepaadid.ee\/et\/#website","url":"https:\/\/nordlinepaadid.ee\/et\/","name":"NORDLINE s\u00f5udepaadid ja mootorpaadid. Klaasfiiber materjalist.","description":"","publisher":{"@id":"https:\/\/nordlinepaadid.ee\/et\/#organization"},"potentialAction":[{"@type":"SearchAction","target":{"@type":"EntryPoint","urlTemplate":"https:\/\/nordlinepaadid.ee\/et\/?s={search_term_string}"},"query-input":{"@type":"PropertyValueSpecification","valueRequired":true,"valueName":"search_term_string"}}],"inLanguage":"et"},{"@type":"Organization","@id":"https:\/\/nordlinepaadid.ee\/et\/#organization","name":"Nordlineboats","url":"https:\/\/nordlinepaadid.ee\/et\/","logo":{"@type":"ImageObject","inLanguage":"et","@id":"https:\/\/nordlinepaadid.ee\/et\/#\/schema\/logo\/image\/","url":"https:\/\/nordlinepaadid.ee\/wp-content\/uploads\/2023\/01\/fulllogo_transparent_nobuffer-e1672750475494.png","contentUrl":"https:\/\/nordlinepaadid.ee\/wp-content\/uploads\/2023\/01\/fulllogo_transparent_nobuffer-e1672750475494.png","width":150,"height":119,"caption":"Nordlineboats"},"image":{"@id":"https:\/\/nordlinepaadid.ee\/et\/#\/schema\/logo\/image\/"},"sameAs":["https:\/\/www.facebook.com\/nordlineboats","https:\/\/www.youtube.com\/channel\/UCbgF0fy02y3QkFnujaLTaCA"]}]}},"taxonomy_info":{"product_cat":[{"value":284,"label":"PAADIHOOLDUSVAHENDID"},{"value":285,"label":"Puhastus- ja hooldusvahendid"}],"pa_unit":[{"value":433,"label":"ml"}]},"featured_image_src_large":["https:\/\/nordlinepaadid.ee\/wp-content\/uploads\/2023\/03\/8390_VUPLEX_1-700x1024.jpg",700,1024,true],"author_info":[],"comment_info":"","_links":{"self":[{"href":"https:\/\/nordlinepaadid.ee\/et\/wp-json\/wp\/v2\/product\/28317","targetHints":{"allow":["GET"]}}],"collection":[{"href":"https:\/\/nordlinepaadid.ee\/et\/wp-json\/wp\/v2\/product"}],"about":[{"href":"https:\/\/nordlinepaadid.ee\/et\/wp-json\/wp\/v2\/types\/product"}],"wp:featuredmedia":[{"embeddable":true,"href":"https:\/\/nordlinepaadid.ee\/et\/wp-json\/wp\/v2\/media\/28318"}],"wp:attachment":[{"href":"https:\/\/nordlinepaadid.ee\/et\/wp-json\/wp\/v2\/media?parent=28317"}],"wp:term":[{"taxonomy":"product_brand","embeddable":true,"href":"https:\/\/nordlinepaadid.ee\/et\/wp-json\/wp\/v2\/product_brand?post=28317"},{"taxonomy":"product_cat","embeddable":true,"href":"https:\/\/nordlinepaadid.ee\/et\/wp-json\/wp\/v2\/product_cat?post=28317"},{"taxonomy":"product_tag","embeddable":true,"href":"https:\/\/nordlinepaadid.ee\/et\/wp-json\/wp\/v2\/product_tag?post=28317"}],"curies":[{"name":"wp","href":"https:\/\/api.w.org\/{rel}","templated":true}]}}