{"id":28439,"date":"2026-04-07T03:21:30","date_gmt":"2026-04-07T00:21:30","guid":{"rendered":"https:\/\/nordlinepaadid.ee\/pood\/bed-linen-globe-map\/"},"modified":"2026-04-08T22:03:51","modified_gmt":"2026-04-08T19:03:51","slug":"voodipesu-maakera","status":"publish","type":"product","link":"https:\/\/nordlinepaadid.ee\/et\/pood\/cabin-interior\/cushions-textile-carpets\/voodipesu-maakera\/","title":{"rendered":"VOODIPESU- MAAKERA"},"content":{"rendered":"<p>Tekikotil on maailma kaart, kust leiab lisaks riikide ja ookeanide nimetustele paljude loomade elupaigad. N\u00e4ed, kus elavad \u0161eigid, kus kasvab kohvipuu, kust tulevad p\u00e4rsia vaibad ja kus kohtad krokodilli. Usinal otsijal ei j\u00e4\u00e4 leidmata ka kakaduu ja merikurat. Komplekt: tekikott 150 x 210 cm ja 1 padjapu\u0308u\u0308r 50 x 60 cm. Materjal: pehme ja m\u00f5nus puuvill-satiin (100 % puuvill), kangas ja v\u00e4rvid peavad pesule v\u00e4ga h\u00e4sti vastu.<\/p>\n<p>&#13;<\/p>\n","protected":false},"excerpt":{"rendered":"<p>Tekikotil on maailma kaart, kust leiab lisaks riikide ja ookeanide nimetustele paljude loomade elupaigad. N\u00e4ed, kus elavad \u0161eigid, kus kasvab kohvipuu, kust tulevad p\u00e4rsia vaibad ja kus kohtad krokodilli. Usinal otsijal ei j\u00e4\u00e4 leidmata ka kakaduu ja merikurat. Komplekt: tekikott 150 x 210 cm ja 1 padjapu\u0308u\u0308r 50 x 60 cm. Materjal: pehme ja m\u00f5nus&#8230;<\/p>\n","protected":false},"featured_media":28440,"template":"","meta":{"_kad_blocks_custom_css":"","_kad_blocks_head_custom_js":"","_kad_blocks_body_custom_js":"","_kad_blocks_footer_custom_js":"","_kad_post_transparent":"","_kad_post_title":"","_kad_post_layout":"","_kad_post_sidebar_id":"","_kad_post_content_style":"","_kad_post_vertical_padding":"","_kad_post_feature":"","_kad_post_feature_position":"","_kad_post_header":false,"_kad_post_footer":false,"_kad_post_classname":""},"product_brand":[],"product_cat":[290,1338,403],"product_tag":[],"class_list":{"0":"post-28439","1":"product","2":"type-product","3":"status-publish","4":"has-post-thumbnail","6":"product_cat-cabin-interior","7":"product_cat-cushions-textile-carpets-2","8":"product_cat-cushions-textile-carpets","9":"product_shipping_class-pakiautomaati-mahtuv-kaup","10":"tm-no-options","12":"first","13":"onbackorder","14":"taxable","15":"shipping-taxable","16":"purchasable","17":"product-type-simple","18":"entry","19":"content-bg","20":"loop-entry"},"yoast_head":"<!-- This site is optimized with the Yoast SEO plugin v27.3 - https:\/\/yoast.com\/product\/yoast-seo-wordpress\/ -->\n<title>VOODIPESU- MAAKERA - NORDLINE s\u00f5udepaadid ja mootorpaadid. Klaasfiiber materjalist.<\/title>\n<meta name=\"robots\" content=\"index, follow, max-snippet:-1, max-image-preview:large, max-video-preview:-1\" \/>\n<link rel=\"canonical\" href=\"https:\/\/nordlinepaadid.ee\/et\/pood\/cabin-interior\/cushions-textile-carpets\/voodipesu-maakera\/\" \/>\n<meta property=\"og:locale\" content=\"et_EE\" \/>\n<meta property=\"og:type\" content=\"article\" \/>\n<meta property=\"og:title\" content=\"VOODIPESU- MAAKERA - NORDLINE s\u00f5udepaadid ja mootorpaadid. Klaasfiiber materjalist.\" \/>\n<meta property=\"og:description\" content=\"Tekikotil on maailma kaart, kust leiab lisaks riikide ja ookeanide nimetustele paljude loomade elupaigad. N\u00e4ed, kus elavad \u0161eigid, kus kasvab kohvipuu, kust tulevad p\u00e4rsia vaibad ja kus kohtad krokodilli. Usinal otsijal ei j\u00e4\u00e4 leidmata ka kakaduu ja merikurat. Komplekt: tekikott 150 x 210 cm ja 1 padjapu\u0308u\u0308r 50 x 60 cm. Materjal: pehme ja m\u00f5nus...\" \/>\n<meta property=\"og:url\" content=\"https:\/\/nordlinepaadid.ee\/et\/pood\/cabin-interior\/cushions-textile-carpets\/voodipesu-maakera\/\" \/>\n<meta property=\"og:site_name\" content=\"NORDLINE s\u00f5udepaadid ja mootorpaadid. Klaasfiiber materjalist.\" \/>\n<meta property=\"article:publisher\" content=\"https:\/\/www.facebook.com\/nordlineboats\" \/>\n<meta property=\"article:modified_time\" content=\"2026-04-08T19:03:51+00:00\" \/>\n<meta property=\"og:image\" content=\"https:\/\/nordlinepaadid.ee\/wp-content\/uploads\/2023\/03\/8450_voodipesu_maailm_kosmoses_regio.jpg\" \/>\n\t<meta property=\"og:image:width\" content=\"1050\" \/>\n\t<meta property=\"og:image:height\" content=\"1050\" \/>\n\t<meta property=\"og:image:type\" content=\"image\/jpeg\" \/>\n<meta name=\"twitter:card\" content=\"summary_large_image\" \/>\n<script type=\"application\/ld+json\" class=\"yoast-schema-graph\">{\"@context\":\"https:\\\/\\\/schema.org\",\"@graph\":[{\"@type\":\"WebPage\",\"@id\":\"https:\\\/\\\/nordlinepaadid.ee\\\/et\\\/pood\\\/cabin-interior\\\/cushions-textile-carpets\\\/voodipesu-maakera\\\/\",\"url\":\"https:\\\/\\\/nordlinepaadid.ee\\\/et\\\/pood\\\/cabin-interior\\\/cushions-textile-carpets\\\/voodipesu-maakera\\\/\",\"name\":\"VOODIPESU- MAAKERA - NORDLINE s\u00f5udepaadid ja mootorpaadid. Klaasfiiber materjalist.\",\"isPartOf\":{\"@id\":\"https:\\\/\\\/nordlinepaadid.ee\\\/et\\\/#website\"},\"primaryImageOfPage\":{\"@id\":\"https:\\\/\\\/nordlinepaadid.ee\\\/et\\\/pood\\\/cabin-interior\\\/cushions-textile-carpets\\\/voodipesu-maakera\\\/#primaryimage\"},\"image\":{\"@id\":\"https:\\\/\\\/nordlinepaadid.ee\\\/et\\\/pood\\\/cabin-interior\\\/cushions-textile-carpets\\\/voodipesu-maakera\\\/#primaryimage\"},\"thumbnailUrl\":\"https:\\\/\\\/nordlinepaadid.ee\\\/wp-content\\\/uploads\\\/2023\\\/03\\\/8450_voodipesu_maailm_kosmoses_regio.jpg\",\"datePublished\":\"2026-04-07T00:21:30+00:00\",\"dateModified\":\"2026-04-08T19:03:51+00:00\",\"breadcrumb\":{\"@id\":\"https:\\\/\\\/nordlinepaadid.ee\\\/et\\\/pood\\\/cabin-interior\\\/cushions-textile-carpets\\\/voodipesu-maakera\\\/#breadcrumb\"},\"inLanguage\":\"et\",\"potentialAction\":[{\"@type\":\"ReadAction\",\"target\":[\"https:\\\/\\\/nordlinepaadid.ee\\\/et\\\/pood\\\/cabin-interior\\\/cushions-textile-carpets\\\/voodipesu-maakera\\\/\"]}]},{\"@type\":\"ImageObject\",\"inLanguage\":\"et\",\"@id\":\"https:\\\/\\\/nordlinepaadid.ee\\\/et\\\/pood\\\/cabin-interior\\\/cushions-textile-carpets\\\/voodipesu-maakera\\\/#primaryimage\",\"url\":\"https:\\\/\\\/nordlinepaadid.ee\\\/wp-content\\\/uploads\\\/2023\\\/03\\\/8450_voodipesu_maailm_kosmoses_regio.jpg\",\"contentUrl\":\"https:\\\/\\\/nordlinepaadid.ee\\\/wp-content\\\/uploads\\\/2023\\\/03\\\/8450_voodipesu_maailm_kosmoses_regio.jpg\",\"width\":1050,\"height\":1050},{\"@type\":\"BreadcrumbList\",\"@id\":\"https:\\\/\\\/nordlinepaadid.ee\\\/et\\\/pood\\\/cabin-interior\\\/cushions-textile-carpets\\\/voodipesu-maakera\\\/#breadcrumb\",\"itemListElement\":[{\"@type\":\"ListItem\",\"position\":1,\"name\":\"Home\",\"item\":\"https:\\\/\\\/nordlinepaadid.ee\\\/et\\\/\"},{\"@type\":\"ListItem\",\"position\":2,\"name\":\"Pood\",\"item\":\"https:\\\/\\\/nordlinepaadid.ee\\\/et\\\/pood\\\/\"},{\"@type\":\"ListItem\",\"position\":3,\"name\":\"VOODIPESU- MAAKERA\"}]},{\"@type\":\"WebSite\",\"@id\":\"https:\\\/\\\/nordlinepaadid.ee\\\/et\\\/#website\",\"url\":\"https:\\\/\\\/nordlinepaadid.ee\\\/et\\\/\",\"name\":\"NORDLINE s\u00f5udepaadid ja mootorpaadid. Klaasfiiber materjalist.\",\"description\":\"\",\"publisher\":{\"@id\":\"https:\\\/\\\/nordlinepaadid.ee\\\/et\\\/#organization\"},\"potentialAction\":[{\"@type\":\"SearchAction\",\"target\":{\"@type\":\"EntryPoint\",\"urlTemplate\":\"https:\\\/\\\/nordlinepaadid.ee\\\/et\\\/?s={search_term_string}\"},\"query-input\":{\"@type\":\"PropertyValueSpecification\",\"valueRequired\":true,\"valueName\":\"search_term_string\"}}],\"inLanguage\":\"et\"},{\"@type\":\"Organization\",\"@id\":\"https:\\\/\\\/nordlinepaadid.ee\\\/et\\\/#organization\",\"name\":\"Nordlineboats\",\"url\":\"https:\\\/\\\/nordlinepaadid.ee\\\/et\\\/\",\"logo\":{\"@type\":\"ImageObject\",\"inLanguage\":\"et\",\"@id\":\"https:\\\/\\\/nordlinepaadid.ee\\\/et\\\/#\\\/schema\\\/logo\\\/image\\\/\",\"url\":\"https:\\\/\\\/nordlinepaadid.ee\\\/wp-content\\\/uploads\\\/2023\\\/01\\\/fulllogo_transparent_nobuffer-e1672750475494.png\",\"contentUrl\":\"https:\\\/\\\/nordlinepaadid.ee\\\/wp-content\\\/uploads\\\/2023\\\/01\\\/fulllogo_transparent_nobuffer-e1672750475494.png\",\"width\":150,\"height\":119,\"caption\":\"Nordlineboats\"},\"image\":{\"@id\":\"https:\\\/\\\/nordlinepaadid.ee\\\/et\\\/#\\\/schema\\\/logo\\\/image\\\/\"},\"sameAs\":[\"https:\\\/\\\/www.facebook.com\\\/nordlineboats\",\"https:\\\/\\\/www.youtube.com\\\/channel\\\/UCbgF0fy02y3QkFnujaLTaCA\"]}]}<\/script>\n<!-- \/ Yoast SEO plugin. -->","yoast_head_json":{"title":"VOODIPESU- MAAKERA - NORDLINE s\u00f5udepaadid ja mootorpaadid. Klaasfiiber materjalist.","robots":{"index":"index","follow":"follow","max-snippet":"max-snippet:-1","max-image-preview":"max-image-preview:large","max-video-preview":"max-video-preview:-1"},"canonical":"https:\/\/nordlinepaadid.ee\/et\/pood\/cabin-interior\/cushions-textile-carpets\/voodipesu-maakera\/","og_locale":"et_EE","og_type":"article","og_title":"VOODIPESU- MAAKERA - NORDLINE s\u00f5udepaadid ja mootorpaadid. Klaasfiiber materjalist.","og_description":"Tekikotil on maailma kaart, kust leiab lisaks riikide ja ookeanide nimetustele paljude loomade elupaigad. N\u00e4ed, kus elavad \u0161eigid, kus kasvab kohvipuu, kust tulevad p\u00e4rsia vaibad ja kus kohtad krokodilli. Usinal otsijal ei j\u00e4\u00e4 leidmata ka kakaduu ja merikurat. Komplekt: tekikott 150 x 210 cm ja 1 padjapu\u0308u\u0308r 50 x 60 cm. Materjal: pehme ja m\u00f5nus...","og_url":"https:\/\/nordlinepaadid.ee\/et\/pood\/cabin-interior\/cushions-textile-carpets\/voodipesu-maakera\/","og_site_name":"NORDLINE s\u00f5udepaadid ja mootorpaadid. Klaasfiiber materjalist.","article_publisher":"https:\/\/www.facebook.com\/nordlineboats","article_modified_time":"2026-04-08T19:03:51+00:00","og_image":[{"width":1050,"height":1050,"url":"https:\/\/nordlinepaadid.ee\/wp-content\/uploads\/2023\/03\/8450_voodipesu_maailm_kosmoses_regio.jpg","type":"image\/jpeg"}],"twitter_card":"summary_large_image","schema":{"@context":"https:\/\/schema.org","@graph":[{"@type":"WebPage","@id":"https:\/\/nordlinepaadid.ee\/et\/pood\/cabin-interior\/cushions-textile-carpets\/voodipesu-maakera\/","url":"https:\/\/nordlinepaadid.ee\/et\/pood\/cabin-interior\/cushions-textile-carpets\/voodipesu-maakera\/","name":"VOODIPESU- MAAKERA - NORDLINE s\u00f5udepaadid ja mootorpaadid. Klaasfiiber materjalist.","isPartOf":{"@id":"https:\/\/nordlinepaadid.ee\/et\/#website"},"primaryImageOfPage":{"@id":"https:\/\/nordlinepaadid.ee\/et\/pood\/cabin-interior\/cushions-textile-carpets\/voodipesu-maakera\/#primaryimage"},"image":{"@id":"https:\/\/nordlinepaadid.ee\/et\/pood\/cabin-interior\/cushions-textile-carpets\/voodipesu-maakera\/#primaryimage"},"thumbnailUrl":"https:\/\/nordlinepaadid.ee\/wp-content\/uploads\/2023\/03\/8450_voodipesu_maailm_kosmoses_regio.jpg","datePublished":"2026-04-07T00:21:30+00:00","dateModified":"2026-04-08T19:03:51+00:00","breadcrumb":{"@id":"https:\/\/nordlinepaadid.ee\/et\/pood\/cabin-interior\/cushions-textile-carpets\/voodipesu-maakera\/#breadcrumb"},"inLanguage":"et","potentialAction":[{"@type":"ReadAction","target":["https:\/\/nordlinepaadid.ee\/et\/pood\/cabin-interior\/cushions-textile-carpets\/voodipesu-maakera\/"]}]},{"@type":"ImageObject","inLanguage":"et","@id":"https:\/\/nordlinepaadid.ee\/et\/pood\/cabin-interior\/cushions-textile-carpets\/voodipesu-maakera\/#primaryimage","url":"https:\/\/nordlinepaadid.ee\/wp-content\/uploads\/2023\/03\/8450_voodipesu_maailm_kosmoses_regio.jpg","contentUrl":"https:\/\/nordlinepaadid.ee\/wp-content\/uploads\/2023\/03\/8450_voodipesu_maailm_kosmoses_regio.jpg","width":1050,"height":1050},{"@type":"BreadcrumbList","@id":"https:\/\/nordlinepaadid.ee\/et\/pood\/cabin-interior\/cushions-textile-carpets\/voodipesu-maakera\/#breadcrumb","itemListElement":[{"@type":"ListItem","position":1,"name":"Home","item":"https:\/\/nordlinepaadid.ee\/et\/"},{"@type":"ListItem","position":2,"name":"Pood","item":"https:\/\/nordlinepaadid.ee\/et\/pood\/"},{"@type":"ListItem","position":3,"name":"VOODIPESU- MAAKERA"}]},{"@type":"WebSite","@id":"https:\/\/nordlinepaadid.ee\/et\/#website","url":"https:\/\/nordlinepaadid.ee\/et\/","name":"NORDLINE s\u00f5udepaadid ja mootorpaadid. Klaasfiiber materjalist.","description":"","publisher":{"@id":"https:\/\/nordlinepaadid.ee\/et\/#organization"},"potentialAction":[{"@type":"SearchAction","target":{"@type":"EntryPoint","urlTemplate":"https:\/\/nordlinepaadid.ee\/et\/?s={search_term_string}"},"query-input":{"@type":"PropertyValueSpecification","valueRequired":true,"valueName":"search_term_string"}}],"inLanguage":"et"},{"@type":"Organization","@id":"https:\/\/nordlinepaadid.ee\/et\/#organization","name":"Nordlineboats","url":"https:\/\/nordlinepaadid.ee\/et\/","logo":{"@type":"ImageObject","inLanguage":"et","@id":"https:\/\/nordlinepaadid.ee\/et\/#\/schema\/logo\/image\/","url":"https:\/\/nordlinepaadid.ee\/wp-content\/uploads\/2023\/01\/fulllogo_transparent_nobuffer-e1672750475494.png","contentUrl":"https:\/\/nordlinepaadid.ee\/wp-content\/uploads\/2023\/01\/fulllogo_transparent_nobuffer-e1672750475494.png","width":150,"height":119,"caption":"Nordlineboats"},"image":{"@id":"https:\/\/nordlinepaadid.ee\/et\/#\/schema\/logo\/image\/"},"sameAs":["https:\/\/www.facebook.com\/nordlineboats","https:\/\/www.youtube.com\/channel\/UCbgF0fy02y3QkFnujaLTaCA"]}]}},"taxonomy_info":{"product_cat":[{"value":290,"label":"KAJUTISISUSTUS JA INTERJ\u00d6\u00d6R"},{"value":1338,"label":"Padjad, Voodipesu, Tekstiil"},{"value":403,"label":"Padjad, Voodipesu, Tekstiil, Jalamatid"}]},"featured_image_src_large":["https:\/\/nordlinepaadid.ee\/wp-content\/uploads\/2023\/03\/8450_voodipesu_maailm_kosmoses_regio-1024x1024.jpg",1024,1024,true],"author_info":[],"comment_info":"","_links":{"self":[{"href":"https:\/\/nordlinepaadid.ee\/et\/wp-json\/wp\/v2\/product\/28439","targetHints":{"allow":["GET"]}}],"collection":[{"href":"https:\/\/nordlinepaadid.ee\/et\/wp-json\/wp\/v2\/product"}],"about":[{"href":"https:\/\/nordlinepaadid.ee\/et\/wp-json\/wp\/v2\/types\/product"}],"wp:featuredmedia":[{"embeddable":true,"href":"https:\/\/nordlinepaadid.ee\/et\/wp-json\/wp\/v2\/media\/28440"}],"wp:attachment":[{"href":"https:\/\/nordlinepaadid.ee\/et\/wp-json\/wp\/v2\/media?parent=28439"}],"wp:term":[{"taxonomy":"product_brand","embeddable":true,"href":"https:\/\/nordlinepaadid.ee\/et\/wp-json\/wp\/v2\/product_brand?post=28439"},{"taxonomy":"product_cat","embeddable":true,"href":"https:\/\/nordlinepaadid.ee\/et\/wp-json\/wp\/v2\/product_cat?post=28439"},{"taxonomy":"product_tag","embeddable":true,"href":"https:\/\/nordlinepaadid.ee\/et\/wp-json\/wp\/v2\/product_tag?post=28439"}],"curies":[{"name":"wp","href":"https:\/\/api.w.org\/{rel}","templated":true}]}}