{"id":28445,"date":"2026-04-07T03:21:30","date_gmt":"2026-04-07T00:21:30","guid":{"rendered":"https:\/\/nordlinepaadid.ee\/pood\/bed-linen-world-map\/"},"modified":"2026-04-08T08:04:12","modified_gmt":"2026-04-08T05:04:12","slug":"voodipesu-maailma-kaart","status":"publish","type":"product","link":"https:\/\/nordlinepaadid.ee\/et\/pood\/cabin-interior\/cushions-textile-carpets\/voodipesu-maailma-kaart\/","title":{"rendered":"VOODIPESU- MAAILMA KAART"},"content":{"rendered":"<p>Uneteedel r\u00e4nnates on hea u\u0308ks korralik maakaart enda l\u00e4heduses hoida. Olgu see siis reis kaugel kosmoses v\u00f5i hoopis m\u00f6\u00f6da maid ja mandreid seigeldes, gloobuse kaardiga voodipesu on siin hea kaaslane. Komplekt: tekikott 150 x 210 cm ja 1 padjapu\u0308u\u0308r 50 x 60 cm. Materjal: pehme ja m\u00f5nus puuvill-satiin (100 % puuvill), kangas ja v\u00e4rvid peavad pesule v\u00e4ga h\u00e4sti vastu.<\/p>\n<p>&#13;<\/p>\n<p><iframe loading=\"lazy\" allowfullscreen=\"\" frameborder=\"0\" height=\"360\" src=\"\/\/www.youtube.com\/embed\/x4eBbAVoqUs\" width=\"640\"><\/iframe><\/p>\n<p>&#13;<\/p>\n","protected":false},"excerpt":{"rendered":"<p>Uneteedel r\u00e4nnates on hea u\u0308ks korralik maakaart enda l\u00e4heduses hoida. Olgu see siis reis kaugel kosmoses v\u00f5i hoopis m\u00f6\u00f6da maid ja mandreid seigeldes, gloobuse kaardiga voodipesu on siin hea kaaslane. Komplekt: tekikott 150 x 210 cm ja 1 padjapu\u0308u\u0308r 50 x 60 cm. Materjal: pehme ja m\u00f5nus puuvill-satiin (100 % puuvill), kangas ja v\u00e4rvid peavad&#8230;<\/p>\n","protected":false},"featured_media":28446,"template":"","meta":{"_kad_blocks_custom_css":"","_kad_blocks_head_custom_js":"","_kad_blocks_body_custom_js":"","_kad_blocks_footer_custom_js":"","_kad_post_transparent":"","_kad_post_title":"","_kad_post_layout":"","_kad_post_sidebar_id":"","_kad_post_content_style":"","_kad_post_vertical_padding":"","_kad_post_feature":"","_kad_post_feature_position":"","_kad_post_header":false,"_kad_post_footer":false,"_kad_post_classname":""},"product_brand":[],"product_cat":[290,1338,403],"product_tag":[],"class_list":{"0":"post-28445","1":"product","2":"type-product","3":"status-publish","4":"has-post-thumbnail","6":"product_cat-cabin-interior","7":"product_cat-cushions-textile-carpets-2","8":"product_cat-cushions-textile-carpets","9":"product_shipping_class-pakiautomaati-mahtuv-kaup","10":"tm-no-options","12":"first","13":"onbackorder","14":"taxable","15":"shipping-taxable","16":"purchasable","17":"product-type-simple","18":"entry","19":"content-bg","20":"loop-entry"},"yoast_head":"<!-- This site is optimized with the Yoast SEO plugin v27.3 - https:\/\/yoast.com\/product\/yoast-seo-wordpress\/ -->\n<title>VOODIPESU- MAAILMA KAART - NORDLINE s\u00f5udepaadid ja mootorpaadid. Klaasfiiber materjalist.<\/title>\n<meta name=\"robots\" content=\"index, follow, max-snippet:-1, max-image-preview:large, max-video-preview:-1\" \/>\n<link rel=\"canonical\" href=\"https:\/\/nordlinepaadid.ee\/et\/pood\/cabin-interior\/cushions-textile-carpets\/voodipesu-maailma-kaart\/\" \/>\n<meta property=\"og:locale\" content=\"et_EE\" \/>\n<meta property=\"og:type\" content=\"article\" \/>\n<meta property=\"og:title\" content=\"VOODIPESU- MAAILMA KAART - NORDLINE s\u00f5udepaadid ja mootorpaadid. Klaasfiiber materjalist.\" \/>\n<meta property=\"og:description\" content=\"Uneteedel r\u00e4nnates on hea u\u0308ks korralik maakaart enda l\u00e4heduses hoida. Olgu see siis reis kaugel kosmoses v\u00f5i hoopis m\u00f6\u00f6da maid ja mandreid seigeldes, gloobuse kaardiga voodipesu on siin hea kaaslane. Komplekt: tekikott 150 x 210 cm ja 1 padjapu\u0308u\u0308r 50 x 60 cm. Materjal: pehme ja m\u00f5nus puuvill-satiin (100 % puuvill), kangas ja v\u00e4rvid peavad...\" \/>\n<meta property=\"og:url\" content=\"https:\/\/nordlinepaadid.ee\/et\/pood\/cabin-interior\/cushions-textile-carpets\/voodipesu-maailma-kaart\/\" \/>\n<meta property=\"og:site_name\" content=\"NORDLINE s\u00f5udepaadid ja mootorpaadid. Klaasfiiber materjalist.\" \/>\n<meta property=\"article:publisher\" content=\"https:\/\/www.facebook.com\/nordlineboats\" \/>\n<meta property=\"article:modified_time\" content=\"2026-04-08T05:04:12+00:00\" \/>\n<meta property=\"og:image\" content=\"https:\/\/nordlinepaadid.ee\/wp-content\/uploads\/2023\/03\/8452_voodipesu_maailm_piltkaart_regio.jpg\" \/>\n\t<meta property=\"og:image:width\" content=\"1050\" \/>\n\t<meta property=\"og:image:height\" content=\"1050\" \/>\n\t<meta property=\"og:image:type\" content=\"image\/jpeg\" \/>\n<meta name=\"twitter:card\" content=\"summary_large_image\" \/>\n<script type=\"application\/ld+json\" class=\"yoast-schema-graph\">{\"@context\":\"https:\\\/\\\/schema.org\",\"@graph\":[{\"@type\":\"WebPage\",\"@id\":\"https:\\\/\\\/nordlinepaadid.ee\\\/et\\\/pood\\\/cabin-interior\\\/cushions-textile-carpets\\\/voodipesu-maailma-kaart\\\/\",\"url\":\"https:\\\/\\\/nordlinepaadid.ee\\\/et\\\/pood\\\/cabin-interior\\\/cushions-textile-carpets\\\/voodipesu-maailma-kaart\\\/\",\"name\":\"VOODIPESU- MAAILMA KAART - NORDLINE s\u00f5udepaadid ja mootorpaadid. Klaasfiiber materjalist.\",\"isPartOf\":{\"@id\":\"https:\\\/\\\/nordlinepaadid.ee\\\/et\\\/#website\"},\"primaryImageOfPage\":{\"@id\":\"https:\\\/\\\/nordlinepaadid.ee\\\/et\\\/pood\\\/cabin-interior\\\/cushions-textile-carpets\\\/voodipesu-maailma-kaart\\\/#primaryimage\"},\"image\":{\"@id\":\"https:\\\/\\\/nordlinepaadid.ee\\\/et\\\/pood\\\/cabin-interior\\\/cushions-textile-carpets\\\/voodipesu-maailma-kaart\\\/#primaryimage\"},\"thumbnailUrl\":\"https:\\\/\\\/nordlinepaadid.ee\\\/wp-content\\\/uploads\\\/2023\\\/03\\\/8452_voodipesu_maailm_piltkaart_regio.jpg\",\"datePublished\":\"2026-04-07T00:21:30+00:00\",\"dateModified\":\"2026-04-08T05:04:12+00:00\",\"breadcrumb\":{\"@id\":\"https:\\\/\\\/nordlinepaadid.ee\\\/et\\\/pood\\\/cabin-interior\\\/cushions-textile-carpets\\\/voodipesu-maailma-kaart\\\/#breadcrumb\"},\"inLanguage\":\"et\",\"potentialAction\":[{\"@type\":\"ReadAction\",\"target\":[\"https:\\\/\\\/nordlinepaadid.ee\\\/et\\\/pood\\\/cabin-interior\\\/cushions-textile-carpets\\\/voodipesu-maailma-kaart\\\/\"]}]},{\"@type\":\"ImageObject\",\"inLanguage\":\"et\",\"@id\":\"https:\\\/\\\/nordlinepaadid.ee\\\/et\\\/pood\\\/cabin-interior\\\/cushions-textile-carpets\\\/voodipesu-maailma-kaart\\\/#primaryimage\",\"url\":\"https:\\\/\\\/nordlinepaadid.ee\\\/wp-content\\\/uploads\\\/2023\\\/03\\\/8452_voodipesu_maailm_piltkaart_regio.jpg\",\"contentUrl\":\"https:\\\/\\\/nordlinepaadid.ee\\\/wp-content\\\/uploads\\\/2023\\\/03\\\/8452_voodipesu_maailm_piltkaart_regio.jpg\",\"width\":1050,\"height\":1050},{\"@type\":\"BreadcrumbList\",\"@id\":\"https:\\\/\\\/nordlinepaadid.ee\\\/et\\\/pood\\\/cabin-interior\\\/cushions-textile-carpets\\\/voodipesu-maailma-kaart\\\/#breadcrumb\",\"itemListElement\":[{\"@type\":\"ListItem\",\"position\":1,\"name\":\"Home\",\"item\":\"https:\\\/\\\/nordlinepaadid.ee\\\/et\\\/\"},{\"@type\":\"ListItem\",\"position\":2,\"name\":\"Pood\",\"item\":\"https:\\\/\\\/nordlinepaadid.ee\\\/et\\\/pood\\\/\"},{\"@type\":\"ListItem\",\"position\":3,\"name\":\"VOODIPESU- MAAILMA KAART\"}]},{\"@type\":\"WebSite\",\"@id\":\"https:\\\/\\\/nordlinepaadid.ee\\\/et\\\/#website\",\"url\":\"https:\\\/\\\/nordlinepaadid.ee\\\/et\\\/\",\"name\":\"NORDLINE s\u00f5udepaadid ja mootorpaadid. Klaasfiiber materjalist.\",\"description\":\"\",\"publisher\":{\"@id\":\"https:\\\/\\\/nordlinepaadid.ee\\\/et\\\/#organization\"},\"potentialAction\":[{\"@type\":\"SearchAction\",\"target\":{\"@type\":\"EntryPoint\",\"urlTemplate\":\"https:\\\/\\\/nordlinepaadid.ee\\\/et\\\/?s={search_term_string}\"},\"query-input\":{\"@type\":\"PropertyValueSpecification\",\"valueRequired\":true,\"valueName\":\"search_term_string\"}}],\"inLanguage\":\"et\"},{\"@type\":\"Organization\",\"@id\":\"https:\\\/\\\/nordlinepaadid.ee\\\/et\\\/#organization\",\"name\":\"Nordlineboats\",\"url\":\"https:\\\/\\\/nordlinepaadid.ee\\\/et\\\/\",\"logo\":{\"@type\":\"ImageObject\",\"inLanguage\":\"et\",\"@id\":\"https:\\\/\\\/nordlinepaadid.ee\\\/et\\\/#\\\/schema\\\/logo\\\/image\\\/\",\"url\":\"https:\\\/\\\/nordlinepaadid.ee\\\/wp-content\\\/uploads\\\/2023\\\/01\\\/fulllogo_transparent_nobuffer-e1672750475494.png\",\"contentUrl\":\"https:\\\/\\\/nordlinepaadid.ee\\\/wp-content\\\/uploads\\\/2023\\\/01\\\/fulllogo_transparent_nobuffer-e1672750475494.png\",\"width\":150,\"height\":119,\"caption\":\"Nordlineboats\"},\"image\":{\"@id\":\"https:\\\/\\\/nordlinepaadid.ee\\\/et\\\/#\\\/schema\\\/logo\\\/image\\\/\"},\"sameAs\":[\"https:\\\/\\\/www.facebook.com\\\/nordlineboats\",\"https:\\\/\\\/www.youtube.com\\\/channel\\\/UCbgF0fy02y3QkFnujaLTaCA\"]}]}<\/script>\n<!-- \/ Yoast SEO plugin. -->","yoast_head_json":{"title":"VOODIPESU- MAAILMA KAART - NORDLINE s\u00f5udepaadid ja mootorpaadid. Klaasfiiber materjalist.","robots":{"index":"index","follow":"follow","max-snippet":"max-snippet:-1","max-image-preview":"max-image-preview:large","max-video-preview":"max-video-preview:-1"},"canonical":"https:\/\/nordlinepaadid.ee\/et\/pood\/cabin-interior\/cushions-textile-carpets\/voodipesu-maailma-kaart\/","og_locale":"et_EE","og_type":"article","og_title":"VOODIPESU- MAAILMA KAART - NORDLINE s\u00f5udepaadid ja mootorpaadid. Klaasfiiber materjalist.","og_description":"Uneteedel r\u00e4nnates on hea u\u0308ks korralik maakaart enda l\u00e4heduses hoida. Olgu see siis reis kaugel kosmoses v\u00f5i hoopis m\u00f6\u00f6da maid ja mandreid seigeldes, gloobuse kaardiga voodipesu on siin hea kaaslane. Komplekt: tekikott 150 x 210 cm ja 1 padjapu\u0308u\u0308r 50 x 60 cm. Materjal: pehme ja m\u00f5nus puuvill-satiin (100 % puuvill), kangas ja v\u00e4rvid peavad...","og_url":"https:\/\/nordlinepaadid.ee\/et\/pood\/cabin-interior\/cushions-textile-carpets\/voodipesu-maailma-kaart\/","og_site_name":"NORDLINE s\u00f5udepaadid ja mootorpaadid. Klaasfiiber materjalist.","article_publisher":"https:\/\/www.facebook.com\/nordlineboats","article_modified_time":"2026-04-08T05:04:12+00:00","og_image":[{"width":1050,"height":1050,"url":"https:\/\/nordlinepaadid.ee\/wp-content\/uploads\/2023\/03\/8452_voodipesu_maailm_piltkaart_regio.jpg","type":"image\/jpeg"}],"twitter_card":"summary_large_image","schema":{"@context":"https:\/\/schema.org","@graph":[{"@type":"WebPage","@id":"https:\/\/nordlinepaadid.ee\/et\/pood\/cabin-interior\/cushions-textile-carpets\/voodipesu-maailma-kaart\/","url":"https:\/\/nordlinepaadid.ee\/et\/pood\/cabin-interior\/cushions-textile-carpets\/voodipesu-maailma-kaart\/","name":"VOODIPESU- MAAILMA KAART - NORDLINE s\u00f5udepaadid ja mootorpaadid. Klaasfiiber materjalist.","isPartOf":{"@id":"https:\/\/nordlinepaadid.ee\/et\/#website"},"primaryImageOfPage":{"@id":"https:\/\/nordlinepaadid.ee\/et\/pood\/cabin-interior\/cushions-textile-carpets\/voodipesu-maailma-kaart\/#primaryimage"},"image":{"@id":"https:\/\/nordlinepaadid.ee\/et\/pood\/cabin-interior\/cushions-textile-carpets\/voodipesu-maailma-kaart\/#primaryimage"},"thumbnailUrl":"https:\/\/nordlinepaadid.ee\/wp-content\/uploads\/2023\/03\/8452_voodipesu_maailm_piltkaart_regio.jpg","datePublished":"2026-04-07T00:21:30+00:00","dateModified":"2026-04-08T05:04:12+00:00","breadcrumb":{"@id":"https:\/\/nordlinepaadid.ee\/et\/pood\/cabin-interior\/cushions-textile-carpets\/voodipesu-maailma-kaart\/#breadcrumb"},"inLanguage":"et","potentialAction":[{"@type":"ReadAction","target":["https:\/\/nordlinepaadid.ee\/et\/pood\/cabin-interior\/cushions-textile-carpets\/voodipesu-maailma-kaart\/"]}]},{"@type":"ImageObject","inLanguage":"et","@id":"https:\/\/nordlinepaadid.ee\/et\/pood\/cabin-interior\/cushions-textile-carpets\/voodipesu-maailma-kaart\/#primaryimage","url":"https:\/\/nordlinepaadid.ee\/wp-content\/uploads\/2023\/03\/8452_voodipesu_maailm_piltkaart_regio.jpg","contentUrl":"https:\/\/nordlinepaadid.ee\/wp-content\/uploads\/2023\/03\/8452_voodipesu_maailm_piltkaart_regio.jpg","width":1050,"height":1050},{"@type":"BreadcrumbList","@id":"https:\/\/nordlinepaadid.ee\/et\/pood\/cabin-interior\/cushions-textile-carpets\/voodipesu-maailma-kaart\/#breadcrumb","itemListElement":[{"@type":"ListItem","position":1,"name":"Home","item":"https:\/\/nordlinepaadid.ee\/et\/"},{"@type":"ListItem","position":2,"name":"Pood","item":"https:\/\/nordlinepaadid.ee\/et\/pood\/"},{"@type":"ListItem","position":3,"name":"VOODIPESU- MAAILMA KAART"}]},{"@type":"WebSite","@id":"https:\/\/nordlinepaadid.ee\/et\/#website","url":"https:\/\/nordlinepaadid.ee\/et\/","name":"NORDLINE s\u00f5udepaadid ja mootorpaadid. Klaasfiiber materjalist.","description":"","publisher":{"@id":"https:\/\/nordlinepaadid.ee\/et\/#organization"},"potentialAction":[{"@type":"SearchAction","target":{"@type":"EntryPoint","urlTemplate":"https:\/\/nordlinepaadid.ee\/et\/?s={search_term_string}"},"query-input":{"@type":"PropertyValueSpecification","valueRequired":true,"valueName":"search_term_string"}}],"inLanguage":"et"},{"@type":"Organization","@id":"https:\/\/nordlinepaadid.ee\/et\/#organization","name":"Nordlineboats","url":"https:\/\/nordlinepaadid.ee\/et\/","logo":{"@type":"ImageObject","inLanguage":"et","@id":"https:\/\/nordlinepaadid.ee\/et\/#\/schema\/logo\/image\/","url":"https:\/\/nordlinepaadid.ee\/wp-content\/uploads\/2023\/01\/fulllogo_transparent_nobuffer-e1672750475494.png","contentUrl":"https:\/\/nordlinepaadid.ee\/wp-content\/uploads\/2023\/01\/fulllogo_transparent_nobuffer-e1672750475494.png","width":150,"height":119,"caption":"Nordlineboats"},"image":{"@id":"https:\/\/nordlinepaadid.ee\/et\/#\/schema\/logo\/image\/"},"sameAs":["https:\/\/www.facebook.com\/nordlineboats","https:\/\/www.youtube.com\/channel\/UCbgF0fy02y3QkFnujaLTaCA"]}]}},"taxonomy_info":{"product_cat":[{"value":290,"label":"KAJUTISISUSTUS JA INTERJ\u00d6\u00d6R"},{"value":1338,"label":"Padjad, Voodipesu, Tekstiil"},{"value":403,"label":"Padjad, Voodipesu, Tekstiil, Jalamatid"}]},"featured_image_src_large":["https:\/\/nordlinepaadid.ee\/wp-content\/uploads\/2023\/03\/8452_voodipesu_maailm_piltkaart_regio-1024x1024.jpg",1024,1024,true],"author_info":[],"comment_info":"","_links":{"self":[{"href":"https:\/\/nordlinepaadid.ee\/et\/wp-json\/wp\/v2\/product\/28445","targetHints":{"allow":["GET"]}}],"collection":[{"href":"https:\/\/nordlinepaadid.ee\/et\/wp-json\/wp\/v2\/product"}],"about":[{"href":"https:\/\/nordlinepaadid.ee\/et\/wp-json\/wp\/v2\/types\/product"}],"wp:featuredmedia":[{"embeddable":true,"href":"https:\/\/nordlinepaadid.ee\/et\/wp-json\/wp\/v2\/media\/28446"}],"wp:attachment":[{"href":"https:\/\/nordlinepaadid.ee\/et\/wp-json\/wp\/v2\/media?parent=28445"}],"wp:term":[{"taxonomy":"product_brand","embeddable":true,"href":"https:\/\/nordlinepaadid.ee\/et\/wp-json\/wp\/v2\/product_brand?post=28445"},{"taxonomy":"product_cat","embeddable":true,"href":"https:\/\/nordlinepaadid.ee\/et\/wp-json\/wp\/v2\/product_cat?post=28445"},{"taxonomy":"product_tag","embeddable":true,"href":"https:\/\/nordlinepaadid.ee\/et\/wp-json\/wp\/v2\/product_tag?post=28445"}],"curies":[{"name":"wp","href":"https:\/\/api.w.org\/{rel}","templated":true}]}}