{"id":28476,"date":"2026-04-07T03:21:32","date_gmt":"2026-04-07T00:21:32","guid":{"rendered":"https:\/\/nordlinepaadid.ee\/pood\/underwater-drone-chasing-gladius-mini-s-200m\/"},"modified":"2026-04-08T18:05:55","modified_gmt":"2026-04-08T15:05:55","slug":"allveedroon-chasing-gladius-mini-s-200m","status":"publish","type":"product","link":"https:\/\/nordlinepaadid.ee\/et\/pood\/navigatsiooni-vahendid\/underwater_drones-eng\/allveedroon-chasing-gladius-mini-s-200m\/","title":{"rendered":"ALLVEEDROON- CHASING GLADIUS MINI S 200M"},"content":{"rendered":"<p style=\"text-align:justify\">GLADIUS MINI S Maksimaalne kiirus on peaaegu 4 s\u00f5lme, maksimaalne sukeldumiss\u00fcgavus 100 meetrit, maksimaalne horisontaalne liikumisraadius 200 meetrit. T\u00e4nu CHASING-u patenteeritud mootorite kinnikiilumise vastase tehnoloogia kasutusele v\u00f5tmisele on uued mootorid tunduvalt v\u00e4hem tundlikud liiva jm. poolt saastatud veest tekkida v\u00f5ivate ummistuste vastu.<\/p>\n<p>&#13;<br \/>\n&#13;<\/p>\n<p style=\"text-align:justify\">V\u00f5rreldes eelmise mudeliga GLADUS MINI, v\u00f5imaldab GLADIUS MINI S n\u00fc\u00fcd erinevate lisatarvikute kinnitamist allveedrooni k\u00fclge. N\u00e4iteks Grabber Claw, GoPro kaamera jne. See v\u00f5imaldab teil haarata objekte ja tuua pinnale veealuseid materjaliproove. T\u00e4iendava kaamera lisamine v\u00f5imaldab \u00fche korraga salvestada objektist mitu erinevat vaadet. Uue aku t\u00f6\u00f6iga on n\u00fc\u00fcd 70 % v\u00f5rra pikem &#8211; kuni 4 tundi, laadimisaeg samas ainult 3,5 tundi.<\/p>\n<p>&#13;<br \/>\n&#13;<\/p>\n<p style=\"text-align:justify\">Veealuse elu dokumenteerimiseks on Gladius Mini S-il 4K\/ 1080p ja 12-megapiksline kaamera koos EIS-pildistabilisaatoriga. Kaks 1200 luumenist esituld parandavad oluliselt veealust n\u00e4htavust. Pilte ja videot saab salvestada kuni 64 GB micro SD-kaardile. Pult ja mobiiltelefoni\/tahvelarvuti on \u00fchendatud otse kaabliga, mis muudab andmeedastuse stabiilsemaks. Allveedroon v\u00f5imaldab otse\u00fclekannet, sotsiaalmeediasse jagamist, time-lapse fotograafiat, aegluubis v\u00f5tteid, salvestatud piltide ja videote kiiret redigeerimist. Juhtpuldil on HDMI v\u00e4ljund, mille abil saate \u00fchendada suurema monitori.<\/p>\n<p>&#13;<br \/>\n&#13;<\/p>\n<p style=\"text-align:justify\">&nbsp;<\/p>\n<p>&#13;<br \/>\n&#13;<\/p>\n<p style=\"text-align:justify\"><strong>Olulisimad omadused:<\/strong><\/p>\n<p>&#13;<br \/>\n&#13;<\/p>\n<ul>&#13;<\/p>\n<li style=\"text-align:justify\">Kaalub alla 3 kg<\/li>\n<p>&#13;<\/p>\n<li style=\"text-align:justify\">T\u00f6\u00f6aeg kuni 4 tundi<\/li>\n<p>&#13;<\/p>\n<li style=\"text-align:justify\">Lisaseadmete kinnitamise v\u00f5imalus<\/li>\n<p>&#13;<\/p>\n<li style=\"text-align:justify\">Kaks LED valgustit (kokku 2400 luumenit)<\/li>\n<p>&#13;<\/p>\n<li style=\"text-align:justify\">Stabiilne kaabliga andmeedastus<\/li>\n<p>&#13;\n<\/ul>\n<p>&#13;<br \/>\n&#13;<\/p>\n<p style=\"text-align:justify\">&nbsp;<\/p>\n<p>&#13;<br \/>\n&#13;<\/p>\n<p style=\"text-align:justify\"><strong>Komplekti kuuluvad:<\/strong><\/p>\n<p>&#13;<br \/>\n&#13;<\/p>\n<ul>&#13;<\/p>\n<li style=\"text-align:justify\">1 Chasing Mini S Drone<\/li>\n<p>&#13;<\/p>\n<li style=\"text-align:justify\">1 Chasing Remote Controller (115525)<\/li>\n<p>&#13;<\/p>\n<li style=\"text-align:justify\">1 Chasing 200 m Tether (Cable) &amp; winder (112070)<\/li>\n<p>&#13;<\/p>\n<li style=\"text-align:justify\">1 64 Gb microSD memory card<\/li>\n<p>&#13;<\/p>\n<li style=\"text-align:justify\">1 Chasing AC adapter\/charger (112511)<\/li>\n<p>&#13;<\/p>\n<li style=\"text-align:justify\">1 Chasing Mini S Charging cord (112512)<\/li>\n<p>&#13;<\/p>\n<li style=\"text-align:justify\">1 Chasing GoPro mount (115524)<\/li>\n<p>&#13;<\/p>\n<li style=\"text-align:justify\">1 Chasing Towel Type-C cable<\/li>\n<p>&#13;<\/p>\n<li style=\"text-align:justify\">Micro-USB cable and lightning cable<\/li>\n<p>&#13;\n<\/ul>\n<p>&#13;<br \/>\n&#13;<\/p>\n<p style=\"text-align:justify\">&nbsp;<\/p>\n<p>&#13;<\/p>\n<p><iframe loading=\"lazy\" allowfullscreen=\"\" frameborder=\"0\" height=\"360\" src=\"\/\/www.youtube.com\/embed\/BIBT2V9xICY\" width=\"640\"><\/iframe><\/p>\n<p>&#13;<\/p>\n","protected":false},"excerpt":{"rendered":"<p>GLADIUS MINI S Maksimaalne kiirus on peaaegu 4 s\u00f5lme, maksimaalne sukeldumiss\u00fcgavus 100 meetrit, maksimaalne horisontaalne liikumisraadius 200 meetrit. T\u00e4nu CHASING-u patenteeritud mootorite kinnikiilumise vastase tehnoloogia kasutusele v\u00f5tmisele on uued mootorid tunduvalt v\u00e4hem tundlikud liiva jm. poolt saastatud veest tekkida v\u00f5ivate ummistuste vastu. &#13; &#13; V\u00f5rreldes eelmise mudeliga GLADUS MINI, v\u00f5imaldab GLADIUS MINI S n\u00fc\u00fcd erinevate&#8230;<\/p>\n","protected":false},"featured_media":28458,"template":"","meta":{"_kad_blocks_custom_css":"","_kad_blocks_head_custom_js":"","_kad_blocks_body_custom_js":"","_kad_blocks_footer_custom_js":"","_kad_post_transparent":"","_kad_post_title":"","_kad_post_layout":"","_kad_post_sidebar_id":"","_kad_post_content_style":"","_kad_post_vertical_padding":"","_kad_post_feature":"","_kad_post_feature_position":"","_kad_post_header":false,"_kad_post_footer":false,"_kad_post_classname":""},"product_brand":[],"product_cat":[415,247],"product_tag":[],"class_list":{"0":"post-28476","1":"product","2":"type-product","3":"status-publish","4":"has-post-thumbnail","6":"product_cat-underwater_drones-eng","7":"product_cat-navigatsiooni-vahendid","8":"product_shipping_class-pakiautomaati-mahtuv-kaup","9":"pa_color-kollane","10":"pa_producer-chasing","11":"pa_unit-pcs","12":"tm-no-options","14":"first","15":"onbackorder","16":"taxable","17":"shipping-taxable","18":"purchasable","19":"product-type-simple","20":"entry","21":"content-bg","22":"loop-entry"},"yoast_head":"<!-- This site is optimized with the Yoast SEO plugin v27.3 - https:\/\/yoast.com\/product\/yoast-seo-wordpress\/ -->\n<title>ALLVEEDROON- CHASING GLADIUS MINI S 200M - NORDLINE s\u00f5udepaadid ja mootorpaadid. Klaasfiiber materjalist.<\/title>\n<meta name=\"robots\" content=\"index, follow, max-snippet:-1, max-image-preview:large, max-video-preview:-1\" \/>\n<link rel=\"canonical\" href=\"https:\/\/nordlinepaadid.ee\/et\/pood\/navigatsiooni-vahendid\/underwater_drones-eng\/allveedroon-chasing-gladius-mini-s-200m\/\" \/>\n<meta property=\"og:locale\" content=\"et_EE\" \/>\n<meta property=\"og:type\" content=\"article\" \/>\n<meta property=\"og:title\" content=\"ALLVEEDROON- CHASING GLADIUS MINI S 200M - NORDLINE s\u00f5udepaadid ja mootorpaadid. Klaasfiiber materjalist.\" \/>\n<meta property=\"og:description\" content=\"GLADIUS MINI S Maksimaalne kiirus on peaaegu 4 s\u00f5lme, maksimaalne sukeldumiss\u00fcgavus 100 meetrit, maksimaalne horisontaalne liikumisraadius 200 meetrit. T\u00e4nu CHASING-u patenteeritud mootorite kinnikiilumise vastase tehnoloogia kasutusele v\u00f5tmisele on uued mootorid tunduvalt v\u00e4hem tundlikud liiva jm. poolt saastatud veest tekkida v\u00f5ivate ummistuste vastu. &#013; &#013; V\u00f5rreldes eelmise mudeliga GLADUS MINI, v\u00f5imaldab GLADIUS MINI S n\u00fc\u00fcd erinevate...\" \/>\n<meta property=\"og:url\" content=\"https:\/\/nordlinepaadid.ee\/et\/pood\/navigatsiooni-vahendid\/underwater_drones-eng\/allveedroon-chasing-gladius-mini-s-200m\/\" \/>\n<meta property=\"og:site_name\" content=\"NORDLINE s\u00f5udepaadid ja mootorpaadid. Klaasfiiber materjalist.\" \/>\n<meta property=\"article:publisher\" content=\"https:\/\/www.facebook.com\/nordlineboats\" \/>\n<meta property=\"article:modified_time\" content=\"2026-04-08T15:05:55+00:00\" \/>\n<meta property=\"og:image\" content=\"https:\/\/nordlinepaadid.ee\/wp-content\/uploads\/2023\/03\/8463_800q-08_116701.jpg\" \/>\n\t<meta property=\"og:image:width\" content=\"800\" \/>\n\t<meta property=\"og:image:height\" content=\"782\" \/>\n\t<meta property=\"og:image:type\" content=\"image\/jpeg\" \/>\n<meta name=\"twitter:card\" content=\"summary_large_image\" \/>\n<meta name=\"twitter:label1\" content=\"Est. reading time\" \/>\n\t<meta name=\"twitter:data1\" content=\"1 minut\" \/>\n<script type=\"application\/ld+json\" class=\"yoast-schema-graph\">{\"@context\":\"https:\\\/\\\/schema.org\",\"@graph\":[{\"@type\":\"WebPage\",\"@id\":\"https:\\\/\\\/nordlinepaadid.ee\\\/et\\\/pood\\\/navigatsiooni-vahendid\\\/underwater_drones-eng\\\/allveedroon-chasing-gladius-mini-s-200m\\\/\",\"url\":\"https:\\\/\\\/nordlinepaadid.ee\\\/et\\\/pood\\\/navigatsiooni-vahendid\\\/underwater_drones-eng\\\/allveedroon-chasing-gladius-mini-s-200m\\\/\",\"name\":\"ALLVEEDROON- CHASING GLADIUS MINI S 200M - NORDLINE s\u00f5udepaadid ja mootorpaadid. Klaasfiiber materjalist.\",\"isPartOf\":{\"@id\":\"https:\\\/\\\/nordlinepaadid.ee\\\/et\\\/#website\"},\"primaryImageOfPage\":{\"@id\":\"https:\\\/\\\/nordlinepaadid.ee\\\/et\\\/pood\\\/navigatsiooni-vahendid\\\/underwater_drones-eng\\\/allveedroon-chasing-gladius-mini-s-200m\\\/#primaryimage\"},\"image\":{\"@id\":\"https:\\\/\\\/nordlinepaadid.ee\\\/et\\\/pood\\\/navigatsiooni-vahendid\\\/underwater_drones-eng\\\/allveedroon-chasing-gladius-mini-s-200m\\\/#primaryimage\"},\"thumbnailUrl\":\"https:\\\/\\\/nordlinepaadid.ee\\\/wp-content\\\/uploads\\\/2023\\\/03\\\/8463_800q-08_116701.jpg\",\"datePublished\":\"2026-04-07T00:21:32+00:00\",\"dateModified\":\"2026-04-08T15:05:55+00:00\",\"breadcrumb\":{\"@id\":\"https:\\\/\\\/nordlinepaadid.ee\\\/et\\\/pood\\\/navigatsiooni-vahendid\\\/underwater_drones-eng\\\/allveedroon-chasing-gladius-mini-s-200m\\\/#breadcrumb\"},\"inLanguage\":\"et\",\"potentialAction\":[{\"@type\":\"ReadAction\",\"target\":[\"https:\\\/\\\/nordlinepaadid.ee\\\/et\\\/pood\\\/navigatsiooni-vahendid\\\/underwater_drones-eng\\\/allveedroon-chasing-gladius-mini-s-200m\\\/\"]}]},{\"@type\":\"ImageObject\",\"inLanguage\":\"et\",\"@id\":\"https:\\\/\\\/nordlinepaadid.ee\\\/et\\\/pood\\\/navigatsiooni-vahendid\\\/underwater_drones-eng\\\/allveedroon-chasing-gladius-mini-s-200m\\\/#primaryimage\",\"url\":\"https:\\\/\\\/nordlinepaadid.ee\\\/wp-content\\\/uploads\\\/2023\\\/03\\\/8463_800q-08_116701.jpg\",\"contentUrl\":\"https:\\\/\\\/nordlinepaadid.ee\\\/wp-content\\\/uploads\\\/2023\\\/03\\\/8463_800q-08_116701.jpg\",\"width\":800,\"height\":782},{\"@type\":\"BreadcrumbList\",\"@id\":\"https:\\\/\\\/nordlinepaadid.ee\\\/et\\\/pood\\\/navigatsiooni-vahendid\\\/underwater_drones-eng\\\/allveedroon-chasing-gladius-mini-s-200m\\\/#breadcrumb\",\"itemListElement\":[{\"@type\":\"ListItem\",\"position\":1,\"name\":\"Home\",\"item\":\"https:\\\/\\\/nordlinepaadid.ee\\\/et\\\/\"},{\"@type\":\"ListItem\",\"position\":2,\"name\":\"Pood\",\"item\":\"https:\\\/\\\/nordlinepaadid.ee\\\/et\\\/pood\\\/\"},{\"@type\":\"ListItem\",\"position\":3,\"name\":\"ALLVEEDROON- CHASING GLADIUS MINI S 200M\"}]},{\"@type\":\"WebSite\",\"@id\":\"https:\\\/\\\/nordlinepaadid.ee\\\/et\\\/#website\",\"url\":\"https:\\\/\\\/nordlinepaadid.ee\\\/et\\\/\",\"name\":\"NORDLINE s\u00f5udepaadid ja mootorpaadid. Klaasfiiber materjalist.\",\"description\":\"\",\"publisher\":{\"@id\":\"https:\\\/\\\/nordlinepaadid.ee\\\/et\\\/#organization\"},\"potentialAction\":[{\"@type\":\"SearchAction\",\"target\":{\"@type\":\"EntryPoint\",\"urlTemplate\":\"https:\\\/\\\/nordlinepaadid.ee\\\/et\\\/?s={search_term_string}\"},\"query-input\":{\"@type\":\"PropertyValueSpecification\",\"valueRequired\":true,\"valueName\":\"search_term_string\"}}],\"inLanguage\":\"et\"},{\"@type\":\"Organization\",\"@id\":\"https:\\\/\\\/nordlinepaadid.ee\\\/et\\\/#organization\",\"name\":\"Nordlineboats\",\"url\":\"https:\\\/\\\/nordlinepaadid.ee\\\/et\\\/\",\"logo\":{\"@type\":\"ImageObject\",\"inLanguage\":\"et\",\"@id\":\"https:\\\/\\\/nordlinepaadid.ee\\\/et\\\/#\\\/schema\\\/logo\\\/image\\\/\",\"url\":\"https:\\\/\\\/nordlinepaadid.ee\\\/wp-content\\\/uploads\\\/2023\\\/01\\\/fulllogo_transparent_nobuffer-e1672750475494.png\",\"contentUrl\":\"https:\\\/\\\/nordlinepaadid.ee\\\/wp-content\\\/uploads\\\/2023\\\/01\\\/fulllogo_transparent_nobuffer-e1672750475494.png\",\"width\":150,\"height\":119,\"caption\":\"Nordlineboats\"},\"image\":{\"@id\":\"https:\\\/\\\/nordlinepaadid.ee\\\/et\\\/#\\\/schema\\\/logo\\\/image\\\/\"},\"sameAs\":[\"https:\\\/\\\/www.facebook.com\\\/nordlineboats\",\"https:\\\/\\\/www.youtube.com\\\/channel\\\/UCbgF0fy02y3QkFnujaLTaCA\"]}]}<\/script>\n<!-- \/ Yoast SEO plugin. -->","yoast_head_json":{"title":"ALLVEEDROON- CHASING GLADIUS MINI S 200M - NORDLINE s\u00f5udepaadid ja mootorpaadid. Klaasfiiber materjalist.","robots":{"index":"index","follow":"follow","max-snippet":"max-snippet:-1","max-image-preview":"max-image-preview:large","max-video-preview":"max-video-preview:-1"},"canonical":"https:\/\/nordlinepaadid.ee\/et\/pood\/navigatsiooni-vahendid\/underwater_drones-eng\/allveedroon-chasing-gladius-mini-s-200m\/","og_locale":"et_EE","og_type":"article","og_title":"ALLVEEDROON- CHASING GLADIUS MINI S 200M - NORDLINE s\u00f5udepaadid ja mootorpaadid. Klaasfiiber materjalist.","og_description":"GLADIUS MINI S Maksimaalne kiirus on peaaegu 4 s\u00f5lme, maksimaalne sukeldumiss\u00fcgavus 100 meetrit, maksimaalne horisontaalne liikumisraadius 200 meetrit. T\u00e4nu CHASING-u patenteeritud mootorite kinnikiilumise vastase tehnoloogia kasutusele v\u00f5tmisele on uued mootorid tunduvalt v\u00e4hem tundlikud liiva jm. poolt saastatud veest tekkida v\u00f5ivate ummistuste vastu. &#13; &#13; V\u00f5rreldes eelmise mudeliga GLADUS MINI, v\u00f5imaldab GLADIUS MINI S n\u00fc\u00fcd erinevate...","og_url":"https:\/\/nordlinepaadid.ee\/et\/pood\/navigatsiooni-vahendid\/underwater_drones-eng\/allveedroon-chasing-gladius-mini-s-200m\/","og_site_name":"NORDLINE s\u00f5udepaadid ja mootorpaadid. Klaasfiiber materjalist.","article_publisher":"https:\/\/www.facebook.com\/nordlineboats","article_modified_time":"2026-04-08T15:05:55+00:00","og_image":[{"width":800,"height":782,"url":"https:\/\/nordlinepaadid.ee\/wp-content\/uploads\/2023\/03\/8463_800q-08_116701.jpg","type":"image\/jpeg"}],"twitter_card":"summary_large_image","twitter_misc":{"Est. reading time":"1 minut"},"schema":{"@context":"https:\/\/schema.org","@graph":[{"@type":"WebPage","@id":"https:\/\/nordlinepaadid.ee\/et\/pood\/navigatsiooni-vahendid\/underwater_drones-eng\/allveedroon-chasing-gladius-mini-s-200m\/","url":"https:\/\/nordlinepaadid.ee\/et\/pood\/navigatsiooni-vahendid\/underwater_drones-eng\/allveedroon-chasing-gladius-mini-s-200m\/","name":"ALLVEEDROON- CHASING GLADIUS MINI S 200M - NORDLINE s\u00f5udepaadid ja mootorpaadid. Klaasfiiber materjalist.","isPartOf":{"@id":"https:\/\/nordlinepaadid.ee\/et\/#website"},"primaryImageOfPage":{"@id":"https:\/\/nordlinepaadid.ee\/et\/pood\/navigatsiooni-vahendid\/underwater_drones-eng\/allveedroon-chasing-gladius-mini-s-200m\/#primaryimage"},"image":{"@id":"https:\/\/nordlinepaadid.ee\/et\/pood\/navigatsiooni-vahendid\/underwater_drones-eng\/allveedroon-chasing-gladius-mini-s-200m\/#primaryimage"},"thumbnailUrl":"https:\/\/nordlinepaadid.ee\/wp-content\/uploads\/2023\/03\/8463_800q-08_116701.jpg","datePublished":"2026-04-07T00:21:32+00:00","dateModified":"2026-04-08T15:05:55+00:00","breadcrumb":{"@id":"https:\/\/nordlinepaadid.ee\/et\/pood\/navigatsiooni-vahendid\/underwater_drones-eng\/allveedroon-chasing-gladius-mini-s-200m\/#breadcrumb"},"inLanguage":"et","potentialAction":[{"@type":"ReadAction","target":["https:\/\/nordlinepaadid.ee\/et\/pood\/navigatsiooni-vahendid\/underwater_drones-eng\/allveedroon-chasing-gladius-mini-s-200m\/"]}]},{"@type":"ImageObject","inLanguage":"et","@id":"https:\/\/nordlinepaadid.ee\/et\/pood\/navigatsiooni-vahendid\/underwater_drones-eng\/allveedroon-chasing-gladius-mini-s-200m\/#primaryimage","url":"https:\/\/nordlinepaadid.ee\/wp-content\/uploads\/2023\/03\/8463_800q-08_116701.jpg","contentUrl":"https:\/\/nordlinepaadid.ee\/wp-content\/uploads\/2023\/03\/8463_800q-08_116701.jpg","width":800,"height":782},{"@type":"BreadcrumbList","@id":"https:\/\/nordlinepaadid.ee\/et\/pood\/navigatsiooni-vahendid\/underwater_drones-eng\/allveedroon-chasing-gladius-mini-s-200m\/#breadcrumb","itemListElement":[{"@type":"ListItem","position":1,"name":"Home","item":"https:\/\/nordlinepaadid.ee\/et\/"},{"@type":"ListItem","position":2,"name":"Pood","item":"https:\/\/nordlinepaadid.ee\/et\/pood\/"},{"@type":"ListItem","position":3,"name":"ALLVEEDROON- CHASING GLADIUS MINI S 200M"}]},{"@type":"WebSite","@id":"https:\/\/nordlinepaadid.ee\/et\/#website","url":"https:\/\/nordlinepaadid.ee\/et\/","name":"NORDLINE s\u00f5udepaadid ja mootorpaadid. Klaasfiiber materjalist.","description":"","publisher":{"@id":"https:\/\/nordlinepaadid.ee\/et\/#organization"},"potentialAction":[{"@type":"SearchAction","target":{"@type":"EntryPoint","urlTemplate":"https:\/\/nordlinepaadid.ee\/et\/?s={search_term_string}"},"query-input":{"@type":"PropertyValueSpecification","valueRequired":true,"valueName":"search_term_string"}}],"inLanguage":"et"},{"@type":"Organization","@id":"https:\/\/nordlinepaadid.ee\/et\/#organization","name":"Nordlineboats","url":"https:\/\/nordlinepaadid.ee\/et\/","logo":{"@type":"ImageObject","inLanguage":"et","@id":"https:\/\/nordlinepaadid.ee\/et\/#\/schema\/logo\/image\/","url":"https:\/\/nordlinepaadid.ee\/wp-content\/uploads\/2023\/01\/fulllogo_transparent_nobuffer-e1672750475494.png","contentUrl":"https:\/\/nordlinepaadid.ee\/wp-content\/uploads\/2023\/01\/fulllogo_transparent_nobuffer-e1672750475494.png","width":150,"height":119,"caption":"Nordlineboats"},"image":{"@id":"https:\/\/nordlinepaadid.ee\/et\/#\/schema\/logo\/image\/"},"sameAs":["https:\/\/www.facebook.com\/nordlineboats","https:\/\/www.youtube.com\/channel\/UCbgF0fy02y3QkFnujaLTaCA"]}]}},"taxonomy_info":{"product_cat":[{"value":415,"label":"Allveedroonid"},{"value":247,"label":"NAVIGATSIOONIVAHENDID"}],"pa_color":[{"value":680,"label":"Kollane"}],"pa_producer":[{"value":651,"label":"Chasing"}],"pa_unit":[{"value":416,"label":"pcs"}]},"featured_image_src_large":["https:\/\/nordlinepaadid.ee\/wp-content\/uploads\/2023\/03\/8463_800q-08_116701.jpg",800,782,false],"author_info":[],"comment_info":"","_links":{"self":[{"href":"https:\/\/nordlinepaadid.ee\/et\/wp-json\/wp\/v2\/product\/28476","targetHints":{"allow":["GET"]}}],"collection":[{"href":"https:\/\/nordlinepaadid.ee\/et\/wp-json\/wp\/v2\/product"}],"about":[{"href":"https:\/\/nordlinepaadid.ee\/et\/wp-json\/wp\/v2\/types\/product"}],"wp:featuredmedia":[{"embeddable":true,"href":"https:\/\/nordlinepaadid.ee\/et\/wp-json\/wp\/v2\/media\/28458"}],"wp:attachment":[{"href":"https:\/\/nordlinepaadid.ee\/et\/wp-json\/wp\/v2\/media?parent=28476"}],"wp:term":[{"taxonomy":"product_brand","embeddable":true,"href":"https:\/\/nordlinepaadid.ee\/et\/wp-json\/wp\/v2\/product_brand?post=28476"},{"taxonomy":"product_cat","embeddable":true,"href":"https:\/\/nordlinepaadid.ee\/et\/wp-json\/wp\/v2\/product_cat?post=28476"},{"taxonomy":"product_tag","embeddable":true,"href":"https:\/\/nordlinepaadid.ee\/et\/wp-json\/wp\/v2\/product_tag?post=28476"}],"curies":[{"name":"wp","href":"https:\/\/api.w.org\/{rel}","templated":true}]}}