{"id":28562,"date":"2026-04-07T03:21:35","date_gmt":"2026-04-07T00:21:35","guid":{"rendered":"https:\/\/nordlinepaadid.ee\/pood\/sailing-jacket-marinepool-hobart-5-xl\/"},"modified":"2026-04-08T10:02:49","modified_gmt":"2026-04-08T07:02:49","slug":"purjetamisjope-marinepool-hobart-5-xl","status":"publish","type":"product","link":"https:\/\/nordlinepaadid.ee\/et\/pood\/marine-clothing-and-shoes\/purjetamisjoped-ja-puksid\/purjetamisjope-marinepool-hobart-5-xl\/","title":{"rendered":"PURJETAMISJOPE- MARINEPOOL HOBART 5, XL"},"content":{"rendered":"<p>Juba tuttav Hobart avamerejope on saanud v\u00e4rskenduse uuendatud disaini n\u00e4ol! Hobart 5 purjetamisjope on valmistatud vee- ja tuulekindlast materjalist. 2-kihiline kangas muudab jope hingavaks, mis muudab olemise merereisi ajal mugavamaks. K\u00f5rge krae on vooderdatud fliisiga ja topelt mansettidega. Suured taskud on kasutatavad nii \u00fclevalt kui ka k\u00fclgedelt, et k\u00f5ik vajalik oleks k\u00e4ep\u00e4rast. Inzip s\u00fcsteemi abil on v\u00f5imalik jopele sisse kinnitada t\u00e4iendav lisakiht (fliis). Sobilikud variandid: Marinepool Stavanger, Luca v\u00f5i Carlo II fliisjakid. Jopel on kulumiskindlast nailonist tugevdused varrukatel, kokkupandav neoon tooni kapuuts. MPU kattega pol\u00fcamiidkangas. Materjal: 100 % pol\u00fcamidi, pealispind 100 % pol\u00fcuretaanist, vooder 100 % pol\u00fcester. Eriomadused: Veekindlus- 10.000 mm; Hingavus- 6.000 g \/ m\u00b2 &#8211; 24 h.<\/p>\n<p>&#13;<\/p>\n<p><img decoding=\"async\" alt=\"\" src=\"\/bw_client_files\/promarine\/public\/img\/Image\/SIZE_CHART.PNG\" style=\"height:351px; width:590px\" \/><\/p>\n<p>&#13;<\/p>\n","protected":false},"excerpt":{"rendered":"<p>Juba tuttav Hobart avamerejope on saanud v\u00e4rskenduse uuendatud disaini n\u00e4ol! Hobart 5 purjetamisjope on valmistatud vee- ja tuulekindlast materjalist. 2-kihiline kangas muudab jope hingavaks, mis muudab olemise merereisi ajal mugavamaks. K\u00f5rge krae on vooderdatud fliisiga ja topelt mansettidega. Suured taskud on kasutatavad nii \u00fclevalt kui ka k\u00fclgedelt, et k\u00f5ik vajalik oleks k\u00e4ep\u00e4rast. Inzip s\u00fcsteemi abil&#8230;<\/p>\n","protected":false},"featured_media":28558,"template":"","meta":{"_kad_blocks_custom_css":"","_kad_blocks_head_custom_js":"","_kad_blocks_body_custom_js":"","_kad_blocks_footer_custom_js":"","_kad_post_transparent":"","_kad_post_title":"","_kad_post_layout":"","_kad_post_sidebar_id":"","_kad_post_content_style":"","_kad_post_vertical_padding":"","_kad_post_feature":"","_kad_post_feature_position":"","_kad_post_header":false,"_kad_post_footer":false,"_kad_post_classname":""},"product_brand":[],"product_cat":[257,232],"product_tag":[],"class_list":{"0":"post-28562","1":"product","2":"type-product","3":"status-publish","4":"has-post-thumbnail","6":"product_cat-purjetamisjoped-ja-puksid","7":"product_cat-marine-clothing-and-shoes","8":"product_shipping_class-pakiautomaati-mahtuv-kaup","9":"pa_color-punane","10":"pa_producer-marinepool","11":"pa_unit-pcs","12":"tm-no-options","14":"first","15":"onbackorder","16":"taxable","17":"shipping-taxable","18":"purchasable","19":"product-type-simple","20":"entry","21":"content-bg","22":"loop-entry"},"yoast_head":"<!-- This site is optimized with the Yoast SEO plugin v27.3 - https:\/\/yoast.com\/product\/yoast-seo-wordpress\/ -->\n<title>PURJETAMISJOPE- MARINEPOOL HOBART 5, XL - NORDLINE s\u00f5udepaadid ja mootorpaadid. Klaasfiiber materjalist.<\/title>\n<meta name=\"robots\" content=\"index, follow, max-snippet:-1, max-image-preview:large, max-video-preview:-1\" \/>\n<link rel=\"canonical\" href=\"https:\/\/nordlinepaadid.ee\/et\/pood\/marine-clothing-and-shoes\/purjetamisjoped-ja-puksid\/purjetamisjope-marinepool-hobart-5-xl\/\" \/>\n<meta property=\"og:locale\" content=\"et_EE\" \/>\n<meta property=\"og:type\" content=\"article\" \/>\n<meta property=\"og:title\" content=\"PURJETAMISJOPE- MARINEPOOL HOBART 5, XL - NORDLINE s\u00f5udepaadid ja mootorpaadid. Klaasfiiber materjalist.\" \/>\n<meta property=\"og:description\" content=\"Juba tuttav Hobart avamerejope on saanud v\u00e4rskenduse uuendatud disaini n\u00e4ol! Hobart 5 purjetamisjope on valmistatud vee- ja tuulekindlast materjalist. 2-kihiline kangas muudab jope hingavaks, mis muudab olemise merereisi ajal mugavamaks. K\u00f5rge krae on vooderdatud fliisiga ja topelt mansettidega. Suured taskud on kasutatavad nii \u00fclevalt kui ka k\u00fclgedelt, et k\u00f5ik vajalik oleks k\u00e4ep\u00e4rast. Inzip s\u00fcsteemi abil...\" \/>\n<meta property=\"og:url\" content=\"https:\/\/nordlinepaadid.ee\/et\/pood\/marine-clothing-and-shoes\/purjetamisjoped-ja-puksid\/purjetamisjope-marinepool-hobart-5-xl\/\" \/>\n<meta property=\"og:site_name\" content=\"NORDLINE s\u00f5udepaadid ja mootorpaadid. Klaasfiiber materjalist.\" \/>\n<meta property=\"article:publisher\" content=\"https:\/\/www.facebook.com\/nordlineboats\" \/>\n<meta property=\"article:modified_time\" content=\"2026-04-08T07:02:49+00:00\" \/>\n<meta property=\"og:image\" content=\"https:\/\/nordlinepaadid.ee\/wp-content\/uploads\/2023\/03\/8508_hobart-5-jkt-men-red-fk-1_7.jpg\" \/>\n\t<meta property=\"og:image:width\" content=\"830\" \/>\n\t<meta property=\"og:image:height\" content=\"1192\" \/>\n\t<meta property=\"og:image:type\" content=\"image\/jpeg\" \/>\n<meta name=\"twitter:card\" content=\"summary_large_image\" \/>\n<meta name=\"twitter:label1\" content=\"Est. reading time\" \/>\n\t<meta name=\"twitter:data1\" content=\"1 minut\" \/>\n<script type=\"application\/ld+json\" class=\"yoast-schema-graph\">{\"@context\":\"https:\\\/\\\/schema.org\",\"@graph\":[{\"@type\":\"WebPage\",\"@id\":\"https:\\\/\\\/nordlinepaadid.ee\\\/et\\\/pood\\\/marine-clothing-and-shoes\\\/purjetamisjoped-ja-puksid\\\/purjetamisjope-marinepool-hobart-5-xl\\\/\",\"url\":\"https:\\\/\\\/nordlinepaadid.ee\\\/et\\\/pood\\\/marine-clothing-and-shoes\\\/purjetamisjoped-ja-puksid\\\/purjetamisjope-marinepool-hobart-5-xl\\\/\",\"name\":\"PURJETAMISJOPE- MARINEPOOL HOBART 5, XL - NORDLINE s\u00f5udepaadid ja mootorpaadid. Klaasfiiber materjalist.\",\"isPartOf\":{\"@id\":\"https:\\\/\\\/nordlinepaadid.ee\\\/et\\\/#website\"},\"primaryImageOfPage\":{\"@id\":\"https:\\\/\\\/nordlinepaadid.ee\\\/et\\\/pood\\\/marine-clothing-and-shoes\\\/purjetamisjoped-ja-puksid\\\/purjetamisjope-marinepool-hobart-5-xl\\\/#primaryimage\"},\"image\":{\"@id\":\"https:\\\/\\\/nordlinepaadid.ee\\\/et\\\/pood\\\/marine-clothing-and-shoes\\\/purjetamisjoped-ja-puksid\\\/purjetamisjope-marinepool-hobart-5-xl\\\/#primaryimage\"},\"thumbnailUrl\":\"https:\\\/\\\/nordlinepaadid.ee\\\/wp-content\\\/uploads\\\/2023\\\/03\\\/8508_hobart-5-jkt-men-red-fk-1_7.jpg\",\"datePublished\":\"2026-04-07T00:21:35+00:00\",\"dateModified\":\"2026-04-08T07:02:49+00:00\",\"breadcrumb\":{\"@id\":\"https:\\\/\\\/nordlinepaadid.ee\\\/et\\\/pood\\\/marine-clothing-and-shoes\\\/purjetamisjoped-ja-puksid\\\/purjetamisjope-marinepool-hobart-5-xl\\\/#breadcrumb\"},\"inLanguage\":\"et\",\"potentialAction\":[{\"@type\":\"ReadAction\",\"target\":[\"https:\\\/\\\/nordlinepaadid.ee\\\/et\\\/pood\\\/marine-clothing-and-shoes\\\/purjetamisjoped-ja-puksid\\\/purjetamisjope-marinepool-hobart-5-xl\\\/\"]}]},{\"@type\":\"ImageObject\",\"inLanguage\":\"et\",\"@id\":\"https:\\\/\\\/nordlinepaadid.ee\\\/et\\\/pood\\\/marine-clothing-and-shoes\\\/purjetamisjoped-ja-puksid\\\/purjetamisjope-marinepool-hobart-5-xl\\\/#primaryimage\",\"url\":\"https:\\\/\\\/nordlinepaadid.ee\\\/wp-content\\\/uploads\\\/2023\\\/03\\\/8508_hobart-5-jkt-men-red-fk-1_7.jpg\",\"contentUrl\":\"https:\\\/\\\/nordlinepaadid.ee\\\/wp-content\\\/uploads\\\/2023\\\/03\\\/8508_hobart-5-jkt-men-red-fk-1_7.jpg\",\"width\":830,\"height\":1192},{\"@type\":\"BreadcrumbList\",\"@id\":\"https:\\\/\\\/nordlinepaadid.ee\\\/et\\\/pood\\\/marine-clothing-and-shoes\\\/purjetamisjoped-ja-puksid\\\/purjetamisjope-marinepool-hobart-5-xl\\\/#breadcrumb\",\"itemListElement\":[{\"@type\":\"ListItem\",\"position\":1,\"name\":\"Home\",\"item\":\"https:\\\/\\\/nordlinepaadid.ee\\\/et\\\/\"},{\"@type\":\"ListItem\",\"position\":2,\"name\":\"Pood\",\"item\":\"https:\\\/\\\/nordlinepaadid.ee\\\/et\\\/pood\\\/\"},{\"@type\":\"ListItem\",\"position\":3,\"name\":\"PURJETAMISJOPE- MARINEPOOL HOBART 5, XL\"}]},{\"@type\":\"WebSite\",\"@id\":\"https:\\\/\\\/nordlinepaadid.ee\\\/et\\\/#website\",\"url\":\"https:\\\/\\\/nordlinepaadid.ee\\\/et\\\/\",\"name\":\"NORDLINE s\u00f5udepaadid ja mootorpaadid. Klaasfiiber materjalist.\",\"description\":\"\",\"publisher\":{\"@id\":\"https:\\\/\\\/nordlinepaadid.ee\\\/et\\\/#organization\"},\"potentialAction\":[{\"@type\":\"SearchAction\",\"target\":{\"@type\":\"EntryPoint\",\"urlTemplate\":\"https:\\\/\\\/nordlinepaadid.ee\\\/et\\\/?s={search_term_string}\"},\"query-input\":{\"@type\":\"PropertyValueSpecification\",\"valueRequired\":true,\"valueName\":\"search_term_string\"}}],\"inLanguage\":\"et\"},{\"@type\":\"Organization\",\"@id\":\"https:\\\/\\\/nordlinepaadid.ee\\\/et\\\/#organization\",\"name\":\"Nordlineboats\",\"url\":\"https:\\\/\\\/nordlinepaadid.ee\\\/et\\\/\",\"logo\":{\"@type\":\"ImageObject\",\"inLanguage\":\"et\",\"@id\":\"https:\\\/\\\/nordlinepaadid.ee\\\/et\\\/#\\\/schema\\\/logo\\\/image\\\/\",\"url\":\"https:\\\/\\\/nordlinepaadid.ee\\\/wp-content\\\/uploads\\\/2023\\\/01\\\/fulllogo_transparent_nobuffer-e1672750475494.png\",\"contentUrl\":\"https:\\\/\\\/nordlinepaadid.ee\\\/wp-content\\\/uploads\\\/2023\\\/01\\\/fulllogo_transparent_nobuffer-e1672750475494.png\",\"width\":150,\"height\":119,\"caption\":\"Nordlineboats\"},\"image\":{\"@id\":\"https:\\\/\\\/nordlinepaadid.ee\\\/et\\\/#\\\/schema\\\/logo\\\/image\\\/\"},\"sameAs\":[\"https:\\\/\\\/www.facebook.com\\\/nordlineboats\",\"https:\\\/\\\/www.youtube.com\\\/channel\\\/UCbgF0fy02y3QkFnujaLTaCA\"]}]}<\/script>\n<!-- \/ Yoast SEO plugin. -->","yoast_head_json":{"title":"PURJETAMISJOPE- MARINEPOOL HOBART 5, XL - NORDLINE s\u00f5udepaadid ja mootorpaadid. Klaasfiiber materjalist.","robots":{"index":"index","follow":"follow","max-snippet":"max-snippet:-1","max-image-preview":"max-image-preview:large","max-video-preview":"max-video-preview:-1"},"canonical":"https:\/\/nordlinepaadid.ee\/et\/pood\/marine-clothing-and-shoes\/purjetamisjoped-ja-puksid\/purjetamisjope-marinepool-hobart-5-xl\/","og_locale":"et_EE","og_type":"article","og_title":"PURJETAMISJOPE- MARINEPOOL HOBART 5, XL - NORDLINE s\u00f5udepaadid ja mootorpaadid. Klaasfiiber materjalist.","og_description":"Juba tuttav Hobart avamerejope on saanud v\u00e4rskenduse uuendatud disaini n\u00e4ol! Hobart 5 purjetamisjope on valmistatud vee- ja tuulekindlast materjalist. 2-kihiline kangas muudab jope hingavaks, mis muudab olemise merereisi ajal mugavamaks. K\u00f5rge krae on vooderdatud fliisiga ja topelt mansettidega. Suured taskud on kasutatavad nii \u00fclevalt kui ka k\u00fclgedelt, et k\u00f5ik vajalik oleks k\u00e4ep\u00e4rast. Inzip s\u00fcsteemi abil...","og_url":"https:\/\/nordlinepaadid.ee\/et\/pood\/marine-clothing-and-shoes\/purjetamisjoped-ja-puksid\/purjetamisjope-marinepool-hobart-5-xl\/","og_site_name":"NORDLINE s\u00f5udepaadid ja mootorpaadid. Klaasfiiber materjalist.","article_publisher":"https:\/\/www.facebook.com\/nordlineboats","article_modified_time":"2026-04-08T07:02:49+00:00","og_image":[{"width":830,"height":1192,"url":"https:\/\/nordlinepaadid.ee\/wp-content\/uploads\/2023\/03\/8508_hobart-5-jkt-men-red-fk-1_7.jpg","type":"image\/jpeg"}],"twitter_card":"summary_large_image","twitter_misc":{"Est. reading time":"1 minut"},"schema":{"@context":"https:\/\/schema.org","@graph":[{"@type":"WebPage","@id":"https:\/\/nordlinepaadid.ee\/et\/pood\/marine-clothing-and-shoes\/purjetamisjoped-ja-puksid\/purjetamisjope-marinepool-hobart-5-xl\/","url":"https:\/\/nordlinepaadid.ee\/et\/pood\/marine-clothing-and-shoes\/purjetamisjoped-ja-puksid\/purjetamisjope-marinepool-hobart-5-xl\/","name":"PURJETAMISJOPE- MARINEPOOL HOBART 5, XL - NORDLINE s\u00f5udepaadid ja mootorpaadid. Klaasfiiber materjalist.","isPartOf":{"@id":"https:\/\/nordlinepaadid.ee\/et\/#website"},"primaryImageOfPage":{"@id":"https:\/\/nordlinepaadid.ee\/et\/pood\/marine-clothing-and-shoes\/purjetamisjoped-ja-puksid\/purjetamisjope-marinepool-hobart-5-xl\/#primaryimage"},"image":{"@id":"https:\/\/nordlinepaadid.ee\/et\/pood\/marine-clothing-and-shoes\/purjetamisjoped-ja-puksid\/purjetamisjope-marinepool-hobart-5-xl\/#primaryimage"},"thumbnailUrl":"https:\/\/nordlinepaadid.ee\/wp-content\/uploads\/2023\/03\/8508_hobart-5-jkt-men-red-fk-1_7.jpg","datePublished":"2026-04-07T00:21:35+00:00","dateModified":"2026-04-08T07:02:49+00:00","breadcrumb":{"@id":"https:\/\/nordlinepaadid.ee\/et\/pood\/marine-clothing-and-shoes\/purjetamisjoped-ja-puksid\/purjetamisjope-marinepool-hobart-5-xl\/#breadcrumb"},"inLanguage":"et","potentialAction":[{"@type":"ReadAction","target":["https:\/\/nordlinepaadid.ee\/et\/pood\/marine-clothing-and-shoes\/purjetamisjoped-ja-puksid\/purjetamisjope-marinepool-hobart-5-xl\/"]}]},{"@type":"ImageObject","inLanguage":"et","@id":"https:\/\/nordlinepaadid.ee\/et\/pood\/marine-clothing-and-shoes\/purjetamisjoped-ja-puksid\/purjetamisjope-marinepool-hobart-5-xl\/#primaryimage","url":"https:\/\/nordlinepaadid.ee\/wp-content\/uploads\/2023\/03\/8508_hobart-5-jkt-men-red-fk-1_7.jpg","contentUrl":"https:\/\/nordlinepaadid.ee\/wp-content\/uploads\/2023\/03\/8508_hobart-5-jkt-men-red-fk-1_7.jpg","width":830,"height":1192},{"@type":"BreadcrumbList","@id":"https:\/\/nordlinepaadid.ee\/et\/pood\/marine-clothing-and-shoes\/purjetamisjoped-ja-puksid\/purjetamisjope-marinepool-hobart-5-xl\/#breadcrumb","itemListElement":[{"@type":"ListItem","position":1,"name":"Home","item":"https:\/\/nordlinepaadid.ee\/et\/"},{"@type":"ListItem","position":2,"name":"Pood","item":"https:\/\/nordlinepaadid.ee\/et\/pood\/"},{"@type":"ListItem","position":3,"name":"PURJETAMISJOPE- MARINEPOOL HOBART 5, XL"}]},{"@type":"WebSite","@id":"https:\/\/nordlinepaadid.ee\/et\/#website","url":"https:\/\/nordlinepaadid.ee\/et\/","name":"NORDLINE s\u00f5udepaadid ja mootorpaadid. Klaasfiiber materjalist.","description":"","publisher":{"@id":"https:\/\/nordlinepaadid.ee\/et\/#organization"},"potentialAction":[{"@type":"SearchAction","target":{"@type":"EntryPoint","urlTemplate":"https:\/\/nordlinepaadid.ee\/et\/?s={search_term_string}"},"query-input":{"@type":"PropertyValueSpecification","valueRequired":true,"valueName":"search_term_string"}}],"inLanguage":"et"},{"@type":"Organization","@id":"https:\/\/nordlinepaadid.ee\/et\/#organization","name":"Nordlineboats","url":"https:\/\/nordlinepaadid.ee\/et\/","logo":{"@type":"ImageObject","inLanguage":"et","@id":"https:\/\/nordlinepaadid.ee\/et\/#\/schema\/logo\/image\/","url":"https:\/\/nordlinepaadid.ee\/wp-content\/uploads\/2023\/01\/fulllogo_transparent_nobuffer-e1672750475494.png","contentUrl":"https:\/\/nordlinepaadid.ee\/wp-content\/uploads\/2023\/01\/fulllogo_transparent_nobuffer-e1672750475494.png","width":150,"height":119,"caption":"Nordlineboats"},"image":{"@id":"https:\/\/nordlinepaadid.ee\/et\/#\/schema\/logo\/image\/"},"sameAs":["https:\/\/www.facebook.com\/nordlineboats","https:\/\/www.youtube.com\/channel\/UCbgF0fy02y3QkFnujaLTaCA"]}]}},"taxonomy_info":{"product_cat":[{"value":257,"label":"Purjetamisjoped- ja p\u00fcksid"},{"value":232,"label":"PURJETAMISRIIDED JA JALAN\u00d5UD"}],"pa_color":[{"value":682,"label":"Punane"}],"pa_producer":[{"value":480,"label":"Marinepool"}],"pa_unit":[{"value":416,"label":"pcs"}]},"featured_image_src_large":["https:\/\/nordlinepaadid.ee\/wp-content\/uploads\/2023\/03\/8508_hobart-5-jkt-men-red-fk-1_7-713x1024.jpg",713,1024,true],"author_info":[],"comment_info":"","_links":{"self":[{"href":"https:\/\/nordlinepaadid.ee\/et\/wp-json\/wp\/v2\/product\/28562","targetHints":{"allow":["GET"]}}],"collection":[{"href":"https:\/\/nordlinepaadid.ee\/et\/wp-json\/wp\/v2\/product"}],"about":[{"href":"https:\/\/nordlinepaadid.ee\/et\/wp-json\/wp\/v2\/types\/product"}],"wp:featuredmedia":[{"embeddable":true,"href":"https:\/\/nordlinepaadid.ee\/et\/wp-json\/wp\/v2\/media\/28558"}],"wp:attachment":[{"href":"https:\/\/nordlinepaadid.ee\/et\/wp-json\/wp\/v2\/media?parent=28562"}],"wp:term":[{"taxonomy":"product_brand","embeddable":true,"href":"https:\/\/nordlinepaadid.ee\/et\/wp-json\/wp\/v2\/product_brand?post=28562"},{"taxonomy":"product_cat","embeddable":true,"href":"https:\/\/nordlinepaadid.ee\/et\/wp-json\/wp\/v2\/product_cat?post=28562"},{"taxonomy":"product_tag","embeddable":true,"href":"https:\/\/nordlinepaadid.ee\/et\/wp-json\/wp\/v2\/product_tag?post=28562"}],"curies":[{"name":"wp","href":"https:\/\/api.w.org\/{rel}","templated":true}]}}