{"id":28668,"date":"2026-04-07T03:21:42","date_gmt":"2026-04-07T00:21:42","guid":{"rendered":"https:\/\/nordlinepaadid.ee\/pood\/marine-speakers-dual-cone-2-x-40-w-2\/"},"modified":"2026-04-08T16:02:39","modified_gmt":"2026-04-08T13:02:39","slug":"veekindlad-kolarid-2-x-40-w-3","status":"publish","type":"product","link":"https:\/\/nordlinepaadid.ee\/et\/pood\/marine-electronics-ru\/ru-waterproof-speakers\/veekindlad-kolarid-2-x-40-w-3\/","title":{"rendered":"VEEKINDLAD K\u00d5LARID, 2 x 40 W"},"content":{"rendered":"<p>Veekindlal k\u0151laril on pol\u00fcprop\u00fcleenist korpus ja sobib kasutamiseks nii sise-, kui ka v\u00e4litingimustes. Max.v\u0151imsus: 80 W, RMS 40 W, sagedus: 50-20.000 Hz, tundlikkus: 90 dB, merevee-ja UV-kindlus. M\u0151\u0151tmed: D (v\u00e4lisdiameeter): 157 mm, d (paigaldusava diameeter): 124 mm, h (k\u00f5lari s\u00fcgavus): 75 mm, H (paigaldusava s\u00fcgavus): 53,5 mm.<\/p>\n<p>&#13;<\/p>\n","protected":false},"excerpt":{"rendered":"<p>Veekindlal k\u0151laril on pol\u00fcprop\u00fcleenist korpus ja sobib kasutamiseks nii sise-, kui ka v\u00e4litingimustes. Max.v\u0151imsus: 80 W, RMS 40 W, sagedus: 50-20.000 Hz, tundlikkus: 90 dB, merevee-ja UV-kindlus. M\u0151\u0151tmed: D (v\u00e4lisdiameeter): 157 mm, d (paigaldusava diameeter): 124 mm, h (k\u00f5lari s\u00fcgavus): 75 mm, H (paigaldusava s\u00fcgavus): 53,5 mm. &#13;<\/p>\n","protected":false},"featured_media":28649,"template":"","meta":{"_kad_blocks_custom_css":"","_kad_blocks_head_custom_js":"","_kad_blocks_body_custom_js":"","_kad_blocks_footer_custom_js":"","_kad_post_transparent":"","_kad_post_title":"","_kad_post_layout":"","_kad_post_sidebar_id":"","_kad_post_content_style":"","_kad_post_vertical_padding":"","_kad_post_feature":"","_kad_post_feature_position":"","_kad_post_header":false,"_kad_post_footer":false,"_kad_post_classname":""},"product_brand":[],"product_cat":[352,298,847],"product_tag":[],"class_list":{"0":"post-28668","1":"product","2":"type-product","3":"status-publish","4":"has-post-thumbnail","6":"product_cat-mereelektroonika","7":"product_cat-veekindlad-kolarid","8":"product_cat-ru-waterproof-speakers","9":"product_shipping_class-pakiautomaati-mahtuv-kaup","10":"pa_color-must","11":"pa_producer-osculati","12":"pa_unit-pair","13":"tm-no-options","15":"first","16":"onbackorder","17":"taxable","18":"shipping-taxable","19":"purchasable","20":"product-type-simple","21":"entry","22":"content-bg","23":"loop-entry"},"yoast_head":"<!-- This site is optimized with the Yoast SEO plugin v27.3 - https:\/\/yoast.com\/product\/yoast-seo-wordpress\/ -->\n<title>VEEKINDLAD K\u00d5LARID, 2 x 40 W - NORDLINE s\u00f5udepaadid ja mootorpaadid. Klaasfiiber materjalist.<\/title>\n<meta name=\"robots\" content=\"index, follow, max-snippet:-1, max-image-preview:large, max-video-preview:-1\" \/>\n<link rel=\"canonical\" href=\"https:\/\/nordlinepaadid.ee\/et\/pood\/marine-electronics-ru\/ru-waterproof-speakers\/veekindlad-kolarid-2-x-40-w-3\/\" \/>\n<meta property=\"og:locale\" content=\"et_EE\" \/>\n<meta property=\"og:type\" content=\"article\" \/>\n<meta property=\"og:title\" content=\"VEEKINDLAD K\u00d5LARID, 2 x 40 W - NORDLINE s\u00f5udepaadid ja mootorpaadid. Klaasfiiber materjalist.\" \/>\n<meta property=\"og:description\" content=\"Veekindlal k\u0151laril on pol\u00fcprop\u00fcleenist korpus ja sobib kasutamiseks nii sise-, kui ka v\u00e4litingimustes. Max.v\u0151imsus: 80 W, RMS 40 W, sagedus: 50-20.000 Hz, tundlikkus: 90 dB, merevee-ja UV-kindlus. M\u0151\u0151tmed: D (v\u00e4lisdiameeter): 157 mm, d (paigaldusava diameeter): 124 mm, h (k\u00f5lari s\u00fcgavus): 75 mm, H (paigaldusava s\u00fcgavus): 53,5 mm. &#013;\" \/>\n<meta property=\"og:url\" content=\"https:\/\/nordlinepaadid.ee\/et\/pood\/marine-electronics-ru\/ru-waterproof-speakers\/veekindlad-kolarid-2-x-40-w-3\/\" \/>\n<meta property=\"og:site_name\" content=\"NORDLINE s\u00f5udepaadid ja mootorpaadid. Klaasfiiber materjalist.\" \/>\n<meta property=\"article:publisher\" content=\"https:\/\/www.facebook.com\/nordlineboats\" \/>\n<meta property=\"article:modified_time\" content=\"2026-04-08T13:02:39+00:00\" \/>\n<meta property=\"og:image\" content=\"https:\/\/nordlinepaadid.ee\/wp-content\/uploads\/2023\/03\/8544_EN_29.741.02-04-06-08.jpg\" \/>\n\t<meta property=\"og:image:width\" content=\"797\" \/>\n\t<meta property=\"og:image:height\" content=\"800\" \/>\n\t<meta property=\"og:image:type\" content=\"image\/jpeg\" \/>\n<meta name=\"twitter:card\" content=\"summary_large_image\" \/>\n<script type=\"application\/ld+json\" class=\"yoast-schema-graph\">{\"@context\":\"https:\\\/\\\/schema.org\",\"@graph\":[{\"@type\":\"WebPage\",\"@id\":\"https:\\\/\\\/nordlinepaadid.ee\\\/et\\\/pood\\\/marine-electronics-ru\\\/ru-waterproof-speakers\\\/veekindlad-kolarid-2-x-40-w-3\\\/\",\"url\":\"https:\\\/\\\/nordlinepaadid.ee\\\/et\\\/pood\\\/marine-electronics-ru\\\/ru-waterproof-speakers\\\/veekindlad-kolarid-2-x-40-w-3\\\/\",\"name\":\"VEEKINDLAD K\u00d5LARID, 2 x 40 W - NORDLINE s\u00f5udepaadid ja mootorpaadid. Klaasfiiber materjalist.\",\"isPartOf\":{\"@id\":\"https:\\\/\\\/nordlinepaadid.ee\\\/et\\\/#website\"},\"primaryImageOfPage\":{\"@id\":\"https:\\\/\\\/nordlinepaadid.ee\\\/et\\\/pood\\\/marine-electronics-ru\\\/ru-waterproof-speakers\\\/veekindlad-kolarid-2-x-40-w-3\\\/#primaryimage\"},\"image\":{\"@id\":\"https:\\\/\\\/nordlinepaadid.ee\\\/et\\\/pood\\\/marine-electronics-ru\\\/ru-waterproof-speakers\\\/veekindlad-kolarid-2-x-40-w-3\\\/#primaryimage\"},\"thumbnailUrl\":\"https:\\\/\\\/nordlinepaadid.ee\\\/wp-content\\\/uploads\\\/2023\\\/03\\\/8544_EN_29.741.02-04-06-08.jpg\",\"datePublished\":\"2026-04-07T00:21:42+00:00\",\"dateModified\":\"2026-04-08T13:02:39+00:00\",\"breadcrumb\":{\"@id\":\"https:\\\/\\\/nordlinepaadid.ee\\\/et\\\/pood\\\/marine-electronics-ru\\\/ru-waterproof-speakers\\\/veekindlad-kolarid-2-x-40-w-3\\\/#breadcrumb\"},\"inLanguage\":\"et\",\"potentialAction\":[{\"@type\":\"ReadAction\",\"target\":[\"https:\\\/\\\/nordlinepaadid.ee\\\/et\\\/pood\\\/marine-electronics-ru\\\/ru-waterproof-speakers\\\/veekindlad-kolarid-2-x-40-w-3\\\/\"]}]},{\"@type\":\"ImageObject\",\"inLanguage\":\"et\",\"@id\":\"https:\\\/\\\/nordlinepaadid.ee\\\/et\\\/pood\\\/marine-electronics-ru\\\/ru-waterproof-speakers\\\/veekindlad-kolarid-2-x-40-w-3\\\/#primaryimage\",\"url\":\"https:\\\/\\\/nordlinepaadid.ee\\\/wp-content\\\/uploads\\\/2023\\\/03\\\/8544_EN_29.741.02-04-06-08.jpg\",\"contentUrl\":\"https:\\\/\\\/nordlinepaadid.ee\\\/wp-content\\\/uploads\\\/2023\\\/03\\\/8544_EN_29.741.02-04-06-08.jpg\",\"width\":797,\"height\":800},{\"@type\":\"BreadcrumbList\",\"@id\":\"https:\\\/\\\/nordlinepaadid.ee\\\/et\\\/pood\\\/marine-electronics-ru\\\/ru-waterproof-speakers\\\/veekindlad-kolarid-2-x-40-w-3\\\/#breadcrumb\",\"itemListElement\":[{\"@type\":\"ListItem\",\"position\":1,\"name\":\"Home\",\"item\":\"https:\\\/\\\/nordlinepaadid.ee\\\/et\\\/\"},{\"@type\":\"ListItem\",\"position\":2,\"name\":\"Pood\",\"item\":\"https:\\\/\\\/nordlinepaadid.ee\\\/et\\\/pood\\\/\"},{\"@type\":\"ListItem\",\"position\":3,\"name\":\"VEEKINDLAD K\u00d5LARID, 2 x 40 W\"}]},{\"@type\":\"WebSite\",\"@id\":\"https:\\\/\\\/nordlinepaadid.ee\\\/et\\\/#website\",\"url\":\"https:\\\/\\\/nordlinepaadid.ee\\\/et\\\/\",\"name\":\"NORDLINE s\u00f5udepaadid ja mootorpaadid. Klaasfiiber materjalist.\",\"description\":\"\",\"publisher\":{\"@id\":\"https:\\\/\\\/nordlinepaadid.ee\\\/et\\\/#organization\"},\"potentialAction\":[{\"@type\":\"SearchAction\",\"target\":{\"@type\":\"EntryPoint\",\"urlTemplate\":\"https:\\\/\\\/nordlinepaadid.ee\\\/et\\\/?s={search_term_string}\"},\"query-input\":{\"@type\":\"PropertyValueSpecification\",\"valueRequired\":true,\"valueName\":\"search_term_string\"}}],\"inLanguage\":\"et\"},{\"@type\":\"Organization\",\"@id\":\"https:\\\/\\\/nordlinepaadid.ee\\\/et\\\/#organization\",\"name\":\"Nordlineboats\",\"url\":\"https:\\\/\\\/nordlinepaadid.ee\\\/et\\\/\",\"logo\":{\"@type\":\"ImageObject\",\"inLanguage\":\"et\",\"@id\":\"https:\\\/\\\/nordlinepaadid.ee\\\/et\\\/#\\\/schema\\\/logo\\\/image\\\/\",\"url\":\"https:\\\/\\\/nordlinepaadid.ee\\\/wp-content\\\/uploads\\\/2023\\\/01\\\/fulllogo_transparent_nobuffer-e1672750475494.png\",\"contentUrl\":\"https:\\\/\\\/nordlinepaadid.ee\\\/wp-content\\\/uploads\\\/2023\\\/01\\\/fulllogo_transparent_nobuffer-e1672750475494.png\",\"width\":150,\"height\":119,\"caption\":\"Nordlineboats\"},\"image\":{\"@id\":\"https:\\\/\\\/nordlinepaadid.ee\\\/et\\\/#\\\/schema\\\/logo\\\/image\\\/\"},\"sameAs\":[\"https:\\\/\\\/www.facebook.com\\\/nordlineboats\",\"https:\\\/\\\/www.youtube.com\\\/channel\\\/UCbgF0fy02y3QkFnujaLTaCA\"]}]}<\/script>\n<!-- \/ Yoast SEO plugin. -->","yoast_head_json":{"title":"VEEKINDLAD K\u00d5LARID, 2 x 40 W - NORDLINE s\u00f5udepaadid ja mootorpaadid. Klaasfiiber materjalist.","robots":{"index":"index","follow":"follow","max-snippet":"max-snippet:-1","max-image-preview":"max-image-preview:large","max-video-preview":"max-video-preview:-1"},"canonical":"https:\/\/nordlinepaadid.ee\/et\/pood\/marine-electronics-ru\/ru-waterproof-speakers\/veekindlad-kolarid-2-x-40-w-3\/","og_locale":"et_EE","og_type":"article","og_title":"VEEKINDLAD K\u00d5LARID, 2 x 40 W - NORDLINE s\u00f5udepaadid ja mootorpaadid. Klaasfiiber materjalist.","og_description":"Veekindlal k\u0151laril on pol\u00fcprop\u00fcleenist korpus ja sobib kasutamiseks nii sise-, kui ka v\u00e4litingimustes. Max.v\u0151imsus: 80 W, RMS 40 W, sagedus: 50-20.000 Hz, tundlikkus: 90 dB, merevee-ja UV-kindlus. M\u0151\u0151tmed: D (v\u00e4lisdiameeter): 157 mm, d (paigaldusava diameeter): 124 mm, h (k\u00f5lari s\u00fcgavus): 75 mm, H (paigaldusava s\u00fcgavus): 53,5 mm. &#13;","og_url":"https:\/\/nordlinepaadid.ee\/et\/pood\/marine-electronics-ru\/ru-waterproof-speakers\/veekindlad-kolarid-2-x-40-w-3\/","og_site_name":"NORDLINE s\u00f5udepaadid ja mootorpaadid. Klaasfiiber materjalist.","article_publisher":"https:\/\/www.facebook.com\/nordlineboats","article_modified_time":"2026-04-08T13:02:39+00:00","og_image":[{"width":797,"height":800,"url":"https:\/\/nordlinepaadid.ee\/wp-content\/uploads\/2023\/03\/8544_EN_29.741.02-04-06-08.jpg","type":"image\/jpeg"}],"twitter_card":"summary_large_image","schema":{"@context":"https:\/\/schema.org","@graph":[{"@type":"WebPage","@id":"https:\/\/nordlinepaadid.ee\/et\/pood\/marine-electronics-ru\/ru-waterproof-speakers\/veekindlad-kolarid-2-x-40-w-3\/","url":"https:\/\/nordlinepaadid.ee\/et\/pood\/marine-electronics-ru\/ru-waterproof-speakers\/veekindlad-kolarid-2-x-40-w-3\/","name":"VEEKINDLAD K\u00d5LARID, 2 x 40 W - NORDLINE s\u00f5udepaadid ja mootorpaadid. Klaasfiiber materjalist.","isPartOf":{"@id":"https:\/\/nordlinepaadid.ee\/et\/#website"},"primaryImageOfPage":{"@id":"https:\/\/nordlinepaadid.ee\/et\/pood\/marine-electronics-ru\/ru-waterproof-speakers\/veekindlad-kolarid-2-x-40-w-3\/#primaryimage"},"image":{"@id":"https:\/\/nordlinepaadid.ee\/et\/pood\/marine-electronics-ru\/ru-waterproof-speakers\/veekindlad-kolarid-2-x-40-w-3\/#primaryimage"},"thumbnailUrl":"https:\/\/nordlinepaadid.ee\/wp-content\/uploads\/2023\/03\/8544_EN_29.741.02-04-06-08.jpg","datePublished":"2026-04-07T00:21:42+00:00","dateModified":"2026-04-08T13:02:39+00:00","breadcrumb":{"@id":"https:\/\/nordlinepaadid.ee\/et\/pood\/marine-electronics-ru\/ru-waterproof-speakers\/veekindlad-kolarid-2-x-40-w-3\/#breadcrumb"},"inLanguage":"et","potentialAction":[{"@type":"ReadAction","target":["https:\/\/nordlinepaadid.ee\/et\/pood\/marine-electronics-ru\/ru-waterproof-speakers\/veekindlad-kolarid-2-x-40-w-3\/"]}]},{"@type":"ImageObject","inLanguage":"et","@id":"https:\/\/nordlinepaadid.ee\/et\/pood\/marine-electronics-ru\/ru-waterproof-speakers\/veekindlad-kolarid-2-x-40-w-3\/#primaryimage","url":"https:\/\/nordlinepaadid.ee\/wp-content\/uploads\/2023\/03\/8544_EN_29.741.02-04-06-08.jpg","contentUrl":"https:\/\/nordlinepaadid.ee\/wp-content\/uploads\/2023\/03\/8544_EN_29.741.02-04-06-08.jpg","width":797,"height":800},{"@type":"BreadcrumbList","@id":"https:\/\/nordlinepaadid.ee\/et\/pood\/marine-electronics-ru\/ru-waterproof-speakers\/veekindlad-kolarid-2-x-40-w-3\/#breadcrumb","itemListElement":[{"@type":"ListItem","position":1,"name":"Home","item":"https:\/\/nordlinepaadid.ee\/et\/"},{"@type":"ListItem","position":2,"name":"Pood","item":"https:\/\/nordlinepaadid.ee\/et\/pood\/"},{"@type":"ListItem","position":3,"name":"VEEKINDLAD K\u00d5LARID, 2 x 40 W"}]},{"@type":"WebSite","@id":"https:\/\/nordlinepaadid.ee\/et\/#website","url":"https:\/\/nordlinepaadid.ee\/et\/","name":"NORDLINE s\u00f5udepaadid ja mootorpaadid. Klaasfiiber materjalist.","description":"","publisher":{"@id":"https:\/\/nordlinepaadid.ee\/et\/#organization"},"potentialAction":[{"@type":"SearchAction","target":{"@type":"EntryPoint","urlTemplate":"https:\/\/nordlinepaadid.ee\/et\/?s={search_term_string}"},"query-input":{"@type":"PropertyValueSpecification","valueRequired":true,"valueName":"search_term_string"}}],"inLanguage":"et"},{"@type":"Organization","@id":"https:\/\/nordlinepaadid.ee\/et\/#organization","name":"Nordlineboats","url":"https:\/\/nordlinepaadid.ee\/et\/","logo":{"@type":"ImageObject","inLanguage":"et","@id":"https:\/\/nordlinepaadid.ee\/et\/#\/schema\/logo\/image\/","url":"https:\/\/nordlinepaadid.ee\/wp-content\/uploads\/2023\/01\/fulllogo_transparent_nobuffer-e1672750475494.png","contentUrl":"https:\/\/nordlinepaadid.ee\/wp-content\/uploads\/2023\/01\/fulllogo_transparent_nobuffer-e1672750475494.png","width":150,"height":119,"caption":"Nordlineboats"},"image":{"@id":"https:\/\/nordlinepaadid.ee\/et\/#\/schema\/logo\/image\/"},"sameAs":["https:\/\/www.facebook.com\/nordlineboats","https:\/\/www.youtube.com\/channel\/UCbgF0fy02y3QkFnujaLTaCA"]}]}},"taxonomy_info":{"product_cat":[{"value":352,"label":"MEREELEKTROONIKA"},{"value":298,"label":"Veekindlad k\u00f5larid, Audio-Video Seadmed"},{"value":847,"label":"\u0412\u043e\u0434\u043e\u0441\u0442\u043e\u0439\u043a\u0430\u044f \u0430\u0443\u0434\u0438\u043e- \u0432\u0438\u0434\u0435\u043e\u0442\u0435\u0445\u043d\u0438\u043a\u0430"}],"pa_color":[{"value":684,"label":"Must"}],"pa_producer":[{"value":417,"label":"Osculati"}],"pa_unit":[{"value":423,"label":"pair"}]},"featured_image_src_large":["https:\/\/nordlinepaadid.ee\/wp-content\/uploads\/2023\/03\/8544_EN_29.741.02-04-06-08.jpg",797,800,false],"author_info":[],"comment_info":"","_links":{"self":[{"href":"https:\/\/nordlinepaadid.ee\/et\/wp-json\/wp\/v2\/product\/28668","targetHints":{"allow":["GET"]}}],"collection":[{"href":"https:\/\/nordlinepaadid.ee\/et\/wp-json\/wp\/v2\/product"}],"about":[{"href":"https:\/\/nordlinepaadid.ee\/et\/wp-json\/wp\/v2\/types\/product"}],"wp:featuredmedia":[{"embeddable":true,"href":"https:\/\/nordlinepaadid.ee\/et\/wp-json\/wp\/v2\/media\/28649"}],"wp:attachment":[{"href":"https:\/\/nordlinepaadid.ee\/et\/wp-json\/wp\/v2\/media?parent=28668"}],"wp:term":[{"taxonomy":"product_brand","embeddable":true,"href":"https:\/\/nordlinepaadid.ee\/et\/wp-json\/wp\/v2\/product_brand?post=28668"},{"taxonomy":"product_cat","embeddable":true,"href":"https:\/\/nordlinepaadid.ee\/et\/wp-json\/wp\/v2\/product_cat?post=28668"},{"taxonomy":"product_tag","embeddable":true,"href":"https:\/\/nordlinepaadid.ee\/et\/wp-json\/wp\/v2\/product_tag?post=28668"}],"curies":[{"name":"wp","href":"https:\/\/api.w.org\/{rel}","templated":true}]}}