{"id":29130,"date":"2026-04-07T03:21:51","date_gmt":"2026-04-07T00:21:51","guid":{"rendered":"https:\/\/nordlinepaadid.ee\/pood\/trailing-inflatable-jobe-ridge-3\/"},"modified":"2026-04-08T08:03:39","modified_gmt":"2026-04-08T05:03:39","slug":"jarelveetav-rongas-jobe-ridge-3","status":"publish","type":"product","link":"https:\/\/nordlinepaadid.ee\/et\/pood\/veespordivahendid\/veesuusad-jarelveetavad-rongad\/jarelveetav-rongas-jobe-ridge-3\/","title":{"rendered":"J\u00c4RELVEETAV R\u00d5NGAS- JOBE\u00a0RIDGE &#8211; 3"},"content":{"rendered":"<p>Jobe Ridge-3. Turvalises ja mugavas istmes tunnevad s\u00f5itjad end suurtel kiirustel ja lainetes turvaliselt. See fantastiline r\u00f5ngas on kaetud 840 Denier nailonkattega mis on palju tugevam kui enamik konkurente, ning sellel on ka t\u00e4iendav turvakamber. Kaks lindiga k\u00e4epidet, 6 k\u00e4epidet koos neopreenist s\u00f5rmenukkide kaitsmetega, \u00fchesuunaline Bostoni klapp, kiir\u00fchendus lihtsaks pukseerimiseks, 28 Gauge PVC, m\u00f5\u00f5tmed t\u00e4ispuhutuna: 172 x 217 x 43 cm.<\/p>\n<p>&#13;<\/p>\n<p><iframe loading=\"lazy\" allowfullscreen=\"\" frameborder=\"0\" height=\"360\" src=\"\/\/www.youtube.com\/embed\/OdLO9KVVFIs\" width=\"640\"><\/iframe><\/p>\n<p>&#13;<\/p>\n","protected":false},"excerpt":{"rendered":"<p>Jobe Ridge-3. Turvalises ja mugavas istmes tunnevad s\u00f5itjad end suurtel kiirustel ja lainetes turvaliselt. See fantastiline r\u00f5ngas on kaetud 840 Denier nailonkattega mis on palju tugevam kui enamik konkurente, ning sellel on ka t\u00e4iendav turvakamber. Kaks lindiga k\u00e4epidet, 6 k\u00e4epidet koos neopreenist s\u00f5rmenukkide kaitsmetega, \u00fchesuunaline Bostoni klapp, kiir\u00fchendus lihtsaks pukseerimiseks, 28 Gauge PVC, m\u00f5\u00f5tmed t\u00e4ispuhutuna:&#8230;<\/p>\n","protected":false},"featured_media":29131,"template":"","meta":{"_kad_blocks_custom_css":"","_kad_blocks_head_custom_js":"","_kad_blocks_body_custom_js":"","_kad_blocks_footer_custom_js":"","_kad_post_transparent":"","_kad_post_title":"","_kad_post_layout":"","_kad_post_sidebar_id":"","_kad_post_content_style":"","_kad_post_vertical_padding":"","_kad_post_feature":"","_kad_post_feature_position":"","_kad_post_header":false,"_kad_post_footer":false,"_kad_post_classname":""},"product_brand":[],"product_cat":[262,1335],"product_tag":[],"class_list":{"0":"post-29130","1":"product","2":"type-product","3":"status-publish","4":"has-post-thumbnail","6":"product_cat-veespordivahendid","7":"product_cat-veesuusad-jarelveetavad-rongad","8":"product_shipping_class-euroalusele-mahtuv-kaup","9":"pa_producer-jobe","10":"pa_unit-pcs","11":"tm-no-options","13":"first","14":"onbackorder","15":"taxable","16":"shipping-taxable","17":"purchasable","18":"product-type-simple","19":"entry","20":"content-bg","21":"loop-entry"},"yoast_head":"<!-- This site is optimized with the Yoast SEO plugin v27.3 - https:\/\/yoast.com\/product\/yoast-seo-wordpress\/ -->\n<title>J\u00c4RELVEETAV R\u00d5NGAS- JOBE\u00a0RIDGE - 3 - NORDLINE s\u00f5udepaadid ja mootorpaadid. Klaasfiiber materjalist.<\/title>\n<meta name=\"robots\" content=\"index, follow, max-snippet:-1, max-image-preview:large, max-video-preview:-1\" \/>\n<link rel=\"canonical\" href=\"https:\/\/nordlinepaadid.ee\/et\/pood\/veespordivahendid\/veesuusad-jarelveetavad-rongad\/jarelveetav-rongas-jobe-ridge-3\/\" \/>\n<meta property=\"og:locale\" content=\"et_EE\" \/>\n<meta property=\"og:type\" content=\"article\" \/>\n<meta property=\"og:title\" content=\"J\u00c4RELVEETAV R\u00d5NGAS- JOBE\u00a0RIDGE - 3 - NORDLINE s\u00f5udepaadid ja mootorpaadid. Klaasfiiber materjalist.\" \/>\n<meta property=\"og:description\" content=\"Jobe Ridge-3. Turvalises ja mugavas istmes tunnevad s\u00f5itjad end suurtel kiirustel ja lainetes turvaliselt. See fantastiline r\u00f5ngas on kaetud 840 Denier nailonkattega mis on palju tugevam kui enamik konkurente, ning sellel on ka t\u00e4iendav turvakamber. Kaks lindiga k\u00e4epidet, 6 k\u00e4epidet koos neopreenist s\u00f5rmenukkide kaitsmetega, \u00fchesuunaline Bostoni klapp, kiir\u00fchendus lihtsaks pukseerimiseks, 28 Gauge PVC, m\u00f5\u00f5tmed t\u00e4ispuhutuna:...\" \/>\n<meta property=\"og:url\" content=\"https:\/\/nordlinepaadid.ee\/et\/pood\/veespordivahendid\/veesuusad-jarelveetavad-rongad\/jarelveetav-rongas-jobe-ridge-3\/\" \/>\n<meta property=\"og:site_name\" content=\"NORDLINE s\u00f5udepaadid ja mootorpaadid. Klaasfiiber materjalist.\" \/>\n<meta property=\"article:publisher\" content=\"https:\/\/www.facebook.com\/nordlineboats\" \/>\n<meta property=\"article:modified_time\" content=\"2026-04-08T05:03:39+00:00\" \/>\n<meta property=\"og:image\" content=\"https:\/\/nordlinepaadid.ee\/wp-content\/uploads\/2023\/03\/8766_RIDGE_3_-_1.jpg\" \/>\n\t<meta property=\"og:image:width\" content=\"953\" \/>\n\t<meta property=\"og:image:height\" content=\"622\" \/>\n\t<meta property=\"og:image:type\" content=\"image\/jpeg\" \/>\n<meta name=\"twitter:card\" content=\"summary_large_image\" \/>\n<script type=\"application\/ld+json\" class=\"yoast-schema-graph\">{\"@context\":\"https:\\\/\\\/schema.org\",\"@graph\":[{\"@type\":\"WebPage\",\"@id\":\"https:\\\/\\\/nordlinepaadid.ee\\\/et\\\/pood\\\/veespordivahendid\\\/veesuusad-jarelveetavad-rongad\\\/jarelveetav-rongas-jobe-ridge-3\\\/\",\"url\":\"https:\\\/\\\/nordlinepaadid.ee\\\/et\\\/pood\\\/veespordivahendid\\\/veesuusad-jarelveetavad-rongad\\\/jarelveetav-rongas-jobe-ridge-3\\\/\",\"name\":\"J\u00c4RELVEETAV R\u00d5NGAS- JOBE\u00a0RIDGE - 3 - NORDLINE s\u00f5udepaadid ja mootorpaadid. Klaasfiiber materjalist.\",\"isPartOf\":{\"@id\":\"https:\\\/\\\/nordlinepaadid.ee\\\/et\\\/#website\"},\"primaryImageOfPage\":{\"@id\":\"https:\\\/\\\/nordlinepaadid.ee\\\/et\\\/pood\\\/veespordivahendid\\\/veesuusad-jarelveetavad-rongad\\\/jarelveetav-rongas-jobe-ridge-3\\\/#primaryimage\"},\"image\":{\"@id\":\"https:\\\/\\\/nordlinepaadid.ee\\\/et\\\/pood\\\/veespordivahendid\\\/veesuusad-jarelveetavad-rongad\\\/jarelveetav-rongas-jobe-ridge-3\\\/#primaryimage\"},\"thumbnailUrl\":\"https:\\\/\\\/nordlinepaadid.ee\\\/wp-content\\\/uploads\\\/2023\\\/03\\\/8766_RIDGE_3_-_1.jpg\",\"datePublished\":\"2026-04-07T00:21:51+00:00\",\"dateModified\":\"2026-04-08T05:03:39+00:00\",\"breadcrumb\":{\"@id\":\"https:\\\/\\\/nordlinepaadid.ee\\\/et\\\/pood\\\/veespordivahendid\\\/veesuusad-jarelveetavad-rongad\\\/jarelveetav-rongas-jobe-ridge-3\\\/#breadcrumb\"},\"inLanguage\":\"et\",\"potentialAction\":[{\"@type\":\"ReadAction\",\"target\":[\"https:\\\/\\\/nordlinepaadid.ee\\\/et\\\/pood\\\/veespordivahendid\\\/veesuusad-jarelveetavad-rongad\\\/jarelveetav-rongas-jobe-ridge-3\\\/\"]}]},{\"@type\":\"ImageObject\",\"inLanguage\":\"et\",\"@id\":\"https:\\\/\\\/nordlinepaadid.ee\\\/et\\\/pood\\\/veespordivahendid\\\/veesuusad-jarelveetavad-rongad\\\/jarelveetav-rongas-jobe-ridge-3\\\/#primaryimage\",\"url\":\"https:\\\/\\\/nordlinepaadid.ee\\\/wp-content\\\/uploads\\\/2023\\\/03\\\/8766_RIDGE_3_-_1.jpg\",\"contentUrl\":\"https:\\\/\\\/nordlinepaadid.ee\\\/wp-content\\\/uploads\\\/2023\\\/03\\\/8766_RIDGE_3_-_1.jpg\",\"width\":953,\"height\":622},{\"@type\":\"BreadcrumbList\",\"@id\":\"https:\\\/\\\/nordlinepaadid.ee\\\/et\\\/pood\\\/veespordivahendid\\\/veesuusad-jarelveetavad-rongad\\\/jarelveetav-rongas-jobe-ridge-3\\\/#breadcrumb\",\"itemListElement\":[{\"@type\":\"ListItem\",\"position\":1,\"name\":\"Home\",\"item\":\"https:\\\/\\\/nordlinepaadid.ee\\\/et\\\/\"},{\"@type\":\"ListItem\",\"position\":2,\"name\":\"Pood\",\"item\":\"https:\\\/\\\/nordlinepaadid.ee\\\/et\\\/pood\\\/\"},{\"@type\":\"ListItem\",\"position\":3,\"name\":\"J\u00c4RELVEETAV R\u00d5NGAS- JOBE\u00a0RIDGE &#8211; 3\"}]},{\"@type\":\"WebSite\",\"@id\":\"https:\\\/\\\/nordlinepaadid.ee\\\/et\\\/#website\",\"url\":\"https:\\\/\\\/nordlinepaadid.ee\\\/et\\\/\",\"name\":\"NORDLINE s\u00f5udepaadid ja mootorpaadid. Klaasfiiber materjalist.\",\"description\":\"\",\"publisher\":{\"@id\":\"https:\\\/\\\/nordlinepaadid.ee\\\/et\\\/#organization\"},\"potentialAction\":[{\"@type\":\"SearchAction\",\"target\":{\"@type\":\"EntryPoint\",\"urlTemplate\":\"https:\\\/\\\/nordlinepaadid.ee\\\/et\\\/?s={search_term_string}\"},\"query-input\":{\"@type\":\"PropertyValueSpecification\",\"valueRequired\":true,\"valueName\":\"search_term_string\"}}],\"inLanguage\":\"et\"},{\"@type\":\"Organization\",\"@id\":\"https:\\\/\\\/nordlinepaadid.ee\\\/et\\\/#organization\",\"name\":\"Nordlineboats\",\"url\":\"https:\\\/\\\/nordlinepaadid.ee\\\/et\\\/\",\"logo\":{\"@type\":\"ImageObject\",\"inLanguage\":\"et\",\"@id\":\"https:\\\/\\\/nordlinepaadid.ee\\\/et\\\/#\\\/schema\\\/logo\\\/image\\\/\",\"url\":\"https:\\\/\\\/nordlinepaadid.ee\\\/wp-content\\\/uploads\\\/2023\\\/01\\\/fulllogo_transparent_nobuffer-e1672750475494.png\",\"contentUrl\":\"https:\\\/\\\/nordlinepaadid.ee\\\/wp-content\\\/uploads\\\/2023\\\/01\\\/fulllogo_transparent_nobuffer-e1672750475494.png\",\"width\":150,\"height\":119,\"caption\":\"Nordlineboats\"},\"image\":{\"@id\":\"https:\\\/\\\/nordlinepaadid.ee\\\/et\\\/#\\\/schema\\\/logo\\\/image\\\/\"},\"sameAs\":[\"https:\\\/\\\/www.facebook.com\\\/nordlineboats\",\"https:\\\/\\\/www.youtube.com\\\/channel\\\/UCbgF0fy02y3QkFnujaLTaCA\"]}]}<\/script>\n<!-- \/ Yoast SEO plugin. -->","yoast_head_json":{"title":"J\u00c4RELVEETAV R\u00d5NGAS- JOBE\u00a0RIDGE - 3 - NORDLINE s\u00f5udepaadid ja mootorpaadid. Klaasfiiber materjalist.","robots":{"index":"index","follow":"follow","max-snippet":"max-snippet:-1","max-image-preview":"max-image-preview:large","max-video-preview":"max-video-preview:-1"},"canonical":"https:\/\/nordlinepaadid.ee\/et\/pood\/veespordivahendid\/veesuusad-jarelveetavad-rongad\/jarelveetav-rongas-jobe-ridge-3\/","og_locale":"et_EE","og_type":"article","og_title":"J\u00c4RELVEETAV R\u00d5NGAS- JOBE\u00a0RIDGE - 3 - NORDLINE s\u00f5udepaadid ja mootorpaadid. Klaasfiiber materjalist.","og_description":"Jobe Ridge-3. Turvalises ja mugavas istmes tunnevad s\u00f5itjad end suurtel kiirustel ja lainetes turvaliselt. See fantastiline r\u00f5ngas on kaetud 840 Denier nailonkattega mis on palju tugevam kui enamik konkurente, ning sellel on ka t\u00e4iendav turvakamber. Kaks lindiga k\u00e4epidet, 6 k\u00e4epidet koos neopreenist s\u00f5rmenukkide kaitsmetega, \u00fchesuunaline Bostoni klapp, kiir\u00fchendus lihtsaks pukseerimiseks, 28 Gauge PVC, m\u00f5\u00f5tmed t\u00e4ispuhutuna:...","og_url":"https:\/\/nordlinepaadid.ee\/et\/pood\/veespordivahendid\/veesuusad-jarelveetavad-rongad\/jarelveetav-rongas-jobe-ridge-3\/","og_site_name":"NORDLINE s\u00f5udepaadid ja mootorpaadid. Klaasfiiber materjalist.","article_publisher":"https:\/\/www.facebook.com\/nordlineboats","article_modified_time":"2026-04-08T05:03:39+00:00","og_image":[{"width":953,"height":622,"url":"https:\/\/nordlinepaadid.ee\/wp-content\/uploads\/2023\/03\/8766_RIDGE_3_-_1.jpg","type":"image\/jpeg"}],"twitter_card":"summary_large_image","schema":{"@context":"https:\/\/schema.org","@graph":[{"@type":"WebPage","@id":"https:\/\/nordlinepaadid.ee\/et\/pood\/veespordivahendid\/veesuusad-jarelveetavad-rongad\/jarelveetav-rongas-jobe-ridge-3\/","url":"https:\/\/nordlinepaadid.ee\/et\/pood\/veespordivahendid\/veesuusad-jarelveetavad-rongad\/jarelveetav-rongas-jobe-ridge-3\/","name":"J\u00c4RELVEETAV R\u00d5NGAS- JOBE\u00a0RIDGE - 3 - NORDLINE s\u00f5udepaadid ja mootorpaadid. Klaasfiiber materjalist.","isPartOf":{"@id":"https:\/\/nordlinepaadid.ee\/et\/#website"},"primaryImageOfPage":{"@id":"https:\/\/nordlinepaadid.ee\/et\/pood\/veespordivahendid\/veesuusad-jarelveetavad-rongad\/jarelveetav-rongas-jobe-ridge-3\/#primaryimage"},"image":{"@id":"https:\/\/nordlinepaadid.ee\/et\/pood\/veespordivahendid\/veesuusad-jarelveetavad-rongad\/jarelveetav-rongas-jobe-ridge-3\/#primaryimage"},"thumbnailUrl":"https:\/\/nordlinepaadid.ee\/wp-content\/uploads\/2023\/03\/8766_RIDGE_3_-_1.jpg","datePublished":"2026-04-07T00:21:51+00:00","dateModified":"2026-04-08T05:03:39+00:00","breadcrumb":{"@id":"https:\/\/nordlinepaadid.ee\/et\/pood\/veespordivahendid\/veesuusad-jarelveetavad-rongad\/jarelveetav-rongas-jobe-ridge-3\/#breadcrumb"},"inLanguage":"et","potentialAction":[{"@type":"ReadAction","target":["https:\/\/nordlinepaadid.ee\/et\/pood\/veespordivahendid\/veesuusad-jarelveetavad-rongad\/jarelveetav-rongas-jobe-ridge-3\/"]}]},{"@type":"ImageObject","inLanguage":"et","@id":"https:\/\/nordlinepaadid.ee\/et\/pood\/veespordivahendid\/veesuusad-jarelveetavad-rongad\/jarelveetav-rongas-jobe-ridge-3\/#primaryimage","url":"https:\/\/nordlinepaadid.ee\/wp-content\/uploads\/2023\/03\/8766_RIDGE_3_-_1.jpg","contentUrl":"https:\/\/nordlinepaadid.ee\/wp-content\/uploads\/2023\/03\/8766_RIDGE_3_-_1.jpg","width":953,"height":622},{"@type":"BreadcrumbList","@id":"https:\/\/nordlinepaadid.ee\/et\/pood\/veespordivahendid\/veesuusad-jarelveetavad-rongad\/jarelveetav-rongas-jobe-ridge-3\/#breadcrumb","itemListElement":[{"@type":"ListItem","position":1,"name":"Home","item":"https:\/\/nordlinepaadid.ee\/et\/"},{"@type":"ListItem","position":2,"name":"Pood","item":"https:\/\/nordlinepaadid.ee\/et\/pood\/"},{"@type":"ListItem","position":3,"name":"J\u00c4RELVEETAV R\u00d5NGAS- JOBE\u00a0RIDGE &#8211; 3"}]},{"@type":"WebSite","@id":"https:\/\/nordlinepaadid.ee\/et\/#website","url":"https:\/\/nordlinepaadid.ee\/et\/","name":"NORDLINE s\u00f5udepaadid ja mootorpaadid. Klaasfiiber materjalist.","description":"","publisher":{"@id":"https:\/\/nordlinepaadid.ee\/et\/#organization"},"potentialAction":[{"@type":"SearchAction","target":{"@type":"EntryPoint","urlTemplate":"https:\/\/nordlinepaadid.ee\/et\/?s={search_term_string}"},"query-input":{"@type":"PropertyValueSpecification","valueRequired":true,"valueName":"search_term_string"}}],"inLanguage":"et"},{"@type":"Organization","@id":"https:\/\/nordlinepaadid.ee\/et\/#organization","name":"Nordlineboats","url":"https:\/\/nordlinepaadid.ee\/et\/","logo":{"@type":"ImageObject","inLanguage":"et","@id":"https:\/\/nordlinepaadid.ee\/et\/#\/schema\/logo\/image\/","url":"https:\/\/nordlinepaadid.ee\/wp-content\/uploads\/2023\/01\/fulllogo_transparent_nobuffer-e1672750475494.png","contentUrl":"https:\/\/nordlinepaadid.ee\/wp-content\/uploads\/2023\/01\/fulllogo_transparent_nobuffer-e1672750475494.png","width":150,"height":119,"caption":"Nordlineboats"},"image":{"@id":"https:\/\/nordlinepaadid.ee\/et\/#\/schema\/logo\/image\/"},"sameAs":["https:\/\/www.facebook.com\/nordlineboats","https:\/\/www.youtube.com\/channel\/UCbgF0fy02y3QkFnujaLTaCA"]}]}},"taxonomy_info":{"product_cat":[{"value":262,"label":"VEESPORDIVAHENDID, VABA AEG"},{"value":1335,"label":"Veesuusad, J\u00e4relveetavad R\u00f5ngad"}],"pa_producer":[{"value":576,"label":"Jobe"}],"pa_unit":[{"value":416,"label":"pcs"}]},"featured_image_src_large":["https:\/\/nordlinepaadid.ee\/wp-content\/uploads\/2023\/03\/8766_RIDGE_3_-_1.jpg",953,622,false],"author_info":[],"comment_info":"","_links":{"self":[{"href":"https:\/\/nordlinepaadid.ee\/et\/wp-json\/wp\/v2\/product\/29130","targetHints":{"allow":["GET"]}}],"collection":[{"href":"https:\/\/nordlinepaadid.ee\/et\/wp-json\/wp\/v2\/product"}],"about":[{"href":"https:\/\/nordlinepaadid.ee\/et\/wp-json\/wp\/v2\/types\/product"}],"wp:featuredmedia":[{"embeddable":true,"href":"https:\/\/nordlinepaadid.ee\/et\/wp-json\/wp\/v2\/media\/29131"}],"wp:attachment":[{"href":"https:\/\/nordlinepaadid.ee\/et\/wp-json\/wp\/v2\/media?parent=29130"}],"wp:term":[{"taxonomy":"product_brand","embeddable":true,"href":"https:\/\/nordlinepaadid.ee\/et\/wp-json\/wp\/v2\/product_brand?post=29130"},{"taxonomy":"product_cat","embeddable":true,"href":"https:\/\/nordlinepaadid.ee\/et\/wp-json\/wp\/v2\/product_cat?post=29130"},{"taxonomy":"product_tag","embeddable":true,"href":"https:\/\/nordlinepaadid.ee\/et\/wp-json\/wp\/v2\/product_tag?post=29130"}],"curies":[{"name":"wp","href":"https:\/\/api.w.org\/{rel}","templated":true}]}}