{"id":34865,"date":"2026-04-07T03:05:25","date_gmt":"2026-04-07T00:05:25","guid":{"rendered":"https:\/\/nordlinepaadid.ee\/pood\/sikaflex-291-valge-310-ml-2\/"},"modified":"2026-04-07T03:05:25","modified_gmt":"2026-04-07T00:05:25","slug":"sikaflex-291i-must-liimhermeetik-300-ml","status":"publish","type":"product","link":"https:\/\/nordlinepaadid.ee\/et\/pood\/ru-boat-care-and-maintenance\/ru-sealing-adhesives-tapes-insulating\/sikaflex-291i-must-liimhermeetik-300-ml\/","title":{"rendered":"SIKAFLEX 291I , MUST LIIMHERMEETIK, 300 ml"},"content":{"rendered":"<p style=\"text-align:justify\">Sikaflex\u00ae-291i on \u00fchekomponentne pol\u00fcuretaanne tihendusmass, mis kuivades ei t\u00f5mba kokku ning on spetsiaalselt v\u00e4lja t\u00f6\u00f6tatud meret\u00f6\u00f6stuse jaoks. Taheneb kokkupuutel \u00f5huniiskusega. Sobib ideaalselt veekindlate lahenduste loomiseks, talub vibratsiooni, hea vastupidavus mereveele, lihvitav ja v\u00e4rvitav, hea nakkuvus enamiku materjalidega, vastab rahvusvahelise merendusorganisatsiooni (IMO) kehtestatud standarditele. Omadused: tihedus: umbes 1,3 kg \/ l, kasutustemperatuur: +15 \u00b0 C kuni +25 \u00b0 C, v\u00e4rvid: must.<\/p>\n<p>&#13;<\/p>\n<p><iframe loading=\"lazy\" allowfullscreen=\"\" frameborder=\"0\" height=\"360\" src=\"\/\/www.youtube.com\/embed\/ZgyIBpYvVbE\" width=\"640\"><\/iframe><\/p>\n<p>&#13;<\/p>\n","protected":false},"excerpt":{"rendered":"<p>Sikaflex\u00ae-291i on \u00fchekomponentne pol\u00fcuretaanne tihendusmass, mis kuivades ei t\u00f5mba kokku ning on spetsiaalselt v\u00e4lja t\u00f6\u00f6tatud meret\u00f6\u00f6stuse jaoks. Taheneb kokkupuutel \u00f5huniiskusega. Sobib ideaalselt veekindlate lahenduste loomiseks, talub vibratsiooni, hea vastupidavus mereveele, lihvitav ja v\u00e4rvitav, hea nakkuvus enamiku materjalidega, vastab rahvusvahelise merendusorganisatsiooni (IMO) kehtestatud standarditele. Omadused: tihedus: umbes 1,3 kg \/ l, kasutustemperatuur: +15 \u00b0 C kuni&#8230;<\/p>\n","protected":false},"featured_media":38820,"template":"","meta":{"_kad_blocks_custom_css":"","_kad_blocks_head_custom_js":"","_kad_blocks_body_custom_js":"","_kad_blocks_footer_custom_js":"","_kad_post_transparent":"","_kad_post_title":"","_kad_post_layout":"","_kad_post_sidebar_id":"","_kad_post_content_style":"","_kad_post_vertical_padding":"","_kad_post_feature":"","_kad_post_feature_position":"","_kad_post_header":false,"_kad_post_footer":false,"_kad_post_classname":""},"product_brand":[],"product_cat":[287,284,836],"product_tag":[],"class_list":{"0":"post-34865","1":"product","2":"type-product","3":"status-publish","4":"has-post-thumbnail","6":"product_cat-liimid-silikoonid-teibid-isolatsioon","7":"product_cat-paadihooldusvahendid","8":"product_cat-ru-sealing-adhesives-tapes-insulating","9":"product_shipping_class-pakiautomaati-mahtuv-kaup","10":"pa_color-must","11":"pa_producer-sika","12":"pa_unit-ml","13":"tm-no-options","15":"first","16":"instock","17":"sale","18":"taxable","19":"shipping-taxable","20":"purchasable","21":"product-type-simple","22":"entry","23":"content-bg","24":"loop-entry"},"yoast_head":"<!-- This site is optimized with the Yoast SEO plugin v27.3 - https:\/\/yoast.com\/product\/yoast-seo-wordpress\/ -->\n<title>SIKAFLEX 291I , MUST LIIMHERMEETIK, 300 ml - NORDLINE s\u00f5udepaadid ja mootorpaadid. Klaasfiiber materjalist.<\/title>\n<meta name=\"robots\" content=\"index, follow, max-snippet:-1, max-image-preview:large, max-video-preview:-1\" \/>\n<link rel=\"canonical\" href=\"https:\/\/nordlinepaadid.ee\/et\/pood\/ru-boat-care-and-maintenance\/ru-sealing-adhesives-tapes-insulating\/sikaflex-291i-must-liimhermeetik-300-ml\/\" \/>\n<meta property=\"og:locale\" content=\"et_EE\" \/>\n<meta property=\"og:type\" content=\"article\" \/>\n<meta property=\"og:title\" content=\"SIKAFLEX 291I , MUST LIIMHERMEETIK, 300 ml - NORDLINE s\u00f5udepaadid ja mootorpaadid. Klaasfiiber materjalist.\" \/>\n<meta property=\"og:description\" content=\"Sikaflex\u00ae-291i on \u00fchekomponentne pol\u00fcuretaanne tihendusmass, mis kuivades ei t\u00f5mba kokku ning on spetsiaalselt v\u00e4lja t\u00f6\u00f6tatud meret\u00f6\u00f6stuse jaoks. Taheneb kokkupuutel \u00f5huniiskusega. Sobib ideaalselt veekindlate lahenduste loomiseks, talub vibratsiooni, hea vastupidavus mereveele, lihvitav ja v\u00e4rvitav, hea nakkuvus enamiku materjalidega, vastab rahvusvahelise merendusorganisatsiooni (IMO) kehtestatud standarditele. Omadused: tihedus: umbes 1,3 kg \/ l, kasutustemperatuur: +15 \u00b0 C kuni...\" \/>\n<meta property=\"og:url\" content=\"https:\/\/nordlinepaadid.ee\/et\/pood\/ru-boat-care-and-maintenance\/ru-sealing-adhesives-tapes-insulating\/sikaflex-291i-must-liimhermeetik-300-ml\/\" \/>\n<meta property=\"og:site_name\" content=\"NORDLINE s\u00f5udepaadid ja mootorpaadid. Klaasfiiber materjalist.\" \/>\n<meta property=\"article:publisher\" content=\"https:\/\/www.facebook.com\/nordlineboats\" \/>\n<meta property=\"og:image\" content=\"https:\/\/nordlinepaadid.ee\/wp-content\/uploads\/2023\/11\/958_EN_65.289.07-08.jpg\" \/>\n\t<meta property=\"og:image:width\" content=\"291\" \/>\n\t<meta property=\"og:image:height\" content=\"800\" \/>\n\t<meta property=\"og:image:type\" content=\"image\/jpeg\" \/>\n<meta name=\"twitter:card\" content=\"summary_large_image\" \/>\n<script type=\"application\/ld+json\" class=\"yoast-schema-graph\">{\"@context\":\"https:\\\/\\\/schema.org\",\"@graph\":[{\"@type\":\"WebPage\",\"@id\":\"https:\\\/\\\/nordlinepaadid.ee\\\/et\\\/pood\\\/ru-boat-care-and-maintenance\\\/ru-sealing-adhesives-tapes-insulating\\\/sikaflex-291i-must-liimhermeetik-300-ml\\\/\",\"url\":\"https:\\\/\\\/nordlinepaadid.ee\\\/et\\\/pood\\\/ru-boat-care-and-maintenance\\\/ru-sealing-adhesives-tapes-insulating\\\/sikaflex-291i-must-liimhermeetik-300-ml\\\/\",\"name\":\"SIKAFLEX 291I , MUST LIIMHERMEETIK, 300 ml - NORDLINE s\u00f5udepaadid ja mootorpaadid. Klaasfiiber materjalist.\",\"isPartOf\":{\"@id\":\"https:\\\/\\\/nordlinepaadid.ee\\\/et\\\/#website\"},\"primaryImageOfPage\":{\"@id\":\"https:\\\/\\\/nordlinepaadid.ee\\\/et\\\/pood\\\/ru-boat-care-and-maintenance\\\/ru-sealing-adhesives-tapes-insulating\\\/sikaflex-291i-must-liimhermeetik-300-ml\\\/#primaryimage\"},\"image\":{\"@id\":\"https:\\\/\\\/nordlinepaadid.ee\\\/et\\\/pood\\\/ru-boat-care-and-maintenance\\\/ru-sealing-adhesives-tapes-insulating\\\/sikaflex-291i-must-liimhermeetik-300-ml\\\/#primaryimage\"},\"thumbnailUrl\":\"https:\\\/\\\/nordlinepaadid.ee\\\/wp-content\\\/uploads\\\/2023\\\/11\\\/958_EN_65.289.07-08.jpg\",\"datePublished\":\"2026-04-07T00:05:25+00:00\",\"breadcrumb\":{\"@id\":\"https:\\\/\\\/nordlinepaadid.ee\\\/et\\\/pood\\\/ru-boat-care-and-maintenance\\\/ru-sealing-adhesives-tapes-insulating\\\/sikaflex-291i-must-liimhermeetik-300-ml\\\/#breadcrumb\"},\"inLanguage\":\"et\",\"potentialAction\":[{\"@type\":\"ReadAction\",\"target\":[\"https:\\\/\\\/nordlinepaadid.ee\\\/et\\\/pood\\\/ru-boat-care-and-maintenance\\\/ru-sealing-adhesives-tapes-insulating\\\/sikaflex-291i-must-liimhermeetik-300-ml\\\/\"]}]},{\"@type\":\"ImageObject\",\"inLanguage\":\"et\",\"@id\":\"https:\\\/\\\/nordlinepaadid.ee\\\/et\\\/pood\\\/ru-boat-care-and-maintenance\\\/ru-sealing-adhesives-tapes-insulating\\\/sikaflex-291i-must-liimhermeetik-300-ml\\\/#primaryimage\",\"url\":\"https:\\\/\\\/nordlinepaadid.ee\\\/wp-content\\\/uploads\\\/2023\\\/11\\\/958_EN_65.289.07-08.jpg\",\"contentUrl\":\"https:\\\/\\\/nordlinepaadid.ee\\\/wp-content\\\/uploads\\\/2023\\\/11\\\/958_EN_65.289.07-08.jpg\",\"width\":291,\"height\":800},{\"@type\":\"BreadcrumbList\",\"@id\":\"https:\\\/\\\/nordlinepaadid.ee\\\/et\\\/pood\\\/ru-boat-care-and-maintenance\\\/ru-sealing-adhesives-tapes-insulating\\\/sikaflex-291i-must-liimhermeetik-300-ml\\\/#breadcrumb\",\"itemListElement\":[{\"@type\":\"ListItem\",\"position\":1,\"name\":\"Home\",\"item\":\"https:\\\/\\\/nordlinepaadid.ee\\\/et\\\/\"},{\"@type\":\"ListItem\",\"position\":2,\"name\":\"Pood\",\"item\":\"https:\\\/\\\/nordlinepaadid.ee\\\/et\\\/pood\\\/\"},{\"@type\":\"ListItem\",\"position\":3,\"name\":\"SIKAFLEX 291I , MUST LIIMHERMEETIK, 300 ml\"}]},{\"@type\":\"WebSite\",\"@id\":\"https:\\\/\\\/nordlinepaadid.ee\\\/et\\\/#website\",\"url\":\"https:\\\/\\\/nordlinepaadid.ee\\\/et\\\/\",\"name\":\"NORDLINE s\u00f5udepaadid ja mootorpaadid. Klaasfiiber materjalist.\",\"description\":\"\",\"publisher\":{\"@id\":\"https:\\\/\\\/nordlinepaadid.ee\\\/et\\\/#organization\"},\"potentialAction\":[{\"@type\":\"SearchAction\",\"target\":{\"@type\":\"EntryPoint\",\"urlTemplate\":\"https:\\\/\\\/nordlinepaadid.ee\\\/et\\\/?s={search_term_string}\"},\"query-input\":{\"@type\":\"PropertyValueSpecification\",\"valueRequired\":true,\"valueName\":\"search_term_string\"}}],\"inLanguage\":\"et\"},{\"@type\":\"Organization\",\"@id\":\"https:\\\/\\\/nordlinepaadid.ee\\\/et\\\/#organization\",\"name\":\"Nordlineboats\",\"url\":\"https:\\\/\\\/nordlinepaadid.ee\\\/et\\\/\",\"logo\":{\"@type\":\"ImageObject\",\"inLanguage\":\"et\",\"@id\":\"https:\\\/\\\/nordlinepaadid.ee\\\/et\\\/#\\\/schema\\\/logo\\\/image\\\/\",\"url\":\"https:\\\/\\\/nordlinepaadid.ee\\\/wp-content\\\/uploads\\\/2023\\\/01\\\/fulllogo_transparent_nobuffer-e1672750475494.png\",\"contentUrl\":\"https:\\\/\\\/nordlinepaadid.ee\\\/wp-content\\\/uploads\\\/2023\\\/01\\\/fulllogo_transparent_nobuffer-e1672750475494.png\",\"width\":150,\"height\":119,\"caption\":\"Nordlineboats\"},\"image\":{\"@id\":\"https:\\\/\\\/nordlinepaadid.ee\\\/et\\\/#\\\/schema\\\/logo\\\/image\\\/\"},\"sameAs\":[\"https:\\\/\\\/www.facebook.com\\\/nordlineboats\",\"https:\\\/\\\/www.youtube.com\\\/channel\\\/UCbgF0fy02y3QkFnujaLTaCA\"]}]}<\/script>\n<!-- \/ Yoast SEO plugin. -->","yoast_head_json":{"title":"SIKAFLEX 291I , MUST LIIMHERMEETIK, 300 ml - NORDLINE s\u00f5udepaadid ja mootorpaadid. Klaasfiiber materjalist.","robots":{"index":"index","follow":"follow","max-snippet":"max-snippet:-1","max-image-preview":"max-image-preview:large","max-video-preview":"max-video-preview:-1"},"canonical":"https:\/\/nordlinepaadid.ee\/et\/pood\/ru-boat-care-and-maintenance\/ru-sealing-adhesives-tapes-insulating\/sikaflex-291i-must-liimhermeetik-300-ml\/","og_locale":"et_EE","og_type":"article","og_title":"SIKAFLEX 291I , MUST LIIMHERMEETIK, 300 ml - NORDLINE s\u00f5udepaadid ja mootorpaadid. Klaasfiiber materjalist.","og_description":"Sikaflex\u00ae-291i on \u00fchekomponentne pol\u00fcuretaanne tihendusmass, mis kuivades ei t\u00f5mba kokku ning on spetsiaalselt v\u00e4lja t\u00f6\u00f6tatud meret\u00f6\u00f6stuse jaoks. Taheneb kokkupuutel \u00f5huniiskusega. Sobib ideaalselt veekindlate lahenduste loomiseks, talub vibratsiooni, hea vastupidavus mereveele, lihvitav ja v\u00e4rvitav, hea nakkuvus enamiku materjalidega, vastab rahvusvahelise merendusorganisatsiooni (IMO) kehtestatud standarditele. Omadused: tihedus: umbes 1,3 kg \/ l, kasutustemperatuur: +15 \u00b0 C kuni...","og_url":"https:\/\/nordlinepaadid.ee\/et\/pood\/ru-boat-care-and-maintenance\/ru-sealing-adhesives-tapes-insulating\/sikaflex-291i-must-liimhermeetik-300-ml\/","og_site_name":"NORDLINE s\u00f5udepaadid ja mootorpaadid. Klaasfiiber materjalist.","article_publisher":"https:\/\/www.facebook.com\/nordlineboats","og_image":[{"width":291,"height":800,"url":"https:\/\/nordlinepaadid.ee\/wp-content\/uploads\/2023\/11\/958_EN_65.289.07-08.jpg","type":"image\/jpeg"}],"twitter_card":"summary_large_image","schema":{"@context":"https:\/\/schema.org","@graph":[{"@type":"WebPage","@id":"https:\/\/nordlinepaadid.ee\/et\/pood\/ru-boat-care-and-maintenance\/ru-sealing-adhesives-tapes-insulating\/sikaflex-291i-must-liimhermeetik-300-ml\/","url":"https:\/\/nordlinepaadid.ee\/et\/pood\/ru-boat-care-and-maintenance\/ru-sealing-adhesives-tapes-insulating\/sikaflex-291i-must-liimhermeetik-300-ml\/","name":"SIKAFLEX 291I , MUST LIIMHERMEETIK, 300 ml - NORDLINE s\u00f5udepaadid ja mootorpaadid. Klaasfiiber materjalist.","isPartOf":{"@id":"https:\/\/nordlinepaadid.ee\/et\/#website"},"primaryImageOfPage":{"@id":"https:\/\/nordlinepaadid.ee\/et\/pood\/ru-boat-care-and-maintenance\/ru-sealing-adhesives-tapes-insulating\/sikaflex-291i-must-liimhermeetik-300-ml\/#primaryimage"},"image":{"@id":"https:\/\/nordlinepaadid.ee\/et\/pood\/ru-boat-care-and-maintenance\/ru-sealing-adhesives-tapes-insulating\/sikaflex-291i-must-liimhermeetik-300-ml\/#primaryimage"},"thumbnailUrl":"https:\/\/nordlinepaadid.ee\/wp-content\/uploads\/2023\/11\/958_EN_65.289.07-08.jpg","datePublished":"2026-04-07T00:05:25+00:00","breadcrumb":{"@id":"https:\/\/nordlinepaadid.ee\/et\/pood\/ru-boat-care-and-maintenance\/ru-sealing-adhesives-tapes-insulating\/sikaflex-291i-must-liimhermeetik-300-ml\/#breadcrumb"},"inLanguage":"et","potentialAction":[{"@type":"ReadAction","target":["https:\/\/nordlinepaadid.ee\/et\/pood\/ru-boat-care-and-maintenance\/ru-sealing-adhesives-tapes-insulating\/sikaflex-291i-must-liimhermeetik-300-ml\/"]}]},{"@type":"ImageObject","inLanguage":"et","@id":"https:\/\/nordlinepaadid.ee\/et\/pood\/ru-boat-care-and-maintenance\/ru-sealing-adhesives-tapes-insulating\/sikaflex-291i-must-liimhermeetik-300-ml\/#primaryimage","url":"https:\/\/nordlinepaadid.ee\/wp-content\/uploads\/2023\/11\/958_EN_65.289.07-08.jpg","contentUrl":"https:\/\/nordlinepaadid.ee\/wp-content\/uploads\/2023\/11\/958_EN_65.289.07-08.jpg","width":291,"height":800},{"@type":"BreadcrumbList","@id":"https:\/\/nordlinepaadid.ee\/et\/pood\/ru-boat-care-and-maintenance\/ru-sealing-adhesives-tapes-insulating\/sikaflex-291i-must-liimhermeetik-300-ml\/#breadcrumb","itemListElement":[{"@type":"ListItem","position":1,"name":"Home","item":"https:\/\/nordlinepaadid.ee\/et\/"},{"@type":"ListItem","position":2,"name":"Pood","item":"https:\/\/nordlinepaadid.ee\/et\/pood\/"},{"@type":"ListItem","position":3,"name":"SIKAFLEX 291I , MUST LIIMHERMEETIK, 300 ml"}]},{"@type":"WebSite","@id":"https:\/\/nordlinepaadid.ee\/et\/#website","url":"https:\/\/nordlinepaadid.ee\/et\/","name":"NORDLINE s\u00f5udepaadid ja mootorpaadid. Klaasfiiber materjalist.","description":"","publisher":{"@id":"https:\/\/nordlinepaadid.ee\/et\/#organization"},"potentialAction":[{"@type":"SearchAction","target":{"@type":"EntryPoint","urlTemplate":"https:\/\/nordlinepaadid.ee\/et\/?s={search_term_string}"},"query-input":{"@type":"PropertyValueSpecification","valueRequired":true,"valueName":"search_term_string"}}],"inLanguage":"et"},{"@type":"Organization","@id":"https:\/\/nordlinepaadid.ee\/et\/#organization","name":"Nordlineboats","url":"https:\/\/nordlinepaadid.ee\/et\/","logo":{"@type":"ImageObject","inLanguage":"et","@id":"https:\/\/nordlinepaadid.ee\/et\/#\/schema\/logo\/image\/","url":"https:\/\/nordlinepaadid.ee\/wp-content\/uploads\/2023\/01\/fulllogo_transparent_nobuffer-e1672750475494.png","contentUrl":"https:\/\/nordlinepaadid.ee\/wp-content\/uploads\/2023\/01\/fulllogo_transparent_nobuffer-e1672750475494.png","width":150,"height":119,"caption":"Nordlineboats"},"image":{"@id":"https:\/\/nordlinepaadid.ee\/et\/#\/schema\/logo\/image\/"},"sameAs":["https:\/\/www.facebook.com\/nordlineboats","https:\/\/www.youtube.com\/channel\/UCbgF0fy02y3QkFnujaLTaCA"]}]}},"taxonomy_info":{"product_cat":[{"value":287,"label":"Liimid, Silikoonid, Teibid, Isolatsioon"},{"value":284,"label":"PAADIHOOLDUSVAHENDID"},{"value":836,"label":"\u041a\u043b\u0435\u0439, \u0421\u0438\u043b\u0438\u043a\u043e\u043d\u044b, \u041b\u0435\u043d\u0442\u044b, \u0418\u0437\u043e\u043b\u044f\u0446\u0438\u044f"}],"pa_color":[{"value":684,"label":"Must"}],"pa_producer":[{"value":434,"label":"Sika"}],"pa_unit":[{"value":433,"label":"ml"}]},"featured_image_src_large":["https:\/\/nordlinepaadid.ee\/wp-content\/uploads\/2023\/11\/958_EN_65.289.07-08.jpg",291,800,false],"author_info":[],"comment_info":"","_links":{"self":[{"href":"https:\/\/nordlinepaadid.ee\/et\/wp-json\/wp\/v2\/product\/34865","targetHints":{"allow":["GET"]}}],"collection":[{"href":"https:\/\/nordlinepaadid.ee\/et\/wp-json\/wp\/v2\/product"}],"about":[{"href":"https:\/\/nordlinepaadid.ee\/et\/wp-json\/wp\/v2\/types\/product"}],"wp:featuredmedia":[{"embeddable":true,"href":"https:\/\/nordlinepaadid.ee\/et\/wp-json\/wp\/v2\/media\/38820"}],"wp:attachment":[{"href":"https:\/\/nordlinepaadid.ee\/et\/wp-json\/wp\/v2\/media?parent=34865"}],"wp:term":[{"taxonomy":"product_brand","embeddable":true,"href":"https:\/\/nordlinepaadid.ee\/et\/wp-json\/wp\/v2\/product_brand?post=34865"},{"taxonomy":"product_cat","embeddable":true,"href":"https:\/\/nordlinepaadid.ee\/et\/wp-json\/wp\/v2\/product_cat?post=34865"},{"taxonomy":"product_tag","embeddable":true,"href":"https:\/\/nordlinepaadid.ee\/et\/wp-json\/wp\/v2\/product_tag?post=34865"}],"curies":[{"name":"wp","href":"https:\/\/api.w.org\/{rel}","templated":true}]}}