{"id":34916,"date":"2026-04-07T03:16:32","date_gmt":"2026-04-07T00:16:32","guid":{"rendered":"https:\/\/nordlinepaadid.ee\/pood\/soudepaat-nordline-29-2\/"},"modified":"2026-04-07T03:16:32","modified_gmt":"2026-04-07T00:16:32","slug":"soudepaat-nordline-29-2","status":"publish","type":"product","link":"https:\/\/nordlinepaadid.ee\/et\/pood\/maaratlemata\/soudepaat-nordline-29-2\/","title":{"rendered":"S\u00d5UDEPAAT &#8211; NORDLINE 29"},"content":{"rendered":"<p style=\"text-align: justify;\">S\u00f5udepaat Nordline 29 on enim kiidetud paat kalastuseks. T\u00e4nu katamaraan p\u00f5hjale on tagatud \u00fclim stabiilsus \u2013 v\u00f5ib julgelt isegi p\u00fcsti kalastada. Kerge paat liigub suurep\u00e4raselt aerudega ja on ka mootori paigaldamise v\u00f5imalus. Paat on v\u00e4ga ruumikas ja varustatud kolme paari istmetega, millest kaks on teisaldatavad. Paadil on topelt p\u00f5hi. Komplekti kuulub: Paat, v\u00f6\u00f6ri konks, p\u00e4ralaud, aerutulli pesad ja dokumentatsioon. Komplektis ei sisaldu aerud. Paadi pikkus: 2,95 m, laius: 1,35 m, kaal: 60 kg, parda k\u00f5rgu:s 0,5 m, s\u00fcvis: 0,15 m, lubatud inimeste arv parda:l 3, lubatud koormus: 290 kg, lubatud mootori v\u00f5imsus: 6 HJ, kategooria: D, mootori jala k\u00f5rgus: l\u00fchike, soovituslik aerude pikkus: 2,1 m, garantii 2 a, CE sertifikaat. Toodetud Eestis.<\/p>\n<p>&#13;<\/p>\n<p><strong>OSTES MEILT NORDLINE PAADI LISANDUVAD PAADIOSTUGA J\u00c4RGMISED SOODUSTUSED:<\/strong><\/p>\n<p>&#13;<br \/>\n&#13;<\/p>\n<p>&nbsp;<\/p>\n<p>&#13;<br \/>\n&#13;<\/p>\n<p>* P\u00e4\u00e4stevestid ja p\u00e4\u00e4stevahendid allahindlusega &#8211; 15 %<\/p>\n<p>&#13;<br \/>\n&#13;<\/p>\n<p>* Paadi lisavarustus (aerud, knaabid, sildumisotsad, \u00f5ngeridvahoidjad jne.) &#8211; 20 %<\/p>\n<p>&#13;<br \/>\n&#13;<\/p>\n<p>* Soodushinnaga Mercury v\u00f5i Suzuki p\u00e4ramootor<\/p>\n<p>&#13;<br \/>\n&#13;<\/p>\n<p>* Soodushinnaga Minn Kota elektrimootor<\/p>\n<p>&#13;<br \/>\n&#13;<\/p>\n<p>&nbsp;<\/p>\n<p>&#13;<br \/>\n&#13;<\/p>\n<h2><span style=\"color:rgb(255, 0, 0)\"><span style=\"font-size:14px\">PAADI KOHALETOIMETAMINE \u00dcLE EESTI 129.99 EUR V.A V\u00c4IKESAARED<\/span><\/span><\/h2>\n<p>&#13;<br \/>\n&#13;<\/p>\n<h2><span style=\"color:rgb(255, 0, 0)\"><span style=\"font-size:14px\">TRANSPORDIKS V\u00c4IKESAARTELE V\u00d5TA \u00dcHENDUST MEIE M\u00dc\u00dcGIOSAKONNAGA: SALES@PROMARINE.EE<\/span><\/span><\/h2>\n<p>&#13;<br \/>\n&#13;<\/p>\n<p>&nbsp;<\/p>\n<p>&#13;<br \/>\n&#13;<\/p>\n<p><iframe loading=\"lazy\" allowfullscreen=\"\" frameborder=\"0\" height=\"360\" src=\"\/\/www.youtube.com\/embed\/PPbSEAF2iDY\" width=\"640\"><\/iframe><\/p>\n<p>&#13;<\/p>\n","protected":false},"excerpt":{"rendered":"<p>S\u00f5udepaat Nordline 29 on enim kiidetud paat kalastuseks. T\u00e4nu katamaraan p\u00f5hjale on tagatud \u00fclim stabiilsus \u2013 v\u00f5ib julgelt isegi p\u00fcsti kalastada. Kerge paat liigub suurep\u00e4raselt aerudega ja on ka mootori paigaldamise v\u00f5imalus. Paat on v\u00e4ga ruumikas ja varustatud kolme paari istmetega, millest kaks on teisaldatavad. Paadil on topelt p\u00f5hi. Komplekti kuulub: Paat, v\u00f6\u00f6ri konks, p\u00e4ralaud,&#8230;<\/p>\n","protected":false},"featured_media":23936,"template":"","meta":{"_kad_blocks_custom_css":"","_kad_blocks_head_custom_js":"","_kad_blocks_body_custom_js":"","_kad_blocks_footer_custom_js":"","_kad_post_transparent":"","_kad_post_title":"","_kad_post_layout":"","_kad_post_sidebar_id":"","_kad_post_content_style":"","_kad_post_vertical_padding":"","_kad_post_feature":"","_kad_post_feature_position":"","_kad_post_header":false,"_kad_post_footer":false,"_kad_post_classname":""},"product_brand":[],"product_cat":[],"product_tag":[],"class_list":{"0":"post-34916","1":"product","2":"type-product","3":"status-publish","4":"has-post-thumbnail","6":"pa_producer-nordline-boats","7":"pa_unit-pcs","8":"tm-no-options","10":"first","11":"onbackorder","12":"taxable","13":"shipping-taxable","14":"purchasable","15":"product-type-simple","16":"entry","17":"content-bg","18":"loop-entry"},"yoast_head":"<!-- This site is optimized with the Yoast SEO plugin v27.3 - https:\/\/yoast.com\/product\/yoast-seo-wordpress\/ -->\n<title>S\u00d5UDEPAAT - NORDLINE 29 - NORDLINE s\u00f5udepaadid ja mootorpaadid. Klaasfiiber materjalist.<\/title>\n<meta name=\"robots\" content=\"index, follow, max-snippet:-1, max-image-preview:large, max-video-preview:-1\" \/>\n<link rel=\"canonical\" href=\"https:\/\/nordlinepaadid.ee\/et\/pood\/maaratlemata\/soudepaat-nordline-29-2\/\" \/>\n<meta property=\"og:locale\" content=\"et_EE\" \/>\n<meta property=\"og:type\" content=\"article\" \/>\n<meta property=\"og:title\" content=\"S\u00d5UDEPAAT - NORDLINE 29 - NORDLINE s\u00f5udepaadid ja mootorpaadid. Klaasfiiber materjalist.\" \/>\n<meta property=\"og:description\" content=\"S\u00f5udepaat Nordline 29 on enim kiidetud paat kalastuseks. T\u00e4nu katamaraan p\u00f5hjale on tagatud \u00fclim stabiilsus \u2013 v\u00f5ib julgelt isegi p\u00fcsti kalastada. Kerge paat liigub suurep\u00e4raselt aerudega ja on ka mootori paigaldamise v\u00f5imalus. Paat on v\u00e4ga ruumikas ja varustatud kolme paari istmetega, millest kaks on teisaldatavad. Paadil on topelt p\u00f5hi. Komplekti kuulub: Paat, v\u00f6\u00f6ri konks, p\u00e4ralaud,...\" \/>\n<meta property=\"og:url\" content=\"https:\/\/nordlinepaadid.ee\/et\/pood\/maaratlemata\/soudepaat-nordline-29-2\/\" \/>\n<meta property=\"og:site_name\" content=\"NORDLINE s\u00f5udepaadid ja mootorpaadid. Klaasfiiber materjalist.\" \/>\n<meta property=\"article:publisher\" content=\"https:\/\/www.facebook.com\/nordlineboats\" \/>\n<meta property=\"og:image\" content=\"https:\/\/nordlinepaadid.ee\/wp-content\/uploads\/2023\/03\/5766_Soudepaat-Nordline-29-3.jpg\" \/>\n\t<meta property=\"og:image:width\" content=\"1280\" \/>\n\t<meta property=\"og:image:height\" content=\"910\" \/>\n\t<meta property=\"og:image:type\" content=\"image\/jpeg\" \/>\n<meta name=\"twitter:card\" content=\"summary_large_image\" \/>\n<meta name=\"twitter:label1\" content=\"Est. reading time\" \/>\n\t<meta name=\"twitter:data1\" content=\"1 minut\" \/>\n<script type=\"application\/ld+json\" class=\"yoast-schema-graph\">{\"@context\":\"https:\\\/\\\/schema.org\",\"@graph\":[{\"@type\":\"WebPage\",\"@id\":\"https:\\\/\\\/nordlinepaadid.ee\\\/et\\\/pood\\\/maaratlemata\\\/soudepaat-nordline-29-2\\\/\",\"url\":\"https:\\\/\\\/nordlinepaadid.ee\\\/et\\\/pood\\\/maaratlemata\\\/soudepaat-nordline-29-2\\\/\",\"name\":\"S\u00d5UDEPAAT - NORDLINE 29 - NORDLINE s\u00f5udepaadid ja mootorpaadid. Klaasfiiber materjalist.\",\"isPartOf\":{\"@id\":\"https:\\\/\\\/nordlinepaadid.ee\\\/et\\\/#website\"},\"primaryImageOfPage\":{\"@id\":\"https:\\\/\\\/nordlinepaadid.ee\\\/et\\\/pood\\\/maaratlemata\\\/soudepaat-nordline-29-2\\\/#primaryimage\"},\"image\":{\"@id\":\"https:\\\/\\\/nordlinepaadid.ee\\\/et\\\/pood\\\/maaratlemata\\\/soudepaat-nordline-29-2\\\/#primaryimage\"},\"thumbnailUrl\":\"https:\\\/\\\/nordlinepaadid.ee\\\/wp-content\\\/uploads\\\/2023\\\/03\\\/5766_Soudepaat-Nordline-29-3.jpg\",\"datePublished\":\"2026-04-07T00:16:32+00:00\",\"breadcrumb\":{\"@id\":\"https:\\\/\\\/nordlinepaadid.ee\\\/et\\\/pood\\\/maaratlemata\\\/soudepaat-nordline-29-2\\\/#breadcrumb\"},\"inLanguage\":\"et\",\"potentialAction\":[{\"@type\":\"ReadAction\",\"target\":[\"https:\\\/\\\/nordlinepaadid.ee\\\/et\\\/pood\\\/maaratlemata\\\/soudepaat-nordline-29-2\\\/\"]}]},{\"@type\":\"ImageObject\",\"inLanguage\":\"et\",\"@id\":\"https:\\\/\\\/nordlinepaadid.ee\\\/et\\\/pood\\\/maaratlemata\\\/soudepaat-nordline-29-2\\\/#primaryimage\",\"url\":\"https:\\\/\\\/nordlinepaadid.ee\\\/wp-content\\\/uploads\\\/2023\\\/03\\\/5766_Soudepaat-Nordline-29-3.jpg\",\"contentUrl\":\"https:\\\/\\\/nordlinepaadid.ee\\\/wp-content\\\/uploads\\\/2023\\\/03\\\/5766_Soudepaat-Nordline-29-3.jpg\",\"width\":1280,\"height\":910},{\"@type\":\"BreadcrumbList\",\"@id\":\"https:\\\/\\\/nordlinepaadid.ee\\\/et\\\/pood\\\/maaratlemata\\\/soudepaat-nordline-29-2\\\/#breadcrumb\",\"itemListElement\":[{\"@type\":\"ListItem\",\"position\":1,\"name\":\"Home\",\"item\":\"https:\\\/\\\/nordlinepaadid.ee\\\/et\\\/\"},{\"@type\":\"ListItem\",\"position\":2,\"name\":\"Pood\",\"item\":\"https:\\\/\\\/nordlinepaadid.ee\\\/et\\\/pood\\\/\"},{\"@type\":\"ListItem\",\"position\":3,\"name\":\"S\u00d5UDEPAAT &#8211; NORDLINE 29\"}]},{\"@type\":\"WebSite\",\"@id\":\"https:\\\/\\\/nordlinepaadid.ee\\\/et\\\/#website\",\"url\":\"https:\\\/\\\/nordlinepaadid.ee\\\/et\\\/\",\"name\":\"NORDLINE s\u00f5udepaadid ja mootorpaadid. Klaasfiiber materjalist.\",\"description\":\"\",\"publisher\":{\"@id\":\"https:\\\/\\\/nordlinepaadid.ee\\\/et\\\/#organization\"},\"potentialAction\":[{\"@type\":\"SearchAction\",\"target\":{\"@type\":\"EntryPoint\",\"urlTemplate\":\"https:\\\/\\\/nordlinepaadid.ee\\\/et\\\/?s={search_term_string}\"},\"query-input\":{\"@type\":\"PropertyValueSpecification\",\"valueRequired\":true,\"valueName\":\"search_term_string\"}}],\"inLanguage\":\"et\"},{\"@type\":\"Organization\",\"@id\":\"https:\\\/\\\/nordlinepaadid.ee\\\/et\\\/#organization\",\"name\":\"Nordlineboats\",\"url\":\"https:\\\/\\\/nordlinepaadid.ee\\\/et\\\/\",\"logo\":{\"@type\":\"ImageObject\",\"inLanguage\":\"et\",\"@id\":\"https:\\\/\\\/nordlinepaadid.ee\\\/et\\\/#\\\/schema\\\/logo\\\/image\\\/\",\"url\":\"https:\\\/\\\/nordlinepaadid.ee\\\/wp-content\\\/uploads\\\/2023\\\/01\\\/fulllogo_transparent_nobuffer-e1672750475494.png\",\"contentUrl\":\"https:\\\/\\\/nordlinepaadid.ee\\\/wp-content\\\/uploads\\\/2023\\\/01\\\/fulllogo_transparent_nobuffer-e1672750475494.png\",\"width\":150,\"height\":119,\"caption\":\"Nordlineboats\"},\"image\":{\"@id\":\"https:\\\/\\\/nordlinepaadid.ee\\\/et\\\/#\\\/schema\\\/logo\\\/image\\\/\"},\"sameAs\":[\"https:\\\/\\\/www.facebook.com\\\/nordlineboats\",\"https:\\\/\\\/www.youtube.com\\\/channel\\\/UCbgF0fy02y3QkFnujaLTaCA\"]}]}<\/script>\n<!-- \/ Yoast SEO plugin. -->","yoast_head_json":{"title":"S\u00d5UDEPAAT - NORDLINE 29 - NORDLINE s\u00f5udepaadid ja mootorpaadid. Klaasfiiber materjalist.","robots":{"index":"index","follow":"follow","max-snippet":"max-snippet:-1","max-image-preview":"max-image-preview:large","max-video-preview":"max-video-preview:-1"},"canonical":"https:\/\/nordlinepaadid.ee\/et\/pood\/maaratlemata\/soudepaat-nordline-29-2\/","og_locale":"et_EE","og_type":"article","og_title":"S\u00d5UDEPAAT - NORDLINE 29 - NORDLINE s\u00f5udepaadid ja mootorpaadid. Klaasfiiber materjalist.","og_description":"S\u00f5udepaat Nordline 29 on enim kiidetud paat kalastuseks. T\u00e4nu katamaraan p\u00f5hjale on tagatud \u00fclim stabiilsus \u2013 v\u00f5ib julgelt isegi p\u00fcsti kalastada. Kerge paat liigub suurep\u00e4raselt aerudega ja on ka mootori paigaldamise v\u00f5imalus. Paat on v\u00e4ga ruumikas ja varustatud kolme paari istmetega, millest kaks on teisaldatavad. Paadil on topelt p\u00f5hi. Komplekti kuulub: Paat, v\u00f6\u00f6ri konks, p\u00e4ralaud,...","og_url":"https:\/\/nordlinepaadid.ee\/et\/pood\/maaratlemata\/soudepaat-nordline-29-2\/","og_site_name":"NORDLINE s\u00f5udepaadid ja mootorpaadid. Klaasfiiber materjalist.","article_publisher":"https:\/\/www.facebook.com\/nordlineboats","og_image":[{"width":1280,"height":910,"url":"https:\/\/nordlinepaadid.ee\/wp-content\/uploads\/2023\/03\/5766_Soudepaat-Nordline-29-3.jpg","type":"image\/jpeg"}],"twitter_card":"summary_large_image","twitter_misc":{"Est. reading time":"1 minut"},"schema":{"@context":"https:\/\/schema.org","@graph":[{"@type":"WebPage","@id":"https:\/\/nordlinepaadid.ee\/et\/pood\/maaratlemata\/soudepaat-nordline-29-2\/","url":"https:\/\/nordlinepaadid.ee\/et\/pood\/maaratlemata\/soudepaat-nordline-29-2\/","name":"S\u00d5UDEPAAT - NORDLINE 29 - NORDLINE s\u00f5udepaadid ja mootorpaadid. Klaasfiiber materjalist.","isPartOf":{"@id":"https:\/\/nordlinepaadid.ee\/et\/#website"},"primaryImageOfPage":{"@id":"https:\/\/nordlinepaadid.ee\/et\/pood\/maaratlemata\/soudepaat-nordline-29-2\/#primaryimage"},"image":{"@id":"https:\/\/nordlinepaadid.ee\/et\/pood\/maaratlemata\/soudepaat-nordline-29-2\/#primaryimage"},"thumbnailUrl":"https:\/\/nordlinepaadid.ee\/wp-content\/uploads\/2023\/03\/5766_Soudepaat-Nordline-29-3.jpg","datePublished":"2026-04-07T00:16:32+00:00","breadcrumb":{"@id":"https:\/\/nordlinepaadid.ee\/et\/pood\/maaratlemata\/soudepaat-nordline-29-2\/#breadcrumb"},"inLanguage":"et","potentialAction":[{"@type":"ReadAction","target":["https:\/\/nordlinepaadid.ee\/et\/pood\/maaratlemata\/soudepaat-nordline-29-2\/"]}]},{"@type":"ImageObject","inLanguage":"et","@id":"https:\/\/nordlinepaadid.ee\/et\/pood\/maaratlemata\/soudepaat-nordline-29-2\/#primaryimage","url":"https:\/\/nordlinepaadid.ee\/wp-content\/uploads\/2023\/03\/5766_Soudepaat-Nordline-29-3.jpg","contentUrl":"https:\/\/nordlinepaadid.ee\/wp-content\/uploads\/2023\/03\/5766_Soudepaat-Nordline-29-3.jpg","width":1280,"height":910},{"@type":"BreadcrumbList","@id":"https:\/\/nordlinepaadid.ee\/et\/pood\/maaratlemata\/soudepaat-nordline-29-2\/#breadcrumb","itemListElement":[{"@type":"ListItem","position":1,"name":"Home","item":"https:\/\/nordlinepaadid.ee\/et\/"},{"@type":"ListItem","position":2,"name":"Pood","item":"https:\/\/nordlinepaadid.ee\/et\/pood\/"},{"@type":"ListItem","position":3,"name":"S\u00d5UDEPAAT &#8211; NORDLINE 29"}]},{"@type":"WebSite","@id":"https:\/\/nordlinepaadid.ee\/et\/#website","url":"https:\/\/nordlinepaadid.ee\/et\/","name":"NORDLINE s\u00f5udepaadid ja mootorpaadid. Klaasfiiber materjalist.","description":"","publisher":{"@id":"https:\/\/nordlinepaadid.ee\/et\/#organization"},"potentialAction":[{"@type":"SearchAction","target":{"@type":"EntryPoint","urlTemplate":"https:\/\/nordlinepaadid.ee\/et\/?s={search_term_string}"},"query-input":{"@type":"PropertyValueSpecification","valueRequired":true,"valueName":"search_term_string"}}],"inLanguage":"et"},{"@type":"Organization","@id":"https:\/\/nordlinepaadid.ee\/et\/#organization","name":"Nordlineboats","url":"https:\/\/nordlinepaadid.ee\/et\/","logo":{"@type":"ImageObject","inLanguage":"et","@id":"https:\/\/nordlinepaadid.ee\/et\/#\/schema\/logo\/image\/","url":"https:\/\/nordlinepaadid.ee\/wp-content\/uploads\/2023\/01\/fulllogo_transparent_nobuffer-e1672750475494.png","contentUrl":"https:\/\/nordlinepaadid.ee\/wp-content\/uploads\/2023\/01\/fulllogo_transparent_nobuffer-e1672750475494.png","width":150,"height":119,"caption":"Nordlineboats"},"image":{"@id":"https:\/\/nordlinepaadid.ee\/et\/#\/schema\/logo\/image\/"},"sameAs":["https:\/\/www.facebook.com\/nordlineboats","https:\/\/www.youtube.com\/channel\/UCbgF0fy02y3QkFnujaLTaCA"]}]}},"taxonomy_info":{"pa_producer":[{"value":580,"label":"Nordline Boats"}],"pa_unit":[{"value":416,"label":"pcs"}]},"featured_image_src_large":["https:\/\/nordlinepaadid.ee\/wp-content\/uploads\/2023\/03\/5766_Soudepaat-Nordline-29-3-1024x728.jpg",1024,728,true],"author_info":[],"comment_info":"","_links":{"self":[{"href":"https:\/\/nordlinepaadid.ee\/et\/wp-json\/wp\/v2\/product\/34916","targetHints":{"allow":["GET"]}}],"collection":[{"href":"https:\/\/nordlinepaadid.ee\/et\/wp-json\/wp\/v2\/product"}],"about":[{"href":"https:\/\/nordlinepaadid.ee\/et\/wp-json\/wp\/v2\/types\/product"}],"wp:featuredmedia":[{"embeddable":true,"href":"https:\/\/nordlinepaadid.ee\/et\/wp-json\/wp\/v2\/media\/23936"}],"wp:attachment":[{"href":"https:\/\/nordlinepaadid.ee\/et\/wp-json\/wp\/v2\/media?parent=34916"}],"wp:term":[{"taxonomy":"product_brand","embeddable":true,"href":"https:\/\/nordlinepaadid.ee\/et\/wp-json\/wp\/v2\/product_brand?post=34916"},{"taxonomy":"product_cat","embeddable":true,"href":"https:\/\/nordlinepaadid.ee\/et\/wp-json\/wp\/v2\/product_cat?post=34916"},{"taxonomy":"product_tag","embeddable":true,"href":"https:\/\/nordlinepaadid.ee\/et\/wp-json\/wp\/v2\/product_tag?post=34916"}],"curies":[{"name":"wp","href":"https:\/\/api.w.org\/{rel}","templated":true}]}}