{"id":34919,"date":"2026-04-07T03:16:33","date_gmt":"2026-04-07T00:16:33","guid":{"rendered":"https:\/\/nordlinepaadid.ee\/pood\/mootorpaat-nordline-51-2\/"},"modified":"2026-04-07T03:16:33","modified_gmt":"2026-04-07T00:16:33","slug":"mootorpaat-nordline-51-2","status":"publish","type":"product","link":"https:\/\/nordlinepaadid.ee\/et\/pood\/maaratlemata\/mootorpaat-nordline-51-2\/","title":{"rendered":"MOOTORPAAT &#8211; NORDLINE 51"},"content":{"rendered":"<p>Mootorpaat Nordline 51 on enim kiidetud ja v\u00e4ga pikka aega kasutuses olnud professionaalne mootorpaat kalap\u00fc\u00fcgiks. Paat on laia p\u00f5hjaga ja seest v\u00e4ga ruumikas. Monoliitne kiiluballast annab mootorpaadile \u00fclimalt hea stabiilsuse. Kaugjuhtimiseks pakume eraldi pardakonsooli. V\u00f6\u00f6ris on ruumikas panipaik ankrule, ahtris bensiinipaagile ja akule. Mootorpaat on k\u00f5rge pardaga ja sobilik on pika jalaga mootor. V\u00f6\u00f6ri osa on projekteeritud nii, et laine vett paati ei pritsi. Sobilikuks kasutusalaks on meri ja terava lainega veekogud. Paati on v\u00f5imalik komplekteerida vastavalt soovile erinevate lisadega ning valmistada erinevates v\u00e4rvides. Tegemist on \u00fche parima vees\u00f5idukiga rannikuvetes. Paadi pikkus: 5,15 m, laius: 1,7 m, kaal: 210 kg, parda k\u00f5rgus: 0,7 m, s\u00fcvis: 0,2 m, soovituslik mootor kuni: 25 HJ, kategooria: D. Komplektis: v\u00f6\u00f6ri konks, p\u00e4ralaud, aerutullipesad, ankru kast v\u00f6\u00f6ris, dokumentatsioon. CE sertifikaat. Garantii 2 aastat. Toodetud Eestis. Kommentaar: Nordline 51 kiirus 20 HJ 2T mootoriga koos kahe inimesega vastu voolu oli 37 km\/h. Mootorpaat n\u00e4itas ennast \u00e4\u00e4rmiselt stabiilsena nii v\u00e4ikse kui suure koormuse juures. Isegi 6 inimesega paadi \u00fches pardas ei kaldunud paat \u00fcmber.<\/p>\n<p>&#13;<\/p>\n<p><strong><span style=\"font-size:12px\">Kommentaar: Nordline 51 kiirus 20 HJ 2T mootoriga koos kahe inimesega vastu voolu oli 37 km\/h. Mootorpaat n\u00e4itas ennast \u00e4\u00e4rmiselt stabiilsena nii v\u00e4ikse kui suure koormuse juures. Isegi 6 inimesega paadi \u00fches pardas ei kaldunud paat \u00fcmber.<\/span><\/strong><\/p>\n<p>&#13;<br \/>\n&#13;<\/p>\n<p>&nbsp;<\/p>\n<p>&#13;<br \/>\n&#13;<\/p>\n<p><strong><span style=\"font-size:12px\">OSTES MEILT NORDLINE PAADI LISANDUVAD PAADIOSTUGA J\u00c4RGMISED SOODUSTUSED:<\/span><\/strong><\/p>\n<p>&#13;<br \/>\n&#13;<\/p>\n<p>&nbsp;<\/p>\n<p>&#13;<br \/>\n&#13;<\/p>\n<p><span style=\"font-size:12px\">* P\u00e4\u00e4stevestid ja p\u00e4\u00e4stevahendid allahindlusega &#8211; 15 %<\/span><\/p>\n<p>&#13;<br \/>\n&#13;<\/p>\n<p><span style=\"font-size:12px\">* Paadi lisavarustus (aerud, knaabid, sildumisotsad, \u00f5ngeridvahoidjad jne.) &#8211; 20 %<\/span><\/p>\n<p>&#13;<br \/>\n&#13;<\/p>\n<p><span style=\"font-size:12px\">* Soodushinnaga Mercury v\u00f5i Suzuki p\u00e4ramootor<\/span><\/p>\n<p>&#13;<br \/>\n&#13;<\/p>\n<p><span style=\"font-size:12px\">* Soodushinnaga Minn Kota elektrimootor<\/span><\/p>\n<p>&#13;<br \/>\n&#13;<\/p>\n<p>&nbsp;<\/p>\n<p>&#13;<br \/>\n&#13;<\/p>\n<h2><span style=\"color:#FF0000\"><span style=\"font-size:14px\"><strong>PAADI KOHALETOIMETAMINE \u00dcLE EESTI 129.99 EUR v.a V\u00c4IKESAARED<\/strong><\/span><\/span><\/h2>\n<p>&#13;<br \/>\n&#13;<\/p>\n<h2><span style=\"color:#FF0000\"><span style=\"font-size:14px\">TRANSPORDIKS V\u00c4IKESAARTELE V\u00d5TA \u00dcHENDUST MEIE M\u00dc\u00dcGIOSAKONNAGA: SALES@PROMARINE.EE<\/span><\/span><\/h2>\n<p>&#13;<br \/>\n&#13;<\/p>\n<p>&nbsp;<\/p>\n<p>&#13;<br \/>\n&#13;<\/p>\n<p><iframe loading=\"lazy\" allowfullscreen=\"\" frameborder=\"0\" height=\"360\" src=\"\/\/www.youtube.com\/embed\/rbMI5PEnJgo\" width=\"640\"><\/iframe><\/p>\n<p>&#13;<\/p>\n","protected":false},"excerpt":{"rendered":"<p>Mootorpaat Nordline 51 on enim kiidetud ja v\u00e4ga pikka aega kasutuses olnud professionaalne mootorpaat kalap\u00fc\u00fcgiks. Paat on laia p\u00f5hjaga ja seest v\u00e4ga ruumikas. Monoliitne kiiluballast annab mootorpaadile \u00fclimalt hea stabiilsuse. Kaugjuhtimiseks pakume eraldi pardakonsooli. V\u00f6\u00f6ris on ruumikas panipaik ankrule, ahtris bensiinipaagile ja akule. Mootorpaat on k\u00f5rge pardaga ja sobilik on pika jalaga mootor. V\u00f6\u00f6ri osa&#8230;<\/p>\n","protected":false},"featured_media":23969,"template":"","meta":{"_kad_blocks_custom_css":"","_kad_blocks_head_custom_js":"","_kad_blocks_body_custom_js":"","_kad_blocks_footer_custom_js":"","_kad_post_transparent":"","_kad_post_title":"","_kad_post_layout":"","_kad_post_sidebar_id":"","_kad_post_content_style":"","_kad_post_vertical_padding":"","_kad_post_feature":"","_kad_post_feature_position":"","_kad_post_header":false,"_kad_post_footer":false,"_kad_post_classname":""},"product_brand":[],"product_cat":[],"product_tag":[],"class_list":{"0":"post-34919","1":"product","2":"type-product","3":"status-publish","4":"has-post-thumbnail","6":"pa_producer-nordline-boats","7":"pa_unit-pcs","8":"tm-no-options","10":"first","11":"onbackorder","12":"taxable","13":"shipping-taxable","14":"purchasable","15":"product-type-simple","16":"entry","17":"content-bg","18":"loop-entry"},"yoast_head":"<!-- This site is optimized with the Yoast SEO plugin v27.3 - https:\/\/yoast.com\/product\/yoast-seo-wordpress\/ -->\n<title>MOOTORPAAT - NORDLINE 51 - NORDLINE s\u00f5udepaadid ja mootorpaadid. Klaasfiiber materjalist.<\/title>\n<meta name=\"robots\" content=\"index, follow, max-snippet:-1, max-image-preview:large, max-video-preview:-1\" \/>\n<link rel=\"canonical\" href=\"https:\/\/nordlinepaadid.ee\/et\/pood\/maaratlemata\/mootorpaat-nordline-51-2\/\" \/>\n<meta property=\"og:locale\" content=\"et_EE\" \/>\n<meta property=\"og:type\" content=\"article\" \/>\n<meta property=\"og:title\" content=\"MOOTORPAAT - NORDLINE 51 - NORDLINE s\u00f5udepaadid ja mootorpaadid. Klaasfiiber materjalist.\" \/>\n<meta property=\"og:description\" content=\"Mootorpaat Nordline 51 on enim kiidetud ja v\u00e4ga pikka aega kasutuses olnud professionaalne mootorpaat kalap\u00fc\u00fcgiks. Paat on laia p\u00f5hjaga ja seest v\u00e4ga ruumikas. Monoliitne kiiluballast annab mootorpaadile \u00fclimalt hea stabiilsuse. Kaugjuhtimiseks pakume eraldi pardakonsooli. V\u00f6\u00f6ris on ruumikas panipaik ankrule, ahtris bensiinipaagile ja akule. Mootorpaat on k\u00f5rge pardaga ja sobilik on pika jalaga mootor. V\u00f6\u00f6ri osa...\" \/>\n<meta property=\"og:url\" content=\"https:\/\/nordlinepaadid.ee\/et\/pood\/maaratlemata\/mootorpaat-nordline-51-2\/\" \/>\n<meta property=\"og:site_name\" content=\"NORDLINE s\u00f5udepaadid ja mootorpaadid. Klaasfiiber materjalist.\" \/>\n<meta property=\"article:publisher\" content=\"https:\/\/www.facebook.com\/nordlineboats\" \/>\n<meta property=\"og:image\" content=\"https:\/\/nordlinepaadid.ee\/wp-content\/uploads\/2023\/03\/5781_Mootorpaat-Nordline-51-3.jpg\" \/>\n\t<meta property=\"og:image:width\" content=\"1253\" \/>\n\t<meta property=\"og:image:height\" content=\"668\" \/>\n\t<meta property=\"og:image:type\" content=\"image\/jpeg\" \/>\n<meta name=\"twitter:card\" content=\"summary_large_image\" \/>\n<meta name=\"twitter:label1\" content=\"Est. reading time\" \/>\n\t<meta name=\"twitter:data1\" content=\"1 minut\" \/>\n<script type=\"application\/ld+json\" class=\"yoast-schema-graph\">{\"@context\":\"https:\\\/\\\/schema.org\",\"@graph\":[{\"@type\":\"WebPage\",\"@id\":\"https:\\\/\\\/nordlinepaadid.ee\\\/et\\\/pood\\\/maaratlemata\\\/mootorpaat-nordline-51-2\\\/\",\"url\":\"https:\\\/\\\/nordlinepaadid.ee\\\/et\\\/pood\\\/maaratlemata\\\/mootorpaat-nordline-51-2\\\/\",\"name\":\"MOOTORPAAT - NORDLINE 51 - NORDLINE s\u00f5udepaadid ja mootorpaadid. Klaasfiiber materjalist.\",\"isPartOf\":{\"@id\":\"https:\\\/\\\/nordlinepaadid.ee\\\/et\\\/#website\"},\"primaryImageOfPage\":{\"@id\":\"https:\\\/\\\/nordlinepaadid.ee\\\/et\\\/pood\\\/maaratlemata\\\/mootorpaat-nordline-51-2\\\/#primaryimage\"},\"image\":{\"@id\":\"https:\\\/\\\/nordlinepaadid.ee\\\/et\\\/pood\\\/maaratlemata\\\/mootorpaat-nordline-51-2\\\/#primaryimage\"},\"thumbnailUrl\":\"https:\\\/\\\/nordlinepaadid.ee\\\/wp-content\\\/uploads\\\/2023\\\/03\\\/5781_Mootorpaat-Nordline-51-3.jpg\",\"datePublished\":\"2026-04-07T00:16:33+00:00\",\"breadcrumb\":{\"@id\":\"https:\\\/\\\/nordlinepaadid.ee\\\/et\\\/pood\\\/maaratlemata\\\/mootorpaat-nordline-51-2\\\/#breadcrumb\"},\"inLanguage\":\"et\",\"potentialAction\":[{\"@type\":\"ReadAction\",\"target\":[\"https:\\\/\\\/nordlinepaadid.ee\\\/et\\\/pood\\\/maaratlemata\\\/mootorpaat-nordline-51-2\\\/\"]}]},{\"@type\":\"ImageObject\",\"inLanguage\":\"et\",\"@id\":\"https:\\\/\\\/nordlinepaadid.ee\\\/et\\\/pood\\\/maaratlemata\\\/mootorpaat-nordline-51-2\\\/#primaryimage\",\"url\":\"https:\\\/\\\/nordlinepaadid.ee\\\/wp-content\\\/uploads\\\/2023\\\/03\\\/5781_Mootorpaat-Nordline-51-3.jpg\",\"contentUrl\":\"https:\\\/\\\/nordlinepaadid.ee\\\/wp-content\\\/uploads\\\/2023\\\/03\\\/5781_Mootorpaat-Nordline-51-3.jpg\",\"width\":1253,\"height\":668},{\"@type\":\"BreadcrumbList\",\"@id\":\"https:\\\/\\\/nordlinepaadid.ee\\\/et\\\/pood\\\/maaratlemata\\\/mootorpaat-nordline-51-2\\\/#breadcrumb\",\"itemListElement\":[{\"@type\":\"ListItem\",\"position\":1,\"name\":\"Home\",\"item\":\"https:\\\/\\\/nordlinepaadid.ee\\\/et\\\/\"},{\"@type\":\"ListItem\",\"position\":2,\"name\":\"Pood\",\"item\":\"https:\\\/\\\/nordlinepaadid.ee\\\/et\\\/pood\\\/\"},{\"@type\":\"ListItem\",\"position\":3,\"name\":\"MOOTORPAAT &#8211; NORDLINE 51\"}]},{\"@type\":\"WebSite\",\"@id\":\"https:\\\/\\\/nordlinepaadid.ee\\\/et\\\/#website\",\"url\":\"https:\\\/\\\/nordlinepaadid.ee\\\/et\\\/\",\"name\":\"NORDLINE s\u00f5udepaadid ja mootorpaadid. Klaasfiiber materjalist.\",\"description\":\"\",\"publisher\":{\"@id\":\"https:\\\/\\\/nordlinepaadid.ee\\\/et\\\/#organization\"},\"potentialAction\":[{\"@type\":\"SearchAction\",\"target\":{\"@type\":\"EntryPoint\",\"urlTemplate\":\"https:\\\/\\\/nordlinepaadid.ee\\\/et\\\/?s={search_term_string}\"},\"query-input\":{\"@type\":\"PropertyValueSpecification\",\"valueRequired\":true,\"valueName\":\"search_term_string\"}}],\"inLanguage\":\"et\"},{\"@type\":\"Organization\",\"@id\":\"https:\\\/\\\/nordlinepaadid.ee\\\/et\\\/#organization\",\"name\":\"Nordlineboats\",\"url\":\"https:\\\/\\\/nordlinepaadid.ee\\\/et\\\/\",\"logo\":{\"@type\":\"ImageObject\",\"inLanguage\":\"et\",\"@id\":\"https:\\\/\\\/nordlinepaadid.ee\\\/et\\\/#\\\/schema\\\/logo\\\/image\\\/\",\"url\":\"https:\\\/\\\/nordlinepaadid.ee\\\/wp-content\\\/uploads\\\/2023\\\/01\\\/fulllogo_transparent_nobuffer-e1672750475494.png\",\"contentUrl\":\"https:\\\/\\\/nordlinepaadid.ee\\\/wp-content\\\/uploads\\\/2023\\\/01\\\/fulllogo_transparent_nobuffer-e1672750475494.png\",\"width\":150,\"height\":119,\"caption\":\"Nordlineboats\"},\"image\":{\"@id\":\"https:\\\/\\\/nordlinepaadid.ee\\\/et\\\/#\\\/schema\\\/logo\\\/image\\\/\"},\"sameAs\":[\"https:\\\/\\\/www.facebook.com\\\/nordlineboats\",\"https:\\\/\\\/www.youtube.com\\\/channel\\\/UCbgF0fy02y3QkFnujaLTaCA\"]}]}<\/script>\n<!-- \/ Yoast SEO plugin. -->","yoast_head_json":{"title":"MOOTORPAAT - NORDLINE 51 - NORDLINE s\u00f5udepaadid ja mootorpaadid. Klaasfiiber materjalist.","robots":{"index":"index","follow":"follow","max-snippet":"max-snippet:-1","max-image-preview":"max-image-preview:large","max-video-preview":"max-video-preview:-1"},"canonical":"https:\/\/nordlinepaadid.ee\/et\/pood\/maaratlemata\/mootorpaat-nordline-51-2\/","og_locale":"et_EE","og_type":"article","og_title":"MOOTORPAAT - NORDLINE 51 - NORDLINE s\u00f5udepaadid ja mootorpaadid. Klaasfiiber materjalist.","og_description":"Mootorpaat Nordline 51 on enim kiidetud ja v\u00e4ga pikka aega kasutuses olnud professionaalne mootorpaat kalap\u00fc\u00fcgiks. Paat on laia p\u00f5hjaga ja seest v\u00e4ga ruumikas. Monoliitne kiiluballast annab mootorpaadile \u00fclimalt hea stabiilsuse. Kaugjuhtimiseks pakume eraldi pardakonsooli. V\u00f6\u00f6ris on ruumikas panipaik ankrule, ahtris bensiinipaagile ja akule. Mootorpaat on k\u00f5rge pardaga ja sobilik on pika jalaga mootor. V\u00f6\u00f6ri osa...","og_url":"https:\/\/nordlinepaadid.ee\/et\/pood\/maaratlemata\/mootorpaat-nordline-51-2\/","og_site_name":"NORDLINE s\u00f5udepaadid ja mootorpaadid. Klaasfiiber materjalist.","article_publisher":"https:\/\/www.facebook.com\/nordlineboats","og_image":[{"width":1253,"height":668,"url":"https:\/\/nordlinepaadid.ee\/wp-content\/uploads\/2023\/03\/5781_Mootorpaat-Nordline-51-3.jpg","type":"image\/jpeg"}],"twitter_card":"summary_large_image","twitter_misc":{"Est. reading time":"1 minut"},"schema":{"@context":"https:\/\/schema.org","@graph":[{"@type":"WebPage","@id":"https:\/\/nordlinepaadid.ee\/et\/pood\/maaratlemata\/mootorpaat-nordline-51-2\/","url":"https:\/\/nordlinepaadid.ee\/et\/pood\/maaratlemata\/mootorpaat-nordline-51-2\/","name":"MOOTORPAAT - NORDLINE 51 - NORDLINE s\u00f5udepaadid ja mootorpaadid. Klaasfiiber materjalist.","isPartOf":{"@id":"https:\/\/nordlinepaadid.ee\/et\/#website"},"primaryImageOfPage":{"@id":"https:\/\/nordlinepaadid.ee\/et\/pood\/maaratlemata\/mootorpaat-nordline-51-2\/#primaryimage"},"image":{"@id":"https:\/\/nordlinepaadid.ee\/et\/pood\/maaratlemata\/mootorpaat-nordline-51-2\/#primaryimage"},"thumbnailUrl":"https:\/\/nordlinepaadid.ee\/wp-content\/uploads\/2023\/03\/5781_Mootorpaat-Nordline-51-3.jpg","datePublished":"2026-04-07T00:16:33+00:00","breadcrumb":{"@id":"https:\/\/nordlinepaadid.ee\/et\/pood\/maaratlemata\/mootorpaat-nordline-51-2\/#breadcrumb"},"inLanguage":"et","potentialAction":[{"@type":"ReadAction","target":["https:\/\/nordlinepaadid.ee\/et\/pood\/maaratlemata\/mootorpaat-nordline-51-2\/"]}]},{"@type":"ImageObject","inLanguage":"et","@id":"https:\/\/nordlinepaadid.ee\/et\/pood\/maaratlemata\/mootorpaat-nordline-51-2\/#primaryimage","url":"https:\/\/nordlinepaadid.ee\/wp-content\/uploads\/2023\/03\/5781_Mootorpaat-Nordline-51-3.jpg","contentUrl":"https:\/\/nordlinepaadid.ee\/wp-content\/uploads\/2023\/03\/5781_Mootorpaat-Nordline-51-3.jpg","width":1253,"height":668},{"@type":"BreadcrumbList","@id":"https:\/\/nordlinepaadid.ee\/et\/pood\/maaratlemata\/mootorpaat-nordline-51-2\/#breadcrumb","itemListElement":[{"@type":"ListItem","position":1,"name":"Home","item":"https:\/\/nordlinepaadid.ee\/et\/"},{"@type":"ListItem","position":2,"name":"Pood","item":"https:\/\/nordlinepaadid.ee\/et\/pood\/"},{"@type":"ListItem","position":3,"name":"MOOTORPAAT &#8211; NORDLINE 51"}]},{"@type":"WebSite","@id":"https:\/\/nordlinepaadid.ee\/et\/#website","url":"https:\/\/nordlinepaadid.ee\/et\/","name":"NORDLINE s\u00f5udepaadid ja mootorpaadid. Klaasfiiber materjalist.","description":"","publisher":{"@id":"https:\/\/nordlinepaadid.ee\/et\/#organization"},"potentialAction":[{"@type":"SearchAction","target":{"@type":"EntryPoint","urlTemplate":"https:\/\/nordlinepaadid.ee\/et\/?s={search_term_string}"},"query-input":{"@type":"PropertyValueSpecification","valueRequired":true,"valueName":"search_term_string"}}],"inLanguage":"et"},{"@type":"Organization","@id":"https:\/\/nordlinepaadid.ee\/et\/#organization","name":"Nordlineboats","url":"https:\/\/nordlinepaadid.ee\/et\/","logo":{"@type":"ImageObject","inLanguage":"et","@id":"https:\/\/nordlinepaadid.ee\/et\/#\/schema\/logo\/image\/","url":"https:\/\/nordlinepaadid.ee\/wp-content\/uploads\/2023\/01\/fulllogo_transparent_nobuffer-e1672750475494.png","contentUrl":"https:\/\/nordlinepaadid.ee\/wp-content\/uploads\/2023\/01\/fulllogo_transparent_nobuffer-e1672750475494.png","width":150,"height":119,"caption":"Nordlineboats"},"image":{"@id":"https:\/\/nordlinepaadid.ee\/et\/#\/schema\/logo\/image\/"},"sameAs":["https:\/\/www.facebook.com\/nordlineboats","https:\/\/www.youtube.com\/channel\/UCbgF0fy02y3QkFnujaLTaCA"]}]}},"taxonomy_info":{"pa_producer":[{"value":580,"label":"Nordline Boats"}],"pa_unit":[{"value":416,"label":"pcs"}]},"featured_image_src_large":["https:\/\/nordlinepaadid.ee\/wp-content\/uploads\/2023\/03\/5781_Mootorpaat-Nordline-51-3-1024x546.jpg",1024,546,true],"author_info":[],"comment_info":"","_links":{"self":[{"href":"https:\/\/nordlinepaadid.ee\/et\/wp-json\/wp\/v2\/product\/34919","targetHints":{"allow":["GET"]}}],"collection":[{"href":"https:\/\/nordlinepaadid.ee\/et\/wp-json\/wp\/v2\/product"}],"about":[{"href":"https:\/\/nordlinepaadid.ee\/et\/wp-json\/wp\/v2\/types\/product"}],"wp:featuredmedia":[{"embeddable":true,"href":"https:\/\/nordlinepaadid.ee\/et\/wp-json\/wp\/v2\/media\/23969"}],"wp:attachment":[{"href":"https:\/\/nordlinepaadid.ee\/et\/wp-json\/wp\/v2\/media?parent=34919"}],"wp:term":[{"taxonomy":"product_brand","embeddable":true,"href":"https:\/\/nordlinepaadid.ee\/et\/wp-json\/wp\/v2\/product_brand?post=34919"},{"taxonomy":"product_cat","embeddable":true,"href":"https:\/\/nordlinepaadid.ee\/et\/wp-json\/wp\/v2\/product_cat?post=34919"},{"taxonomy":"product_tag","embeddable":true,"href":"https:\/\/nordlinepaadid.ee\/et\/wp-json\/wp\/v2\/product_tag?post=34919"}],"curies":[{"name":"wp","href":"https:\/\/api.w.org\/{rel}","templated":true}]}}