{"id":34920,"date":"2026-04-07T03:16:33","date_gmt":"2026-04-07T00:16:33","guid":{"rendered":"https:\/\/nordlinepaadid.ee\/pood\/mootorpaat-nordline-41m-2\/"},"modified":"2026-04-07T03:16:33","modified_gmt":"2026-04-07T00:16:33","slug":"mootorpaat-nordline-41m-2","status":"publish","type":"product","link":"https:\/\/nordlinepaadid.ee\/et\/pood\/maaratlemata\/mootorpaat-nordline-41m-2\/","title":{"rendered":"MOOTORPAAT &#8211; NORDLINE 41M"},"content":{"rendered":"<p>Mootorpaat Nordline 41M on parim universaalne paat, mida v\u00f5ib kasutada siseveekogudel ja rannikuvetes nii kalastuseks kui l\u00f5bus\u00f5iduks. Paat liigub suurep\u00e4raselt aerudega ja v\u00f5imaldab kiiret s\u00f5itu ka mootoriga. Lai p\u00f5hi teeb paadi v\u00e4ga ruumikaks ja annab v\u00e4ga hea p\u00fcstivuse. V\u00f6\u00f6ris on lai iste, ahtris luugiga panipaik. Kogu paadi pilsivesi v\u00e4ljub ahtris oleva ava kaudu. Monoliitne kere annab paadile v\u00e4ga hea tugevuse ja vastupidavuse. Pikkus: 4,1 m, laius: 1,5 m, kaal: 100 kg, parda k\u00f5rgus: 0,55 m, s\u00fcvis: 0,2 m, lubatud inimeste arv pardal: 4, lubatud koormus: 400 kg, lubatud mootori v\u00f5imsus: 10 HJ, kategooria: D, v\u00e4rvus vastavalt kliendi soovile, mootori jala k\u00f5rgus: l\u00fchike, soovituslik aerude pikkus: 2,7 m. . Komplektis: v\u00f6\u00f6ri konks, p\u00e4ralaud, aerutullipesad, dokumentatsioon. Garantii 2 a, CE sertifikaat. Toodetud Eestis.<\/p>\n<p>&#13;<\/p>\n<p><strong>OSTES MEILT NORDLINE PAADI LISANDUVAD PAADIOSTUGA J\u00c4RGMISED SOODUSTUSED:<\/strong><\/p>\n<p>&#13;<br \/>\n&#13;<\/p>\n<p>&nbsp;<\/p>\n<p>&#13;<br \/>\n&#13;<\/p>\n<p>* P\u00e4\u00e4stevestid ja p\u00e4\u00e4stevahendid allahindlusega &#8211; 15 %<\/p>\n<p>&#13;<br \/>\n&#13;<\/p>\n<p>* Paadi lisavarustus (aerud, knaabid, sildumisotsad, \u00f5ngeridvahoidjad jne.) &#8211; 20 %<\/p>\n<p>&#13;<br \/>\n&#13;<\/p>\n<p>* Soodushinnaga Mercury v\u00f5i Suzuki p\u00e4ramootor<\/p>\n<p>&#13;<br \/>\n&#13;<\/p>\n<p>* Soodushinnaga Minn Kota elektrimootor<\/p>\n<p>&#13;<br \/>\n&#13;<\/p>\n<p>&nbsp;<\/p>\n<p>&#13;<br \/>\n&#13;<\/p>\n<h2><span style=\"color:rgb(255, 0, 0)\"><span style=\"font-size:14px\">PAADI KOHALETOIMETAMINE \u00dcLE EESTI 129.99 EUR V.A V\u00c4IKESAARED<\/span><\/span><\/h2>\n<p>&#13;<br \/>\n&#13;<\/p>\n<h2><span style=\"color:rgb(255, 0, 0)\"><span style=\"font-size:14px\">TRANSPORDIKS V\u00c4IKESAARTELE V\u00d5TA \u00dcHENDUST MEIE M\u00dc\u00dcGIOSAKONNAGA: SALES@PROMARINE.EE<\/span><\/span><\/h2>\n<p>&#13;<br \/>\n&#13;<\/p>\n<p>&nbsp;<\/p>\n<p>&#13;<br \/>\n&#13;<\/p>\n<p>&nbsp;<\/p>\n<p>&#13;<br \/>\n&#13;<\/p>\n<p><iframe loading=\"lazy\" allowfullscreen=\"\" frameborder=\"0\" height=\"360\" src=\"\/\/www.youtube.com\/embed\/PPbSEAF2iDY\" width=\"640\"><\/iframe><\/p>\n<p>&#13;<\/p>\n","protected":false},"excerpt":{"rendered":"<p>Mootorpaat Nordline 41M on parim universaalne paat, mida v\u00f5ib kasutada siseveekogudel ja rannikuvetes nii kalastuseks kui l\u00f5bus\u00f5iduks. Paat liigub suurep\u00e4raselt aerudega ja v\u00f5imaldab kiiret s\u00f5itu ka mootoriga. Lai p\u00f5hi teeb paadi v\u00e4ga ruumikaks ja annab v\u00e4ga hea p\u00fcstivuse. V\u00f6\u00f6ris on lai iste, ahtris luugiga panipaik. Kogu paadi pilsivesi v\u00e4ljub ahtris oleva ava kaudu. Monoliitne kere&#8230;<\/p>\n","protected":false},"featured_media":23984,"template":"","meta":{"_kad_blocks_custom_css":"","_kad_blocks_head_custom_js":"","_kad_blocks_body_custom_js":"","_kad_blocks_footer_custom_js":"","_kad_post_transparent":"","_kad_post_title":"","_kad_post_layout":"","_kad_post_sidebar_id":"","_kad_post_content_style":"","_kad_post_vertical_padding":"","_kad_post_feature":"","_kad_post_feature_position":"","_kad_post_header":false,"_kad_post_footer":false,"_kad_post_classname":""},"product_brand":[],"product_cat":[],"product_tag":[],"class_list":{"0":"post-34920","1":"product","2":"type-product","3":"status-publish","4":"has-post-thumbnail","6":"pa_producer-nordline-boats","7":"pa_unit-pcs","8":"tm-no-options","10":"first","11":"onbackorder","12":"taxable","13":"shipping-taxable","14":"purchasable","15":"product-type-simple","16":"entry","17":"content-bg","18":"loop-entry"},"yoast_head":"<!-- This site is optimized with the Yoast SEO plugin v27.3 - https:\/\/yoast.com\/product\/yoast-seo-wordpress\/ -->\n<title>MOOTORPAAT - NORDLINE 41M - NORDLINE s\u00f5udepaadid ja mootorpaadid. Klaasfiiber materjalist.<\/title>\n<meta name=\"robots\" content=\"index, follow, max-snippet:-1, max-image-preview:large, max-video-preview:-1\" \/>\n<link rel=\"canonical\" href=\"https:\/\/nordlinepaadid.ee\/et\/pood\/maaratlemata\/mootorpaat-nordline-41m-2\/\" \/>\n<meta property=\"og:locale\" content=\"et_EE\" \/>\n<meta property=\"og:type\" content=\"article\" \/>\n<meta property=\"og:title\" content=\"MOOTORPAAT - NORDLINE 41M - NORDLINE s\u00f5udepaadid ja mootorpaadid. Klaasfiiber materjalist.\" \/>\n<meta property=\"og:description\" content=\"Mootorpaat Nordline 41M on parim universaalne paat, mida v\u00f5ib kasutada siseveekogudel ja rannikuvetes nii kalastuseks kui l\u00f5bus\u00f5iduks. Paat liigub suurep\u00e4raselt aerudega ja v\u00f5imaldab kiiret s\u00f5itu ka mootoriga. Lai p\u00f5hi teeb paadi v\u00e4ga ruumikaks ja annab v\u00e4ga hea p\u00fcstivuse. V\u00f6\u00f6ris on lai iste, ahtris luugiga panipaik. Kogu paadi pilsivesi v\u00e4ljub ahtris oleva ava kaudu. Monoliitne kere...\" \/>\n<meta property=\"og:url\" content=\"https:\/\/nordlinepaadid.ee\/et\/pood\/maaratlemata\/mootorpaat-nordline-41m-2\/\" \/>\n<meta property=\"og:site_name\" content=\"NORDLINE s\u00f5udepaadid ja mootorpaadid. Klaasfiiber materjalist.\" \/>\n<meta property=\"article:publisher\" content=\"https:\/\/www.facebook.com\/nordlineboats\" \/>\n<meta property=\"og:image\" content=\"https:\/\/nordlinepaadid.ee\/wp-content\/uploads\/2023\/03\/5788_Mootorpaat-Nordline-41M-1-1.jpg\" \/>\n\t<meta property=\"og:image:width\" content=\"1226\" \/>\n\t<meta property=\"og:image:height\" content=\"785\" \/>\n\t<meta property=\"og:image:type\" content=\"image\/jpeg\" \/>\n<meta name=\"twitter:card\" content=\"summary_large_image\" \/>\n<meta name=\"twitter:label1\" content=\"Est. reading time\" \/>\n\t<meta name=\"twitter:data1\" content=\"1 minut\" \/>\n<script type=\"application\/ld+json\" class=\"yoast-schema-graph\">{\"@context\":\"https:\\\/\\\/schema.org\",\"@graph\":[{\"@type\":\"WebPage\",\"@id\":\"https:\\\/\\\/nordlinepaadid.ee\\\/et\\\/pood\\\/maaratlemata\\\/mootorpaat-nordline-41m-2\\\/\",\"url\":\"https:\\\/\\\/nordlinepaadid.ee\\\/et\\\/pood\\\/maaratlemata\\\/mootorpaat-nordline-41m-2\\\/\",\"name\":\"MOOTORPAAT - NORDLINE 41M - NORDLINE s\u00f5udepaadid ja mootorpaadid. Klaasfiiber materjalist.\",\"isPartOf\":{\"@id\":\"https:\\\/\\\/nordlinepaadid.ee\\\/et\\\/#website\"},\"primaryImageOfPage\":{\"@id\":\"https:\\\/\\\/nordlinepaadid.ee\\\/et\\\/pood\\\/maaratlemata\\\/mootorpaat-nordline-41m-2\\\/#primaryimage\"},\"image\":{\"@id\":\"https:\\\/\\\/nordlinepaadid.ee\\\/et\\\/pood\\\/maaratlemata\\\/mootorpaat-nordline-41m-2\\\/#primaryimage\"},\"thumbnailUrl\":\"https:\\\/\\\/nordlinepaadid.ee\\\/wp-content\\\/uploads\\\/2023\\\/03\\\/5788_Mootorpaat-Nordline-41M-1-1.jpg\",\"datePublished\":\"2026-04-07T00:16:33+00:00\",\"breadcrumb\":{\"@id\":\"https:\\\/\\\/nordlinepaadid.ee\\\/et\\\/pood\\\/maaratlemata\\\/mootorpaat-nordline-41m-2\\\/#breadcrumb\"},\"inLanguage\":\"et\",\"potentialAction\":[{\"@type\":\"ReadAction\",\"target\":[\"https:\\\/\\\/nordlinepaadid.ee\\\/et\\\/pood\\\/maaratlemata\\\/mootorpaat-nordline-41m-2\\\/\"]}]},{\"@type\":\"ImageObject\",\"inLanguage\":\"et\",\"@id\":\"https:\\\/\\\/nordlinepaadid.ee\\\/et\\\/pood\\\/maaratlemata\\\/mootorpaat-nordline-41m-2\\\/#primaryimage\",\"url\":\"https:\\\/\\\/nordlinepaadid.ee\\\/wp-content\\\/uploads\\\/2023\\\/03\\\/5788_Mootorpaat-Nordline-41M-1-1.jpg\",\"contentUrl\":\"https:\\\/\\\/nordlinepaadid.ee\\\/wp-content\\\/uploads\\\/2023\\\/03\\\/5788_Mootorpaat-Nordline-41M-1-1.jpg\",\"width\":1226,\"height\":785},{\"@type\":\"BreadcrumbList\",\"@id\":\"https:\\\/\\\/nordlinepaadid.ee\\\/et\\\/pood\\\/maaratlemata\\\/mootorpaat-nordline-41m-2\\\/#breadcrumb\",\"itemListElement\":[{\"@type\":\"ListItem\",\"position\":1,\"name\":\"Home\",\"item\":\"https:\\\/\\\/nordlinepaadid.ee\\\/et\\\/\"},{\"@type\":\"ListItem\",\"position\":2,\"name\":\"Pood\",\"item\":\"https:\\\/\\\/nordlinepaadid.ee\\\/et\\\/pood\\\/\"},{\"@type\":\"ListItem\",\"position\":3,\"name\":\"MOOTORPAAT &#8211; NORDLINE 41M\"}]},{\"@type\":\"WebSite\",\"@id\":\"https:\\\/\\\/nordlinepaadid.ee\\\/et\\\/#website\",\"url\":\"https:\\\/\\\/nordlinepaadid.ee\\\/et\\\/\",\"name\":\"NORDLINE s\u00f5udepaadid ja mootorpaadid. Klaasfiiber materjalist.\",\"description\":\"\",\"publisher\":{\"@id\":\"https:\\\/\\\/nordlinepaadid.ee\\\/et\\\/#organization\"},\"potentialAction\":[{\"@type\":\"SearchAction\",\"target\":{\"@type\":\"EntryPoint\",\"urlTemplate\":\"https:\\\/\\\/nordlinepaadid.ee\\\/et\\\/?s={search_term_string}\"},\"query-input\":{\"@type\":\"PropertyValueSpecification\",\"valueRequired\":true,\"valueName\":\"search_term_string\"}}],\"inLanguage\":\"et\"},{\"@type\":\"Organization\",\"@id\":\"https:\\\/\\\/nordlinepaadid.ee\\\/et\\\/#organization\",\"name\":\"Nordlineboats\",\"url\":\"https:\\\/\\\/nordlinepaadid.ee\\\/et\\\/\",\"logo\":{\"@type\":\"ImageObject\",\"inLanguage\":\"et\",\"@id\":\"https:\\\/\\\/nordlinepaadid.ee\\\/et\\\/#\\\/schema\\\/logo\\\/image\\\/\",\"url\":\"https:\\\/\\\/nordlinepaadid.ee\\\/wp-content\\\/uploads\\\/2023\\\/01\\\/fulllogo_transparent_nobuffer-e1672750475494.png\",\"contentUrl\":\"https:\\\/\\\/nordlinepaadid.ee\\\/wp-content\\\/uploads\\\/2023\\\/01\\\/fulllogo_transparent_nobuffer-e1672750475494.png\",\"width\":150,\"height\":119,\"caption\":\"Nordlineboats\"},\"image\":{\"@id\":\"https:\\\/\\\/nordlinepaadid.ee\\\/et\\\/#\\\/schema\\\/logo\\\/image\\\/\"},\"sameAs\":[\"https:\\\/\\\/www.facebook.com\\\/nordlineboats\",\"https:\\\/\\\/www.youtube.com\\\/channel\\\/UCbgF0fy02y3QkFnujaLTaCA\"]}]}<\/script>\n<!-- \/ Yoast SEO plugin. -->","yoast_head_json":{"title":"MOOTORPAAT - NORDLINE 41M - NORDLINE s\u00f5udepaadid ja mootorpaadid. Klaasfiiber materjalist.","robots":{"index":"index","follow":"follow","max-snippet":"max-snippet:-1","max-image-preview":"max-image-preview:large","max-video-preview":"max-video-preview:-1"},"canonical":"https:\/\/nordlinepaadid.ee\/et\/pood\/maaratlemata\/mootorpaat-nordline-41m-2\/","og_locale":"et_EE","og_type":"article","og_title":"MOOTORPAAT - NORDLINE 41M - NORDLINE s\u00f5udepaadid ja mootorpaadid. Klaasfiiber materjalist.","og_description":"Mootorpaat Nordline 41M on parim universaalne paat, mida v\u00f5ib kasutada siseveekogudel ja rannikuvetes nii kalastuseks kui l\u00f5bus\u00f5iduks. Paat liigub suurep\u00e4raselt aerudega ja v\u00f5imaldab kiiret s\u00f5itu ka mootoriga. Lai p\u00f5hi teeb paadi v\u00e4ga ruumikaks ja annab v\u00e4ga hea p\u00fcstivuse. V\u00f6\u00f6ris on lai iste, ahtris luugiga panipaik. Kogu paadi pilsivesi v\u00e4ljub ahtris oleva ava kaudu. Monoliitne kere...","og_url":"https:\/\/nordlinepaadid.ee\/et\/pood\/maaratlemata\/mootorpaat-nordline-41m-2\/","og_site_name":"NORDLINE s\u00f5udepaadid ja mootorpaadid. Klaasfiiber materjalist.","article_publisher":"https:\/\/www.facebook.com\/nordlineboats","og_image":[{"width":1226,"height":785,"url":"https:\/\/nordlinepaadid.ee\/wp-content\/uploads\/2023\/03\/5788_Mootorpaat-Nordline-41M-1-1.jpg","type":"image\/jpeg"}],"twitter_card":"summary_large_image","twitter_misc":{"Est. reading time":"1 minut"},"schema":{"@context":"https:\/\/schema.org","@graph":[{"@type":"WebPage","@id":"https:\/\/nordlinepaadid.ee\/et\/pood\/maaratlemata\/mootorpaat-nordline-41m-2\/","url":"https:\/\/nordlinepaadid.ee\/et\/pood\/maaratlemata\/mootorpaat-nordline-41m-2\/","name":"MOOTORPAAT - NORDLINE 41M - NORDLINE s\u00f5udepaadid ja mootorpaadid. Klaasfiiber materjalist.","isPartOf":{"@id":"https:\/\/nordlinepaadid.ee\/et\/#website"},"primaryImageOfPage":{"@id":"https:\/\/nordlinepaadid.ee\/et\/pood\/maaratlemata\/mootorpaat-nordline-41m-2\/#primaryimage"},"image":{"@id":"https:\/\/nordlinepaadid.ee\/et\/pood\/maaratlemata\/mootorpaat-nordline-41m-2\/#primaryimage"},"thumbnailUrl":"https:\/\/nordlinepaadid.ee\/wp-content\/uploads\/2023\/03\/5788_Mootorpaat-Nordline-41M-1-1.jpg","datePublished":"2026-04-07T00:16:33+00:00","breadcrumb":{"@id":"https:\/\/nordlinepaadid.ee\/et\/pood\/maaratlemata\/mootorpaat-nordline-41m-2\/#breadcrumb"},"inLanguage":"et","potentialAction":[{"@type":"ReadAction","target":["https:\/\/nordlinepaadid.ee\/et\/pood\/maaratlemata\/mootorpaat-nordline-41m-2\/"]}]},{"@type":"ImageObject","inLanguage":"et","@id":"https:\/\/nordlinepaadid.ee\/et\/pood\/maaratlemata\/mootorpaat-nordline-41m-2\/#primaryimage","url":"https:\/\/nordlinepaadid.ee\/wp-content\/uploads\/2023\/03\/5788_Mootorpaat-Nordline-41M-1-1.jpg","contentUrl":"https:\/\/nordlinepaadid.ee\/wp-content\/uploads\/2023\/03\/5788_Mootorpaat-Nordline-41M-1-1.jpg","width":1226,"height":785},{"@type":"BreadcrumbList","@id":"https:\/\/nordlinepaadid.ee\/et\/pood\/maaratlemata\/mootorpaat-nordline-41m-2\/#breadcrumb","itemListElement":[{"@type":"ListItem","position":1,"name":"Home","item":"https:\/\/nordlinepaadid.ee\/et\/"},{"@type":"ListItem","position":2,"name":"Pood","item":"https:\/\/nordlinepaadid.ee\/et\/pood\/"},{"@type":"ListItem","position":3,"name":"MOOTORPAAT &#8211; NORDLINE 41M"}]},{"@type":"WebSite","@id":"https:\/\/nordlinepaadid.ee\/et\/#website","url":"https:\/\/nordlinepaadid.ee\/et\/","name":"NORDLINE s\u00f5udepaadid ja mootorpaadid. Klaasfiiber materjalist.","description":"","publisher":{"@id":"https:\/\/nordlinepaadid.ee\/et\/#organization"},"potentialAction":[{"@type":"SearchAction","target":{"@type":"EntryPoint","urlTemplate":"https:\/\/nordlinepaadid.ee\/et\/?s={search_term_string}"},"query-input":{"@type":"PropertyValueSpecification","valueRequired":true,"valueName":"search_term_string"}}],"inLanguage":"et"},{"@type":"Organization","@id":"https:\/\/nordlinepaadid.ee\/et\/#organization","name":"Nordlineboats","url":"https:\/\/nordlinepaadid.ee\/et\/","logo":{"@type":"ImageObject","inLanguage":"et","@id":"https:\/\/nordlinepaadid.ee\/et\/#\/schema\/logo\/image\/","url":"https:\/\/nordlinepaadid.ee\/wp-content\/uploads\/2023\/01\/fulllogo_transparent_nobuffer-e1672750475494.png","contentUrl":"https:\/\/nordlinepaadid.ee\/wp-content\/uploads\/2023\/01\/fulllogo_transparent_nobuffer-e1672750475494.png","width":150,"height":119,"caption":"Nordlineboats"},"image":{"@id":"https:\/\/nordlinepaadid.ee\/et\/#\/schema\/logo\/image\/"},"sameAs":["https:\/\/www.facebook.com\/nordlineboats","https:\/\/www.youtube.com\/channel\/UCbgF0fy02y3QkFnujaLTaCA"]}]}},"taxonomy_info":{"pa_producer":[{"value":580,"label":"Nordline Boats"}],"pa_unit":[{"value":416,"label":"pcs"}]},"featured_image_src_large":["https:\/\/nordlinepaadid.ee\/wp-content\/uploads\/2023\/03\/5788_Mootorpaat-Nordline-41M-1-1-1024x656.jpg",1024,656,true],"author_info":[],"comment_info":"","_links":{"self":[{"href":"https:\/\/nordlinepaadid.ee\/et\/wp-json\/wp\/v2\/product\/34920","targetHints":{"allow":["GET"]}}],"collection":[{"href":"https:\/\/nordlinepaadid.ee\/et\/wp-json\/wp\/v2\/product"}],"about":[{"href":"https:\/\/nordlinepaadid.ee\/et\/wp-json\/wp\/v2\/types\/product"}],"wp:featuredmedia":[{"embeddable":true,"href":"https:\/\/nordlinepaadid.ee\/et\/wp-json\/wp\/v2\/media\/23984"}],"wp:attachment":[{"href":"https:\/\/nordlinepaadid.ee\/et\/wp-json\/wp\/v2\/media?parent=34920"}],"wp:term":[{"taxonomy":"product_brand","embeddable":true,"href":"https:\/\/nordlinepaadid.ee\/et\/wp-json\/wp\/v2\/product_brand?post=34920"},{"taxonomy":"product_cat","embeddable":true,"href":"https:\/\/nordlinepaadid.ee\/et\/wp-json\/wp\/v2\/product_cat?post=34920"},{"taxonomy":"product_tag","embeddable":true,"href":"https:\/\/nordlinepaadid.ee\/et\/wp-json\/wp\/v2\/product_tag?post=34920"}],"curies":[{"name":"wp","href":"https:\/\/api.w.org\/{rel}","templated":true}]}}