{"id":34969,"date":"2026-04-07T03:17:14","date_gmt":"2026-04-07T00:17:14","guid":{"rendered":"https:\/\/nordlinepaadid.ee\/pood\/poleerimisvahend-cleantogleam-boat-polish-1-l\/"},"modified":"2026-04-07T03:17:14","modified_gmt":"2026-04-07T00:17:14","slug":"poleerimisvahend-cleantogleam-boat-polish-1-l","status":"publish","type":"product","link":"https:\/\/nordlinepaadid.ee\/et\/pood\/outlet\/poleerimisvahend-cleantogleam-boat-polish-1-l\/","title":{"rendered":"POLEERIMISVAHEND &#8211; CLEANTOGLEAM BOAT POLISH, 1 l"},"content":{"rendered":"<p>CleanToGleam Marine Polish on valmistatud pol\u00fcmeeri ja karnauba vaha baasil ning spetsiaalselt toodetud silikoonivabalt, m\u00f5eldes eelk\u00f5ige merekeskkonnale. Puhastusvahendi eriline koostis v\u00f5imaldab tal eemaldada vee ja \u00f5li plekke, tagades samas pindadele maksimaalse UV-kaitse. Vahend on sobilik GRP-, metall-, pleksiklaasist ja ka v\u00e4rvitud pindadele. Valmistatud inglismaal.<\/p>\n<p>&#13;<\/p>\n<p><iframe loading=\"lazy\" allowfullscreen=\"\" frameborder=\"0\" height=\"360\" src=\"\/\/www.youtube.com\/embed\/OgQ3EXM8CCw\" width=\"640\"><\/iframe><\/p>\n<p>&#13;<\/p>\n","protected":false},"excerpt":{"rendered":"<p>CleanToGleam Marine Polish on valmistatud pol\u00fcmeeri ja karnauba vaha baasil ning spetsiaalselt toodetud silikoonivabalt, m\u00f5eldes eelk\u00f5ige merekeskkonnale. Puhastusvahendi eriline koostis v\u00f5imaldab tal eemaldada vee ja \u00f5li plekke, tagades samas pindadele maksimaalse UV-kaitse. Vahend on sobilik GRP-, metall-, pleksiklaasist ja ka v\u00e4rvitud pindadele. Valmistatud inglismaal. &#13; &#13;<\/p>\n","protected":false},"featured_media":24884,"template":"","meta":{"_kad_blocks_custom_css":"","_kad_blocks_head_custom_js":"","_kad_blocks_body_custom_js":"","_kad_blocks_footer_custom_js":"","_kad_post_transparent":"","_kad_post_title":"","_kad_post_layout":"","_kad_post_sidebar_id":"","_kad_post_content_style":"","_kad_post_vertical_padding":"","_kad_post_feature":"","_kad_post_feature_position":"","_kad_post_header":false,"_kad_post_footer":false,"_kad_post_classname":""},"product_brand":[],"product_cat":[354],"product_tag":[],"class_list":{"0":"post-34969","1":"product","2":"type-product","3":"status-publish","4":"has-post-thumbnail","6":"product_cat-outlet","7":"pa_producer-cleantogleam","8":"pa_unit-l","9":"tm-no-options","11":"first","12":"instock","13":"sale","14":"taxable","15":"shipping-taxable","16":"purchasable","17":"product-type-simple","18":"entry","19":"content-bg","20":"loop-entry"},"yoast_head":"<!-- This site is optimized with the Yoast SEO plugin v27.3 - https:\/\/yoast.com\/product\/yoast-seo-wordpress\/ -->\n<title>POLEERIMISVAHEND - CLEANTOGLEAM BOAT POLISH, 1 l - NORDLINE s\u00f5udepaadid ja mootorpaadid. Klaasfiiber materjalist.<\/title>\n<meta name=\"robots\" content=\"index, follow, max-snippet:-1, max-image-preview:large, max-video-preview:-1\" \/>\n<link rel=\"canonical\" href=\"https:\/\/nordlinepaadid.ee\/et\/pood\/outlet\/poleerimisvahend-cleantogleam-boat-polish-1-l\/\" \/>\n<meta property=\"og:locale\" content=\"et_EE\" \/>\n<meta property=\"og:type\" content=\"article\" \/>\n<meta property=\"og:title\" content=\"POLEERIMISVAHEND - CLEANTOGLEAM BOAT POLISH, 1 l - NORDLINE s\u00f5udepaadid ja mootorpaadid. Klaasfiiber materjalist.\" \/>\n<meta property=\"og:description\" content=\"CleanToGleam Marine Polish on valmistatud pol\u00fcmeeri ja karnauba vaha baasil ning spetsiaalselt toodetud silikoonivabalt, m\u00f5eldes eelk\u00f5ige merekeskkonnale. Puhastusvahendi eriline koostis v\u00f5imaldab tal eemaldada vee ja \u00f5li plekke, tagades samas pindadele maksimaalse UV-kaitse. Vahend on sobilik GRP-, metall-, pleksiklaasist ja ka v\u00e4rvitud pindadele. Valmistatud inglismaal. &#013; &#013;\" \/>\n<meta property=\"og:url\" content=\"https:\/\/nordlinepaadid.ee\/et\/pood\/outlet\/poleerimisvahend-cleantogleam-boat-polish-1-l\/\" \/>\n<meta property=\"og:site_name\" content=\"NORDLINE s\u00f5udepaadid ja mootorpaadid. Klaasfiiber materjalist.\" \/>\n<meta property=\"article:publisher\" content=\"https:\/\/www.facebook.com\/nordlineboats\" \/>\n<meta property=\"og:image\" content=\"https:\/\/nordlinepaadid.ee\/wp-content\/uploads\/2023\/03\/6297_PMT_-_BOAT_POLISH_-_1-scaled.jpg\" \/>\n\t<meta property=\"og:image:width\" content=\"1491\" \/>\n\t<meta property=\"og:image:height\" content=\"2560\" \/>\n\t<meta property=\"og:image:type\" content=\"image\/jpeg\" \/>\n<meta name=\"twitter:card\" content=\"summary_large_image\" \/>\n<script type=\"application\/ld+json\" class=\"yoast-schema-graph\">{\"@context\":\"https:\\\/\\\/schema.org\",\"@graph\":[{\"@type\":\"WebPage\",\"@id\":\"https:\\\/\\\/nordlinepaadid.ee\\\/et\\\/pood\\\/outlet\\\/poleerimisvahend-cleantogleam-boat-polish-1-l\\\/\",\"url\":\"https:\\\/\\\/nordlinepaadid.ee\\\/et\\\/pood\\\/outlet\\\/poleerimisvahend-cleantogleam-boat-polish-1-l\\\/\",\"name\":\"POLEERIMISVAHEND - CLEANTOGLEAM BOAT POLISH, 1 l - NORDLINE s\u00f5udepaadid ja mootorpaadid. Klaasfiiber materjalist.\",\"isPartOf\":{\"@id\":\"https:\\\/\\\/nordlinepaadid.ee\\\/et\\\/#website\"},\"primaryImageOfPage\":{\"@id\":\"https:\\\/\\\/nordlinepaadid.ee\\\/et\\\/pood\\\/outlet\\\/poleerimisvahend-cleantogleam-boat-polish-1-l\\\/#primaryimage\"},\"image\":{\"@id\":\"https:\\\/\\\/nordlinepaadid.ee\\\/et\\\/pood\\\/outlet\\\/poleerimisvahend-cleantogleam-boat-polish-1-l\\\/#primaryimage\"},\"thumbnailUrl\":\"https:\\\/\\\/nordlinepaadid.ee\\\/wp-content\\\/uploads\\\/2023\\\/03\\\/6297_PMT_-_BOAT_POLISH_-_1-scaled.jpg\",\"datePublished\":\"2026-04-07T00:17:14+00:00\",\"breadcrumb\":{\"@id\":\"https:\\\/\\\/nordlinepaadid.ee\\\/et\\\/pood\\\/outlet\\\/poleerimisvahend-cleantogleam-boat-polish-1-l\\\/#breadcrumb\"},\"inLanguage\":\"et\",\"potentialAction\":[{\"@type\":\"ReadAction\",\"target\":[\"https:\\\/\\\/nordlinepaadid.ee\\\/et\\\/pood\\\/outlet\\\/poleerimisvahend-cleantogleam-boat-polish-1-l\\\/\"]}]},{\"@type\":\"ImageObject\",\"inLanguage\":\"et\",\"@id\":\"https:\\\/\\\/nordlinepaadid.ee\\\/et\\\/pood\\\/outlet\\\/poleerimisvahend-cleantogleam-boat-polish-1-l\\\/#primaryimage\",\"url\":\"https:\\\/\\\/nordlinepaadid.ee\\\/wp-content\\\/uploads\\\/2023\\\/03\\\/6297_PMT_-_BOAT_POLISH_-_1-scaled.jpg\",\"contentUrl\":\"https:\\\/\\\/nordlinepaadid.ee\\\/wp-content\\\/uploads\\\/2023\\\/03\\\/6297_PMT_-_BOAT_POLISH_-_1-scaled.jpg\",\"width\":1491,\"height\":2560},{\"@type\":\"BreadcrumbList\",\"@id\":\"https:\\\/\\\/nordlinepaadid.ee\\\/et\\\/pood\\\/outlet\\\/poleerimisvahend-cleantogleam-boat-polish-1-l\\\/#breadcrumb\",\"itemListElement\":[{\"@type\":\"ListItem\",\"position\":1,\"name\":\"Home\",\"item\":\"https:\\\/\\\/nordlinepaadid.ee\\\/et\\\/\"},{\"@type\":\"ListItem\",\"position\":2,\"name\":\"Pood\",\"item\":\"https:\\\/\\\/nordlinepaadid.ee\\\/et\\\/pood\\\/\"},{\"@type\":\"ListItem\",\"position\":3,\"name\":\"POLEERIMISVAHEND &#8211; CLEANTOGLEAM BOAT POLISH, 1 l\"}]},{\"@type\":\"WebSite\",\"@id\":\"https:\\\/\\\/nordlinepaadid.ee\\\/et\\\/#website\",\"url\":\"https:\\\/\\\/nordlinepaadid.ee\\\/et\\\/\",\"name\":\"NORDLINE s\u00f5udepaadid ja mootorpaadid. Klaasfiiber materjalist.\",\"description\":\"\",\"publisher\":{\"@id\":\"https:\\\/\\\/nordlinepaadid.ee\\\/et\\\/#organization\"},\"potentialAction\":[{\"@type\":\"SearchAction\",\"target\":{\"@type\":\"EntryPoint\",\"urlTemplate\":\"https:\\\/\\\/nordlinepaadid.ee\\\/et\\\/?s={search_term_string}\"},\"query-input\":{\"@type\":\"PropertyValueSpecification\",\"valueRequired\":true,\"valueName\":\"search_term_string\"}}],\"inLanguage\":\"et\"},{\"@type\":\"Organization\",\"@id\":\"https:\\\/\\\/nordlinepaadid.ee\\\/et\\\/#organization\",\"name\":\"Nordlineboats\",\"url\":\"https:\\\/\\\/nordlinepaadid.ee\\\/et\\\/\",\"logo\":{\"@type\":\"ImageObject\",\"inLanguage\":\"et\",\"@id\":\"https:\\\/\\\/nordlinepaadid.ee\\\/et\\\/#\\\/schema\\\/logo\\\/image\\\/\",\"url\":\"https:\\\/\\\/nordlinepaadid.ee\\\/wp-content\\\/uploads\\\/2023\\\/01\\\/fulllogo_transparent_nobuffer-e1672750475494.png\",\"contentUrl\":\"https:\\\/\\\/nordlinepaadid.ee\\\/wp-content\\\/uploads\\\/2023\\\/01\\\/fulllogo_transparent_nobuffer-e1672750475494.png\",\"width\":150,\"height\":119,\"caption\":\"Nordlineboats\"},\"image\":{\"@id\":\"https:\\\/\\\/nordlinepaadid.ee\\\/et\\\/#\\\/schema\\\/logo\\\/image\\\/\"},\"sameAs\":[\"https:\\\/\\\/www.facebook.com\\\/nordlineboats\",\"https:\\\/\\\/www.youtube.com\\\/channel\\\/UCbgF0fy02y3QkFnujaLTaCA\"]}]}<\/script>\n<!-- \/ Yoast SEO plugin. -->","yoast_head_json":{"title":"POLEERIMISVAHEND - CLEANTOGLEAM BOAT POLISH, 1 l - NORDLINE s\u00f5udepaadid ja mootorpaadid. Klaasfiiber materjalist.","robots":{"index":"index","follow":"follow","max-snippet":"max-snippet:-1","max-image-preview":"max-image-preview:large","max-video-preview":"max-video-preview:-1"},"canonical":"https:\/\/nordlinepaadid.ee\/et\/pood\/outlet\/poleerimisvahend-cleantogleam-boat-polish-1-l\/","og_locale":"et_EE","og_type":"article","og_title":"POLEERIMISVAHEND - CLEANTOGLEAM BOAT POLISH, 1 l - NORDLINE s\u00f5udepaadid ja mootorpaadid. Klaasfiiber materjalist.","og_description":"CleanToGleam Marine Polish on valmistatud pol\u00fcmeeri ja karnauba vaha baasil ning spetsiaalselt toodetud silikoonivabalt, m\u00f5eldes eelk\u00f5ige merekeskkonnale. Puhastusvahendi eriline koostis v\u00f5imaldab tal eemaldada vee ja \u00f5li plekke, tagades samas pindadele maksimaalse UV-kaitse. Vahend on sobilik GRP-, metall-, pleksiklaasist ja ka v\u00e4rvitud pindadele. Valmistatud inglismaal. &#13; &#13;","og_url":"https:\/\/nordlinepaadid.ee\/et\/pood\/outlet\/poleerimisvahend-cleantogleam-boat-polish-1-l\/","og_site_name":"NORDLINE s\u00f5udepaadid ja mootorpaadid. Klaasfiiber materjalist.","article_publisher":"https:\/\/www.facebook.com\/nordlineboats","og_image":[{"width":1491,"height":2560,"url":"https:\/\/nordlinepaadid.ee\/wp-content\/uploads\/2023\/03\/6297_PMT_-_BOAT_POLISH_-_1-scaled.jpg","type":"image\/jpeg"}],"twitter_card":"summary_large_image","schema":{"@context":"https:\/\/schema.org","@graph":[{"@type":"WebPage","@id":"https:\/\/nordlinepaadid.ee\/et\/pood\/outlet\/poleerimisvahend-cleantogleam-boat-polish-1-l\/","url":"https:\/\/nordlinepaadid.ee\/et\/pood\/outlet\/poleerimisvahend-cleantogleam-boat-polish-1-l\/","name":"POLEERIMISVAHEND - CLEANTOGLEAM BOAT POLISH, 1 l - NORDLINE s\u00f5udepaadid ja mootorpaadid. Klaasfiiber materjalist.","isPartOf":{"@id":"https:\/\/nordlinepaadid.ee\/et\/#website"},"primaryImageOfPage":{"@id":"https:\/\/nordlinepaadid.ee\/et\/pood\/outlet\/poleerimisvahend-cleantogleam-boat-polish-1-l\/#primaryimage"},"image":{"@id":"https:\/\/nordlinepaadid.ee\/et\/pood\/outlet\/poleerimisvahend-cleantogleam-boat-polish-1-l\/#primaryimage"},"thumbnailUrl":"https:\/\/nordlinepaadid.ee\/wp-content\/uploads\/2023\/03\/6297_PMT_-_BOAT_POLISH_-_1-scaled.jpg","datePublished":"2026-04-07T00:17:14+00:00","breadcrumb":{"@id":"https:\/\/nordlinepaadid.ee\/et\/pood\/outlet\/poleerimisvahend-cleantogleam-boat-polish-1-l\/#breadcrumb"},"inLanguage":"et","potentialAction":[{"@type":"ReadAction","target":["https:\/\/nordlinepaadid.ee\/et\/pood\/outlet\/poleerimisvahend-cleantogleam-boat-polish-1-l\/"]}]},{"@type":"ImageObject","inLanguage":"et","@id":"https:\/\/nordlinepaadid.ee\/et\/pood\/outlet\/poleerimisvahend-cleantogleam-boat-polish-1-l\/#primaryimage","url":"https:\/\/nordlinepaadid.ee\/wp-content\/uploads\/2023\/03\/6297_PMT_-_BOAT_POLISH_-_1-scaled.jpg","contentUrl":"https:\/\/nordlinepaadid.ee\/wp-content\/uploads\/2023\/03\/6297_PMT_-_BOAT_POLISH_-_1-scaled.jpg","width":1491,"height":2560},{"@type":"BreadcrumbList","@id":"https:\/\/nordlinepaadid.ee\/et\/pood\/outlet\/poleerimisvahend-cleantogleam-boat-polish-1-l\/#breadcrumb","itemListElement":[{"@type":"ListItem","position":1,"name":"Home","item":"https:\/\/nordlinepaadid.ee\/et\/"},{"@type":"ListItem","position":2,"name":"Pood","item":"https:\/\/nordlinepaadid.ee\/et\/pood\/"},{"@type":"ListItem","position":3,"name":"POLEERIMISVAHEND &#8211; CLEANTOGLEAM BOAT POLISH, 1 l"}]},{"@type":"WebSite","@id":"https:\/\/nordlinepaadid.ee\/et\/#website","url":"https:\/\/nordlinepaadid.ee\/et\/","name":"NORDLINE s\u00f5udepaadid ja mootorpaadid. Klaasfiiber materjalist.","description":"","publisher":{"@id":"https:\/\/nordlinepaadid.ee\/et\/#organization"},"potentialAction":[{"@type":"SearchAction","target":{"@type":"EntryPoint","urlTemplate":"https:\/\/nordlinepaadid.ee\/et\/?s={search_term_string}"},"query-input":{"@type":"PropertyValueSpecification","valueRequired":true,"valueName":"search_term_string"}}],"inLanguage":"et"},{"@type":"Organization","@id":"https:\/\/nordlinepaadid.ee\/et\/#organization","name":"Nordlineboats","url":"https:\/\/nordlinepaadid.ee\/et\/","logo":{"@type":"ImageObject","inLanguage":"et","@id":"https:\/\/nordlinepaadid.ee\/et\/#\/schema\/logo\/image\/","url":"https:\/\/nordlinepaadid.ee\/wp-content\/uploads\/2023\/01\/fulllogo_transparent_nobuffer-e1672750475494.png","contentUrl":"https:\/\/nordlinepaadid.ee\/wp-content\/uploads\/2023\/01\/fulllogo_transparent_nobuffer-e1672750475494.png","width":150,"height":119,"caption":"Nordlineboats"},"image":{"@id":"https:\/\/nordlinepaadid.ee\/et\/#\/schema\/logo\/image\/"},"sameAs":["https:\/\/www.facebook.com\/nordlineboats","https:\/\/www.youtube.com\/channel\/UCbgF0fy02y3QkFnujaLTaCA"]}]}},"taxonomy_info":{"product_cat":[{"value":354,"label":"L\u00d5PUM\u00dc\u00dcK \/ OUTLET"}],"pa_producer":[{"value":586,"label":"CleanToGleam"}],"pa_unit":[{"value":468,"label":"l"}]},"featured_image_src_large":["https:\/\/nordlinepaadid.ee\/wp-content\/uploads\/2023\/03\/6297_PMT_-_BOAT_POLISH_-_1-596x1024.jpg",596,1024,true],"author_info":[],"comment_info":"","_links":{"self":[{"href":"https:\/\/nordlinepaadid.ee\/et\/wp-json\/wp\/v2\/product\/34969","targetHints":{"allow":["GET"]}}],"collection":[{"href":"https:\/\/nordlinepaadid.ee\/et\/wp-json\/wp\/v2\/product"}],"about":[{"href":"https:\/\/nordlinepaadid.ee\/et\/wp-json\/wp\/v2\/types\/product"}],"wp:featuredmedia":[{"embeddable":true,"href":"https:\/\/nordlinepaadid.ee\/et\/wp-json\/wp\/v2\/media\/24884"}],"wp:attachment":[{"href":"https:\/\/nordlinepaadid.ee\/et\/wp-json\/wp\/v2\/media?parent=34969"}],"wp:term":[{"taxonomy":"product_brand","embeddable":true,"href":"https:\/\/nordlinepaadid.ee\/et\/wp-json\/wp\/v2\/product_brand?post=34969"},{"taxonomy":"product_cat","embeddable":true,"href":"https:\/\/nordlinepaadid.ee\/et\/wp-json\/wp\/v2\/product_cat?post=34969"},{"taxonomy":"product_tag","embeddable":true,"href":"https:\/\/nordlinepaadid.ee\/et\/wp-json\/wp\/v2\/product_tag?post=34969"}],"curies":[{"name":"wp","href":"https:\/\/api.w.org\/{rel}","templated":true}]}}