{"id":34990,"date":"2026-04-07T03:18:04","date_gmt":"2026-04-07T00:18:04","guid":{"rendered":"https:\/\/nordlinepaadid.ee\/pood\/purjetamisjope-marinepool-pacific-ocean-top-meestele-m\/"},"modified":"2026-04-07T03:18:04","modified_gmt":"2026-04-07T00:18:04","slug":"purjetamisjope-marinepool-pacific-ocean-top-meestele-m","status":"publish","type":"product","link":"https:\/\/nordlinepaadid.ee\/et\/pood\/outlet\/purjetamisjope-marinepool-pacific-ocean-top-meestele-m\/","title":{"rendered":"PURJETAMISJOPE- MARINEPOOL PACIFIC OCEAN TOP, MEESTELE, M"},"content":{"rendered":"<p style=\"text-align:justify\">Sellel ookeanil purjetamiseks m\u00f5eldud jopel on 3 + 1-kihiline kangas. Jope on eriti veekindel ja hingav- t\u00e4ielikult teibitud \u00f5mblused ja veekindel t\u00f5mblukk. Signaalv\u00e4rviga h\u00e4sti n\u00e4htaval kapuutsil on sisseehitatud v\u00f5imalus helitugevuse reguleerimiseks. Jopel on k\u00f5rge fliis voodriga krae ja n\u00e4okaitse. Voodriga kapuuts on v\u00f5imalik rullida krae sisse. Jopel on lateksist kaela- ja randmetihendid lisakaitseks \u00e4\u00e4rmuslikeks ilmastikutingimusteks. Topeltmansetid, reguleeritav neopreenist v\u00f6\u00f6pael koos konksukinnitusega, fliis-voodriga k\u00e4e soojendustaskud, h\u00e4sti n\u00e4htavad 3MTM helkurid \u00f5la-, kapuutsi- ja varrukamansettides. Materjal: 100% pol\u00fcamiid, membraan: 100 % pol\u00fcuretaan, tricot: 100 % pol\u00fcamiid. Eriomadused: Veekindlus- 20 000 mm; Hingavus- 20 000 g \/ m\u00b2 \/ 24h.<\/p>\n<p>&#13;<\/p>\n","protected":false},"excerpt":{"rendered":"<p>Sellel ookeanil purjetamiseks m\u00f5eldud jopel on 3 + 1-kihiline kangas. Jope on eriti veekindel ja hingav- t\u00e4ielikult teibitud \u00f5mblused ja veekindel t\u00f5mblukk. Signaalv\u00e4rviga h\u00e4sti n\u00e4htaval kapuutsil on sisseehitatud v\u00f5imalus helitugevuse reguleerimiseks. Jopel on k\u00f5rge fliis voodriga krae ja n\u00e4okaitse. Voodriga kapuuts on v\u00f5imalik rullida krae sisse. Jopel on lateksist kaela- ja randmetihendid lisakaitseks \u00e4\u00e4rmuslikeks ilmastikutingimusteks&#8230;.<\/p>\n","protected":false},"featured_media":25779,"template":"","meta":{"_kad_blocks_custom_css":"","_kad_blocks_head_custom_js":"","_kad_blocks_body_custom_js":"","_kad_blocks_footer_custom_js":"","_kad_post_transparent":"","_kad_post_title":"","_kad_post_layout":"","_kad_post_sidebar_id":"","_kad_post_content_style":"","_kad_post_vertical_padding":"","_kad_post_feature":"","_kad_post_feature_position":"","_kad_post_header":false,"_kad_post_footer":false,"_kad_post_classname":""},"product_brand":[],"product_cat":[354],"product_tag":[],"class_list":{"0":"post-34990","1":"product","2":"type-product","3":"status-publish","4":"has-post-thumbnail","6":"product_cat-outlet","7":"pa_color-sinine","8":"pa_producer-marinepool","9":"pa_unit-pcs","10":"tm-no-options","12":"first","13":"instock","14":"sale","15":"taxable","16":"shipping-taxable","17":"purchasable","18":"product-type-simple","19":"entry","20":"content-bg","21":"loop-entry"},"yoast_head":"<!-- This site is optimized with the Yoast SEO plugin v27.3 - https:\/\/yoast.com\/product\/yoast-seo-wordpress\/ -->\n<title>PURJETAMISJOPE- MARINEPOOL PACIFIC OCEAN TOP, MEESTELE, M - NORDLINE s\u00f5udepaadid ja mootorpaadid. Klaasfiiber materjalist.<\/title>\n<meta name=\"robots\" content=\"index, follow, max-snippet:-1, max-image-preview:large, max-video-preview:-1\" \/>\n<link rel=\"canonical\" href=\"https:\/\/nordlinepaadid.ee\/et\/pood\/outlet\/purjetamisjope-marinepool-pacific-ocean-top-meestele-m\/\" \/>\n<meta property=\"og:locale\" content=\"et_EE\" \/>\n<meta property=\"og:type\" content=\"article\" \/>\n<meta property=\"og:title\" content=\"PURJETAMISJOPE- MARINEPOOL PACIFIC OCEAN TOP, MEESTELE, M - NORDLINE s\u00f5udepaadid ja mootorpaadid. Klaasfiiber materjalist.\" \/>\n<meta property=\"og:description\" content=\"Sellel ookeanil purjetamiseks m\u00f5eldud jopel on 3 + 1-kihiline kangas. Jope on eriti veekindel ja hingav- t\u00e4ielikult teibitud \u00f5mblused ja veekindel t\u00f5mblukk. Signaalv\u00e4rviga h\u00e4sti n\u00e4htaval kapuutsil on sisseehitatud v\u00f5imalus helitugevuse reguleerimiseks. Jopel on k\u00f5rge fliis voodriga krae ja n\u00e4okaitse. Voodriga kapuuts on v\u00f5imalik rullida krae sisse. Jopel on lateksist kaela- ja randmetihendid lisakaitseks \u00e4\u00e4rmuslikeks ilmastikutingimusteks....\" \/>\n<meta property=\"og:url\" content=\"https:\/\/nordlinepaadid.ee\/et\/pood\/outlet\/purjetamisjope-marinepool-pacific-ocean-top-meestele-m\/\" \/>\n<meta property=\"og:site_name\" content=\"NORDLINE s\u00f5udepaadid ja mootorpaadid. Klaasfiiber materjalist.\" \/>\n<meta property=\"article:publisher\" content=\"https:\/\/www.facebook.com\/nordlineboats\" \/>\n<meta property=\"og:image\" content=\"https:\/\/nordlinepaadid.ee\/wp-content\/uploads\/2023\/03\/7156_pacific-ocean-top-men-black-white-melon1_redo.jpg\" \/>\n\t<meta property=\"og:image:width\" content=\"582\" \/>\n\t<meta property=\"og:image:height\" content=\"700\" \/>\n\t<meta property=\"og:image:type\" content=\"image\/jpeg\" \/>\n<meta name=\"twitter:card\" content=\"summary_large_image\" \/>\n<meta name=\"twitter:label1\" content=\"Est. reading time\" \/>\n\t<meta name=\"twitter:data1\" content=\"1 minut\" \/>\n<script type=\"application\/ld+json\" class=\"yoast-schema-graph\">{\"@context\":\"https:\\\/\\\/schema.org\",\"@graph\":[{\"@type\":\"WebPage\",\"@id\":\"https:\\\/\\\/nordlinepaadid.ee\\\/et\\\/pood\\\/outlet\\\/purjetamisjope-marinepool-pacific-ocean-top-meestele-m\\\/\",\"url\":\"https:\\\/\\\/nordlinepaadid.ee\\\/et\\\/pood\\\/outlet\\\/purjetamisjope-marinepool-pacific-ocean-top-meestele-m\\\/\",\"name\":\"PURJETAMISJOPE- MARINEPOOL PACIFIC OCEAN TOP, MEESTELE, M - NORDLINE s\u00f5udepaadid ja mootorpaadid. Klaasfiiber materjalist.\",\"isPartOf\":{\"@id\":\"https:\\\/\\\/nordlinepaadid.ee\\\/et\\\/#website\"},\"primaryImageOfPage\":{\"@id\":\"https:\\\/\\\/nordlinepaadid.ee\\\/et\\\/pood\\\/outlet\\\/purjetamisjope-marinepool-pacific-ocean-top-meestele-m\\\/#primaryimage\"},\"image\":{\"@id\":\"https:\\\/\\\/nordlinepaadid.ee\\\/et\\\/pood\\\/outlet\\\/purjetamisjope-marinepool-pacific-ocean-top-meestele-m\\\/#primaryimage\"},\"thumbnailUrl\":\"https:\\\/\\\/nordlinepaadid.ee\\\/wp-content\\\/uploads\\\/2023\\\/03\\\/7156_pacific-ocean-top-men-black-white-melon1_redo.jpg\",\"datePublished\":\"2026-04-07T00:18:04+00:00\",\"breadcrumb\":{\"@id\":\"https:\\\/\\\/nordlinepaadid.ee\\\/et\\\/pood\\\/outlet\\\/purjetamisjope-marinepool-pacific-ocean-top-meestele-m\\\/#breadcrumb\"},\"inLanguage\":\"et\",\"potentialAction\":[{\"@type\":\"ReadAction\",\"target\":[\"https:\\\/\\\/nordlinepaadid.ee\\\/et\\\/pood\\\/outlet\\\/purjetamisjope-marinepool-pacific-ocean-top-meestele-m\\\/\"]}]},{\"@type\":\"ImageObject\",\"inLanguage\":\"et\",\"@id\":\"https:\\\/\\\/nordlinepaadid.ee\\\/et\\\/pood\\\/outlet\\\/purjetamisjope-marinepool-pacific-ocean-top-meestele-m\\\/#primaryimage\",\"url\":\"https:\\\/\\\/nordlinepaadid.ee\\\/wp-content\\\/uploads\\\/2023\\\/03\\\/7156_pacific-ocean-top-men-black-white-melon1_redo.jpg\",\"contentUrl\":\"https:\\\/\\\/nordlinepaadid.ee\\\/wp-content\\\/uploads\\\/2023\\\/03\\\/7156_pacific-ocean-top-men-black-white-melon1_redo.jpg\",\"width\":582,\"height\":700},{\"@type\":\"BreadcrumbList\",\"@id\":\"https:\\\/\\\/nordlinepaadid.ee\\\/et\\\/pood\\\/outlet\\\/purjetamisjope-marinepool-pacific-ocean-top-meestele-m\\\/#breadcrumb\",\"itemListElement\":[{\"@type\":\"ListItem\",\"position\":1,\"name\":\"Home\",\"item\":\"https:\\\/\\\/nordlinepaadid.ee\\\/et\\\/\"},{\"@type\":\"ListItem\",\"position\":2,\"name\":\"Pood\",\"item\":\"https:\\\/\\\/nordlinepaadid.ee\\\/et\\\/pood\\\/\"},{\"@type\":\"ListItem\",\"position\":3,\"name\":\"PURJETAMISJOPE- MARINEPOOL PACIFIC OCEAN TOP, MEESTELE, M\"}]},{\"@type\":\"WebSite\",\"@id\":\"https:\\\/\\\/nordlinepaadid.ee\\\/et\\\/#website\",\"url\":\"https:\\\/\\\/nordlinepaadid.ee\\\/et\\\/\",\"name\":\"NORDLINE s\u00f5udepaadid ja mootorpaadid. Klaasfiiber materjalist.\",\"description\":\"\",\"publisher\":{\"@id\":\"https:\\\/\\\/nordlinepaadid.ee\\\/et\\\/#organization\"},\"potentialAction\":[{\"@type\":\"SearchAction\",\"target\":{\"@type\":\"EntryPoint\",\"urlTemplate\":\"https:\\\/\\\/nordlinepaadid.ee\\\/et\\\/?s={search_term_string}\"},\"query-input\":{\"@type\":\"PropertyValueSpecification\",\"valueRequired\":true,\"valueName\":\"search_term_string\"}}],\"inLanguage\":\"et\"},{\"@type\":\"Organization\",\"@id\":\"https:\\\/\\\/nordlinepaadid.ee\\\/et\\\/#organization\",\"name\":\"Nordlineboats\",\"url\":\"https:\\\/\\\/nordlinepaadid.ee\\\/et\\\/\",\"logo\":{\"@type\":\"ImageObject\",\"inLanguage\":\"et\",\"@id\":\"https:\\\/\\\/nordlinepaadid.ee\\\/et\\\/#\\\/schema\\\/logo\\\/image\\\/\",\"url\":\"https:\\\/\\\/nordlinepaadid.ee\\\/wp-content\\\/uploads\\\/2023\\\/01\\\/fulllogo_transparent_nobuffer-e1672750475494.png\",\"contentUrl\":\"https:\\\/\\\/nordlinepaadid.ee\\\/wp-content\\\/uploads\\\/2023\\\/01\\\/fulllogo_transparent_nobuffer-e1672750475494.png\",\"width\":150,\"height\":119,\"caption\":\"Nordlineboats\"},\"image\":{\"@id\":\"https:\\\/\\\/nordlinepaadid.ee\\\/et\\\/#\\\/schema\\\/logo\\\/image\\\/\"},\"sameAs\":[\"https:\\\/\\\/www.facebook.com\\\/nordlineboats\",\"https:\\\/\\\/www.youtube.com\\\/channel\\\/UCbgF0fy02y3QkFnujaLTaCA\"]}]}<\/script>\n<!-- \/ Yoast SEO plugin. -->","yoast_head_json":{"title":"PURJETAMISJOPE- MARINEPOOL PACIFIC OCEAN TOP, MEESTELE, M - NORDLINE s\u00f5udepaadid ja mootorpaadid. Klaasfiiber materjalist.","robots":{"index":"index","follow":"follow","max-snippet":"max-snippet:-1","max-image-preview":"max-image-preview:large","max-video-preview":"max-video-preview:-1"},"canonical":"https:\/\/nordlinepaadid.ee\/et\/pood\/outlet\/purjetamisjope-marinepool-pacific-ocean-top-meestele-m\/","og_locale":"et_EE","og_type":"article","og_title":"PURJETAMISJOPE- MARINEPOOL PACIFIC OCEAN TOP, MEESTELE, M - NORDLINE s\u00f5udepaadid ja mootorpaadid. Klaasfiiber materjalist.","og_description":"Sellel ookeanil purjetamiseks m\u00f5eldud jopel on 3 + 1-kihiline kangas. Jope on eriti veekindel ja hingav- t\u00e4ielikult teibitud \u00f5mblused ja veekindel t\u00f5mblukk. Signaalv\u00e4rviga h\u00e4sti n\u00e4htaval kapuutsil on sisseehitatud v\u00f5imalus helitugevuse reguleerimiseks. Jopel on k\u00f5rge fliis voodriga krae ja n\u00e4okaitse. Voodriga kapuuts on v\u00f5imalik rullida krae sisse. Jopel on lateksist kaela- ja randmetihendid lisakaitseks \u00e4\u00e4rmuslikeks ilmastikutingimusteks....","og_url":"https:\/\/nordlinepaadid.ee\/et\/pood\/outlet\/purjetamisjope-marinepool-pacific-ocean-top-meestele-m\/","og_site_name":"NORDLINE s\u00f5udepaadid ja mootorpaadid. Klaasfiiber materjalist.","article_publisher":"https:\/\/www.facebook.com\/nordlineboats","og_image":[{"width":582,"height":700,"url":"https:\/\/nordlinepaadid.ee\/wp-content\/uploads\/2023\/03\/7156_pacific-ocean-top-men-black-white-melon1_redo.jpg","type":"image\/jpeg"}],"twitter_card":"summary_large_image","twitter_misc":{"Est. reading time":"1 minut"},"schema":{"@context":"https:\/\/schema.org","@graph":[{"@type":"WebPage","@id":"https:\/\/nordlinepaadid.ee\/et\/pood\/outlet\/purjetamisjope-marinepool-pacific-ocean-top-meestele-m\/","url":"https:\/\/nordlinepaadid.ee\/et\/pood\/outlet\/purjetamisjope-marinepool-pacific-ocean-top-meestele-m\/","name":"PURJETAMISJOPE- MARINEPOOL PACIFIC OCEAN TOP, MEESTELE, M - NORDLINE s\u00f5udepaadid ja mootorpaadid. Klaasfiiber materjalist.","isPartOf":{"@id":"https:\/\/nordlinepaadid.ee\/et\/#website"},"primaryImageOfPage":{"@id":"https:\/\/nordlinepaadid.ee\/et\/pood\/outlet\/purjetamisjope-marinepool-pacific-ocean-top-meestele-m\/#primaryimage"},"image":{"@id":"https:\/\/nordlinepaadid.ee\/et\/pood\/outlet\/purjetamisjope-marinepool-pacific-ocean-top-meestele-m\/#primaryimage"},"thumbnailUrl":"https:\/\/nordlinepaadid.ee\/wp-content\/uploads\/2023\/03\/7156_pacific-ocean-top-men-black-white-melon1_redo.jpg","datePublished":"2026-04-07T00:18:04+00:00","breadcrumb":{"@id":"https:\/\/nordlinepaadid.ee\/et\/pood\/outlet\/purjetamisjope-marinepool-pacific-ocean-top-meestele-m\/#breadcrumb"},"inLanguage":"et","potentialAction":[{"@type":"ReadAction","target":["https:\/\/nordlinepaadid.ee\/et\/pood\/outlet\/purjetamisjope-marinepool-pacific-ocean-top-meestele-m\/"]}]},{"@type":"ImageObject","inLanguage":"et","@id":"https:\/\/nordlinepaadid.ee\/et\/pood\/outlet\/purjetamisjope-marinepool-pacific-ocean-top-meestele-m\/#primaryimage","url":"https:\/\/nordlinepaadid.ee\/wp-content\/uploads\/2023\/03\/7156_pacific-ocean-top-men-black-white-melon1_redo.jpg","contentUrl":"https:\/\/nordlinepaadid.ee\/wp-content\/uploads\/2023\/03\/7156_pacific-ocean-top-men-black-white-melon1_redo.jpg","width":582,"height":700},{"@type":"BreadcrumbList","@id":"https:\/\/nordlinepaadid.ee\/et\/pood\/outlet\/purjetamisjope-marinepool-pacific-ocean-top-meestele-m\/#breadcrumb","itemListElement":[{"@type":"ListItem","position":1,"name":"Home","item":"https:\/\/nordlinepaadid.ee\/et\/"},{"@type":"ListItem","position":2,"name":"Pood","item":"https:\/\/nordlinepaadid.ee\/et\/pood\/"},{"@type":"ListItem","position":3,"name":"PURJETAMISJOPE- MARINEPOOL PACIFIC OCEAN TOP, MEESTELE, M"}]},{"@type":"WebSite","@id":"https:\/\/nordlinepaadid.ee\/et\/#website","url":"https:\/\/nordlinepaadid.ee\/et\/","name":"NORDLINE s\u00f5udepaadid ja mootorpaadid. Klaasfiiber materjalist.","description":"","publisher":{"@id":"https:\/\/nordlinepaadid.ee\/et\/#organization"},"potentialAction":[{"@type":"SearchAction","target":{"@type":"EntryPoint","urlTemplate":"https:\/\/nordlinepaadid.ee\/et\/?s={search_term_string}"},"query-input":{"@type":"PropertyValueSpecification","valueRequired":true,"valueName":"search_term_string"}}],"inLanguage":"et"},{"@type":"Organization","@id":"https:\/\/nordlinepaadid.ee\/et\/#organization","name":"Nordlineboats","url":"https:\/\/nordlinepaadid.ee\/et\/","logo":{"@type":"ImageObject","inLanguage":"et","@id":"https:\/\/nordlinepaadid.ee\/et\/#\/schema\/logo\/image\/","url":"https:\/\/nordlinepaadid.ee\/wp-content\/uploads\/2023\/01\/fulllogo_transparent_nobuffer-e1672750475494.png","contentUrl":"https:\/\/nordlinepaadid.ee\/wp-content\/uploads\/2023\/01\/fulllogo_transparent_nobuffer-e1672750475494.png","width":150,"height":119,"caption":"Nordlineboats"},"image":{"@id":"https:\/\/nordlinepaadid.ee\/et\/#\/schema\/logo\/image\/"},"sameAs":["https:\/\/www.facebook.com\/nordlineboats","https:\/\/www.youtube.com\/channel\/UCbgF0fy02y3QkFnujaLTaCA"]}]}},"taxonomy_info":{"product_cat":[{"value":354,"label":"L\u00d5PUM\u00dc\u00dcK \/ OUTLET"}],"pa_color":[{"value":683,"label":"Sinine"}],"pa_producer":[{"value":480,"label":"Marinepool"}],"pa_unit":[{"value":416,"label":"pcs"}]},"featured_image_src_large":["https:\/\/nordlinepaadid.ee\/wp-content\/uploads\/2023\/03\/7156_pacific-ocean-top-men-black-white-melon1_redo.jpg",582,700,false],"author_info":[],"comment_info":"","_links":{"self":[{"href":"https:\/\/nordlinepaadid.ee\/et\/wp-json\/wp\/v2\/product\/34990","targetHints":{"allow":["GET"]}}],"collection":[{"href":"https:\/\/nordlinepaadid.ee\/et\/wp-json\/wp\/v2\/product"}],"about":[{"href":"https:\/\/nordlinepaadid.ee\/et\/wp-json\/wp\/v2\/types\/product"}],"wp:featuredmedia":[{"embeddable":true,"href":"https:\/\/nordlinepaadid.ee\/et\/wp-json\/wp\/v2\/media\/25779"}],"wp:attachment":[{"href":"https:\/\/nordlinepaadid.ee\/et\/wp-json\/wp\/v2\/media?parent=34990"}],"wp:term":[{"taxonomy":"product_brand","embeddable":true,"href":"https:\/\/nordlinepaadid.ee\/et\/wp-json\/wp\/v2\/product_brand?post=34990"},{"taxonomy":"product_cat","embeddable":true,"href":"https:\/\/nordlinepaadid.ee\/et\/wp-json\/wp\/v2\/product_cat?post=34990"},{"taxonomy":"product_tag","embeddable":true,"href":"https:\/\/nordlinepaadid.ee\/et\/wp-json\/wp\/v2\/product_tag?post=34990"}],"curies":[{"name":"wp","href":"https:\/\/api.w.org\/{rel}","templated":true}]}}