{"id":3549,"date":"2020-04-16T12:41:40","date_gmt":"2020-04-16T09:41:40","guid":{"rendered":"https:\/\/nordlinepaadid.ee\/?post_type=product&#038;p=3549"},"modified":"2025-05-27T16:18:53","modified_gmt":"2025-05-27T13:18:53","slug":"epo-vaik-uv-va","status":"publish","type":"product","link":"https:\/\/nordlinepaadid.ee\/et\/pood\/klaasfiiber-materjalid\/epo-vaik-uv-va\/","title":{"rendered":"EPO vaik UV VA"},"content":{"rendered":"<h1>EPO vaik UV VA<\/h1>\n<p>UV VA epovaik + k\u00f5vendi UV VB. Komplektis 1kg vaiku ja 0,3kg k\u00f5vendit.<\/p>\n<p>UV kindel, l\u00e4bipaistev, mittekahanev, kihi paksus 0-40mm<\/p>\n<p>Sobilik detailide valamiseks, puitlaudade tegemiseks jne.<\/p>\n<ul>\n<li data-column=\"3\">Valamine k\u00e4sitsi<\/li>\n<li data-column=\"4\">UV kindel, L\u00e4bipaistev, ei kahane<\/li>\n<li data-column=\"12\">Kasutada temperatuuril \u00b0C: 25<\/li>\n<\/ul>\n<p>K\u00f5vendit (sisaldub komplektis) lisada 35%.<\/p>\n<p>Pakendite kogus kokku 1,35 liitrit.<\/p>\n","protected":false},"excerpt":{"rendered":"<p>EPO vaik UV VA UV VA epovaik + k\u00f5vendi UV VB. Komplektis 1kg vaiku ja 0,3kg k\u00f5vendit. UV kindel, l\u00e4bipaistev, mittekahanev, kihi paksus 0-40mm Sobilik detailide valamiseks, puitlaudade tegemiseks jne. Valamine k\u00e4sitsi UV kindel, L\u00e4bipaistev, ei kahane Kasutada temperatuuril \u00b0C: 25 K\u00f5vendit (sisaldub komplektis) lisada 35%. Pakendite kogus kokku 1,35 liitrit.<\/p>\n","protected":false},"featured_media":857,"template":"","meta":{"_kad_blocks_custom_css":"","_kad_blocks_head_custom_js":"","_kad_blocks_body_custom_js":"","_kad_blocks_footer_custom_js":"","_kad_post_transparent":"default","_kad_post_title":"","_kad_post_layout":"default","_kad_post_sidebar_id":"","_kad_post_content_style":"default","_kad_post_vertical_padding":"default","_kad_post_feature":"","_kad_post_feature_position":"","_kad_post_header":false,"_kad_post_footer":false,"_kad_post_classname":""},"product_brand":[],"product_cat":[26],"product_tag":[],"class_list":{"0":"post-3549","1":"product","2":"type-product","3":"status-publish","4":"has-post-thumbnail","6":"product_cat-klaasfiiber-materjalid","7":"product_shipping_class-pakiautomaati-mahtuv-kaup","8":"tm-no-options","10":"first","11":"onbackorder","12":"taxable","13":"shipping-taxable","14":"product-type-simple","15":"entry","16":"content-bg","17":"loop-entry"},"yoast_head":"<!-- This site is optimized with the Yoast SEO plugin v27.3 - https:\/\/yoast.com\/product\/yoast-seo-wordpress\/ -->\n<title>EPO vaik valamiseks - V\u00e4hese kahanemisega tugev vaik<\/title>\n<meta name=\"description\" content=\"EPO vaik sobib kui on tarvis valada paksu kihti nii, et ei toimuks olulist kahanemist. See vaik ei murene kuivades.\" \/>\n<meta name=\"robots\" content=\"index, follow, max-snippet:-1, max-image-preview:large, max-video-preview:-1\" \/>\n<link rel=\"canonical\" href=\"https:\/\/nordlinepaadid.ee\/et\/pood\/klaasfiiber-materjalid\/epo-vaik-uv-va\/\" \/>\n<meta property=\"og:locale\" content=\"et_EE\" \/>\n<meta property=\"og:type\" content=\"article\" \/>\n<meta property=\"og:title\" content=\"EPO vaik valamiseks - V\u00e4hese kahanemisega tugev vaik\" \/>\n<meta property=\"og:description\" content=\"EPO vaik sobib kui on tarvis valada paksu kihti nii, et ei toimuks olulist kahanemist. See vaik ei murene kuivades.\" \/>\n<meta property=\"og:url\" content=\"https:\/\/nordlinepaadid.ee\/et\/pood\/klaasfiiber-materjalid\/epo-vaik-uv-va\/\" \/>\n<meta property=\"og:site_name\" content=\"NORDLINE s\u00f5udepaadid ja mootorpaadid. Klaasfiiber materjalist.\" \/>\n<meta property=\"article:publisher\" content=\"https:\/\/www.facebook.com\/nordlineboats\" \/>\n<meta property=\"article:modified_time\" content=\"2025-05-27T13:18:53+00:00\" \/>\n<meta property=\"og:image\" content=\"https:\/\/nordlinepaadid.ee\/wp-content\/uploads\/2017\/10\/POL\u00dcRETAANVAIK.jpg\" \/>\n\t<meta property=\"og:image:width\" content=\"1500\" \/>\n\t<meta property=\"og:image:height\" content=\"1000\" \/>\n\t<meta property=\"og:image:type\" content=\"image\/jpeg\" \/>\n<meta name=\"twitter:card\" content=\"summary_large_image\" \/>\n<meta name=\"twitter:label1\" content=\"Est. reading time\" \/>\n\t<meta name=\"twitter:data1\" content=\"1 minut\" \/>\n<script type=\"application\/ld+json\" class=\"yoast-schema-graph\">{\"@context\":\"https:\\\/\\\/schema.org\",\"@graph\":[{\"@type\":\"WebPage\",\"@id\":\"https:\\\/\\\/nordlinepaadid.ee\\\/et\\\/pood\\\/klaasfiiber-materjalid\\\/epo-vaik-uv-va\\\/\",\"url\":\"https:\\\/\\\/nordlinepaadid.ee\\\/et\\\/pood\\\/klaasfiiber-materjalid\\\/epo-vaik-uv-va\\\/\",\"name\":\"EPO vaik valamiseks - V\u00e4hese kahanemisega tugev vaik\",\"isPartOf\":{\"@id\":\"https:\\\/\\\/nordlinepaadid.ee\\\/et\\\/#website\"},\"primaryImageOfPage\":{\"@id\":\"https:\\\/\\\/nordlinepaadid.ee\\\/et\\\/pood\\\/klaasfiiber-materjalid\\\/epo-vaik-uv-va\\\/#primaryimage\"},\"image\":{\"@id\":\"https:\\\/\\\/nordlinepaadid.ee\\\/et\\\/pood\\\/klaasfiiber-materjalid\\\/epo-vaik-uv-va\\\/#primaryimage\"},\"thumbnailUrl\":\"https:\\\/\\\/nordlinepaadid.ee\\\/wp-content\\\/uploads\\\/2017\\\/10\\\/POL\u00dcRETAANVAIK.jpg\",\"datePublished\":\"2020-04-16T09:41:40+00:00\",\"dateModified\":\"2025-05-27T13:18:53+00:00\",\"description\":\"EPO vaik sobib kui on tarvis valada paksu kihti nii, et ei toimuks olulist kahanemist. See vaik ei murene kuivades.\",\"breadcrumb\":{\"@id\":\"https:\\\/\\\/nordlinepaadid.ee\\\/et\\\/pood\\\/klaasfiiber-materjalid\\\/epo-vaik-uv-va\\\/#breadcrumb\"},\"inLanguage\":\"et\",\"potentialAction\":[{\"@type\":\"ReadAction\",\"target\":[\"https:\\\/\\\/nordlinepaadid.ee\\\/et\\\/pood\\\/klaasfiiber-materjalid\\\/epo-vaik-uv-va\\\/\"]}]},{\"@type\":\"ImageObject\",\"inLanguage\":\"et\",\"@id\":\"https:\\\/\\\/nordlinepaadid.ee\\\/et\\\/pood\\\/klaasfiiber-materjalid\\\/epo-vaik-uv-va\\\/#primaryimage\",\"url\":\"https:\\\/\\\/nordlinepaadid.ee\\\/wp-content\\\/uploads\\\/2017\\\/10\\\/POL\u00dcRETAANVAIK.jpg\",\"contentUrl\":\"https:\\\/\\\/nordlinepaadid.ee\\\/wp-content\\\/uploads\\\/2017\\\/10\\\/POL\u00dcRETAANVAIK.jpg\",\"width\":1500,\"height\":1000,\"caption\":\"Epoksiid vaik\"},{\"@type\":\"BreadcrumbList\",\"@id\":\"https:\\\/\\\/nordlinepaadid.ee\\\/et\\\/pood\\\/klaasfiiber-materjalid\\\/epo-vaik-uv-va\\\/#breadcrumb\",\"itemListElement\":[{\"@type\":\"ListItem\",\"position\":1,\"name\":\"Home\",\"item\":\"https:\\\/\\\/nordlinepaadid.ee\\\/et\\\/\"},{\"@type\":\"ListItem\",\"position\":2,\"name\":\"Pood\",\"item\":\"https:\\\/\\\/nordlinepaadid.ee\\\/et\\\/pood\\\/\"},{\"@type\":\"ListItem\",\"position\":3,\"name\":\"EPO vaik UV VA\"}]},{\"@type\":\"WebSite\",\"@id\":\"https:\\\/\\\/nordlinepaadid.ee\\\/et\\\/#website\",\"url\":\"https:\\\/\\\/nordlinepaadid.ee\\\/et\\\/\",\"name\":\"NORDLINE s\u00f5udepaadid ja mootorpaadid. Klaasfiiber materjalist.\",\"description\":\"\",\"publisher\":{\"@id\":\"https:\\\/\\\/nordlinepaadid.ee\\\/et\\\/#organization\"},\"potentialAction\":[{\"@type\":\"SearchAction\",\"target\":{\"@type\":\"EntryPoint\",\"urlTemplate\":\"https:\\\/\\\/nordlinepaadid.ee\\\/et\\\/?s={search_term_string}\"},\"query-input\":{\"@type\":\"PropertyValueSpecification\",\"valueRequired\":true,\"valueName\":\"search_term_string\"}}],\"inLanguage\":\"et\"},{\"@type\":\"Organization\",\"@id\":\"https:\\\/\\\/nordlinepaadid.ee\\\/et\\\/#organization\",\"name\":\"Nordlineboats\",\"url\":\"https:\\\/\\\/nordlinepaadid.ee\\\/et\\\/\",\"logo\":{\"@type\":\"ImageObject\",\"inLanguage\":\"et\",\"@id\":\"https:\\\/\\\/nordlinepaadid.ee\\\/et\\\/#\\\/schema\\\/logo\\\/image\\\/\",\"url\":\"https:\\\/\\\/nordlinepaadid.ee\\\/wp-content\\\/uploads\\\/2023\\\/01\\\/fulllogo_transparent_nobuffer-e1672750475494.png\",\"contentUrl\":\"https:\\\/\\\/nordlinepaadid.ee\\\/wp-content\\\/uploads\\\/2023\\\/01\\\/fulllogo_transparent_nobuffer-e1672750475494.png\",\"width\":150,\"height\":119,\"caption\":\"Nordlineboats\"},\"image\":{\"@id\":\"https:\\\/\\\/nordlinepaadid.ee\\\/et\\\/#\\\/schema\\\/logo\\\/image\\\/\"},\"sameAs\":[\"https:\\\/\\\/www.facebook.com\\\/nordlineboats\",\"https:\\\/\\\/www.youtube.com\\\/channel\\\/UCbgF0fy02y3QkFnujaLTaCA\"]}]}<\/script>\n<!-- \/ Yoast SEO plugin. -->","yoast_head_json":{"title":"EPO vaik valamiseks - V\u00e4hese kahanemisega tugev vaik","description":"EPO vaik sobib kui on tarvis valada paksu kihti nii, et ei toimuks olulist kahanemist. See vaik ei murene kuivades.","robots":{"index":"index","follow":"follow","max-snippet":"max-snippet:-1","max-image-preview":"max-image-preview:large","max-video-preview":"max-video-preview:-1"},"canonical":"https:\/\/nordlinepaadid.ee\/et\/pood\/klaasfiiber-materjalid\/epo-vaik-uv-va\/","og_locale":"et_EE","og_type":"article","og_title":"EPO vaik valamiseks - V\u00e4hese kahanemisega tugev vaik","og_description":"EPO vaik sobib kui on tarvis valada paksu kihti nii, et ei toimuks olulist kahanemist. See vaik ei murene kuivades.","og_url":"https:\/\/nordlinepaadid.ee\/et\/pood\/klaasfiiber-materjalid\/epo-vaik-uv-va\/","og_site_name":"NORDLINE s\u00f5udepaadid ja mootorpaadid. Klaasfiiber materjalist.","article_publisher":"https:\/\/www.facebook.com\/nordlineboats","article_modified_time":"2025-05-27T13:18:53+00:00","og_image":[{"width":1500,"height":1000,"url":"https:\/\/nordlinepaadid.ee\/wp-content\/uploads\/2017\/10\/POL\u00dcRETAANVAIK.jpg","type":"image\/jpeg"}],"twitter_card":"summary_large_image","twitter_misc":{"Est. reading time":"1 minut"},"schema":{"@context":"https:\/\/schema.org","@graph":[{"@type":"WebPage","@id":"https:\/\/nordlinepaadid.ee\/et\/pood\/klaasfiiber-materjalid\/epo-vaik-uv-va\/","url":"https:\/\/nordlinepaadid.ee\/et\/pood\/klaasfiiber-materjalid\/epo-vaik-uv-va\/","name":"EPO vaik valamiseks - V\u00e4hese kahanemisega tugev vaik","isPartOf":{"@id":"https:\/\/nordlinepaadid.ee\/et\/#website"},"primaryImageOfPage":{"@id":"https:\/\/nordlinepaadid.ee\/et\/pood\/klaasfiiber-materjalid\/epo-vaik-uv-va\/#primaryimage"},"image":{"@id":"https:\/\/nordlinepaadid.ee\/et\/pood\/klaasfiiber-materjalid\/epo-vaik-uv-va\/#primaryimage"},"thumbnailUrl":"https:\/\/nordlinepaadid.ee\/wp-content\/uploads\/2017\/10\/POL\u00dcRETAANVAIK.jpg","datePublished":"2020-04-16T09:41:40+00:00","dateModified":"2025-05-27T13:18:53+00:00","description":"EPO vaik sobib kui on tarvis valada paksu kihti nii, et ei toimuks olulist kahanemist. See vaik ei murene kuivades.","breadcrumb":{"@id":"https:\/\/nordlinepaadid.ee\/et\/pood\/klaasfiiber-materjalid\/epo-vaik-uv-va\/#breadcrumb"},"inLanguage":"et","potentialAction":[{"@type":"ReadAction","target":["https:\/\/nordlinepaadid.ee\/et\/pood\/klaasfiiber-materjalid\/epo-vaik-uv-va\/"]}]},{"@type":"ImageObject","inLanguage":"et","@id":"https:\/\/nordlinepaadid.ee\/et\/pood\/klaasfiiber-materjalid\/epo-vaik-uv-va\/#primaryimage","url":"https:\/\/nordlinepaadid.ee\/wp-content\/uploads\/2017\/10\/POL\u00dcRETAANVAIK.jpg","contentUrl":"https:\/\/nordlinepaadid.ee\/wp-content\/uploads\/2017\/10\/POL\u00dcRETAANVAIK.jpg","width":1500,"height":1000,"caption":"Epoksiid vaik"},{"@type":"BreadcrumbList","@id":"https:\/\/nordlinepaadid.ee\/et\/pood\/klaasfiiber-materjalid\/epo-vaik-uv-va\/#breadcrumb","itemListElement":[{"@type":"ListItem","position":1,"name":"Home","item":"https:\/\/nordlinepaadid.ee\/et\/"},{"@type":"ListItem","position":2,"name":"Pood","item":"https:\/\/nordlinepaadid.ee\/et\/pood\/"},{"@type":"ListItem","position":3,"name":"EPO vaik UV VA"}]},{"@type":"WebSite","@id":"https:\/\/nordlinepaadid.ee\/et\/#website","url":"https:\/\/nordlinepaadid.ee\/et\/","name":"NORDLINE s\u00f5udepaadid ja mootorpaadid. Klaasfiiber materjalist.","description":"","publisher":{"@id":"https:\/\/nordlinepaadid.ee\/et\/#organization"},"potentialAction":[{"@type":"SearchAction","target":{"@type":"EntryPoint","urlTemplate":"https:\/\/nordlinepaadid.ee\/et\/?s={search_term_string}"},"query-input":{"@type":"PropertyValueSpecification","valueRequired":true,"valueName":"search_term_string"}}],"inLanguage":"et"},{"@type":"Organization","@id":"https:\/\/nordlinepaadid.ee\/et\/#organization","name":"Nordlineboats","url":"https:\/\/nordlinepaadid.ee\/et\/","logo":{"@type":"ImageObject","inLanguage":"et","@id":"https:\/\/nordlinepaadid.ee\/et\/#\/schema\/logo\/image\/","url":"https:\/\/nordlinepaadid.ee\/wp-content\/uploads\/2023\/01\/fulllogo_transparent_nobuffer-e1672750475494.png","contentUrl":"https:\/\/nordlinepaadid.ee\/wp-content\/uploads\/2023\/01\/fulllogo_transparent_nobuffer-e1672750475494.png","width":150,"height":119,"caption":"Nordlineboats"},"image":{"@id":"https:\/\/nordlinepaadid.ee\/et\/#\/schema\/logo\/image\/"},"sameAs":["https:\/\/www.facebook.com\/nordlineboats","https:\/\/www.youtube.com\/channel\/UCbgF0fy02y3QkFnujaLTaCA"]}]}},"taxonomy_info":{"product_cat":[{"value":26,"label":"KLAASFIIBER MATERJALID"}]},"featured_image_src_large":["https:\/\/nordlinepaadid.ee\/wp-content\/uploads\/2017\/10\/POL\u00dcRETAANVAIK-1024x683.jpg",1024,683,true],"author_info":[],"comment_info":"","_links":{"self":[{"href":"https:\/\/nordlinepaadid.ee\/et\/wp-json\/wp\/v2\/product\/3549","targetHints":{"allow":["GET"]}}],"collection":[{"href":"https:\/\/nordlinepaadid.ee\/et\/wp-json\/wp\/v2\/product"}],"about":[{"href":"https:\/\/nordlinepaadid.ee\/et\/wp-json\/wp\/v2\/types\/product"}],"wp:featuredmedia":[{"embeddable":true,"href":"https:\/\/nordlinepaadid.ee\/et\/wp-json\/wp\/v2\/media\/857"}],"wp:attachment":[{"href":"https:\/\/nordlinepaadid.ee\/et\/wp-json\/wp\/v2\/media?parent=3549"}],"wp:term":[{"taxonomy":"product_brand","embeddable":true,"href":"https:\/\/nordlinepaadid.ee\/et\/wp-json\/wp\/v2\/product_brand?post=3549"},{"taxonomy":"product_cat","embeddable":true,"href":"https:\/\/nordlinepaadid.ee\/et\/wp-json\/wp\/v2\/product_cat?post=3549"},{"taxonomy":"product_tag","embeddable":true,"href":"https:\/\/nordlinepaadid.ee\/et\/wp-json\/wp\/v2\/product_tag?post=3549"}],"curies":[{"name":"wp","href":"https:\/\/api.w.org\/{rel}","templated":true}]}}