{"id":38954,"date":"2026-04-07T03:11:48","date_gmt":"2026-04-07T00:11:48","guid":{"rendered":"https:\/\/nordlinepaadid.ee\/toode\/maaratlemata\/ongeridva-hoidja-5-le-ridvale\/"},"modified":"2026-04-08T00:04:53","modified_gmt":"2026-04-07T21:04:53","slug":"ongeridva-hoidja-5-le-ridvale","status":"publish","type":"product","link":"https:\/\/nordlinepaadid.ee\/et\/pood\/tekivarustus-ja-abivahendid\/ongeridvahoidjad\/ongeridva-hoidja-5-le-ridvale\/","title":{"rendered":"\u00d5NGERIDVA HOIDJA, 5-le RIDVALE"},"content":{"rendered":"<p>Horisontaalselt v\u00f5i vertikaalselt paigaldatav \u00f5ngeridva hoidja kuni 5-le ridvale. Must, plastik korpus ja pehmed kummeeritud sisemised pesad. M\u00f5\u00f5tmed: 285 x 54 mm. M\u00fc\u00fcakse paarikaupa.<\/p>\n","protected":false},"excerpt":{"rendered":"<p>Horisontaalselt v\u00f5i vertikaalselt paigaldatav \u00f5ngeridva hoidja kuni 5-le ridvale. Must, plastik korpus ja pehmed kummeeritud sisemised pesad. M\u00f5\u00f5tmed: 285 x 54 mm. M\u00fc\u00fcakse paarikaupa.<\/p>\n","protected":false},"featured_media":20510,"template":"","meta":{"_kad_blocks_custom_css":"","_kad_blocks_head_custom_js":"","_kad_blocks_body_custom_js":"","_kad_blocks_footer_custom_js":"","_kad_post_transparent":"","_kad_post_title":"","_kad_post_layout":"","_kad_post_sidebar_id":"","_kad_post_content_style":"","_kad_post_vertical_padding":"","_kad_post_feature":"","_kad_post_feature_position":"","_kad_post_header":false,"_kad_post_footer":false,"_kad_post_classname":""},"product_brand":[],"product_cat":[308,303],"product_tag":[],"class_list":{"0":"post-38954","1":"product","2":"type-product","3":"status-publish","4":"has-post-thumbnail","6":"product_cat-ongeridvahoidjad","7":"product_cat-tekivarustus-ja-abivahendid","8":"pa_producer-osculati","9":"pa_unit-pair","10":"tm-no-options","12":"first","13":"instock","14":"taxable","15":"shipping-taxable","16":"purchasable","17":"product-type-simple","18":"entry","19":"content-bg","20":"loop-entry"},"yoast_head":"<!-- This site is optimized with the Yoast SEO plugin v27.3 - https:\/\/yoast.com\/product\/yoast-seo-wordpress\/ -->\n<title>\u00d5NGERIDVA HOIDJA, 5-le RIDVALE - NORDLINE s\u00f5udepaadid ja mootorpaadid. Klaasfiiber materjalist.<\/title>\n<meta name=\"robots\" content=\"index, follow, max-snippet:-1, max-image-preview:large, max-video-preview:-1\" \/>\n<link rel=\"canonical\" href=\"https:\/\/nordlinepaadid.ee\/et\/pood\/tekivarustus-ja-abivahendid\/ongeridvahoidjad\/ongeridva-hoidja-5-le-ridvale\/\" \/>\n<meta property=\"og:locale\" content=\"et_EE\" \/>\n<meta property=\"og:type\" content=\"article\" \/>\n<meta property=\"og:title\" content=\"\u00d5NGERIDVA HOIDJA, 5-le RIDVALE - NORDLINE s\u00f5udepaadid ja mootorpaadid. Klaasfiiber materjalist.\" \/>\n<meta property=\"og:description\" content=\"Horisontaalselt v\u00f5i vertikaalselt paigaldatav \u00f5ngeridva hoidja kuni 5-le ridvale. Must, plastik korpus ja pehmed kummeeritud sisemised pesad. M\u00f5\u00f5tmed: 285 x 54 mm. M\u00fc\u00fcakse paarikaupa.\" \/>\n<meta property=\"og:url\" content=\"https:\/\/nordlinepaadid.ee\/et\/pood\/tekivarustus-ja-abivahendid\/ongeridvahoidjad\/ongeridva-hoidja-5-le-ridvale\/\" \/>\n<meta property=\"og:site_name\" content=\"NORDLINE s\u00f5udepaadid ja mootorpaadid. Klaasfiiber materjalist.\" \/>\n<meta property=\"article:publisher\" content=\"https:\/\/www.facebook.com\/nordlineboats\" \/>\n<meta property=\"article:modified_time\" content=\"2026-04-07T21:04:53+00:00\" \/>\n<meta property=\"og:image\" content=\"https:\/\/nordlinepaadid.ee\/wp-content\/uploads\/2023\/03\/3705_41.127.53_-_1.jpg\" \/>\n\t<meta property=\"og:image:width\" content=\"269\" \/>\n\t<meta property=\"og:image:height\" content=\"550\" \/>\n\t<meta property=\"og:image:type\" content=\"image\/jpeg\" \/>\n<meta name=\"twitter:card\" content=\"summary_large_image\" \/>\n<script type=\"application\/ld+json\" class=\"yoast-schema-graph\">{\"@context\":\"https:\\\/\\\/schema.org\",\"@graph\":[{\"@type\":\"WebPage\",\"@id\":\"https:\\\/\\\/nordlinepaadid.ee\\\/et\\\/pood\\\/tekivarustus-ja-abivahendid\\\/ongeridvahoidjad\\\/ongeridva-hoidja-5-le-ridvale\\\/\",\"url\":\"https:\\\/\\\/nordlinepaadid.ee\\\/et\\\/pood\\\/tekivarustus-ja-abivahendid\\\/ongeridvahoidjad\\\/ongeridva-hoidja-5-le-ridvale\\\/\",\"name\":\"\u00d5NGERIDVA HOIDJA, 5-le RIDVALE - NORDLINE s\u00f5udepaadid ja mootorpaadid. Klaasfiiber materjalist.\",\"isPartOf\":{\"@id\":\"https:\\\/\\\/nordlinepaadid.ee\\\/et\\\/#website\"},\"primaryImageOfPage\":{\"@id\":\"https:\\\/\\\/nordlinepaadid.ee\\\/et\\\/pood\\\/tekivarustus-ja-abivahendid\\\/ongeridvahoidjad\\\/ongeridva-hoidja-5-le-ridvale\\\/#primaryimage\"},\"image\":{\"@id\":\"https:\\\/\\\/nordlinepaadid.ee\\\/et\\\/pood\\\/tekivarustus-ja-abivahendid\\\/ongeridvahoidjad\\\/ongeridva-hoidja-5-le-ridvale\\\/#primaryimage\"},\"thumbnailUrl\":\"https:\\\/\\\/nordlinepaadid.ee\\\/wp-content\\\/uploads\\\/2023\\\/03\\\/3705_41.127.53_-_1.jpg\",\"datePublished\":\"2026-04-07T00:11:48+00:00\",\"dateModified\":\"2026-04-07T21:04:53+00:00\",\"breadcrumb\":{\"@id\":\"https:\\\/\\\/nordlinepaadid.ee\\\/et\\\/pood\\\/tekivarustus-ja-abivahendid\\\/ongeridvahoidjad\\\/ongeridva-hoidja-5-le-ridvale\\\/#breadcrumb\"},\"inLanguage\":\"et\",\"potentialAction\":[{\"@type\":\"ReadAction\",\"target\":[\"https:\\\/\\\/nordlinepaadid.ee\\\/et\\\/pood\\\/tekivarustus-ja-abivahendid\\\/ongeridvahoidjad\\\/ongeridva-hoidja-5-le-ridvale\\\/\"]}]},{\"@type\":\"ImageObject\",\"inLanguage\":\"et\",\"@id\":\"https:\\\/\\\/nordlinepaadid.ee\\\/et\\\/pood\\\/tekivarustus-ja-abivahendid\\\/ongeridvahoidjad\\\/ongeridva-hoidja-5-le-ridvale\\\/#primaryimage\",\"url\":\"https:\\\/\\\/nordlinepaadid.ee\\\/wp-content\\\/uploads\\\/2023\\\/03\\\/3705_41.127.53_-_1.jpg\",\"contentUrl\":\"https:\\\/\\\/nordlinepaadid.ee\\\/wp-content\\\/uploads\\\/2023\\\/03\\\/3705_41.127.53_-_1.jpg\",\"width\":269,\"height\":550},{\"@type\":\"BreadcrumbList\",\"@id\":\"https:\\\/\\\/nordlinepaadid.ee\\\/et\\\/pood\\\/tekivarustus-ja-abivahendid\\\/ongeridvahoidjad\\\/ongeridva-hoidja-5-le-ridvale\\\/#breadcrumb\",\"itemListElement\":[{\"@type\":\"ListItem\",\"position\":1,\"name\":\"Home\",\"item\":\"https:\\\/\\\/nordlinepaadid.ee\\\/et\\\/\"},{\"@type\":\"ListItem\",\"position\":2,\"name\":\"Pood\",\"item\":\"https:\\\/\\\/nordlinepaadid.ee\\\/et\\\/pood\\\/\"},{\"@type\":\"ListItem\",\"position\":3,\"name\":\"\u00d5NGERIDVA HOIDJA, 5-le RIDVALE\"}]},{\"@type\":\"WebSite\",\"@id\":\"https:\\\/\\\/nordlinepaadid.ee\\\/et\\\/#website\",\"url\":\"https:\\\/\\\/nordlinepaadid.ee\\\/et\\\/\",\"name\":\"NORDLINE s\u00f5udepaadid ja mootorpaadid. Klaasfiiber materjalist.\",\"description\":\"\",\"publisher\":{\"@id\":\"https:\\\/\\\/nordlinepaadid.ee\\\/et\\\/#organization\"},\"potentialAction\":[{\"@type\":\"SearchAction\",\"target\":{\"@type\":\"EntryPoint\",\"urlTemplate\":\"https:\\\/\\\/nordlinepaadid.ee\\\/et\\\/?s={search_term_string}\"},\"query-input\":{\"@type\":\"PropertyValueSpecification\",\"valueRequired\":true,\"valueName\":\"search_term_string\"}}],\"inLanguage\":\"et\"},{\"@type\":\"Organization\",\"@id\":\"https:\\\/\\\/nordlinepaadid.ee\\\/et\\\/#organization\",\"name\":\"Nordlineboats\",\"url\":\"https:\\\/\\\/nordlinepaadid.ee\\\/et\\\/\",\"logo\":{\"@type\":\"ImageObject\",\"inLanguage\":\"et\",\"@id\":\"https:\\\/\\\/nordlinepaadid.ee\\\/et\\\/#\\\/schema\\\/logo\\\/image\\\/\",\"url\":\"https:\\\/\\\/nordlinepaadid.ee\\\/wp-content\\\/uploads\\\/2023\\\/01\\\/fulllogo_transparent_nobuffer-e1672750475494.png\",\"contentUrl\":\"https:\\\/\\\/nordlinepaadid.ee\\\/wp-content\\\/uploads\\\/2023\\\/01\\\/fulllogo_transparent_nobuffer-e1672750475494.png\",\"width\":150,\"height\":119,\"caption\":\"Nordlineboats\"},\"image\":{\"@id\":\"https:\\\/\\\/nordlinepaadid.ee\\\/et\\\/#\\\/schema\\\/logo\\\/image\\\/\"},\"sameAs\":[\"https:\\\/\\\/www.facebook.com\\\/nordlineboats\",\"https:\\\/\\\/www.youtube.com\\\/channel\\\/UCbgF0fy02y3QkFnujaLTaCA\"]}]}<\/script>\n<!-- \/ Yoast SEO plugin. -->","yoast_head_json":{"title":"\u00d5NGERIDVA HOIDJA, 5-le RIDVALE - NORDLINE s\u00f5udepaadid ja mootorpaadid. Klaasfiiber materjalist.","robots":{"index":"index","follow":"follow","max-snippet":"max-snippet:-1","max-image-preview":"max-image-preview:large","max-video-preview":"max-video-preview:-1"},"canonical":"https:\/\/nordlinepaadid.ee\/et\/pood\/tekivarustus-ja-abivahendid\/ongeridvahoidjad\/ongeridva-hoidja-5-le-ridvale\/","og_locale":"et_EE","og_type":"article","og_title":"\u00d5NGERIDVA HOIDJA, 5-le RIDVALE - NORDLINE s\u00f5udepaadid ja mootorpaadid. Klaasfiiber materjalist.","og_description":"Horisontaalselt v\u00f5i vertikaalselt paigaldatav \u00f5ngeridva hoidja kuni 5-le ridvale. Must, plastik korpus ja pehmed kummeeritud sisemised pesad. M\u00f5\u00f5tmed: 285 x 54 mm. M\u00fc\u00fcakse paarikaupa.","og_url":"https:\/\/nordlinepaadid.ee\/et\/pood\/tekivarustus-ja-abivahendid\/ongeridvahoidjad\/ongeridva-hoidja-5-le-ridvale\/","og_site_name":"NORDLINE s\u00f5udepaadid ja mootorpaadid. Klaasfiiber materjalist.","article_publisher":"https:\/\/www.facebook.com\/nordlineboats","article_modified_time":"2026-04-07T21:04:53+00:00","og_image":[{"width":269,"height":550,"url":"https:\/\/nordlinepaadid.ee\/wp-content\/uploads\/2023\/03\/3705_41.127.53_-_1.jpg","type":"image\/jpeg"}],"twitter_card":"summary_large_image","schema":{"@context":"https:\/\/schema.org","@graph":[{"@type":"WebPage","@id":"https:\/\/nordlinepaadid.ee\/et\/pood\/tekivarustus-ja-abivahendid\/ongeridvahoidjad\/ongeridva-hoidja-5-le-ridvale\/","url":"https:\/\/nordlinepaadid.ee\/et\/pood\/tekivarustus-ja-abivahendid\/ongeridvahoidjad\/ongeridva-hoidja-5-le-ridvale\/","name":"\u00d5NGERIDVA HOIDJA, 5-le RIDVALE - NORDLINE s\u00f5udepaadid ja mootorpaadid. Klaasfiiber materjalist.","isPartOf":{"@id":"https:\/\/nordlinepaadid.ee\/et\/#website"},"primaryImageOfPage":{"@id":"https:\/\/nordlinepaadid.ee\/et\/pood\/tekivarustus-ja-abivahendid\/ongeridvahoidjad\/ongeridva-hoidja-5-le-ridvale\/#primaryimage"},"image":{"@id":"https:\/\/nordlinepaadid.ee\/et\/pood\/tekivarustus-ja-abivahendid\/ongeridvahoidjad\/ongeridva-hoidja-5-le-ridvale\/#primaryimage"},"thumbnailUrl":"https:\/\/nordlinepaadid.ee\/wp-content\/uploads\/2023\/03\/3705_41.127.53_-_1.jpg","datePublished":"2026-04-07T00:11:48+00:00","dateModified":"2026-04-07T21:04:53+00:00","breadcrumb":{"@id":"https:\/\/nordlinepaadid.ee\/et\/pood\/tekivarustus-ja-abivahendid\/ongeridvahoidjad\/ongeridva-hoidja-5-le-ridvale\/#breadcrumb"},"inLanguage":"et","potentialAction":[{"@type":"ReadAction","target":["https:\/\/nordlinepaadid.ee\/et\/pood\/tekivarustus-ja-abivahendid\/ongeridvahoidjad\/ongeridva-hoidja-5-le-ridvale\/"]}]},{"@type":"ImageObject","inLanguage":"et","@id":"https:\/\/nordlinepaadid.ee\/et\/pood\/tekivarustus-ja-abivahendid\/ongeridvahoidjad\/ongeridva-hoidja-5-le-ridvale\/#primaryimage","url":"https:\/\/nordlinepaadid.ee\/wp-content\/uploads\/2023\/03\/3705_41.127.53_-_1.jpg","contentUrl":"https:\/\/nordlinepaadid.ee\/wp-content\/uploads\/2023\/03\/3705_41.127.53_-_1.jpg","width":269,"height":550},{"@type":"BreadcrumbList","@id":"https:\/\/nordlinepaadid.ee\/et\/pood\/tekivarustus-ja-abivahendid\/ongeridvahoidjad\/ongeridva-hoidja-5-le-ridvale\/#breadcrumb","itemListElement":[{"@type":"ListItem","position":1,"name":"Home","item":"https:\/\/nordlinepaadid.ee\/et\/"},{"@type":"ListItem","position":2,"name":"Pood","item":"https:\/\/nordlinepaadid.ee\/et\/pood\/"},{"@type":"ListItem","position":3,"name":"\u00d5NGERIDVA HOIDJA, 5-le RIDVALE"}]},{"@type":"WebSite","@id":"https:\/\/nordlinepaadid.ee\/et\/#website","url":"https:\/\/nordlinepaadid.ee\/et\/","name":"NORDLINE s\u00f5udepaadid ja mootorpaadid. Klaasfiiber materjalist.","description":"","publisher":{"@id":"https:\/\/nordlinepaadid.ee\/et\/#organization"},"potentialAction":[{"@type":"SearchAction","target":{"@type":"EntryPoint","urlTemplate":"https:\/\/nordlinepaadid.ee\/et\/?s={search_term_string}"},"query-input":{"@type":"PropertyValueSpecification","valueRequired":true,"valueName":"search_term_string"}}],"inLanguage":"et"},{"@type":"Organization","@id":"https:\/\/nordlinepaadid.ee\/et\/#organization","name":"Nordlineboats","url":"https:\/\/nordlinepaadid.ee\/et\/","logo":{"@type":"ImageObject","inLanguage":"et","@id":"https:\/\/nordlinepaadid.ee\/et\/#\/schema\/logo\/image\/","url":"https:\/\/nordlinepaadid.ee\/wp-content\/uploads\/2023\/01\/fulllogo_transparent_nobuffer-e1672750475494.png","contentUrl":"https:\/\/nordlinepaadid.ee\/wp-content\/uploads\/2023\/01\/fulllogo_transparent_nobuffer-e1672750475494.png","width":150,"height":119,"caption":"Nordlineboats"},"image":{"@id":"https:\/\/nordlinepaadid.ee\/et\/#\/schema\/logo\/image\/"},"sameAs":["https:\/\/www.facebook.com\/nordlineboats","https:\/\/www.youtube.com\/channel\/UCbgF0fy02y3QkFnujaLTaCA"]}]}},"taxonomy_info":{"product_cat":[{"value":308,"label":"\u00d5ngeridvahoidjad"},{"value":303,"label":"TEKIVARUSTUS JA ABIVAHENDID"}],"pa_producer":[{"value":417,"label":"Osculati"}],"pa_unit":[{"value":423,"label":"pair"}]},"featured_image_src_large":["https:\/\/nordlinepaadid.ee\/wp-content\/uploads\/2023\/03\/3705_41.127.53_-_1.jpg",269,550,false],"author_info":[],"comment_info":"","_links":{"self":[{"href":"https:\/\/nordlinepaadid.ee\/et\/wp-json\/wp\/v2\/product\/38954","targetHints":{"allow":["GET"]}}],"collection":[{"href":"https:\/\/nordlinepaadid.ee\/et\/wp-json\/wp\/v2\/product"}],"about":[{"href":"https:\/\/nordlinepaadid.ee\/et\/wp-json\/wp\/v2\/types\/product"}],"wp:featuredmedia":[{"embeddable":true,"href":"https:\/\/nordlinepaadid.ee\/et\/wp-json\/wp\/v2\/media\/20510"}],"wp:attachment":[{"href":"https:\/\/nordlinepaadid.ee\/et\/wp-json\/wp\/v2\/media?parent=38954"}],"wp:term":[{"taxonomy":"product_brand","embeddable":true,"href":"https:\/\/nordlinepaadid.ee\/et\/wp-json\/wp\/v2\/product_brand?post=38954"},{"taxonomy":"product_cat","embeddable":true,"href":"https:\/\/nordlinepaadid.ee\/et\/wp-json\/wp\/v2\/product_cat?post=38954"},{"taxonomy":"product_tag","embeddable":true,"href":"https:\/\/nordlinepaadid.ee\/et\/wp-json\/wp\/v2\/product_tag?post=38954"}],"curies":[{"name":"wp","href":"https:\/\/api.w.org\/{rel}","templated":true}]}}