{"id":38982,"date":"2026-04-07T03:11:53","date_gmt":"2026-04-07T00:11:53","guid":{"rendered":"https:\/\/nordlinepaadid.ee\/toode\/maaratlemata\/puidu-immutusvahend-owatrol-d-1-2-5-l\/"},"modified":"2026-04-08T00:02:32","modified_gmt":"2026-04-07T21:02:32","slug":"puidu-immutusvahend-owatrol-d-1-2-5-l","status":"publish","type":"product","link":"https:\/\/nordlinepaadid.ee\/et\/pood\/paadi-ja-jahivarvid\/lakid-lahustid\/puidu-immutusvahend-owatrol-d-1-2-5-l\/","title":{"rendered":"PUIDU IMMUTUSVAHEND, OWATROL D-1, 2.5 l"},"content":{"rendered":"<p>Owatrol D-1 on kvaliteetne puidu immtusvahend, mis sobilik eelk\u00f5ige just eksootilistele ja troopilistele puitudele. Sobilik kasutamiseks nii horisontaalsetel- kui ka vertikaalsetel pindadel ning samuti pehmete- kui ka k\u00f5vade puitmaterjalide puhul. Owatrol D-1 kaitseb puitu niiskuskahjustuste eest, seda on lihtne hooldada &#8211; ei vaja eraldi lihvimist v\u00f5i eemaldamist. Vahend j\u00e4tab pinnale siidjas mati kaitsekihi ja l\u00e4ike saavutamiseks on v\u00f5imalik pind katta lisaks ka Owatrol D-2 vahendiga. Kasutusalad: troopilised ja eksootilised puiduliigid: Tiigipuu, Mahagon, Movingui, Ipe, Bangkirai jne. Lisaks okaspuud nagu m\u00e4nd, kuusk, lehis jne. Sobilik eelk\u00f5ige paaditekkide immutamiseks kuid samas on seda v\u00f5imalik kasutada nii all- kui ka \u00fclalpool veeliini. Koduses majapidamises sobib Owatrol D-1 h\u00e4sti aiam\u00f6\u00f6bli, p\u00f5randate, puitpaneelide, treppide, uste, akende, uksepiitate jm katmiseks. Kattuvus: 8 kuni 12 m\u00b2\/l. Kasutustemperatuur: + 5 \u00b0 C kuni + 35 \u00b0 C, kuivamisaeg: kuni 24 h.<\/p>\n","protected":false},"excerpt":{"rendered":"<p>Owatrol D-1 on kvaliteetne puidu immtusvahend, mis sobilik eelk\u00f5ige just eksootilistele ja troopilistele puitudele. Sobilik kasutamiseks nii horisontaalsetel- kui ka vertikaalsetel pindadel ning samuti pehmete- kui ka k\u00f5vade puitmaterjalide puhul. Owatrol D-1 kaitseb puitu niiskuskahjustuste eest, seda on lihtne hooldada &#8211; ei vaja eraldi lihvimist v\u00f5i eemaldamist. Vahend j\u00e4tab pinnale siidjas mati kaitsekihi ja l\u00e4ike&#8230;<\/p>\n","protected":false},"featured_media":20642,"template":"","meta":{"_kad_blocks_custom_css":"","_kad_blocks_head_custom_js":"","_kad_blocks_body_custom_js":"","_kad_blocks_footer_custom_js":"","_kad_post_transparent":"","_kad_post_title":"","_kad_post_layout":"","_kad_post_sidebar_id":"","_kad_post_content_style":"","_kad_post_vertical_padding":"","_kad_post_feature":"","_kad_post_feature_position":"","_kad_post_header":false,"_kad_post_footer":false,"_kad_post_classname":""},"product_brand":[],"product_cat":[270,229],"product_tag":[],"class_list":{"0":"post-38982","1":"product","2":"type-product","3":"status-publish","4":"has-post-thumbnail","6":"product_cat-lakid-lahustid","7":"product_cat-paadi-ja-jahivarvid","8":"pa_producer-owatrol","9":"pa_unit-l","10":"tm-no-options","12":"first","13":"onbackorder","14":"taxable","15":"shipping-taxable","16":"purchasable","17":"product-type-simple","18":"entry","19":"content-bg","20":"loop-entry"},"yoast_head":"<!-- This site is optimized with the Yoast SEO plugin v27.3 - https:\/\/yoast.com\/product\/yoast-seo-wordpress\/ -->\n<title>PUIDU IMMUTUSVAHEND, OWATROL D-1, 2.5 l - NORDLINE s\u00f5udepaadid ja mootorpaadid. Klaasfiiber materjalist.<\/title>\n<meta name=\"robots\" content=\"index, follow, max-snippet:-1, max-image-preview:large, max-video-preview:-1\" \/>\n<link rel=\"canonical\" href=\"https:\/\/nordlinepaadid.ee\/et\/pood\/paadi-ja-jahivarvid\/lakid-lahustid\/puidu-immutusvahend-owatrol-d-1-2-5-l\/\" \/>\n<meta property=\"og:locale\" content=\"et_EE\" \/>\n<meta property=\"og:type\" content=\"article\" \/>\n<meta property=\"og:title\" content=\"PUIDU IMMUTUSVAHEND, OWATROL D-1, 2.5 l - NORDLINE s\u00f5udepaadid ja mootorpaadid. Klaasfiiber materjalist.\" \/>\n<meta property=\"og:description\" content=\"Owatrol D-1 on kvaliteetne puidu immtusvahend, mis sobilik eelk\u00f5ige just eksootilistele ja troopilistele puitudele. Sobilik kasutamiseks nii horisontaalsetel- kui ka vertikaalsetel pindadel ning samuti pehmete- kui ka k\u00f5vade puitmaterjalide puhul. Owatrol D-1 kaitseb puitu niiskuskahjustuste eest, seda on lihtne hooldada &#8211; ei vaja eraldi lihvimist v\u00f5i eemaldamist. Vahend j\u00e4tab pinnale siidjas mati kaitsekihi ja l\u00e4ike...\" \/>\n<meta property=\"og:url\" content=\"https:\/\/nordlinepaadid.ee\/et\/pood\/paadi-ja-jahivarvid\/lakid-lahustid\/puidu-immutusvahend-owatrol-d-1-2-5-l\/\" \/>\n<meta property=\"og:site_name\" content=\"NORDLINE s\u00f5udepaadid ja mootorpaadid. Klaasfiiber materjalist.\" \/>\n<meta property=\"article:publisher\" content=\"https:\/\/www.facebook.com\/nordlineboats\" \/>\n<meta property=\"article:modified_time\" content=\"2026-04-07T21:02:32+00:00\" \/>\n<meta property=\"og:image\" content=\"https:\/\/nordlinepaadid.ee\/wp-content\/uploads\/2023\/03\/3768_D-1_-_1_2.5.jpg\" \/>\n\t<meta property=\"og:image:width\" content=\"200\" \/>\n\t<meta property=\"og:image:height\" content=\"200\" \/>\n\t<meta property=\"og:image:type\" content=\"image\/jpeg\" \/>\n<meta name=\"twitter:card\" content=\"summary_large_image\" \/>\n<meta name=\"twitter:label1\" content=\"Est. reading time\" \/>\n\t<meta name=\"twitter:data1\" content=\"1 minut\" \/>\n<script type=\"application\/ld+json\" class=\"yoast-schema-graph\">{\"@context\":\"https:\\\/\\\/schema.org\",\"@graph\":[{\"@type\":\"WebPage\",\"@id\":\"https:\\\/\\\/nordlinepaadid.ee\\\/et\\\/pood\\\/paadi-ja-jahivarvid\\\/lakid-lahustid\\\/puidu-immutusvahend-owatrol-d-1-2-5-l\\\/\",\"url\":\"https:\\\/\\\/nordlinepaadid.ee\\\/et\\\/pood\\\/paadi-ja-jahivarvid\\\/lakid-lahustid\\\/puidu-immutusvahend-owatrol-d-1-2-5-l\\\/\",\"name\":\"PUIDU IMMUTUSVAHEND, OWATROL D-1, 2.5 l - NORDLINE s\u00f5udepaadid ja mootorpaadid. Klaasfiiber materjalist.\",\"isPartOf\":{\"@id\":\"https:\\\/\\\/nordlinepaadid.ee\\\/et\\\/#website\"},\"primaryImageOfPage\":{\"@id\":\"https:\\\/\\\/nordlinepaadid.ee\\\/et\\\/pood\\\/paadi-ja-jahivarvid\\\/lakid-lahustid\\\/puidu-immutusvahend-owatrol-d-1-2-5-l\\\/#primaryimage\"},\"image\":{\"@id\":\"https:\\\/\\\/nordlinepaadid.ee\\\/et\\\/pood\\\/paadi-ja-jahivarvid\\\/lakid-lahustid\\\/puidu-immutusvahend-owatrol-d-1-2-5-l\\\/#primaryimage\"},\"thumbnailUrl\":\"https:\\\/\\\/nordlinepaadid.ee\\\/wp-content\\\/uploads\\\/2023\\\/03\\\/3768_D-1_-_1_2.5.jpg\",\"datePublished\":\"2026-04-07T00:11:53+00:00\",\"dateModified\":\"2026-04-07T21:02:32+00:00\",\"breadcrumb\":{\"@id\":\"https:\\\/\\\/nordlinepaadid.ee\\\/et\\\/pood\\\/paadi-ja-jahivarvid\\\/lakid-lahustid\\\/puidu-immutusvahend-owatrol-d-1-2-5-l\\\/#breadcrumb\"},\"inLanguage\":\"et\",\"potentialAction\":[{\"@type\":\"ReadAction\",\"target\":[\"https:\\\/\\\/nordlinepaadid.ee\\\/et\\\/pood\\\/paadi-ja-jahivarvid\\\/lakid-lahustid\\\/puidu-immutusvahend-owatrol-d-1-2-5-l\\\/\"]}]},{\"@type\":\"ImageObject\",\"inLanguage\":\"et\",\"@id\":\"https:\\\/\\\/nordlinepaadid.ee\\\/et\\\/pood\\\/paadi-ja-jahivarvid\\\/lakid-lahustid\\\/puidu-immutusvahend-owatrol-d-1-2-5-l\\\/#primaryimage\",\"url\":\"https:\\\/\\\/nordlinepaadid.ee\\\/wp-content\\\/uploads\\\/2023\\\/03\\\/3768_D-1_-_1_2.5.jpg\",\"contentUrl\":\"https:\\\/\\\/nordlinepaadid.ee\\\/wp-content\\\/uploads\\\/2023\\\/03\\\/3768_D-1_-_1_2.5.jpg\",\"width\":200,\"height\":200},{\"@type\":\"BreadcrumbList\",\"@id\":\"https:\\\/\\\/nordlinepaadid.ee\\\/et\\\/pood\\\/paadi-ja-jahivarvid\\\/lakid-lahustid\\\/puidu-immutusvahend-owatrol-d-1-2-5-l\\\/#breadcrumb\",\"itemListElement\":[{\"@type\":\"ListItem\",\"position\":1,\"name\":\"Home\",\"item\":\"https:\\\/\\\/nordlinepaadid.ee\\\/et\\\/\"},{\"@type\":\"ListItem\",\"position\":2,\"name\":\"Pood\",\"item\":\"https:\\\/\\\/nordlinepaadid.ee\\\/et\\\/pood\\\/\"},{\"@type\":\"ListItem\",\"position\":3,\"name\":\"PUIDU IMMUTUSVAHEND, OWATROL D-1, 2.5 l\"}]},{\"@type\":\"WebSite\",\"@id\":\"https:\\\/\\\/nordlinepaadid.ee\\\/et\\\/#website\",\"url\":\"https:\\\/\\\/nordlinepaadid.ee\\\/et\\\/\",\"name\":\"NORDLINE s\u00f5udepaadid ja mootorpaadid. Klaasfiiber materjalist.\",\"description\":\"\",\"publisher\":{\"@id\":\"https:\\\/\\\/nordlinepaadid.ee\\\/et\\\/#organization\"},\"potentialAction\":[{\"@type\":\"SearchAction\",\"target\":{\"@type\":\"EntryPoint\",\"urlTemplate\":\"https:\\\/\\\/nordlinepaadid.ee\\\/et\\\/?s={search_term_string}\"},\"query-input\":{\"@type\":\"PropertyValueSpecification\",\"valueRequired\":true,\"valueName\":\"search_term_string\"}}],\"inLanguage\":\"et\"},{\"@type\":\"Organization\",\"@id\":\"https:\\\/\\\/nordlinepaadid.ee\\\/et\\\/#organization\",\"name\":\"Nordlineboats\",\"url\":\"https:\\\/\\\/nordlinepaadid.ee\\\/et\\\/\",\"logo\":{\"@type\":\"ImageObject\",\"inLanguage\":\"et\",\"@id\":\"https:\\\/\\\/nordlinepaadid.ee\\\/et\\\/#\\\/schema\\\/logo\\\/image\\\/\",\"url\":\"https:\\\/\\\/nordlinepaadid.ee\\\/wp-content\\\/uploads\\\/2023\\\/01\\\/fulllogo_transparent_nobuffer-e1672750475494.png\",\"contentUrl\":\"https:\\\/\\\/nordlinepaadid.ee\\\/wp-content\\\/uploads\\\/2023\\\/01\\\/fulllogo_transparent_nobuffer-e1672750475494.png\",\"width\":150,\"height\":119,\"caption\":\"Nordlineboats\"},\"image\":{\"@id\":\"https:\\\/\\\/nordlinepaadid.ee\\\/et\\\/#\\\/schema\\\/logo\\\/image\\\/\"},\"sameAs\":[\"https:\\\/\\\/www.facebook.com\\\/nordlineboats\",\"https:\\\/\\\/www.youtube.com\\\/channel\\\/UCbgF0fy02y3QkFnujaLTaCA\"]}]}<\/script>\n<!-- \/ Yoast SEO plugin. -->","yoast_head_json":{"title":"PUIDU IMMUTUSVAHEND, OWATROL D-1, 2.5 l - NORDLINE s\u00f5udepaadid ja mootorpaadid. Klaasfiiber materjalist.","robots":{"index":"index","follow":"follow","max-snippet":"max-snippet:-1","max-image-preview":"max-image-preview:large","max-video-preview":"max-video-preview:-1"},"canonical":"https:\/\/nordlinepaadid.ee\/et\/pood\/paadi-ja-jahivarvid\/lakid-lahustid\/puidu-immutusvahend-owatrol-d-1-2-5-l\/","og_locale":"et_EE","og_type":"article","og_title":"PUIDU IMMUTUSVAHEND, OWATROL D-1, 2.5 l - NORDLINE s\u00f5udepaadid ja mootorpaadid. Klaasfiiber materjalist.","og_description":"Owatrol D-1 on kvaliteetne puidu immtusvahend, mis sobilik eelk\u00f5ige just eksootilistele ja troopilistele puitudele. Sobilik kasutamiseks nii horisontaalsetel- kui ka vertikaalsetel pindadel ning samuti pehmete- kui ka k\u00f5vade puitmaterjalide puhul. Owatrol D-1 kaitseb puitu niiskuskahjustuste eest, seda on lihtne hooldada &#8211; ei vaja eraldi lihvimist v\u00f5i eemaldamist. Vahend j\u00e4tab pinnale siidjas mati kaitsekihi ja l\u00e4ike...","og_url":"https:\/\/nordlinepaadid.ee\/et\/pood\/paadi-ja-jahivarvid\/lakid-lahustid\/puidu-immutusvahend-owatrol-d-1-2-5-l\/","og_site_name":"NORDLINE s\u00f5udepaadid ja mootorpaadid. Klaasfiiber materjalist.","article_publisher":"https:\/\/www.facebook.com\/nordlineboats","article_modified_time":"2026-04-07T21:02:32+00:00","og_image":[{"width":200,"height":200,"url":"https:\/\/nordlinepaadid.ee\/wp-content\/uploads\/2023\/03\/3768_D-1_-_1_2.5.jpg","type":"image\/jpeg"}],"twitter_card":"summary_large_image","twitter_misc":{"Est. reading time":"1 minut"},"schema":{"@context":"https:\/\/schema.org","@graph":[{"@type":"WebPage","@id":"https:\/\/nordlinepaadid.ee\/et\/pood\/paadi-ja-jahivarvid\/lakid-lahustid\/puidu-immutusvahend-owatrol-d-1-2-5-l\/","url":"https:\/\/nordlinepaadid.ee\/et\/pood\/paadi-ja-jahivarvid\/lakid-lahustid\/puidu-immutusvahend-owatrol-d-1-2-5-l\/","name":"PUIDU IMMUTUSVAHEND, OWATROL D-1, 2.5 l - NORDLINE s\u00f5udepaadid ja mootorpaadid. Klaasfiiber materjalist.","isPartOf":{"@id":"https:\/\/nordlinepaadid.ee\/et\/#website"},"primaryImageOfPage":{"@id":"https:\/\/nordlinepaadid.ee\/et\/pood\/paadi-ja-jahivarvid\/lakid-lahustid\/puidu-immutusvahend-owatrol-d-1-2-5-l\/#primaryimage"},"image":{"@id":"https:\/\/nordlinepaadid.ee\/et\/pood\/paadi-ja-jahivarvid\/lakid-lahustid\/puidu-immutusvahend-owatrol-d-1-2-5-l\/#primaryimage"},"thumbnailUrl":"https:\/\/nordlinepaadid.ee\/wp-content\/uploads\/2023\/03\/3768_D-1_-_1_2.5.jpg","datePublished":"2026-04-07T00:11:53+00:00","dateModified":"2026-04-07T21:02:32+00:00","breadcrumb":{"@id":"https:\/\/nordlinepaadid.ee\/et\/pood\/paadi-ja-jahivarvid\/lakid-lahustid\/puidu-immutusvahend-owatrol-d-1-2-5-l\/#breadcrumb"},"inLanguage":"et","potentialAction":[{"@type":"ReadAction","target":["https:\/\/nordlinepaadid.ee\/et\/pood\/paadi-ja-jahivarvid\/lakid-lahustid\/puidu-immutusvahend-owatrol-d-1-2-5-l\/"]}]},{"@type":"ImageObject","inLanguage":"et","@id":"https:\/\/nordlinepaadid.ee\/et\/pood\/paadi-ja-jahivarvid\/lakid-lahustid\/puidu-immutusvahend-owatrol-d-1-2-5-l\/#primaryimage","url":"https:\/\/nordlinepaadid.ee\/wp-content\/uploads\/2023\/03\/3768_D-1_-_1_2.5.jpg","contentUrl":"https:\/\/nordlinepaadid.ee\/wp-content\/uploads\/2023\/03\/3768_D-1_-_1_2.5.jpg","width":200,"height":200},{"@type":"BreadcrumbList","@id":"https:\/\/nordlinepaadid.ee\/et\/pood\/paadi-ja-jahivarvid\/lakid-lahustid\/puidu-immutusvahend-owatrol-d-1-2-5-l\/#breadcrumb","itemListElement":[{"@type":"ListItem","position":1,"name":"Home","item":"https:\/\/nordlinepaadid.ee\/et\/"},{"@type":"ListItem","position":2,"name":"Pood","item":"https:\/\/nordlinepaadid.ee\/et\/pood\/"},{"@type":"ListItem","position":3,"name":"PUIDU IMMUTUSVAHEND, OWATROL D-1, 2.5 l"}]},{"@type":"WebSite","@id":"https:\/\/nordlinepaadid.ee\/et\/#website","url":"https:\/\/nordlinepaadid.ee\/et\/","name":"NORDLINE s\u00f5udepaadid ja mootorpaadid. Klaasfiiber materjalist.","description":"","publisher":{"@id":"https:\/\/nordlinepaadid.ee\/et\/#organization"},"potentialAction":[{"@type":"SearchAction","target":{"@type":"EntryPoint","urlTemplate":"https:\/\/nordlinepaadid.ee\/et\/?s={search_term_string}"},"query-input":{"@type":"PropertyValueSpecification","valueRequired":true,"valueName":"search_term_string"}}],"inLanguage":"et"},{"@type":"Organization","@id":"https:\/\/nordlinepaadid.ee\/et\/#organization","name":"Nordlineboats","url":"https:\/\/nordlinepaadid.ee\/et\/","logo":{"@type":"ImageObject","inLanguage":"et","@id":"https:\/\/nordlinepaadid.ee\/et\/#\/schema\/logo\/image\/","url":"https:\/\/nordlinepaadid.ee\/wp-content\/uploads\/2023\/01\/fulllogo_transparent_nobuffer-e1672750475494.png","contentUrl":"https:\/\/nordlinepaadid.ee\/wp-content\/uploads\/2023\/01\/fulllogo_transparent_nobuffer-e1672750475494.png","width":150,"height":119,"caption":"Nordlineboats"},"image":{"@id":"https:\/\/nordlinepaadid.ee\/et\/#\/schema\/logo\/image\/"},"sameAs":["https:\/\/www.facebook.com\/nordlineboats","https:\/\/www.youtube.com\/channel\/UCbgF0fy02y3QkFnujaLTaCA"]}]}},"taxonomy_info":{"product_cat":[{"value":270,"label":"Lakid, Lahustid"},{"value":229,"label":"PAADI- JA JAHIV\u00c4RVID"}],"pa_producer":[{"value":531,"label":"Owatrol"}],"pa_unit":[{"value":468,"label":"l"}]},"featured_image_src_large":["https:\/\/nordlinepaadid.ee\/wp-content\/uploads\/2023\/03\/3768_D-1_-_1_2.5.jpg",200,200,false],"author_info":[],"comment_info":"","_links":{"self":[{"href":"https:\/\/nordlinepaadid.ee\/et\/wp-json\/wp\/v2\/product\/38982","targetHints":{"allow":["GET"]}}],"collection":[{"href":"https:\/\/nordlinepaadid.ee\/et\/wp-json\/wp\/v2\/product"}],"about":[{"href":"https:\/\/nordlinepaadid.ee\/et\/wp-json\/wp\/v2\/types\/product"}],"wp:featuredmedia":[{"embeddable":true,"href":"https:\/\/nordlinepaadid.ee\/et\/wp-json\/wp\/v2\/media\/20642"}],"wp:attachment":[{"href":"https:\/\/nordlinepaadid.ee\/et\/wp-json\/wp\/v2\/media?parent=38982"}],"wp:term":[{"taxonomy":"product_brand","embeddable":true,"href":"https:\/\/nordlinepaadid.ee\/et\/wp-json\/wp\/v2\/product_brand?post=38982"},{"taxonomy":"product_cat","embeddable":true,"href":"https:\/\/nordlinepaadid.ee\/et\/wp-json\/wp\/v2\/product_cat?post=38982"},{"taxonomy":"product_tag","embeddable":true,"href":"https:\/\/nordlinepaadid.ee\/et\/wp-json\/wp\/v2\/product_tag?post=38982"}],"curies":[{"name":"wp","href":"https:\/\/api.w.org\/{rel}","templated":true}]}}