{"id":39036,"date":"2026-04-07T03:12:03","date_gmt":"2026-04-07T00:12:03","guid":{"rendered":"https:\/\/nordlinepaadid.ee\/toode\/maaratlemata\/hudro-stabilisaator-stingray-classic-9-9-40-hp\/"},"modified":"2026-04-08T00:03:31","modified_gmt":"2026-04-07T21:03:31","slug":"hudro-stabilisaator-stingray-classic-9-9-40-hp","status":"publish","type":"product","link":"https:\/\/nordlinepaadid.ee\/et\/pood\/varuosad-mootorpaatidele\/trimmiplaadid_hudrostabilisaatorid\/hudro-stabilisaator-stingray-classic-9-9-40-hp\/","title":{"rendered":"H\u00dcDRO-STABILISAATOR, STINGRAY CLASSIC, 9.9 &#8211; 40 HP"},"content":{"rendered":"<p>Stingray Classic universaalse suurusega &#8220;tiib&#8221;, mis sobib k\u0151ikidele mootoritele v\u0151imsusega 9.9 &#8211; 40 HP ja mida on lihtne paigaldada. Stabilisaatorid tagavad paadile hea stabiilsuse, kiirema klissi ja suurema s\u0151idukiiruse. Samuti v\u00e4heneb h\u00fcdro-stabilisaatori kasutamisel mootori k\u00fctusekulu.<\/p>\n<p>&#13;<\/p>\n<p><iframe loading=\"lazy\" allowfullscreen=\"\" frameborder=\"0\" height=\"360\" src=\"\/\/www.youtube.com\/embed\/fVHHlqfTwjY\" width=\"640\"><\/iframe><\/p>\n<p>&#13;<\/p>\n","protected":false},"excerpt":{"rendered":"<p>Stingray Classic universaalse suurusega &#8220;tiib&#8221;, mis sobib k\u0151ikidele mootoritele v\u0151imsusega 9.9 &#8211; 40 HP ja mida on lihtne paigaldada. Stabilisaatorid tagavad paadile hea stabiilsuse, kiirema klissi ja suurema s\u0151idukiiruse. Samuti v\u00e4heneb h\u00fcdro-stabilisaatori kasutamisel mootori k\u00fctusekulu. &#13; &#13;<\/p>\n","protected":false},"featured_media":20786,"template":"","meta":{"_kad_blocks_custom_css":"","_kad_blocks_head_custom_js":"","_kad_blocks_body_custom_js":"","_kad_blocks_footer_custom_js":"","_kad_post_transparent":"","_kad_post_title":"","_kad_post_layout":"","_kad_post_sidebar_id":"","_kad_post_content_style":"","_kad_post_vertical_padding":"","_kad_post_feature":"","_kad_post_feature_position":"","_kad_post_header":false,"_kad_post_footer":false,"_kad_post_classname":""},"product_brand":[],"product_cat":[362,249],"product_tag":[],"class_list":{"0":"post-39036","1":"product","2":"type-product","3":"status-publish","4":"has-post-thumbnail","6":"product_cat-trimmiplaadid_hudrostabilisaatorid","7":"product_cat-varuosad-mootorpaatidele","8":"pa_producer-stingray","9":"pa_unit-pcs","10":"tm-no-options","12":"first","13":"instock","14":"sale","15":"taxable","16":"shipping-taxable","17":"purchasable","18":"product-type-simple","19":"entry","20":"content-bg","21":"loop-entry"},"yoast_head":"<!-- This site is optimized with the Yoast SEO plugin v27.3 - https:\/\/yoast.com\/product\/yoast-seo-wordpress\/ -->\n<title>H\u00dcDRO-STABILISAATOR, STINGRAY CLASSIC, 9.9 - 40 HP - NORDLINE s\u00f5udepaadid ja mootorpaadid. Klaasfiiber materjalist.<\/title>\n<meta name=\"robots\" content=\"index, follow, max-snippet:-1, max-image-preview:large, max-video-preview:-1\" \/>\n<link rel=\"canonical\" href=\"https:\/\/nordlinepaadid.ee\/et\/pood\/varuosad-mootorpaatidele\/trimmiplaadid_hudrostabilisaatorid\/hudro-stabilisaator-stingray-classic-9-9-40-hp\/\" \/>\n<meta property=\"og:locale\" content=\"et_EE\" \/>\n<meta property=\"og:type\" content=\"article\" \/>\n<meta property=\"og:title\" content=\"H\u00dcDRO-STABILISAATOR, STINGRAY CLASSIC, 9.9 - 40 HP - NORDLINE s\u00f5udepaadid ja mootorpaadid. Klaasfiiber materjalist.\" \/>\n<meta property=\"og:description\" content=\"Stingray Classic universaalse suurusega &#8220;tiib&#8221;, mis sobib k\u0151ikidele mootoritele v\u0151imsusega 9.9 &#8211; 40 HP ja mida on lihtne paigaldada. Stabilisaatorid tagavad paadile hea stabiilsuse, kiirema klissi ja suurema s\u0151idukiiruse. Samuti v\u00e4heneb h\u00fcdro-stabilisaatori kasutamisel mootori k\u00fctusekulu. &#013; &#013;\" \/>\n<meta property=\"og:url\" content=\"https:\/\/nordlinepaadid.ee\/et\/pood\/varuosad-mootorpaatidele\/trimmiplaadid_hudrostabilisaatorid\/hudro-stabilisaator-stingray-classic-9-9-40-hp\/\" \/>\n<meta property=\"og:site_name\" content=\"NORDLINE s\u00f5udepaadid ja mootorpaadid. Klaasfiiber materjalist.\" \/>\n<meta property=\"article:publisher\" content=\"https:\/\/www.facebook.com\/nordlineboats\" \/>\n<meta property=\"article:modified_time\" content=\"2026-04-07T21:03:31+00:00\" \/>\n<meta property=\"og:image\" content=\"https:\/\/nordlinepaadid.ee\/wp-content\/uploads\/2023\/03\/3840_EN_52.213.01-03.jpg\" \/>\n\t<meta property=\"og:image:width\" content=\"447\" \/>\n\t<meta property=\"og:image:height\" content=\"388\" \/>\n\t<meta property=\"og:image:type\" content=\"image\/jpeg\" \/>\n<meta name=\"twitter:card\" content=\"summary_large_image\" \/>\n<script type=\"application\/ld+json\" class=\"yoast-schema-graph\">{\"@context\":\"https:\\\/\\\/schema.org\",\"@graph\":[{\"@type\":\"WebPage\",\"@id\":\"https:\\\/\\\/nordlinepaadid.ee\\\/et\\\/pood\\\/varuosad-mootorpaatidele\\\/trimmiplaadid_hudrostabilisaatorid\\\/hudro-stabilisaator-stingray-classic-9-9-40-hp\\\/\",\"url\":\"https:\\\/\\\/nordlinepaadid.ee\\\/et\\\/pood\\\/varuosad-mootorpaatidele\\\/trimmiplaadid_hudrostabilisaatorid\\\/hudro-stabilisaator-stingray-classic-9-9-40-hp\\\/\",\"name\":\"H\u00dcDRO-STABILISAATOR, STINGRAY CLASSIC, 9.9 - 40 HP - NORDLINE s\u00f5udepaadid ja mootorpaadid. Klaasfiiber materjalist.\",\"isPartOf\":{\"@id\":\"https:\\\/\\\/nordlinepaadid.ee\\\/et\\\/#website\"},\"primaryImageOfPage\":{\"@id\":\"https:\\\/\\\/nordlinepaadid.ee\\\/et\\\/pood\\\/varuosad-mootorpaatidele\\\/trimmiplaadid_hudrostabilisaatorid\\\/hudro-stabilisaator-stingray-classic-9-9-40-hp\\\/#primaryimage\"},\"image\":{\"@id\":\"https:\\\/\\\/nordlinepaadid.ee\\\/et\\\/pood\\\/varuosad-mootorpaatidele\\\/trimmiplaadid_hudrostabilisaatorid\\\/hudro-stabilisaator-stingray-classic-9-9-40-hp\\\/#primaryimage\"},\"thumbnailUrl\":\"https:\\\/\\\/nordlinepaadid.ee\\\/wp-content\\\/uploads\\\/2023\\\/03\\\/3840_EN_52.213.01-03.jpg\",\"datePublished\":\"2026-04-07T00:12:03+00:00\",\"dateModified\":\"2026-04-07T21:03:31+00:00\",\"breadcrumb\":{\"@id\":\"https:\\\/\\\/nordlinepaadid.ee\\\/et\\\/pood\\\/varuosad-mootorpaatidele\\\/trimmiplaadid_hudrostabilisaatorid\\\/hudro-stabilisaator-stingray-classic-9-9-40-hp\\\/#breadcrumb\"},\"inLanguage\":\"et\",\"potentialAction\":[{\"@type\":\"ReadAction\",\"target\":[\"https:\\\/\\\/nordlinepaadid.ee\\\/et\\\/pood\\\/varuosad-mootorpaatidele\\\/trimmiplaadid_hudrostabilisaatorid\\\/hudro-stabilisaator-stingray-classic-9-9-40-hp\\\/\"]}]},{\"@type\":\"ImageObject\",\"inLanguage\":\"et\",\"@id\":\"https:\\\/\\\/nordlinepaadid.ee\\\/et\\\/pood\\\/varuosad-mootorpaatidele\\\/trimmiplaadid_hudrostabilisaatorid\\\/hudro-stabilisaator-stingray-classic-9-9-40-hp\\\/#primaryimage\",\"url\":\"https:\\\/\\\/nordlinepaadid.ee\\\/wp-content\\\/uploads\\\/2023\\\/03\\\/3840_EN_52.213.01-03.jpg\",\"contentUrl\":\"https:\\\/\\\/nordlinepaadid.ee\\\/wp-content\\\/uploads\\\/2023\\\/03\\\/3840_EN_52.213.01-03.jpg\",\"width\":447,\"height\":388},{\"@type\":\"BreadcrumbList\",\"@id\":\"https:\\\/\\\/nordlinepaadid.ee\\\/et\\\/pood\\\/varuosad-mootorpaatidele\\\/trimmiplaadid_hudrostabilisaatorid\\\/hudro-stabilisaator-stingray-classic-9-9-40-hp\\\/#breadcrumb\",\"itemListElement\":[{\"@type\":\"ListItem\",\"position\":1,\"name\":\"Home\",\"item\":\"https:\\\/\\\/nordlinepaadid.ee\\\/et\\\/\"},{\"@type\":\"ListItem\",\"position\":2,\"name\":\"Pood\",\"item\":\"https:\\\/\\\/nordlinepaadid.ee\\\/et\\\/pood\\\/\"},{\"@type\":\"ListItem\",\"position\":3,\"name\":\"H\u00dcDRO-STABILISAATOR, STINGRAY CLASSIC, 9.9 &#8211; 40 HP\"}]},{\"@type\":\"WebSite\",\"@id\":\"https:\\\/\\\/nordlinepaadid.ee\\\/et\\\/#website\",\"url\":\"https:\\\/\\\/nordlinepaadid.ee\\\/et\\\/\",\"name\":\"NORDLINE s\u00f5udepaadid ja mootorpaadid. Klaasfiiber materjalist.\",\"description\":\"\",\"publisher\":{\"@id\":\"https:\\\/\\\/nordlinepaadid.ee\\\/et\\\/#organization\"},\"potentialAction\":[{\"@type\":\"SearchAction\",\"target\":{\"@type\":\"EntryPoint\",\"urlTemplate\":\"https:\\\/\\\/nordlinepaadid.ee\\\/et\\\/?s={search_term_string}\"},\"query-input\":{\"@type\":\"PropertyValueSpecification\",\"valueRequired\":true,\"valueName\":\"search_term_string\"}}],\"inLanguage\":\"et\"},{\"@type\":\"Organization\",\"@id\":\"https:\\\/\\\/nordlinepaadid.ee\\\/et\\\/#organization\",\"name\":\"Nordlineboats\",\"url\":\"https:\\\/\\\/nordlinepaadid.ee\\\/et\\\/\",\"logo\":{\"@type\":\"ImageObject\",\"inLanguage\":\"et\",\"@id\":\"https:\\\/\\\/nordlinepaadid.ee\\\/et\\\/#\\\/schema\\\/logo\\\/image\\\/\",\"url\":\"https:\\\/\\\/nordlinepaadid.ee\\\/wp-content\\\/uploads\\\/2023\\\/01\\\/fulllogo_transparent_nobuffer-e1672750475494.png\",\"contentUrl\":\"https:\\\/\\\/nordlinepaadid.ee\\\/wp-content\\\/uploads\\\/2023\\\/01\\\/fulllogo_transparent_nobuffer-e1672750475494.png\",\"width\":150,\"height\":119,\"caption\":\"Nordlineboats\"},\"image\":{\"@id\":\"https:\\\/\\\/nordlinepaadid.ee\\\/et\\\/#\\\/schema\\\/logo\\\/image\\\/\"},\"sameAs\":[\"https:\\\/\\\/www.facebook.com\\\/nordlineboats\",\"https:\\\/\\\/www.youtube.com\\\/channel\\\/UCbgF0fy02y3QkFnujaLTaCA\"]}]}<\/script>\n<!-- \/ Yoast SEO plugin. -->","yoast_head_json":{"title":"H\u00dcDRO-STABILISAATOR, STINGRAY CLASSIC, 9.9 - 40 HP - NORDLINE s\u00f5udepaadid ja mootorpaadid. Klaasfiiber materjalist.","robots":{"index":"index","follow":"follow","max-snippet":"max-snippet:-1","max-image-preview":"max-image-preview:large","max-video-preview":"max-video-preview:-1"},"canonical":"https:\/\/nordlinepaadid.ee\/et\/pood\/varuosad-mootorpaatidele\/trimmiplaadid_hudrostabilisaatorid\/hudro-stabilisaator-stingray-classic-9-9-40-hp\/","og_locale":"et_EE","og_type":"article","og_title":"H\u00dcDRO-STABILISAATOR, STINGRAY CLASSIC, 9.9 - 40 HP - NORDLINE s\u00f5udepaadid ja mootorpaadid. Klaasfiiber materjalist.","og_description":"Stingray Classic universaalse suurusega &#8220;tiib&#8221;, mis sobib k\u0151ikidele mootoritele v\u0151imsusega 9.9 &#8211; 40 HP ja mida on lihtne paigaldada. Stabilisaatorid tagavad paadile hea stabiilsuse, kiirema klissi ja suurema s\u0151idukiiruse. Samuti v\u00e4heneb h\u00fcdro-stabilisaatori kasutamisel mootori k\u00fctusekulu. &#13; &#13;","og_url":"https:\/\/nordlinepaadid.ee\/et\/pood\/varuosad-mootorpaatidele\/trimmiplaadid_hudrostabilisaatorid\/hudro-stabilisaator-stingray-classic-9-9-40-hp\/","og_site_name":"NORDLINE s\u00f5udepaadid ja mootorpaadid. Klaasfiiber materjalist.","article_publisher":"https:\/\/www.facebook.com\/nordlineboats","article_modified_time":"2026-04-07T21:03:31+00:00","og_image":[{"width":447,"height":388,"url":"https:\/\/nordlinepaadid.ee\/wp-content\/uploads\/2023\/03\/3840_EN_52.213.01-03.jpg","type":"image\/jpeg"}],"twitter_card":"summary_large_image","schema":{"@context":"https:\/\/schema.org","@graph":[{"@type":"WebPage","@id":"https:\/\/nordlinepaadid.ee\/et\/pood\/varuosad-mootorpaatidele\/trimmiplaadid_hudrostabilisaatorid\/hudro-stabilisaator-stingray-classic-9-9-40-hp\/","url":"https:\/\/nordlinepaadid.ee\/et\/pood\/varuosad-mootorpaatidele\/trimmiplaadid_hudrostabilisaatorid\/hudro-stabilisaator-stingray-classic-9-9-40-hp\/","name":"H\u00dcDRO-STABILISAATOR, STINGRAY CLASSIC, 9.9 - 40 HP - NORDLINE s\u00f5udepaadid ja mootorpaadid. Klaasfiiber materjalist.","isPartOf":{"@id":"https:\/\/nordlinepaadid.ee\/et\/#website"},"primaryImageOfPage":{"@id":"https:\/\/nordlinepaadid.ee\/et\/pood\/varuosad-mootorpaatidele\/trimmiplaadid_hudrostabilisaatorid\/hudro-stabilisaator-stingray-classic-9-9-40-hp\/#primaryimage"},"image":{"@id":"https:\/\/nordlinepaadid.ee\/et\/pood\/varuosad-mootorpaatidele\/trimmiplaadid_hudrostabilisaatorid\/hudro-stabilisaator-stingray-classic-9-9-40-hp\/#primaryimage"},"thumbnailUrl":"https:\/\/nordlinepaadid.ee\/wp-content\/uploads\/2023\/03\/3840_EN_52.213.01-03.jpg","datePublished":"2026-04-07T00:12:03+00:00","dateModified":"2026-04-07T21:03:31+00:00","breadcrumb":{"@id":"https:\/\/nordlinepaadid.ee\/et\/pood\/varuosad-mootorpaatidele\/trimmiplaadid_hudrostabilisaatorid\/hudro-stabilisaator-stingray-classic-9-9-40-hp\/#breadcrumb"},"inLanguage":"et","potentialAction":[{"@type":"ReadAction","target":["https:\/\/nordlinepaadid.ee\/et\/pood\/varuosad-mootorpaatidele\/trimmiplaadid_hudrostabilisaatorid\/hudro-stabilisaator-stingray-classic-9-9-40-hp\/"]}]},{"@type":"ImageObject","inLanguage":"et","@id":"https:\/\/nordlinepaadid.ee\/et\/pood\/varuosad-mootorpaatidele\/trimmiplaadid_hudrostabilisaatorid\/hudro-stabilisaator-stingray-classic-9-9-40-hp\/#primaryimage","url":"https:\/\/nordlinepaadid.ee\/wp-content\/uploads\/2023\/03\/3840_EN_52.213.01-03.jpg","contentUrl":"https:\/\/nordlinepaadid.ee\/wp-content\/uploads\/2023\/03\/3840_EN_52.213.01-03.jpg","width":447,"height":388},{"@type":"BreadcrumbList","@id":"https:\/\/nordlinepaadid.ee\/et\/pood\/varuosad-mootorpaatidele\/trimmiplaadid_hudrostabilisaatorid\/hudro-stabilisaator-stingray-classic-9-9-40-hp\/#breadcrumb","itemListElement":[{"@type":"ListItem","position":1,"name":"Home","item":"https:\/\/nordlinepaadid.ee\/et\/"},{"@type":"ListItem","position":2,"name":"Pood","item":"https:\/\/nordlinepaadid.ee\/et\/pood\/"},{"@type":"ListItem","position":3,"name":"H\u00dcDRO-STABILISAATOR, STINGRAY CLASSIC, 9.9 &#8211; 40 HP"}]},{"@type":"WebSite","@id":"https:\/\/nordlinepaadid.ee\/et\/#website","url":"https:\/\/nordlinepaadid.ee\/et\/","name":"NORDLINE s\u00f5udepaadid ja mootorpaadid. Klaasfiiber materjalist.","description":"","publisher":{"@id":"https:\/\/nordlinepaadid.ee\/et\/#organization"},"potentialAction":[{"@type":"SearchAction","target":{"@type":"EntryPoint","urlTemplate":"https:\/\/nordlinepaadid.ee\/et\/?s={search_term_string}"},"query-input":{"@type":"PropertyValueSpecification","valueRequired":true,"valueName":"search_term_string"}}],"inLanguage":"et"},{"@type":"Organization","@id":"https:\/\/nordlinepaadid.ee\/et\/#organization","name":"Nordlineboats","url":"https:\/\/nordlinepaadid.ee\/et\/","logo":{"@type":"ImageObject","inLanguage":"et","@id":"https:\/\/nordlinepaadid.ee\/et\/#\/schema\/logo\/image\/","url":"https:\/\/nordlinepaadid.ee\/wp-content\/uploads\/2023\/01\/fulllogo_transparent_nobuffer-e1672750475494.png","contentUrl":"https:\/\/nordlinepaadid.ee\/wp-content\/uploads\/2023\/01\/fulllogo_transparent_nobuffer-e1672750475494.png","width":150,"height":119,"caption":"Nordlineboats"},"image":{"@id":"https:\/\/nordlinepaadid.ee\/et\/#\/schema\/logo\/image\/"},"sameAs":["https:\/\/www.facebook.com\/nordlineboats","https:\/\/www.youtube.com\/channel\/UCbgF0fy02y3QkFnujaLTaCA"]}]}},"taxonomy_info":{"product_cat":[{"value":362,"label":"Trimmiplaadid, H\u00fcdrostabilisaatorid"},{"value":249,"label":"VARUOSAD MOOTORPAATIDELE"}],"pa_producer":[{"value":532,"label":"StingRay"}],"pa_unit":[{"value":416,"label":"pcs"}]},"featured_image_src_large":["https:\/\/nordlinepaadid.ee\/wp-content\/uploads\/2023\/03\/3840_EN_52.213.01-03.jpg",447,388,false],"author_info":[],"comment_info":"","_links":{"self":[{"href":"https:\/\/nordlinepaadid.ee\/et\/wp-json\/wp\/v2\/product\/39036","targetHints":{"allow":["GET"]}}],"collection":[{"href":"https:\/\/nordlinepaadid.ee\/et\/wp-json\/wp\/v2\/product"}],"about":[{"href":"https:\/\/nordlinepaadid.ee\/et\/wp-json\/wp\/v2\/types\/product"}],"wp:featuredmedia":[{"embeddable":true,"href":"https:\/\/nordlinepaadid.ee\/et\/wp-json\/wp\/v2\/media\/20786"}],"wp:attachment":[{"href":"https:\/\/nordlinepaadid.ee\/et\/wp-json\/wp\/v2\/media?parent=39036"}],"wp:term":[{"taxonomy":"product_brand","embeddable":true,"href":"https:\/\/nordlinepaadid.ee\/et\/wp-json\/wp\/v2\/product_brand?post=39036"},{"taxonomy":"product_cat","embeddable":true,"href":"https:\/\/nordlinepaadid.ee\/et\/wp-json\/wp\/v2\/product_cat?post=39036"},{"taxonomy":"product_tag","embeddable":true,"href":"https:\/\/nordlinepaadid.ee\/et\/wp-json\/wp\/v2\/product_tag?post=39036"}],"curies":[{"name":"wp","href":"https:\/\/api.w.org\/{rel}","templated":true}]}}