{"id":39054,"date":"2026-04-07T03:12:05","date_gmt":"2026-04-07T00:12:05","guid":{"rendered":"https:\/\/nordlinepaadid.ee\/toode\/maaratlemata\/kiilukaitse-keelshield-184-cm-must\/"},"modified":"2026-04-08T00:03:34","modified_gmt":"2026-04-07T21:03:34","slug":"kiilukaitse-keelshield-184-cm-must","status":"publish","type":"product","link":"https:\/\/nordlinepaadid.ee\/et\/pood\/ru-boat-care-and-maintenance\/ru-sealing-adhesives-tapes-insulating\/kiilukaitse-keelshield-184-cm-must\/","title":{"rendered":"KIILUKAITSE- KEELSHIELD, 184 cm, MUST"},"content":{"rendered":"<p>KeelShield kiilukaitse on valmistatud UV-kindlast uretaan-kummist, mis kinnitub paadikorpusele \u00fclitugeva 3M merekindla liimiga. Seda on v\u00e4ga lihtne paigaldada ja KeelShield kiilukaitse ennetab paadikerel tekkida v\u00f5ivad gelcoat- ja pinnakahjustused, mille likvideerimine on juba kulukas ja aegan\u00f5udev. KeelShield kiilukaitse sobib paigaldamiseks plastik-, alumiinium- ja puitpaatidele. Samuti on v\u00f5imalik seda kasutada ka jettidel. Valmistatud USA-s. Eluaegne garantii. Pikkus: 184 cm.<\/p>\n<p><strong><span style=\"color:#FF0000\">KUIDAS PAIGALDADA VAATA SIIT :<\/span><\/strong><\/p>\n<p>&#13;<br \/>\n&#13;<\/p>\n<p>&nbsp;<\/p>\n<p>&#13;<br \/>\n&#13;<\/p>\n<p><iframe loading=\"lazy\" allowfullscreen=\"\" frameborder=\"0\" height=\"315\" src=\"https:\/\/www.youtube.com\/embed\/q42qqfafjpk\" width=\"396\"><\/iframe><\/p>\n<p>&#13;<\/p>\n","protected":false},"excerpt":{"rendered":"<p>KeelShield kiilukaitse on valmistatud UV-kindlast uretaan-kummist, mis kinnitub paadikorpusele \u00fclitugeva 3M merekindla liimiga. Seda on v\u00e4ga lihtne paigaldada ja KeelShield kiilukaitse ennetab paadikerel tekkida v\u00f5ivad gelcoat- ja pinnakahjustused, mille likvideerimine on juba kulukas ja aegan\u00f5udev. KeelShield kiilukaitse sobib paigaldamiseks plastik-, alumiinium- ja puitpaatidele. Samuti on v\u00f5imalik seda kasutada ka jettidel. Valmistatud USA-s. Eluaegne garantii. Pikkus:&#8230;<\/p>\n","protected":false},"featured_media":20890,"template":"","meta":{"_kad_blocks_custom_css":"","_kad_blocks_head_custom_js":"","_kad_blocks_body_custom_js":"","_kad_blocks_footer_custom_js":"","_kad_post_transparent":"","_kad_post_title":"","_kad_post_layout":"","_kad_post_sidebar_id":"","_kad_post_content_style":"","_kad_post_vertical_padding":"","_kad_post_feature":"","_kad_post_feature_position":"","_kad_post_header":false,"_kad_post_footer":false,"_kad_post_classname":""},"product_brand":[],"product_cat":[287,284,836],"product_tag":[],"class_list":{"0":"post-39054","1":"product","2":"type-product","3":"status-publish","4":"has-post-thumbnail","6":"product_cat-liimid-silikoonid-teibid-isolatsioon","7":"product_cat-paadihooldusvahendid","8":"product_cat-ru-sealing-adhesives-tapes-insulating","9":"pa_color-must","10":"pa_producer-gator-guards","11":"pa_unit-pcs","12":"tm-no-options","14":"first","15":"onbackorder","16":"taxable","17":"shipping-taxable","18":"purchasable","19":"product-type-simple","20":"entry","21":"content-bg","22":"loop-entry"},"yoast_head":"<!-- This site is optimized with the Yoast SEO plugin v27.3 - https:\/\/yoast.com\/product\/yoast-seo-wordpress\/ -->\n<title>KIILUKAITSE- KEELSHIELD, 184 cm, MUST - NORDLINE s\u00f5udepaadid ja mootorpaadid. Klaasfiiber materjalist.<\/title>\n<meta name=\"robots\" content=\"index, follow, max-snippet:-1, max-image-preview:large, max-video-preview:-1\" \/>\n<link rel=\"canonical\" href=\"https:\/\/nordlinepaadid.ee\/et\/pood\/ru-boat-care-and-maintenance\/ru-sealing-adhesives-tapes-insulating\/kiilukaitse-keelshield-184-cm-must\/\" \/>\n<meta property=\"og:locale\" content=\"et_EE\" \/>\n<meta property=\"og:type\" content=\"article\" \/>\n<meta property=\"og:title\" content=\"KIILUKAITSE- KEELSHIELD, 184 cm, MUST - NORDLINE s\u00f5udepaadid ja mootorpaadid. Klaasfiiber materjalist.\" \/>\n<meta property=\"og:description\" content=\"KeelShield kiilukaitse on valmistatud UV-kindlast uretaan-kummist, mis kinnitub paadikorpusele \u00fclitugeva 3M merekindla liimiga. Seda on v\u00e4ga lihtne paigaldada ja KeelShield kiilukaitse ennetab paadikerel tekkida v\u00f5ivad gelcoat- ja pinnakahjustused, mille likvideerimine on juba kulukas ja aegan\u00f5udev. KeelShield kiilukaitse sobib paigaldamiseks plastik-, alumiinium- ja puitpaatidele. Samuti on v\u00f5imalik seda kasutada ka jettidel. Valmistatud USA-s. Eluaegne garantii. Pikkus:...\" \/>\n<meta property=\"og:url\" content=\"https:\/\/nordlinepaadid.ee\/et\/pood\/ru-boat-care-and-maintenance\/ru-sealing-adhesives-tapes-insulating\/kiilukaitse-keelshield-184-cm-must\/\" \/>\n<meta property=\"og:site_name\" content=\"NORDLINE s\u00f5udepaadid ja mootorpaadid. Klaasfiiber materjalist.\" \/>\n<meta property=\"article:publisher\" content=\"https:\/\/www.facebook.com\/nordlineboats\" \/>\n<meta property=\"article:modified_time\" content=\"2026-04-07T21:03:34+00:00\" \/>\n<meta property=\"og:image\" content=\"https:\/\/nordlinepaadid.ee\/wp-content\/uploads\/2023\/03\/3895_KEELSHIEL_-_MUST_-_3.jpg\" \/>\n\t<meta property=\"og:image:width\" content=\"500\" \/>\n\t<meta property=\"og:image:height\" content=\"500\" \/>\n\t<meta property=\"og:image:type\" content=\"image\/jpeg\" \/>\n<meta name=\"twitter:card\" content=\"summary_large_image\" \/>\n<script type=\"application\/ld+json\" class=\"yoast-schema-graph\">{\"@context\":\"https:\\\/\\\/schema.org\",\"@graph\":[{\"@type\":\"WebPage\",\"@id\":\"https:\\\/\\\/nordlinepaadid.ee\\\/et\\\/pood\\\/ru-boat-care-and-maintenance\\\/ru-sealing-adhesives-tapes-insulating\\\/kiilukaitse-keelshield-184-cm-must\\\/\",\"url\":\"https:\\\/\\\/nordlinepaadid.ee\\\/et\\\/pood\\\/ru-boat-care-and-maintenance\\\/ru-sealing-adhesives-tapes-insulating\\\/kiilukaitse-keelshield-184-cm-must\\\/\",\"name\":\"KIILUKAITSE- KEELSHIELD, 184 cm, MUST - NORDLINE s\u00f5udepaadid ja mootorpaadid. Klaasfiiber materjalist.\",\"isPartOf\":{\"@id\":\"https:\\\/\\\/nordlinepaadid.ee\\\/et\\\/#website\"},\"primaryImageOfPage\":{\"@id\":\"https:\\\/\\\/nordlinepaadid.ee\\\/et\\\/pood\\\/ru-boat-care-and-maintenance\\\/ru-sealing-adhesives-tapes-insulating\\\/kiilukaitse-keelshield-184-cm-must\\\/#primaryimage\"},\"image\":{\"@id\":\"https:\\\/\\\/nordlinepaadid.ee\\\/et\\\/pood\\\/ru-boat-care-and-maintenance\\\/ru-sealing-adhesives-tapes-insulating\\\/kiilukaitse-keelshield-184-cm-must\\\/#primaryimage\"},\"thumbnailUrl\":\"https:\\\/\\\/nordlinepaadid.ee\\\/wp-content\\\/uploads\\\/2023\\\/03\\\/3895_KEELSHIEL_-_MUST_-_3.jpg\",\"datePublished\":\"2026-04-07T00:12:05+00:00\",\"dateModified\":\"2026-04-07T21:03:34+00:00\",\"breadcrumb\":{\"@id\":\"https:\\\/\\\/nordlinepaadid.ee\\\/et\\\/pood\\\/ru-boat-care-and-maintenance\\\/ru-sealing-adhesives-tapes-insulating\\\/kiilukaitse-keelshield-184-cm-must\\\/#breadcrumb\"},\"inLanguage\":\"et\",\"potentialAction\":[{\"@type\":\"ReadAction\",\"target\":[\"https:\\\/\\\/nordlinepaadid.ee\\\/et\\\/pood\\\/ru-boat-care-and-maintenance\\\/ru-sealing-adhesives-tapes-insulating\\\/kiilukaitse-keelshield-184-cm-must\\\/\"]}]},{\"@type\":\"ImageObject\",\"inLanguage\":\"et\",\"@id\":\"https:\\\/\\\/nordlinepaadid.ee\\\/et\\\/pood\\\/ru-boat-care-and-maintenance\\\/ru-sealing-adhesives-tapes-insulating\\\/kiilukaitse-keelshield-184-cm-must\\\/#primaryimage\",\"url\":\"https:\\\/\\\/nordlinepaadid.ee\\\/wp-content\\\/uploads\\\/2023\\\/03\\\/3895_KEELSHIEL_-_MUST_-_3.jpg\",\"contentUrl\":\"https:\\\/\\\/nordlinepaadid.ee\\\/wp-content\\\/uploads\\\/2023\\\/03\\\/3895_KEELSHIEL_-_MUST_-_3.jpg\",\"width\":500,\"height\":500},{\"@type\":\"BreadcrumbList\",\"@id\":\"https:\\\/\\\/nordlinepaadid.ee\\\/et\\\/pood\\\/ru-boat-care-and-maintenance\\\/ru-sealing-adhesives-tapes-insulating\\\/kiilukaitse-keelshield-184-cm-must\\\/#breadcrumb\",\"itemListElement\":[{\"@type\":\"ListItem\",\"position\":1,\"name\":\"Home\",\"item\":\"https:\\\/\\\/nordlinepaadid.ee\\\/et\\\/\"},{\"@type\":\"ListItem\",\"position\":2,\"name\":\"Pood\",\"item\":\"https:\\\/\\\/nordlinepaadid.ee\\\/et\\\/pood\\\/\"},{\"@type\":\"ListItem\",\"position\":3,\"name\":\"KIILUKAITSE- KEELSHIELD, 184 cm, MUST\"}]},{\"@type\":\"WebSite\",\"@id\":\"https:\\\/\\\/nordlinepaadid.ee\\\/et\\\/#website\",\"url\":\"https:\\\/\\\/nordlinepaadid.ee\\\/et\\\/\",\"name\":\"NORDLINE s\u00f5udepaadid ja mootorpaadid. Klaasfiiber materjalist.\",\"description\":\"\",\"publisher\":{\"@id\":\"https:\\\/\\\/nordlinepaadid.ee\\\/et\\\/#organization\"},\"potentialAction\":[{\"@type\":\"SearchAction\",\"target\":{\"@type\":\"EntryPoint\",\"urlTemplate\":\"https:\\\/\\\/nordlinepaadid.ee\\\/et\\\/?s={search_term_string}\"},\"query-input\":{\"@type\":\"PropertyValueSpecification\",\"valueRequired\":true,\"valueName\":\"search_term_string\"}}],\"inLanguage\":\"et\"},{\"@type\":\"Organization\",\"@id\":\"https:\\\/\\\/nordlinepaadid.ee\\\/et\\\/#organization\",\"name\":\"Nordlineboats\",\"url\":\"https:\\\/\\\/nordlinepaadid.ee\\\/et\\\/\",\"logo\":{\"@type\":\"ImageObject\",\"inLanguage\":\"et\",\"@id\":\"https:\\\/\\\/nordlinepaadid.ee\\\/et\\\/#\\\/schema\\\/logo\\\/image\\\/\",\"url\":\"https:\\\/\\\/nordlinepaadid.ee\\\/wp-content\\\/uploads\\\/2023\\\/01\\\/fulllogo_transparent_nobuffer-e1672750475494.png\",\"contentUrl\":\"https:\\\/\\\/nordlinepaadid.ee\\\/wp-content\\\/uploads\\\/2023\\\/01\\\/fulllogo_transparent_nobuffer-e1672750475494.png\",\"width\":150,\"height\":119,\"caption\":\"Nordlineboats\"},\"image\":{\"@id\":\"https:\\\/\\\/nordlinepaadid.ee\\\/et\\\/#\\\/schema\\\/logo\\\/image\\\/\"},\"sameAs\":[\"https:\\\/\\\/www.facebook.com\\\/nordlineboats\",\"https:\\\/\\\/www.youtube.com\\\/channel\\\/UCbgF0fy02y3QkFnujaLTaCA\"]}]}<\/script>\n<!-- \/ Yoast SEO plugin. -->","yoast_head_json":{"title":"KIILUKAITSE- KEELSHIELD, 184 cm, MUST - NORDLINE s\u00f5udepaadid ja mootorpaadid. Klaasfiiber materjalist.","robots":{"index":"index","follow":"follow","max-snippet":"max-snippet:-1","max-image-preview":"max-image-preview:large","max-video-preview":"max-video-preview:-1"},"canonical":"https:\/\/nordlinepaadid.ee\/et\/pood\/ru-boat-care-and-maintenance\/ru-sealing-adhesives-tapes-insulating\/kiilukaitse-keelshield-184-cm-must\/","og_locale":"et_EE","og_type":"article","og_title":"KIILUKAITSE- KEELSHIELD, 184 cm, MUST - NORDLINE s\u00f5udepaadid ja mootorpaadid. Klaasfiiber materjalist.","og_description":"KeelShield kiilukaitse on valmistatud UV-kindlast uretaan-kummist, mis kinnitub paadikorpusele \u00fclitugeva 3M merekindla liimiga. Seda on v\u00e4ga lihtne paigaldada ja KeelShield kiilukaitse ennetab paadikerel tekkida v\u00f5ivad gelcoat- ja pinnakahjustused, mille likvideerimine on juba kulukas ja aegan\u00f5udev. KeelShield kiilukaitse sobib paigaldamiseks plastik-, alumiinium- ja puitpaatidele. Samuti on v\u00f5imalik seda kasutada ka jettidel. Valmistatud USA-s. Eluaegne garantii. Pikkus:...","og_url":"https:\/\/nordlinepaadid.ee\/et\/pood\/ru-boat-care-and-maintenance\/ru-sealing-adhesives-tapes-insulating\/kiilukaitse-keelshield-184-cm-must\/","og_site_name":"NORDLINE s\u00f5udepaadid ja mootorpaadid. Klaasfiiber materjalist.","article_publisher":"https:\/\/www.facebook.com\/nordlineboats","article_modified_time":"2026-04-07T21:03:34+00:00","og_image":[{"width":500,"height":500,"url":"https:\/\/nordlinepaadid.ee\/wp-content\/uploads\/2023\/03\/3895_KEELSHIEL_-_MUST_-_3.jpg","type":"image\/jpeg"}],"twitter_card":"summary_large_image","schema":{"@context":"https:\/\/schema.org","@graph":[{"@type":"WebPage","@id":"https:\/\/nordlinepaadid.ee\/et\/pood\/ru-boat-care-and-maintenance\/ru-sealing-adhesives-tapes-insulating\/kiilukaitse-keelshield-184-cm-must\/","url":"https:\/\/nordlinepaadid.ee\/et\/pood\/ru-boat-care-and-maintenance\/ru-sealing-adhesives-tapes-insulating\/kiilukaitse-keelshield-184-cm-must\/","name":"KIILUKAITSE- KEELSHIELD, 184 cm, MUST - NORDLINE s\u00f5udepaadid ja mootorpaadid. Klaasfiiber materjalist.","isPartOf":{"@id":"https:\/\/nordlinepaadid.ee\/et\/#website"},"primaryImageOfPage":{"@id":"https:\/\/nordlinepaadid.ee\/et\/pood\/ru-boat-care-and-maintenance\/ru-sealing-adhesives-tapes-insulating\/kiilukaitse-keelshield-184-cm-must\/#primaryimage"},"image":{"@id":"https:\/\/nordlinepaadid.ee\/et\/pood\/ru-boat-care-and-maintenance\/ru-sealing-adhesives-tapes-insulating\/kiilukaitse-keelshield-184-cm-must\/#primaryimage"},"thumbnailUrl":"https:\/\/nordlinepaadid.ee\/wp-content\/uploads\/2023\/03\/3895_KEELSHIEL_-_MUST_-_3.jpg","datePublished":"2026-04-07T00:12:05+00:00","dateModified":"2026-04-07T21:03:34+00:00","breadcrumb":{"@id":"https:\/\/nordlinepaadid.ee\/et\/pood\/ru-boat-care-and-maintenance\/ru-sealing-adhesives-tapes-insulating\/kiilukaitse-keelshield-184-cm-must\/#breadcrumb"},"inLanguage":"et","potentialAction":[{"@type":"ReadAction","target":["https:\/\/nordlinepaadid.ee\/et\/pood\/ru-boat-care-and-maintenance\/ru-sealing-adhesives-tapes-insulating\/kiilukaitse-keelshield-184-cm-must\/"]}]},{"@type":"ImageObject","inLanguage":"et","@id":"https:\/\/nordlinepaadid.ee\/et\/pood\/ru-boat-care-and-maintenance\/ru-sealing-adhesives-tapes-insulating\/kiilukaitse-keelshield-184-cm-must\/#primaryimage","url":"https:\/\/nordlinepaadid.ee\/wp-content\/uploads\/2023\/03\/3895_KEELSHIEL_-_MUST_-_3.jpg","contentUrl":"https:\/\/nordlinepaadid.ee\/wp-content\/uploads\/2023\/03\/3895_KEELSHIEL_-_MUST_-_3.jpg","width":500,"height":500},{"@type":"BreadcrumbList","@id":"https:\/\/nordlinepaadid.ee\/et\/pood\/ru-boat-care-and-maintenance\/ru-sealing-adhesives-tapes-insulating\/kiilukaitse-keelshield-184-cm-must\/#breadcrumb","itemListElement":[{"@type":"ListItem","position":1,"name":"Home","item":"https:\/\/nordlinepaadid.ee\/et\/"},{"@type":"ListItem","position":2,"name":"Pood","item":"https:\/\/nordlinepaadid.ee\/et\/pood\/"},{"@type":"ListItem","position":3,"name":"KIILUKAITSE- KEELSHIELD, 184 cm, MUST"}]},{"@type":"WebSite","@id":"https:\/\/nordlinepaadid.ee\/et\/#website","url":"https:\/\/nordlinepaadid.ee\/et\/","name":"NORDLINE s\u00f5udepaadid ja mootorpaadid. Klaasfiiber materjalist.","description":"","publisher":{"@id":"https:\/\/nordlinepaadid.ee\/et\/#organization"},"potentialAction":[{"@type":"SearchAction","target":{"@type":"EntryPoint","urlTemplate":"https:\/\/nordlinepaadid.ee\/et\/?s={search_term_string}"},"query-input":{"@type":"PropertyValueSpecification","valueRequired":true,"valueName":"search_term_string"}}],"inLanguage":"et"},{"@type":"Organization","@id":"https:\/\/nordlinepaadid.ee\/et\/#organization","name":"Nordlineboats","url":"https:\/\/nordlinepaadid.ee\/et\/","logo":{"@type":"ImageObject","inLanguage":"et","@id":"https:\/\/nordlinepaadid.ee\/et\/#\/schema\/logo\/image\/","url":"https:\/\/nordlinepaadid.ee\/wp-content\/uploads\/2023\/01\/fulllogo_transparent_nobuffer-e1672750475494.png","contentUrl":"https:\/\/nordlinepaadid.ee\/wp-content\/uploads\/2023\/01\/fulllogo_transparent_nobuffer-e1672750475494.png","width":150,"height":119,"caption":"Nordlineboats"},"image":{"@id":"https:\/\/nordlinepaadid.ee\/et\/#\/schema\/logo\/image\/"},"sameAs":["https:\/\/www.facebook.com\/nordlineboats","https:\/\/www.youtube.com\/channel\/UCbgF0fy02y3QkFnujaLTaCA"]}]}},"taxonomy_info":{"product_cat":[{"value":287,"label":"Liimid, Silikoonid, Teibid, Isolatsioon"},{"value":284,"label":"PAADIHOOLDUSVAHENDID"},{"value":836,"label":"\u041a\u043b\u0435\u0439, \u0421\u0438\u043b\u0438\u043a\u043e\u043d\u044b, \u041b\u0435\u043d\u0442\u044b, \u0418\u0437\u043e\u043b\u044f\u0446\u0438\u044f"}],"pa_color":[{"value":684,"label":"Must"}],"pa_producer":[{"value":535,"label":"Gator Guards"}],"pa_unit":[{"value":416,"label":"pcs"}]},"featured_image_src_large":["https:\/\/nordlinepaadid.ee\/wp-content\/uploads\/2023\/03\/3895_KEELSHIEL_-_MUST_-_3.jpg",500,500,false],"author_info":[],"comment_info":"","_links":{"self":[{"href":"https:\/\/nordlinepaadid.ee\/et\/wp-json\/wp\/v2\/product\/39054","targetHints":{"allow":["GET"]}}],"collection":[{"href":"https:\/\/nordlinepaadid.ee\/et\/wp-json\/wp\/v2\/product"}],"about":[{"href":"https:\/\/nordlinepaadid.ee\/et\/wp-json\/wp\/v2\/types\/product"}],"wp:featuredmedia":[{"embeddable":true,"href":"https:\/\/nordlinepaadid.ee\/et\/wp-json\/wp\/v2\/media\/20890"}],"wp:attachment":[{"href":"https:\/\/nordlinepaadid.ee\/et\/wp-json\/wp\/v2\/media?parent=39054"}],"wp:term":[{"taxonomy":"product_brand","embeddable":true,"href":"https:\/\/nordlinepaadid.ee\/et\/wp-json\/wp\/v2\/product_brand?post=39054"},{"taxonomy":"product_cat","embeddable":true,"href":"https:\/\/nordlinepaadid.ee\/et\/wp-json\/wp\/v2\/product_cat?post=39054"},{"taxonomy":"product_tag","embeddable":true,"href":"https:\/\/nordlinepaadid.ee\/et\/wp-json\/wp\/v2\/product_tag?post=39054"}],"curies":[{"name":"wp","href":"https:\/\/api.w.org\/{rel}","templated":true}]}}