{"id":39082,"date":"2026-04-07T03:12:09","date_gmt":"2026-04-07T00:12:09","guid":{"rendered":"https:\/\/nordlinepaadid.ee\/toode\/maaratlemata\/ujuvulikond-fladen-845-s\/"},"modified":"2026-04-08T00:00:57","modified_gmt":"2026-04-07T21:00:57","slug":"ujuvulikond-fladen-845-s","status":"publish","type":"product","link":"https:\/\/nordlinepaadid.ee\/et\/pood\/marine-clothing-and-shoes\/drysuits-fisherman-suits-flotation-suits\/ujuvulikond-fladen-845-s\/","title":{"rendered":"UJUV\u00dcLIKOND- FLADEN 845, S"},"content":{"rendered":"<p>Elup\u00e4\u00e4stev, standarditele vastav ja kergeim turul saadaolev ujuv\u00fclikond. Kvaliteet detailides. ISO 15027-1 vee\u00fclikonna standardile vastav, mis t\u00e4hendab, et \u00fclikond kaitseb ka k\u00fclma vee eest (erinevalt ainult veepeal hoidvatest \u00fclikondadest).<\/p>\n<p>&#13;<\/p>\n<table border=\"1\" cellpadding=\"1\" cellspacing=\"1\" style=\"font-size:11.8181819915771px; width:400px\">&#13;<\/p>\n<caption>&#13;<\/p>\n<p style=\"text-align:left\"><strong>Fladeni jopede, p\u00fckside ja ujuv\u00fclikondade suuruste tabel<\/strong><\/p>\n<p>&#13;<br \/>\n&#13;<\/p>\n<p style=\"text-align:left\">&nbsp;<\/p>\n<p>&#13;<br \/>\n\t<\/caption>\n<p>&#13;<\/p>\n<thead>&#13;<\/p>\n<tr>&#13;<\/p>\n<th scope=\"col\" style=\"background-color:rgb(14, 119, 199)\"><span style=\"color:rgb(255, 255, 255)\">Suurus<\/span><\/th>\n<p>&#13;<\/p>\n<th scope=\"col\" style=\"background-color:rgb(14, 119, 199)\"><span style=\"color:rgb(255, 255, 255)\">Kaal<\/span><\/th>\n<p>&#13;<\/p>\n<th scope=\"col\" style=\"background-color:rgb(14, 119, 199)\"><span style=\"color:rgb(255, 255, 255)\">Pikkus<\/span><\/th>\n<p>&#13;<br \/>\n\t\t<\/tr>\n<p>&#13;\n\t<\/thead>\n<p>&#13;<\/p>\n<tbody>&#13;<\/p>\n<tr>&#13;<\/p>\n<td style=\"text-align:center\">XXS<\/td>\n<p>&#13;<\/p>\n<td style=\"text-align:center\">40-60 kg<\/td>\n<p>&#13;<\/p>\n<td style=\"text-align:center\">140-153 cm<\/td>\n<p>&#13;<br \/>\n\t\t<\/tr>\n<p>&#13;<\/p>\n<tr>&#13;<\/p>\n<td style=\"text-align:center\">XS<\/td>\n<p>&#13;<\/p>\n<td style=\"text-align:center\">50-70 kg<\/td>\n<p>&#13;<\/p>\n<td style=\"text-align:center\">153-160 cm<\/td>\n<p>&#13;<br \/>\n\t\t<\/tr>\n<p>&#13;<\/p>\n<tr>&#13;<\/p>\n<td style=\"text-align:center\">S<\/td>\n<p>&#13;<\/p>\n<td style=\"text-align:center\">50-70 kg<\/td>\n<p>&#13;<\/p>\n<td style=\"text-align:center\">160-167 cm<\/td>\n<p>&#13;<br \/>\n\t\t<\/tr>\n<p>&#13;<\/p>\n<tr>&#13;<\/p>\n<td style=\"text-align:center\">M<\/td>\n<p>&#13;<\/p>\n<td style=\"text-align:center\">70-90 kg<\/td>\n<p>&#13;<\/p>\n<td style=\"text-align:center\">167-175 cm<\/td>\n<p>&#13;<br \/>\n\t\t<\/tr>\n<p>&#13;<\/p>\n<tr>&#13;<\/p>\n<td style=\"text-align:center\">L<\/td>\n<p>&#13;<\/p>\n<td style=\"text-align:center\">80-100 kg<\/td>\n<p>&#13;<\/p>\n<td style=\"text-align:center\">176-183 cm<\/td>\n<p>&#13;<br \/>\n\t\t<\/tr>\n<p>&#13;<\/p>\n<tr>&#13;<\/p>\n<td style=\"text-align:center\">XL<\/td>\n<p>&#13;<\/p>\n<td style=\"text-align:center\">90-110 kg<\/td>\n<p>&#13;<\/p>\n<td style=\"text-align:center\">184-190 cm<\/td>\n<p>&#13;<br \/>\n\t\t<\/tr>\n<p>&#13;<\/p>\n<tr>&#13;<\/p>\n<td style=\"text-align:center\">XXL<\/td>\n<p>&#13;<\/p>\n<td style=\"text-align:center\">90-135 kg<\/td>\n<p>&#13;<\/p>\n<td style=\"text-align:center\">190-198 cm<\/td>\n<p>&#13;<br \/>\n\t\t<\/tr>\n<p>&#13;<br \/>\n\t<\/tbody>\n<p>&#13;<br \/>\n<\/table>\n<p>&#13;<br \/>\n&#13;<\/p>\n<p>&nbsp;<\/p>\n<p>&#13;<br \/>\n&#13;<\/p>\n<p>&nbsp;<\/p>\n<p>&#13;<br \/>\n&#13;<\/p>\n<table border=\"1\" cellpadding=\"0\" cellspacing=\"1\" style=\"font-size:11.8181819915771px; width:400px\">&#13;<\/p>\n<caption>&#13;<\/p>\n<p style=\"text-align:left\"><strong>Vee\u00fclikondade ujuvus njuutonites (\u00fche- ja kaheosalised)<\/strong><\/p>\n<p>&#13;<br \/>\n&#13;<\/p>\n<p>&nbsp;<\/p>\n<p>&#13;<br \/>\n\t<\/caption>\n<p>&#13;<\/p>\n<thead>&#13;<\/p>\n<tr>&#13;<\/p>\n<th style=\"background-color:rgb(14, 119, 199)\">&#13;<\/p>\n<p><span style=\"color:rgb(255, 255, 255)\">&nbsp; &nbsp; Suurus &nbsp;&nbsp;<\/span><\/p>\n<p>&#13;\n\t\t\t<\/th>\n<p>&#13;<\/p>\n<th style=\"background-color:rgb(246, 142, 39)\">&#13;<\/p>\n<p><span style=\"color:rgb(255, 255, 255)\">Fladeni ujuvus<\/span><\/p>\n<p>&#13;\n\t\t\t<\/th>\n<p>&#13;<\/p>\n<th style=\"background-color:rgb(237, 28, 36)\">&#13;<\/p>\n<p><span style=\"color:rgb(255, 255, 255)\">&nbsp;EN 393 standard<\/span><\/p>\n<p>&#13;\n\t\t\t<\/th>\n<p>&#13;<br \/>\n\t\t<\/tr>\n<p>&#13;\n\t<\/thead>\n<p>&#13;<\/p>\n<tbody>&#13;<\/p>\n<tr>&#13;<\/p>\n<td>&#13;<\/p>\n<p style=\"text-align:center\">XXS<\/p>\n<p>&#13;\n\t\t\t<\/td>\n<p>&#13;<\/p>\n<td>&#13;<\/p>\n<p style=\"text-align:center\">52 N<\/p>\n<p>&#13;\n\t\t\t<\/td>\n<p>&#13;<\/p>\n<td>&#13;<\/p>\n<p style=\"text-align:center\">40 N<\/p>\n<p>&#13;\n\t\t\t<\/td>\n<p>&#13;<br \/>\n\t\t<\/tr>\n<p>&#13;<\/p>\n<tr>&#13;<\/p>\n<td>&#13;<\/p>\n<p style=\"text-align:center\">XS<\/p>\n<p>&#13;\n\t\t\t<\/td>\n<p>&#13;<\/p>\n<td>&#13;<\/p>\n<p style=\"text-align:center\">60 N<\/p>\n<p>&#13;\n\t\t\t<\/td>\n<p>&#13;<\/p>\n<td>&#13;<\/p>\n<p style=\"text-align:center\">40 N<\/p>\n<p>&#13;\n\t\t\t<\/td>\n<p>&#13;<br \/>\n\t\t<\/tr>\n<p>&#13;<\/p>\n<tr>&#13;<\/p>\n<td>&#13;<\/p>\n<p style=\"text-align:center\">S<\/p>\n<p>&#13;\n\t\t\t<\/td>\n<p>&#13;<\/p>\n<td>&#13;<\/p>\n<p style=\"text-align:center\">69 N<\/p>\n<p>&#13;\n\t\t\t<\/td>\n<p>&#13;<\/p>\n<td>&#13;<\/p>\n<p style=\"text-align:center\">40 N<\/p>\n<p>&#13;\n\t\t\t<\/td>\n<p>&#13;<br \/>\n\t\t<\/tr>\n<p>&#13;<\/p>\n<tr>&#13;<\/p>\n<td>&#13;<\/p>\n<p style=\"text-align:center\">M<\/p>\n<p>&#13;\n\t\t\t<\/td>\n<p>&#13;<\/p>\n<td>&#13;<\/p>\n<p style=\"text-align:center\">75 N<\/p>\n<p>&#13;\n\t\t\t<\/td>\n<p>&#13;<\/p>\n<td>&#13;<\/p>\n<p style=\"text-align:center\">50 N<\/p>\n<p>&#13;\n\t\t\t<\/td>\n<p>&#13;<br \/>\n\t\t<\/tr>\n<p>&#13;<\/p>\n<tr>&#13;<\/p>\n<td>&#13;<\/p>\n<p style=\"text-align:center\">L<\/p>\n<p>&#13;\n\t\t\t<\/td>\n<p>&#13;<\/p>\n<td>&#13;<\/p>\n<p style=\"text-align:center\">82 N<\/p>\n<p>&#13;\n\t\t\t<\/td>\n<p>&#13;<\/p>\n<td>&#13;<\/p>\n<p style=\"text-align:center\">50 N<\/p>\n<p>&#13;\n\t\t\t<\/td>\n<p>&#13;<br \/>\n\t\t<\/tr>\n<p>&#13;<\/p>\n<tr>&#13;<\/p>\n<td>&#13;<\/p>\n<p style=\"text-align:center\">XL<\/p>\n<p>&#13;\n\t\t\t<\/td>\n<p>&#13;<\/p>\n<td>&#13;<\/p>\n<p style=\"text-align:center\">88 N<\/p>\n<p>&#13;\n\t\t\t<\/td>\n<p>&#13;<\/p>\n<td>&#13;<\/p>\n<p style=\"text-align:center\">50 N<\/p>\n<p>&#13;\n\t\t\t<\/td>\n<p>&#13;<br \/>\n\t\t<\/tr>\n<p>&#13;<\/p>\n<tr>&#13;<\/p>\n<td>&#13;<\/p>\n<p style=\"text-align:center\">XXL<\/p>\n<p>&#13;\n\t\t\t<\/td>\n<p>&#13;<\/p>\n<td>&#13;<\/p>\n<p style=\"text-align:center\">109 N<\/p>\n<p>&#13;\n\t\t\t<\/td>\n<p>&#13;<\/p>\n<td>&#13;<\/p>\n<p style=\"text-align:center\">50 N<\/p>\n<p>&#13;\n\t\t\t<\/td>\n<p>&#13;<br \/>\n\t\t<\/tr>\n<p>&#13;<\/p>\n<tr>&#13;<\/p>\n<td>&#13;<\/p>\n<p style=\"text-align:center\">XXLS<\/p>\n<p>&#13;\n\t\t\t<\/td>\n<p>&#13;<\/p>\n<td>&#13;<\/p>\n<p style=\"text-align:center\">100 N<\/p>\n<p>&#13;\n\t\t\t<\/td>\n<p>&#13;<\/p>\n<td>&#13;<\/p>\n<p style=\"text-align:center\">50 N<\/p>\n<p>&#13;\n\t\t\t<\/td>\n<p>&#13;<br \/>\n\t\t<\/tr>\n<p>&#13;<br \/>\n\t<\/tbody>\n<p>&#13;<br \/>\n<\/table>\n<p>&#13;<br \/>\n&#13;<\/p>\n<p>&nbsp;<\/p>\n<p>&#13;<br \/>\n&#13;<\/p>\n<p>&nbsp;<\/p>\n<p>&#13;<br \/>\n&#13;<\/p>\n<table border=\"1\" cellpadding=\"1\" cellspacing=\"1\" style=\"font-size:11.8181819915771px; width:400px\">&#13;<\/p>\n<caption>&#13;<\/p>\n<p style=\"text-align:left\"><strong>Vee\u00fclikonna standard ja Fladeni vee\u00fclikondade testi tulemused<\/strong><\/p>\n<p>&#13;<br \/>\n&#13;<\/p>\n<p style=\"text-align:left\">&nbsp;<\/p>\n<p>&#13;<br \/>\n\t<\/caption>\n<p>&#13;<\/p>\n<tbody>&#13;<\/p>\n<tr>&#13;<\/p>\n<td style=\"background-color:rgb(14, 119, 199)\">&#13;<\/p>\n<p style=\"text-align:center\"><span style=\"color:rgb(255, 255, 255)\"><strong>Minutid<\/strong><\/span><\/p>\n<p>&#13;<br \/>\n&#13;<\/p>\n<p style=\"text-align:center\"><span style=\"color:rgb(255, 255, 255)\"><strong>5<\/strong><strong>\u00b0C&nbsp;<\/strong><strong>vees<\/strong><\/span><\/p>\n<p>&#13;\n\t\t\t<\/td>\n<p>&#13;<\/p>\n<td style=\"background-color:rgb(83, 87, 92); text-align:center; width:90px\"><span style=\"color:rgb(255, 255, 255)\"><strong>Kehatemperatuur vee\u00fclikonnata<\/strong><\/span><\/td>\n<p>&#13;<\/p>\n<td style=\"background-color:rgb(246, 142, 39)\">&#13;<\/p>\n<p style=\"text-align:center\"><span style=\"color:rgb(255, 255, 255)\"><strong>Kehatemperatuur<\/strong><\/span><\/p>\n<p>&#13;<br \/>\n&#13;<\/p>\n<p style=\"text-align:center\"><span style=\"color:rgb(255, 255, 255)\"><strong>Fladeni vee\u00fclikonas<\/strong><\/span><\/p>\n<p>&#13;\n\t\t\t<\/td>\n<p>&#13;<\/p>\n<td style=\"background-color:rgb(237, 28, 36); text-align:center\"><span style=\"color:rgb(255, 255, 255)\"><strong>&nbsp;ISO 15027-1 n\u00f5uded<br \/>&#13;<br \/>\n\t\t\tvee\u00fclikondadele<\/strong><\/span><\/td>\n<p>&#13;<br \/>\n\t\t<\/tr>\n<p>&#13;<\/p>\n<tr>&#13;<\/p>\n<td style=\"text-align:center\">0<\/td>\n<p>&#13;<\/p>\n<td style=\"text-align:center\"><span style=\"font-size:11.8181819915771px\">37,6\u00b0C<\/span><\/td>\n<p>&#13;<\/p>\n<td style=\"text-align:center\"><span style=\"font-size:11.8181819915771px\">37,6\u00b0C<\/span><\/td>\n<p>&#13;<\/p>\n<td style=\"text-align:center\"><span style=\"font-size:11.8181819915771px\">37,6\u00b0C<\/span><\/td>\n<p>&#13;<br \/>\n\t\t<\/tr>\n<p>&#13;<\/p>\n<tr>&#13;<\/p>\n<td style=\"text-align:center\">20<\/td>\n<p>&#13;<\/p>\n<td style=\"text-align:center\"><span style=\"font-size:11.8181819915771px\">35,2\u00b0C<\/span><\/td>\n<p>&#13;<\/p>\n<td style=\"text-align:center\"><span style=\"font-size:11.8181819915771px\">37,3\u00b0C<\/span><\/td>\n<p>&#13;<\/p>\n<td style=\"text-align:center\"><span style=\"font-size:11.8181819915771px\">37\u00b0C<\/span><\/td>\n<p>&#13;<br \/>\n\t\t<\/tr>\n<p>&#13;<\/p>\n<tr>&#13;<\/p>\n<td style=\"text-align:center\">40<\/td>\n<p>&#13;<\/p>\n<td style=\"text-align:center\"><span style=\"font-size:11.8181819915771px\">34\u00b0C<\/span><\/td>\n<p>&#13;<\/p>\n<td style=\"text-align:center\"><span style=\"font-size:11.8181819915771px\">36,8\u00b0C<\/span><\/td>\n<p>&#13;<\/p>\n<td style=\"text-align:center\"><span style=\"font-size:11.8181819915771px\">36,2\u00b0C<\/span><\/td>\n<p>&#13;<br \/>\n\t\t<\/tr>\n<p>&#13;<\/p>\n<tr>&#13;<\/p>\n<td style=\"text-align:center\">60<\/td>\n<p>&#13;<\/p>\n<td style=\"text-align:center\"><span style=\"font-size:11.8181819915771px\">34\u00b0C<\/span><\/td>\n<p>&#13;<\/p>\n<td style=\"text-align:center\"><span style=\"font-size:11.8181819915771px\">36,2\u00b0C<\/span><\/td>\n<p>&#13;<\/p>\n<td style=\"text-align:center\"><span style=\"font-size:11.8181819915771px\">35,4\u00b0C<\/span><\/td>\n<p>&#13;<br \/>\n\t\t<\/tr>\n<p>&#13;<\/p>\n<tr>&#13;<\/p>\n<td style=\"background-color:rgb(237, 28, 36); text-align:center\"><span style=\"color:rgb(255, 255, 255)\"><strong>Eluohtlik<\/strong><\/span><\/td>\n<p>&#13;<\/p>\n<td style=\"background-color:rgb(237, 28, 36); text-align:center\"><span style=\"color:rgb(255, 255, 255)\"><strong>34\u00b0C<\/strong><\/span><\/td>\n<p>&#13;<br \/>\n\t\t<\/tr>\n<p>&#13;<br \/>\n\t<\/tbody>\n<p>&#13;<br \/>\n<\/table>\n<p>&#13;<br \/>\n&#13;<\/p>\n<p>&nbsp;<\/p>\n<p>&#13;<br \/>\n&#13;<\/p>\n<p>&nbsp; &nbsp; &nbsp; &nbsp; &nbsp; &nbsp; &nbsp;&nbsp;<\/p>\n<p>&#13;<\/p>\n","protected":false},"excerpt":{"rendered":"<p>Elup\u00e4\u00e4stev, standarditele vastav ja kergeim turul saadaolev ujuv\u00fclikond. Kvaliteet detailides. ISO 15027-1 vee\u00fclikonna standardile vastav, mis t\u00e4hendab, et \u00fclikond kaitseb ka k\u00fclma vee eest (erinevalt ainult veepeal hoidvatest \u00fclikondadest). &#13; &#13; &#13; Fladeni jopede, p\u00fckside ja ujuv\u00fclikondade suuruste tabel &#13; &#13; &nbsp; &#13; &#13; &#13; &#13; Suurus &#13; Kaal &#13; Pikkus &#13; &#13; &#13; &#13;&#8230;<\/p>\n","protected":false},"featured_media":20968,"template":"","meta":{"_kad_blocks_custom_css":"","_kad_blocks_head_custom_js":"","_kad_blocks_body_custom_js":"","_kad_blocks_footer_custom_js":"","_kad_post_transparent":"","_kad_post_title":"","_kad_post_layout":"","_kad_post_sidebar_id":"","_kad_post_content_style":"","_kad_post_vertical_padding":"","_kad_post_feature":"","_kad_post_feature_position":"","_kad_post_header":false,"_kad_post_footer":false,"_kad_post_classname":""},"product_brand":[],"product_cat":[328,232,408],"product_tag":[],"class_list":{"0":"post-39082","1":"product","2":"type-product","3":"status-publish","4":"has-post-thumbnail","6":"product_cat-drysuits-fisherman-suits-flotation-suits","7":"product_cat-marine-clothing-and-shoes","8":"product_cat-talikalastus","9":"pa_color-kollane-hall","10":"pa_producer-fladen","11":"pa_unit-pcs","12":"tm-no-options","14":"first","15":"onbackorder","16":"taxable","17":"shipping-taxable","18":"purchasable","19":"product-type-simple","20":"entry","21":"content-bg","22":"loop-entry"},"yoast_head":"<!-- This site is optimized with the Yoast SEO plugin v27.3 - https:\/\/yoast.com\/product\/yoast-seo-wordpress\/ -->\n<title>UJUV\u00dcLIKOND- FLADEN 845, S - NORDLINE s\u00f5udepaadid ja mootorpaadid. Klaasfiiber materjalist.<\/title>\n<meta name=\"robots\" content=\"index, follow, max-snippet:-1, max-image-preview:large, max-video-preview:-1\" \/>\n<link rel=\"canonical\" href=\"https:\/\/nordlinepaadid.ee\/et\/pood\/marine-clothing-and-shoes\/drysuits-fisherman-suits-flotation-suits\/ujuvulikond-fladen-845-s\/\" \/>\n<meta property=\"og:locale\" content=\"et_EE\" \/>\n<meta property=\"og:type\" content=\"article\" \/>\n<meta property=\"og:title\" content=\"UJUV\u00dcLIKOND- FLADEN 845, S - NORDLINE s\u00f5udepaadid ja mootorpaadid. Klaasfiiber materjalist.\" \/>\n<meta property=\"og:description\" content=\"Elup\u00e4\u00e4stev, standarditele vastav ja kergeim turul saadaolev ujuv\u00fclikond. Kvaliteet detailides. ISO 15027-1 vee\u00fclikonna standardile vastav, mis t\u00e4hendab, et \u00fclikond kaitseb ka k\u00fclma vee eest (erinevalt ainult veepeal hoidvatest \u00fclikondadest). &#013; &#013; &#013; Fladeni jopede, p\u00fckside ja ujuv\u00fclikondade suuruste tabel &#013; &#013; &nbsp; &#013; &#013; &#013; &#013; Suurus &#013; Kaal &#013; Pikkus &#013; &#013; &#013; &#013;...\" \/>\n<meta property=\"og:url\" content=\"https:\/\/nordlinepaadid.ee\/et\/pood\/marine-clothing-and-shoes\/drysuits-fisherman-suits-flotation-suits\/ujuvulikond-fladen-845-s\/\" \/>\n<meta property=\"og:site_name\" content=\"NORDLINE s\u00f5udepaadid ja mootorpaadid. Klaasfiiber materjalist.\" \/>\n<meta property=\"article:publisher\" content=\"https:\/\/www.facebook.com\/nordlineboats\" \/>\n<meta property=\"article:modified_time\" content=\"2026-04-07T21:00:57+00:00\" \/>\n<meta property=\"og:image\" content=\"https:\/\/nordlinepaadid.ee\/wp-content\/uploads\/2023\/03\/4085_fladen-flytoverall-845xy-color-nej-e18.jpg\" \/>\n\t<meta property=\"og:image:width\" content=\"800\" \/>\n\t<meta property=\"og:image:height\" content=\"800\" \/>\n\t<meta property=\"og:image:type\" content=\"image\/jpeg\" \/>\n<meta name=\"twitter:card\" content=\"summary_large_image\" \/>\n<meta name=\"twitter:label1\" content=\"Est. reading time\" \/>\n\t<meta name=\"twitter:data1\" content=\"1 minut\" \/>\n<script type=\"application\/ld+json\" class=\"yoast-schema-graph\">{\"@context\":\"https:\\\/\\\/schema.org\",\"@graph\":[{\"@type\":\"WebPage\",\"@id\":\"https:\\\/\\\/nordlinepaadid.ee\\\/et\\\/pood\\\/marine-clothing-and-shoes\\\/drysuits-fisherman-suits-flotation-suits\\\/ujuvulikond-fladen-845-s\\\/\",\"url\":\"https:\\\/\\\/nordlinepaadid.ee\\\/et\\\/pood\\\/marine-clothing-and-shoes\\\/drysuits-fisherman-suits-flotation-suits\\\/ujuvulikond-fladen-845-s\\\/\",\"name\":\"UJUV\u00dcLIKOND- FLADEN 845, S - NORDLINE s\u00f5udepaadid ja mootorpaadid. Klaasfiiber materjalist.\",\"isPartOf\":{\"@id\":\"https:\\\/\\\/nordlinepaadid.ee\\\/et\\\/#website\"},\"primaryImageOfPage\":{\"@id\":\"https:\\\/\\\/nordlinepaadid.ee\\\/et\\\/pood\\\/marine-clothing-and-shoes\\\/drysuits-fisherman-suits-flotation-suits\\\/ujuvulikond-fladen-845-s\\\/#primaryimage\"},\"image\":{\"@id\":\"https:\\\/\\\/nordlinepaadid.ee\\\/et\\\/pood\\\/marine-clothing-and-shoes\\\/drysuits-fisherman-suits-flotation-suits\\\/ujuvulikond-fladen-845-s\\\/#primaryimage\"},\"thumbnailUrl\":\"https:\\\/\\\/nordlinepaadid.ee\\\/wp-content\\\/uploads\\\/2023\\\/03\\\/4085_fladen-flytoverall-845xy-color-nej-e18.jpg\",\"datePublished\":\"2026-04-07T00:12:09+00:00\",\"dateModified\":\"2026-04-07T21:00:57+00:00\",\"breadcrumb\":{\"@id\":\"https:\\\/\\\/nordlinepaadid.ee\\\/et\\\/pood\\\/marine-clothing-and-shoes\\\/drysuits-fisherman-suits-flotation-suits\\\/ujuvulikond-fladen-845-s\\\/#breadcrumb\"},\"inLanguage\":\"et\",\"potentialAction\":[{\"@type\":\"ReadAction\",\"target\":[\"https:\\\/\\\/nordlinepaadid.ee\\\/et\\\/pood\\\/marine-clothing-and-shoes\\\/drysuits-fisherman-suits-flotation-suits\\\/ujuvulikond-fladen-845-s\\\/\"]}]},{\"@type\":\"ImageObject\",\"inLanguage\":\"et\",\"@id\":\"https:\\\/\\\/nordlinepaadid.ee\\\/et\\\/pood\\\/marine-clothing-and-shoes\\\/drysuits-fisherman-suits-flotation-suits\\\/ujuvulikond-fladen-845-s\\\/#primaryimage\",\"url\":\"https:\\\/\\\/nordlinepaadid.ee\\\/wp-content\\\/uploads\\\/2023\\\/03\\\/4085_fladen-flytoverall-845xy-color-nej-e18.jpg\",\"contentUrl\":\"https:\\\/\\\/nordlinepaadid.ee\\\/wp-content\\\/uploads\\\/2023\\\/03\\\/4085_fladen-flytoverall-845xy-color-nej-e18.jpg\",\"width\":800,\"height\":800},{\"@type\":\"BreadcrumbList\",\"@id\":\"https:\\\/\\\/nordlinepaadid.ee\\\/et\\\/pood\\\/marine-clothing-and-shoes\\\/drysuits-fisherman-suits-flotation-suits\\\/ujuvulikond-fladen-845-s\\\/#breadcrumb\",\"itemListElement\":[{\"@type\":\"ListItem\",\"position\":1,\"name\":\"Home\",\"item\":\"https:\\\/\\\/nordlinepaadid.ee\\\/et\\\/\"},{\"@type\":\"ListItem\",\"position\":2,\"name\":\"Pood\",\"item\":\"https:\\\/\\\/nordlinepaadid.ee\\\/et\\\/pood\\\/\"},{\"@type\":\"ListItem\",\"position\":3,\"name\":\"UJUV\u00dcLIKOND- FLADEN 845, S\"}]},{\"@type\":\"WebSite\",\"@id\":\"https:\\\/\\\/nordlinepaadid.ee\\\/et\\\/#website\",\"url\":\"https:\\\/\\\/nordlinepaadid.ee\\\/et\\\/\",\"name\":\"NORDLINE s\u00f5udepaadid ja mootorpaadid. Klaasfiiber materjalist.\",\"description\":\"\",\"publisher\":{\"@id\":\"https:\\\/\\\/nordlinepaadid.ee\\\/et\\\/#organization\"},\"potentialAction\":[{\"@type\":\"SearchAction\",\"target\":{\"@type\":\"EntryPoint\",\"urlTemplate\":\"https:\\\/\\\/nordlinepaadid.ee\\\/et\\\/?s={search_term_string}\"},\"query-input\":{\"@type\":\"PropertyValueSpecification\",\"valueRequired\":true,\"valueName\":\"search_term_string\"}}],\"inLanguage\":\"et\"},{\"@type\":\"Organization\",\"@id\":\"https:\\\/\\\/nordlinepaadid.ee\\\/et\\\/#organization\",\"name\":\"Nordlineboats\",\"url\":\"https:\\\/\\\/nordlinepaadid.ee\\\/et\\\/\",\"logo\":{\"@type\":\"ImageObject\",\"inLanguage\":\"et\",\"@id\":\"https:\\\/\\\/nordlinepaadid.ee\\\/et\\\/#\\\/schema\\\/logo\\\/image\\\/\",\"url\":\"https:\\\/\\\/nordlinepaadid.ee\\\/wp-content\\\/uploads\\\/2023\\\/01\\\/fulllogo_transparent_nobuffer-e1672750475494.png\",\"contentUrl\":\"https:\\\/\\\/nordlinepaadid.ee\\\/wp-content\\\/uploads\\\/2023\\\/01\\\/fulllogo_transparent_nobuffer-e1672750475494.png\",\"width\":150,\"height\":119,\"caption\":\"Nordlineboats\"},\"image\":{\"@id\":\"https:\\\/\\\/nordlinepaadid.ee\\\/et\\\/#\\\/schema\\\/logo\\\/image\\\/\"},\"sameAs\":[\"https:\\\/\\\/www.facebook.com\\\/nordlineboats\",\"https:\\\/\\\/www.youtube.com\\\/channel\\\/UCbgF0fy02y3QkFnujaLTaCA\"]}]}<\/script>\n<!-- \/ Yoast SEO plugin. -->","yoast_head_json":{"title":"UJUV\u00dcLIKOND- FLADEN 845, S - NORDLINE s\u00f5udepaadid ja mootorpaadid. Klaasfiiber materjalist.","robots":{"index":"index","follow":"follow","max-snippet":"max-snippet:-1","max-image-preview":"max-image-preview:large","max-video-preview":"max-video-preview:-1"},"canonical":"https:\/\/nordlinepaadid.ee\/et\/pood\/marine-clothing-and-shoes\/drysuits-fisherman-suits-flotation-suits\/ujuvulikond-fladen-845-s\/","og_locale":"et_EE","og_type":"article","og_title":"UJUV\u00dcLIKOND- FLADEN 845, S - NORDLINE s\u00f5udepaadid ja mootorpaadid. Klaasfiiber materjalist.","og_description":"Elup\u00e4\u00e4stev, standarditele vastav ja kergeim turul saadaolev ujuv\u00fclikond. Kvaliteet detailides. ISO 15027-1 vee\u00fclikonna standardile vastav, mis t\u00e4hendab, et \u00fclikond kaitseb ka k\u00fclma vee eest (erinevalt ainult veepeal hoidvatest \u00fclikondadest). &#13; &#13; &#13; Fladeni jopede, p\u00fckside ja ujuv\u00fclikondade suuruste tabel &#13; &#13; &nbsp; &#13; &#13; &#13; &#13; Suurus &#13; Kaal &#13; Pikkus &#13; &#13; &#13; &#13;...","og_url":"https:\/\/nordlinepaadid.ee\/et\/pood\/marine-clothing-and-shoes\/drysuits-fisherman-suits-flotation-suits\/ujuvulikond-fladen-845-s\/","og_site_name":"NORDLINE s\u00f5udepaadid ja mootorpaadid. Klaasfiiber materjalist.","article_publisher":"https:\/\/www.facebook.com\/nordlineboats","article_modified_time":"2026-04-07T21:00:57+00:00","og_image":[{"width":800,"height":800,"url":"https:\/\/nordlinepaadid.ee\/wp-content\/uploads\/2023\/03\/4085_fladen-flytoverall-845xy-color-nej-e18.jpg","type":"image\/jpeg"}],"twitter_card":"summary_large_image","twitter_misc":{"Est. reading time":"1 minut"},"schema":{"@context":"https:\/\/schema.org","@graph":[{"@type":"WebPage","@id":"https:\/\/nordlinepaadid.ee\/et\/pood\/marine-clothing-and-shoes\/drysuits-fisherman-suits-flotation-suits\/ujuvulikond-fladen-845-s\/","url":"https:\/\/nordlinepaadid.ee\/et\/pood\/marine-clothing-and-shoes\/drysuits-fisherman-suits-flotation-suits\/ujuvulikond-fladen-845-s\/","name":"UJUV\u00dcLIKOND- FLADEN 845, S - NORDLINE s\u00f5udepaadid ja mootorpaadid. Klaasfiiber materjalist.","isPartOf":{"@id":"https:\/\/nordlinepaadid.ee\/et\/#website"},"primaryImageOfPage":{"@id":"https:\/\/nordlinepaadid.ee\/et\/pood\/marine-clothing-and-shoes\/drysuits-fisherman-suits-flotation-suits\/ujuvulikond-fladen-845-s\/#primaryimage"},"image":{"@id":"https:\/\/nordlinepaadid.ee\/et\/pood\/marine-clothing-and-shoes\/drysuits-fisherman-suits-flotation-suits\/ujuvulikond-fladen-845-s\/#primaryimage"},"thumbnailUrl":"https:\/\/nordlinepaadid.ee\/wp-content\/uploads\/2023\/03\/4085_fladen-flytoverall-845xy-color-nej-e18.jpg","datePublished":"2026-04-07T00:12:09+00:00","dateModified":"2026-04-07T21:00:57+00:00","breadcrumb":{"@id":"https:\/\/nordlinepaadid.ee\/et\/pood\/marine-clothing-and-shoes\/drysuits-fisherman-suits-flotation-suits\/ujuvulikond-fladen-845-s\/#breadcrumb"},"inLanguage":"et","potentialAction":[{"@type":"ReadAction","target":["https:\/\/nordlinepaadid.ee\/et\/pood\/marine-clothing-and-shoes\/drysuits-fisherman-suits-flotation-suits\/ujuvulikond-fladen-845-s\/"]}]},{"@type":"ImageObject","inLanguage":"et","@id":"https:\/\/nordlinepaadid.ee\/et\/pood\/marine-clothing-and-shoes\/drysuits-fisherman-suits-flotation-suits\/ujuvulikond-fladen-845-s\/#primaryimage","url":"https:\/\/nordlinepaadid.ee\/wp-content\/uploads\/2023\/03\/4085_fladen-flytoverall-845xy-color-nej-e18.jpg","contentUrl":"https:\/\/nordlinepaadid.ee\/wp-content\/uploads\/2023\/03\/4085_fladen-flytoverall-845xy-color-nej-e18.jpg","width":800,"height":800},{"@type":"BreadcrumbList","@id":"https:\/\/nordlinepaadid.ee\/et\/pood\/marine-clothing-and-shoes\/drysuits-fisherman-suits-flotation-suits\/ujuvulikond-fladen-845-s\/#breadcrumb","itemListElement":[{"@type":"ListItem","position":1,"name":"Home","item":"https:\/\/nordlinepaadid.ee\/et\/"},{"@type":"ListItem","position":2,"name":"Pood","item":"https:\/\/nordlinepaadid.ee\/et\/pood\/"},{"@type":"ListItem","position":3,"name":"UJUV\u00dcLIKOND- FLADEN 845, S"}]},{"@type":"WebSite","@id":"https:\/\/nordlinepaadid.ee\/et\/#website","url":"https:\/\/nordlinepaadid.ee\/et\/","name":"NORDLINE s\u00f5udepaadid ja mootorpaadid. Klaasfiiber materjalist.","description":"","publisher":{"@id":"https:\/\/nordlinepaadid.ee\/et\/#organization"},"potentialAction":[{"@type":"SearchAction","target":{"@type":"EntryPoint","urlTemplate":"https:\/\/nordlinepaadid.ee\/et\/?s={search_term_string}"},"query-input":{"@type":"PropertyValueSpecification","valueRequired":true,"valueName":"search_term_string"}}],"inLanguage":"et"},{"@type":"Organization","@id":"https:\/\/nordlinepaadid.ee\/et\/#organization","name":"Nordlineboats","url":"https:\/\/nordlinepaadid.ee\/et\/","logo":{"@type":"ImageObject","inLanguage":"et","@id":"https:\/\/nordlinepaadid.ee\/et\/#\/schema\/logo\/image\/","url":"https:\/\/nordlinepaadid.ee\/wp-content\/uploads\/2023\/01\/fulllogo_transparent_nobuffer-e1672750475494.png","contentUrl":"https:\/\/nordlinepaadid.ee\/wp-content\/uploads\/2023\/01\/fulllogo_transparent_nobuffer-e1672750475494.png","width":150,"height":119,"caption":"Nordlineboats"},"image":{"@id":"https:\/\/nordlinepaadid.ee\/et\/#\/schema\/logo\/image\/"},"sameAs":["https:\/\/www.facebook.com\/nordlineboats","https:\/\/www.youtube.com\/channel\/UCbgF0fy02y3QkFnujaLTaCA"]}]}},"taxonomy_info":{"product_cat":[{"value":328,"label":"Kuiv\u00fclikonnad, Kombinesoonid, Kalamehe Riietus"},{"value":232,"label":"PURJETAMISRIIDED JA JALAN\u00d5UD"},{"value":408,"label":"Talikalastus"}],"pa_color":[{"value":723,"label":"Kollane\/Hall"}],"pa_producer":[{"value":499,"label":"Fladen"}],"pa_unit":[{"value":416,"label":"pcs"}]},"featured_image_src_large":["https:\/\/nordlinepaadid.ee\/wp-content\/uploads\/2023\/03\/4085_fladen-flytoverall-845xy-color-nej-e18.jpg",800,800,false],"author_info":[],"comment_info":"","_links":{"self":[{"href":"https:\/\/nordlinepaadid.ee\/et\/wp-json\/wp\/v2\/product\/39082","targetHints":{"allow":["GET"]}}],"collection":[{"href":"https:\/\/nordlinepaadid.ee\/et\/wp-json\/wp\/v2\/product"}],"about":[{"href":"https:\/\/nordlinepaadid.ee\/et\/wp-json\/wp\/v2\/types\/product"}],"wp:featuredmedia":[{"embeddable":true,"href":"https:\/\/nordlinepaadid.ee\/et\/wp-json\/wp\/v2\/media\/20968"}],"wp:attachment":[{"href":"https:\/\/nordlinepaadid.ee\/et\/wp-json\/wp\/v2\/media?parent=39082"}],"wp:term":[{"taxonomy":"product_brand","embeddable":true,"href":"https:\/\/nordlinepaadid.ee\/et\/wp-json\/wp\/v2\/product_brand?post=39082"},{"taxonomy":"product_cat","embeddable":true,"href":"https:\/\/nordlinepaadid.ee\/et\/wp-json\/wp\/v2\/product_cat?post=39082"},{"taxonomy":"product_tag","embeddable":true,"href":"https:\/\/nordlinepaadid.ee\/et\/wp-json\/wp\/v2\/product_tag?post=39082"}],"curies":[{"name":"wp","href":"https:\/\/api.w.org\/{rel}","templated":true}]}}