{"id":39428,"date":"2026-04-07T03:17:31","date_gmt":"2026-04-07T00:17:31","guid":{"rendered":"https:\/\/nordlinepaadid.ee\/toode\/maaratlemata\/purjetamisjope-marinepool-fortuna-2-0-meestele-xxl\/"},"modified":"2026-04-08T08:00:49","modified_gmt":"2026-04-08T05:00:49","slug":"purjetamisjope-marinepool-fortuna-2-0-meestele-xxl","status":"publish","type":"product","link":"https:\/\/nordlinepaadid.ee\/et\/pood\/marine-clothing-and-shoes\/purjetamisjoped-ja-puksid\/purjetamisjope-marinepool-fortuna-2-0-meestele-xxl\/","title":{"rendered":"PURJETAMISJOPE- MARINEPOOL FORTUNA 2.0, MEESTELE, XXL"},"content":{"rendered":"<p>Uus Marinepool Fortuna 2.0 paistab silma oma uuendatud disainiga. Vastupidav ja kvaliteetne 3+1 kihiline avamerepurjetamisjope on saanud lisaks t\u00e4iendava kattematerjali, mis muudab jope t\u00e4ielikult veekindlaks, aga h\u00e4sti hingavaks. Teibitud \u00f5mblused on lisaks veel \u00fcle liimitud. Erksav\u00e4rvilist reguleeritavat kapuutsi saab vajadusel kraesse paigutada. Varrukad on saanud pol\u00fcuretaanist lisakaitse.<br \/>\nJopel on taskud nii sees- kui ka v\u00e4ljaspool. Lisaks k\u00fcljetaskutele on n\u00fc\u00fcd fliisiga vooderdatud ka suured v\u00e4litaskud. YKK Aquaguard\u00ae lukud. Lisatud on 3M helkurid suurema turvalisuse ja n\u00e4htavuse tagamiseks.<br \/>\nK\u00f5rge krae on vooderdatud fliisiga. kulumiskindlad Cordura\u00ae katted k\u00fc\u00fcnarnukidel, varruka otstes ja istmikul. Materjal: 100 % pol\u00fcamiidi, spetsiaalsed XPU (hingavus) membraanid, Tricot 100 % pol\u00fcamiid. Eriomadused: Veekindlus- 30.000 mm; Hingavus- 20.000 \/ m\u00b2 &#8211; 24<\/p>\n","protected":false},"excerpt":{"rendered":"<p>Uus Marinepool Fortuna 2.0 paistab silma oma uuendatud disainiga. Vastupidav ja kvaliteetne 3+1 kihiline avamerepurjetamisjope on saanud lisaks t\u00e4iendava kattematerjali, mis muudab jope t\u00e4ielikult veekindlaks, aga h\u00e4sti hingavaks. Teibitud \u00f5mblused on lisaks veel \u00fcle liimitud. Erksav\u00e4rvilist reguleeritavat kapuutsi saab vajadusel kraesse paigutada. Varrukad on saanud pol\u00fcuretaanist lisakaitse. Jopel on taskud nii sees- kui ka v\u00e4ljaspool&#8230;.<\/p>\n","protected":false},"featured_media":25203,"template":"","meta":{"_kad_blocks_custom_css":"","_kad_blocks_head_custom_js":"","_kad_blocks_body_custom_js":"","_kad_blocks_footer_custom_js":"","_kad_post_transparent":"","_kad_post_title":"","_kad_post_layout":"","_kad_post_sidebar_id":"","_kad_post_content_style":"","_kad_post_vertical_padding":"","_kad_post_feature":"","_kad_post_feature_position":"","_kad_post_header":false,"_kad_post_footer":false,"_kad_post_classname":""},"product_brand":[],"product_cat":[257,232],"product_tag":[],"class_list":{"0":"post-39428","1":"product","2":"type-product","3":"status-publish","4":"has-post-thumbnail","6":"product_cat-purjetamisjoped-ja-puksid","7":"product_cat-marine-clothing-and-shoes","8":"pa_color-punane","9":"pa_producer-marinepool","10":"pa_unit-pcs","11":"tm-no-options","13":"first","14":"onbackorder","15":"taxable","16":"shipping-taxable","17":"purchasable","18":"product-type-simple","19":"entry","20":"content-bg","21":"loop-entry"},"yoast_head":"<!-- This site is optimized with the Yoast SEO plugin v27.3 - https:\/\/yoast.com\/product\/yoast-seo-wordpress\/ -->\n<title>PURJETAMISJOPE- MARINEPOOL FORTUNA 2.0, MEESTELE, XXL - NORDLINE s\u00f5udepaadid ja mootorpaadid. Klaasfiiber materjalist.<\/title>\n<meta name=\"robots\" content=\"index, follow, max-snippet:-1, max-image-preview:large, max-video-preview:-1\" \/>\n<link rel=\"canonical\" href=\"https:\/\/nordlinepaadid.ee\/et\/pood\/marine-clothing-and-shoes\/purjetamisjoped-ja-puksid\/purjetamisjope-marinepool-fortuna-2-0-meestele-xxl\/\" \/>\n<meta property=\"og:locale\" content=\"et_EE\" \/>\n<meta property=\"og:type\" content=\"article\" \/>\n<meta property=\"og:title\" content=\"PURJETAMISJOPE- MARINEPOOL FORTUNA 2.0, MEESTELE, XXL - NORDLINE s\u00f5udepaadid ja mootorpaadid. Klaasfiiber materjalist.\" \/>\n<meta property=\"og:description\" content=\"Uus Marinepool Fortuna 2.0 paistab silma oma uuendatud disainiga. Vastupidav ja kvaliteetne 3+1 kihiline avamerepurjetamisjope on saanud lisaks t\u00e4iendava kattematerjali, mis muudab jope t\u00e4ielikult veekindlaks, aga h\u00e4sti hingavaks. Teibitud \u00f5mblused on lisaks veel \u00fcle liimitud. Erksav\u00e4rvilist reguleeritavat kapuutsi saab vajadusel kraesse paigutada. Varrukad on saanud pol\u00fcuretaanist lisakaitse. Jopel on taskud nii sees- kui ka v\u00e4ljaspool....\" \/>\n<meta property=\"og:url\" content=\"https:\/\/nordlinepaadid.ee\/et\/pood\/marine-clothing-and-shoes\/purjetamisjoped-ja-puksid\/purjetamisjope-marinepool-fortuna-2-0-meestele-xxl\/\" \/>\n<meta property=\"og:site_name\" content=\"NORDLINE s\u00f5udepaadid ja mootorpaadid. Klaasfiiber materjalist.\" \/>\n<meta property=\"article:publisher\" content=\"https:\/\/www.facebook.com\/nordlineboats\" \/>\n<meta property=\"article:modified_time\" content=\"2026-04-08T05:00:49+00:00\" \/>\n<meta property=\"og:image\" content=\"https:\/\/nordlinepaadid.ee\/wp-content\/uploads\/2023\/03\/6712_fortuna-2.0-offshore-jkt-men-red1_7.jpg\" \/>\n\t<meta property=\"og:image:width\" content=\"564\" \/>\n\t<meta property=\"og:image:height\" content=\"700\" \/>\n\t<meta property=\"og:image:type\" content=\"image\/jpeg\" \/>\n<meta name=\"twitter:card\" content=\"summary_large_image\" \/>\n<meta name=\"twitter:label1\" content=\"Est. reading time\" \/>\n\t<meta name=\"twitter:data1\" content=\"1 minut\" \/>\n<script type=\"application\/ld+json\" class=\"yoast-schema-graph\">{\"@context\":\"https:\\\/\\\/schema.org\",\"@graph\":[{\"@type\":\"WebPage\",\"@id\":\"https:\\\/\\\/nordlinepaadid.ee\\\/et\\\/pood\\\/marine-clothing-and-shoes\\\/purjetamisjoped-ja-puksid\\\/purjetamisjope-marinepool-fortuna-2-0-meestele-xxl\\\/\",\"url\":\"https:\\\/\\\/nordlinepaadid.ee\\\/et\\\/pood\\\/marine-clothing-and-shoes\\\/purjetamisjoped-ja-puksid\\\/purjetamisjope-marinepool-fortuna-2-0-meestele-xxl\\\/\",\"name\":\"PURJETAMISJOPE- MARINEPOOL FORTUNA 2.0, MEESTELE, XXL - NORDLINE s\u00f5udepaadid ja mootorpaadid. Klaasfiiber materjalist.\",\"isPartOf\":{\"@id\":\"https:\\\/\\\/nordlinepaadid.ee\\\/et\\\/#website\"},\"primaryImageOfPage\":{\"@id\":\"https:\\\/\\\/nordlinepaadid.ee\\\/et\\\/pood\\\/marine-clothing-and-shoes\\\/purjetamisjoped-ja-puksid\\\/purjetamisjope-marinepool-fortuna-2-0-meestele-xxl\\\/#primaryimage\"},\"image\":{\"@id\":\"https:\\\/\\\/nordlinepaadid.ee\\\/et\\\/pood\\\/marine-clothing-and-shoes\\\/purjetamisjoped-ja-puksid\\\/purjetamisjope-marinepool-fortuna-2-0-meestele-xxl\\\/#primaryimage\"},\"thumbnailUrl\":\"https:\\\/\\\/nordlinepaadid.ee\\\/wp-content\\\/uploads\\\/2023\\\/03\\\/6712_fortuna-2.0-offshore-jkt-men-red1_7.jpg\",\"datePublished\":\"2026-04-07T00:17:31+00:00\",\"dateModified\":\"2026-04-08T05:00:49+00:00\",\"breadcrumb\":{\"@id\":\"https:\\\/\\\/nordlinepaadid.ee\\\/et\\\/pood\\\/marine-clothing-and-shoes\\\/purjetamisjoped-ja-puksid\\\/purjetamisjope-marinepool-fortuna-2-0-meestele-xxl\\\/#breadcrumb\"},\"inLanguage\":\"et\",\"potentialAction\":[{\"@type\":\"ReadAction\",\"target\":[\"https:\\\/\\\/nordlinepaadid.ee\\\/et\\\/pood\\\/marine-clothing-and-shoes\\\/purjetamisjoped-ja-puksid\\\/purjetamisjope-marinepool-fortuna-2-0-meestele-xxl\\\/\"]}]},{\"@type\":\"ImageObject\",\"inLanguage\":\"et\",\"@id\":\"https:\\\/\\\/nordlinepaadid.ee\\\/et\\\/pood\\\/marine-clothing-and-shoes\\\/purjetamisjoped-ja-puksid\\\/purjetamisjope-marinepool-fortuna-2-0-meestele-xxl\\\/#primaryimage\",\"url\":\"https:\\\/\\\/nordlinepaadid.ee\\\/wp-content\\\/uploads\\\/2023\\\/03\\\/6712_fortuna-2.0-offshore-jkt-men-red1_7.jpg\",\"contentUrl\":\"https:\\\/\\\/nordlinepaadid.ee\\\/wp-content\\\/uploads\\\/2023\\\/03\\\/6712_fortuna-2.0-offshore-jkt-men-red1_7.jpg\",\"width\":564,\"height\":700},{\"@type\":\"BreadcrumbList\",\"@id\":\"https:\\\/\\\/nordlinepaadid.ee\\\/et\\\/pood\\\/marine-clothing-and-shoes\\\/purjetamisjoped-ja-puksid\\\/purjetamisjope-marinepool-fortuna-2-0-meestele-xxl\\\/#breadcrumb\",\"itemListElement\":[{\"@type\":\"ListItem\",\"position\":1,\"name\":\"Home\",\"item\":\"https:\\\/\\\/nordlinepaadid.ee\\\/et\\\/\"},{\"@type\":\"ListItem\",\"position\":2,\"name\":\"Pood\",\"item\":\"https:\\\/\\\/nordlinepaadid.ee\\\/et\\\/pood\\\/\"},{\"@type\":\"ListItem\",\"position\":3,\"name\":\"PURJETAMISJOPE- MARINEPOOL FORTUNA 2.0, MEESTELE, XXL\"}]},{\"@type\":\"WebSite\",\"@id\":\"https:\\\/\\\/nordlinepaadid.ee\\\/et\\\/#website\",\"url\":\"https:\\\/\\\/nordlinepaadid.ee\\\/et\\\/\",\"name\":\"NORDLINE s\u00f5udepaadid ja mootorpaadid. Klaasfiiber materjalist.\",\"description\":\"\",\"publisher\":{\"@id\":\"https:\\\/\\\/nordlinepaadid.ee\\\/et\\\/#organization\"},\"potentialAction\":[{\"@type\":\"SearchAction\",\"target\":{\"@type\":\"EntryPoint\",\"urlTemplate\":\"https:\\\/\\\/nordlinepaadid.ee\\\/et\\\/?s={search_term_string}\"},\"query-input\":{\"@type\":\"PropertyValueSpecification\",\"valueRequired\":true,\"valueName\":\"search_term_string\"}}],\"inLanguage\":\"et\"},{\"@type\":\"Organization\",\"@id\":\"https:\\\/\\\/nordlinepaadid.ee\\\/et\\\/#organization\",\"name\":\"Nordlineboats\",\"url\":\"https:\\\/\\\/nordlinepaadid.ee\\\/et\\\/\",\"logo\":{\"@type\":\"ImageObject\",\"inLanguage\":\"et\",\"@id\":\"https:\\\/\\\/nordlinepaadid.ee\\\/et\\\/#\\\/schema\\\/logo\\\/image\\\/\",\"url\":\"https:\\\/\\\/nordlinepaadid.ee\\\/wp-content\\\/uploads\\\/2023\\\/01\\\/fulllogo_transparent_nobuffer-e1672750475494.png\",\"contentUrl\":\"https:\\\/\\\/nordlinepaadid.ee\\\/wp-content\\\/uploads\\\/2023\\\/01\\\/fulllogo_transparent_nobuffer-e1672750475494.png\",\"width\":150,\"height\":119,\"caption\":\"Nordlineboats\"},\"image\":{\"@id\":\"https:\\\/\\\/nordlinepaadid.ee\\\/et\\\/#\\\/schema\\\/logo\\\/image\\\/\"},\"sameAs\":[\"https:\\\/\\\/www.facebook.com\\\/nordlineboats\",\"https:\\\/\\\/www.youtube.com\\\/channel\\\/UCbgF0fy02y3QkFnujaLTaCA\"]}]}<\/script>\n<!-- \/ Yoast SEO plugin. -->","yoast_head_json":{"title":"PURJETAMISJOPE- MARINEPOOL FORTUNA 2.0, MEESTELE, XXL - NORDLINE s\u00f5udepaadid ja mootorpaadid. Klaasfiiber materjalist.","robots":{"index":"index","follow":"follow","max-snippet":"max-snippet:-1","max-image-preview":"max-image-preview:large","max-video-preview":"max-video-preview:-1"},"canonical":"https:\/\/nordlinepaadid.ee\/et\/pood\/marine-clothing-and-shoes\/purjetamisjoped-ja-puksid\/purjetamisjope-marinepool-fortuna-2-0-meestele-xxl\/","og_locale":"et_EE","og_type":"article","og_title":"PURJETAMISJOPE- MARINEPOOL FORTUNA 2.0, MEESTELE, XXL - NORDLINE s\u00f5udepaadid ja mootorpaadid. Klaasfiiber materjalist.","og_description":"Uus Marinepool Fortuna 2.0 paistab silma oma uuendatud disainiga. Vastupidav ja kvaliteetne 3+1 kihiline avamerepurjetamisjope on saanud lisaks t\u00e4iendava kattematerjali, mis muudab jope t\u00e4ielikult veekindlaks, aga h\u00e4sti hingavaks. Teibitud \u00f5mblused on lisaks veel \u00fcle liimitud. Erksav\u00e4rvilist reguleeritavat kapuutsi saab vajadusel kraesse paigutada. Varrukad on saanud pol\u00fcuretaanist lisakaitse. Jopel on taskud nii sees- kui ka v\u00e4ljaspool....","og_url":"https:\/\/nordlinepaadid.ee\/et\/pood\/marine-clothing-and-shoes\/purjetamisjoped-ja-puksid\/purjetamisjope-marinepool-fortuna-2-0-meestele-xxl\/","og_site_name":"NORDLINE s\u00f5udepaadid ja mootorpaadid. Klaasfiiber materjalist.","article_publisher":"https:\/\/www.facebook.com\/nordlineboats","article_modified_time":"2026-04-08T05:00:49+00:00","og_image":[{"width":564,"height":700,"url":"https:\/\/nordlinepaadid.ee\/wp-content\/uploads\/2023\/03\/6712_fortuna-2.0-offshore-jkt-men-red1_7.jpg","type":"image\/jpeg"}],"twitter_card":"summary_large_image","twitter_misc":{"Est. reading time":"1 minut"},"schema":{"@context":"https:\/\/schema.org","@graph":[{"@type":"WebPage","@id":"https:\/\/nordlinepaadid.ee\/et\/pood\/marine-clothing-and-shoes\/purjetamisjoped-ja-puksid\/purjetamisjope-marinepool-fortuna-2-0-meestele-xxl\/","url":"https:\/\/nordlinepaadid.ee\/et\/pood\/marine-clothing-and-shoes\/purjetamisjoped-ja-puksid\/purjetamisjope-marinepool-fortuna-2-0-meestele-xxl\/","name":"PURJETAMISJOPE- MARINEPOOL FORTUNA 2.0, MEESTELE, XXL - NORDLINE s\u00f5udepaadid ja mootorpaadid. Klaasfiiber materjalist.","isPartOf":{"@id":"https:\/\/nordlinepaadid.ee\/et\/#website"},"primaryImageOfPage":{"@id":"https:\/\/nordlinepaadid.ee\/et\/pood\/marine-clothing-and-shoes\/purjetamisjoped-ja-puksid\/purjetamisjope-marinepool-fortuna-2-0-meestele-xxl\/#primaryimage"},"image":{"@id":"https:\/\/nordlinepaadid.ee\/et\/pood\/marine-clothing-and-shoes\/purjetamisjoped-ja-puksid\/purjetamisjope-marinepool-fortuna-2-0-meestele-xxl\/#primaryimage"},"thumbnailUrl":"https:\/\/nordlinepaadid.ee\/wp-content\/uploads\/2023\/03\/6712_fortuna-2.0-offshore-jkt-men-red1_7.jpg","datePublished":"2026-04-07T00:17:31+00:00","dateModified":"2026-04-08T05:00:49+00:00","breadcrumb":{"@id":"https:\/\/nordlinepaadid.ee\/et\/pood\/marine-clothing-and-shoes\/purjetamisjoped-ja-puksid\/purjetamisjope-marinepool-fortuna-2-0-meestele-xxl\/#breadcrumb"},"inLanguage":"et","potentialAction":[{"@type":"ReadAction","target":["https:\/\/nordlinepaadid.ee\/et\/pood\/marine-clothing-and-shoes\/purjetamisjoped-ja-puksid\/purjetamisjope-marinepool-fortuna-2-0-meestele-xxl\/"]}]},{"@type":"ImageObject","inLanguage":"et","@id":"https:\/\/nordlinepaadid.ee\/et\/pood\/marine-clothing-and-shoes\/purjetamisjoped-ja-puksid\/purjetamisjope-marinepool-fortuna-2-0-meestele-xxl\/#primaryimage","url":"https:\/\/nordlinepaadid.ee\/wp-content\/uploads\/2023\/03\/6712_fortuna-2.0-offshore-jkt-men-red1_7.jpg","contentUrl":"https:\/\/nordlinepaadid.ee\/wp-content\/uploads\/2023\/03\/6712_fortuna-2.0-offshore-jkt-men-red1_7.jpg","width":564,"height":700},{"@type":"BreadcrumbList","@id":"https:\/\/nordlinepaadid.ee\/et\/pood\/marine-clothing-and-shoes\/purjetamisjoped-ja-puksid\/purjetamisjope-marinepool-fortuna-2-0-meestele-xxl\/#breadcrumb","itemListElement":[{"@type":"ListItem","position":1,"name":"Home","item":"https:\/\/nordlinepaadid.ee\/et\/"},{"@type":"ListItem","position":2,"name":"Pood","item":"https:\/\/nordlinepaadid.ee\/et\/pood\/"},{"@type":"ListItem","position":3,"name":"PURJETAMISJOPE- MARINEPOOL FORTUNA 2.0, MEESTELE, XXL"}]},{"@type":"WebSite","@id":"https:\/\/nordlinepaadid.ee\/et\/#website","url":"https:\/\/nordlinepaadid.ee\/et\/","name":"NORDLINE s\u00f5udepaadid ja mootorpaadid. Klaasfiiber materjalist.","description":"","publisher":{"@id":"https:\/\/nordlinepaadid.ee\/et\/#organization"},"potentialAction":[{"@type":"SearchAction","target":{"@type":"EntryPoint","urlTemplate":"https:\/\/nordlinepaadid.ee\/et\/?s={search_term_string}"},"query-input":{"@type":"PropertyValueSpecification","valueRequired":true,"valueName":"search_term_string"}}],"inLanguage":"et"},{"@type":"Organization","@id":"https:\/\/nordlinepaadid.ee\/et\/#organization","name":"Nordlineboats","url":"https:\/\/nordlinepaadid.ee\/et\/","logo":{"@type":"ImageObject","inLanguage":"et","@id":"https:\/\/nordlinepaadid.ee\/et\/#\/schema\/logo\/image\/","url":"https:\/\/nordlinepaadid.ee\/wp-content\/uploads\/2023\/01\/fulllogo_transparent_nobuffer-e1672750475494.png","contentUrl":"https:\/\/nordlinepaadid.ee\/wp-content\/uploads\/2023\/01\/fulllogo_transparent_nobuffer-e1672750475494.png","width":150,"height":119,"caption":"Nordlineboats"},"image":{"@id":"https:\/\/nordlinepaadid.ee\/et\/#\/schema\/logo\/image\/"},"sameAs":["https:\/\/www.facebook.com\/nordlineboats","https:\/\/www.youtube.com\/channel\/UCbgF0fy02y3QkFnujaLTaCA"]}]}},"taxonomy_info":{"product_cat":[{"value":257,"label":"Purjetamisjoped- ja p\u00fcksid"},{"value":232,"label":"PURJETAMISRIIDED JA JALAN\u00d5UD"}],"pa_color":[{"value":682,"label":"Punane"}],"pa_producer":[{"value":480,"label":"Marinepool"}],"pa_unit":[{"value":416,"label":"pcs"}]},"featured_image_src_large":["https:\/\/nordlinepaadid.ee\/wp-content\/uploads\/2023\/03\/6712_fortuna-2.0-offshore-jkt-men-red1_7.jpg",564,700,false],"author_info":[],"comment_info":"","_links":{"self":[{"href":"https:\/\/nordlinepaadid.ee\/et\/wp-json\/wp\/v2\/product\/39428","targetHints":{"allow":["GET"]}}],"collection":[{"href":"https:\/\/nordlinepaadid.ee\/et\/wp-json\/wp\/v2\/product"}],"about":[{"href":"https:\/\/nordlinepaadid.ee\/et\/wp-json\/wp\/v2\/types\/product"}],"wp:featuredmedia":[{"embeddable":true,"href":"https:\/\/nordlinepaadid.ee\/et\/wp-json\/wp\/v2\/media\/25203"}],"wp:attachment":[{"href":"https:\/\/nordlinepaadid.ee\/et\/wp-json\/wp\/v2\/media?parent=39428"}],"wp:term":[{"taxonomy":"product_brand","embeddable":true,"href":"https:\/\/nordlinepaadid.ee\/et\/wp-json\/wp\/v2\/product_brand?post=39428"},{"taxonomy":"product_cat","embeddable":true,"href":"https:\/\/nordlinepaadid.ee\/et\/wp-json\/wp\/v2\/product_cat?post=39428"},{"taxonomy":"product_tag","embeddable":true,"href":"https:\/\/nordlinepaadid.ee\/et\/wp-json\/wp\/v2\/product_tag?post=39428"}],"curies":[{"name":"wp","href":"https:\/\/api.w.org\/{rel}","templated":true}]}}