{"id":4170,"date":"2021-01-17T13:14:22","date_gmt":"2021-01-17T11:14:22","guid":{"rendered":"https:\/\/nordlinepaadid.ee\/?post_type=product&#038;p=4170"},"modified":"2026-04-19T16:02:46","modified_gmt":"2026-04-19T13:02:46","slug":"paadimootor-tohatsu-mfs-15-es","status":"publish","type":"product","link":"https:\/\/nordlinepaadid.ee\/et\/pood\/tohatsu-paadimootorid\/paadimootor-tohatsu-mfs-15-es\/","title":{"rendered":"Paadimootor Tohatsu MFS 15 ES"},"content":{"rendered":"<h1>Paadimootor Tohatsu MFS 15 ES<\/h1>\n<p>Tohatsu teeb alati k\u00f5ik, et pakkuda teile parimat paadimootorit. Loomulikult pole ka paadimootor Tohatsu 15hj -4taktiline siin mingi erand. See mootor pakub v\u00e4ikse k\u00fctusekulu juures palju v\u00f5imsust, on sitke, vastupidav ja t\u00f6\u00f6kindel kaaslane vee peal. Iseensestm\u00f5istetavalt on sel mootoril EPA\/CARBi heakskiit. Termostaadiga juhitud \u00fchtlane mootori t\u00f6\u00f6temperatuur, alumiiniumist propeller, dekompressiooniseade kergemaks k\u00e4ivitamiseks, jne.jne. Sellest mootorist on mitu erinevat mudelit, mitmete erinevate funktsioonidega.<\/p>\n<p>Tohatsu 4 taktilised paadimootorid on eriti t\u00f6\u00f6kindlad, \u00f6konoomsed, looduss\u00f5bralikud, tasase h\u00e4\u00e4lega ja lihtsad kasutada. Erinevalt konkurentidest on juba 5 hj mudelil survega \u00f5lituss\u00fcsteem ning heitgaasid v\u00e4ljuvad vindi s\u00fcdamiku kaudu. See t\u00e4hendab, et v\u00e4ikeste mootorite tehnilised lahendused on samad mis suurtel.<\/p>\n<table id=\"motors\">\n<tbody>\n<tr>\n<th>Mudel<\/th>\n<th>Ahtripeeglile k\u00f5rgusega<\/th>\n<th>Silindreid<\/th>\n<th>Elektriline start<\/th>\n<th>K\u00e4si- juhtimine<\/th>\n<th>distants- juhtimine<\/th>\n<th>12V laadimine<\/th>\n<th>El. trimm<\/th>\n<th>K\u00fctusepaak<\/th>\n<th>S\u00f5ukruvi<\/th>\n<\/tr>\n<tr>\n<td>\n<div class=\"page\" title=\"Page 1\">\n<div class=\"layoutArea\">\n<div class=\"column\">\n<p><a href=\"\/et?p=4170\"><strong>MFS15ES<\/strong><\/a><\/p>\n<\/div>\n<\/div>\n<\/div>\n<\/td>\n<td><strong>15&#8243;<\/strong><\/td>\n<td><strong>2<\/strong><\/td>\n<td><\/td>\n<td><strong>S<\/strong><\/td>\n<td><\/td>\n<td><\/td>\n<td><\/td>\n<td><strong>S<\/strong><\/td>\n<td><strong>S<\/strong><\/td>\n<\/tr>\n<tr>\n<td>\n<div class=\"page\" title=\"Page 1\">\n<div class=\"layoutArea\">\n<div class=\"column\">\n<p><a href=\"\/et?p=6793\">MFS15EEFS<\/a><\/p>\n<\/div>\n<\/div>\n<\/div>\n<\/td>\n<td>15&#8243;<\/td>\n<td>2<\/td>\n<td>S<\/td>\n<td>S<\/td>\n<td><\/td>\n<td>S<\/td>\n<td><\/td>\n<td>S<\/td>\n<td>S<\/td>\n<\/tr>\n<tr>\n<td>\n<div class=\"page\" title=\"Page 1\">\n<div class=\"layoutArea\">\n<div class=\"column\">\n<p><a href=\"\/et?p=6796\">MFS15EEFL<\/a><\/p>\n<\/div>\n<\/div>\n<\/div>\n<\/td>\n<td>20&#8243;<\/td>\n<td>2<\/td>\n<td>S<\/td>\n<td>S<\/td>\n<td><\/td>\n<td>S<\/td>\n<td><\/td>\n<td>S<\/td>\n<td>S<\/td>\n<\/tr>\n<tr>\n<td>\n<div class=\"page\" title=\"Page 1\">\n<div class=\"layoutArea\">\n<div class=\"column\">\n<p><a href=\"\/et?p=6799\">MFS15EEPS<\/a><\/p>\n<\/div>\n<\/div>\n<\/div>\n<\/td>\n<td>15&#8243;<\/td>\n<td>2<\/td>\n<td>S<\/td>\n<td><\/td>\n<td>S<\/td>\n<td>S<\/td>\n<td><\/td>\n<td>S<\/td>\n<td>S<\/td>\n<\/tr>\n<tr>\n<td>\n<div class=\"page\" title=\"Page 1\">\n<div class=\"layoutArea\">\n<div class=\"column\">\n<p><a href=\"\/et?p=6802\">MFS15EEPL<\/a><\/p>\n<\/div>\n<\/div>\n<\/div>\n<\/td>\n<td>20&#8243;<\/td>\n<td>2<\/td>\n<td>S<\/td>\n<td><\/td>\n<td>S<\/td>\n<td>S<\/td>\n<td><\/td>\n<td>S<\/td>\n<td>S<\/td>\n<\/tr>\n<tr>\n<td>\n<div class=\"page\" title=\"Page 1\">\n<div class=\"layoutArea\">\n<div class=\"column\">\n<p><a href=\"\/et?p=6805\">MFS15EEPTS<\/a><\/p>\n<\/div>\n<\/div>\n<\/div>\n<\/td>\n<td>15&#8243;<\/td>\n<td>2<\/td>\n<td>S<\/td>\n<td><\/td>\n<td>S<\/td>\n<td>S<\/td>\n<td>S<\/td>\n<td>S<\/td>\n<td>S<\/td>\n<\/tr>\n<tr>\n<td>\n<div class=\"page\" title=\"Page 1\">\n<div class=\"layoutArea\">\n<div class=\"column\">\n<p><a href=\"\/et?p=6808\">MFS15EEPTL<\/a><\/p>\n<\/div>\n<\/div>\n<\/div>\n<\/td>\n<td>20&#8243;<\/td>\n<td>2<\/td>\n<td>S<\/td>\n<td><\/td>\n<td>S<\/td>\n<td>S<\/td>\n<td>S<\/td>\n<td>S<\/td>\n<td>S<\/td>\n<\/tr>\n<\/tbody>\n<\/table>\n<h2>\u00a0Tohatsu 15HJ mootori p\u00f5hiomadusi:<\/h2>\n<div class=\"block-cmn-002 u-inview u-inview--show\">\n<ul>\n<li class=\"ttl-cmn-02 type-normal\"><span class=\"ttl-cmn-02__main\">Suure j\u00f5udlusega ja lihtne kasutada<\/span><\/li>\n<li class=\"ttl-cmn-02 type-normal\">Digitaalne elektrooniline juhtseade (ECU) on m\u00f5eldud mootori kiireks k\u00e4ivitamiseks k\u00f5ikides tingimustes. See tagab kiirema gaasireaktsiooni ja sujuvama trollimise<\/li>\n<li class=\"ttl-cmn-02 type-normal\">Rippmootorit on kergem madalas vees kergitada<\/li>\n<li class=\"ttl-cmn-02 type-normal\">Suur generaator ja alaldi tagavad aku parema laadimise *<\/li>\n<li class=\"ttl-cmn-02 type-normal\">90-kraadine p\u00f6\u00f6rderaadius<\/li>\n<li class=\"ttl-cmn-02 type-normal\">Reguleeritav rooli j\u00e4ikus *<\/li>\n<\/ul>\n<\/div>\n<div class=\"block-cmn-002 u-inview u-inview--show\">\n<h3 class=\"ttl-cmn-02 type-normal\"><span class=\"ttl-cmn-02__main\">Kasutaja mugavuse ja usaldusv\u00e4\u00e4rsuse alused<\/span><\/h3>\n<ul class=\"list-cmn\">\n<li class=\"list-cmn__item\">L\u00e4bi s\u00f5ukruvi rummu heitgaaside v\u00e4ljutamine tagab vaiksema s\u00f5idu<\/li>\n<li class=\"list-cmn__item\">Termostaadiga juhitav jahutuss\u00fcsteem tagab mootori p\u00fcsivama temperatuur<\/li>\n<li class=\"list-cmn__item\">Vastupidav roostevabast terasest veepumba korpuse \u00fcmbris<\/li>\n<li class=\"list-cmn__item\">Kvaliteetne mere alumiiniumist korpus pakub kaitset korrosiooni eest<\/li>\n<li class=\"list-cmn__item\">Sisemiste veekanalite tsinkkate tagab korrosioonikindluse<\/li>\n<li class=\"list-cmn__item\">12 liitrine k\u00fctusepaak sisaldab k\u00fctusetarvikuid (k\u00fctusetoru, k\u00fctusem\u00f5\u00f5dukiga kork)<\/li>\n<li class=\"list-cmn__item\">Alumiiniumist s\u00f5ukruvi<\/li>\n<\/ul>\n<\/div>\n<div class=\"block-cmn-002 u-inview u-inview--show\">\n<h3 class=\"ttl-cmn-02 type-normal\"><span class=\"ttl-cmn-02__main\">Hoiatus ja kaitse<\/span><\/h3>\n<ul class=\"list-cmn\">\n<li class=\"list-cmn__item\">Madala \u00f5lir\u00f5hu hoiatus (visuaalne ja kuuldav **)<\/li>\n<li class=\"list-cmn__item\">Turvatross (oluline kaitsefunktsioonide standard k\u00f5igil Tohatsu rippmootoritel)<\/li>\n<li class=\"list-cmn__item\">K\u00e4igukasti kaitse mootori turvalisemaks k\u00e4ivitamiseks<\/li>\n<\/ul>\n<div class=\"list-caption\">\n<div class=\"list-caption__item\"><span class=\"list-caption__detail\">* Teatud mudelid<br \/>\n** Kaugjuhtimispuldi mudelid<\/span><\/div>\n<\/div>\n<\/div>\n<p>Paadimootor Tohatsu 15HJ kohta loe t\u00e4psemalt <a href=\"https:\/\/www.tohatsu.com\/marine\/na\/outboards\/15_4st.html\" target=\"_blank\" rel=\"noopener\">www.tohatsu.com<\/a><\/p>\n<h2>Paadimootor Tohatsu 15HJ tehnilised andmed<\/h2>\n<table id=\"motors\">\n<tbody>\n<tr>\n<td>Tooteinfo:<\/td>\n<td>TOHATSU MFS 15 ES<\/td>\n<\/tr>\n<tr>\n<td>Silindrite arv<\/td>\n<td>2<\/td>\n<\/tr>\n<tr>\n<td>V\u014dimsus:<\/td>\n<td>15 hj (11kW)<\/td>\n<\/tr>\n<tr>\n<td>Kubatuur:<\/td>\n<td>333 cm3<\/td>\n<\/tr>\n<tr>\n<td>S\u00f5ukruvi vahemik<\/td>\n<td>6&#8243; &#8211; 11,5&#8243;<\/td>\n<\/tr>\n<tr>\n<td>K\u00fctus<\/td>\n<td>Pliivaba, min. 95 okt<\/td>\n<\/tr>\n<tr>\n<td>\u00d5li<\/td>\n<td>Sertifitseeritud 4-taktiline \u00f5li SAE 10W-30\/40 (SF, SG, SH, SJ)<\/td>\n<\/tr>\n<tr>\n<td>\u00d5li kogus<\/td>\n<td>1 L<\/td>\n<\/tr>\n<tr>\n<td>K\u00fctuse paak<\/td>\n<td>12L<\/td>\n<\/tr>\n<tr>\n<td>Kaal<\/td>\n<td>43kg<\/td>\n<\/tr>\n<tr>\n<td>Max p\u00f6\u00f6rete vahemik<\/td>\n<td>5400 &#8211; 6100<\/td>\n<\/tr>\n<tr>\n<td>K\u00fctuses\u00fcsteem<\/td>\n<td>Digital CD Ignition System<\/td>\n<\/tr>\n<tr>\n<td>Garantii:<\/td>\n<td>5 aastat<\/td>\n<\/tr>\n<\/tbody>\n<\/table>\n<p>&nbsp;<\/p>\n<h2>Transport<\/h2>\n<p>Toimetame mootori sulle sobival ajal sinu soovitud kohta. Transpordi saate valida, kui vormistate ostu ostukorvis.<\/p>\n<h3>Paigaldus<\/h3>\n<p>V\u00e4iksemad mootorid ei vaja paigalduseks eraldi spetsialisti. Kaugjuhtimisega mootorite puhul oleme valmis paigaldama mootori Teie paadile. Vaata selle teenuse kohta t\u00e4psemalt <a href=\"\/et?page_id=3975\" target=\"_blank\" rel=\"noopener\">&#8220;mootori paigaldus&#8221;<\/a>.<\/p>\n<p><strong>Helista 50 55 152 v\u00f5i kirjuta meile. Pakume sulle parimaid mootoreid, parimate hindadega.<\/strong><\/p>\n<div class=\"pooleks\">\n<h3>V\u00f5ta \u00fchendust<\/h3>\n\n<div class=\"wpcf7 no-js\" id=\"wpcf7-f3217-o1\" lang=\"et\" dir=\"ltr\" data-wpcf7-id=\"3217\">\n<div class=\"screen-reader-response\"><p role=\"status\" aria-live=\"polite\" aria-atomic=\"true\"><\/p> <ul><\/ul><\/div>\n<form action=\"\/et\/wp-json\/wp\/v2\/product\/4170#wpcf7-f3217-o1\" method=\"post\" class=\"wpcf7-form init\" aria-label=\"Contact form\" novalidate=\"novalidate\" data-status=\"init\">\n<fieldset class=\"hidden-fields-container\"><input type=\"hidden\" name=\"_wpcf7\" value=\"3217\" \/><input type=\"hidden\" name=\"_wpcf7_version\" value=\"6.1.5\" \/><input type=\"hidden\" name=\"_wpcf7_locale\" value=\"et\" \/><input type=\"hidden\" name=\"_wpcf7_unit_tag\" value=\"wpcf7-f3217-o1\" \/><input type=\"hidden\" name=\"_wpcf7_container_post\" value=\"0\" \/><input type=\"hidden\" name=\"_wpcf7_posted_data_hash\" value=\"\" \/>\n<\/fieldset>\n<p><label> Nimi (n\u00f5utav)<br \/>\n<span class=\"wpcf7-form-control-wrap\" data-name=\"your-name\"><input size=\"40\" maxlength=\"400\" class=\"wpcf7-form-control wpcf7-text wpcf7-validates-as-required\" aria-required=\"true\" aria-invalid=\"false\" value=\"\" type=\"text\" name=\"your-name\" \/><\/span> <\/label><br \/>\n<label> Email (n\u00f5utav)<br \/>\n<span class=\"wpcf7-form-control-wrap\" data-name=\"your-email\"><input size=\"40\" maxlength=\"400\" class=\"wpcf7-form-control wpcf7-email wpcf7-validates-as-required wpcf7-text wpcf7-validates-as-email\" aria-required=\"true\" aria-invalid=\"false\" value=\"\" type=\"email\" name=\"your-email\" \/><\/span> <\/label><br \/>\n<label> Telefon<br \/>\n<span class=\"wpcf7-form-control-wrap\" data-name=\"Telefon\"><input size=\"40\" maxlength=\"400\" class=\"wpcf7-form-control wpcf7-tel wpcf7-text wpcf7-validates-as-tel\" aria-invalid=\"false\" value=\"\" type=\"tel\" name=\"Telefon\" \/><\/span><\/label><br \/>\n<label> Teade<br \/>\n<span class=\"wpcf7-form-control-wrap\" data-name=\"your-message\"><textarea cols=\"40\" rows=\"10\" maxlength=\"2000\" class=\"wpcf7-form-control wpcf7-textarea\" aria-invalid=\"false\" name=\"your-message\"><\/textarea><\/span> <\/label>\n<\/p>\n<p><input class=\"wpcf7-form-control wpcf7-submit has-spinner\" type=\"submit\" value=\"Saada\" \/>\n<\/p><div class=\"wpcf7-response-output\" aria-hidden=\"true\"><\/div>\n<\/form>\n<\/div>\n\n<\/div>\n<div class=\"pooleks\">\n<p>&nbsp;<\/p>\n<\/div>\n","protected":false},"excerpt":{"rendered":"<p>Paadimootor Tohatsu MFS 15 ES Tohatsu teeb alati k\u00f5ik, et pakkuda teile parimat paadimootorit. Loomulikult pole ka paadimootor Tohatsu 15hj -4taktiline siin mingi erand. See mootor pakub v\u00e4ikse k\u00fctusekulu juures palju v\u00f5imsust, on sitke, vastupidav ja t\u00f6\u00f6kindel kaaslane vee peal. Iseensestm\u00f5istetavalt on sel mootoril EPA\/CARBi heakskiit. Termostaadiga juhitud \u00fchtlane mootori t\u00f6\u00f6temperatuur, alumiiniumist propeller, dekompressiooniseade kergemaks&#8230;<\/p>\n","protected":false},"featured_media":4171,"template":"","meta":{"_kad_blocks_custom_css":"","_kad_blocks_head_custom_js":"","_kad_blocks_body_custom_js":"","_kad_blocks_footer_custom_js":"","_kad_post_transparent":"default","_kad_post_title":"","_kad_post_layout":"default","_kad_post_sidebar_id":"","_kad_post_content_style":"default","_kad_post_vertical_padding":"default","_kad_post_feature":"","_kad_post_feature_position":"","_kad_post_header":false,"_kad_post_footer":false,"_kad_post_classname":""},"product_brand":[],"product_cat":[155],"product_tag":[],"class_list":{"0":"post-4170","1":"product","2":"type-product","3":"status-publish","4":"has-post-thumbnail","6":"product_cat-tohatsu-paadimootorid","7":"product_shipping_class-euroalusele-mahtuv-kaup","8":"tm-no-options","10":"first","11":"onbackorder","12":"taxable","13":"shipping-taxable","14":"purchasable","15":"product-type-simple","16":"entry","17":"content-bg","18":"loop-entry"},"yoast_head":"<!-- This site is optimized with the Yoast SEO plugin v27.3 - https:\/\/yoast.com\/product\/yoast-seo-wordpress\/ -->\n<title>Paadimootor TOHATSU 15HJ - garantii 5 a. NORDLINEBOATS<\/title>\n<meta name=\"description\" content=\"Paadimootor Tohatsu on kahe silindriline, k\u00e4sijuhtimisega 43kg kaaluv p\u00e4ramootor. Saadaval elektri k\u00e4ivitus, kaugjuhtimine ja el. trimm\" \/>\n<meta name=\"robots\" content=\"index, follow, max-snippet:-1, max-image-preview:large, max-video-preview:-1\" \/>\n<link rel=\"canonical\" href=\"https:\/\/nordlinepaadid.ee\/et\/pood\/tohatsu-paadimootorid\/paadimootor-tohatsu-mfs-15-es\/\" \/>\n<meta property=\"og:locale\" content=\"et_EE\" \/>\n<meta property=\"og:type\" content=\"article\" \/>\n<meta property=\"og:title\" content=\"Paadimootor TOHATSU 15HJ - garantii 5 a. NORDLINEBOATS\" \/>\n<meta property=\"og:description\" content=\"Paadimootor Tohatsu on kahe silindriline, k\u00e4sijuhtimisega 43kg kaaluv p\u00e4ramootor. Saadaval elektri k\u00e4ivitus, kaugjuhtimine ja el. trimm\" \/>\n<meta property=\"og:url\" content=\"https:\/\/nordlinepaadid.ee\/et\/pood\/tohatsu-paadimootorid\/paadimootor-tohatsu-mfs-15-es\/\" \/>\n<meta property=\"og:site_name\" content=\"NORDLINE s\u00f5udepaadid ja mootorpaadid. Klaasfiiber materjalist.\" \/>\n<meta property=\"article:publisher\" content=\"https:\/\/www.facebook.com\/nordlineboats\" \/>\n<meta property=\"article:modified_time\" content=\"2026-04-19T13:02:46+00:00\" \/>\n<meta property=\"og:image\" content=\"https:\/\/nordlinepaadid.ee\/wp-content\/uploads\/2021\/01\/Paadimootor-Tohatsu-15HJ.jpg\" \/>\n\t<meta property=\"og:image:width\" content=\"600\" \/>\n\t<meta property=\"og:image:height\" content=\"600\" \/>\n\t<meta property=\"og:image:type\" content=\"image\/jpeg\" \/>\n<meta name=\"twitter:card\" content=\"summary_large_image\" \/>\n<meta name=\"twitter:label1\" content=\"Est. reading time\" \/>\n\t<meta name=\"twitter:data1\" content=\"3 minutit\" \/>\n<script type=\"application\/ld+json\" class=\"yoast-schema-graph\">{\"@context\":\"https:\\\/\\\/schema.org\",\"@graph\":[{\"@type\":\"WebPage\",\"@id\":\"https:\\\/\\\/nordlinepaadid.ee\\\/et\\\/pood\\\/tohatsu-paadimootorid\\\/paadimootor-tohatsu-mfs-15-es\\\/\",\"url\":\"https:\\\/\\\/nordlinepaadid.ee\\\/et\\\/pood\\\/tohatsu-paadimootorid\\\/paadimootor-tohatsu-mfs-15-es\\\/\",\"name\":\"Paadimootor TOHATSU 15HJ - garantii 5 a. NORDLINEBOATS\",\"isPartOf\":{\"@id\":\"https:\\\/\\\/nordlinepaadid.ee\\\/et\\\/#website\"},\"primaryImageOfPage\":{\"@id\":\"https:\\\/\\\/nordlinepaadid.ee\\\/et\\\/pood\\\/tohatsu-paadimootorid\\\/paadimootor-tohatsu-mfs-15-es\\\/#primaryimage\"},\"image\":{\"@id\":\"https:\\\/\\\/nordlinepaadid.ee\\\/et\\\/pood\\\/tohatsu-paadimootorid\\\/paadimootor-tohatsu-mfs-15-es\\\/#primaryimage\"},\"thumbnailUrl\":\"https:\\\/\\\/nordlinepaadid.ee\\\/wp-content\\\/uploads\\\/2021\\\/01\\\/Paadimootor-Tohatsu-15HJ.jpg\",\"datePublished\":\"2021-01-17T11:14:22+00:00\",\"dateModified\":\"2026-04-19T13:02:46+00:00\",\"description\":\"Paadimootor Tohatsu on kahe silindriline, k\u00e4sijuhtimisega 43kg kaaluv p\u00e4ramootor. Saadaval elektri k\u00e4ivitus, kaugjuhtimine ja el. trimm\",\"breadcrumb\":{\"@id\":\"https:\\\/\\\/nordlinepaadid.ee\\\/et\\\/pood\\\/tohatsu-paadimootorid\\\/paadimootor-tohatsu-mfs-15-es\\\/#breadcrumb\"},\"inLanguage\":\"et\",\"potentialAction\":[{\"@type\":\"ReadAction\",\"target\":[\"https:\\\/\\\/nordlinepaadid.ee\\\/et\\\/pood\\\/tohatsu-paadimootorid\\\/paadimootor-tohatsu-mfs-15-es\\\/\"]}]},{\"@type\":\"ImageObject\",\"inLanguage\":\"et\",\"@id\":\"https:\\\/\\\/nordlinepaadid.ee\\\/et\\\/pood\\\/tohatsu-paadimootorid\\\/paadimootor-tohatsu-mfs-15-es\\\/#primaryimage\",\"url\":\"https:\\\/\\\/nordlinepaadid.ee\\\/wp-content\\\/uploads\\\/2021\\\/01\\\/Paadimootor-Tohatsu-15HJ.jpg\",\"contentUrl\":\"https:\\\/\\\/nordlinepaadid.ee\\\/wp-content\\\/uploads\\\/2021\\\/01\\\/Paadimootor-Tohatsu-15HJ.jpg\",\"width\":600,\"height\":600,\"caption\":\"Paadimootor Tohatsu 15HJ\"},{\"@type\":\"BreadcrumbList\",\"@id\":\"https:\\\/\\\/nordlinepaadid.ee\\\/et\\\/pood\\\/tohatsu-paadimootorid\\\/paadimootor-tohatsu-mfs-15-es\\\/#breadcrumb\",\"itemListElement\":[{\"@type\":\"ListItem\",\"position\":1,\"name\":\"Home\",\"item\":\"https:\\\/\\\/nordlinepaadid.ee\\\/et\\\/\"},{\"@type\":\"ListItem\",\"position\":2,\"name\":\"Pood\",\"item\":\"https:\\\/\\\/nordlinepaadid.ee\\\/et\\\/pood\\\/\"},{\"@type\":\"ListItem\",\"position\":3,\"name\":\"Paadimootor Tohatsu MFS 15 ES\"}]},{\"@type\":\"WebSite\",\"@id\":\"https:\\\/\\\/nordlinepaadid.ee\\\/et\\\/#website\",\"url\":\"https:\\\/\\\/nordlinepaadid.ee\\\/et\\\/\",\"name\":\"NORDLINE s\u00f5udepaadid ja mootorpaadid. Klaasfiiber materjalist.\",\"description\":\"\",\"publisher\":{\"@id\":\"https:\\\/\\\/nordlinepaadid.ee\\\/et\\\/#organization\"},\"potentialAction\":[{\"@type\":\"SearchAction\",\"target\":{\"@type\":\"EntryPoint\",\"urlTemplate\":\"https:\\\/\\\/nordlinepaadid.ee\\\/et\\\/?s={search_term_string}\"},\"query-input\":{\"@type\":\"PropertyValueSpecification\",\"valueRequired\":true,\"valueName\":\"search_term_string\"}}],\"inLanguage\":\"et\"},{\"@type\":\"Organization\",\"@id\":\"https:\\\/\\\/nordlinepaadid.ee\\\/et\\\/#organization\",\"name\":\"Nordlineboats\",\"url\":\"https:\\\/\\\/nordlinepaadid.ee\\\/et\\\/\",\"logo\":{\"@type\":\"ImageObject\",\"inLanguage\":\"et\",\"@id\":\"https:\\\/\\\/nordlinepaadid.ee\\\/et\\\/#\\\/schema\\\/logo\\\/image\\\/\",\"url\":\"https:\\\/\\\/nordlinepaadid.ee\\\/wp-content\\\/uploads\\\/2023\\\/01\\\/fulllogo_transparent_nobuffer-e1672750475494.png\",\"contentUrl\":\"https:\\\/\\\/nordlinepaadid.ee\\\/wp-content\\\/uploads\\\/2023\\\/01\\\/fulllogo_transparent_nobuffer-e1672750475494.png\",\"width\":150,\"height\":119,\"caption\":\"Nordlineboats\"},\"image\":{\"@id\":\"https:\\\/\\\/nordlinepaadid.ee\\\/et\\\/#\\\/schema\\\/logo\\\/image\\\/\"},\"sameAs\":[\"https:\\\/\\\/www.facebook.com\\\/nordlineboats\",\"https:\\\/\\\/www.youtube.com\\\/channel\\\/UCbgF0fy02y3QkFnujaLTaCA\"]}]}<\/script>\n<!-- \/ Yoast SEO plugin. -->","yoast_head_json":{"title":"Paadimootor TOHATSU 15HJ - garantii 5 a. NORDLINEBOATS","description":"Paadimootor Tohatsu on kahe silindriline, k\u00e4sijuhtimisega 43kg kaaluv p\u00e4ramootor. Saadaval elektri k\u00e4ivitus, kaugjuhtimine ja el. trimm","robots":{"index":"index","follow":"follow","max-snippet":"max-snippet:-1","max-image-preview":"max-image-preview:large","max-video-preview":"max-video-preview:-1"},"canonical":"https:\/\/nordlinepaadid.ee\/et\/pood\/tohatsu-paadimootorid\/paadimootor-tohatsu-mfs-15-es\/","og_locale":"et_EE","og_type":"article","og_title":"Paadimootor TOHATSU 15HJ - garantii 5 a. NORDLINEBOATS","og_description":"Paadimootor Tohatsu on kahe silindriline, k\u00e4sijuhtimisega 43kg kaaluv p\u00e4ramootor. Saadaval elektri k\u00e4ivitus, kaugjuhtimine ja el. trimm","og_url":"https:\/\/nordlinepaadid.ee\/et\/pood\/tohatsu-paadimootorid\/paadimootor-tohatsu-mfs-15-es\/","og_site_name":"NORDLINE s\u00f5udepaadid ja mootorpaadid. Klaasfiiber materjalist.","article_publisher":"https:\/\/www.facebook.com\/nordlineboats","article_modified_time":"2026-04-19T13:02:46+00:00","og_image":[{"width":600,"height":600,"url":"https:\/\/nordlinepaadid.ee\/wp-content\/uploads\/2021\/01\/Paadimootor-Tohatsu-15HJ.jpg","type":"image\/jpeg"}],"twitter_card":"summary_large_image","twitter_misc":{"Est. reading time":"3 minutit"},"schema":{"@context":"https:\/\/schema.org","@graph":[{"@type":"WebPage","@id":"https:\/\/nordlinepaadid.ee\/et\/pood\/tohatsu-paadimootorid\/paadimootor-tohatsu-mfs-15-es\/","url":"https:\/\/nordlinepaadid.ee\/et\/pood\/tohatsu-paadimootorid\/paadimootor-tohatsu-mfs-15-es\/","name":"Paadimootor TOHATSU 15HJ - garantii 5 a. NORDLINEBOATS","isPartOf":{"@id":"https:\/\/nordlinepaadid.ee\/et\/#website"},"primaryImageOfPage":{"@id":"https:\/\/nordlinepaadid.ee\/et\/pood\/tohatsu-paadimootorid\/paadimootor-tohatsu-mfs-15-es\/#primaryimage"},"image":{"@id":"https:\/\/nordlinepaadid.ee\/et\/pood\/tohatsu-paadimootorid\/paadimootor-tohatsu-mfs-15-es\/#primaryimage"},"thumbnailUrl":"https:\/\/nordlinepaadid.ee\/wp-content\/uploads\/2021\/01\/Paadimootor-Tohatsu-15HJ.jpg","datePublished":"2021-01-17T11:14:22+00:00","dateModified":"2026-04-19T13:02:46+00:00","description":"Paadimootor Tohatsu on kahe silindriline, k\u00e4sijuhtimisega 43kg kaaluv p\u00e4ramootor. Saadaval elektri k\u00e4ivitus, kaugjuhtimine ja el. trimm","breadcrumb":{"@id":"https:\/\/nordlinepaadid.ee\/et\/pood\/tohatsu-paadimootorid\/paadimootor-tohatsu-mfs-15-es\/#breadcrumb"},"inLanguage":"et","potentialAction":[{"@type":"ReadAction","target":["https:\/\/nordlinepaadid.ee\/et\/pood\/tohatsu-paadimootorid\/paadimootor-tohatsu-mfs-15-es\/"]}]},{"@type":"ImageObject","inLanguage":"et","@id":"https:\/\/nordlinepaadid.ee\/et\/pood\/tohatsu-paadimootorid\/paadimootor-tohatsu-mfs-15-es\/#primaryimage","url":"https:\/\/nordlinepaadid.ee\/wp-content\/uploads\/2021\/01\/Paadimootor-Tohatsu-15HJ.jpg","contentUrl":"https:\/\/nordlinepaadid.ee\/wp-content\/uploads\/2021\/01\/Paadimootor-Tohatsu-15HJ.jpg","width":600,"height":600,"caption":"Paadimootor Tohatsu 15HJ"},{"@type":"BreadcrumbList","@id":"https:\/\/nordlinepaadid.ee\/et\/pood\/tohatsu-paadimootorid\/paadimootor-tohatsu-mfs-15-es\/#breadcrumb","itemListElement":[{"@type":"ListItem","position":1,"name":"Home","item":"https:\/\/nordlinepaadid.ee\/et\/"},{"@type":"ListItem","position":2,"name":"Pood","item":"https:\/\/nordlinepaadid.ee\/et\/pood\/"},{"@type":"ListItem","position":3,"name":"Paadimootor Tohatsu MFS 15 ES"}]},{"@type":"WebSite","@id":"https:\/\/nordlinepaadid.ee\/et\/#website","url":"https:\/\/nordlinepaadid.ee\/et\/","name":"NORDLINE s\u00f5udepaadid ja mootorpaadid. Klaasfiiber materjalist.","description":"","publisher":{"@id":"https:\/\/nordlinepaadid.ee\/et\/#organization"},"potentialAction":[{"@type":"SearchAction","target":{"@type":"EntryPoint","urlTemplate":"https:\/\/nordlinepaadid.ee\/et\/?s={search_term_string}"},"query-input":{"@type":"PropertyValueSpecification","valueRequired":true,"valueName":"search_term_string"}}],"inLanguage":"et"},{"@type":"Organization","@id":"https:\/\/nordlinepaadid.ee\/et\/#organization","name":"Nordlineboats","url":"https:\/\/nordlinepaadid.ee\/et\/","logo":{"@type":"ImageObject","inLanguage":"et","@id":"https:\/\/nordlinepaadid.ee\/et\/#\/schema\/logo\/image\/","url":"https:\/\/nordlinepaadid.ee\/wp-content\/uploads\/2023\/01\/fulllogo_transparent_nobuffer-e1672750475494.png","contentUrl":"https:\/\/nordlinepaadid.ee\/wp-content\/uploads\/2023\/01\/fulllogo_transparent_nobuffer-e1672750475494.png","width":150,"height":119,"caption":"Nordlineboats"},"image":{"@id":"https:\/\/nordlinepaadid.ee\/et\/#\/schema\/logo\/image\/"},"sameAs":["https:\/\/www.facebook.com\/nordlineboats","https:\/\/www.youtube.com\/channel\/UCbgF0fy02y3QkFnujaLTaCA"]}]}},"taxonomy_info":{"product_cat":[{"value":155,"label":"TOHATSU PAADIMOOTORID"}]},"featured_image_src_large":["https:\/\/nordlinepaadid.ee\/wp-content\/uploads\/2021\/01\/Paadimootor-Tohatsu-15HJ.jpg",600,600,false],"author_info":[],"comment_info":"","_links":{"self":[{"href":"https:\/\/nordlinepaadid.ee\/et\/wp-json\/wp\/v2\/product\/4170","targetHints":{"allow":["GET"]}}],"collection":[{"href":"https:\/\/nordlinepaadid.ee\/et\/wp-json\/wp\/v2\/product"}],"about":[{"href":"https:\/\/nordlinepaadid.ee\/et\/wp-json\/wp\/v2\/types\/product"}],"wp:featuredmedia":[{"embeddable":true,"href":"https:\/\/nordlinepaadid.ee\/et\/wp-json\/wp\/v2\/media\/4171"}],"wp:attachment":[{"href":"https:\/\/nordlinepaadid.ee\/et\/wp-json\/wp\/v2\/media?parent=4170"}],"wp:term":[{"taxonomy":"product_brand","embeddable":true,"href":"https:\/\/nordlinepaadid.ee\/et\/wp-json\/wp\/v2\/product_brand?post=4170"},{"taxonomy":"product_cat","embeddable":true,"href":"https:\/\/nordlinepaadid.ee\/et\/wp-json\/wp\/v2\/product_cat?post=4170"},{"taxonomy":"product_tag","embeddable":true,"href":"https:\/\/nordlinepaadid.ee\/et\/wp-json\/wp\/v2\/product_tag?post=4170"}],"curies":[{"name":"wp","href":"https:\/\/api.w.org\/{rel}","templated":true}]}}