{"id":42789,"date":"2026-04-07T03:18:04","date_gmt":"2026-04-07T00:18:04","guid":{"rendered":"https:\/\/nordlinepaadid.ee\/toode\/maaratlemata\/poleerimisvahend-autosol-marine-super-gloss-1-l\/"},"modified":"2026-04-09T00:00:49","modified_gmt":"2026-04-08T21:00:49","slug":"poleerimisvahend-autosol-marine-super-gloss-1-l","status":"publish","type":"product","link":"https:\/\/nordlinepaadid.ee\/et\/pood\/paadihooldusvahendid\/poleerimisvahend-autosol-marine-super-gloss-1-l\/","title":{"rendered":"POLEERIMISVAHEND- AUTOSOL, MARINE SUPER GLOSS, 1 l"},"content":{"rendered":"<p>Marine Super Gloss Polish tekitab k\u00f5rgeima l\u00e4ike. See on v\u00e4lja t\u00f6\u00f6tatud lihvimisj\u00e4lgede ja hologrammide, mille on p\u00f5hjustanud masina poleerimine v\u00f5i keskkonnam\u00f5jud, veatuks eemaldamiseks. Marine Super Gloss Polish annab pindadele ja v\u00e4rvile s\u00e4rava l\u00e4ike. Sobib k\u00f5igile klaaskiust\/plastik v\u00f5i v\u00e4rvitud pindadele. On m\u00f5eldud nii uutele kui ka puhastatud pindadele. Silikoonivaba. Eemaldab lihvimisj\u00e4ljed (P3.000). Sobilik kasutatamiseks teise sammuna p\u00e4rast Autosol Marine Compund-i kasutamist.<\/p>\n<p>&#13;<\/p>\n<p><iframe loading=\"lazy\" allowfullscreen=\"\" frameborder=\"0\" height=\"360\" src=\"\/\/www.youtube.com\/embed\/c_dDy5CCYb0\" width=\"640\"><\/iframe><\/p>\n<p>&#13;<\/p>\n","protected":false},"excerpt":{"rendered":"<p>Marine Super Gloss Polish tekitab k\u00f5rgeima l\u00e4ike. See on v\u00e4lja t\u00f6\u00f6tatud lihvimisj\u00e4lgede ja hologrammide, mille on p\u00f5hjustanud masina poleerimine v\u00f5i keskkonnam\u00f5jud, veatuks eemaldamiseks. Marine Super Gloss Polish annab pindadele ja v\u00e4rvile s\u00e4rava l\u00e4ike. Sobib k\u00f5igile klaaskiust\/plastik v\u00f5i v\u00e4rvitud pindadele. On m\u00f5eldud nii uutele kui ka puhastatud pindadele. Silikoonivaba. Eemaldab lihvimisj\u00e4ljed (P3.000). Sobilik kasutatamiseks teise sammuna&#8230;<\/p>\n","protected":false},"featured_media":42790,"template":"","meta":{"_kad_blocks_custom_css":"","_kad_blocks_head_custom_js":"","_kad_blocks_body_custom_js":"","_kad_blocks_footer_custom_js":"","_kad_post_transparent":"","_kad_post_title":"","_kad_post_layout":"","_kad_post_sidebar_id":"","_kad_post_content_style":"","_kad_post_vertical_padding":"","_kad_post_feature":"","_kad_post_feature_position":"","_kad_post_header":false,"_kad_post_footer":false,"_kad_post_classname":""},"product_brand":[],"product_cat":[354,284],"product_tag":[],"class_list":{"0":"post-42789","1":"product","2":"type-product","3":"status-publish","4":"has-post-thumbnail","6":"product_cat-outlet","7":"product_cat-paadihooldusvahendid","8":"pa_producer-dursol","9":"pa_unit-l","10":"tm-no-options","12":"first","13":"onbackorder","14":"sale","15":"taxable","16":"shipping-taxable","17":"purchasable","18":"product-type-simple","19":"entry","20":"content-bg","21":"loop-entry"},"yoast_head":"<!-- This site is optimized with the Yoast SEO plugin v27.3 - https:\/\/yoast.com\/product\/yoast-seo-wordpress\/ -->\n<title>POLEERIMISVAHEND- AUTOSOL, MARINE SUPER GLOSS, 1 l - NORDLINE s\u00f5udepaadid ja mootorpaadid. Klaasfiiber materjalist.<\/title>\n<meta name=\"robots\" content=\"index, follow, max-snippet:-1, max-image-preview:large, max-video-preview:-1\" \/>\n<link rel=\"canonical\" href=\"https:\/\/nordlinepaadid.ee\/et\/pood\/paadihooldusvahendid\/poleerimisvahend-autosol-marine-super-gloss-1-l\/\" \/>\n<meta property=\"og:locale\" content=\"et_EE\" \/>\n<meta property=\"og:type\" content=\"article\" \/>\n<meta property=\"og:title\" content=\"POLEERIMISVAHEND- AUTOSOL, MARINE SUPER GLOSS, 1 l - NORDLINE s\u00f5udepaadid ja mootorpaadid. Klaasfiiber materjalist.\" \/>\n<meta property=\"og:description\" content=\"Marine Super Gloss Polish tekitab k\u00f5rgeima l\u00e4ike. See on v\u00e4lja t\u00f6\u00f6tatud lihvimisj\u00e4lgede ja hologrammide, mille on p\u00f5hjustanud masina poleerimine v\u00f5i keskkonnam\u00f5jud, veatuks eemaldamiseks. Marine Super Gloss Polish annab pindadele ja v\u00e4rvile s\u00e4rava l\u00e4ike. Sobib k\u00f5igile klaaskiust\/plastik v\u00f5i v\u00e4rvitud pindadele. On m\u00f5eldud nii uutele kui ka puhastatud pindadele. Silikoonivaba. Eemaldab lihvimisj\u00e4ljed (P3.000). Sobilik kasutatamiseks teise sammuna...\" \/>\n<meta property=\"og:url\" content=\"https:\/\/nordlinepaadid.ee\/et\/pood\/paadihooldusvahendid\/poleerimisvahend-autosol-marine-super-gloss-1-l\/\" \/>\n<meta property=\"og:site_name\" content=\"NORDLINE s\u00f5udepaadid ja mootorpaadid. Klaasfiiber materjalist.\" \/>\n<meta property=\"article:publisher\" content=\"https:\/\/www.facebook.com\/nordlineboats\" \/>\n<meta property=\"article:modified_time\" content=\"2026-04-08T21:00:49+00:00\" \/>\n<meta property=\"og:image\" content=\"https:\/\/nordlinepaadid.ee\/wp-content\/uploads\/2024\/05\/7149_11-053100-High_Performance_Marine-Super_Gloss_Polish-Flasche_1000ml-Shop_480x480.png\" \/>\n\t<meta property=\"og:image:width\" content=\"480\" \/>\n\t<meta property=\"og:image:height\" content=\"480\" \/>\n\t<meta property=\"og:image:type\" content=\"image\/png\" \/>\n<meta name=\"twitter:card\" content=\"summary_large_image\" \/>\n<script type=\"application\/ld+json\" class=\"yoast-schema-graph\">{\"@context\":\"https:\\\/\\\/schema.org\",\"@graph\":[{\"@type\":\"WebPage\",\"@id\":\"https:\\\/\\\/nordlinepaadid.ee\\\/et\\\/pood\\\/paadihooldusvahendid\\\/poleerimisvahend-autosol-marine-super-gloss-1-l\\\/\",\"url\":\"https:\\\/\\\/nordlinepaadid.ee\\\/et\\\/pood\\\/paadihooldusvahendid\\\/poleerimisvahend-autosol-marine-super-gloss-1-l\\\/\",\"name\":\"POLEERIMISVAHEND- AUTOSOL, MARINE SUPER GLOSS, 1 l - NORDLINE s\u00f5udepaadid ja mootorpaadid. Klaasfiiber materjalist.\",\"isPartOf\":{\"@id\":\"https:\\\/\\\/nordlinepaadid.ee\\\/et\\\/#website\"},\"primaryImageOfPage\":{\"@id\":\"https:\\\/\\\/nordlinepaadid.ee\\\/et\\\/pood\\\/paadihooldusvahendid\\\/poleerimisvahend-autosol-marine-super-gloss-1-l\\\/#primaryimage\"},\"image\":{\"@id\":\"https:\\\/\\\/nordlinepaadid.ee\\\/et\\\/pood\\\/paadihooldusvahendid\\\/poleerimisvahend-autosol-marine-super-gloss-1-l\\\/#primaryimage\"},\"thumbnailUrl\":\"https:\\\/\\\/nordlinepaadid.ee\\\/wp-content\\\/uploads\\\/2024\\\/05\\\/7149_11-053100-High_Performance_Marine-Super_Gloss_Polish-Flasche_1000ml-Shop_480x480.png\",\"datePublished\":\"2026-04-07T00:18:04+00:00\",\"dateModified\":\"2026-04-08T21:00:49+00:00\",\"breadcrumb\":{\"@id\":\"https:\\\/\\\/nordlinepaadid.ee\\\/et\\\/pood\\\/paadihooldusvahendid\\\/poleerimisvahend-autosol-marine-super-gloss-1-l\\\/#breadcrumb\"},\"inLanguage\":\"et\",\"potentialAction\":[{\"@type\":\"ReadAction\",\"target\":[\"https:\\\/\\\/nordlinepaadid.ee\\\/et\\\/pood\\\/paadihooldusvahendid\\\/poleerimisvahend-autosol-marine-super-gloss-1-l\\\/\"]}]},{\"@type\":\"ImageObject\",\"inLanguage\":\"et\",\"@id\":\"https:\\\/\\\/nordlinepaadid.ee\\\/et\\\/pood\\\/paadihooldusvahendid\\\/poleerimisvahend-autosol-marine-super-gloss-1-l\\\/#primaryimage\",\"url\":\"https:\\\/\\\/nordlinepaadid.ee\\\/wp-content\\\/uploads\\\/2024\\\/05\\\/7149_11-053100-High_Performance_Marine-Super_Gloss_Polish-Flasche_1000ml-Shop_480x480.png\",\"contentUrl\":\"https:\\\/\\\/nordlinepaadid.ee\\\/wp-content\\\/uploads\\\/2024\\\/05\\\/7149_11-053100-High_Performance_Marine-Super_Gloss_Polish-Flasche_1000ml-Shop_480x480.png\",\"width\":480,\"height\":480},{\"@type\":\"BreadcrumbList\",\"@id\":\"https:\\\/\\\/nordlinepaadid.ee\\\/et\\\/pood\\\/paadihooldusvahendid\\\/poleerimisvahend-autosol-marine-super-gloss-1-l\\\/#breadcrumb\",\"itemListElement\":[{\"@type\":\"ListItem\",\"position\":1,\"name\":\"Home\",\"item\":\"https:\\\/\\\/nordlinepaadid.ee\\\/et\\\/\"},{\"@type\":\"ListItem\",\"position\":2,\"name\":\"Pood\",\"item\":\"https:\\\/\\\/nordlinepaadid.ee\\\/et\\\/pood\\\/\"},{\"@type\":\"ListItem\",\"position\":3,\"name\":\"POLEERIMISVAHEND- AUTOSOL, MARINE SUPER GLOSS, 1 l\"}]},{\"@type\":\"WebSite\",\"@id\":\"https:\\\/\\\/nordlinepaadid.ee\\\/et\\\/#website\",\"url\":\"https:\\\/\\\/nordlinepaadid.ee\\\/et\\\/\",\"name\":\"NORDLINE s\u00f5udepaadid ja mootorpaadid. Klaasfiiber materjalist.\",\"description\":\"\",\"publisher\":{\"@id\":\"https:\\\/\\\/nordlinepaadid.ee\\\/et\\\/#organization\"},\"potentialAction\":[{\"@type\":\"SearchAction\",\"target\":{\"@type\":\"EntryPoint\",\"urlTemplate\":\"https:\\\/\\\/nordlinepaadid.ee\\\/et\\\/?s={search_term_string}\"},\"query-input\":{\"@type\":\"PropertyValueSpecification\",\"valueRequired\":true,\"valueName\":\"search_term_string\"}}],\"inLanguage\":\"et\"},{\"@type\":\"Organization\",\"@id\":\"https:\\\/\\\/nordlinepaadid.ee\\\/et\\\/#organization\",\"name\":\"Nordlineboats\",\"url\":\"https:\\\/\\\/nordlinepaadid.ee\\\/et\\\/\",\"logo\":{\"@type\":\"ImageObject\",\"inLanguage\":\"et\",\"@id\":\"https:\\\/\\\/nordlinepaadid.ee\\\/et\\\/#\\\/schema\\\/logo\\\/image\\\/\",\"url\":\"https:\\\/\\\/nordlinepaadid.ee\\\/wp-content\\\/uploads\\\/2023\\\/01\\\/fulllogo_transparent_nobuffer-e1672750475494.png\",\"contentUrl\":\"https:\\\/\\\/nordlinepaadid.ee\\\/wp-content\\\/uploads\\\/2023\\\/01\\\/fulllogo_transparent_nobuffer-e1672750475494.png\",\"width\":150,\"height\":119,\"caption\":\"Nordlineboats\"},\"image\":{\"@id\":\"https:\\\/\\\/nordlinepaadid.ee\\\/et\\\/#\\\/schema\\\/logo\\\/image\\\/\"},\"sameAs\":[\"https:\\\/\\\/www.facebook.com\\\/nordlineboats\",\"https:\\\/\\\/www.youtube.com\\\/channel\\\/UCbgF0fy02y3QkFnujaLTaCA\"]}]}<\/script>\n<!-- \/ Yoast SEO plugin. -->","yoast_head_json":{"title":"POLEERIMISVAHEND- AUTOSOL, MARINE SUPER GLOSS, 1 l - NORDLINE s\u00f5udepaadid ja mootorpaadid. Klaasfiiber materjalist.","robots":{"index":"index","follow":"follow","max-snippet":"max-snippet:-1","max-image-preview":"max-image-preview:large","max-video-preview":"max-video-preview:-1"},"canonical":"https:\/\/nordlinepaadid.ee\/et\/pood\/paadihooldusvahendid\/poleerimisvahend-autosol-marine-super-gloss-1-l\/","og_locale":"et_EE","og_type":"article","og_title":"POLEERIMISVAHEND- AUTOSOL, MARINE SUPER GLOSS, 1 l - NORDLINE s\u00f5udepaadid ja mootorpaadid. Klaasfiiber materjalist.","og_description":"Marine Super Gloss Polish tekitab k\u00f5rgeima l\u00e4ike. See on v\u00e4lja t\u00f6\u00f6tatud lihvimisj\u00e4lgede ja hologrammide, mille on p\u00f5hjustanud masina poleerimine v\u00f5i keskkonnam\u00f5jud, veatuks eemaldamiseks. Marine Super Gloss Polish annab pindadele ja v\u00e4rvile s\u00e4rava l\u00e4ike. Sobib k\u00f5igile klaaskiust\/plastik v\u00f5i v\u00e4rvitud pindadele. On m\u00f5eldud nii uutele kui ka puhastatud pindadele. Silikoonivaba. Eemaldab lihvimisj\u00e4ljed (P3.000). Sobilik kasutatamiseks teise sammuna...","og_url":"https:\/\/nordlinepaadid.ee\/et\/pood\/paadihooldusvahendid\/poleerimisvahend-autosol-marine-super-gloss-1-l\/","og_site_name":"NORDLINE s\u00f5udepaadid ja mootorpaadid. Klaasfiiber materjalist.","article_publisher":"https:\/\/www.facebook.com\/nordlineboats","article_modified_time":"2026-04-08T21:00:49+00:00","og_image":[{"width":480,"height":480,"url":"https:\/\/nordlinepaadid.ee\/wp-content\/uploads\/2024\/05\/7149_11-053100-High_Performance_Marine-Super_Gloss_Polish-Flasche_1000ml-Shop_480x480.png","type":"image\/png"}],"twitter_card":"summary_large_image","schema":{"@context":"https:\/\/schema.org","@graph":[{"@type":"WebPage","@id":"https:\/\/nordlinepaadid.ee\/et\/pood\/paadihooldusvahendid\/poleerimisvahend-autosol-marine-super-gloss-1-l\/","url":"https:\/\/nordlinepaadid.ee\/et\/pood\/paadihooldusvahendid\/poleerimisvahend-autosol-marine-super-gloss-1-l\/","name":"POLEERIMISVAHEND- AUTOSOL, MARINE SUPER GLOSS, 1 l - NORDLINE s\u00f5udepaadid ja mootorpaadid. Klaasfiiber materjalist.","isPartOf":{"@id":"https:\/\/nordlinepaadid.ee\/et\/#website"},"primaryImageOfPage":{"@id":"https:\/\/nordlinepaadid.ee\/et\/pood\/paadihooldusvahendid\/poleerimisvahend-autosol-marine-super-gloss-1-l\/#primaryimage"},"image":{"@id":"https:\/\/nordlinepaadid.ee\/et\/pood\/paadihooldusvahendid\/poleerimisvahend-autosol-marine-super-gloss-1-l\/#primaryimage"},"thumbnailUrl":"https:\/\/nordlinepaadid.ee\/wp-content\/uploads\/2024\/05\/7149_11-053100-High_Performance_Marine-Super_Gloss_Polish-Flasche_1000ml-Shop_480x480.png","datePublished":"2026-04-07T00:18:04+00:00","dateModified":"2026-04-08T21:00:49+00:00","breadcrumb":{"@id":"https:\/\/nordlinepaadid.ee\/et\/pood\/paadihooldusvahendid\/poleerimisvahend-autosol-marine-super-gloss-1-l\/#breadcrumb"},"inLanguage":"et","potentialAction":[{"@type":"ReadAction","target":["https:\/\/nordlinepaadid.ee\/et\/pood\/paadihooldusvahendid\/poleerimisvahend-autosol-marine-super-gloss-1-l\/"]}]},{"@type":"ImageObject","inLanguage":"et","@id":"https:\/\/nordlinepaadid.ee\/et\/pood\/paadihooldusvahendid\/poleerimisvahend-autosol-marine-super-gloss-1-l\/#primaryimage","url":"https:\/\/nordlinepaadid.ee\/wp-content\/uploads\/2024\/05\/7149_11-053100-High_Performance_Marine-Super_Gloss_Polish-Flasche_1000ml-Shop_480x480.png","contentUrl":"https:\/\/nordlinepaadid.ee\/wp-content\/uploads\/2024\/05\/7149_11-053100-High_Performance_Marine-Super_Gloss_Polish-Flasche_1000ml-Shop_480x480.png","width":480,"height":480},{"@type":"BreadcrumbList","@id":"https:\/\/nordlinepaadid.ee\/et\/pood\/paadihooldusvahendid\/poleerimisvahend-autosol-marine-super-gloss-1-l\/#breadcrumb","itemListElement":[{"@type":"ListItem","position":1,"name":"Home","item":"https:\/\/nordlinepaadid.ee\/et\/"},{"@type":"ListItem","position":2,"name":"Pood","item":"https:\/\/nordlinepaadid.ee\/et\/pood\/"},{"@type":"ListItem","position":3,"name":"POLEERIMISVAHEND- AUTOSOL, MARINE SUPER GLOSS, 1 l"}]},{"@type":"WebSite","@id":"https:\/\/nordlinepaadid.ee\/et\/#website","url":"https:\/\/nordlinepaadid.ee\/et\/","name":"NORDLINE s\u00f5udepaadid ja mootorpaadid. Klaasfiiber materjalist.","description":"","publisher":{"@id":"https:\/\/nordlinepaadid.ee\/et\/#organization"},"potentialAction":[{"@type":"SearchAction","target":{"@type":"EntryPoint","urlTemplate":"https:\/\/nordlinepaadid.ee\/et\/?s={search_term_string}"},"query-input":{"@type":"PropertyValueSpecification","valueRequired":true,"valueName":"search_term_string"}}],"inLanguage":"et"},{"@type":"Organization","@id":"https:\/\/nordlinepaadid.ee\/et\/#organization","name":"Nordlineboats","url":"https:\/\/nordlinepaadid.ee\/et\/","logo":{"@type":"ImageObject","inLanguage":"et","@id":"https:\/\/nordlinepaadid.ee\/et\/#\/schema\/logo\/image\/","url":"https:\/\/nordlinepaadid.ee\/wp-content\/uploads\/2023\/01\/fulllogo_transparent_nobuffer-e1672750475494.png","contentUrl":"https:\/\/nordlinepaadid.ee\/wp-content\/uploads\/2023\/01\/fulllogo_transparent_nobuffer-e1672750475494.png","width":150,"height":119,"caption":"Nordlineboats"},"image":{"@id":"https:\/\/nordlinepaadid.ee\/et\/#\/schema\/logo\/image\/"},"sameAs":["https:\/\/www.facebook.com\/nordlineboats","https:\/\/www.youtube.com\/channel\/UCbgF0fy02y3QkFnujaLTaCA"]}]}},"taxonomy_info":{"product_cat":[{"value":354,"label":"L\u00d5PUM\u00dc\u00dcK \/ OUTLET"},{"value":284,"label":"PAADIHOOLDUSVAHENDID"}],"pa_producer":[{"value":520,"label":"Dursol"}],"pa_unit":[{"value":468,"label":"l"}]},"featured_image_src_large":["https:\/\/nordlinepaadid.ee\/wp-content\/uploads\/2024\/05\/7149_11-053100-High_Performance_Marine-Super_Gloss_Polish-Flasche_1000ml-Shop_480x480.png",480,480,false],"author_info":[],"comment_info":"","_links":{"self":[{"href":"https:\/\/nordlinepaadid.ee\/et\/wp-json\/wp\/v2\/product\/42789","targetHints":{"allow":["GET"]}}],"collection":[{"href":"https:\/\/nordlinepaadid.ee\/et\/wp-json\/wp\/v2\/product"}],"about":[{"href":"https:\/\/nordlinepaadid.ee\/et\/wp-json\/wp\/v2\/types\/product"}],"wp:featuredmedia":[{"embeddable":true,"href":"https:\/\/nordlinepaadid.ee\/et\/wp-json\/wp\/v2\/media\/42790"}],"wp:attachment":[{"href":"https:\/\/nordlinepaadid.ee\/et\/wp-json\/wp\/v2\/media?parent=42789"}],"wp:term":[{"taxonomy":"product_brand","embeddable":true,"href":"https:\/\/nordlinepaadid.ee\/et\/wp-json\/wp\/v2\/product_brand?post=42789"},{"taxonomy":"product_cat","embeddable":true,"href":"https:\/\/nordlinepaadid.ee\/et\/wp-json\/wp\/v2\/product_cat?post=42789"},{"taxonomy":"product_tag","embeddable":true,"href":"https:\/\/nordlinepaadid.ee\/et\/wp-json\/wp\/v2\/product_tag?post=42789"}],"curies":[{"name":"wp","href":"https:\/\/api.w.org\/{rel}","templated":true}]}}