{"id":42848,"date":"2026-04-07T03:21:31","date_gmt":"2026-04-07T00:21:31","guid":{"rendered":"https:\/\/nordlinepaadid.ee\/toode\/maaratlemata\/allveedroon-chasing-m2-pro-200m\/"},"modified":"2026-04-07T03:21:31","modified_gmt":"2026-04-07T00:21:31","slug":"allveedroon-chasing-m2-pro-200m","status":"publish","type":"product","link":"https:\/\/nordlinepaadid.ee\/et\/pood\/navigatsiooni-vahendid\/underwater_drones-eng\/allveedroon-chasing-m2-pro-200m\/","title":{"rendered":"ALLVEEDROON- CHASING M2 PRO 200M"},"content":{"rendered":"<p style=\"text-align:justify\">CHASING M2 Pro-l on 8 sellise paigutusega propellerit, et v\u00f5imaldavad allveedrooni liigutada mistahes suunas. V\u00f5rreldes CHASING M2-ga on M2 Pro mootorid t\u00e4iustatud ning 50% v\u00f5rra v\u00f5imsamad. Maksimaalne kiirus on 4 s\u00f5lme. Maksimaalne lubatav sukeldumiss\u00fcgavus 150 meetrit. Maksimaalne horisontaalne liikumisraadius kuni 400 meetrit (koos lisavarustusena m\u00fc\u00fcdava 400 m kaabliga). Lisaks seadme vahetatavale akule on M2 PRO allveedrooni v\u00f5imalik toita ka vahelduvvooluv\u00f5rgust, millega saavutate piiramatu t\u00f6\u00f6aja.<\/p>\n<p>&#13;<br \/>\n&#13;<\/p>\n<p style=\"text-align:justify\">CHASING M2 PRO \u00fchildub v\u00e4ga paljude lisaseadmetega, nagu Grabber Claw, Floodlight ja laserm\u00f5\u00f5teseade, juhtimiskonsool (suure heledusega ekraan), dokkimisjaam, USBL veealune positsioneerimisseade, suurem 700 Wh aku, multibeam sonar, lisakaamera jpm. CHASING M2 Pro omab 4K\/1080p ja 12 megapikslise EIS pildistabilisaatoriga kaamerat, 4000 luumeni LED-tulesid, eemaldatavat akut ja eemaldatavat Micro SD m\u00e4lukaarti. Kompaktne alumiiniumisulamist korpus on kerge (kaalub alla 6 kg) ning seet\u00f5ttu on M2 PRO \u00fche inimese poolt opereeritav ning modulaarsus v\u00f5imaldab selle vette lasta vaid 3 minutiga.CHASING M2 Pro on teie kaasaskantav, h\u00f5lpsasti kasutatav ja usaldusv\u00e4\u00e4rne allveedroon.<\/p>\n<p>&#13;<br \/>\n&#13;<\/p>\n<p style=\"text-align:justify\">&nbsp;<\/p>\n<p>&#13;<br \/>\n&#13;<\/p>\n<p style=\"text-align:justify\"><strong>Mis on karbis: <\/strong><\/p>\n<p>&#13;<br \/>\n&#13;<\/p>\n<ul>&#13;<\/p>\n<li style=\"text-align:justify\">1 Chasing M2Pro droon<\/li>\n<p>&#13;<\/p>\n<li style=\"text-align:justify\">1 Chasing kaugjuhtimispult<\/li>\n<p>&#13;<\/p>\n<li style=\"text-align:justify\">1 Chasing 200 m juhtkaabel kaablipoolil<\/li>\n<p>&#13;<\/p>\n<li style=\"text-align:justify\">1 Chasing toitejuhe<\/li>\n<p>&#13;<\/p>\n<li style=\"text-align:justify\">1 Chasing toiteadapter<\/li>\n<p>&#13;<\/p>\n<li style=\"text-align:justify\">1 Chasing kandekott<\/li>\n<p>&#13;<\/p>\n<li style=\"text-align:justify\">1 Chasing GoPro kinnitusalus<\/li>\n<p>&#13;<\/p>\n<li style=\"text-align:justify\">1 Chasing telefoni p\u00e4ikesevarjuk<\/li>\n<p>&#13;<\/p>\n<li style=\"text-align:justify\">1 Chasing Type-C &#8211; Type-C andmesidekaabel<\/li>\n<p>&#13;<\/p>\n<li style=\"text-align:justify\">1 Chasing Type-C &#8211; Micro-USB andmesidekaabel<\/li>\n<p>&#13;<\/p>\n<li style=\"text-align:justify\">1 Chasing Type-C valgustuse andmesidekaabel<\/li>\n<p>&#13;<\/p>\n<li style=\"text-align:justify\">1 Chasing r\u00e4tik<\/li>\n<p>&#13;<\/p>\n<li style=\"text-align:justify\">4 M3 x 8 kruvi<\/li>\n<p>&#13;<\/p>\n<li style=\"text-align:justify\">1 Chasing dokumentatsioon<\/li>\n<p>&#13;<\/p>\n<li style=\"text-align:justify\">6 Chasing Tether pesade r\u00f5ngastihendit<\/li>\n<p>&#13;<\/p>\n<li style=\"text-align:justify\">6 Chasing akukorpuse r\u00f5ngastihendit<\/li>\n<p>&#13;<\/p>\n<li style=\"text-align:justify\">6 Chasing Micro SD r\u00f5ngastihendit<\/li>\n<p>&#13;<\/p>\n<li style=\"text-align:justify\">1 128Gb MicroSD kaart<\/li>\n<p>&#13;\n<\/ul>\n<p>&#13;<br \/>\n&#13;<\/p>\n<p style=\"text-align:justify\">&nbsp;<\/p>\n<p>&#13;<\/p>\n<p><iframe loading=\"lazy\" allowfullscreen=\"\" frameborder=\"0\" height=\"360\" src=\"\/\/www.youtube.com\/embed\/pLjTR4-f-pQ\" width=\"640\"><\/iframe><\/p>\n<p>&#13;<\/p>\n","protected":false},"excerpt":{"rendered":"<p>CHASING M2 Pro-l on 8 sellise paigutusega propellerit, et v\u00f5imaldavad allveedrooni liigutada mistahes suunas. V\u00f5rreldes CHASING M2-ga on M2 Pro mootorid t\u00e4iustatud ning 50% v\u00f5rra v\u00f5imsamad. Maksimaalne kiirus on 4 s\u00f5lme. Maksimaalne lubatav sukeldumiss\u00fcgavus 150 meetrit. Maksimaalne horisontaalne liikumisraadius kuni 400 meetrit (koos lisavarustusena m\u00fc\u00fcdava 400 m kaabliga). Lisaks seadme vahetatavale akule on M2 PRO&#8230;<\/p>\n","protected":false},"featured_media":42849,"template":"","meta":{"_kad_blocks_custom_css":"","_kad_blocks_head_custom_js":"","_kad_blocks_body_custom_js":"","_kad_blocks_footer_custom_js":"","_kad_post_transparent":"","_kad_post_title":"","_kad_post_layout":"","_kad_post_sidebar_id":"","_kad_post_content_style":"","_kad_post_vertical_padding":"","_kad_post_feature":"","_kad_post_feature_position":"","_kad_post_header":false,"_kad_post_footer":false,"_kad_post_classname":""},"product_brand":[],"product_cat":[415,247],"product_tag":[],"class_list":{"0":"post-42848","1":"product","2":"type-product","3":"status-publish","4":"has-post-thumbnail","6":"product_cat-underwater_drones-eng","7":"product_cat-navigatsiooni-vahendid","8":"pa_color-oranz","9":"pa_producer-chasing","10":"pa_unit-pcs","11":"tm-no-options","13":"first","14":"onbackorder","15":"taxable","16":"shipping-taxable","17":"purchasable","18":"product-type-simple","19":"entry","20":"content-bg","21":"loop-entry"},"yoast_head":"<!-- This site is optimized with the Yoast SEO plugin v27.3 - https:\/\/yoast.com\/product\/yoast-seo-wordpress\/ -->\n<title>ALLVEEDROON- CHASING M2 PRO 200M - NORDLINE s\u00f5udepaadid ja mootorpaadid. Klaasfiiber materjalist.<\/title>\n<meta name=\"robots\" content=\"index, follow, max-snippet:-1, max-image-preview:large, max-video-preview:-1\" \/>\n<link rel=\"canonical\" href=\"https:\/\/nordlinepaadid.ee\/et\/pood\/navigatsiooni-vahendid\/underwater_drones-eng\/allveedroon-chasing-m2-pro-200m\/\" \/>\n<meta property=\"og:locale\" content=\"et_EE\" \/>\n<meta property=\"og:type\" content=\"article\" \/>\n<meta property=\"og:title\" content=\"ALLVEEDROON- CHASING M2 PRO 200M - NORDLINE s\u00f5udepaadid ja mootorpaadid. Klaasfiiber materjalist.\" \/>\n<meta property=\"og:description\" content=\"CHASING M2 Pro-l on 8 sellise paigutusega propellerit, et v\u00f5imaldavad allveedrooni liigutada mistahes suunas. V\u00f5rreldes CHASING M2-ga on M2 Pro mootorid t\u00e4iustatud ning 50% v\u00f5rra v\u00f5imsamad. Maksimaalne kiirus on 4 s\u00f5lme. Maksimaalne lubatav sukeldumiss\u00fcgavus 150 meetrit. Maksimaalne horisontaalne liikumisraadius kuni 400 meetrit (koos lisavarustusena m\u00fc\u00fcdava 400 m kaabliga). Lisaks seadme vahetatavale akule on M2 PRO...\" \/>\n<meta property=\"og:url\" content=\"https:\/\/nordlinepaadid.ee\/et\/pood\/navigatsiooni-vahendid\/underwater_drones-eng\/allveedroon-chasing-m2-pro-200m\/\" \/>\n<meta property=\"og:site_name\" content=\"NORDLINE s\u00f5udepaadid ja mootorpaadid. Klaasfiiber materjalist.\" \/>\n<meta property=\"article:publisher\" content=\"https:\/\/www.facebook.com\/nordlineboats\" \/>\n<meta property=\"og:image\" content=\"https:\/\/nordlinepaadid.ee\/wp-content\/uploads\/2024\/05\/8456_800q-01_115586.png\" \/>\n\t<meta property=\"og:image:width\" content=\"800\" \/>\n\t<meta property=\"og:image:height\" content=\"570\" \/>\n\t<meta property=\"og:image:type\" content=\"image\/png\" \/>\n<meta name=\"twitter:card\" content=\"summary_large_image\" \/>\n<meta name=\"twitter:label1\" content=\"Est. reading time\" \/>\n\t<meta name=\"twitter:data1\" content=\"1 minut\" \/>\n<script type=\"application\/ld+json\" class=\"yoast-schema-graph\">{\"@context\":\"https:\\\/\\\/schema.org\",\"@graph\":[{\"@type\":\"WebPage\",\"@id\":\"https:\\\/\\\/nordlinepaadid.ee\\\/et\\\/pood\\\/navigatsiooni-vahendid\\\/underwater_drones-eng\\\/allveedroon-chasing-m2-pro-200m\\\/\",\"url\":\"https:\\\/\\\/nordlinepaadid.ee\\\/et\\\/pood\\\/navigatsiooni-vahendid\\\/underwater_drones-eng\\\/allveedroon-chasing-m2-pro-200m\\\/\",\"name\":\"ALLVEEDROON- CHASING M2 PRO 200M - NORDLINE s\u00f5udepaadid ja mootorpaadid. Klaasfiiber materjalist.\",\"isPartOf\":{\"@id\":\"https:\\\/\\\/nordlinepaadid.ee\\\/et\\\/#website\"},\"primaryImageOfPage\":{\"@id\":\"https:\\\/\\\/nordlinepaadid.ee\\\/et\\\/pood\\\/navigatsiooni-vahendid\\\/underwater_drones-eng\\\/allveedroon-chasing-m2-pro-200m\\\/#primaryimage\"},\"image\":{\"@id\":\"https:\\\/\\\/nordlinepaadid.ee\\\/et\\\/pood\\\/navigatsiooni-vahendid\\\/underwater_drones-eng\\\/allveedroon-chasing-m2-pro-200m\\\/#primaryimage\"},\"thumbnailUrl\":\"https:\\\/\\\/nordlinepaadid.ee\\\/wp-content\\\/uploads\\\/2024\\\/05\\\/8456_800q-01_115586.png\",\"datePublished\":\"2026-04-07T00:21:31+00:00\",\"breadcrumb\":{\"@id\":\"https:\\\/\\\/nordlinepaadid.ee\\\/et\\\/pood\\\/navigatsiooni-vahendid\\\/underwater_drones-eng\\\/allveedroon-chasing-m2-pro-200m\\\/#breadcrumb\"},\"inLanguage\":\"et\",\"potentialAction\":[{\"@type\":\"ReadAction\",\"target\":[\"https:\\\/\\\/nordlinepaadid.ee\\\/et\\\/pood\\\/navigatsiooni-vahendid\\\/underwater_drones-eng\\\/allveedroon-chasing-m2-pro-200m\\\/\"]}]},{\"@type\":\"ImageObject\",\"inLanguage\":\"et\",\"@id\":\"https:\\\/\\\/nordlinepaadid.ee\\\/et\\\/pood\\\/navigatsiooni-vahendid\\\/underwater_drones-eng\\\/allveedroon-chasing-m2-pro-200m\\\/#primaryimage\",\"url\":\"https:\\\/\\\/nordlinepaadid.ee\\\/wp-content\\\/uploads\\\/2024\\\/05\\\/8456_800q-01_115586.png\",\"contentUrl\":\"https:\\\/\\\/nordlinepaadid.ee\\\/wp-content\\\/uploads\\\/2024\\\/05\\\/8456_800q-01_115586.png\",\"width\":800,\"height\":570},{\"@type\":\"BreadcrumbList\",\"@id\":\"https:\\\/\\\/nordlinepaadid.ee\\\/et\\\/pood\\\/navigatsiooni-vahendid\\\/underwater_drones-eng\\\/allveedroon-chasing-m2-pro-200m\\\/#breadcrumb\",\"itemListElement\":[{\"@type\":\"ListItem\",\"position\":1,\"name\":\"Home\",\"item\":\"https:\\\/\\\/nordlinepaadid.ee\\\/et\\\/\"},{\"@type\":\"ListItem\",\"position\":2,\"name\":\"Pood\",\"item\":\"https:\\\/\\\/nordlinepaadid.ee\\\/et\\\/pood\\\/\"},{\"@type\":\"ListItem\",\"position\":3,\"name\":\"ALLVEEDROON- CHASING M2 PRO 200M\"}]},{\"@type\":\"WebSite\",\"@id\":\"https:\\\/\\\/nordlinepaadid.ee\\\/et\\\/#website\",\"url\":\"https:\\\/\\\/nordlinepaadid.ee\\\/et\\\/\",\"name\":\"NORDLINE s\u00f5udepaadid ja mootorpaadid. Klaasfiiber materjalist.\",\"description\":\"\",\"publisher\":{\"@id\":\"https:\\\/\\\/nordlinepaadid.ee\\\/et\\\/#organization\"},\"potentialAction\":[{\"@type\":\"SearchAction\",\"target\":{\"@type\":\"EntryPoint\",\"urlTemplate\":\"https:\\\/\\\/nordlinepaadid.ee\\\/et\\\/?s={search_term_string}\"},\"query-input\":{\"@type\":\"PropertyValueSpecification\",\"valueRequired\":true,\"valueName\":\"search_term_string\"}}],\"inLanguage\":\"et\"},{\"@type\":\"Organization\",\"@id\":\"https:\\\/\\\/nordlinepaadid.ee\\\/et\\\/#organization\",\"name\":\"Nordlineboats\",\"url\":\"https:\\\/\\\/nordlinepaadid.ee\\\/et\\\/\",\"logo\":{\"@type\":\"ImageObject\",\"inLanguage\":\"et\",\"@id\":\"https:\\\/\\\/nordlinepaadid.ee\\\/et\\\/#\\\/schema\\\/logo\\\/image\\\/\",\"url\":\"https:\\\/\\\/nordlinepaadid.ee\\\/wp-content\\\/uploads\\\/2023\\\/01\\\/fulllogo_transparent_nobuffer-e1672750475494.png\",\"contentUrl\":\"https:\\\/\\\/nordlinepaadid.ee\\\/wp-content\\\/uploads\\\/2023\\\/01\\\/fulllogo_transparent_nobuffer-e1672750475494.png\",\"width\":150,\"height\":119,\"caption\":\"Nordlineboats\"},\"image\":{\"@id\":\"https:\\\/\\\/nordlinepaadid.ee\\\/et\\\/#\\\/schema\\\/logo\\\/image\\\/\"},\"sameAs\":[\"https:\\\/\\\/www.facebook.com\\\/nordlineboats\",\"https:\\\/\\\/www.youtube.com\\\/channel\\\/UCbgF0fy02y3QkFnujaLTaCA\"]}]}<\/script>\n<!-- \/ Yoast SEO plugin. -->","yoast_head_json":{"title":"ALLVEEDROON- CHASING M2 PRO 200M - NORDLINE s\u00f5udepaadid ja mootorpaadid. Klaasfiiber materjalist.","robots":{"index":"index","follow":"follow","max-snippet":"max-snippet:-1","max-image-preview":"max-image-preview:large","max-video-preview":"max-video-preview:-1"},"canonical":"https:\/\/nordlinepaadid.ee\/et\/pood\/navigatsiooni-vahendid\/underwater_drones-eng\/allveedroon-chasing-m2-pro-200m\/","og_locale":"et_EE","og_type":"article","og_title":"ALLVEEDROON- CHASING M2 PRO 200M - NORDLINE s\u00f5udepaadid ja mootorpaadid. Klaasfiiber materjalist.","og_description":"CHASING M2 Pro-l on 8 sellise paigutusega propellerit, et v\u00f5imaldavad allveedrooni liigutada mistahes suunas. V\u00f5rreldes CHASING M2-ga on M2 Pro mootorid t\u00e4iustatud ning 50% v\u00f5rra v\u00f5imsamad. Maksimaalne kiirus on 4 s\u00f5lme. Maksimaalne lubatav sukeldumiss\u00fcgavus 150 meetrit. Maksimaalne horisontaalne liikumisraadius kuni 400 meetrit (koos lisavarustusena m\u00fc\u00fcdava 400 m kaabliga). Lisaks seadme vahetatavale akule on M2 PRO...","og_url":"https:\/\/nordlinepaadid.ee\/et\/pood\/navigatsiooni-vahendid\/underwater_drones-eng\/allveedroon-chasing-m2-pro-200m\/","og_site_name":"NORDLINE s\u00f5udepaadid ja mootorpaadid. Klaasfiiber materjalist.","article_publisher":"https:\/\/www.facebook.com\/nordlineboats","og_image":[{"width":800,"height":570,"url":"https:\/\/nordlinepaadid.ee\/wp-content\/uploads\/2024\/05\/8456_800q-01_115586.png","type":"image\/png"}],"twitter_card":"summary_large_image","twitter_misc":{"Est. reading time":"1 minut"},"schema":{"@context":"https:\/\/schema.org","@graph":[{"@type":"WebPage","@id":"https:\/\/nordlinepaadid.ee\/et\/pood\/navigatsiooni-vahendid\/underwater_drones-eng\/allveedroon-chasing-m2-pro-200m\/","url":"https:\/\/nordlinepaadid.ee\/et\/pood\/navigatsiooni-vahendid\/underwater_drones-eng\/allveedroon-chasing-m2-pro-200m\/","name":"ALLVEEDROON- CHASING M2 PRO 200M - NORDLINE s\u00f5udepaadid ja mootorpaadid. Klaasfiiber materjalist.","isPartOf":{"@id":"https:\/\/nordlinepaadid.ee\/et\/#website"},"primaryImageOfPage":{"@id":"https:\/\/nordlinepaadid.ee\/et\/pood\/navigatsiooni-vahendid\/underwater_drones-eng\/allveedroon-chasing-m2-pro-200m\/#primaryimage"},"image":{"@id":"https:\/\/nordlinepaadid.ee\/et\/pood\/navigatsiooni-vahendid\/underwater_drones-eng\/allveedroon-chasing-m2-pro-200m\/#primaryimage"},"thumbnailUrl":"https:\/\/nordlinepaadid.ee\/wp-content\/uploads\/2024\/05\/8456_800q-01_115586.png","datePublished":"2026-04-07T00:21:31+00:00","breadcrumb":{"@id":"https:\/\/nordlinepaadid.ee\/et\/pood\/navigatsiooni-vahendid\/underwater_drones-eng\/allveedroon-chasing-m2-pro-200m\/#breadcrumb"},"inLanguage":"et","potentialAction":[{"@type":"ReadAction","target":["https:\/\/nordlinepaadid.ee\/et\/pood\/navigatsiooni-vahendid\/underwater_drones-eng\/allveedroon-chasing-m2-pro-200m\/"]}]},{"@type":"ImageObject","inLanguage":"et","@id":"https:\/\/nordlinepaadid.ee\/et\/pood\/navigatsiooni-vahendid\/underwater_drones-eng\/allveedroon-chasing-m2-pro-200m\/#primaryimage","url":"https:\/\/nordlinepaadid.ee\/wp-content\/uploads\/2024\/05\/8456_800q-01_115586.png","contentUrl":"https:\/\/nordlinepaadid.ee\/wp-content\/uploads\/2024\/05\/8456_800q-01_115586.png","width":800,"height":570},{"@type":"BreadcrumbList","@id":"https:\/\/nordlinepaadid.ee\/et\/pood\/navigatsiooni-vahendid\/underwater_drones-eng\/allveedroon-chasing-m2-pro-200m\/#breadcrumb","itemListElement":[{"@type":"ListItem","position":1,"name":"Home","item":"https:\/\/nordlinepaadid.ee\/et\/"},{"@type":"ListItem","position":2,"name":"Pood","item":"https:\/\/nordlinepaadid.ee\/et\/pood\/"},{"@type":"ListItem","position":3,"name":"ALLVEEDROON- CHASING M2 PRO 200M"}]},{"@type":"WebSite","@id":"https:\/\/nordlinepaadid.ee\/et\/#website","url":"https:\/\/nordlinepaadid.ee\/et\/","name":"NORDLINE s\u00f5udepaadid ja mootorpaadid. Klaasfiiber materjalist.","description":"","publisher":{"@id":"https:\/\/nordlinepaadid.ee\/et\/#organization"},"potentialAction":[{"@type":"SearchAction","target":{"@type":"EntryPoint","urlTemplate":"https:\/\/nordlinepaadid.ee\/et\/?s={search_term_string}"},"query-input":{"@type":"PropertyValueSpecification","valueRequired":true,"valueName":"search_term_string"}}],"inLanguage":"et"},{"@type":"Organization","@id":"https:\/\/nordlinepaadid.ee\/et\/#organization","name":"Nordlineboats","url":"https:\/\/nordlinepaadid.ee\/et\/","logo":{"@type":"ImageObject","inLanguage":"et","@id":"https:\/\/nordlinepaadid.ee\/et\/#\/schema\/logo\/image\/","url":"https:\/\/nordlinepaadid.ee\/wp-content\/uploads\/2023\/01\/fulllogo_transparent_nobuffer-e1672750475494.png","contentUrl":"https:\/\/nordlinepaadid.ee\/wp-content\/uploads\/2023\/01\/fulllogo_transparent_nobuffer-e1672750475494.png","width":150,"height":119,"caption":"Nordlineboats"},"image":{"@id":"https:\/\/nordlinepaadid.ee\/et\/#\/schema\/logo\/image\/"},"sameAs":["https:\/\/www.facebook.com\/nordlineboats","https:\/\/www.youtube.com\/channel\/UCbgF0fy02y3QkFnujaLTaCA"]}]}},"taxonomy_info":{"product_cat":[{"value":415,"label":"Allveedroonid"},{"value":247,"label":"NAVIGATSIOONIVAHENDID"}],"pa_color":[{"value":775,"label":"Oran\u017e"}],"pa_producer":[{"value":651,"label":"Chasing"}],"pa_unit":[{"value":416,"label":"pcs"}]},"featured_image_src_large":["https:\/\/nordlinepaadid.ee\/wp-content\/uploads\/2024\/05\/8456_800q-01_115586.png",800,570,false],"author_info":[],"comment_info":"","_links":{"self":[{"href":"https:\/\/nordlinepaadid.ee\/et\/wp-json\/wp\/v2\/product\/42848","targetHints":{"allow":["GET"]}}],"collection":[{"href":"https:\/\/nordlinepaadid.ee\/et\/wp-json\/wp\/v2\/product"}],"about":[{"href":"https:\/\/nordlinepaadid.ee\/et\/wp-json\/wp\/v2\/types\/product"}],"wp:featuredmedia":[{"embeddable":true,"href":"https:\/\/nordlinepaadid.ee\/et\/wp-json\/wp\/v2\/media\/42849"}],"wp:attachment":[{"href":"https:\/\/nordlinepaadid.ee\/et\/wp-json\/wp\/v2\/media?parent=42848"}],"wp:term":[{"taxonomy":"product_brand","embeddable":true,"href":"https:\/\/nordlinepaadid.ee\/et\/wp-json\/wp\/v2\/product_brand?post=42848"},{"taxonomy":"product_cat","embeddable":true,"href":"https:\/\/nordlinepaadid.ee\/et\/wp-json\/wp\/v2\/product_cat?post=42848"},{"taxonomy":"product_tag","embeddable":true,"href":"https:\/\/nordlinepaadid.ee\/et\/wp-json\/wp\/v2\/product_tag?post=42848"}],"curies":[{"name":"wp","href":"https:\/\/api.w.org\/{rel}","templated":true}]}}