{"id":45027,"date":"2026-04-07T03:20:44","date_gmt":"2026-04-07T00:20:44","guid":{"rendered":"https:\/\/nordlinepaadid.ee\/toode\/maaratlemata\/jarelveetav-rongas-spinera-wild-wave-2\/"},"modified":"2026-04-07T03:20:44","modified_gmt":"2026-04-07T00:20:44","slug":"jarelveetav-rongas-spinera-wild-wave","status":"publish","type":"product","link":"https:\/\/nordlinepaadid.ee\/et\/pood\/veespordivahendid\/veesuusad-jarelveetavad-rongad\/jarelveetav-rongas-spinera-wild-wave\/","title":{"rendered":"J\u00c4RELVEETAV R\u00d5NGAS &#8211; SPINERA WILD WAVE"},"content":{"rendered":"<p>See tuub on valmistatud k\u00f5ige k\u00f5rgemate n\u00f5udmiste ja vastupidavuse tagamiseks. See on t\u00e4ielikult \u00fcmbritsetud nailonist \u00fcmbrisega, veor\u00f5ngas on \u00f5mmeldud mitmest t\u00f5mbekohast ja Spinera suurep\u00e4rase kvaliteedi tagamiseks on pehmed nailonist k\u00e4epidemed neopreenist patjadega.<\/p>\n<p>&#13;<\/p>\n<ul>&#13;<\/p>\n<li><span style=\"font-size:12px\">Suurus: 54 &#8220;\/ 137 cm <\/span><\/li>\n<p>&#13;<\/p>\n<li><span style=\"font-size:12px\">PVC paksus: 0,6 mm <\/span><\/li>\n<p>&#13;<\/p>\n<li><span style=\"font-size:12px\">Nailonkatte paksus: 420D <\/span><\/li>\n<p>&#13;<\/p>\n<li><span style=\"font-size:12px\">EVA K\u00e4epidemete arv: 4 <\/span><\/li>\n<p>&#13;<\/p>\n<li><span style=\"font-size:12px\">Bostoni ventiil kiire inflatsiooni ja deflatsiooni jaoks <\/span><\/li>\n<p>&#13;<\/p>\n<li><span style=\"font-size:12px\">Kiir\u00fchenduse konks <\/span><\/li>\n<p>&#13;<\/p>\n<li><span style=\"font-size:12px\">Kaal: 3,48 kg<\/span><\/li>\n<p>&#13;\n<\/ul>\n<p>&#13;<br \/>\n&#13;<\/p>\n<p>&nbsp;<\/p>\n<p>&#13;<br \/>\n&#13;<\/p>\n<p>&nbsp;<\/p>\n<p>&#13;<br \/>\n&#13;<\/p>\n<p><iframe loading=\"lazy\" allowfullscreen=\"\" frameborder=\"0\" height=\"360\" src=\"\/\/www.youtube.com\/embed\/wE7fWqKX0Ds\" width=\"640\"><\/iframe><\/p>\n<p>&#13;<\/p>\n","protected":false},"excerpt":{"rendered":"<p>See tuub on valmistatud k\u00f5ige k\u00f5rgemate n\u00f5udmiste ja vastupidavuse tagamiseks. See on t\u00e4ielikult \u00fcmbritsetud nailonist \u00fcmbrisega, veor\u00f5ngas on \u00f5mmeldud mitmest t\u00f5mbekohast ja Spinera suurep\u00e4rase kvaliteedi tagamiseks on pehmed nailonist k\u00e4epidemed neopreenist patjadega. &#13; &#13; Suurus: 54 &#8220;\/ 137 cm &#13; PVC paksus: 0,6 mm &#13; Nailonkatte paksus: 420D &#13; EVA K\u00e4epidemete arv: 4 &#13; Bostoni&#8230;<\/p>\n","protected":false},"featured_media":51745,"template":"","meta":{"_kad_blocks_custom_css":"","_kad_blocks_head_custom_js":"","_kad_blocks_body_custom_js":"","_kad_blocks_footer_custom_js":"","_kad_post_transparent":"","_kad_post_title":"","_kad_post_layout":"","_kad_post_sidebar_id":"","_kad_post_content_style":"","_kad_post_vertical_padding":"","_kad_post_feature":"","_kad_post_feature_position":"","_kad_post_header":false,"_kad_post_footer":false,"_kad_post_classname":""},"product_brand":[],"product_cat":[262,1335],"product_tag":[],"class_list":{"0":"post-45027","1":"product","2":"type-product","3":"status-publish","4":"has-post-thumbnail","6":"product_cat-veespordivahendid","7":"product_cat-veesuusad-jarelveetavad-rongad","8":"pa_producer-spinera","9":"pa_unit-pcs","10":"tm-no-options","12":"first","13":"instock","14":"sale","15":"taxable","16":"shipping-taxable","17":"purchasable","18":"product-type-simple","19":"entry","20":"content-bg","21":"loop-entry"},"yoast_head":"<!-- This site is optimized with the Yoast SEO plugin v27.3 - https:\/\/yoast.com\/product\/yoast-seo-wordpress\/ -->\n<title>J\u00c4RELVEETAV R\u00d5NGAS - SPINERA WILD WAVE - NORDLINE s\u00f5udepaadid ja mootorpaadid. Klaasfiiber materjalist.<\/title>\n<meta name=\"robots\" content=\"index, follow, max-snippet:-1, max-image-preview:large, max-video-preview:-1\" \/>\n<link rel=\"canonical\" href=\"https:\/\/nordlinepaadid.ee\/et\/pood\/veespordivahendid\/veesuusad-jarelveetavad-rongad\/jarelveetav-rongas-spinera-wild-wave\/\" \/>\n<meta property=\"og:locale\" content=\"et_EE\" \/>\n<meta property=\"og:type\" content=\"article\" \/>\n<meta property=\"og:title\" content=\"J\u00c4RELVEETAV R\u00d5NGAS - SPINERA WILD WAVE - NORDLINE s\u00f5udepaadid ja mootorpaadid. Klaasfiiber materjalist.\" \/>\n<meta property=\"og:description\" content=\"See tuub on valmistatud k\u00f5ige k\u00f5rgemate n\u00f5udmiste ja vastupidavuse tagamiseks. See on t\u00e4ielikult \u00fcmbritsetud nailonist \u00fcmbrisega, veor\u00f5ngas on \u00f5mmeldud mitmest t\u00f5mbekohast ja Spinera suurep\u00e4rase kvaliteedi tagamiseks on pehmed nailonist k\u00e4epidemed neopreenist patjadega. &#013; &#013; Suurus: 54 &#8220;\/ 137 cm &#013; PVC paksus: 0,6 mm &#013; Nailonkatte paksus: 420D &#013; EVA K\u00e4epidemete arv: 4 &#013; Bostoni...\" \/>\n<meta property=\"og:url\" content=\"https:\/\/nordlinepaadid.ee\/et\/pood\/veespordivahendid\/veesuusad-jarelveetavad-rongad\/jarelveetav-rongas-spinera-wild-wave\/\" \/>\n<meta property=\"og:site_name\" content=\"NORDLINE s\u00f5udepaadid ja mootorpaadid. Klaasfiiber materjalist.\" \/>\n<meta property=\"article:publisher\" content=\"https:\/\/www.facebook.com\/nordlineboats\" \/>\n<meta property=\"og:image\" content=\"https:\/\/nordlinepaadid.ee\/wp-content\/uploads\/2025\/03\/8086_spin_-_1.jpg\" \/>\n\t<meta property=\"og:image:width\" content=\"700\" \/>\n\t<meta property=\"og:image:height\" content=\"700\" \/>\n\t<meta property=\"og:image:type\" content=\"image\/jpeg\" \/>\n<meta name=\"twitter:card\" content=\"summary_large_image\" \/>\n<script type=\"application\/ld+json\" class=\"yoast-schema-graph\">{\"@context\":\"https:\\\/\\\/schema.org\",\"@graph\":[{\"@type\":\"WebPage\",\"@id\":\"https:\\\/\\\/nordlinepaadid.ee\\\/et\\\/pood\\\/veespordivahendid\\\/veesuusad-jarelveetavad-rongad\\\/jarelveetav-rongas-spinera-wild-wave\\\/\",\"url\":\"https:\\\/\\\/nordlinepaadid.ee\\\/et\\\/pood\\\/veespordivahendid\\\/veesuusad-jarelveetavad-rongad\\\/jarelveetav-rongas-spinera-wild-wave\\\/\",\"name\":\"J\u00c4RELVEETAV R\u00d5NGAS - SPINERA WILD WAVE - NORDLINE s\u00f5udepaadid ja mootorpaadid. Klaasfiiber materjalist.\",\"isPartOf\":{\"@id\":\"https:\\\/\\\/nordlinepaadid.ee\\\/et\\\/#website\"},\"primaryImageOfPage\":{\"@id\":\"https:\\\/\\\/nordlinepaadid.ee\\\/et\\\/pood\\\/veespordivahendid\\\/veesuusad-jarelveetavad-rongad\\\/jarelveetav-rongas-spinera-wild-wave\\\/#primaryimage\"},\"image\":{\"@id\":\"https:\\\/\\\/nordlinepaadid.ee\\\/et\\\/pood\\\/veespordivahendid\\\/veesuusad-jarelveetavad-rongad\\\/jarelveetav-rongas-spinera-wild-wave\\\/#primaryimage\"},\"thumbnailUrl\":\"https:\\\/\\\/nordlinepaadid.ee\\\/wp-content\\\/uploads\\\/2025\\\/03\\\/8086_spin_-_1.jpg\",\"datePublished\":\"2026-04-07T00:20:44+00:00\",\"breadcrumb\":{\"@id\":\"https:\\\/\\\/nordlinepaadid.ee\\\/et\\\/pood\\\/veespordivahendid\\\/veesuusad-jarelveetavad-rongad\\\/jarelveetav-rongas-spinera-wild-wave\\\/#breadcrumb\"},\"inLanguage\":\"et\",\"potentialAction\":[{\"@type\":\"ReadAction\",\"target\":[\"https:\\\/\\\/nordlinepaadid.ee\\\/et\\\/pood\\\/veespordivahendid\\\/veesuusad-jarelveetavad-rongad\\\/jarelveetav-rongas-spinera-wild-wave\\\/\"]}]},{\"@type\":\"ImageObject\",\"inLanguage\":\"et\",\"@id\":\"https:\\\/\\\/nordlinepaadid.ee\\\/et\\\/pood\\\/veespordivahendid\\\/veesuusad-jarelveetavad-rongad\\\/jarelveetav-rongas-spinera-wild-wave\\\/#primaryimage\",\"url\":\"https:\\\/\\\/nordlinepaadid.ee\\\/wp-content\\\/uploads\\\/2025\\\/03\\\/8086_spin_-_1.jpg\",\"contentUrl\":\"https:\\\/\\\/nordlinepaadid.ee\\\/wp-content\\\/uploads\\\/2025\\\/03\\\/8086_spin_-_1.jpg\",\"width\":700,\"height\":700},{\"@type\":\"BreadcrumbList\",\"@id\":\"https:\\\/\\\/nordlinepaadid.ee\\\/et\\\/pood\\\/veespordivahendid\\\/veesuusad-jarelveetavad-rongad\\\/jarelveetav-rongas-spinera-wild-wave\\\/#breadcrumb\",\"itemListElement\":[{\"@type\":\"ListItem\",\"position\":1,\"name\":\"Home\",\"item\":\"https:\\\/\\\/nordlinepaadid.ee\\\/et\\\/\"},{\"@type\":\"ListItem\",\"position\":2,\"name\":\"Pood\",\"item\":\"https:\\\/\\\/nordlinepaadid.ee\\\/et\\\/pood\\\/\"},{\"@type\":\"ListItem\",\"position\":3,\"name\":\"J\u00c4RELVEETAV R\u00d5NGAS &#8211; SPINERA WILD WAVE\"}]},{\"@type\":\"WebSite\",\"@id\":\"https:\\\/\\\/nordlinepaadid.ee\\\/et\\\/#website\",\"url\":\"https:\\\/\\\/nordlinepaadid.ee\\\/et\\\/\",\"name\":\"NORDLINE s\u00f5udepaadid ja mootorpaadid. Klaasfiiber materjalist.\",\"description\":\"\",\"publisher\":{\"@id\":\"https:\\\/\\\/nordlinepaadid.ee\\\/et\\\/#organization\"},\"potentialAction\":[{\"@type\":\"SearchAction\",\"target\":{\"@type\":\"EntryPoint\",\"urlTemplate\":\"https:\\\/\\\/nordlinepaadid.ee\\\/et\\\/?s={search_term_string}\"},\"query-input\":{\"@type\":\"PropertyValueSpecification\",\"valueRequired\":true,\"valueName\":\"search_term_string\"}}],\"inLanguage\":\"et\"},{\"@type\":\"Organization\",\"@id\":\"https:\\\/\\\/nordlinepaadid.ee\\\/et\\\/#organization\",\"name\":\"Nordlineboats\",\"url\":\"https:\\\/\\\/nordlinepaadid.ee\\\/et\\\/\",\"logo\":{\"@type\":\"ImageObject\",\"inLanguage\":\"et\",\"@id\":\"https:\\\/\\\/nordlinepaadid.ee\\\/et\\\/#\\\/schema\\\/logo\\\/image\\\/\",\"url\":\"https:\\\/\\\/nordlinepaadid.ee\\\/wp-content\\\/uploads\\\/2023\\\/01\\\/fulllogo_transparent_nobuffer-e1672750475494.png\",\"contentUrl\":\"https:\\\/\\\/nordlinepaadid.ee\\\/wp-content\\\/uploads\\\/2023\\\/01\\\/fulllogo_transparent_nobuffer-e1672750475494.png\",\"width\":150,\"height\":119,\"caption\":\"Nordlineboats\"},\"image\":{\"@id\":\"https:\\\/\\\/nordlinepaadid.ee\\\/et\\\/#\\\/schema\\\/logo\\\/image\\\/\"},\"sameAs\":[\"https:\\\/\\\/www.facebook.com\\\/nordlineboats\",\"https:\\\/\\\/www.youtube.com\\\/channel\\\/UCbgF0fy02y3QkFnujaLTaCA\"]}]}<\/script>\n<!-- \/ Yoast SEO plugin. -->","yoast_head_json":{"title":"J\u00c4RELVEETAV R\u00d5NGAS - SPINERA WILD WAVE - NORDLINE s\u00f5udepaadid ja mootorpaadid. Klaasfiiber materjalist.","robots":{"index":"index","follow":"follow","max-snippet":"max-snippet:-1","max-image-preview":"max-image-preview:large","max-video-preview":"max-video-preview:-1"},"canonical":"https:\/\/nordlinepaadid.ee\/et\/pood\/veespordivahendid\/veesuusad-jarelveetavad-rongad\/jarelveetav-rongas-spinera-wild-wave\/","og_locale":"et_EE","og_type":"article","og_title":"J\u00c4RELVEETAV R\u00d5NGAS - SPINERA WILD WAVE - NORDLINE s\u00f5udepaadid ja mootorpaadid. Klaasfiiber materjalist.","og_description":"See tuub on valmistatud k\u00f5ige k\u00f5rgemate n\u00f5udmiste ja vastupidavuse tagamiseks. See on t\u00e4ielikult \u00fcmbritsetud nailonist \u00fcmbrisega, veor\u00f5ngas on \u00f5mmeldud mitmest t\u00f5mbekohast ja Spinera suurep\u00e4rase kvaliteedi tagamiseks on pehmed nailonist k\u00e4epidemed neopreenist patjadega. &#13; &#13; Suurus: 54 &#8220;\/ 137 cm &#13; PVC paksus: 0,6 mm &#13; Nailonkatte paksus: 420D &#13; EVA K\u00e4epidemete arv: 4 &#13; Bostoni...","og_url":"https:\/\/nordlinepaadid.ee\/et\/pood\/veespordivahendid\/veesuusad-jarelveetavad-rongad\/jarelveetav-rongas-spinera-wild-wave\/","og_site_name":"NORDLINE s\u00f5udepaadid ja mootorpaadid. Klaasfiiber materjalist.","article_publisher":"https:\/\/www.facebook.com\/nordlineboats","og_image":[{"width":700,"height":700,"url":"https:\/\/nordlinepaadid.ee\/wp-content\/uploads\/2025\/03\/8086_spin_-_1.jpg","type":"image\/jpeg"}],"twitter_card":"summary_large_image","schema":{"@context":"https:\/\/schema.org","@graph":[{"@type":"WebPage","@id":"https:\/\/nordlinepaadid.ee\/et\/pood\/veespordivahendid\/veesuusad-jarelveetavad-rongad\/jarelveetav-rongas-spinera-wild-wave\/","url":"https:\/\/nordlinepaadid.ee\/et\/pood\/veespordivahendid\/veesuusad-jarelveetavad-rongad\/jarelveetav-rongas-spinera-wild-wave\/","name":"J\u00c4RELVEETAV R\u00d5NGAS - SPINERA WILD WAVE - NORDLINE s\u00f5udepaadid ja mootorpaadid. Klaasfiiber materjalist.","isPartOf":{"@id":"https:\/\/nordlinepaadid.ee\/et\/#website"},"primaryImageOfPage":{"@id":"https:\/\/nordlinepaadid.ee\/et\/pood\/veespordivahendid\/veesuusad-jarelveetavad-rongad\/jarelveetav-rongas-spinera-wild-wave\/#primaryimage"},"image":{"@id":"https:\/\/nordlinepaadid.ee\/et\/pood\/veespordivahendid\/veesuusad-jarelveetavad-rongad\/jarelveetav-rongas-spinera-wild-wave\/#primaryimage"},"thumbnailUrl":"https:\/\/nordlinepaadid.ee\/wp-content\/uploads\/2025\/03\/8086_spin_-_1.jpg","datePublished":"2026-04-07T00:20:44+00:00","breadcrumb":{"@id":"https:\/\/nordlinepaadid.ee\/et\/pood\/veespordivahendid\/veesuusad-jarelveetavad-rongad\/jarelveetav-rongas-spinera-wild-wave\/#breadcrumb"},"inLanguage":"et","potentialAction":[{"@type":"ReadAction","target":["https:\/\/nordlinepaadid.ee\/et\/pood\/veespordivahendid\/veesuusad-jarelveetavad-rongad\/jarelveetav-rongas-spinera-wild-wave\/"]}]},{"@type":"ImageObject","inLanguage":"et","@id":"https:\/\/nordlinepaadid.ee\/et\/pood\/veespordivahendid\/veesuusad-jarelveetavad-rongad\/jarelveetav-rongas-spinera-wild-wave\/#primaryimage","url":"https:\/\/nordlinepaadid.ee\/wp-content\/uploads\/2025\/03\/8086_spin_-_1.jpg","contentUrl":"https:\/\/nordlinepaadid.ee\/wp-content\/uploads\/2025\/03\/8086_spin_-_1.jpg","width":700,"height":700},{"@type":"BreadcrumbList","@id":"https:\/\/nordlinepaadid.ee\/et\/pood\/veespordivahendid\/veesuusad-jarelveetavad-rongad\/jarelveetav-rongas-spinera-wild-wave\/#breadcrumb","itemListElement":[{"@type":"ListItem","position":1,"name":"Home","item":"https:\/\/nordlinepaadid.ee\/et\/"},{"@type":"ListItem","position":2,"name":"Pood","item":"https:\/\/nordlinepaadid.ee\/et\/pood\/"},{"@type":"ListItem","position":3,"name":"J\u00c4RELVEETAV R\u00d5NGAS &#8211; SPINERA WILD WAVE"}]},{"@type":"WebSite","@id":"https:\/\/nordlinepaadid.ee\/et\/#website","url":"https:\/\/nordlinepaadid.ee\/et\/","name":"NORDLINE s\u00f5udepaadid ja mootorpaadid. Klaasfiiber materjalist.","description":"","publisher":{"@id":"https:\/\/nordlinepaadid.ee\/et\/#organization"},"potentialAction":[{"@type":"SearchAction","target":{"@type":"EntryPoint","urlTemplate":"https:\/\/nordlinepaadid.ee\/et\/?s={search_term_string}"},"query-input":{"@type":"PropertyValueSpecification","valueRequired":true,"valueName":"search_term_string"}}],"inLanguage":"et"},{"@type":"Organization","@id":"https:\/\/nordlinepaadid.ee\/et\/#organization","name":"Nordlineboats","url":"https:\/\/nordlinepaadid.ee\/et\/","logo":{"@type":"ImageObject","inLanguage":"et","@id":"https:\/\/nordlinepaadid.ee\/et\/#\/schema\/logo\/image\/","url":"https:\/\/nordlinepaadid.ee\/wp-content\/uploads\/2023\/01\/fulllogo_transparent_nobuffer-e1672750475494.png","contentUrl":"https:\/\/nordlinepaadid.ee\/wp-content\/uploads\/2023\/01\/fulllogo_transparent_nobuffer-e1672750475494.png","width":150,"height":119,"caption":"Nordlineboats"},"image":{"@id":"https:\/\/nordlinepaadid.ee\/et\/#\/schema\/logo\/image\/"},"sameAs":["https:\/\/www.facebook.com\/nordlineboats","https:\/\/www.youtube.com\/channel\/UCbgF0fy02y3QkFnujaLTaCA"]}]}},"taxonomy_info":{"product_cat":[{"value":262,"label":"VEESPORDIVAHENDID, VABA AEG"},{"value":1335,"label":"Veesuusad, J\u00e4relveetavad R\u00f5ngad"}],"pa_producer":[{"value":634,"label":"Spinera"}],"pa_unit":[{"value":416,"label":"pcs"}]},"featured_image_src_large":["https:\/\/nordlinepaadid.ee\/wp-content\/uploads\/2025\/03\/8086_spin_-_1.jpg",700,700,false],"author_info":[],"comment_info":"","_links":{"self":[{"href":"https:\/\/nordlinepaadid.ee\/et\/wp-json\/wp\/v2\/product\/45027","targetHints":{"allow":["GET"]}}],"collection":[{"href":"https:\/\/nordlinepaadid.ee\/et\/wp-json\/wp\/v2\/product"}],"about":[{"href":"https:\/\/nordlinepaadid.ee\/et\/wp-json\/wp\/v2\/types\/product"}],"wp:featuredmedia":[{"embeddable":true,"href":"https:\/\/nordlinepaadid.ee\/et\/wp-json\/wp\/v2\/media\/51745"}],"wp:attachment":[{"href":"https:\/\/nordlinepaadid.ee\/et\/wp-json\/wp\/v2\/media?parent=45027"}],"wp:term":[{"taxonomy":"product_brand","embeddable":true,"href":"https:\/\/nordlinepaadid.ee\/et\/wp-json\/wp\/v2\/product_brand?post=45027"},{"taxonomy":"product_cat","embeddable":true,"href":"https:\/\/nordlinepaadid.ee\/et\/wp-json\/wp\/v2\/product_cat?post=45027"},{"taxonomy":"product_tag","embeddable":true,"href":"https:\/\/nordlinepaadid.ee\/et\/wp-json\/wp\/v2\/product_tag?post=45027"}],"curies":[{"name":"wp","href":"https:\/\/api.w.org\/{rel}","templated":true}]}}