{"id":45763,"date":"2026-04-07T03:21:53","date_gmt":"2026-04-07T00:21:53","guid":{"rendered":"https:\/\/nordlinepaadid.ee\/toode\/maaratlemata\/purjetamissaapad-marinepool-element-naistele-nr-39\/"},"modified":"2026-04-08T10:03:59","modified_gmt":"2026-04-08T07:03:59","slug":"purjetamissaapad-marinepool-element-naistele-nr-39","status":"publish","type":"product","link":"https:\/\/nordlinepaadid.ee\/et\/pood\/ru-marine-clothing-and-shoes\/ru-boots-shoes\/purjetamissaapad-marinepool-element-naistele-nr-39\/","title":{"rendered":"PURJETAMISSAAPAD- MARINEPOOL ELEMENT, NAISTELE, nr.39"},"content":{"rendered":"<p>Marinepool TEC-sarja uued purjetamissaapad-Element. Marinepool Element saapad on t\u00e4ielikult teibitud, veekindlad ja hingavad ning membraan-tehnoloogia hoiab jalgu kuivana. Libisemiskindel v\u00e4listald tagab suurep\u00e4rase haarde- ja pidamise k\u00f5ikidel pindadel. Samas tagab anatoomiline sisetald suurep\u00e4rase tugipinna. Omadused: sportlikud, veekindlad ja hingavad; ideaalsed avamerepurjetamiseks; libisemis- ja kulumiskindel v\u00e4listald; Reguleeritav s\u00e4\u00e4reosa; Tugevdatud ja l\u00f6\u00f6gikindel varba- ja kannaosa. Materjal: 55 % nubuk nahk, 45 % pol\u00fcamiid.<\/p>\n<p>&#13;<\/p>\n<p><iframe loading=\"lazy\" allowfullscreen=\"\" frameborder=\"0\" height=\"360\" src=\"\/\/www.youtube.com\/embed\/6GfDs97Ds7U\" width=\"640\"><\/iframe><\/p>\n<p>&#13;<\/p>\n","protected":false},"excerpt":{"rendered":"<p>Marinepool TEC-sarja uued purjetamissaapad-Element. Marinepool Element saapad on t\u00e4ielikult teibitud, veekindlad ja hingavad ning membraan-tehnoloogia hoiab jalgu kuivana. Libisemiskindel v\u00e4listald tagab suurep\u00e4rase haarde- ja pidamise k\u00f5ikidel pindadel. Samas tagab anatoomiline sisetald suurep\u00e4rase tugipinna. Omadused: sportlikud, veekindlad ja hingavad; ideaalsed avamerepurjetamiseks; libisemis- ja kulumiskindel v\u00e4listald; Reguleeritav s\u00e4\u00e4reosa; Tugevdatud ja l\u00f6\u00f6gikindel varba- ja kannaosa. Materjal: 55 %&#8230;<\/p>\n","protected":false},"featured_media":24904,"template":"","meta":{"_kad_blocks_custom_css":"","_kad_blocks_head_custom_js":"","_kad_blocks_body_custom_js":"","_kad_blocks_footer_custom_js":"","_kad_post_transparent":"","_kad_post_title":"","_kad_post_layout":"","_kad_post_sidebar_id":"","_kad_post_content_style":"","_kad_post_vertical_padding":"","_kad_post_feature":"","_kad_post_feature_position":"","_kad_post_header":false,"_kad_post_footer":false,"_kad_post_classname":""},"product_brand":[],"product_cat":[345,894,232],"product_tag":[],"class_list":{"0":"post-45763","1":"product","2":"type-product","3":"status-publish","4":"has-post-thumbnail","6":"product_cat-jalanoud","7":"product_cat-ru-boots-shoes","8":"product_cat-marine-clothing-and-shoes","9":"pa_color-must","10":"pa_producer-marinepool","11":"pa_unit-pair","12":"tm-no-options","14":"first","15":"onbackorder","16":"taxable","17":"shipping-taxable","18":"purchasable","19":"product-type-simple","20":"entry","21":"content-bg","22":"loop-entry"},"yoast_head":"<!-- This site is optimized with the Yoast SEO plugin v27.3 - https:\/\/yoast.com\/product\/yoast-seo-wordpress\/ -->\n<title>PURJETAMISSAAPAD- MARINEPOOL ELEMENT, NAISTELE, nr.39 - NORDLINE s\u00f5udepaadid ja mootorpaadid. Klaasfiiber materjalist.<\/title>\n<meta name=\"robots\" content=\"index, follow, max-snippet:-1, max-image-preview:large, max-video-preview:-1\" \/>\n<link rel=\"canonical\" href=\"https:\/\/nordlinepaadid.ee\/et\/pood\/ru-marine-clothing-and-shoes\/ru-boots-shoes\/purjetamissaapad-marinepool-element-naistele-nr-39\/\" \/>\n<meta property=\"og:locale\" content=\"et_EE\" \/>\n<meta property=\"og:type\" content=\"article\" \/>\n<meta property=\"og:title\" content=\"PURJETAMISSAAPAD- MARINEPOOL ELEMENT, NAISTELE, nr.39 - NORDLINE s\u00f5udepaadid ja mootorpaadid. Klaasfiiber materjalist.\" \/>\n<meta property=\"og:description\" content=\"Marinepool TEC-sarja uued purjetamissaapad-Element. Marinepool Element saapad on t\u00e4ielikult teibitud, veekindlad ja hingavad ning membraan-tehnoloogia hoiab jalgu kuivana. Libisemiskindel v\u00e4listald tagab suurep\u00e4rase haarde- ja pidamise k\u00f5ikidel pindadel. Samas tagab anatoomiline sisetald suurep\u00e4rase tugipinna. Omadused: sportlikud, veekindlad ja hingavad; ideaalsed avamerepurjetamiseks; libisemis- ja kulumiskindel v\u00e4listald; Reguleeritav s\u00e4\u00e4reosa; Tugevdatud ja l\u00f6\u00f6gikindel varba- ja kannaosa. Materjal: 55 %...\" \/>\n<meta property=\"og:url\" content=\"https:\/\/nordlinepaadid.ee\/et\/pood\/ru-marine-clothing-and-shoes\/ru-boots-shoes\/purjetamissaapad-marinepool-element-naistele-nr-39\/\" \/>\n<meta property=\"og:site_name\" content=\"NORDLINE s\u00f5udepaadid ja mootorpaadid. Klaasfiiber materjalist.\" \/>\n<meta property=\"article:publisher\" content=\"https:\/\/www.facebook.com\/nordlineboats\" \/>\n<meta property=\"article:modified_time\" content=\"2026-04-08T07:03:59+00:00\" \/>\n<meta property=\"og:image\" content=\"https:\/\/nordlinepaadid.ee\/wp-content\/uploads\/2023\/03\/6311_element-boot-black1_11.jpg\" \/>\n\t<meta property=\"og:image:width\" content=\"558\" \/>\n\t<meta property=\"og:image:height\" content=\"700\" \/>\n\t<meta property=\"og:image:type\" content=\"image\/jpeg\" \/>\n<meta name=\"twitter:card\" content=\"summary_large_image\" \/>\n<script type=\"application\/ld+json\" class=\"yoast-schema-graph\">{\"@context\":\"https:\\\/\\\/schema.org\",\"@graph\":[{\"@type\":\"WebPage\",\"@id\":\"https:\\\/\\\/nordlinepaadid.ee\\\/et\\\/pood\\\/ru-marine-clothing-and-shoes\\\/ru-boots-shoes\\\/purjetamissaapad-marinepool-element-naistele-nr-39\\\/\",\"url\":\"https:\\\/\\\/nordlinepaadid.ee\\\/et\\\/pood\\\/ru-marine-clothing-and-shoes\\\/ru-boots-shoes\\\/purjetamissaapad-marinepool-element-naistele-nr-39\\\/\",\"name\":\"PURJETAMISSAAPAD- MARINEPOOL ELEMENT, NAISTELE, nr.39 - NORDLINE s\u00f5udepaadid ja mootorpaadid. Klaasfiiber materjalist.\",\"isPartOf\":{\"@id\":\"https:\\\/\\\/nordlinepaadid.ee\\\/et\\\/#website\"},\"primaryImageOfPage\":{\"@id\":\"https:\\\/\\\/nordlinepaadid.ee\\\/et\\\/pood\\\/ru-marine-clothing-and-shoes\\\/ru-boots-shoes\\\/purjetamissaapad-marinepool-element-naistele-nr-39\\\/#primaryimage\"},\"image\":{\"@id\":\"https:\\\/\\\/nordlinepaadid.ee\\\/et\\\/pood\\\/ru-marine-clothing-and-shoes\\\/ru-boots-shoes\\\/purjetamissaapad-marinepool-element-naistele-nr-39\\\/#primaryimage\"},\"thumbnailUrl\":\"https:\\\/\\\/nordlinepaadid.ee\\\/wp-content\\\/uploads\\\/2023\\\/03\\\/6311_element-boot-black1_11.jpg\",\"datePublished\":\"2026-04-07T00:21:53+00:00\",\"dateModified\":\"2026-04-08T07:03:59+00:00\",\"breadcrumb\":{\"@id\":\"https:\\\/\\\/nordlinepaadid.ee\\\/et\\\/pood\\\/ru-marine-clothing-and-shoes\\\/ru-boots-shoes\\\/purjetamissaapad-marinepool-element-naistele-nr-39\\\/#breadcrumb\"},\"inLanguage\":\"et\",\"potentialAction\":[{\"@type\":\"ReadAction\",\"target\":[\"https:\\\/\\\/nordlinepaadid.ee\\\/et\\\/pood\\\/ru-marine-clothing-and-shoes\\\/ru-boots-shoes\\\/purjetamissaapad-marinepool-element-naistele-nr-39\\\/\"]}]},{\"@type\":\"ImageObject\",\"inLanguage\":\"et\",\"@id\":\"https:\\\/\\\/nordlinepaadid.ee\\\/et\\\/pood\\\/ru-marine-clothing-and-shoes\\\/ru-boots-shoes\\\/purjetamissaapad-marinepool-element-naistele-nr-39\\\/#primaryimage\",\"url\":\"https:\\\/\\\/nordlinepaadid.ee\\\/wp-content\\\/uploads\\\/2023\\\/03\\\/6311_element-boot-black1_11.jpg\",\"contentUrl\":\"https:\\\/\\\/nordlinepaadid.ee\\\/wp-content\\\/uploads\\\/2023\\\/03\\\/6311_element-boot-black1_11.jpg\",\"width\":558,\"height\":700},{\"@type\":\"BreadcrumbList\",\"@id\":\"https:\\\/\\\/nordlinepaadid.ee\\\/et\\\/pood\\\/ru-marine-clothing-and-shoes\\\/ru-boots-shoes\\\/purjetamissaapad-marinepool-element-naistele-nr-39\\\/#breadcrumb\",\"itemListElement\":[{\"@type\":\"ListItem\",\"position\":1,\"name\":\"Home\",\"item\":\"https:\\\/\\\/nordlinepaadid.ee\\\/et\\\/\"},{\"@type\":\"ListItem\",\"position\":2,\"name\":\"Pood\",\"item\":\"https:\\\/\\\/nordlinepaadid.ee\\\/et\\\/pood\\\/\"},{\"@type\":\"ListItem\",\"position\":3,\"name\":\"PURJETAMISSAAPAD- MARINEPOOL ELEMENT, NAISTELE, nr.39\"}]},{\"@type\":\"WebSite\",\"@id\":\"https:\\\/\\\/nordlinepaadid.ee\\\/et\\\/#website\",\"url\":\"https:\\\/\\\/nordlinepaadid.ee\\\/et\\\/\",\"name\":\"NORDLINE s\u00f5udepaadid ja mootorpaadid. Klaasfiiber materjalist.\",\"description\":\"\",\"publisher\":{\"@id\":\"https:\\\/\\\/nordlinepaadid.ee\\\/et\\\/#organization\"},\"potentialAction\":[{\"@type\":\"SearchAction\",\"target\":{\"@type\":\"EntryPoint\",\"urlTemplate\":\"https:\\\/\\\/nordlinepaadid.ee\\\/et\\\/?s={search_term_string}\"},\"query-input\":{\"@type\":\"PropertyValueSpecification\",\"valueRequired\":true,\"valueName\":\"search_term_string\"}}],\"inLanguage\":\"et\"},{\"@type\":\"Organization\",\"@id\":\"https:\\\/\\\/nordlinepaadid.ee\\\/et\\\/#organization\",\"name\":\"Nordlineboats\",\"url\":\"https:\\\/\\\/nordlinepaadid.ee\\\/et\\\/\",\"logo\":{\"@type\":\"ImageObject\",\"inLanguage\":\"et\",\"@id\":\"https:\\\/\\\/nordlinepaadid.ee\\\/et\\\/#\\\/schema\\\/logo\\\/image\\\/\",\"url\":\"https:\\\/\\\/nordlinepaadid.ee\\\/wp-content\\\/uploads\\\/2023\\\/01\\\/fulllogo_transparent_nobuffer-e1672750475494.png\",\"contentUrl\":\"https:\\\/\\\/nordlinepaadid.ee\\\/wp-content\\\/uploads\\\/2023\\\/01\\\/fulllogo_transparent_nobuffer-e1672750475494.png\",\"width\":150,\"height\":119,\"caption\":\"Nordlineboats\"},\"image\":{\"@id\":\"https:\\\/\\\/nordlinepaadid.ee\\\/et\\\/#\\\/schema\\\/logo\\\/image\\\/\"},\"sameAs\":[\"https:\\\/\\\/www.facebook.com\\\/nordlineboats\",\"https:\\\/\\\/www.youtube.com\\\/channel\\\/UCbgF0fy02y3QkFnujaLTaCA\"]}]}<\/script>\n<!-- \/ Yoast SEO plugin. -->","yoast_head_json":{"title":"PURJETAMISSAAPAD- MARINEPOOL ELEMENT, NAISTELE, nr.39 - NORDLINE s\u00f5udepaadid ja mootorpaadid. Klaasfiiber materjalist.","robots":{"index":"index","follow":"follow","max-snippet":"max-snippet:-1","max-image-preview":"max-image-preview:large","max-video-preview":"max-video-preview:-1"},"canonical":"https:\/\/nordlinepaadid.ee\/et\/pood\/ru-marine-clothing-and-shoes\/ru-boots-shoes\/purjetamissaapad-marinepool-element-naistele-nr-39\/","og_locale":"et_EE","og_type":"article","og_title":"PURJETAMISSAAPAD- MARINEPOOL ELEMENT, NAISTELE, nr.39 - NORDLINE s\u00f5udepaadid ja mootorpaadid. Klaasfiiber materjalist.","og_description":"Marinepool TEC-sarja uued purjetamissaapad-Element. Marinepool Element saapad on t\u00e4ielikult teibitud, veekindlad ja hingavad ning membraan-tehnoloogia hoiab jalgu kuivana. Libisemiskindel v\u00e4listald tagab suurep\u00e4rase haarde- ja pidamise k\u00f5ikidel pindadel. Samas tagab anatoomiline sisetald suurep\u00e4rase tugipinna. Omadused: sportlikud, veekindlad ja hingavad; ideaalsed avamerepurjetamiseks; libisemis- ja kulumiskindel v\u00e4listald; Reguleeritav s\u00e4\u00e4reosa; Tugevdatud ja l\u00f6\u00f6gikindel varba- ja kannaosa. Materjal: 55 %...","og_url":"https:\/\/nordlinepaadid.ee\/et\/pood\/ru-marine-clothing-and-shoes\/ru-boots-shoes\/purjetamissaapad-marinepool-element-naistele-nr-39\/","og_site_name":"NORDLINE s\u00f5udepaadid ja mootorpaadid. Klaasfiiber materjalist.","article_publisher":"https:\/\/www.facebook.com\/nordlineboats","article_modified_time":"2026-04-08T07:03:59+00:00","og_image":[{"width":558,"height":700,"url":"https:\/\/nordlinepaadid.ee\/wp-content\/uploads\/2023\/03\/6311_element-boot-black1_11.jpg","type":"image\/jpeg"}],"twitter_card":"summary_large_image","schema":{"@context":"https:\/\/schema.org","@graph":[{"@type":"WebPage","@id":"https:\/\/nordlinepaadid.ee\/et\/pood\/ru-marine-clothing-and-shoes\/ru-boots-shoes\/purjetamissaapad-marinepool-element-naistele-nr-39\/","url":"https:\/\/nordlinepaadid.ee\/et\/pood\/ru-marine-clothing-and-shoes\/ru-boots-shoes\/purjetamissaapad-marinepool-element-naistele-nr-39\/","name":"PURJETAMISSAAPAD- MARINEPOOL ELEMENT, NAISTELE, nr.39 - NORDLINE s\u00f5udepaadid ja mootorpaadid. Klaasfiiber materjalist.","isPartOf":{"@id":"https:\/\/nordlinepaadid.ee\/et\/#website"},"primaryImageOfPage":{"@id":"https:\/\/nordlinepaadid.ee\/et\/pood\/ru-marine-clothing-and-shoes\/ru-boots-shoes\/purjetamissaapad-marinepool-element-naistele-nr-39\/#primaryimage"},"image":{"@id":"https:\/\/nordlinepaadid.ee\/et\/pood\/ru-marine-clothing-and-shoes\/ru-boots-shoes\/purjetamissaapad-marinepool-element-naistele-nr-39\/#primaryimage"},"thumbnailUrl":"https:\/\/nordlinepaadid.ee\/wp-content\/uploads\/2023\/03\/6311_element-boot-black1_11.jpg","datePublished":"2026-04-07T00:21:53+00:00","dateModified":"2026-04-08T07:03:59+00:00","breadcrumb":{"@id":"https:\/\/nordlinepaadid.ee\/et\/pood\/ru-marine-clothing-and-shoes\/ru-boots-shoes\/purjetamissaapad-marinepool-element-naistele-nr-39\/#breadcrumb"},"inLanguage":"et","potentialAction":[{"@type":"ReadAction","target":["https:\/\/nordlinepaadid.ee\/et\/pood\/ru-marine-clothing-and-shoes\/ru-boots-shoes\/purjetamissaapad-marinepool-element-naistele-nr-39\/"]}]},{"@type":"ImageObject","inLanguage":"et","@id":"https:\/\/nordlinepaadid.ee\/et\/pood\/ru-marine-clothing-and-shoes\/ru-boots-shoes\/purjetamissaapad-marinepool-element-naistele-nr-39\/#primaryimage","url":"https:\/\/nordlinepaadid.ee\/wp-content\/uploads\/2023\/03\/6311_element-boot-black1_11.jpg","contentUrl":"https:\/\/nordlinepaadid.ee\/wp-content\/uploads\/2023\/03\/6311_element-boot-black1_11.jpg","width":558,"height":700},{"@type":"BreadcrumbList","@id":"https:\/\/nordlinepaadid.ee\/et\/pood\/ru-marine-clothing-and-shoes\/ru-boots-shoes\/purjetamissaapad-marinepool-element-naistele-nr-39\/#breadcrumb","itemListElement":[{"@type":"ListItem","position":1,"name":"Home","item":"https:\/\/nordlinepaadid.ee\/et\/"},{"@type":"ListItem","position":2,"name":"Pood","item":"https:\/\/nordlinepaadid.ee\/et\/pood\/"},{"@type":"ListItem","position":3,"name":"PURJETAMISSAAPAD- MARINEPOOL ELEMENT, NAISTELE, nr.39"}]},{"@type":"WebSite","@id":"https:\/\/nordlinepaadid.ee\/et\/#website","url":"https:\/\/nordlinepaadid.ee\/et\/","name":"NORDLINE s\u00f5udepaadid ja mootorpaadid. Klaasfiiber materjalist.","description":"","publisher":{"@id":"https:\/\/nordlinepaadid.ee\/et\/#organization"},"potentialAction":[{"@type":"SearchAction","target":{"@type":"EntryPoint","urlTemplate":"https:\/\/nordlinepaadid.ee\/et\/?s={search_term_string}"},"query-input":{"@type":"PropertyValueSpecification","valueRequired":true,"valueName":"search_term_string"}}],"inLanguage":"et"},{"@type":"Organization","@id":"https:\/\/nordlinepaadid.ee\/et\/#organization","name":"Nordlineboats","url":"https:\/\/nordlinepaadid.ee\/et\/","logo":{"@type":"ImageObject","inLanguage":"et","@id":"https:\/\/nordlinepaadid.ee\/et\/#\/schema\/logo\/image\/","url":"https:\/\/nordlinepaadid.ee\/wp-content\/uploads\/2023\/01\/fulllogo_transparent_nobuffer-e1672750475494.png","contentUrl":"https:\/\/nordlinepaadid.ee\/wp-content\/uploads\/2023\/01\/fulllogo_transparent_nobuffer-e1672750475494.png","width":150,"height":119,"caption":"Nordlineboats"},"image":{"@id":"https:\/\/nordlinepaadid.ee\/et\/#\/schema\/logo\/image\/"},"sameAs":["https:\/\/www.facebook.com\/nordlineboats","https:\/\/www.youtube.com\/channel\/UCbgF0fy02y3QkFnujaLTaCA"]}]}},"taxonomy_info":{"product_cat":[{"value":345,"label":"Jalan\u00f5ud"},{"value":894,"label":"O\u0431\u0443\u0432\u044c"},{"value":232,"label":"PURJETAMISRIIDED JA JALAN\u00d5UD"}],"pa_color":[{"value":684,"label":"Must"}],"pa_producer":[{"value":480,"label":"Marinepool"}],"pa_unit":[{"value":423,"label":"pair"}]},"featured_image_src_large":["https:\/\/nordlinepaadid.ee\/wp-content\/uploads\/2023\/03\/6311_element-boot-black1_11.jpg",558,700,false],"author_info":[],"comment_info":"","_links":{"self":[{"href":"https:\/\/nordlinepaadid.ee\/et\/wp-json\/wp\/v2\/product\/45763","targetHints":{"allow":["GET"]}}],"collection":[{"href":"https:\/\/nordlinepaadid.ee\/et\/wp-json\/wp\/v2\/product"}],"about":[{"href":"https:\/\/nordlinepaadid.ee\/et\/wp-json\/wp\/v2\/types\/product"}],"wp:featuredmedia":[{"embeddable":true,"href":"https:\/\/nordlinepaadid.ee\/et\/wp-json\/wp\/v2\/media\/24904"}],"wp:attachment":[{"href":"https:\/\/nordlinepaadid.ee\/et\/wp-json\/wp\/v2\/media?parent=45763"}],"wp:term":[{"taxonomy":"product_brand","embeddable":true,"href":"https:\/\/nordlinepaadid.ee\/et\/wp-json\/wp\/v2\/product_brand?post=45763"},{"taxonomy":"product_cat","embeddable":true,"href":"https:\/\/nordlinepaadid.ee\/et\/wp-json\/wp\/v2\/product_cat?post=45763"},{"taxonomy":"product_tag","embeddable":true,"href":"https:\/\/nordlinepaadid.ee\/et\/wp-json\/wp\/v2\/product_tag?post=45763"}],"curies":[{"name":"wp","href":"https:\/\/api.w.org\/{rel}","templated":true}]}}