{"id":45848,"date":"2026-04-07T03:22:08","date_gmt":"2026-04-07T00:22:08","guid":{"rendered":"https:\/\/nordlinepaadid.ee\/toode\/maaratlemata\/vabaaja-purjetamisjope-marinepool-melbourne-vc2l-meestele-xl\/"},"modified":"2026-04-08T10:02:56","modified_gmt":"2026-04-08T07:02:56","slug":"vabaaja-purjetamisjope-marinepool-melbourne-vc2l-meestele-xl","status":"publish","type":"product","link":"https:\/\/nordlinepaadid.ee\/et\/pood\/marine-clothing-and-shoes\/purjetamisjoped-ja-puksid\/vabaaja-purjetamisjope-marinepool-melbourne-vc2l-meestele-xl\/","title":{"rendered":"VABAAJA PURJETAMISJOPE- MARINEPOOL MELBOURNE VC2L, MEESTELE, XL"},"content":{"rendered":"<p>VC2L on Marinepooli uus ja uuenduslik sportlik sari! 2- kihiline pealisriie on vastupidav, kuid pehme. MPU membraan ja teibitud \u00f5mblused tagavad v\u00e4ga hea veekindluse. Varrukad ja v\u00f6\u00f6koht on reguleeritavad. V\u00e4lisvoodril on uuenduslik kraelahendus, mille pehme lukuk tagab mugava vormi ja kaitseb veepritsmete eest; varrukatel on ka pehmed lukud. Joped veenavad ergonoomilise istuvuse ja k\u00f5rge fliisvoodriga kraega karmi mere jaoks \u2013 lisaks ka topeltlukud, signaalv\u00e4rvi kapuutsi ja helkuritega. Eriomadused: Veekindlus- 10 000 mm; Hingavus- 6000 g\/ m\u00b2 &#8211; 24h<\/p>\n<p>&#13;<\/p>\n<p><iframe loading=\"lazy\" allowfullscreen=\"\" frameborder=\"0\" height=\"360\" src=\"\/\/www.youtube.com\/embed\/Qh2ace4Mgbw\" width=\"640\"><\/iframe><\/p>\n<p>&#13;<\/p>\n","protected":false},"excerpt":{"rendered":"<p>VC2L on Marinepooli uus ja uuenduslik sportlik sari! 2- kihiline pealisriie on vastupidav, kuid pehme. MPU membraan ja teibitud \u00f5mblused tagavad v\u00e4ga hea veekindluse. Varrukad ja v\u00f6\u00f6koht on reguleeritavad. V\u00e4lisvoodril on uuenduslik kraelahendus, mille pehme lukuk tagab mugava vormi ja kaitseb veepritsmete eest; varrukatel on ka pehmed lukud. Joped veenavad ergonoomilise istuvuse ja k\u00f5rge fliisvoodriga&#8230;<\/p>\n","protected":false},"featured_media":29527,"template":"","meta":{"_kad_blocks_custom_css":"","_kad_blocks_head_custom_js":"","_kad_blocks_body_custom_js":"","_kad_blocks_footer_custom_js":"","_kad_post_transparent":"","_kad_post_title":"","_kad_post_layout":"","_kad_post_sidebar_id":"","_kad_post_content_style":"","_kad_post_vertical_padding":"","_kad_post_feature":"","_kad_post_feature_position":"","_kad_post_header":false,"_kad_post_footer":false,"_kad_post_classname":""},"product_brand":[],"product_cat":[257,232],"product_tag":[],"class_list":{"0":"post-45848","1":"product","2":"type-product","3":"status-publish","4":"has-post-thumbnail","6":"product_cat-purjetamisjoped-ja-puksid","7":"product_cat-marine-clothing-and-shoes","8":"pa_color-tumesinine","9":"pa_producer-marinepool","10":"pa_unit-pcs","11":"tm-no-options","13":"first","14":"onbackorder","15":"taxable","16":"shipping-taxable","17":"purchasable","18":"product-type-simple","19":"entry","20":"content-bg","21":"loop-entry"},"yoast_head":"<!-- This site is optimized with the Yoast SEO plugin v27.3 - https:\/\/yoast.com\/product\/yoast-seo-wordpress\/ -->\n<title>VABAAJA PURJETAMISJOPE- MARINEPOOL MELBOURNE VC2L, MEESTELE, XL - NORDLINE s\u00f5udepaadid ja mootorpaadid. Klaasfiiber materjalist.<\/title>\n<meta name=\"robots\" content=\"index, follow, max-snippet:-1, max-image-preview:large, max-video-preview:-1\" \/>\n<link rel=\"canonical\" href=\"https:\/\/nordlinepaadid.ee\/et\/pood\/marine-clothing-and-shoes\/purjetamisjoped-ja-puksid\/vabaaja-purjetamisjope-marinepool-melbourne-vc2l-meestele-xl\/\" \/>\n<meta property=\"og:locale\" content=\"et_EE\" \/>\n<meta property=\"og:type\" content=\"article\" \/>\n<meta property=\"og:title\" content=\"VABAAJA PURJETAMISJOPE- MARINEPOOL MELBOURNE VC2L, MEESTELE, XL - NORDLINE s\u00f5udepaadid ja mootorpaadid. Klaasfiiber materjalist.\" \/>\n<meta property=\"og:description\" content=\"VC2L on Marinepooli uus ja uuenduslik sportlik sari! 2- kihiline pealisriie on vastupidav, kuid pehme. MPU membraan ja teibitud \u00f5mblused tagavad v\u00e4ga hea veekindluse. Varrukad ja v\u00f6\u00f6koht on reguleeritavad. V\u00e4lisvoodril on uuenduslik kraelahendus, mille pehme lukuk tagab mugava vormi ja kaitseb veepritsmete eest; varrukatel on ka pehmed lukud. Joped veenavad ergonoomilise istuvuse ja k\u00f5rge fliisvoodriga...\" \/>\n<meta property=\"og:url\" content=\"https:\/\/nordlinepaadid.ee\/et\/pood\/marine-clothing-and-shoes\/purjetamisjoped-ja-puksid\/vabaaja-purjetamisjope-marinepool-melbourne-vc2l-meestele-xl\/\" \/>\n<meta property=\"og:site_name\" content=\"NORDLINE s\u00f5udepaadid ja mootorpaadid. Klaasfiiber materjalist.\" \/>\n<meta property=\"article:publisher\" content=\"https:\/\/www.facebook.com\/nordlineboats\" \/>\n<meta property=\"article:modified_time\" content=\"2026-04-08T07:02:56+00:00\" \/>\n<meta property=\"og:image\" content=\"https:\/\/nordlinepaadid.ee\/wp-content\/uploads\/2023\/03\/8947_melbourne-jacket-men-navy1_7.jpg\" \/>\n\t<meta property=\"og:image:width\" content=\"1163\" \/>\n\t<meta property=\"og:image:height\" content=\"1600\" \/>\n\t<meta property=\"og:image:type\" content=\"image\/jpeg\" \/>\n<meta name=\"twitter:card\" content=\"summary_large_image\" \/>\n<script type=\"application\/ld+json\" class=\"yoast-schema-graph\">{\"@context\":\"https:\\\/\\\/schema.org\",\"@graph\":[{\"@type\":\"WebPage\",\"@id\":\"https:\\\/\\\/nordlinepaadid.ee\\\/et\\\/pood\\\/marine-clothing-and-shoes\\\/purjetamisjoped-ja-puksid\\\/vabaaja-purjetamisjope-marinepool-melbourne-vc2l-meestele-xl\\\/\",\"url\":\"https:\\\/\\\/nordlinepaadid.ee\\\/et\\\/pood\\\/marine-clothing-and-shoes\\\/purjetamisjoped-ja-puksid\\\/vabaaja-purjetamisjope-marinepool-melbourne-vc2l-meestele-xl\\\/\",\"name\":\"VABAAJA PURJETAMISJOPE- MARINEPOOL MELBOURNE VC2L, MEESTELE, XL - NORDLINE s\u00f5udepaadid ja mootorpaadid. Klaasfiiber materjalist.\",\"isPartOf\":{\"@id\":\"https:\\\/\\\/nordlinepaadid.ee\\\/et\\\/#website\"},\"primaryImageOfPage\":{\"@id\":\"https:\\\/\\\/nordlinepaadid.ee\\\/et\\\/pood\\\/marine-clothing-and-shoes\\\/purjetamisjoped-ja-puksid\\\/vabaaja-purjetamisjope-marinepool-melbourne-vc2l-meestele-xl\\\/#primaryimage\"},\"image\":{\"@id\":\"https:\\\/\\\/nordlinepaadid.ee\\\/et\\\/pood\\\/marine-clothing-and-shoes\\\/purjetamisjoped-ja-puksid\\\/vabaaja-purjetamisjope-marinepool-melbourne-vc2l-meestele-xl\\\/#primaryimage\"},\"thumbnailUrl\":\"https:\\\/\\\/nordlinepaadid.ee\\\/wp-content\\\/uploads\\\/2023\\\/03\\\/8947_melbourne-jacket-men-navy1_7.jpg\",\"datePublished\":\"2026-04-07T00:22:08+00:00\",\"dateModified\":\"2026-04-08T07:02:56+00:00\",\"breadcrumb\":{\"@id\":\"https:\\\/\\\/nordlinepaadid.ee\\\/et\\\/pood\\\/marine-clothing-and-shoes\\\/purjetamisjoped-ja-puksid\\\/vabaaja-purjetamisjope-marinepool-melbourne-vc2l-meestele-xl\\\/#breadcrumb\"},\"inLanguage\":\"et\",\"potentialAction\":[{\"@type\":\"ReadAction\",\"target\":[\"https:\\\/\\\/nordlinepaadid.ee\\\/et\\\/pood\\\/marine-clothing-and-shoes\\\/purjetamisjoped-ja-puksid\\\/vabaaja-purjetamisjope-marinepool-melbourne-vc2l-meestele-xl\\\/\"]}]},{\"@type\":\"ImageObject\",\"inLanguage\":\"et\",\"@id\":\"https:\\\/\\\/nordlinepaadid.ee\\\/et\\\/pood\\\/marine-clothing-and-shoes\\\/purjetamisjoped-ja-puksid\\\/vabaaja-purjetamisjope-marinepool-melbourne-vc2l-meestele-xl\\\/#primaryimage\",\"url\":\"https:\\\/\\\/nordlinepaadid.ee\\\/wp-content\\\/uploads\\\/2023\\\/03\\\/8947_melbourne-jacket-men-navy1_7.jpg\",\"contentUrl\":\"https:\\\/\\\/nordlinepaadid.ee\\\/wp-content\\\/uploads\\\/2023\\\/03\\\/8947_melbourne-jacket-men-navy1_7.jpg\",\"width\":1163,\"height\":1600},{\"@type\":\"BreadcrumbList\",\"@id\":\"https:\\\/\\\/nordlinepaadid.ee\\\/et\\\/pood\\\/marine-clothing-and-shoes\\\/purjetamisjoped-ja-puksid\\\/vabaaja-purjetamisjope-marinepool-melbourne-vc2l-meestele-xl\\\/#breadcrumb\",\"itemListElement\":[{\"@type\":\"ListItem\",\"position\":1,\"name\":\"Home\",\"item\":\"https:\\\/\\\/nordlinepaadid.ee\\\/et\\\/\"},{\"@type\":\"ListItem\",\"position\":2,\"name\":\"Pood\",\"item\":\"https:\\\/\\\/nordlinepaadid.ee\\\/et\\\/pood\\\/\"},{\"@type\":\"ListItem\",\"position\":3,\"name\":\"VABAAJA PURJETAMISJOPE- MARINEPOOL MELBOURNE VC2L, MEESTELE, XL\"}]},{\"@type\":\"WebSite\",\"@id\":\"https:\\\/\\\/nordlinepaadid.ee\\\/et\\\/#website\",\"url\":\"https:\\\/\\\/nordlinepaadid.ee\\\/et\\\/\",\"name\":\"NORDLINE s\u00f5udepaadid ja mootorpaadid. Klaasfiiber materjalist.\",\"description\":\"\",\"publisher\":{\"@id\":\"https:\\\/\\\/nordlinepaadid.ee\\\/et\\\/#organization\"},\"potentialAction\":[{\"@type\":\"SearchAction\",\"target\":{\"@type\":\"EntryPoint\",\"urlTemplate\":\"https:\\\/\\\/nordlinepaadid.ee\\\/et\\\/?s={search_term_string}\"},\"query-input\":{\"@type\":\"PropertyValueSpecification\",\"valueRequired\":true,\"valueName\":\"search_term_string\"}}],\"inLanguage\":\"et\"},{\"@type\":\"Organization\",\"@id\":\"https:\\\/\\\/nordlinepaadid.ee\\\/et\\\/#organization\",\"name\":\"Nordlineboats\",\"url\":\"https:\\\/\\\/nordlinepaadid.ee\\\/et\\\/\",\"logo\":{\"@type\":\"ImageObject\",\"inLanguage\":\"et\",\"@id\":\"https:\\\/\\\/nordlinepaadid.ee\\\/et\\\/#\\\/schema\\\/logo\\\/image\\\/\",\"url\":\"https:\\\/\\\/nordlinepaadid.ee\\\/wp-content\\\/uploads\\\/2023\\\/01\\\/fulllogo_transparent_nobuffer-e1672750475494.png\",\"contentUrl\":\"https:\\\/\\\/nordlinepaadid.ee\\\/wp-content\\\/uploads\\\/2023\\\/01\\\/fulllogo_transparent_nobuffer-e1672750475494.png\",\"width\":150,\"height\":119,\"caption\":\"Nordlineboats\"},\"image\":{\"@id\":\"https:\\\/\\\/nordlinepaadid.ee\\\/et\\\/#\\\/schema\\\/logo\\\/image\\\/\"},\"sameAs\":[\"https:\\\/\\\/www.facebook.com\\\/nordlineboats\",\"https:\\\/\\\/www.youtube.com\\\/channel\\\/UCbgF0fy02y3QkFnujaLTaCA\"]}]}<\/script>\n<!-- \/ Yoast SEO plugin. -->","yoast_head_json":{"title":"VABAAJA PURJETAMISJOPE- MARINEPOOL MELBOURNE VC2L, MEESTELE, XL - NORDLINE s\u00f5udepaadid ja mootorpaadid. Klaasfiiber materjalist.","robots":{"index":"index","follow":"follow","max-snippet":"max-snippet:-1","max-image-preview":"max-image-preview:large","max-video-preview":"max-video-preview:-1"},"canonical":"https:\/\/nordlinepaadid.ee\/et\/pood\/marine-clothing-and-shoes\/purjetamisjoped-ja-puksid\/vabaaja-purjetamisjope-marinepool-melbourne-vc2l-meestele-xl\/","og_locale":"et_EE","og_type":"article","og_title":"VABAAJA PURJETAMISJOPE- MARINEPOOL MELBOURNE VC2L, MEESTELE, XL - NORDLINE s\u00f5udepaadid ja mootorpaadid. Klaasfiiber materjalist.","og_description":"VC2L on Marinepooli uus ja uuenduslik sportlik sari! 2- kihiline pealisriie on vastupidav, kuid pehme. MPU membraan ja teibitud \u00f5mblused tagavad v\u00e4ga hea veekindluse. Varrukad ja v\u00f6\u00f6koht on reguleeritavad. V\u00e4lisvoodril on uuenduslik kraelahendus, mille pehme lukuk tagab mugava vormi ja kaitseb veepritsmete eest; varrukatel on ka pehmed lukud. Joped veenavad ergonoomilise istuvuse ja k\u00f5rge fliisvoodriga...","og_url":"https:\/\/nordlinepaadid.ee\/et\/pood\/marine-clothing-and-shoes\/purjetamisjoped-ja-puksid\/vabaaja-purjetamisjope-marinepool-melbourne-vc2l-meestele-xl\/","og_site_name":"NORDLINE s\u00f5udepaadid ja mootorpaadid. Klaasfiiber materjalist.","article_publisher":"https:\/\/www.facebook.com\/nordlineboats","article_modified_time":"2026-04-08T07:02:56+00:00","og_image":[{"width":1163,"height":1600,"url":"https:\/\/nordlinepaadid.ee\/wp-content\/uploads\/2023\/03\/8947_melbourne-jacket-men-navy1_7.jpg","type":"image\/jpeg"}],"twitter_card":"summary_large_image","schema":{"@context":"https:\/\/schema.org","@graph":[{"@type":"WebPage","@id":"https:\/\/nordlinepaadid.ee\/et\/pood\/marine-clothing-and-shoes\/purjetamisjoped-ja-puksid\/vabaaja-purjetamisjope-marinepool-melbourne-vc2l-meestele-xl\/","url":"https:\/\/nordlinepaadid.ee\/et\/pood\/marine-clothing-and-shoes\/purjetamisjoped-ja-puksid\/vabaaja-purjetamisjope-marinepool-melbourne-vc2l-meestele-xl\/","name":"VABAAJA PURJETAMISJOPE- MARINEPOOL MELBOURNE VC2L, MEESTELE, XL - NORDLINE s\u00f5udepaadid ja mootorpaadid. Klaasfiiber materjalist.","isPartOf":{"@id":"https:\/\/nordlinepaadid.ee\/et\/#website"},"primaryImageOfPage":{"@id":"https:\/\/nordlinepaadid.ee\/et\/pood\/marine-clothing-and-shoes\/purjetamisjoped-ja-puksid\/vabaaja-purjetamisjope-marinepool-melbourne-vc2l-meestele-xl\/#primaryimage"},"image":{"@id":"https:\/\/nordlinepaadid.ee\/et\/pood\/marine-clothing-and-shoes\/purjetamisjoped-ja-puksid\/vabaaja-purjetamisjope-marinepool-melbourne-vc2l-meestele-xl\/#primaryimage"},"thumbnailUrl":"https:\/\/nordlinepaadid.ee\/wp-content\/uploads\/2023\/03\/8947_melbourne-jacket-men-navy1_7.jpg","datePublished":"2026-04-07T00:22:08+00:00","dateModified":"2026-04-08T07:02:56+00:00","breadcrumb":{"@id":"https:\/\/nordlinepaadid.ee\/et\/pood\/marine-clothing-and-shoes\/purjetamisjoped-ja-puksid\/vabaaja-purjetamisjope-marinepool-melbourne-vc2l-meestele-xl\/#breadcrumb"},"inLanguage":"et","potentialAction":[{"@type":"ReadAction","target":["https:\/\/nordlinepaadid.ee\/et\/pood\/marine-clothing-and-shoes\/purjetamisjoped-ja-puksid\/vabaaja-purjetamisjope-marinepool-melbourne-vc2l-meestele-xl\/"]}]},{"@type":"ImageObject","inLanguage":"et","@id":"https:\/\/nordlinepaadid.ee\/et\/pood\/marine-clothing-and-shoes\/purjetamisjoped-ja-puksid\/vabaaja-purjetamisjope-marinepool-melbourne-vc2l-meestele-xl\/#primaryimage","url":"https:\/\/nordlinepaadid.ee\/wp-content\/uploads\/2023\/03\/8947_melbourne-jacket-men-navy1_7.jpg","contentUrl":"https:\/\/nordlinepaadid.ee\/wp-content\/uploads\/2023\/03\/8947_melbourne-jacket-men-navy1_7.jpg","width":1163,"height":1600},{"@type":"BreadcrumbList","@id":"https:\/\/nordlinepaadid.ee\/et\/pood\/marine-clothing-and-shoes\/purjetamisjoped-ja-puksid\/vabaaja-purjetamisjope-marinepool-melbourne-vc2l-meestele-xl\/#breadcrumb","itemListElement":[{"@type":"ListItem","position":1,"name":"Home","item":"https:\/\/nordlinepaadid.ee\/et\/"},{"@type":"ListItem","position":2,"name":"Pood","item":"https:\/\/nordlinepaadid.ee\/et\/pood\/"},{"@type":"ListItem","position":3,"name":"VABAAJA PURJETAMISJOPE- MARINEPOOL MELBOURNE VC2L, MEESTELE, XL"}]},{"@type":"WebSite","@id":"https:\/\/nordlinepaadid.ee\/et\/#website","url":"https:\/\/nordlinepaadid.ee\/et\/","name":"NORDLINE s\u00f5udepaadid ja mootorpaadid. Klaasfiiber materjalist.","description":"","publisher":{"@id":"https:\/\/nordlinepaadid.ee\/et\/#organization"},"potentialAction":[{"@type":"SearchAction","target":{"@type":"EntryPoint","urlTemplate":"https:\/\/nordlinepaadid.ee\/et\/?s={search_term_string}"},"query-input":{"@type":"PropertyValueSpecification","valueRequired":true,"valueName":"search_term_string"}}],"inLanguage":"et"},{"@type":"Organization","@id":"https:\/\/nordlinepaadid.ee\/et\/#organization","name":"Nordlineboats","url":"https:\/\/nordlinepaadid.ee\/et\/","logo":{"@type":"ImageObject","inLanguage":"et","@id":"https:\/\/nordlinepaadid.ee\/et\/#\/schema\/logo\/image\/","url":"https:\/\/nordlinepaadid.ee\/wp-content\/uploads\/2023\/01\/fulllogo_transparent_nobuffer-e1672750475494.png","contentUrl":"https:\/\/nordlinepaadid.ee\/wp-content\/uploads\/2023\/01\/fulllogo_transparent_nobuffer-e1672750475494.png","width":150,"height":119,"caption":"Nordlineboats"},"image":{"@id":"https:\/\/nordlinepaadid.ee\/et\/#\/schema\/logo\/image\/"},"sameAs":["https:\/\/www.facebook.com\/nordlineboats","https:\/\/www.youtube.com\/channel\/UCbgF0fy02y3QkFnujaLTaCA"]}]}},"taxonomy_info":{"product_cat":[{"value":257,"label":"Purjetamisjoped- ja p\u00fcksid"},{"value":232,"label":"PURJETAMISRIIDED JA JALAN\u00d5UD"}],"pa_color":[{"value":676,"label":"Tumesinine"}],"pa_producer":[{"value":480,"label":"Marinepool"}],"pa_unit":[{"value":416,"label":"pcs"}]},"featured_image_src_large":["https:\/\/nordlinepaadid.ee\/wp-content\/uploads\/2023\/03\/8947_melbourne-jacket-men-navy1_7-744x1024.jpg",744,1024,true],"author_info":[],"comment_info":"","_links":{"self":[{"href":"https:\/\/nordlinepaadid.ee\/et\/wp-json\/wp\/v2\/product\/45848","targetHints":{"allow":["GET"]}}],"collection":[{"href":"https:\/\/nordlinepaadid.ee\/et\/wp-json\/wp\/v2\/product"}],"about":[{"href":"https:\/\/nordlinepaadid.ee\/et\/wp-json\/wp\/v2\/types\/product"}],"wp:featuredmedia":[{"embeddable":true,"href":"https:\/\/nordlinepaadid.ee\/et\/wp-json\/wp\/v2\/media\/29527"}],"wp:attachment":[{"href":"https:\/\/nordlinepaadid.ee\/et\/wp-json\/wp\/v2\/media?parent=45848"}],"wp:term":[{"taxonomy":"product_brand","embeddable":true,"href":"https:\/\/nordlinepaadid.ee\/et\/wp-json\/wp\/v2\/product_brand?post=45848"},{"taxonomy":"product_cat","embeddable":true,"href":"https:\/\/nordlinepaadid.ee\/et\/wp-json\/wp\/v2\/product_cat?post=45848"},{"taxonomy":"product_tag","embeddable":true,"href":"https:\/\/nordlinepaadid.ee\/et\/wp-json\/wp\/v2\/product_tag?post=45848"}],"curies":[{"name":"wp","href":"https:\/\/api.w.org\/{rel}","templated":true}]}}