{"id":45860,"date":"2026-04-07T03:22:09","date_gmt":"2026-04-07T00:22:09","guid":{"rendered":"https:\/\/nordlinepaadid.ee\/toode\/maaratlemata\/juhtpult-b400-kroom\/"},"modified":"2026-04-08T06:04:53","modified_gmt":"2026-04-08T03:04:53","slug":"juhtpult-b400-kroom","status":"publish","type":"product","link":"https:\/\/nordlinepaadid.ee\/et\/pood\/roolisusteemid\/engine-control-boxes-and-cables\/juhtpult-b400-kroom\/","title":{"rendered":"JUHTPULT B400, KROOM"},"content":{"rendered":"<p>Juhtpult Ultraxlex B400. Kaasaegne, lihtne ja madala profiiliga juhtpult, mis muudab selle ideaalseks purjepaatide jaoks. Esipaneel ja kang on valmistatud roostevabast terasest AISI 316. Varustatud reguleeritava siduriga. Omab ohutusl\u00fclitit X41, et v\u00e4ltida mootori s\u00fcttimist, kui hoob ei ole t\u00fchik\u00e4iguasendis. Sobivad kaablid: C2\/C8\/MACH&#8221;0&#8243;.<\/p>\n<p>&#13;<\/p>\n","protected":false},"excerpt":{"rendered":"<p>Juhtpult Ultraxlex B400. Kaasaegne, lihtne ja madala profiiliga juhtpult, mis muudab selle ideaalseks purjepaatide jaoks. Esipaneel ja kang on valmistatud roostevabast terasest AISI 316. Varustatud reguleeritava siduriga. Omab ohutusl\u00fclitit X41, et v\u00e4ltida mootori s\u00fcttimist, kui hoob ei ole t\u00fchik\u00e4iguasendis. Sobivad kaablid: C2\/C8\/MACH&#8221;0&#8243;. &#13;<\/p>\n","protected":false},"featured_media":29557,"template":"","meta":{"_kad_blocks_custom_css":"","_kad_blocks_head_custom_js":"","_kad_blocks_body_custom_js":"","_kad_blocks_footer_custom_js":"","_kad_post_transparent":"","_kad_post_title":"","_kad_post_layout":"","_kad_post_sidebar_id":"","_kad_post_content_style":"","_kad_post_vertical_padding":"","_kad_post_feature":"","_kad_post_feature_position":"","_kad_post_header":false,"_kad_post_footer":false,"_kad_post_classname":""},"product_brand":[],"product_cat":[349,373],"product_tag":[],"class_list":{"0":"post-45860","1":"product","2":"type-product","3":"status-publish","4":"has-post-thumbnail","6":"product_cat-engine-control-boxes-and-cables","7":"product_cat-roolisusteemid","8":"pa_producer-ultraflex","9":"pa_unit-pcs","10":"tm-no-options","12":"first","13":"onbackorder","14":"taxable","15":"shipping-taxable","16":"purchasable","17":"product-type-simple","18":"entry","19":"content-bg","20":"loop-entry"},"yoast_head":"<!-- This site is optimized with the Yoast SEO plugin v27.3 - https:\/\/yoast.com\/product\/yoast-seo-wordpress\/ -->\n<title>JUHTPULT B400, KROOM - NORDLINE s\u00f5udepaadid ja mootorpaadid. Klaasfiiber materjalist.<\/title>\n<meta name=\"robots\" content=\"index, follow, max-snippet:-1, max-image-preview:large, max-video-preview:-1\" \/>\n<link rel=\"canonical\" href=\"https:\/\/nordlinepaadid.ee\/et\/pood\/roolisusteemid\/engine-control-boxes-and-cables\/juhtpult-b400-kroom\/\" \/>\n<meta property=\"og:locale\" content=\"et_EE\" \/>\n<meta property=\"og:type\" content=\"article\" \/>\n<meta property=\"og:title\" content=\"JUHTPULT B400, KROOM - NORDLINE s\u00f5udepaadid ja mootorpaadid. Klaasfiiber materjalist.\" \/>\n<meta property=\"og:description\" content=\"Juhtpult Ultraxlex B400. Kaasaegne, lihtne ja madala profiiliga juhtpult, mis muudab selle ideaalseks purjepaatide jaoks. Esipaneel ja kang on valmistatud roostevabast terasest AISI 316. Varustatud reguleeritava siduriga. Omab ohutusl\u00fclitit X41, et v\u00e4ltida mootori s\u00fcttimist, kui hoob ei ole t\u00fchik\u00e4iguasendis. Sobivad kaablid: C2\/C8\/MACH&#8221;0&#8243;. &#013;\" \/>\n<meta property=\"og:url\" content=\"https:\/\/nordlinepaadid.ee\/et\/pood\/roolisusteemid\/engine-control-boxes-and-cables\/juhtpult-b400-kroom\/\" \/>\n<meta property=\"og:site_name\" content=\"NORDLINE s\u00f5udepaadid ja mootorpaadid. Klaasfiiber materjalist.\" \/>\n<meta property=\"article:publisher\" content=\"https:\/\/www.facebook.com\/nordlineboats\" \/>\n<meta property=\"article:modified_time\" content=\"2026-04-08T03:04:53+00:00\" \/>\n<meta property=\"og:image\" content=\"https:\/\/nordlinepaadid.ee\/wp-content\/uploads\/2023\/03\/8956_EN_45.452.20.jpg\" \/>\n\t<meta property=\"og:image:width\" content=\"408\" \/>\n\t<meta property=\"og:image:height\" content=\"800\" \/>\n\t<meta property=\"og:image:type\" content=\"image\/jpeg\" \/>\n<meta name=\"twitter:card\" content=\"summary_large_image\" \/>\n<script type=\"application\/ld+json\" class=\"yoast-schema-graph\">{\"@context\":\"https:\\\/\\\/schema.org\",\"@graph\":[{\"@type\":\"WebPage\",\"@id\":\"https:\\\/\\\/nordlinepaadid.ee\\\/et\\\/pood\\\/roolisusteemid\\\/engine-control-boxes-and-cables\\\/juhtpult-b400-kroom\\\/\",\"url\":\"https:\\\/\\\/nordlinepaadid.ee\\\/et\\\/pood\\\/roolisusteemid\\\/engine-control-boxes-and-cables\\\/juhtpult-b400-kroom\\\/\",\"name\":\"JUHTPULT B400, KROOM - NORDLINE s\u00f5udepaadid ja mootorpaadid. Klaasfiiber materjalist.\",\"isPartOf\":{\"@id\":\"https:\\\/\\\/nordlinepaadid.ee\\\/et\\\/#website\"},\"primaryImageOfPage\":{\"@id\":\"https:\\\/\\\/nordlinepaadid.ee\\\/et\\\/pood\\\/roolisusteemid\\\/engine-control-boxes-and-cables\\\/juhtpult-b400-kroom\\\/#primaryimage\"},\"image\":{\"@id\":\"https:\\\/\\\/nordlinepaadid.ee\\\/et\\\/pood\\\/roolisusteemid\\\/engine-control-boxes-and-cables\\\/juhtpult-b400-kroom\\\/#primaryimage\"},\"thumbnailUrl\":\"https:\\\/\\\/nordlinepaadid.ee\\\/wp-content\\\/uploads\\\/2023\\\/03\\\/8956_EN_45.452.20.jpg\",\"datePublished\":\"2026-04-07T00:22:09+00:00\",\"dateModified\":\"2026-04-08T03:04:53+00:00\",\"breadcrumb\":{\"@id\":\"https:\\\/\\\/nordlinepaadid.ee\\\/et\\\/pood\\\/roolisusteemid\\\/engine-control-boxes-and-cables\\\/juhtpult-b400-kroom\\\/#breadcrumb\"},\"inLanguage\":\"et\",\"potentialAction\":[{\"@type\":\"ReadAction\",\"target\":[\"https:\\\/\\\/nordlinepaadid.ee\\\/et\\\/pood\\\/roolisusteemid\\\/engine-control-boxes-and-cables\\\/juhtpult-b400-kroom\\\/\"]}]},{\"@type\":\"ImageObject\",\"inLanguage\":\"et\",\"@id\":\"https:\\\/\\\/nordlinepaadid.ee\\\/et\\\/pood\\\/roolisusteemid\\\/engine-control-boxes-and-cables\\\/juhtpult-b400-kroom\\\/#primaryimage\",\"url\":\"https:\\\/\\\/nordlinepaadid.ee\\\/wp-content\\\/uploads\\\/2023\\\/03\\\/8956_EN_45.452.20.jpg\",\"contentUrl\":\"https:\\\/\\\/nordlinepaadid.ee\\\/wp-content\\\/uploads\\\/2023\\\/03\\\/8956_EN_45.452.20.jpg\",\"width\":408,\"height\":800},{\"@type\":\"BreadcrumbList\",\"@id\":\"https:\\\/\\\/nordlinepaadid.ee\\\/et\\\/pood\\\/roolisusteemid\\\/engine-control-boxes-and-cables\\\/juhtpult-b400-kroom\\\/#breadcrumb\",\"itemListElement\":[{\"@type\":\"ListItem\",\"position\":1,\"name\":\"Home\",\"item\":\"https:\\\/\\\/nordlinepaadid.ee\\\/et\\\/\"},{\"@type\":\"ListItem\",\"position\":2,\"name\":\"Pood\",\"item\":\"https:\\\/\\\/nordlinepaadid.ee\\\/et\\\/pood\\\/\"},{\"@type\":\"ListItem\",\"position\":3,\"name\":\"JUHTPULT B400, KROOM\"}]},{\"@type\":\"WebSite\",\"@id\":\"https:\\\/\\\/nordlinepaadid.ee\\\/et\\\/#website\",\"url\":\"https:\\\/\\\/nordlinepaadid.ee\\\/et\\\/\",\"name\":\"NORDLINE s\u00f5udepaadid ja mootorpaadid. Klaasfiiber materjalist.\",\"description\":\"\",\"publisher\":{\"@id\":\"https:\\\/\\\/nordlinepaadid.ee\\\/et\\\/#organization\"},\"potentialAction\":[{\"@type\":\"SearchAction\",\"target\":{\"@type\":\"EntryPoint\",\"urlTemplate\":\"https:\\\/\\\/nordlinepaadid.ee\\\/et\\\/?s={search_term_string}\"},\"query-input\":{\"@type\":\"PropertyValueSpecification\",\"valueRequired\":true,\"valueName\":\"search_term_string\"}}],\"inLanguage\":\"et\"},{\"@type\":\"Organization\",\"@id\":\"https:\\\/\\\/nordlinepaadid.ee\\\/et\\\/#organization\",\"name\":\"Nordlineboats\",\"url\":\"https:\\\/\\\/nordlinepaadid.ee\\\/et\\\/\",\"logo\":{\"@type\":\"ImageObject\",\"inLanguage\":\"et\",\"@id\":\"https:\\\/\\\/nordlinepaadid.ee\\\/et\\\/#\\\/schema\\\/logo\\\/image\\\/\",\"url\":\"https:\\\/\\\/nordlinepaadid.ee\\\/wp-content\\\/uploads\\\/2023\\\/01\\\/fulllogo_transparent_nobuffer-e1672750475494.png\",\"contentUrl\":\"https:\\\/\\\/nordlinepaadid.ee\\\/wp-content\\\/uploads\\\/2023\\\/01\\\/fulllogo_transparent_nobuffer-e1672750475494.png\",\"width\":150,\"height\":119,\"caption\":\"Nordlineboats\"},\"image\":{\"@id\":\"https:\\\/\\\/nordlinepaadid.ee\\\/et\\\/#\\\/schema\\\/logo\\\/image\\\/\"},\"sameAs\":[\"https:\\\/\\\/www.facebook.com\\\/nordlineboats\",\"https:\\\/\\\/www.youtube.com\\\/channel\\\/UCbgF0fy02y3QkFnujaLTaCA\"]}]}<\/script>\n<!-- \/ Yoast SEO plugin. -->","yoast_head_json":{"title":"JUHTPULT B400, KROOM - NORDLINE s\u00f5udepaadid ja mootorpaadid. Klaasfiiber materjalist.","robots":{"index":"index","follow":"follow","max-snippet":"max-snippet:-1","max-image-preview":"max-image-preview:large","max-video-preview":"max-video-preview:-1"},"canonical":"https:\/\/nordlinepaadid.ee\/et\/pood\/roolisusteemid\/engine-control-boxes-and-cables\/juhtpult-b400-kroom\/","og_locale":"et_EE","og_type":"article","og_title":"JUHTPULT B400, KROOM - NORDLINE s\u00f5udepaadid ja mootorpaadid. Klaasfiiber materjalist.","og_description":"Juhtpult Ultraxlex B400. Kaasaegne, lihtne ja madala profiiliga juhtpult, mis muudab selle ideaalseks purjepaatide jaoks. Esipaneel ja kang on valmistatud roostevabast terasest AISI 316. Varustatud reguleeritava siduriga. Omab ohutusl\u00fclitit X41, et v\u00e4ltida mootori s\u00fcttimist, kui hoob ei ole t\u00fchik\u00e4iguasendis. Sobivad kaablid: C2\/C8\/MACH&#8221;0&#8243;. &#13;","og_url":"https:\/\/nordlinepaadid.ee\/et\/pood\/roolisusteemid\/engine-control-boxes-and-cables\/juhtpult-b400-kroom\/","og_site_name":"NORDLINE s\u00f5udepaadid ja mootorpaadid. Klaasfiiber materjalist.","article_publisher":"https:\/\/www.facebook.com\/nordlineboats","article_modified_time":"2026-04-08T03:04:53+00:00","og_image":[{"width":408,"height":800,"url":"https:\/\/nordlinepaadid.ee\/wp-content\/uploads\/2023\/03\/8956_EN_45.452.20.jpg","type":"image\/jpeg"}],"twitter_card":"summary_large_image","schema":{"@context":"https:\/\/schema.org","@graph":[{"@type":"WebPage","@id":"https:\/\/nordlinepaadid.ee\/et\/pood\/roolisusteemid\/engine-control-boxes-and-cables\/juhtpult-b400-kroom\/","url":"https:\/\/nordlinepaadid.ee\/et\/pood\/roolisusteemid\/engine-control-boxes-and-cables\/juhtpult-b400-kroom\/","name":"JUHTPULT B400, KROOM - NORDLINE s\u00f5udepaadid ja mootorpaadid. Klaasfiiber materjalist.","isPartOf":{"@id":"https:\/\/nordlinepaadid.ee\/et\/#website"},"primaryImageOfPage":{"@id":"https:\/\/nordlinepaadid.ee\/et\/pood\/roolisusteemid\/engine-control-boxes-and-cables\/juhtpult-b400-kroom\/#primaryimage"},"image":{"@id":"https:\/\/nordlinepaadid.ee\/et\/pood\/roolisusteemid\/engine-control-boxes-and-cables\/juhtpult-b400-kroom\/#primaryimage"},"thumbnailUrl":"https:\/\/nordlinepaadid.ee\/wp-content\/uploads\/2023\/03\/8956_EN_45.452.20.jpg","datePublished":"2026-04-07T00:22:09+00:00","dateModified":"2026-04-08T03:04:53+00:00","breadcrumb":{"@id":"https:\/\/nordlinepaadid.ee\/et\/pood\/roolisusteemid\/engine-control-boxes-and-cables\/juhtpult-b400-kroom\/#breadcrumb"},"inLanguage":"et","potentialAction":[{"@type":"ReadAction","target":["https:\/\/nordlinepaadid.ee\/et\/pood\/roolisusteemid\/engine-control-boxes-and-cables\/juhtpult-b400-kroom\/"]}]},{"@type":"ImageObject","inLanguage":"et","@id":"https:\/\/nordlinepaadid.ee\/et\/pood\/roolisusteemid\/engine-control-boxes-and-cables\/juhtpult-b400-kroom\/#primaryimage","url":"https:\/\/nordlinepaadid.ee\/wp-content\/uploads\/2023\/03\/8956_EN_45.452.20.jpg","contentUrl":"https:\/\/nordlinepaadid.ee\/wp-content\/uploads\/2023\/03\/8956_EN_45.452.20.jpg","width":408,"height":800},{"@type":"BreadcrumbList","@id":"https:\/\/nordlinepaadid.ee\/et\/pood\/roolisusteemid\/engine-control-boxes-and-cables\/juhtpult-b400-kroom\/#breadcrumb","itemListElement":[{"@type":"ListItem","position":1,"name":"Home","item":"https:\/\/nordlinepaadid.ee\/et\/"},{"@type":"ListItem","position":2,"name":"Pood","item":"https:\/\/nordlinepaadid.ee\/et\/pood\/"},{"@type":"ListItem","position":3,"name":"JUHTPULT B400, KROOM"}]},{"@type":"WebSite","@id":"https:\/\/nordlinepaadid.ee\/et\/#website","url":"https:\/\/nordlinepaadid.ee\/et\/","name":"NORDLINE s\u00f5udepaadid ja mootorpaadid. Klaasfiiber materjalist.","description":"","publisher":{"@id":"https:\/\/nordlinepaadid.ee\/et\/#organization"},"potentialAction":[{"@type":"SearchAction","target":{"@type":"EntryPoint","urlTemplate":"https:\/\/nordlinepaadid.ee\/et\/?s={search_term_string}"},"query-input":{"@type":"PropertyValueSpecification","valueRequired":true,"valueName":"search_term_string"}}],"inLanguage":"et"},{"@type":"Organization","@id":"https:\/\/nordlinepaadid.ee\/et\/#organization","name":"Nordlineboats","url":"https:\/\/nordlinepaadid.ee\/et\/","logo":{"@type":"ImageObject","inLanguage":"et","@id":"https:\/\/nordlinepaadid.ee\/et\/#\/schema\/logo\/image\/","url":"https:\/\/nordlinepaadid.ee\/wp-content\/uploads\/2023\/01\/fulllogo_transparent_nobuffer-e1672750475494.png","contentUrl":"https:\/\/nordlinepaadid.ee\/wp-content\/uploads\/2023\/01\/fulllogo_transparent_nobuffer-e1672750475494.png","width":150,"height":119,"caption":"Nordlineboats"},"image":{"@id":"https:\/\/nordlinepaadid.ee\/et\/#\/schema\/logo\/image\/"},"sameAs":["https:\/\/www.facebook.com\/nordlineboats","https:\/\/www.youtube.com\/channel\/UCbgF0fy02y3QkFnujaLTaCA"]}]}},"taxonomy_info":{"product_cat":[{"value":349,"label":"Juhtpuldid, Juhtimiskaablid"},{"value":373,"label":"ROOLIS\u00dcSTEEMID, JUHTIMISS\u00dcSTEEMID"}],"pa_producer":[{"value":455,"label":"Ultraflex"}],"pa_unit":[{"value":416,"label":"pcs"}]},"featured_image_src_large":["https:\/\/nordlinepaadid.ee\/wp-content\/uploads\/2023\/03\/8956_EN_45.452.20.jpg",408,800,false],"author_info":[],"comment_info":"","_links":{"self":[{"href":"https:\/\/nordlinepaadid.ee\/et\/wp-json\/wp\/v2\/product\/45860","targetHints":{"allow":["GET"]}}],"collection":[{"href":"https:\/\/nordlinepaadid.ee\/et\/wp-json\/wp\/v2\/product"}],"about":[{"href":"https:\/\/nordlinepaadid.ee\/et\/wp-json\/wp\/v2\/types\/product"}],"wp:featuredmedia":[{"embeddable":true,"href":"https:\/\/nordlinepaadid.ee\/et\/wp-json\/wp\/v2\/media\/29557"}],"wp:attachment":[{"href":"https:\/\/nordlinepaadid.ee\/et\/wp-json\/wp\/v2\/media?parent=45860"}],"wp:term":[{"taxonomy":"product_brand","embeddable":true,"href":"https:\/\/nordlinepaadid.ee\/et\/wp-json\/wp\/v2\/product_brand?post=45860"},{"taxonomy":"product_cat","embeddable":true,"href":"https:\/\/nordlinepaadid.ee\/et\/wp-json\/wp\/v2\/product_cat?post=45860"},{"taxonomy":"product_tag","embeddable":true,"href":"https:\/\/nordlinepaadid.ee\/et\/wp-json\/wp\/v2\/product_tag?post=45860"}],"curies":[{"name":"wp","href":"https:\/\/api.w.org\/{rel}","templated":true}]}}