{"id":46132,"date":"2026-04-07T03:22:55","date_gmt":"2026-04-07T00:22:55","guid":{"rendered":"https:\/\/nordlinepaadid.ee\/toode\/maaratlemata\/kampsun-marinepool-hera-naistele-2\/"},"modified":"2026-04-08T08:00:10","modified_gmt":"2026-04-08T05:00:10","slug":"kampsun-marinepool-hera-naistele","status":"publish","type":"product","link":"https:\/\/nordlinepaadid.ee\/et\/pood\/ru-marine-clothing-and-shoes\/ru-shirts-base-layer\/kampsun-marinepool-hera-naistele\/","title":{"rendered":"KAMPSUN MARINEPOOL HERA &#8211; NAISTELE"},"content":{"rendered":"<p>Marinepooli Hera triibuline naiste kampsun sobib ideaalselt teie mereriietusega. Triipude ja lihtsa disaini kombinatsioon pakub moodsat v\u00e4limust ja seda saab kanda vabaaja r\u00f5ivastusena. Rinnas on suur ankru logo, mis toetab merelist stiili. Kangas on m\u00f5nusalt pehme ja tagab k\u00f5rge kandmismugavuse. Materjal: 80% viskoos, 20% pol\u00fcamiid.<\/p>\n<p>&#13;<\/p>\n","protected":false},"excerpt":{"rendered":"<p>Marinepooli Hera triibuline naiste kampsun sobib ideaalselt teie mereriietusega. Triipude ja lihtsa disaini kombinatsioon pakub moodsat v\u00e4limust ja seda saab kanda vabaaja r\u00f5ivastusena. Rinnas on suur ankru logo, mis toetab merelist stiili. Kangas on m\u00f5nusalt pehme ja tagab k\u00f5rge kandmismugavuse. Materjal: 80% viskoos, 20% pol\u00fcamiid. &#13;<\/p>\n","protected":false},"featured_media":29910,"template":"","meta":{"_kad_blocks_custom_css":"","_kad_blocks_head_custom_js":"","_kad_blocks_body_custom_js":"","_kad_blocks_footer_custom_js":"","_kad_post_transparent":"","_kad_post_title":"","_kad_post_layout":"","_kad_post_sidebar_id":"","_kad_post_content_style":"","_kad_post_vertical_padding":"","_kad_post_feature":"","_kad_post_feature_position":"","_kad_post_header":false,"_kad_post_footer":false,"_kad_post_classname":""},"product_brand":[],"product_cat":[331,232,880],"product_tag":[],"class_list":{"0":"post-46132","1":"product","2":"type-product","3":"status-publish","4":"has-post-thumbnail","6":"product_cat-sargid-alusriided","7":"product_cat-marine-clothing-and-shoes","8":"product_cat-ru-shirts-base-layer","9":"pa_color-sinine","10":"pa_producer-marinepool","11":"pa_unit-pcs","12":"tm-no-options","14":"first","15":"onbackorder","16":"sale","17":"taxable","18":"shipping-taxable","19":"purchasable","20":"product-type-simple","21":"entry","22":"content-bg","23":"loop-entry"},"yoast_head":"<!-- This site is optimized with the Yoast SEO plugin v27.3 - https:\/\/yoast.com\/product\/yoast-seo-wordpress\/ -->\n<title>KAMPSUN MARINEPOOL HERA - NAISTELE - NORDLINE s\u00f5udepaadid ja mootorpaadid. Klaasfiiber materjalist.<\/title>\n<meta name=\"robots\" content=\"index, follow, max-snippet:-1, max-image-preview:large, max-video-preview:-1\" \/>\n<link rel=\"canonical\" href=\"https:\/\/nordlinepaadid.ee\/et\/pood\/ru-marine-clothing-and-shoes\/ru-shirts-base-layer\/kampsun-marinepool-hera-naistele\/\" \/>\n<meta property=\"og:locale\" content=\"et_EE\" \/>\n<meta property=\"og:type\" content=\"article\" \/>\n<meta property=\"og:title\" content=\"KAMPSUN MARINEPOOL HERA - NAISTELE - NORDLINE s\u00f5udepaadid ja mootorpaadid. Klaasfiiber materjalist.\" \/>\n<meta property=\"og:description\" content=\"Marinepooli Hera triibuline naiste kampsun sobib ideaalselt teie mereriietusega. Triipude ja lihtsa disaini kombinatsioon pakub moodsat v\u00e4limust ja seda saab kanda vabaaja r\u00f5ivastusena. Rinnas on suur ankru logo, mis toetab merelist stiili. Kangas on m\u00f5nusalt pehme ja tagab k\u00f5rge kandmismugavuse. Materjal: 80% viskoos, 20% pol\u00fcamiid. &#013;\" \/>\n<meta property=\"og:url\" content=\"https:\/\/nordlinepaadid.ee\/et\/pood\/ru-marine-clothing-and-shoes\/ru-shirts-base-layer\/kampsun-marinepool-hera-naistele\/\" \/>\n<meta property=\"og:site_name\" content=\"NORDLINE s\u00f5udepaadid ja mootorpaadid. Klaasfiiber materjalist.\" \/>\n<meta property=\"article:publisher\" content=\"https:\/\/www.facebook.com\/nordlineboats\" \/>\n<meta property=\"article:modified_time\" content=\"2026-04-08T05:00:10+00:00\" \/>\n<meta property=\"og:image\" content=\"https:\/\/nordlinepaadid.ee\/wp-content\/uploads\/2023\/03\/9040_hera-stripe-pullover-women-navy-white1_6.jpg\" \/>\n\t<meta property=\"og:image:width\" content=\"107\" \/>\n\t<meta property=\"og:image:height\" content=\"150\" \/>\n\t<meta property=\"og:image:type\" content=\"image\/jpeg\" \/>\n<meta name=\"twitter:card\" content=\"summary_large_image\" \/>\n<script type=\"application\/ld+json\" class=\"yoast-schema-graph\">{\"@context\":\"https:\\\/\\\/schema.org\",\"@graph\":[{\"@type\":\"WebPage\",\"@id\":\"https:\\\/\\\/nordlinepaadid.ee\\\/et\\\/pood\\\/ru-marine-clothing-and-shoes\\\/ru-shirts-base-layer\\\/kampsun-marinepool-hera-naistele\\\/\",\"url\":\"https:\\\/\\\/nordlinepaadid.ee\\\/et\\\/pood\\\/ru-marine-clothing-and-shoes\\\/ru-shirts-base-layer\\\/kampsun-marinepool-hera-naistele\\\/\",\"name\":\"KAMPSUN MARINEPOOL HERA - NAISTELE - NORDLINE s\u00f5udepaadid ja mootorpaadid. Klaasfiiber materjalist.\",\"isPartOf\":{\"@id\":\"https:\\\/\\\/nordlinepaadid.ee\\\/et\\\/#website\"},\"primaryImageOfPage\":{\"@id\":\"https:\\\/\\\/nordlinepaadid.ee\\\/et\\\/pood\\\/ru-marine-clothing-and-shoes\\\/ru-shirts-base-layer\\\/kampsun-marinepool-hera-naistele\\\/#primaryimage\"},\"image\":{\"@id\":\"https:\\\/\\\/nordlinepaadid.ee\\\/et\\\/pood\\\/ru-marine-clothing-and-shoes\\\/ru-shirts-base-layer\\\/kampsun-marinepool-hera-naistele\\\/#primaryimage\"},\"thumbnailUrl\":\"https:\\\/\\\/nordlinepaadid.ee\\\/wp-content\\\/uploads\\\/2023\\\/03\\\/9040_hera-stripe-pullover-women-navy-white1_6.jpg\",\"datePublished\":\"2026-04-07T00:22:55+00:00\",\"dateModified\":\"2026-04-08T05:00:10+00:00\",\"breadcrumb\":{\"@id\":\"https:\\\/\\\/nordlinepaadid.ee\\\/et\\\/pood\\\/ru-marine-clothing-and-shoes\\\/ru-shirts-base-layer\\\/kampsun-marinepool-hera-naistele\\\/#breadcrumb\"},\"inLanguage\":\"et\",\"potentialAction\":[{\"@type\":\"ReadAction\",\"target\":[\"https:\\\/\\\/nordlinepaadid.ee\\\/et\\\/pood\\\/ru-marine-clothing-and-shoes\\\/ru-shirts-base-layer\\\/kampsun-marinepool-hera-naistele\\\/\"]}]},{\"@type\":\"ImageObject\",\"inLanguage\":\"et\",\"@id\":\"https:\\\/\\\/nordlinepaadid.ee\\\/et\\\/pood\\\/ru-marine-clothing-and-shoes\\\/ru-shirts-base-layer\\\/kampsun-marinepool-hera-naistele\\\/#primaryimage\",\"url\":\"https:\\\/\\\/nordlinepaadid.ee\\\/wp-content\\\/uploads\\\/2023\\\/03\\\/9040_hera-stripe-pullover-women-navy-white1_6.jpg\",\"contentUrl\":\"https:\\\/\\\/nordlinepaadid.ee\\\/wp-content\\\/uploads\\\/2023\\\/03\\\/9040_hera-stripe-pullover-women-navy-white1_6.jpg\",\"width\":107,\"height\":150},{\"@type\":\"BreadcrumbList\",\"@id\":\"https:\\\/\\\/nordlinepaadid.ee\\\/et\\\/pood\\\/ru-marine-clothing-and-shoes\\\/ru-shirts-base-layer\\\/kampsun-marinepool-hera-naistele\\\/#breadcrumb\",\"itemListElement\":[{\"@type\":\"ListItem\",\"position\":1,\"name\":\"Home\",\"item\":\"https:\\\/\\\/nordlinepaadid.ee\\\/et\\\/\"},{\"@type\":\"ListItem\",\"position\":2,\"name\":\"Pood\",\"item\":\"https:\\\/\\\/nordlinepaadid.ee\\\/et\\\/pood\\\/\"},{\"@type\":\"ListItem\",\"position\":3,\"name\":\"KAMPSUN MARINEPOOL HERA &#8211; NAISTELE\"}]},{\"@type\":\"WebSite\",\"@id\":\"https:\\\/\\\/nordlinepaadid.ee\\\/et\\\/#website\",\"url\":\"https:\\\/\\\/nordlinepaadid.ee\\\/et\\\/\",\"name\":\"NORDLINE s\u00f5udepaadid ja mootorpaadid. Klaasfiiber materjalist.\",\"description\":\"\",\"publisher\":{\"@id\":\"https:\\\/\\\/nordlinepaadid.ee\\\/et\\\/#organization\"},\"potentialAction\":[{\"@type\":\"SearchAction\",\"target\":{\"@type\":\"EntryPoint\",\"urlTemplate\":\"https:\\\/\\\/nordlinepaadid.ee\\\/et\\\/?s={search_term_string}\"},\"query-input\":{\"@type\":\"PropertyValueSpecification\",\"valueRequired\":true,\"valueName\":\"search_term_string\"}}],\"inLanguage\":\"et\"},{\"@type\":\"Organization\",\"@id\":\"https:\\\/\\\/nordlinepaadid.ee\\\/et\\\/#organization\",\"name\":\"Nordlineboats\",\"url\":\"https:\\\/\\\/nordlinepaadid.ee\\\/et\\\/\",\"logo\":{\"@type\":\"ImageObject\",\"inLanguage\":\"et\",\"@id\":\"https:\\\/\\\/nordlinepaadid.ee\\\/et\\\/#\\\/schema\\\/logo\\\/image\\\/\",\"url\":\"https:\\\/\\\/nordlinepaadid.ee\\\/wp-content\\\/uploads\\\/2023\\\/01\\\/fulllogo_transparent_nobuffer-e1672750475494.png\",\"contentUrl\":\"https:\\\/\\\/nordlinepaadid.ee\\\/wp-content\\\/uploads\\\/2023\\\/01\\\/fulllogo_transparent_nobuffer-e1672750475494.png\",\"width\":150,\"height\":119,\"caption\":\"Nordlineboats\"},\"image\":{\"@id\":\"https:\\\/\\\/nordlinepaadid.ee\\\/et\\\/#\\\/schema\\\/logo\\\/image\\\/\"},\"sameAs\":[\"https:\\\/\\\/www.facebook.com\\\/nordlineboats\",\"https:\\\/\\\/www.youtube.com\\\/channel\\\/UCbgF0fy02y3QkFnujaLTaCA\"]}]}<\/script>\n<!-- \/ Yoast SEO plugin. -->","yoast_head_json":{"title":"KAMPSUN MARINEPOOL HERA - NAISTELE - NORDLINE s\u00f5udepaadid ja mootorpaadid. Klaasfiiber materjalist.","robots":{"index":"index","follow":"follow","max-snippet":"max-snippet:-1","max-image-preview":"max-image-preview:large","max-video-preview":"max-video-preview:-1"},"canonical":"https:\/\/nordlinepaadid.ee\/et\/pood\/ru-marine-clothing-and-shoes\/ru-shirts-base-layer\/kampsun-marinepool-hera-naistele\/","og_locale":"et_EE","og_type":"article","og_title":"KAMPSUN MARINEPOOL HERA - NAISTELE - NORDLINE s\u00f5udepaadid ja mootorpaadid. Klaasfiiber materjalist.","og_description":"Marinepooli Hera triibuline naiste kampsun sobib ideaalselt teie mereriietusega. Triipude ja lihtsa disaini kombinatsioon pakub moodsat v\u00e4limust ja seda saab kanda vabaaja r\u00f5ivastusena. Rinnas on suur ankru logo, mis toetab merelist stiili. Kangas on m\u00f5nusalt pehme ja tagab k\u00f5rge kandmismugavuse. Materjal: 80% viskoos, 20% pol\u00fcamiid. &#13;","og_url":"https:\/\/nordlinepaadid.ee\/et\/pood\/ru-marine-clothing-and-shoes\/ru-shirts-base-layer\/kampsun-marinepool-hera-naistele\/","og_site_name":"NORDLINE s\u00f5udepaadid ja mootorpaadid. Klaasfiiber materjalist.","article_publisher":"https:\/\/www.facebook.com\/nordlineboats","article_modified_time":"2026-04-08T05:00:10+00:00","og_image":[{"width":107,"height":150,"url":"https:\/\/nordlinepaadid.ee\/wp-content\/uploads\/2023\/03\/9040_hera-stripe-pullover-women-navy-white1_6.jpg","type":"image\/jpeg"}],"twitter_card":"summary_large_image","schema":{"@context":"https:\/\/schema.org","@graph":[{"@type":"WebPage","@id":"https:\/\/nordlinepaadid.ee\/et\/pood\/ru-marine-clothing-and-shoes\/ru-shirts-base-layer\/kampsun-marinepool-hera-naistele\/","url":"https:\/\/nordlinepaadid.ee\/et\/pood\/ru-marine-clothing-and-shoes\/ru-shirts-base-layer\/kampsun-marinepool-hera-naistele\/","name":"KAMPSUN MARINEPOOL HERA - NAISTELE - NORDLINE s\u00f5udepaadid ja mootorpaadid. Klaasfiiber materjalist.","isPartOf":{"@id":"https:\/\/nordlinepaadid.ee\/et\/#website"},"primaryImageOfPage":{"@id":"https:\/\/nordlinepaadid.ee\/et\/pood\/ru-marine-clothing-and-shoes\/ru-shirts-base-layer\/kampsun-marinepool-hera-naistele\/#primaryimage"},"image":{"@id":"https:\/\/nordlinepaadid.ee\/et\/pood\/ru-marine-clothing-and-shoes\/ru-shirts-base-layer\/kampsun-marinepool-hera-naistele\/#primaryimage"},"thumbnailUrl":"https:\/\/nordlinepaadid.ee\/wp-content\/uploads\/2023\/03\/9040_hera-stripe-pullover-women-navy-white1_6.jpg","datePublished":"2026-04-07T00:22:55+00:00","dateModified":"2026-04-08T05:00:10+00:00","breadcrumb":{"@id":"https:\/\/nordlinepaadid.ee\/et\/pood\/ru-marine-clothing-and-shoes\/ru-shirts-base-layer\/kampsun-marinepool-hera-naistele\/#breadcrumb"},"inLanguage":"et","potentialAction":[{"@type":"ReadAction","target":["https:\/\/nordlinepaadid.ee\/et\/pood\/ru-marine-clothing-and-shoes\/ru-shirts-base-layer\/kampsun-marinepool-hera-naistele\/"]}]},{"@type":"ImageObject","inLanguage":"et","@id":"https:\/\/nordlinepaadid.ee\/et\/pood\/ru-marine-clothing-and-shoes\/ru-shirts-base-layer\/kampsun-marinepool-hera-naistele\/#primaryimage","url":"https:\/\/nordlinepaadid.ee\/wp-content\/uploads\/2023\/03\/9040_hera-stripe-pullover-women-navy-white1_6.jpg","contentUrl":"https:\/\/nordlinepaadid.ee\/wp-content\/uploads\/2023\/03\/9040_hera-stripe-pullover-women-navy-white1_6.jpg","width":107,"height":150},{"@type":"BreadcrumbList","@id":"https:\/\/nordlinepaadid.ee\/et\/pood\/ru-marine-clothing-and-shoes\/ru-shirts-base-layer\/kampsun-marinepool-hera-naistele\/#breadcrumb","itemListElement":[{"@type":"ListItem","position":1,"name":"Home","item":"https:\/\/nordlinepaadid.ee\/et\/"},{"@type":"ListItem","position":2,"name":"Pood","item":"https:\/\/nordlinepaadid.ee\/et\/pood\/"},{"@type":"ListItem","position":3,"name":"KAMPSUN MARINEPOOL HERA &#8211; NAISTELE"}]},{"@type":"WebSite","@id":"https:\/\/nordlinepaadid.ee\/et\/#website","url":"https:\/\/nordlinepaadid.ee\/et\/","name":"NORDLINE s\u00f5udepaadid ja mootorpaadid. Klaasfiiber materjalist.","description":"","publisher":{"@id":"https:\/\/nordlinepaadid.ee\/et\/#organization"},"potentialAction":[{"@type":"SearchAction","target":{"@type":"EntryPoint","urlTemplate":"https:\/\/nordlinepaadid.ee\/et\/?s={search_term_string}"},"query-input":{"@type":"PropertyValueSpecification","valueRequired":true,"valueName":"search_term_string"}}],"inLanguage":"et"},{"@type":"Organization","@id":"https:\/\/nordlinepaadid.ee\/et\/#organization","name":"Nordlineboats","url":"https:\/\/nordlinepaadid.ee\/et\/","logo":{"@type":"ImageObject","inLanguage":"et","@id":"https:\/\/nordlinepaadid.ee\/et\/#\/schema\/logo\/image\/","url":"https:\/\/nordlinepaadid.ee\/wp-content\/uploads\/2023\/01\/fulllogo_transparent_nobuffer-e1672750475494.png","contentUrl":"https:\/\/nordlinepaadid.ee\/wp-content\/uploads\/2023\/01\/fulllogo_transparent_nobuffer-e1672750475494.png","width":150,"height":119,"caption":"Nordlineboats"},"image":{"@id":"https:\/\/nordlinepaadid.ee\/et\/#\/schema\/logo\/image\/"},"sameAs":["https:\/\/www.facebook.com\/nordlineboats","https:\/\/www.youtube.com\/channel\/UCbgF0fy02y3QkFnujaLTaCA"]}]}},"taxonomy_info":{"product_cat":[{"value":331,"label":"Fliisid, S\u00e4rgid, Alusriided"},{"value":232,"label":"PURJETAMISRIIDED JA JALAN\u00d5UD"},{"value":880,"label":"\u0424\u043b\u0438\u0437\u044b, \u0424\u0443\u0442\u0431\u043e\u043b\u043a\u0438, \u0411\u0435\u043b\u044c\u0451"}],"pa_color":[{"value":683,"label":"Sinine"}],"pa_producer":[{"value":480,"label":"Marinepool"}],"pa_unit":[{"value":416,"label":"pcs"}]},"featured_image_src_large":["https:\/\/nordlinepaadid.ee\/wp-content\/uploads\/2023\/03\/9040_hera-stripe-pullover-women-navy-white1_6.jpg",107,150,false],"author_info":[],"comment_info":"","_links":{"self":[{"href":"https:\/\/nordlinepaadid.ee\/et\/wp-json\/wp\/v2\/product\/46132","targetHints":{"allow":["GET"]}}],"collection":[{"href":"https:\/\/nordlinepaadid.ee\/et\/wp-json\/wp\/v2\/product"}],"about":[{"href":"https:\/\/nordlinepaadid.ee\/et\/wp-json\/wp\/v2\/types\/product"}],"wp:featuredmedia":[{"embeddable":true,"href":"https:\/\/nordlinepaadid.ee\/et\/wp-json\/wp\/v2\/media\/29910"}],"wp:attachment":[{"href":"https:\/\/nordlinepaadid.ee\/et\/wp-json\/wp\/v2\/media?parent=46132"}],"wp:term":[{"taxonomy":"product_brand","embeddable":true,"href":"https:\/\/nordlinepaadid.ee\/et\/wp-json\/wp\/v2\/product_brand?post=46132"},{"taxonomy":"product_cat","embeddable":true,"href":"https:\/\/nordlinepaadid.ee\/et\/wp-json\/wp\/v2\/product_cat?post=46132"},{"taxonomy":"product_tag","embeddable":true,"href":"https:\/\/nordlinepaadid.ee\/et\/wp-json\/wp\/v2\/product_tag?post=46132"}],"curies":[{"name":"wp","href":"https:\/\/api.w.org\/{rel}","templated":true}]}}