{"id":46225,"date":"2026-04-07T03:23:05","date_gmt":"2026-04-07T00:23:05","guid":{"rendered":"https:\/\/nordlinepaadid.ee\/toode\/maaratlemata\/purjetamisjope-marinepool-gotland-meestele-m\/"},"modified":"2026-04-07T03:23:05","modified_gmt":"2026-04-07T00:23:05","slug":"purjetamisjope-marinepool-gotland-meestele-m","status":"publish","type":"product","link":"https:\/\/nordlinepaadid.ee\/et\/pood\/marine-clothing-and-shoes\/purjetamisjoped-ja-puksid\/purjetamisjope-marinepool-gotland-meestele-m\/","title":{"rendered":"PURJETAMISJOPE- MARINEPOOL GOTLAND, MEESTELE, M"},"content":{"rendered":"<p>Gotland ranniku\/avamere jope on hingavast ja veekindlast tehnilisest pol\u00fcamiidist. \u00d5la- ja k\u00fc\u00fcnarnukkide kulumiskindel tugevdus kaitseb olulisi piirkondi. Topeltkangas Cordura \u2122 kehal ja varrukatel. Veekindlad taskud klappide all ja fliisvoodriga taskud k\u00e4te soojas hoidmiseks. K\u00f5rgelt n\u00e4htav kollane pakitav 180\u00b0 vaatega kapuuts, pikendatud ja reguleeritav tecno-pile fliisvoodriga krae. Peegeldavad laigud ees ja \u00f5lgadel, samuti helkurribad rinnal ja seljal. Topelt PU mansetid takjapaelaga reguleerimisega. Tehnilisest v\u00f5rgust vooder tagab parima hingavuse ja mugavuse purjetamise ajal. Materjal: 100% pol\u00fcamiid PU-kattega. Eriomadused: Veekindlus &#8211; 20 000 mm; Hingavus 20 000 \/ m\u00b2 -24h.<\/p>\n<p>&#13;<\/p>\n","protected":false},"excerpt":{"rendered":"<p>Gotland ranniku\/avamere jope on hingavast ja veekindlast tehnilisest pol\u00fcamiidist. \u00d5la- ja k\u00fc\u00fcnarnukkide kulumiskindel tugevdus kaitseb olulisi piirkondi. Topeltkangas Cordura \u2122 kehal ja varrukatel. Veekindlad taskud klappide all ja fliisvoodriga taskud k\u00e4te soojas hoidmiseks. K\u00f5rgelt n\u00e4htav kollane pakitav 180\u00b0 vaatega kapuuts, pikendatud ja reguleeritav tecno-pile fliisvoodriga krae. Peegeldavad laigud ees ja \u00f5lgadel, samuti helkurribad rinnal ja&#8230;<\/p>\n","protected":false},"featured_media":39952,"template":"","meta":{"_kad_blocks_custom_css":"","_kad_blocks_head_custom_js":"","_kad_blocks_body_custom_js":"","_kad_blocks_footer_custom_js":"","_kad_post_transparent":"","_kad_post_title":"","_kad_post_layout":"","_kad_post_sidebar_id":"","_kad_post_content_style":"","_kad_post_vertical_padding":"","_kad_post_feature":"","_kad_post_feature_position":"","_kad_post_header":false,"_kad_post_footer":false,"_kad_post_classname":""},"product_brand":[],"product_cat":[257,232],"product_tag":[],"class_list":{"0":"post-46225","1":"product","2":"type-product","3":"status-publish","4":"has-post-thumbnail","6":"product_cat-purjetamisjoped-ja-puksid","7":"product_cat-marine-clothing-and-shoes","8":"pa_color-tumesinine","9":"pa_producer-marinepool","10":"pa_unit-pcs","11":"tm-no-options","13":"first","14":"instock","15":"taxable","16":"shipping-taxable","17":"purchasable","18":"product-type-simple","19":"entry","20":"content-bg","21":"loop-entry"},"yoast_head":"<!-- This site is optimized with the Yoast SEO plugin v27.3 - https:\/\/yoast.com\/product\/yoast-seo-wordpress\/ -->\n<title>PURJETAMISJOPE- MARINEPOOL GOTLAND, MEESTELE, M - NORDLINE s\u00f5udepaadid ja mootorpaadid. Klaasfiiber materjalist.<\/title>\n<meta name=\"robots\" content=\"index, follow, max-snippet:-1, max-image-preview:large, max-video-preview:-1\" \/>\n<link rel=\"canonical\" href=\"https:\/\/nordlinepaadid.ee\/et\/pood\/marine-clothing-and-shoes\/purjetamisjoped-ja-puksid\/purjetamisjope-marinepool-gotland-meestele-m\/\" \/>\n<meta property=\"og:locale\" content=\"et_EE\" \/>\n<meta property=\"og:type\" content=\"article\" \/>\n<meta property=\"og:title\" content=\"PURJETAMISJOPE- MARINEPOOL GOTLAND, MEESTELE, M - NORDLINE s\u00f5udepaadid ja mootorpaadid. Klaasfiiber materjalist.\" \/>\n<meta property=\"og:description\" content=\"Gotland ranniku\/avamere jope on hingavast ja veekindlast tehnilisest pol\u00fcamiidist. \u00d5la- ja k\u00fc\u00fcnarnukkide kulumiskindel tugevdus kaitseb olulisi piirkondi. Topeltkangas Cordura \u2122 kehal ja varrukatel. Veekindlad taskud klappide all ja fliisvoodriga taskud k\u00e4te soojas hoidmiseks. K\u00f5rgelt n\u00e4htav kollane pakitav 180\u00b0 vaatega kapuuts, pikendatud ja reguleeritav tecno-pile fliisvoodriga krae. Peegeldavad laigud ees ja \u00f5lgadel, samuti helkurribad rinnal ja...\" \/>\n<meta property=\"og:url\" content=\"https:\/\/nordlinepaadid.ee\/et\/pood\/marine-clothing-and-shoes\/purjetamisjoped-ja-puksid\/purjetamisjope-marinepool-gotland-meestele-m\/\" \/>\n<meta property=\"og:site_name\" content=\"NORDLINE s\u00f5udepaadid ja mootorpaadid. Klaasfiiber materjalist.\" \/>\n<meta property=\"article:publisher\" content=\"https:\/\/www.facebook.com\/nordlineboats\" \/>\n<meta property=\"og:image\" content=\"https:\/\/nordlinepaadid.ee\/wp-content\/uploads\/2023\/11\/9224_MPL-1004756N-1.jpg\" \/>\n\t<meta property=\"og:image:width\" content=\"525\" \/>\n\t<meta property=\"og:image:height\" content=\"690\" \/>\n\t<meta property=\"og:image:type\" content=\"image\/jpeg\" \/>\n<meta name=\"twitter:card\" content=\"summary_large_image\" \/>\n<script type=\"application\/ld+json\" class=\"yoast-schema-graph\">{\"@context\":\"https:\\\/\\\/schema.org\",\"@graph\":[{\"@type\":\"WebPage\",\"@id\":\"https:\\\/\\\/nordlinepaadid.ee\\\/et\\\/pood\\\/marine-clothing-and-shoes\\\/purjetamisjoped-ja-puksid\\\/purjetamisjope-marinepool-gotland-meestele-m\\\/\",\"url\":\"https:\\\/\\\/nordlinepaadid.ee\\\/et\\\/pood\\\/marine-clothing-and-shoes\\\/purjetamisjoped-ja-puksid\\\/purjetamisjope-marinepool-gotland-meestele-m\\\/\",\"name\":\"PURJETAMISJOPE- MARINEPOOL GOTLAND, MEESTELE, M - NORDLINE s\u00f5udepaadid ja mootorpaadid. Klaasfiiber materjalist.\",\"isPartOf\":{\"@id\":\"https:\\\/\\\/nordlinepaadid.ee\\\/et\\\/#website\"},\"primaryImageOfPage\":{\"@id\":\"https:\\\/\\\/nordlinepaadid.ee\\\/et\\\/pood\\\/marine-clothing-and-shoes\\\/purjetamisjoped-ja-puksid\\\/purjetamisjope-marinepool-gotland-meestele-m\\\/#primaryimage\"},\"image\":{\"@id\":\"https:\\\/\\\/nordlinepaadid.ee\\\/et\\\/pood\\\/marine-clothing-and-shoes\\\/purjetamisjoped-ja-puksid\\\/purjetamisjope-marinepool-gotland-meestele-m\\\/#primaryimage\"},\"thumbnailUrl\":\"https:\\\/\\\/nordlinepaadid.ee\\\/wp-content\\\/uploads\\\/2023\\\/11\\\/9224_MPL-1004756N-1.jpg\",\"datePublished\":\"2026-04-07T00:23:05+00:00\",\"breadcrumb\":{\"@id\":\"https:\\\/\\\/nordlinepaadid.ee\\\/et\\\/pood\\\/marine-clothing-and-shoes\\\/purjetamisjoped-ja-puksid\\\/purjetamisjope-marinepool-gotland-meestele-m\\\/#breadcrumb\"},\"inLanguage\":\"et\",\"potentialAction\":[{\"@type\":\"ReadAction\",\"target\":[\"https:\\\/\\\/nordlinepaadid.ee\\\/et\\\/pood\\\/marine-clothing-and-shoes\\\/purjetamisjoped-ja-puksid\\\/purjetamisjope-marinepool-gotland-meestele-m\\\/\"]}]},{\"@type\":\"ImageObject\",\"inLanguage\":\"et\",\"@id\":\"https:\\\/\\\/nordlinepaadid.ee\\\/et\\\/pood\\\/marine-clothing-and-shoes\\\/purjetamisjoped-ja-puksid\\\/purjetamisjope-marinepool-gotland-meestele-m\\\/#primaryimage\",\"url\":\"https:\\\/\\\/nordlinepaadid.ee\\\/wp-content\\\/uploads\\\/2023\\\/11\\\/9224_MPL-1004756N-1.jpg\",\"contentUrl\":\"https:\\\/\\\/nordlinepaadid.ee\\\/wp-content\\\/uploads\\\/2023\\\/11\\\/9224_MPL-1004756N-1.jpg\",\"width\":525,\"height\":690},{\"@type\":\"BreadcrumbList\",\"@id\":\"https:\\\/\\\/nordlinepaadid.ee\\\/et\\\/pood\\\/marine-clothing-and-shoes\\\/purjetamisjoped-ja-puksid\\\/purjetamisjope-marinepool-gotland-meestele-m\\\/#breadcrumb\",\"itemListElement\":[{\"@type\":\"ListItem\",\"position\":1,\"name\":\"Home\",\"item\":\"https:\\\/\\\/nordlinepaadid.ee\\\/et\\\/\"},{\"@type\":\"ListItem\",\"position\":2,\"name\":\"Pood\",\"item\":\"https:\\\/\\\/nordlinepaadid.ee\\\/et\\\/pood\\\/\"},{\"@type\":\"ListItem\",\"position\":3,\"name\":\"PURJETAMISJOPE- MARINEPOOL GOTLAND, MEESTELE, M\"}]},{\"@type\":\"WebSite\",\"@id\":\"https:\\\/\\\/nordlinepaadid.ee\\\/et\\\/#website\",\"url\":\"https:\\\/\\\/nordlinepaadid.ee\\\/et\\\/\",\"name\":\"NORDLINE s\u00f5udepaadid ja mootorpaadid. Klaasfiiber materjalist.\",\"description\":\"\",\"publisher\":{\"@id\":\"https:\\\/\\\/nordlinepaadid.ee\\\/et\\\/#organization\"},\"potentialAction\":[{\"@type\":\"SearchAction\",\"target\":{\"@type\":\"EntryPoint\",\"urlTemplate\":\"https:\\\/\\\/nordlinepaadid.ee\\\/et\\\/?s={search_term_string}\"},\"query-input\":{\"@type\":\"PropertyValueSpecification\",\"valueRequired\":true,\"valueName\":\"search_term_string\"}}],\"inLanguage\":\"et\"},{\"@type\":\"Organization\",\"@id\":\"https:\\\/\\\/nordlinepaadid.ee\\\/et\\\/#organization\",\"name\":\"Nordlineboats\",\"url\":\"https:\\\/\\\/nordlinepaadid.ee\\\/et\\\/\",\"logo\":{\"@type\":\"ImageObject\",\"inLanguage\":\"et\",\"@id\":\"https:\\\/\\\/nordlinepaadid.ee\\\/et\\\/#\\\/schema\\\/logo\\\/image\\\/\",\"url\":\"https:\\\/\\\/nordlinepaadid.ee\\\/wp-content\\\/uploads\\\/2023\\\/01\\\/fulllogo_transparent_nobuffer-e1672750475494.png\",\"contentUrl\":\"https:\\\/\\\/nordlinepaadid.ee\\\/wp-content\\\/uploads\\\/2023\\\/01\\\/fulllogo_transparent_nobuffer-e1672750475494.png\",\"width\":150,\"height\":119,\"caption\":\"Nordlineboats\"},\"image\":{\"@id\":\"https:\\\/\\\/nordlinepaadid.ee\\\/et\\\/#\\\/schema\\\/logo\\\/image\\\/\"},\"sameAs\":[\"https:\\\/\\\/www.facebook.com\\\/nordlineboats\",\"https:\\\/\\\/www.youtube.com\\\/channel\\\/UCbgF0fy02y3QkFnujaLTaCA\"]}]}<\/script>\n<!-- \/ Yoast SEO plugin. -->","yoast_head_json":{"title":"PURJETAMISJOPE- MARINEPOOL GOTLAND, MEESTELE, M - NORDLINE s\u00f5udepaadid ja mootorpaadid. Klaasfiiber materjalist.","robots":{"index":"index","follow":"follow","max-snippet":"max-snippet:-1","max-image-preview":"max-image-preview:large","max-video-preview":"max-video-preview:-1"},"canonical":"https:\/\/nordlinepaadid.ee\/et\/pood\/marine-clothing-and-shoes\/purjetamisjoped-ja-puksid\/purjetamisjope-marinepool-gotland-meestele-m\/","og_locale":"et_EE","og_type":"article","og_title":"PURJETAMISJOPE- MARINEPOOL GOTLAND, MEESTELE, M - NORDLINE s\u00f5udepaadid ja mootorpaadid. Klaasfiiber materjalist.","og_description":"Gotland ranniku\/avamere jope on hingavast ja veekindlast tehnilisest pol\u00fcamiidist. \u00d5la- ja k\u00fc\u00fcnarnukkide kulumiskindel tugevdus kaitseb olulisi piirkondi. Topeltkangas Cordura \u2122 kehal ja varrukatel. Veekindlad taskud klappide all ja fliisvoodriga taskud k\u00e4te soojas hoidmiseks. K\u00f5rgelt n\u00e4htav kollane pakitav 180\u00b0 vaatega kapuuts, pikendatud ja reguleeritav tecno-pile fliisvoodriga krae. Peegeldavad laigud ees ja \u00f5lgadel, samuti helkurribad rinnal ja...","og_url":"https:\/\/nordlinepaadid.ee\/et\/pood\/marine-clothing-and-shoes\/purjetamisjoped-ja-puksid\/purjetamisjope-marinepool-gotland-meestele-m\/","og_site_name":"NORDLINE s\u00f5udepaadid ja mootorpaadid. Klaasfiiber materjalist.","article_publisher":"https:\/\/www.facebook.com\/nordlineboats","og_image":[{"width":525,"height":690,"url":"https:\/\/nordlinepaadid.ee\/wp-content\/uploads\/2023\/11\/9224_MPL-1004756N-1.jpg","type":"image\/jpeg"}],"twitter_card":"summary_large_image","schema":{"@context":"https:\/\/schema.org","@graph":[{"@type":"WebPage","@id":"https:\/\/nordlinepaadid.ee\/et\/pood\/marine-clothing-and-shoes\/purjetamisjoped-ja-puksid\/purjetamisjope-marinepool-gotland-meestele-m\/","url":"https:\/\/nordlinepaadid.ee\/et\/pood\/marine-clothing-and-shoes\/purjetamisjoped-ja-puksid\/purjetamisjope-marinepool-gotland-meestele-m\/","name":"PURJETAMISJOPE- MARINEPOOL GOTLAND, MEESTELE, M - NORDLINE s\u00f5udepaadid ja mootorpaadid. Klaasfiiber materjalist.","isPartOf":{"@id":"https:\/\/nordlinepaadid.ee\/et\/#website"},"primaryImageOfPage":{"@id":"https:\/\/nordlinepaadid.ee\/et\/pood\/marine-clothing-and-shoes\/purjetamisjoped-ja-puksid\/purjetamisjope-marinepool-gotland-meestele-m\/#primaryimage"},"image":{"@id":"https:\/\/nordlinepaadid.ee\/et\/pood\/marine-clothing-and-shoes\/purjetamisjoped-ja-puksid\/purjetamisjope-marinepool-gotland-meestele-m\/#primaryimage"},"thumbnailUrl":"https:\/\/nordlinepaadid.ee\/wp-content\/uploads\/2023\/11\/9224_MPL-1004756N-1.jpg","datePublished":"2026-04-07T00:23:05+00:00","breadcrumb":{"@id":"https:\/\/nordlinepaadid.ee\/et\/pood\/marine-clothing-and-shoes\/purjetamisjoped-ja-puksid\/purjetamisjope-marinepool-gotland-meestele-m\/#breadcrumb"},"inLanguage":"et","potentialAction":[{"@type":"ReadAction","target":["https:\/\/nordlinepaadid.ee\/et\/pood\/marine-clothing-and-shoes\/purjetamisjoped-ja-puksid\/purjetamisjope-marinepool-gotland-meestele-m\/"]}]},{"@type":"ImageObject","inLanguage":"et","@id":"https:\/\/nordlinepaadid.ee\/et\/pood\/marine-clothing-and-shoes\/purjetamisjoped-ja-puksid\/purjetamisjope-marinepool-gotland-meestele-m\/#primaryimage","url":"https:\/\/nordlinepaadid.ee\/wp-content\/uploads\/2023\/11\/9224_MPL-1004756N-1.jpg","contentUrl":"https:\/\/nordlinepaadid.ee\/wp-content\/uploads\/2023\/11\/9224_MPL-1004756N-1.jpg","width":525,"height":690},{"@type":"BreadcrumbList","@id":"https:\/\/nordlinepaadid.ee\/et\/pood\/marine-clothing-and-shoes\/purjetamisjoped-ja-puksid\/purjetamisjope-marinepool-gotland-meestele-m\/#breadcrumb","itemListElement":[{"@type":"ListItem","position":1,"name":"Home","item":"https:\/\/nordlinepaadid.ee\/et\/"},{"@type":"ListItem","position":2,"name":"Pood","item":"https:\/\/nordlinepaadid.ee\/et\/pood\/"},{"@type":"ListItem","position":3,"name":"PURJETAMISJOPE- MARINEPOOL GOTLAND, MEESTELE, M"}]},{"@type":"WebSite","@id":"https:\/\/nordlinepaadid.ee\/et\/#website","url":"https:\/\/nordlinepaadid.ee\/et\/","name":"NORDLINE s\u00f5udepaadid ja mootorpaadid. Klaasfiiber materjalist.","description":"","publisher":{"@id":"https:\/\/nordlinepaadid.ee\/et\/#organization"},"potentialAction":[{"@type":"SearchAction","target":{"@type":"EntryPoint","urlTemplate":"https:\/\/nordlinepaadid.ee\/et\/?s={search_term_string}"},"query-input":{"@type":"PropertyValueSpecification","valueRequired":true,"valueName":"search_term_string"}}],"inLanguage":"et"},{"@type":"Organization","@id":"https:\/\/nordlinepaadid.ee\/et\/#organization","name":"Nordlineboats","url":"https:\/\/nordlinepaadid.ee\/et\/","logo":{"@type":"ImageObject","inLanguage":"et","@id":"https:\/\/nordlinepaadid.ee\/et\/#\/schema\/logo\/image\/","url":"https:\/\/nordlinepaadid.ee\/wp-content\/uploads\/2023\/01\/fulllogo_transparent_nobuffer-e1672750475494.png","contentUrl":"https:\/\/nordlinepaadid.ee\/wp-content\/uploads\/2023\/01\/fulllogo_transparent_nobuffer-e1672750475494.png","width":150,"height":119,"caption":"Nordlineboats"},"image":{"@id":"https:\/\/nordlinepaadid.ee\/et\/#\/schema\/logo\/image\/"},"sameAs":["https:\/\/www.facebook.com\/nordlineboats","https:\/\/www.youtube.com\/channel\/UCbgF0fy02y3QkFnujaLTaCA"]}]}},"taxonomy_info":{"product_cat":[{"value":257,"label":"Purjetamisjoped- ja p\u00fcksid"},{"value":232,"label":"PURJETAMISRIIDED JA JALAN\u00d5UD"}],"pa_color":[{"value":676,"label":"Tumesinine"}],"pa_producer":[{"value":480,"label":"Marinepool"}],"pa_unit":[{"value":416,"label":"pcs"}]},"featured_image_src_large":["https:\/\/nordlinepaadid.ee\/wp-content\/uploads\/2023\/11\/9224_MPL-1004756N-1.jpg",525,690,false],"author_info":[],"comment_info":"","_links":{"self":[{"href":"https:\/\/nordlinepaadid.ee\/et\/wp-json\/wp\/v2\/product\/46225","targetHints":{"allow":["GET"]}}],"collection":[{"href":"https:\/\/nordlinepaadid.ee\/et\/wp-json\/wp\/v2\/product"}],"about":[{"href":"https:\/\/nordlinepaadid.ee\/et\/wp-json\/wp\/v2\/types\/product"}],"wp:featuredmedia":[{"embeddable":true,"href":"https:\/\/nordlinepaadid.ee\/et\/wp-json\/wp\/v2\/media\/39952"}],"wp:attachment":[{"href":"https:\/\/nordlinepaadid.ee\/et\/wp-json\/wp\/v2\/media?parent=46225"}],"wp:term":[{"taxonomy":"product_brand","embeddable":true,"href":"https:\/\/nordlinepaadid.ee\/et\/wp-json\/wp\/v2\/product_brand?post=46225"},{"taxonomy":"product_cat","embeddable":true,"href":"https:\/\/nordlinepaadid.ee\/et\/wp-json\/wp\/v2\/product_cat?post=46225"},{"taxonomy":"product_tag","embeddable":true,"href":"https:\/\/nordlinepaadid.ee\/et\/wp-json\/wp\/v2\/product_tag?post=46225"}],"curies":[{"name":"wp","href":"https:\/\/api.w.org\/{rel}","templated":true}]}}