{"id":46290,"date":"2026-04-07T03:23:19","date_gmt":"2026-04-07T00:23:19","guid":{"rendered":"https:\/\/nordlinepaadid.ee\/toode\/maaratlemata\/paramootor-parsun-f50fel-t-efi\/"},"modified":"2026-04-07T03:23:19","modified_gmt":"2026-04-07T00:23:19","slug":"paramootor-parsun-f50fel-t-efi","status":"publish","type":"product","link":"https:\/\/nordlinepaadid.ee\/et\/pood\/paadimootorid\/paramootor-parsun-f50fel-t-efi\/","title":{"rendered":"P\u00c4RAMOOTOR PARSUN F50FEL-T-EFI"},"content":{"rendered":"<p>Parsun on Hiina suurim p\u00e4ramootorite eksportija (v.a Mercury Suzhou tehas). Parsuni p\u00e4ramootoreid on m\u00fc\u00fcdud enam kui 100 riiki. 60 000 ruutmeetri suuruse tehase ja tootmisv\u00f5imsusega 180 000 tk\/aastass on Parsun Hiinas suurim tootja. Parsun mootorile sobivad suurel hulgal Yamaha varuosad.<\/p>\n<p>&#13;<\/p>\n<p><strong>T\u00f6\u00f6maht:<\/strong>&nbsp;996 cm3<\/p>\n<p>&#13;<br \/>\n&#13;<\/p>\n<p><strong>V\u00f5imsus<\/strong>: 36,8 kw<span style=\"background-color:rgb(249, 249, 249)\">&nbsp;<\/span><span style=\"background-color:rgb(255, 255, 255); font-size:12px\">@ 5500 p\/m<\/span><\/p>\n<p>&#13;<br \/>\n&#13;<\/p>\n<p><strong>Max.p\u00f6\u00f6rded\/vabak\u00e4ik p\/m<\/strong> : 5300-6000\/750-850<\/p>\n<p>&#13;<br \/>\n&#13;<\/p>\n<p><strong>Mootori t\u00fc\u00fcp<\/strong>: SOCH 4 silindrit 4-taktiline<\/p>\n<p>&#13;<br \/>\n&#13;<\/p>\n<p><strong>Toites\u00fcsteem:<\/strong> elektrooniline sissepritse EFI<\/p>\n<p>&#13;<br \/>\n&#13;<\/p>\n<p><strong>Starter:<\/strong> elektriline<\/p>\n<p>&#13;<br \/>\n&#13;<\/p>\n<p><strong>Juhtimine<\/strong>: distants<\/p>\n<p>&#13;<br \/>\n&#13;<\/p>\n<p><strong>Trimm\/Tilt:<\/strong>&nbsp; h\u00fcdrauliline<\/p>\n<p>&#13;<br \/>\n&#13;<\/p>\n<p><strong>Voolu v\u00e4ljav\u00f5te:<\/strong> 12V 25A<\/p>\n<p>&#13;<br \/>\n&#13;<\/p>\n<p><strong>Jala pikkus: <\/strong>L 20\u201c<\/p>\n<p>&#13;<br \/>\n&#13;<\/p>\n<p><strong>Kaal: <\/strong>113 kg<\/p>\n<p>&#13;<br \/>\n&#13;<\/p>\n<p><strong>K\u00fctuse kulu Max.<\/strong>: 24 l\/h<\/p>\n<p>&#13;<br \/>\n&#13;<\/p>\n<p>&nbsp;<\/p>\n<p>&#13;<br \/>\n&#13;<\/p>\n<p><strong>Komplektis:<\/strong><\/p>\n<p>&#13;<br \/>\n&#13;<\/p>\n<p>Juhtpult<\/p>\n<p>&#13;<br \/>\n&#13;<\/p>\n<p>Tahhomeeter\/tunnilugeja<\/p>\n<p>&#13;<br \/>\n&#13;<\/p>\n<p>Trimmin\u00e4idik<\/p>\n<p>&#13;<br \/>\n&#13;<\/p>\n<p>K\u00fctusefilter\/vee-eraldaja<\/p>\n<p>&#13;<br \/>\n&#13;<\/p>\n<p>K\u00e4igutrossid 20\u00b4<\/p>\n<p>&#13;<br \/>\n&#13;<\/p>\n<p>S\u00f5ukruvi 11-1\/2\u201c X 13\u201c<\/p>\n<p>&#13;<br \/>\n&#13;<\/p>\n<p>Paak 24 l<\/p>\n<p>&#13;<\/p>\n","protected":false},"excerpt":{"rendered":"<p>Parsun on Hiina suurim p\u00e4ramootorite eksportija (v.a Mercury Suzhou tehas). Parsuni p\u00e4ramootoreid on m\u00fc\u00fcdud enam kui 100 riiki. 60 000 ruutmeetri suuruse tehase ja tootmisv\u00f5imsusega 180 000 tk\/aastass on Parsun Hiinas suurim tootja. Parsun mootorile sobivad suurel hulgal Yamaha varuosad. &#13; T\u00f6\u00f6maht:&nbsp;996 cm3 &#13; &#13; V\u00f5imsus: 36,8 kw&nbsp;@ 5500 p\/m &#13; &#13; Max.p\u00f6\u00f6rded\/vabak\u00e4ik p\/m :&#8230;<\/p>\n","protected":false},"featured_media":40196,"template":"","meta":{"_kad_blocks_custom_css":"","_kad_blocks_head_custom_js":"","_kad_blocks_body_custom_js":"","_kad_blocks_footer_custom_js":"","_kad_post_transparent":"","_kad_post_title":"","_kad_post_layout":"","_kad_post_sidebar_id":"","_kad_post_content_style":"","_kad_post_vertical_padding":"","_kad_post_feature":"","_kad_post_feature_position":"","_kad_post_header":false,"_kad_post_footer":false,"_kad_post_classname":""},"product_brand":[],"product_cat":[342,1623],"product_tag":[],"class_list":{"0":"post-46290","1":"product","2":"type-product","3":"status-publish","4":"has-post-thumbnail","6":"product_cat-paadimootorid","7":"product_cat-parsun-paadimootorid","8":"pa_unit-pcs","9":"tm-no-options","11":"first","12":"onbackorder","13":"taxable","14":"shipping-taxable","15":"purchasable","16":"product-type-simple","17":"entry","18":"content-bg","19":"loop-entry"},"yoast_head":"<!-- This site is optimized with the Yoast SEO plugin v27.3 - https:\/\/yoast.com\/product\/yoast-seo-wordpress\/ -->\n<title>P\u00c4RAMOOTOR PARSUN F50FEL-T-EFI - NORDLINE s\u00f5udepaadid ja mootorpaadid. Klaasfiiber materjalist.<\/title>\n<meta name=\"robots\" content=\"index, follow, max-snippet:-1, max-image-preview:large, max-video-preview:-1\" \/>\n<link rel=\"canonical\" href=\"https:\/\/nordlinepaadid.ee\/et\/pood\/paadimootorid\/paramootor-parsun-f50fel-t-efi\/\" \/>\n<meta property=\"og:locale\" content=\"et_EE\" \/>\n<meta property=\"og:type\" content=\"article\" \/>\n<meta property=\"og:title\" content=\"P\u00c4RAMOOTOR PARSUN F50FEL-T-EFI - NORDLINE s\u00f5udepaadid ja mootorpaadid. Klaasfiiber materjalist.\" \/>\n<meta property=\"og:description\" content=\"Parsun on Hiina suurim p\u00e4ramootorite eksportija (v.a Mercury Suzhou tehas). Parsuni p\u00e4ramootoreid on m\u00fc\u00fcdud enam kui 100 riiki. 60 000 ruutmeetri suuruse tehase ja tootmisv\u00f5imsusega 180 000 tk\/aastass on Parsun Hiinas suurim tootja. Parsun mootorile sobivad suurel hulgal Yamaha varuosad. &#013; T\u00f6\u00f6maht:&nbsp;996 cm3 &#013; &#013; V\u00f5imsus: 36,8 kw&nbsp;@ 5500 p\/m &#013; &#013; Max.p\u00f6\u00f6rded\/vabak\u00e4ik p\/m :...\" \/>\n<meta property=\"og:url\" content=\"https:\/\/nordlinepaadid.ee\/et\/pood\/paadimootorid\/paramootor-parsun-f50fel-t-efi\/\" \/>\n<meta property=\"og:site_name\" content=\"NORDLINE s\u00f5udepaadid ja mootorpaadid. Klaasfiiber materjalist.\" \/>\n<meta property=\"article:publisher\" content=\"https:\/\/www.facebook.com\/nordlineboats\" \/>\n<meta property=\"og:image\" content=\"https:\/\/nordlinepaadid.ee\/wp-content\/uploads\/2023\/11\/9370_F50FEL-T-EFI-1.jpg\" \/>\n\t<meta property=\"og:image:width\" content=\"179\" \/>\n\t<meta property=\"og:image:height\" content=\"227\" \/>\n\t<meta property=\"og:image:type\" content=\"image\/jpeg\" \/>\n<meta name=\"twitter:card\" content=\"summary_large_image\" \/>\n<meta name=\"twitter:label1\" content=\"Est. reading time\" \/>\n\t<meta name=\"twitter:data1\" content=\"1 minut\" \/>\n<script type=\"application\/ld+json\" class=\"yoast-schema-graph\">{\"@context\":\"https:\\\/\\\/schema.org\",\"@graph\":[{\"@type\":\"WebPage\",\"@id\":\"https:\\\/\\\/nordlinepaadid.ee\\\/et\\\/pood\\\/paadimootorid\\\/paramootor-parsun-f50fel-t-efi\\\/\",\"url\":\"https:\\\/\\\/nordlinepaadid.ee\\\/et\\\/pood\\\/paadimootorid\\\/paramootor-parsun-f50fel-t-efi\\\/\",\"name\":\"P\u00c4RAMOOTOR PARSUN F50FEL-T-EFI - NORDLINE s\u00f5udepaadid ja mootorpaadid. Klaasfiiber materjalist.\",\"isPartOf\":{\"@id\":\"https:\\\/\\\/nordlinepaadid.ee\\\/et\\\/#website\"},\"primaryImageOfPage\":{\"@id\":\"https:\\\/\\\/nordlinepaadid.ee\\\/et\\\/pood\\\/paadimootorid\\\/paramootor-parsun-f50fel-t-efi\\\/#primaryimage\"},\"image\":{\"@id\":\"https:\\\/\\\/nordlinepaadid.ee\\\/et\\\/pood\\\/paadimootorid\\\/paramootor-parsun-f50fel-t-efi\\\/#primaryimage\"},\"thumbnailUrl\":\"https:\\\/\\\/nordlinepaadid.ee\\\/wp-content\\\/uploads\\\/2023\\\/11\\\/9370_F50FEL-T-EFI-1.jpg\",\"datePublished\":\"2026-04-07T00:23:19+00:00\",\"breadcrumb\":{\"@id\":\"https:\\\/\\\/nordlinepaadid.ee\\\/et\\\/pood\\\/paadimootorid\\\/paramootor-parsun-f50fel-t-efi\\\/#breadcrumb\"},\"inLanguage\":\"et\",\"potentialAction\":[{\"@type\":\"ReadAction\",\"target\":[\"https:\\\/\\\/nordlinepaadid.ee\\\/et\\\/pood\\\/paadimootorid\\\/paramootor-parsun-f50fel-t-efi\\\/\"]}]},{\"@type\":\"ImageObject\",\"inLanguage\":\"et\",\"@id\":\"https:\\\/\\\/nordlinepaadid.ee\\\/et\\\/pood\\\/paadimootorid\\\/paramootor-parsun-f50fel-t-efi\\\/#primaryimage\",\"url\":\"https:\\\/\\\/nordlinepaadid.ee\\\/wp-content\\\/uploads\\\/2023\\\/11\\\/9370_F50FEL-T-EFI-1.jpg\",\"contentUrl\":\"https:\\\/\\\/nordlinepaadid.ee\\\/wp-content\\\/uploads\\\/2023\\\/11\\\/9370_F50FEL-T-EFI-1.jpg\",\"width\":179,\"height\":227},{\"@type\":\"BreadcrumbList\",\"@id\":\"https:\\\/\\\/nordlinepaadid.ee\\\/et\\\/pood\\\/paadimootorid\\\/paramootor-parsun-f50fel-t-efi\\\/#breadcrumb\",\"itemListElement\":[{\"@type\":\"ListItem\",\"position\":1,\"name\":\"Home\",\"item\":\"https:\\\/\\\/nordlinepaadid.ee\\\/et\\\/\"},{\"@type\":\"ListItem\",\"position\":2,\"name\":\"Pood\",\"item\":\"https:\\\/\\\/nordlinepaadid.ee\\\/et\\\/pood\\\/\"},{\"@type\":\"ListItem\",\"position\":3,\"name\":\"P\u00c4RAMOOTOR PARSUN F50FEL-T-EFI\"}]},{\"@type\":\"WebSite\",\"@id\":\"https:\\\/\\\/nordlinepaadid.ee\\\/et\\\/#website\",\"url\":\"https:\\\/\\\/nordlinepaadid.ee\\\/et\\\/\",\"name\":\"NORDLINE s\u00f5udepaadid ja mootorpaadid. Klaasfiiber materjalist.\",\"description\":\"\",\"publisher\":{\"@id\":\"https:\\\/\\\/nordlinepaadid.ee\\\/et\\\/#organization\"},\"potentialAction\":[{\"@type\":\"SearchAction\",\"target\":{\"@type\":\"EntryPoint\",\"urlTemplate\":\"https:\\\/\\\/nordlinepaadid.ee\\\/et\\\/?s={search_term_string}\"},\"query-input\":{\"@type\":\"PropertyValueSpecification\",\"valueRequired\":true,\"valueName\":\"search_term_string\"}}],\"inLanguage\":\"et\"},{\"@type\":\"Organization\",\"@id\":\"https:\\\/\\\/nordlinepaadid.ee\\\/et\\\/#organization\",\"name\":\"Nordlineboats\",\"url\":\"https:\\\/\\\/nordlinepaadid.ee\\\/et\\\/\",\"logo\":{\"@type\":\"ImageObject\",\"inLanguage\":\"et\",\"@id\":\"https:\\\/\\\/nordlinepaadid.ee\\\/et\\\/#\\\/schema\\\/logo\\\/image\\\/\",\"url\":\"https:\\\/\\\/nordlinepaadid.ee\\\/wp-content\\\/uploads\\\/2023\\\/01\\\/fulllogo_transparent_nobuffer-e1672750475494.png\",\"contentUrl\":\"https:\\\/\\\/nordlinepaadid.ee\\\/wp-content\\\/uploads\\\/2023\\\/01\\\/fulllogo_transparent_nobuffer-e1672750475494.png\",\"width\":150,\"height\":119,\"caption\":\"Nordlineboats\"},\"image\":{\"@id\":\"https:\\\/\\\/nordlinepaadid.ee\\\/et\\\/#\\\/schema\\\/logo\\\/image\\\/\"},\"sameAs\":[\"https:\\\/\\\/www.facebook.com\\\/nordlineboats\",\"https:\\\/\\\/www.youtube.com\\\/channel\\\/UCbgF0fy02y3QkFnujaLTaCA\"]}]}<\/script>\n<!-- \/ Yoast SEO plugin. -->","yoast_head_json":{"title":"P\u00c4RAMOOTOR PARSUN F50FEL-T-EFI - NORDLINE s\u00f5udepaadid ja mootorpaadid. Klaasfiiber materjalist.","robots":{"index":"index","follow":"follow","max-snippet":"max-snippet:-1","max-image-preview":"max-image-preview:large","max-video-preview":"max-video-preview:-1"},"canonical":"https:\/\/nordlinepaadid.ee\/et\/pood\/paadimootorid\/paramootor-parsun-f50fel-t-efi\/","og_locale":"et_EE","og_type":"article","og_title":"P\u00c4RAMOOTOR PARSUN F50FEL-T-EFI - NORDLINE s\u00f5udepaadid ja mootorpaadid. Klaasfiiber materjalist.","og_description":"Parsun on Hiina suurim p\u00e4ramootorite eksportija (v.a Mercury Suzhou tehas). Parsuni p\u00e4ramootoreid on m\u00fc\u00fcdud enam kui 100 riiki. 60 000 ruutmeetri suuruse tehase ja tootmisv\u00f5imsusega 180 000 tk\/aastass on Parsun Hiinas suurim tootja. Parsun mootorile sobivad suurel hulgal Yamaha varuosad. &#13; T\u00f6\u00f6maht:&nbsp;996 cm3 &#13; &#13; V\u00f5imsus: 36,8 kw&nbsp;@ 5500 p\/m &#13; &#13; Max.p\u00f6\u00f6rded\/vabak\u00e4ik p\/m :...","og_url":"https:\/\/nordlinepaadid.ee\/et\/pood\/paadimootorid\/paramootor-parsun-f50fel-t-efi\/","og_site_name":"NORDLINE s\u00f5udepaadid ja mootorpaadid. Klaasfiiber materjalist.","article_publisher":"https:\/\/www.facebook.com\/nordlineboats","og_image":[{"width":179,"height":227,"url":"https:\/\/nordlinepaadid.ee\/wp-content\/uploads\/2023\/11\/9370_F50FEL-T-EFI-1.jpg","type":"image\/jpeg"}],"twitter_card":"summary_large_image","twitter_misc":{"Est. reading time":"1 minut"},"schema":{"@context":"https:\/\/schema.org","@graph":[{"@type":"WebPage","@id":"https:\/\/nordlinepaadid.ee\/et\/pood\/paadimootorid\/paramootor-parsun-f50fel-t-efi\/","url":"https:\/\/nordlinepaadid.ee\/et\/pood\/paadimootorid\/paramootor-parsun-f50fel-t-efi\/","name":"P\u00c4RAMOOTOR PARSUN F50FEL-T-EFI - NORDLINE s\u00f5udepaadid ja mootorpaadid. Klaasfiiber materjalist.","isPartOf":{"@id":"https:\/\/nordlinepaadid.ee\/et\/#website"},"primaryImageOfPage":{"@id":"https:\/\/nordlinepaadid.ee\/et\/pood\/paadimootorid\/paramootor-parsun-f50fel-t-efi\/#primaryimage"},"image":{"@id":"https:\/\/nordlinepaadid.ee\/et\/pood\/paadimootorid\/paramootor-parsun-f50fel-t-efi\/#primaryimage"},"thumbnailUrl":"https:\/\/nordlinepaadid.ee\/wp-content\/uploads\/2023\/11\/9370_F50FEL-T-EFI-1.jpg","datePublished":"2026-04-07T00:23:19+00:00","breadcrumb":{"@id":"https:\/\/nordlinepaadid.ee\/et\/pood\/paadimootorid\/paramootor-parsun-f50fel-t-efi\/#breadcrumb"},"inLanguage":"et","potentialAction":[{"@type":"ReadAction","target":["https:\/\/nordlinepaadid.ee\/et\/pood\/paadimootorid\/paramootor-parsun-f50fel-t-efi\/"]}]},{"@type":"ImageObject","inLanguage":"et","@id":"https:\/\/nordlinepaadid.ee\/et\/pood\/paadimootorid\/paramootor-parsun-f50fel-t-efi\/#primaryimage","url":"https:\/\/nordlinepaadid.ee\/wp-content\/uploads\/2023\/11\/9370_F50FEL-T-EFI-1.jpg","contentUrl":"https:\/\/nordlinepaadid.ee\/wp-content\/uploads\/2023\/11\/9370_F50FEL-T-EFI-1.jpg","width":179,"height":227},{"@type":"BreadcrumbList","@id":"https:\/\/nordlinepaadid.ee\/et\/pood\/paadimootorid\/paramootor-parsun-f50fel-t-efi\/#breadcrumb","itemListElement":[{"@type":"ListItem","position":1,"name":"Home","item":"https:\/\/nordlinepaadid.ee\/et\/"},{"@type":"ListItem","position":2,"name":"Pood","item":"https:\/\/nordlinepaadid.ee\/et\/pood\/"},{"@type":"ListItem","position":3,"name":"P\u00c4RAMOOTOR PARSUN F50FEL-T-EFI"}]},{"@type":"WebSite","@id":"https:\/\/nordlinepaadid.ee\/et\/#website","url":"https:\/\/nordlinepaadid.ee\/et\/","name":"NORDLINE s\u00f5udepaadid ja mootorpaadid. Klaasfiiber materjalist.","description":"","publisher":{"@id":"https:\/\/nordlinepaadid.ee\/et\/#organization"},"potentialAction":[{"@type":"SearchAction","target":{"@type":"EntryPoint","urlTemplate":"https:\/\/nordlinepaadid.ee\/et\/?s={search_term_string}"},"query-input":{"@type":"PropertyValueSpecification","valueRequired":true,"valueName":"search_term_string"}}],"inLanguage":"et"},{"@type":"Organization","@id":"https:\/\/nordlinepaadid.ee\/et\/#organization","name":"Nordlineboats","url":"https:\/\/nordlinepaadid.ee\/et\/","logo":{"@type":"ImageObject","inLanguage":"et","@id":"https:\/\/nordlinepaadid.ee\/et\/#\/schema\/logo\/image\/","url":"https:\/\/nordlinepaadid.ee\/wp-content\/uploads\/2023\/01\/fulllogo_transparent_nobuffer-e1672750475494.png","contentUrl":"https:\/\/nordlinepaadid.ee\/wp-content\/uploads\/2023\/01\/fulllogo_transparent_nobuffer-e1672750475494.png","width":150,"height":119,"caption":"Nordlineboats"},"image":{"@id":"https:\/\/nordlinepaadid.ee\/et\/#\/schema\/logo\/image\/"},"sameAs":["https:\/\/www.facebook.com\/nordlineboats","https:\/\/www.youtube.com\/channel\/UCbgF0fy02y3QkFnujaLTaCA"]}]}},"taxonomy_info":{"product_cat":[{"value":342,"label":"PAADIMOOTORID"},{"value":1623,"label":"PARSUN PAADIMOOTORID"}],"pa_unit":[{"value":416,"label":"pcs"}]},"featured_image_src_large":["https:\/\/nordlinepaadid.ee\/wp-content\/uploads\/2023\/11\/9370_F50FEL-T-EFI-1.jpg",179,227,false],"author_info":[],"comment_info":"","_links":{"self":[{"href":"https:\/\/nordlinepaadid.ee\/et\/wp-json\/wp\/v2\/product\/46290","targetHints":{"allow":["GET"]}}],"collection":[{"href":"https:\/\/nordlinepaadid.ee\/et\/wp-json\/wp\/v2\/product"}],"about":[{"href":"https:\/\/nordlinepaadid.ee\/et\/wp-json\/wp\/v2\/types\/product"}],"wp:featuredmedia":[{"embeddable":true,"href":"https:\/\/nordlinepaadid.ee\/et\/wp-json\/wp\/v2\/media\/40196"}],"wp:attachment":[{"href":"https:\/\/nordlinepaadid.ee\/et\/wp-json\/wp\/v2\/media?parent=46290"}],"wp:term":[{"taxonomy":"product_brand","embeddable":true,"href":"https:\/\/nordlinepaadid.ee\/et\/wp-json\/wp\/v2\/product_brand?post=46290"},{"taxonomy":"product_cat","embeddable":true,"href":"https:\/\/nordlinepaadid.ee\/et\/wp-json\/wp\/v2\/product_cat?post=46290"},{"taxonomy":"product_tag","embeddable":true,"href":"https:\/\/nordlinepaadid.ee\/et\/wp-json\/wp\/v2\/product_tag?post=46290"}],"curies":[{"name":"wp","href":"https:\/\/api.w.org\/{rel}","templated":true}]}}