{"id":46297,"date":"2026-04-14T03:22:18","date_gmt":"2026-04-14T00:22:18","guid":{"rendered":"https:\/\/nordlinepaadid.ee\/toode\/maaratlemata\/aku-rebelcell-12v35-av\/"},"modified":"2026-04-14T03:22:18","modified_gmt":"2026-04-14T00:22:18","slug":"aku-rebelcell-12v35-av","status":"publish","type":"product","link":"https:\/\/nordlinepaadid.ee\/et\/pood\/electrical-equipments\/batteries-chargers-inverters\/aku-rebelcell-12v35-av\/","title":{"rendered":"AKU-  REBELCELL, 12V35 AV"},"content":{"rendered":"<p>12V 35 AV li-ion aku 432 Wh Kompaktne ja kerge 12V35 AV liitiumaku digitaalse laadimisoleku indikaatoriga. See aku t\u00f6\u00f6tab 12 volti juures, selle mahtuvus on 35 Ah (ampritundi), mis t\u00e4hendab 432 Wh ja kaalub 3,1 kg. Seda akut kasutatakse v\u00e4ikeste elektrimootorite ning s\u00fcgavusm\u00f5\u00f5tjate ja kajaloodide toiteallikana. Aku on t\u00e4iesti hooldusvaba ja tal on kuni 1000 laadimists\u00fcklit. See t\u00e4hendab 1000 laadimist ja t\u00fchjendamist. See on oluliselt kergem kui v\u00f5rreldav pliiaku ja selle aastane kadu on palju v\u00e4iksem. T\u00e4nu sisseehitatud aku juhtimiss\u00fcsteemile ei pea te kunagi muretsema, et aku liiga s\u00fcgavalt t\u00fchjeneb ja kahjustub.<\/p>\n<p>&#13;<\/p>\n<p><iframe loading=\"lazy\" allowfullscreen=\"\" frameborder=\"0\" height=\"360\" src=\"\/\/www.youtube.com\/embed\/eiFbBM7YTVg\" width=\"640\"><\/iframe><\/p>\n<p>&#13;<\/p>\n","protected":false},"excerpt":{"rendered":"<p>12V 35 AV li-ion aku 432 Wh Kompaktne ja kerge 12V35 AV liitiumaku digitaalse laadimisoleku indikaatoriga. See aku t\u00f6\u00f6tab 12 volti juures, selle mahtuvus on 35 Ah (ampritundi), mis t\u00e4hendab 432 Wh ja kaalub 3,1 kg. Seda akut kasutatakse v\u00e4ikeste elektrimootorite ning s\u00fcgavusm\u00f5\u00f5tjate ja kajaloodide toiteallikana. Aku on t\u00e4iesti hooldusvaba ja tal on kuni 1000&#8230;<\/p>\n","protected":false},"featured_media":40229,"template":"","meta":{"_kad_blocks_custom_css":"","_kad_blocks_head_custom_js":"","_kad_blocks_body_custom_js":"","_kad_blocks_footer_custom_js":"","_kad_post_transparent":"","_kad_post_title":"","_kad_post_layout":"","_kad_post_sidebar_id":"","_kad_post_content_style":"","_kad_post_vertical_padding":"","_kad_post_feature":"","_kad_post_feature_position":"","_kad_post_header":false,"_kad_post_footer":false,"_kad_post_classname":""},"product_brand":[],"product_cat":[251,239],"product_tag":[],"class_list":{"0":"post-46297","1":"product","2":"type-product","3":"status-publish","4":"has-post-thumbnail","6":"product_cat-batteries-chargers-inverters","7":"product_cat-electrical-equipments","8":"pa_producer-rebelcell-2","9":"pa_unit-pcs","10":"tm-no-options","12":"first","13":"onbackorder","14":"taxable","15":"shipping-taxable","16":"purchasable","17":"product-type-simple","18":"entry","19":"content-bg","20":"loop-entry"},"yoast_head":"<!-- This site is optimized with the Yoast SEO plugin v27.3 - https:\/\/yoast.com\/product\/yoast-seo-wordpress\/ -->\n<title>AKU- REBELCELL, 12V35 AV - NORDLINE s\u00f5udepaadid ja mootorpaadid. Klaasfiiber materjalist.<\/title>\n<meta name=\"robots\" content=\"index, follow, max-snippet:-1, max-image-preview:large, max-video-preview:-1\" \/>\n<link rel=\"canonical\" href=\"https:\/\/nordlinepaadid.ee\/et\/pood\/electrical-equipments\/batteries-chargers-inverters\/aku-rebelcell-12v35-av\/\" \/>\n<meta property=\"og:locale\" content=\"et_EE\" \/>\n<meta property=\"og:type\" content=\"article\" \/>\n<meta property=\"og:title\" content=\"AKU- REBELCELL, 12V35 AV - NORDLINE s\u00f5udepaadid ja mootorpaadid. Klaasfiiber materjalist.\" \/>\n<meta property=\"og:description\" content=\"12V 35 AV li-ion aku 432 Wh Kompaktne ja kerge 12V35 AV liitiumaku digitaalse laadimisoleku indikaatoriga. See aku t\u00f6\u00f6tab 12 volti juures, selle mahtuvus on 35 Ah (ampritundi), mis t\u00e4hendab 432 Wh ja kaalub 3,1 kg. Seda akut kasutatakse v\u00e4ikeste elektrimootorite ning s\u00fcgavusm\u00f5\u00f5tjate ja kajaloodide toiteallikana. Aku on t\u00e4iesti hooldusvaba ja tal on kuni 1000...\" \/>\n<meta property=\"og:url\" content=\"https:\/\/nordlinepaadid.ee\/et\/pood\/electrical-equipments\/batteries-chargers-inverters\/aku-rebelcell-12v35-av\/\" \/>\n<meta property=\"og:site_name\" content=\"NORDLINE s\u00f5udepaadid ja mootorpaadid. Klaasfiiber materjalist.\" \/>\n<meta property=\"article:publisher\" content=\"https:\/\/www.facebook.com\/nordlineboats\" \/>\n<meta property=\"og:image\" content=\"https:\/\/nordlinepaadid.ee\/wp-content\/uploads\/2023\/11\/9395_MK-12035AVREUA-1.jpg\" \/>\n\t<meta property=\"og:image:width\" content=\"1500\" \/>\n\t<meta property=\"og:image:height\" content=\"1500\" \/>\n\t<meta property=\"og:image:type\" content=\"image\/jpeg\" \/>\n<meta name=\"twitter:card\" content=\"summary_large_image\" \/>\n<script type=\"application\/ld+json\" class=\"yoast-schema-graph\">{\"@context\":\"https:\\\/\\\/schema.org\",\"@graph\":[{\"@type\":\"WebPage\",\"@id\":\"https:\\\/\\\/nordlinepaadid.ee\\\/et\\\/pood\\\/electrical-equipments\\\/batteries-chargers-inverters\\\/aku-rebelcell-12v35-av\\\/\",\"url\":\"https:\\\/\\\/nordlinepaadid.ee\\\/et\\\/pood\\\/electrical-equipments\\\/batteries-chargers-inverters\\\/aku-rebelcell-12v35-av\\\/\",\"name\":\"AKU- REBELCELL, 12V35 AV - NORDLINE s\u00f5udepaadid ja mootorpaadid. Klaasfiiber materjalist.\",\"isPartOf\":{\"@id\":\"https:\\\/\\\/nordlinepaadid.ee\\\/et\\\/#website\"},\"primaryImageOfPage\":{\"@id\":\"https:\\\/\\\/nordlinepaadid.ee\\\/et\\\/pood\\\/electrical-equipments\\\/batteries-chargers-inverters\\\/aku-rebelcell-12v35-av\\\/#primaryimage\"},\"image\":{\"@id\":\"https:\\\/\\\/nordlinepaadid.ee\\\/et\\\/pood\\\/electrical-equipments\\\/batteries-chargers-inverters\\\/aku-rebelcell-12v35-av\\\/#primaryimage\"},\"thumbnailUrl\":\"https:\\\/\\\/nordlinepaadid.ee\\\/wp-content\\\/uploads\\\/2023\\\/11\\\/9395_MK-12035AVREUA-1.jpg\",\"datePublished\":\"2026-04-14T00:22:18+00:00\",\"breadcrumb\":{\"@id\":\"https:\\\/\\\/nordlinepaadid.ee\\\/et\\\/pood\\\/electrical-equipments\\\/batteries-chargers-inverters\\\/aku-rebelcell-12v35-av\\\/#breadcrumb\"},\"inLanguage\":\"et\",\"potentialAction\":[{\"@type\":\"ReadAction\",\"target\":[\"https:\\\/\\\/nordlinepaadid.ee\\\/et\\\/pood\\\/electrical-equipments\\\/batteries-chargers-inverters\\\/aku-rebelcell-12v35-av\\\/\"]}]},{\"@type\":\"ImageObject\",\"inLanguage\":\"et\",\"@id\":\"https:\\\/\\\/nordlinepaadid.ee\\\/et\\\/pood\\\/electrical-equipments\\\/batteries-chargers-inverters\\\/aku-rebelcell-12v35-av\\\/#primaryimage\",\"url\":\"https:\\\/\\\/nordlinepaadid.ee\\\/wp-content\\\/uploads\\\/2023\\\/11\\\/9395_MK-12035AVREUA-1.jpg\",\"contentUrl\":\"https:\\\/\\\/nordlinepaadid.ee\\\/wp-content\\\/uploads\\\/2023\\\/11\\\/9395_MK-12035AVREUA-1.jpg\",\"width\":1500,\"height\":1500},{\"@type\":\"BreadcrumbList\",\"@id\":\"https:\\\/\\\/nordlinepaadid.ee\\\/et\\\/pood\\\/electrical-equipments\\\/batteries-chargers-inverters\\\/aku-rebelcell-12v35-av\\\/#breadcrumb\",\"itemListElement\":[{\"@type\":\"ListItem\",\"position\":1,\"name\":\"Home\",\"item\":\"https:\\\/\\\/nordlinepaadid.ee\\\/et\\\/\"},{\"@type\":\"ListItem\",\"position\":2,\"name\":\"Pood\",\"item\":\"https:\\\/\\\/nordlinepaadid.ee\\\/et\\\/pood\\\/\"},{\"@type\":\"ListItem\",\"position\":3,\"name\":\"AKU- REBELCELL, 12V35 AV\"}]},{\"@type\":\"WebSite\",\"@id\":\"https:\\\/\\\/nordlinepaadid.ee\\\/et\\\/#website\",\"url\":\"https:\\\/\\\/nordlinepaadid.ee\\\/et\\\/\",\"name\":\"NORDLINE s\u00f5udepaadid ja mootorpaadid. Klaasfiiber materjalist.\",\"description\":\"\",\"publisher\":{\"@id\":\"https:\\\/\\\/nordlinepaadid.ee\\\/et\\\/#organization\"},\"potentialAction\":[{\"@type\":\"SearchAction\",\"target\":{\"@type\":\"EntryPoint\",\"urlTemplate\":\"https:\\\/\\\/nordlinepaadid.ee\\\/et\\\/?s={search_term_string}\"},\"query-input\":{\"@type\":\"PropertyValueSpecification\",\"valueRequired\":true,\"valueName\":\"search_term_string\"}}],\"inLanguage\":\"et\"},{\"@type\":\"Organization\",\"@id\":\"https:\\\/\\\/nordlinepaadid.ee\\\/et\\\/#organization\",\"name\":\"Nordlineboats\",\"url\":\"https:\\\/\\\/nordlinepaadid.ee\\\/et\\\/\",\"logo\":{\"@type\":\"ImageObject\",\"inLanguage\":\"et\",\"@id\":\"https:\\\/\\\/nordlinepaadid.ee\\\/et\\\/#\\\/schema\\\/logo\\\/image\\\/\",\"url\":\"https:\\\/\\\/nordlinepaadid.ee\\\/wp-content\\\/uploads\\\/2023\\\/01\\\/fulllogo_transparent_nobuffer-e1672750475494.png\",\"contentUrl\":\"https:\\\/\\\/nordlinepaadid.ee\\\/wp-content\\\/uploads\\\/2023\\\/01\\\/fulllogo_transparent_nobuffer-e1672750475494.png\",\"width\":150,\"height\":119,\"caption\":\"Nordlineboats\"},\"image\":{\"@id\":\"https:\\\/\\\/nordlinepaadid.ee\\\/et\\\/#\\\/schema\\\/logo\\\/image\\\/\"},\"sameAs\":[\"https:\\\/\\\/www.facebook.com\\\/nordlineboats\",\"https:\\\/\\\/www.youtube.com\\\/channel\\\/UCbgF0fy02y3QkFnujaLTaCA\"]}]}<\/script>\n<!-- \/ Yoast SEO plugin. -->","yoast_head_json":{"title":"AKU- REBELCELL, 12V35 AV - NORDLINE s\u00f5udepaadid ja mootorpaadid. Klaasfiiber materjalist.","robots":{"index":"index","follow":"follow","max-snippet":"max-snippet:-1","max-image-preview":"max-image-preview:large","max-video-preview":"max-video-preview:-1"},"canonical":"https:\/\/nordlinepaadid.ee\/et\/pood\/electrical-equipments\/batteries-chargers-inverters\/aku-rebelcell-12v35-av\/","og_locale":"et_EE","og_type":"article","og_title":"AKU- REBELCELL, 12V35 AV - NORDLINE s\u00f5udepaadid ja mootorpaadid. Klaasfiiber materjalist.","og_description":"12V 35 AV li-ion aku 432 Wh Kompaktne ja kerge 12V35 AV liitiumaku digitaalse laadimisoleku indikaatoriga. See aku t\u00f6\u00f6tab 12 volti juures, selle mahtuvus on 35 Ah (ampritundi), mis t\u00e4hendab 432 Wh ja kaalub 3,1 kg. Seda akut kasutatakse v\u00e4ikeste elektrimootorite ning s\u00fcgavusm\u00f5\u00f5tjate ja kajaloodide toiteallikana. Aku on t\u00e4iesti hooldusvaba ja tal on kuni 1000...","og_url":"https:\/\/nordlinepaadid.ee\/et\/pood\/electrical-equipments\/batteries-chargers-inverters\/aku-rebelcell-12v35-av\/","og_site_name":"NORDLINE s\u00f5udepaadid ja mootorpaadid. Klaasfiiber materjalist.","article_publisher":"https:\/\/www.facebook.com\/nordlineboats","og_image":[{"width":1500,"height":1500,"url":"https:\/\/nordlinepaadid.ee\/wp-content\/uploads\/2023\/11\/9395_MK-12035AVREUA-1.jpg","type":"image\/jpeg"}],"twitter_card":"summary_large_image","schema":{"@context":"https:\/\/schema.org","@graph":[{"@type":"WebPage","@id":"https:\/\/nordlinepaadid.ee\/et\/pood\/electrical-equipments\/batteries-chargers-inverters\/aku-rebelcell-12v35-av\/","url":"https:\/\/nordlinepaadid.ee\/et\/pood\/electrical-equipments\/batteries-chargers-inverters\/aku-rebelcell-12v35-av\/","name":"AKU- REBELCELL, 12V35 AV - NORDLINE s\u00f5udepaadid ja mootorpaadid. Klaasfiiber materjalist.","isPartOf":{"@id":"https:\/\/nordlinepaadid.ee\/et\/#website"},"primaryImageOfPage":{"@id":"https:\/\/nordlinepaadid.ee\/et\/pood\/electrical-equipments\/batteries-chargers-inverters\/aku-rebelcell-12v35-av\/#primaryimage"},"image":{"@id":"https:\/\/nordlinepaadid.ee\/et\/pood\/electrical-equipments\/batteries-chargers-inverters\/aku-rebelcell-12v35-av\/#primaryimage"},"thumbnailUrl":"https:\/\/nordlinepaadid.ee\/wp-content\/uploads\/2023\/11\/9395_MK-12035AVREUA-1.jpg","datePublished":"2026-04-14T00:22:18+00:00","breadcrumb":{"@id":"https:\/\/nordlinepaadid.ee\/et\/pood\/electrical-equipments\/batteries-chargers-inverters\/aku-rebelcell-12v35-av\/#breadcrumb"},"inLanguage":"et","potentialAction":[{"@type":"ReadAction","target":["https:\/\/nordlinepaadid.ee\/et\/pood\/electrical-equipments\/batteries-chargers-inverters\/aku-rebelcell-12v35-av\/"]}]},{"@type":"ImageObject","inLanguage":"et","@id":"https:\/\/nordlinepaadid.ee\/et\/pood\/electrical-equipments\/batteries-chargers-inverters\/aku-rebelcell-12v35-av\/#primaryimage","url":"https:\/\/nordlinepaadid.ee\/wp-content\/uploads\/2023\/11\/9395_MK-12035AVREUA-1.jpg","contentUrl":"https:\/\/nordlinepaadid.ee\/wp-content\/uploads\/2023\/11\/9395_MK-12035AVREUA-1.jpg","width":1500,"height":1500},{"@type":"BreadcrumbList","@id":"https:\/\/nordlinepaadid.ee\/et\/pood\/electrical-equipments\/batteries-chargers-inverters\/aku-rebelcell-12v35-av\/#breadcrumb","itemListElement":[{"@type":"ListItem","position":1,"name":"Home","item":"https:\/\/nordlinepaadid.ee\/et\/"},{"@type":"ListItem","position":2,"name":"Pood","item":"https:\/\/nordlinepaadid.ee\/et\/pood\/"},{"@type":"ListItem","position":3,"name":"AKU- REBELCELL, 12V35 AV"}]},{"@type":"WebSite","@id":"https:\/\/nordlinepaadid.ee\/et\/#website","url":"https:\/\/nordlinepaadid.ee\/et\/","name":"NORDLINE s\u00f5udepaadid ja mootorpaadid. Klaasfiiber materjalist.","description":"","publisher":{"@id":"https:\/\/nordlinepaadid.ee\/et\/#organization"},"potentialAction":[{"@type":"SearchAction","target":{"@type":"EntryPoint","urlTemplate":"https:\/\/nordlinepaadid.ee\/et\/?s={search_term_string}"},"query-input":{"@type":"PropertyValueSpecification","valueRequired":true,"valueName":"search_term_string"}}],"inLanguage":"et"},{"@type":"Organization","@id":"https:\/\/nordlinepaadid.ee\/et\/#organization","name":"Nordlineboats","url":"https:\/\/nordlinepaadid.ee\/et\/","logo":{"@type":"ImageObject","inLanguage":"et","@id":"https:\/\/nordlinepaadid.ee\/et\/#\/schema\/logo\/image\/","url":"https:\/\/nordlinepaadid.ee\/wp-content\/uploads\/2023\/01\/fulllogo_transparent_nobuffer-e1672750475494.png","contentUrl":"https:\/\/nordlinepaadid.ee\/wp-content\/uploads\/2023\/01\/fulllogo_transparent_nobuffer-e1672750475494.png","width":150,"height":119,"caption":"Nordlineboats"},"image":{"@id":"https:\/\/nordlinepaadid.ee\/et\/#\/schema\/logo\/image\/"},"sameAs":["https:\/\/www.facebook.com\/nordlineboats","https:\/\/www.youtube.com\/channel\/UCbgF0fy02y3QkFnujaLTaCA"]}]}},"taxonomy_info":{"product_cat":[{"value":251,"label":"Akud, Akulaadijad, Inverterid"},{"value":239,"label":"ELEKTRITARVIKUD"}],"pa_producer":[{"value":1324,"label":"Rebelcell"}],"pa_unit":[{"value":416,"label":"pcs"}]},"featured_image_src_large":["https:\/\/nordlinepaadid.ee\/wp-content\/uploads\/2023\/11\/9395_MK-12035AVREUA-1-1024x1024.jpg",1024,1024,true],"author_info":[],"comment_info":"","_links":{"self":[{"href":"https:\/\/nordlinepaadid.ee\/et\/wp-json\/wp\/v2\/product\/46297","targetHints":{"allow":["GET"]}}],"collection":[{"href":"https:\/\/nordlinepaadid.ee\/et\/wp-json\/wp\/v2\/product"}],"about":[{"href":"https:\/\/nordlinepaadid.ee\/et\/wp-json\/wp\/v2\/types\/product"}],"wp:featuredmedia":[{"embeddable":true,"href":"https:\/\/nordlinepaadid.ee\/et\/wp-json\/wp\/v2\/media\/40229"}],"wp:attachment":[{"href":"https:\/\/nordlinepaadid.ee\/et\/wp-json\/wp\/v2\/media?parent=46297"}],"wp:term":[{"taxonomy":"product_brand","embeddable":true,"href":"https:\/\/nordlinepaadid.ee\/et\/wp-json\/wp\/v2\/product_brand?post=46297"},{"taxonomy":"product_cat","embeddable":true,"href":"https:\/\/nordlinepaadid.ee\/et\/wp-json\/wp\/v2\/product_cat?post=46297"},{"taxonomy":"product_tag","embeddable":true,"href":"https:\/\/nordlinepaadid.ee\/et\/wp-json\/wp\/v2\/product_tag?post=46297"}],"curies":[{"name":"wp","href":"https:\/\/api.w.org\/{rel}","templated":true}]}}