{"id":46324,"date":"2026-04-07T03:23:27","date_gmt":"2026-04-07T00:23:27","guid":{"rendered":"https:\/\/nordlinepaadid.ee\/toode\/maaratlemata\/sup-komplekt-hydro-force-sea-breeze-10-0\/"},"modified":"2026-04-07T03:23:27","modified_gmt":"2026-04-07T00:23:27","slug":"sup-komplekt-hydro-force-sea-breeze-10-0","status":"publish","type":"product","link":"https:\/\/nordlinepaadid.ee\/et\/pood\/veespordivahendid\/sup\/sup-komplekt-hydro-force-sea-breeze-10-0\/","title":{"rendered":"SUP KOMPLEKT- HYDRO FORCE SEA BREEZE 10.0"},"content":{"rendered":"<p>Hydro Force Sea Breeze 10-tolline (3,05 m) t\u00e4ispuhutav aerulaud sobib suurep\u00e4raselt madalas vees aerutamiseks, veidi pikemaks reisiks v\u00f5i v\u00e4ikeste lainete nautimiseks. Selle suur osa pinnast on kaetud libisemiskindla kattega, elastsed kummist n\u00f6\u00f6rid kergeks vedamiseks, roostevabast terasest D-r\u00f5ngas rihma kinnitamiseks ja eemaldatav uim. Komplektis on aerulaud, pump, kandekott, remondikomplekt. Materjal: &#8220;Drop stitch&#8221;. M\u00f5\u00f5dud: aerulaud 305x84x12 cm; kaal: 12,3 kg; max. kandev\u00f5ime: 120 kg; maksimaalne r\u00f5hk: 1 baar (15 psi). Aeru m\u00f5\u00f5dud: 305 x 84 cm; aeru paksus: 12 cm; alumiiniumist laua pikkus: 217 cm.<\/p>\n<p>&#13;<\/p>\n","protected":false},"excerpt":{"rendered":"<p>Hydro Force Sea Breeze 10-tolline (3,05 m) t\u00e4ispuhutav aerulaud sobib suurep\u00e4raselt madalas vees aerutamiseks, veidi pikemaks reisiks v\u00f5i v\u00e4ikeste lainete nautimiseks. Selle suur osa pinnast on kaetud libisemiskindla kattega, elastsed kummist n\u00f6\u00f6rid kergeks vedamiseks, roostevabast terasest D-r\u00f5ngas rihma kinnitamiseks ja eemaldatav uim. Komplektis on aerulaud, pump, kandekott, remondikomplekt. Materjal: &#8220;Drop stitch&#8221;. M\u00f5\u00f5dud: aerulaud 305x84x12 cm;&#8230;<\/p>\n","protected":false},"featured_media":40425,"template":"","meta":{"_kad_blocks_custom_css":"","_kad_blocks_head_custom_js":"","_kad_blocks_body_custom_js":"","_kad_blocks_footer_custom_js":"","_kad_post_transparent":"","_kad_post_title":"","_kad_post_layout":"","_kad_post_sidebar_id":"","_kad_post_content_style":"","_kad_post_vertical_padding":"","_kad_post_feature":"","_kad_post_feature_position":"","_kad_post_header":false,"_kad_post_footer":false,"_kad_post_classname":""},"product_brand":[],"product_cat":[1613,262],"product_tag":[],"class_list":{"0":"post-46324","1":"product","2":"type-product","3":"status-publish","4":"has-post-thumbnail","6":"product_cat-sup","7":"product_cat-veespordivahendid","8":"pa_producer-bestway","9":"pa_unit-kit","10":"tm-no-options","12":"first","13":"instock","14":"sale","15":"taxable","16":"shipping-taxable","17":"purchasable","18":"product-type-simple","19":"entry","20":"content-bg","21":"loop-entry"},"yoast_head":"<!-- This site is optimized with the Yoast SEO plugin v27.3 - https:\/\/yoast.com\/product\/yoast-seo-wordpress\/ -->\n<title>SUP KOMPLEKT- HYDRO FORCE SEA BREEZE 10.0 - NORDLINE s\u00f5udepaadid ja mootorpaadid. Klaasfiiber materjalist.<\/title>\n<meta name=\"robots\" content=\"index, follow, max-snippet:-1, max-image-preview:large, max-video-preview:-1\" \/>\n<link rel=\"canonical\" href=\"https:\/\/nordlinepaadid.ee\/et\/pood\/veespordivahendid\/sup\/sup-komplekt-hydro-force-sea-breeze-10-0\/\" \/>\n<meta property=\"og:locale\" content=\"et_EE\" \/>\n<meta property=\"og:type\" content=\"article\" \/>\n<meta property=\"og:title\" content=\"SUP KOMPLEKT- HYDRO FORCE SEA BREEZE 10.0 - NORDLINE s\u00f5udepaadid ja mootorpaadid. Klaasfiiber materjalist.\" \/>\n<meta property=\"og:description\" content=\"Hydro Force Sea Breeze 10-tolline (3,05 m) t\u00e4ispuhutav aerulaud sobib suurep\u00e4raselt madalas vees aerutamiseks, veidi pikemaks reisiks v\u00f5i v\u00e4ikeste lainete nautimiseks. Selle suur osa pinnast on kaetud libisemiskindla kattega, elastsed kummist n\u00f6\u00f6rid kergeks vedamiseks, roostevabast terasest D-r\u00f5ngas rihma kinnitamiseks ja eemaldatav uim. Komplektis on aerulaud, pump, kandekott, remondikomplekt. Materjal: &#8220;Drop stitch&#8221;. M\u00f5\u00f5dud: aerulaud 305x84x12 cm;...\" \/>\n<meta property=\"og:url\" content=\"https:\/\/nordlinepaadid.ee\/et\/pood\/veespordivahendid\/sup\/sup-komplekt-hydro-force-sea-breeze-10-0\/\" \/>\n<meta property=\"og:site_name\" content=\"NORDLINE s\u00f5udepaadid ja mootorpaadid. Klaasfiiber materjalist.\" \/>\n<meta property=\"article:publisher\" content=\"https:\/\/www.facebook.com\/nordlineboats\" \/>\n<meta property=\"og:image\" content=\"https:\/\/nordlinepaadid.ee\/wp-content\/uploads\/2023\/11\/9492_Z-BEST-1.jpg\" \/>\n\t<meta property=\"og:image:width\" content=\"220\" \/>\n\t<meta property=\"og:image:height\" content=\"800\" \/>\n\t<meta property=\"og:image:type\" content=\"image\/webp\" \/>\n<meta name=\"twitter:card\" content=\"summary_large_image\" \/>\n<script type=\"application\/ld+json\" class=\"yoast-schema-graph\">{\"@context\":\"https:\\\/\\\/schema.org\",\"@graph\":[{\"@type\":\"WebPage\",\"@id\":\"https:\\\/\\\/nordlinepaadid.ee\\\/et\\\/pood\\\/veespordivahendid\\\/sup\\\/sup-komplekt-hydro-force-sea-breeze-10-0\\\/\",\"url\":\"https:\\\/\\\/nordlinepaadid.ee\\\/et\\\/pood\\\/veespordivahendid\\\/sup\\\/sup-komplekt-hydro-force-sea-breeze-10-0\\\/\",\"name\":\"SUP KOMPLEKT- HYDRO FORCE SEA BREEZE 10.0 - NORDLINE s\u00f5udepaadid ja mootorpaadid. Klaasfiiber materjalist.\",\"isPartOf\":{\"@id\":\"https:\\\/\\\/nordlinepaadid.ee\\\/et\\\/#website\"},\"primaryImageOfPage\":{\"@id\":\"https:\\\/\\\/nordlinepaadid.ee\\\/et\\\/pood\\\/veespordivahendid\\\/sup\\\/sup-komplekt-hydro-force-sea-breeze-10-0\\\/#primaryimage\"},\"image\":{\"@id\":\"https:\\\/\\\/nordlinepaadid.ee\\\/et\\\/pood\\\/veespordivahendid\\\/sup\\\/sup-komplekt-hydro-force-sea-breeze-10-0\\\/#primaryimage\"},\"thumbnailUrl\":\"https:\\\/\\\/nordlinepaadid.ee\\\/wp-content\\\/uploads\\\/2023\\\/11\\\/9492_Z-BEST-1.jpg\",\"datePublished\":\"2026-04-07T00:23:27+00:00\",\"breadcrumb\":{\"@id\":\"https:\\\/\\\/nordlinepaadid.ee\\\/et\\\/pood\\\/veespordivahendid\\\/sup\\\/sup-komplekt-hydro-force-sea-breeze-10-0\\\/#breadcrumb\"},\"inLanguage\":\"et\",\"potentialAction\":[{\"@type\":\"ReadAction\",\"target\":[\"https:\\\/\\\/nordlinepaadid.ee\\\/et\\\/pood\\\/veespordivahendid\\\/sup\\\/sup-komplekt-hydro-force-sea-breeze-10-0\\\/\"]}]},{\"@type\":\"ImageObject\",\"inLanguage\":\"et\",\"@id\":\"https:\\\/\\\/nordlinepaadid.ee\\\/et\\\/pood\\\/veespordivahendid\\\/sup\\\/sup-komplekt-hydro-force-sea-breeze-10-0\\\/#primaryimage\",\"url\":\"https:\\\/\\\/nordlinepaadid.ee\\\/wp-content\\\/uploads\\\/2023\\\/11\\\/9492_Z-BEST-1.jpg\",\"contentUrl\":\"https:\\\/\\\/nordlinepaadid.ee\\\/wp-content\\\/uploads\\\/2023\\\/11\\\/9492_Z-BEST-1.jpg\",\"width\":220,\"height\":800},{\"@type\":\"BreadcrumbList\",\"@id\":\"https:\\\/\\\/nordlinepaadid.ee\\\/et\\\/pood\\\/veespordivahendid\\\/sup\\\/sup-komplekt-hydro-force-sea-breeze-10-0\\\/#breadcrumb\",\"itemListElement\":[{\"@type\":\"ListItem\",\"position\":1,\"name\":\"Home\",\"item\":\"https:\\\/\\\/nordlinepaadid.ee\\\/et\\\/\"},{\"@type\":\"ListItem\",\"position\":2,\"name\":\"Pood\",\"item\":\"https:\\\/\\\/nordlinepaadid.ee\\\/et\\\/pood\\\/\"},{\"@type\":\"ListItem\",\"position\":3,\"name\":\"SUP KOMPLEKT- HYDRO FORCE SEA BREEZE 10.0\"}]},{\"@type\":\"WebSite\",\"@id\":\"https:\\\/\\\/nordlinepaadid.ee\\\/et\\\/#website\",\"url\":\"https:\\\/\\\/nordlinepaadid.ee\\\/et\\\/\",\"name\":\"NORDLINE s\u00f5udepaadid ja mootorpaadid. Klaasfiiber materjalist.\",\"description\":\"\",\"publisher\":{\"@id\":\"https:\\\/\\\/nordlinepaadid.ee\\\/et\\\/#organization\"},\"potentialAction\":[{\"@type\":\"SearchAction\",\"target\":{\"@type\":\"EntryPoint\",\"urlTemplate\":\"https:\\\/\\\/nordlinepaadid.ee\\\/et\\\/?s={search_term_string}\"},\"query-input\":{\"@type\":\"PropertyValueSpecification\",\"valueRequired\":true,\"valueName\":\"search_term_string\"}}],\"inLanguage\":\"et\"},{\"@type\":\"Organization\",\"@id\":\"https:\\\/\\\/nordlinepaadid.ee\\\/et\\\/#organization\",\"name\":\"Nordlineboats\",\"url\":\"https:\\\/\\\/nordlinepaadid.ee\\\/et\\\/\",\"logo\":{\"@type\":\"ImageObject\",\"inLanguage\":\"et\",\"@id\":\"https:\\\/\\\/nordlinepaadid.ee\\\/et\\\/#\\\/schema\\\/logo\\\/image\\\/\",\"url\":\"https:\\\/\\\/nordlinepaadid.ee\\\/wp-content\\\/uploads\\\/2023\\\/01\\\/fulllogo_transparent_nobuffer-e1672750475494.png\",\"contentUrl\":\"https:\\\/\\\/nordlinepaadid.ee\\\/wp-content\\\/uploads\\\/2023\\\/01\\\/fulllogo_transparent_nobuffer-e1672750475494.png\",\"width\":150,\"height\":119,\"caption\":\"Nordlineboats\"},\"image\":{\"@id\":\"https:\\\/\\\/nordlinepaadid.ee\\\/et\\\/#\\\/schema\\\/logo\\\/image\\\/\"},\"sameAs\":[\"https:\\\/\\\/www.facebook.com\\\/nordlineboats\",\"https:\\\/\\\/www.youtube.com\\\/channel\\\/UCbgF0fy02y3QkFnujaLTaCA\"]}]}<\/script>\n<!-- \/ Yoast SEO plugin. -->","yoast_head_json":{"title":"SUP KOMPLEKT- HYDRO FORCE SEA BREEZE 10.0 - NORDLINE s\u00f5udepaadid ja mootorpaadid. Klaasfiiber materjalist.","robots":{"index":"index","follow":"follow","max-snippet":"max-snippet:-1","max-image-preview":"max-image-preview:large","max-video-preview":"max-video-preview:-1"},"canonical":"https:\/\/nordlinepaadid.ee\/et\/pood\/veespordivahendid\/sup\/sup-komplekt-hydro-force-sea-breeze-10-0\/","og_locale":"et_EE","og_type":"article","og_title":"SUP KOMPLEKT- HYDRO FORCE SEA BREEZE 10.0 - NORDLINE s\u00f5udepaadid ja mootorpaadid. Klaasfiiber materjalist.","og_description":"Hydro Force Sea Breeze 10-tolline (3,05 m) t\u00e4ispuhutav aerulaud sobib suurep\u00e4raselt madalas vees aerutamiseks, veidi pikemaks reisiks v\u00f5i v\u00e4ikeste lainete nautimiseks. Selle suur osa pinnast on kaetud libisemiskindla kattega, elastsed kummist n\u00f6\u00f6rid kergeks vedamiseks, roostevabast terasest D-r\u00f5ngas rihma kinnitamiseks ja eemaldatav uim. Komplektis on aerulaud, pump, kandekott, remondikomplekt. Materjal: &#8220;Drop stitch&#8221;. M\u00f5\u00f5dud: aerulaud 305x84x12 cm;...","og_url":"https:\/\/nordlinepaadid.ee\/et\/pood\/veespordivahendid\/sup\/sup-komplekt-hydro-force-sea-breeze-10-0\/","og_site_name":"NORDLINE s\u00f5udepaadid ja mootorpaadid. Klaasfiiber materjalist.","article_publisher":"https:\/\/www.facebook.com\/nordlineboats","og_image":[{"width":220,"height":800,"url":"https:\/\/nordlinepaadid.ee\/wp-content\/uploads\/2023\/11\/9492_Z-BEST-1.jpg","type":"image\/webp"}],"twitter_card":"summary_large_image","schema":{"@context":"https:\/\/schema.org","@graph":[{"@type":"WebPage","@id":"https:\/\/nordlinepaadid.ee\/et\/pood\/veespordivahendid\/sup\/sup-komplekt-hydro-force-sea-breeze-10-0\/","url":"https:\/\/nordlinepaadid.ee\/et\/pood\/veespordivahendid\/sup\/sup-komplekt-hydro-force-sea-breeze-10-0\/","name":"SUP KOMPLEKT- HYDRO FORCE SEA BREEZE 10.0 - NORDLINE s\u00f5udepaadid ja mootorpaadid. Klaasfiiber materjalist.","isPartOf":{"@id":"https:\/\/nordlinepaadid.ee\/et\/#website"},"primaryImageOfPage":{"@id":"https:\/\/nordlinepaadid.ee\/et\/pood\/veespordivahendid\/sup\/sup-komplekt-hydro-force-sea-breeze-10-0\/#primaryimage"},"image":{"@id":"https:\/\/nordlinepaadid.ee\/et\/pood\/veespordivahendid\/sup\/sup-komplekt-hydro-force-sea-breeze-10-0\/#primaryimage"},"thumbnailUrl":"https:\/\/nordlinepaadid.ee\/wp-content\/uploads\/2023\/11\/9492_Z-BEST-1.jpg","datePublished":"2026-04-07T00:23:27+00:00","breadcrumb":{"@id":"https:\/\/nordlinepaadid.ee\/et\/pood\/veespordivahendid\/sup\/sup-komplekt-hydro-force-sea-breeze-10-0\/#breadcrumb"},"inLanguage":"et","potentialAction":[{"@type":"ReadAction","target":["https:\/\/nordlinepaadid.ee\/et\/pood\/veespordivahendid\/sup\/sup-komplekt-hydro-force-sea-breeze-10-0\/"]}]},{"@type":"ImageObject","inLanguage":"et","@id":"https:\/\/nordlinepaadid.ee\/et\/pood\/veespordivahendid\/sup\/sup-komplekt-hydro-force-sea-breeze-10-0\/#primaryimage","url":"https:\/\/nordlinepaadid.ee\/wp-content\/uploads\/2023\/11\/9492_Z-BEST-1.jpg","contentUrl":"https:\/\/nordlinepaadid.ee\/wp-content\/uploads\/2023\/11\/9492_Z-BEST-1.jpg","width":220,"height":800},{"@type":"BreadcrumbList","@id":"https:\/\/nordlinepaadid.ee\/et\/pood\/veespordivahendid\/sup\/sup-komplekt-hydro-force-sea-breeze-10-0\/#breadcrumb","itemListElement":[{"@type":"ListItem","position":1,"name":"Home","item":"https:\/\/nordlinepaadid.ee\/et\/"},{"@type":"ListItem","position":2,"name":"Pood","item":"https:\/\/nordlinepaadid.ee\/et\/pood\/"},{"@type":"ListItem","position":3,"name":"SUP KOMPLEKT- HYDRO FORCE SEA BREEZE 10.0"}]},{"@type":"WebSite","@id":"https:\/\/nordlinepaadid.ee\/et\/#website","url":"https:\/\/nordlinepaadid.ee\/et\/","name":"NORDLINE s\u00f5udepaadid ja mootorpaadid. Klaasfiiber materjalist.","description":"","publisher":{"@id":"https:\/\/nordlinepaadid.ee\/et\/#organization"},"potentialAction":[{"@type":"SearchAction","target":{"@type":"EntryPoint","urlTemplate":"https:\/\/nordlinepaadid.ee\/et\/?s={search_term_string}"},"query-input":{"@type":"PropertyValueSpecification","valueRequired":true,"valueName":"search_term_string"}}],"inLanguage":"et"},{"@type":"Organization","@id":"https:\/\/nordlinepaadid.ee\/et\/#organization","name":"Nordlineboats","url":"https:\/\/nordlinepaadid.ee\/et\/","logo":{"@type":"ImageObject","inLanguage":"et","@id":"https:\/\/nordlinepaadid.ee\/et\/#\/schema\/logo\/image\/","url":"https:\/\/nordlinepaadid.ee\/wp-content\/uploads\/2023\/01\/fulllogo_transparent_nobuffer-e1672750475494.png","contentUrl":"https:\/\/nordlinepaadid.ee\/wp-content\/uploads\/2023\/01\/fulllogo_transparent_nobuffer-e1672750475494.png","width":150,"height":119,"caption":"Nordlineboats"},"image":{"@id":"https:\/\/nordlinepaadid.ee\/et\/#\/schema\/logo\/image\/"},"sameAs":["https:\/\/www.facebook.com\/nordlineboats","https:\/\/www.youtube.com\/channel\/UCbgF0fy02y3QkFnujaLTaCA"]}]}},"taxonomy_info":{"product_cat":[{"value":1613,"label":"SUP lauad"},{"value":262,"label":"VEESPORDIVAHENDID, VABA AEG"}],"pa_producer":[{"value":645,"label":"Bestway"}],"pa_unit":[{"value":441,"label":"kit"}]},"featured_image_src_large":["https:\/\/nordlinepaadid.ee\/wp-content\/uploads\/2023\/11\/9492_Z-BEST-1.jpg",220,800,false],"author_info":[],"comment_info":"","_links":{"self":[{"href":"https:\/\/nordlinepaadid.ee\/et\/wp-json\/wp\/v2\/product\/46324","targetHints":{"allow":["GET"]}}],"collection":[{"href":"https:\/\/nordlinepaadid.ee\/et\/wp-json\/wp\/v2\/product"}],"about":[{"href":"https:\/\/nordlinepaadid.ee\/et\/wp-json\/wp\/v2\/types\/product"}],"wp:featuredmedia":[{"embeddable":true,"href":"https:\/\/nordlinepaadid.ee\/et\/wp-json\/wp\/v2\/media\/40425"}],"wp:attachment":[{"href":"https:\/\/nordlinepaadid.ee\/et\/wp-json\/wp\/v2\/media?parent=46324"}],"wp:term":[{"taxonomy":"product_brand","embeddable":true,"href":"https:\/\/nordlinepaadid.ee\/et\/wp-json\/wp\/v2\/product_brand?post=46324"},{"taxonomy":"product_cat","embeddable":true,"href":"https:\/\/nordlinepaadid.ee\/et\/wp-json\/wp\/v2\/product_cat?post=46324"},{"taxonomy":"product_tag","embeddable":true,"href":"https:\/\/nordlinepaadid.ee\/et\/wp-json\/wp\/v2\/product_tag?post=46324"}],"curies":[{"name":"wp","href":"https:\/\/api.w.org\/{rel}","templated":true}]}}