{"id":46330,"date":"2026-04-07T03:23:29","date_gmt":"2026-04-07T00:23:29","guid":{"rendered":"https:\/\/nordlinepaadid.ee\/toode\/maaratlemata\/anemomeeter-skywatch-wind\/"},"modified":"2026-04-07T03:23:29","modified_gmt":"2026-04-07T00:23:29","slug":"anemomeeter-skywatch-wind","status":"publish","type":"product","link":"https:\/\/nordlinepaadid.ee\/et\/pood\/navigatsiooni-vahendid\/tuulemootjad-tuulelipud-radaripeeglid\/anemomeeter-skywatch-wind\/","title":{"rendered":"ANEMOMEETER &#8211; SKYWATCH WIND"},"content":{"rendered":"<p style=\"text-align: justify;\">Skywatch Wind\u00ae on k\u00e4eshoitav anemomeeter, mis on spetsiaalselt loodud v\u00e4lispordi harrastajatele. Sellel on kvaliteetsed \u0160veitsi andurid tuule kiiruse ja temperatuuri t\u00e4pseks ja usaldusv\u00e4\u00e4rseks m\u00f5\u00f5tmiseks. Samuti on ujuv ja kaasas on kaelapael, mist\u00f5ttu sobib see suurep\u00e4raselt igasuguste veespordialade jaoks. T\u00f6\u00f6tab liitiumakuga, kaal 30 g. M\u00f5\u00f5dud: 41 x 109 x 17 mm, t\u00e4psus: \u00b10,3\u00baC. Omadused: hetkeline tuule kiirus s\u00f5lmedes, km\/h, m\/s ja maksimum; temperatuur -30 kuni + 70 C; tuulek\u00fclma indeks.<\/p>\n<p>&#13;<\/p>\n","protected":false},"excerpt":{"rendered":"<p>Skywatch Wind\u00ae on k\u00e4eshoitav anemomeeter, mis on spetsiaalselt loodud v\u00e4lispordi harrastajatele. Sellel on kvaliteetsed \u0160veitsi andurid tuule kiiruse ja temperatuuri t\u00e4pseks ja usaldusv\u00e4\u00e4rseks m\u00f5\u00f5tmiseks. Samuti on ujuv ja kaasas on kaelapael, mist\u00f5ttu sobib see suurep\u00e4raselt igasuguste veespordialade jaoks. T\u00f6\u00f6tab liitiumakuga, kaal 30 g. M\u00f5\u00f5dud: 41 x 109 x 17 mm, t\u00e4psus: \u00b10,3\u00baC. Omadused: hetkeline tuule&#8230;<\/p>\n","protected":false},"featured_media":42879,"template":"","meta":{"_kad_blocks_custom_css":"","_kad_blocks_head_custom_js":"","_kad_blocks_body_custom_js":"","_kad_blocks_footer_custom_js":"","_kad_post_transparent":"","_kad_post_title":"","_kad_post_layout":"","_kad_post_sidebar_id":"","_kad_post_content_style":"","_kad_post_vertical_padding":"","_kad_post_feature":"","_kad_post_feature_position":"","_kad_post_header":false,"_kad_post_footer":false,"_kad_post_classname":""},"product_brand":[],"product_cat":[247,320],"product_tag":[],"class_list":{"0":"post-46330","1":"product","2":"type-product","3":"status-publish","4":"has-post-thumbnail","6":"product_cat-navigatsiooni-vahendid","7":"product_cat-tuulemootjad-tuulelipud-radaripeeglid","8":"pa_unit-pcs","9":"tm-no-options","11":"first","12":"instock","13":"sale","14":"taxable","15":"shipping-taxable","16":"purchasable","17":"product-type-simple","18":"entry","19":"content-bg","20":"loop-entry"},"yoast_head":"<!-- This site is optimized with the Yoast SEO plugin v27.3 - https:\/\/yoast.com\/product\/yoast-seo-wordpress\/ -->\n<title>ANEMOMEETER - SKYWATCH WIND - NORDLINE s\u00f5udepaadid ja mootorpaadid. Klaasfiiber materjalist.<\/title>\n<meta name=\"robots\" content=\"index, follow, max-snippet:-1, max-image-preview:large, max-video-preview:-1\" \/>\n<link rel=\"canonical\" href=\"https:\/\/nordlinepaadid.ee\/et\/pood\/navigatsiooni-vahendid\/tuulemootjad-tuulelipud-radaripeeglid\/anemomeeter-skywatch-wind\/\" \/>\n<meta property=\"og:locale\" content=\"et_EE\" \/>\n<meta property=\"og:type\" content=\"article\" \/>\n<meta property=\"og:title\" content=\"ANEMOMEETER - SKYWATCH WIND - NORDLINE s\u00f5udepaadid ja mootorpaadid. Klaasfiiber materjalist.\" \/>\n<meta property=\"og:description\" content=\"Skywatch Wind\u00ae on k\u00e4eshoitav anemomeeter, mis on spetsiaalselt loodud v\u00e4lispordi harrastajatele. Sellel on kvaliteetsed \u0160veitsi andurid tuule kiiruse ja temperatuuri t\u00e4pseks ja usaldusv\u00e4\u00e4rseks m\u00f5\u00f5tmiseks. Samuti on ujuv ja kaasas on kaelapael, mist\u00f5ttu sobib see suurep\u00e4raselt igasuguste veespordialade jaoks. T\u00f6\u00f6tab liitiumakuga, kaal 30 g. M\u00f5\u00f5dud: 41 x 109 x 17 mm, t\u00e4psus: \u00b10,3\u00baC. Omadused: hetkeline tuule...\" \/>\n<meta property=\"og:url\" content=\"https:\/\/nordlinepaadid.ee\/et\/pood\/navigatsiooni-vahendid\/tuulemootjad-tuulelipud-radaripeeglid\/anemomeeter-skywatch-wind\/\" \/>\n<meta property=\"og:site_name\" content=\"NORDLINE s\u00f5udepaadid ja mootorpaadid. Klaasfiiber materjalist.\" \/>\n<meta property=\"article:publisher\" content=\"https:\/\/www.facebook.com\/nordlineboats\" \/>\n<meta property=\"og:image\" content=\"https:\/\/nordlinepaadid.ee\/wp-content\/uploads\/2024\/05\/10437_OS-JDC-WIND-1.jpg\" \/>\n\t<meta property=\"og:image:width\" content=\"200\" \/>\n\t<meta property=\"og:image:height\" content=\"200\" \/>\n\t<meta property=\"og:image:type\" content=\"image\/png\" \/>\n<meta name=\"twitter:card\" content=\"summary_large_image\" \/>\n<script type=\"application\/ld+json\" class=\"yoast-schema-graph\">{\"@context\":\"https:\\\/\\\/schema.org\",\"@graph\":[{\"@type\":\"WebPage\",\"@id\":\"https:\\\/\\\/nordlinepaadid.ee\\\/et\\\/pood\\\/navigatsiooni-vahendid\\\/tuulemootjad-tuulelipud-radaripeeglid\\\/anemomeeter-skywatch-wind\\\/\",\"url\":\"https:\\\/\\\/nordlinepaadid.ee\\\/et\\\/pood\\\/navigatsiooni-vahendid\\\/tuulemootjad-tuulelipud-radaripeeglid\\\/anemomeeter-skywatch-wind\\\/\",\"name\":\"ANEMOMEETER - SKYWATCH WIND - NORDLINE s\u00f5udepaadid ja mootorpaadid. Klaasfiiber materjalist.\",\"isPartOf\":{\"@id\":\"https:\\\/\\\/nordlinepaadid.ee\\\/et\\\/#website\"},\"primaryImageOfPage\":{\"@id\":\"https:\\\/\\\/nordlinepaadid.ee\\\/et\\\/pood\\\/navigatsiooni-vahendid\\\/tuulemootjad-tuulelipud-radaripeeglid\\\/anemomeeter-skywatch-wind\\\/#primaryimage\"},\"image\":{\"@id\":\"https:\\\/\\\/nordlinepaadid.ee\\\/et\\\/pood\\\/navigatsiooni-vahendid\\\/tuulemootjad-tuulelipud-radaripeeglid\\\/anemomeeter-skywatch-wind\\\/#primaryimage\"},\"thumbnailUrl\":\"https:\\\/\\\/nordlinepaadid.ee\\\/wp-content\\\/uploads\\\/2024\\\/05\\\/10437_OS-JDC-WIND-1.jpg\",\"datePublished\":\"2026-04-07T00:23:29+00:00\",\"breadcrumb\":{\"@id\":\"https:\\\/\\\/nordlinepaadid.ee\\\/et\\\/pood\\\/navigatsiooni-vahendid\\\/tuulemootjad-tuulelipud-radaripeeglid\\\/anemomeeter-skywatch-wind\\\/#breadcrumb\"},\"inLanguage\":\"et\",\"potentialAction\":[{\"@type\":\"ReadAction\",\"target\":[\"https:\\\/\\\/nordlinepaadid.ee\\\/et\\\/pood\\\/navigatsiooni-vahendid\\\/tuulemootjad-tuulelipud-radaripeeglid\\\/anemomeeter-skywatch-wind\\\/\"]}]},{\"@type\":\"ImageObject\",\"inLanguage\":\"et\",\"@id\":\"https:\\\/\\\/nordlinepaadid.ee\\\/et\\\/pood\\\/navigatsiooni-vahendid\\\/tuulemootjad-tuulelipud-radaripeeglid\\\/anemomeeter-skywatch-wind\\\/#primaryimage\",\"url\":\"https:\\\/\\\/nordlinepaadid.ee\\\/wp-content\\\/uploads\\\/2024\\\/05\\\/10437_OS-JDC-WIND-1.jpg\",\"contentUrl\":\"https:\\\/\\\/nordlinepaadid.ee\\\/wp-content\\\/uploads\\\/2024\\\/05\\\/10437_OS-JDC-WIND-1.jpg\",\"width\":200,\"height\":200},{\"@type\":\"BreadcrumbList\",\"@id\":\"https:\\\/\\\/nordlinepaadid.ee\\\/et\\\/pood\\\/navigatsiooni-vahendid\\\/tuulemootjad-tuulelipud-radaripeeglid\\\/anemomeeter-skywatch-wind\\\/#breadcrumb\",\"itemListElement\":[{\"@type\":\"ListItem\",\"position\":1,\"name\":\"Home\",\"item\":\"https:\\\/\\\/nordlinepaadid.ee\\\/et\\\/\"},{\"@type\":\"ListItem\",\"position\":2,\"name\":\"Pood\",\"item\":\"https:\\\/\\\/nordlinepaadid.ee\\\/et\\\/pood\\\/\"},{\"@type\":\"ListItem\",\"position\":3,\"name\":\"ANEMOMEETER &#8211; SKYWATCH WIND\"}]},{\"@type\":\"WebSite\",\"@id\":\"https:\\\/\\\/nordlinepaadid.ee\\\/et\\\/#website\",\"url\":\"https:\\\/\\\/nordlinepaadid.ee\\\/et\\\/\",\"name\":\"NORDLINE s\u00f5udepaadid ja mootorpaadid. Klaasfiiber materjalist.\",\"description\":\"\",\"publisher\":{\"@id\":\"https:\\\/\\\/nordlinepaadid.ee\\\/et\\\/#organization\"},\"potentialAction\":[{\"@type\":\"SearchAction\",\"target\":{\"@type\":\"EntryPoint\",\"urlTemplate\":\"https:\\\/\\\/nordlinepaadid.ee\\\/et\\\/?s={search_term_string}\"},\"query-input\":{\"@type\":\"PropertyValueSpecification\",\"valueRequired\":true,\"valueName\":\"search_term_string\"}}],\"inLanguage\":\"et\"},{\"@type\":\"Organization\",\"@id\":\"https:\\\/\\\/nordlinepaadid.ee\\\/et\\\/#organization\",\"name\":\"Nordlineboats\",\"url\":\"https:\\\/\\\/nordlinepaadid.ee\\\/et\\\/\",\"logo\":{\"@type\":\"ImageObject\",\"inLanguage\":\"et\",\"@id\":\"https:\\\/\\\/nordlinepaadid.ee\\\/et\\\/#\\\/schema\\\/logo\\\/image\\\/\",\"url\":\"https:\\\/\\\/nordlinepaadid.ee\\\/wp-content\\\/uploads\\\/2023\\\/01\\\/fulllogo_transparent_nobuffer-e1672750475494.png\",\"contentUrl\":\"https:\\\/\\\/nordlinepaadid.ee\\\/wp-content\\\/uploads\\\/2023\\\/01\\\/fulllogo_transparent_nobuffer-e1672750475494.png\",\"width\":150,\"height\":119,\"caption\":\"Nordlineboats\"},\"image\":{\"@id\":\"https:\\\/\\\/nordlinepaadid.ee\\\/et\\\/#\\\/schema\\\/logo\\\/image\\\/\"},\"sameAs\":[\"https:\\\/\\\/www.facebook.com\\\/nordlineboats\",\"https:\\\/\\\/www.youtube.com\\\/channel\\\/UCbgF0fy02y3QkFnujaLTaCA\"]}]}<\/script>\n<!-- \/ Yoast SEO plugin. -->","yoast_head_json":{"title":"ANEMOMEETER - SKYWATCH WIND - NORDLINE s\u00f5udepaadid ja mootorpaadid. Klaasfiiber materjalist.","robots":{"index":"index","follow":"follow","max-snippet":"max-snippet:-1","max-image-preview":"max-image-preview:large","max-video-preview":"max-video-preview:-1"},"canonical":"https:\/\/nordlinepaadid.ee\/et\/pood\/navigatsiooni-vahendid\/tuulemootjad-tuulelipud-radaripeeglid\/anemomeeter-skywatch-wind\/","og_locale":"et_EE","og_type":"article","og_title":"ANEMOMEETER - SKYWATCH WIND - NORDLINE s\u00f5udepaadid ja mootorpaadid. Klaasfiiber materjalist.","og_description":"Skywatch Wind\u00ae on k\u00e4eshoitav anemomeeter, mis on spetsiaalselt loodud v\u00e4lispordi harrastajatele. Sellel on kvaliteetsed \u0160veitsi andurid tuule kiiruse ja temperatuuri t\u00e4pseks ja usaldusv\u00e4\u00e4rseks m\u00f5\u00f5tmiseks. Samuti on ujuv ja kaasas on kaelapael, mist\u00f5ttu sobib see suurep\u00e4raselt igasuguste veespordialade jaoks. T\u00f6\u00f6tab liitiumakuga, kaal 30 g. M\u00f5\u00f5dud: 41 x 109 x 17 mm, t\u00e4psus: \u00b10,3\u00baC. Omadused: hetkeline tuule...","og_url":"https:\/\/nordlinepaadid.ee\/et\/pood\/navigatsiooni-vahendid\/tuulemootjad-tuulelipud-radaripeeglid\/anemomeeter-skywatch-wind\/","og_site_name":"NORDLINE s\u00f5udepaadid ja mootorpaadid. Klaasfiiber materjalist.","article_publisher":"https:\/\/www.facebook.com\/nordlineboats","og_image":[{"width":200,"height":200,"url":"https:\/\/nordlinepaadid.ee\/wp-content\/uploads\/2024\/05\/10437_OS-JDC-WIND-1.jpg","type":"image\/png"}],"twitter_card":"summary_large_image","schema":{"@context":"https:\/\/schema.org","@graph":[{"@type":"WebPage","@id":"https:\/\/nordlinepaadid.ee\/et\/pood\/navigatsiooni-vahendid\/tuulemootjad-tuulelipud-radaripeeglid\/anemomeeter-skywatch-wind\/","url":"https:\/\/nordlinepaadid.ee\/et\/pood\/navigatsiooni-vahendid\/tuulemootjad-tuulelipud-radaripeeglid\/anemomeeter-skywatch-wind\/","name":"ANEMOMEETER - SKYWATCH WIND - NORDLINE s\u00f5udepaadid ja mootorpaadid. Klaasfiiber materjalist.","isPartOf":{"@id":"https:\/\/nordlinepaadid.ee\/et\/#website"},"primaryImageOfPage":{"@id":"https:\/\/nordlinepaadid.ee\/et\/pood\/navigatsiooni-vahendid\/tuulemootjad-tuulelipud-radaripeeglid\/anemomeeter-skywatch-wind\/#primaryimage"},"image":{"@id":"https:\/\/nordlinepaadid.ee\/et\/pood\/navigatsiooni-vahendid\/tuulemootjad-tuulelipud-radaripeeglid\/anemomeeter-skywatch-wind\/#primaryimage"},"thumbnailUrl":"https:\/\/nordlinepaadid.ee\/wp-content\/uploads\/2024\/05\/10437_OS-JDC-WIND-1.jpg","datePublished":"2026-04-07T00:23:29+00:00","breadcrumb":{"@id":"https:\/\/nordlinepaadid.ee\/et\/pood\/navigatsiooni-vahendid\/tuulemootjad-tuulelipud-radaripeeglid\/anemomeeter-skywatch-wind\/#breadcrumb"},"inLanguage":"et","potentialAction":[{"@type":"ReadAction","target":["https:\/\/nordlinepaadid.ee\/et\/pood\/navigatsiooni-vahendid\/tuulemootjad-tuulelipud-radaripeeglid\/anemomeeter-skywatch-wind\/"]}]},{"@type":"ImageObject","inLanguage":"et","@id":"https:\/\/nordlinepaadid.ee\/et\/pood\/navigatsiooni-vahendid\/tuulemootjad-tuulelipud-radaripeeglid\/anemomeeter-skywatch-wind\/#primaryimage","url":"https:\/\/nordlinepaadid.ee\/wp-content\/uploads\/2024\/05\/10437_OS-JDC-WIND-1.jpg","contentUrl":"https:\/\/nordlinepaadid.ee\/wp-content\/uploads\/2024\/05\/10437_OS-JDC-WIND-1.jpg","width":200,"height":200},{"@type":"BreadcrumbList","@id":"https:\/\/nordlinepaadid.ee\/et\/pood\/navigatsiooni-vahendid\/tuulemootjad-tuulelipud-radaripeeglid\/anemomeeter-skywatch-wind\/#breadcrumb","itemListElement":[{"@type":"ListItem","position":1,"name":"Home","item":"https:\/\/nordlinepaadid.ee\/et\/"},{"@type":"ListItem","position":2,"name":"Pood","item":"https:\/\/nordlinepaadid.ee\/et\/pood\/"},{"@type":"ListItem","position":3,"name":"ANEMOMEETER &#8211; SKYWATCH WIND"}]},{"@type":"WebSite","@id":"https:\/\/nordlinepaadid.ee\/et\/#website","url":"https:\/\/nordlinepaadid.ee\/et\/","name":"NORDLINE s\u00f5udepaadid ja mootorpaadid. Klaasfiiber materjalist.","description":"","publisher":{"@id":"https:\/\/nordlinepaadid.ee\/et\/#organization"},"potentialAction":[{"@type":"SearchAction","target":{"@type":"EntryPoint","urlTemplate":"https:\/\/nordlinepaadid.ee\/et\/?s={search_term_string}"},"query-input":{"@type":"PropertyValueSpecification","valueRequired":true,"valueName":"search_term_string"}}],"inLanguage":"et"},{"@type":"Organization","@id":"https:\/\/nordlinepaadid.ee\/et\/#organization","name":"Nordlineboats","url":"https:\/\/nordlinepaadid.ee\/et\/","logo":{"@type":"ImageObject","inLanguage":"et","@id":"https:\/\/nordlinepaadid.ee\/et\/#\/schema\/logo\/image\/","url":"https:\/\/nordlinepaadid.ee\/wp-content\/uploads\/2023\/01\/fulllogo_transparent_nobuffer-e1672750475494.png","contentUrl":"https:\/\/nordlinepaadid.ee\/wp-content\/uploads\/2023\/01\/fulllogo_transparent_nobuffer-e1672750475494.png","width":150,"height":119,"caption":"Nordlineboats"},"image":{"@id":"https:\/\/nordlinepaadid.ee\/et\/#\/schema\/logo\/image\/"},"sameAs":["https:\/\/www.facebook.com\/nordlineboats","https:\/\/www.youtube.com\/channel\/UCbgF0fy02y3QkFnujaLTaCA"]}]}},"taxonomy_info":{"product_cat":[{"value":247,"label":"NAVIGATSIOONIVAHENDID"},{"value":320,"label":"Tuulem\u00f5\u00f5tjad, Tuulelipud, Radaripeeglid"}],"pa_unit":[{"value":416,"label":"pcs"}]},"featured_image_src_large":["https:\/\/nordlinepaadid.ee\/wp-content\/uploads\/2024\/05\/10437_OS-JDC-WIND-1.jpg",200,200,false],"author_info":[],"comment_info":"","_links":{"self":[{"href":"https:\/\/nordlinepaadid.ee\/et\/wp-json\/wp\/v2\/product\/46330","targetHints":{"allow":["GET"]}}],"collection":[{"href":"https:\/\/nordlinepaadid.ee\/et\/wp-json\/wp\/v2\/product"}],"about":[{"href":"https:\/\/nordlinepaadid.ee\/et\/wp-json\/wp\/v2\/types\/product"}],"wp:featuredmedia":[{"embeddable":true,"href":"https:\/\/nordlinepaadid.ee\/et\/wp-json\/wp\/v2\/media\/42879"}],"wp:attachment":[{"href":"https:\/\/nordlinepaadid.ee\/et\/wp-json\/wp\/v2\/media?parent=46330"}],"wp:term":[{"taxonomy":"product_brand","embeddable":true,"href":"https:\/\/nordlinepaadid.ee\/et\/wp-json\/wp\/v2\/product_brand?post=46330"},{"taxonomy":"product_cat","embeddable":true,"href":"https:\/\/nordlinepaadid.ee\/et\/wp-json\/wp\/v2\/product_cat?post=46330"},{"taxonomy":"product_tag","embeddable":true,"href":"https:\/\/nordlinepaadid.ee\/et\/wp-json\/wp\/v2\/product_tag?post=46330"}],"curies":[{"name":"wp","href":"https:\/\/api.w.org\/{rel}","templated":true}]}}