{"id":46333,"date":"2026-04-14T03:22:29","date_gmt":"2026-04-14T00:22:29","guid":{"rendered":"https:\/\/nordlinepaadid.ee\/toode\/maaratlemata\/tuuleindikaator-windex-xl\/"},"modified":"2026-04-14T03:22:29","modified_gmt":"2026-04-14T00:22:29","slug":"tuuleindikaator-windex-xl","status":"publish","type":"product","link":"https:\/\/nordlinepaadid.ee\/et\/pood\/navigatsiooni-vahendid\/tuulemootjad-tuulelipud-radaripeeglid\/tuuleindikaator-windex-xl\/","title":{"rendered":"TUULEINDIKAATOR &#8211; WINDEX XL"},"content":{"rendered":"<p>Windex XL on valmistatud masti otsa paigaldamiseks \u00fcle 21 m mastide jaoks. Windexil on kerge, tasakaalustatud laba suure uimeala ja madala h\u00f5\u00f5rdumisega safiirist juveelvedrustusega. Windexi labadel ja kleepsudel on laba all peegeldavad markerid, mis muudavad need \u00f6\u00f6sel h\u00e4sti n\u00e4htavaks. Laba pikkus: 584 mm.<\/p>\n<p>&#13;<\/p>\n","protected":false},"excerpt":{"rendered":"<p>Windex XL on valmistatud masti otsa paigaldamiseks \u00fcle 21 m mastide jaoks. Windexil on kerge, tasakaalustatud laba suure uimeala ja madala h\u00f5\u00f5rdumisega safiirist juveelvedrustusega. Windexi labadel ja kleepsudel on laba all peegeldavad markerid, mis muudavad need \u00f6\u00f6sel h\u00e4sti n\u00e4htavaks. Laba pikkus: 584 mm. &#13;<\/p>\n","protected":false},"featured_media":40502,"template":"","meta":{"_kad_blocks_custom_css":"","_kad_blocks_head_custom_js":"","_kad_blocks_body_custom_js":"","_kad_blocks_footer_custom_js":"","_kad_post_transparent":"","_kad_post_title":"","_kad_post_layout":"","_kad_post_sidebar_id":"","_kad_post_content_style":"","_kad_post_vertical_padding":"","_kad_post_feature":"","_kad_post_feature_position":"","_kad_post_header":false,"_kad_post_footer":false,"_kad_post_classname":""},"product_brand":[],"product_cat":[247,320],"product_tag":[],"class_list":{"0":"post-46333","1":"product","2":"type-product","3":"status-publish","4":"has-post-thumbnail","6":"product_cat-navigatsiooni-vahendid","7":"product_cat-tuulemootjad-tuulelipud-radaripeeglid","8":"pa_unit-pcs","9":"tm-no-options","11":"first","12":"onbackorder","13":"taxable","14":"shipping-taxable","15":"purchasable","16":"product-type-simple","17":"entry","18":"content-bg","19":"loop-entry"},"yoast_head":"<!-- This site is optimized with the Yoast SEO plugin v27.3 - https:\/\/yoast.com\/product\/yoast-seo-wordpress\/ -->\n<title>TUULEINDIKAATOR - WINDEX XL - NORDLINE s\u00f5udepaadid ja mootorpaadid. Klaasfiiber materjalist.<\/title>\n<meta name=\"robots\" content=\"index, follow, max-snippet:-1, max-image-preview:large, max-video-preview:-1\" \/>\n<link rel=\"canonical\" href=\"https:\/\/nordlinepaadid.ee\/et\/pood\/navigatsiooni-vahendid\/tuulemootjad-tuulelipud-radaripeeglid\/tuuleindikaator-windex-xl\/\" \/>\n<meta property=\"og:locale\" content=\"et_EE\" \/>\n<meta property=\"og:type\" content=\"article\" \/>\n<meta property=\"og:title\" content=\"TUULEINDIKAATOR - WINDEX XL - NORDLINE s\u00f5udepaadid ja mootorpaadid. Klaasfiiber materjalist.\" \/>\n<meta property=\"og:description\" content=\"Windex XL on valmistatud masti otsa paigaldamiseks \u00fcle 21 m mastide jaoks. Windexil on kerge, tasakaalustatud laba suure uimeala ja madala h\u00f5\u00f5rdumisega safiirist juveelvedrustusega. Windexi labadel ja kleepsudel on laba all peegeldavad markerid, mis muudavad need \u00f6\u00f6sel h\u00e4sti n\u00e4htavaks. Laba pikkus: 584 mm. &#013;\" \/>\n<meta property=\"og:url\" content=\"https:\/\/nordlinepaadid.ee\/et\/pood\/navigatsiooni-vahendid\/tuulemootjad-tuulelipud-radaripeeglid\/tuuleindikaator-windex-xl\/\" \/>\n<meta property=\"og:site_name\" content=\"NORDLINE s\u00f5udepaadid ja mootorpaadid. Klaasfiiber materjalist.\" \/>\n<meta property=\"article:publisher\" content=\"https:\/\/www.facebook.com\/nordlineboats\" \/>\n<meta property=\"og:image\" content=\"https:\/\/nordlinepaadid.ee\/wp-content\/uploads\/2023\/11\/9530_LMWD30-1.jpg\" \/>\n\t<meta property=\"og:image:width\" content=\"450\" \/>\n\t<meta property=\"og:image:height\" content=\"450\" \/>\n\t<meta property=\"og:image:type\" content=\"image\/jpeg\" \/>\n<meta name=\"twitter:card\" content=\"summary_large_image\" \/>\n<script type=\"application\/ld+json\" class=\"yoast-schema-graph\">{\"@context\":\"https:\\\/\\\/schema.org\",\"@graph\":[{\"@type\":\"WebPage\",\"@id\":\"https:\\\/\\\/nordlinepaadid.ee\\\/et\\\/pood\\\/navigatsiooni-vahendid\\\/tuulemootjad-tuulelipud-radaripeeglid\\\/tuuleindikaator-windex-xl\\\/\",\"url\":\"https:\\\/\\\/nordlinepaadid.ee\\\/et\\\/pood\\\/navigatsiooni-vahendid\\\/tuulemootjad-tuulelipud-radaripeeglid\\\/tuuleindikaator-windex-xl\\\/\",\"name\":\"TUULEINDIKAATOR - WINDEX XL - NORDLINE s\u00f5udepaadid ja mootorpaadid. Klaasfiiber materjalist.\",\"isPartOf\":{\"@id\":\"https:\\\/\\\/nordlinepaadid.ee\\\/et\\\/#website\"},\"primaryImageOfPage\":{\"@id\":\"https:\\\/\\\/nordlinepaadid.ee\\\/et\\\/pood\\\/navigatsiooni-vahendid\\\/tuulemootjad-tuulelipud-radaripeeglid\\\/tuuleindikaator-windex-xl\\\/#primaryimage\"},\"image\":{\"@id\":\"https:\\\/\\\/nordlinepaadid.ee\\\/et\\\/pood\\\/navigatsiooni-vahendid\\\/tuulemootjad-tuulelipud-radaripeeglid\\\/tuuleindikaator-windex-xl\\\/#primaryimage\"},\"thumbnailUrl\":\"https:\\\/\\\/nordlinepaadid.ee\\\/wp-content\\\/uploads\\\/2023\\\/11\\\/9530_LMWD30-1.jpg\",\"datePublished\":\"2026-04-14T00:22:29+00:00\",\"breadcrumb\":{\"@id\":\"https:\\\/\\\/nordlinepaadid.ee\\\/et\\\/pood\\\/navigatsiooni-vahendid\\\/tuulemootjad-tuulelipud-radaripeeglid\\\/tuuleindikaator-windex-xl\\\/#breadcrumb\"},\"inLanguage\":\"et\",\"potentialAction\":[{\"@type\":\"ReadAction\",\"target\":[\"https:\\\/\\\/nordlinepaadid.ee\\\/et\\\/pood\\\/navigatsiooni-vahendid\\\/tuulemootjad-tuulelipud-radaripeeglid\\\/tuuleindikaator-windex-xl\\\/\"]}]},{\"@type\":\"ImageObject\",\"inLanguage\":\"et\",\"@id\":\"https:\\\/\\\/nordlinepaadid.ee\\\/et\\\/pood\\\/navigatsiooni-vahendid\\\/tuulemootjad-tuulelipud-radaripeeglid\\\/tuuleindikaator-windex-xl\\\/#primaryimage\",\"url\":\"https:\\\/\\\/nordlinepaadid.ee\\\/wp-content\\\/uploads\\\/2023\\\/11\\\/9530_LMWD30-1.jpg\",\"contentUrl\":\"https:\\\/\\\/nordlinepaadid.ee\\\/wp-content\\\/uploads\\\/2023\\\/11\\\/9530_LMWD30-1.jpg\",\"width\":450,\"height\":450},{\"@type\":\"BreadcrumbList\",\"@id\":\"https:\\\/\\\/nordlinepaadid.ee\\\/et\\\/pood\\\/navigatsiooni-vahendid\\\/tuulemootjad-tuulelipud-radaripeeglid\\\/tuuleindikaator-windex-xl\\\/#breadcrumb\",\"itemListElement\":[{\"@type\":\"ListItem\",\"position\":1,\"name\":\"Home\",\"item\":\"https:\\\/\\\/nordlinepaadid.ee\\\/et\\\/\"},{\"@type\":\"ListItem\",\"position\":2,\"name\":\"Pood\",\"item\":\"https:\\\/\\\/nordlinepaadid.ee\\\/et\\\/pood\\\/\"},{\"@type\":\"ListItem\",\"position\":3,\"name\":\"TUULEINDIKAATOR &#8211; WINDEX XL\"}]},{\"@type\":\"WebSite\",\"@id\":\"https:\\\/\\\/nordlinepaadid.ee\\\/et\\\/#website\",\"url\":\"https:\\\/\\\/nordlinepaadid.ee\\\/et\\\/\",\"name\":\"NORDLINE s\u00f5udepaadid ja mootorpaadid. Klaasfiiber materjalist.\",\"description\":\"\",\"publisher\":{\"@id\":\"https:\\\/\\\/nordlinepaadid.ee\\\/et\\\/#organization\"},\"potentialAction\":[{\"@type\":\"SearchAction\",\"target\":{\"@type\":\"EntryPoint\",\"urlTemplate\":\"https:\\\/\\\/nordlinepaadid.ee\\\/et\\\/?s={search_term_string}\"},\"query-input\":{\"@type\":\"PropertyValueSpecification\",\"valueRequired\":true,\"valueName\":\"search_term_string\"}}],\"inLanguage\":\"et\"},{\"@type\":\"Organization\",\"@id\":\"https:\\\/\\\/nordlinepaadid.ee\\\/et\\\/#organization\",\"name\":\"Nordlineboats\",\"url\":\"https:\\\/\\\/nordlinepaadid.ee\\\/et\\\/\",\"logo\":{\"@type\":\"ImageObject\",\"inLanguage\":\"et\",\"@id\":\"https:\\\/\\\/nordlinepaadid.ee\\\/et\\\/#\\\/schema\\\/logo\\\/image\\\/\",\"url\":\"https:\\\/\\\/nordlinepaadid.ee\\\/wp-content\\\/uploads\\\/2023\\\/01\\\/fulllogo_transparent_nobuffer-e1672750475494.png\",\"contentUrl\":\"https:\\\/\\\/nordlinepaadid.ee\\\/wp-content\\\/uploads\\\/2023\\\/01\\\/fulllogo_transparent_nobuffer-e1672750475494.png\",\"width\":150,\"height\":119,\"caption\":\"Nordlineboats\"},\"image\":{\"@id\":\"https:\\\/\\\/nordlinepaadid.ee\\\/et\\\/#\\\/schema\\\/logo\\\/image\\\/\"},\"sameAs\":[\"https:\\\/\\\/www.facebook.com\\\/nordlineboats\",\"https:\\\/\\\/www.youtube.com\\\/channel\\\/UCbgF0fy02y3QkFnujaLTaCA\"]}]}<\/script>\n<!-- \/ Yoast SEO plugin. -->","yoast_head_json":{"title":"TUULEINDIKAATOR - WINDEX XL - NORDLINE s\u00f5udepaadid ja mootorpaadid. Klaasfiiber materjalist.","robots":{"index":"index","follow":"follow","max-snippet":"max-snippet:-1","max-image-preview":"max-image-preview:large","max-video-preview":"max-video-preview:-1"},"canonical":"https:\/\/nordlinepaadid.ee\/et\/pood\/navigatsiooni-vahendid\/tuulemootjad-tuulelipud-radaripeeglid\/tuuleindikaator-windex-xl\/","og_locale":"et_EE","og_type":"article","og_title":"TUULEINDIKAATOR - WINDEX XL - NORDLINE s\u00f5udepaadid ja mootorpaadid. Klaasfiiber materjalist.","og_description":"Windex XL on valmistatud masti otsa paigaldamiseks \u00fcle 21 m mastide jaoks. Windexil on kerge, tasakaalustatud laba suure uimeala ja madala h\u00f5\u00f5rdumisega safiirist juveelvedrustusega. Windexi labadel ja kleepsudel on laba all peegeldavad markerid, mis muudavad need \u00f6\u00f6sel h\u00e4sti n\u00e4htavaks. Laba pikkus: 584 mm. &#13;","og_url":"https:\/\/nordlinepaadid.ee\/et\/pood\/navigatsiooni-vahendid\/tuulemootjad-tuulelipud-radaripeeglid\/tuuleindikaator-windex-xl\/","og_site_name":"NORDLINE s\u00f5udepaadid ja mootorpaadid. Klaasfiiber materjalist.","article_publisher":"https:\/\/www.facebook.com\/nordlineboats","og_image":[{"width":450,"height":450,"url":"https:\/\/nordlinepaadid.ee\/wp-content\/uploads\/2023\/11\/9530_LMWD30-1.jpg","type":"image\/jpeg"}],"twitter_card":"summary_large_image","schema":{"@context":"https:\/\/schema.org","@graph":[{"@type":"WebPage","@id":"https:\/\/nordlinepaadid.ee\/et\/pood\/navigatsiooni-vahendid\/tuulemootjad-tuulelipud-radaripeeglid\/tuuleindikaator-windex-xl\/","url":"https:\/\/nordlinepaadid.ee\/et\/pood\/navigatsiooni-vahendid\/tuulemootjad-tuulelipud-radaripeeglid\/tuuleindikaator-windex-xl\/","name":"TUULEINDIKAATOR - WINDEX XL - NORDLINE s\u00f5udepaadid ja mootorpaadid. Klaasfiiber materjalist.","isPartOf":{"@id":"https:\/\/nordlinepaadid.ee\/et\/#website"},"primaryImageOfPage":{"@id":"https:\/\/nordlinepaadid.ee\/et\/pood\/navigatsiooni-vahendid\/tuulemootjad-tuulelipud-radaripeeglid\/tuuleindikaator-windex-xl\/#primaryimage"},"image":{"@id":"https:\/\/nordlinepaadid.ee\/et\/pood\/navigatsiooni-vahendid\/tuulemootjad-tuulelipud-radaripeeglid\/tuuleindikaator-windex-xl\/#primaryimage"},"thumbnailUrl":"https:\/\/nordlinepaadid.ee\/wp-content\/uploads\/2023\/11\/9530_LMWD30-1.jpg","datePublished":"2026-04-14T00:22:29+00:00","breadcrumb":{"@id":"https:\/\/nordlinepaadid.ee\/et\/pood\/navigatsiooni-vahendid\/tuulemootjad-tuulelipud-radaripeeglid\/tuuleindikaator-windex-xl\/#breadcrumb"},"inLanguage":"et","potentialAction":[{"@type":"ReadAction","target":["https:\/\/nordlinepaadid.ee\/et\/pood\/navigatsiooni-vahendid\/tuulemootjad-tuulelipud-radaripeeglid\/tuuleindikaator-windex-xl\/"]}]},{"@type":"ImageObject","inLanguage":"et","@id":"https:\/\/nordlinepaadid.ee\/et\/pood\/navigatsiooni-vahendid\/tuulemootjad-tuulelipud-radaripeeglid\/tuuleindikaator-windex-xl\/#primaryimage","url":"https:\/\/nordlinepaadid.ee\/wp-content\/uploads\/2023\/11\/9530_LMWD30-1.jpg","contentUrl":"https:\/\/nordlinepaadid.ee\/wp-content\/uploads\/2023\/11\/9530_LMWD30-1.jpg","width":450,"height":450},{"@type":"BreadcrumbList","@id":"https:\/\/nordlinepaadid.ee\/et\/pood\/navigatsiooni-vahendid\/tuulemootjad-tuulelipud-radaripeeglid\/tuuleindikaator-windex-xl\/#breadcrumb","itemListElement":[{"@type":"ListItem","position":1,"name":"Home","item":"https:\/\/nordlinepaadid.ee\/et\/"},{"@type":"ListItem","position":2,"name":"Pood","item":"https:\/\/nordlinepaadid.ee\/et\/pood\/"},{"@type":"ListItem","position":3,"name":"TUULEINDIKAATOR &#8211; WINDEX XL"}]},{"@type":"WebSite","@id":"https:\/\/nordlinepaadid.ee\/et\/#website","url":"https:\/\/nordlinepaadid.ee\/et\/","name":"NORDLINE s\u00f5udepaadid ja mootorpaadid. Klaasfiiber materjalist.","description":"","publisher":{"@id":"https:\/\/nordlinepaadid.ee\/et\/#organization"},"potentialAction":[{"@type":"SearchAction","target":{"@type":"EntryPoint","urlTemplate":"https:\/\/nordlinepaadid.ee\/et\/?s={search_term_string}"},"query-input":{"@type":"PropertyValueSpecification","valueRequired":true,"valueName":"search_term_string"}}],"inLanguage":"et"},{"@type":"Organization","@id":"https:\/\/nordlinepaadid.ee\/et\/#organization","name":"Nordlineboats","url":"https:\/\/nordlinepaadid.ee\/et\/","logo":{"@type":"ImageObject","inLanguage":"et","@id":"https:\/\/nordlinepaadid.ee\/et\/#\/schema\/logo\/image\/","url":"https:\/\/nordlinepaadid.ee\/wp-content\/uploads\/2023\/01\/fulllogo_transparent_nobuffer-e1672750475494.png","contentUrl":"https:\/\/nordlinepaadid.ee\/wp-content\/uploads\/2023\/01\/fulllogo_transparent_nobuffer-e1672750475494.png","width":150,"height":119,"caption":"Nordlineboats"},"image":{"@id":"https:\/\/nordlinepaadid.ee\/et\/#\/schema\/logo\/image\/"},"sameAs":["https:\/\/www.facebook.com\/nordlineboats","https:\/\/www.youtube.com\/channel\/UCbgF0fy02y3QkFnujaLTaCA"]}]}},"taxonomy_info":{"product_cat":[{"value":247,"label":"NAVIGATSIOONIVAHENDID"},{"value":320,"label":"Tuulem\u00f5\u00f5tjad, Tuulelipud, Radaripeeglid"}],"pa_unit":[{"value":416,"label":"pcs"}]},"featured_image_src_large":["https:\/\/nordlinepaadid.ee\/wp-content\/uploads\/2023\/11\/9530_LMWD30-1.jpg",450,450,false],"author_info":[],"comment_info":"","_links":{"self":[{"href":"https:\/\/nordlinepaadid.ee\/et\/wp-json\/wp\/v2\/product\/46333","targetHints":{"allow":["GET"]}}],"collection":[{"href":"https:\/\/nordlinepaadid.ee\/et\/wp-json\/wp\/v2\/product"}],"about":[{"href":"https:\/\/nordlinepaadid.ee\/et\/wp-json\/wp\/v2\/types\/product"}],"wp:featuredmedia":[{"embeddable":true,"href":"https:\/\/nordlinepaadid.ee\/et\/wp-json\/wp\/v2\/media\/40502"}],"wp:attachment":[{"href":"https:\/\/nordlinepaadid.ee\/et\/wp-json\/wp\/v2\/media?parent=46333"}],"wp:term":[{"taxonomy":"product_brand","embeddable":true,"href":"https:\/\/nordlinepaadid.ee\/et\/wp-json\/wp\/v2\/product_brand?post=46333"},{"taxonomy":"product_cat","embeddable":true,"href":"https:\/\/nordlinepaadid.ee\/et\/wp-json\/wp\/v2\/product_cat?post=46333"},{"taxonomy":"product_tag","embeddable":true,"href":"https:\/\/nordlinepaadid.ee\/et\/wp-json\/wp\/v2\/product_tag?post=46333"}],"curies":[{"name":"wp","href":"https:\/\/api.w.org\/{rel}","templated":true}]}}